{"id":32,"date":"2015-02-24T14:47:22","date_gmt":"2015-02-24T14:47:22","guid":{"rendered":"https:\/\/www.physipro.com\/?page_id=32"},"modified":"2017-05-03T14:10:20","modified_gmt":"2017-05-03T14:10:20","slug":"inicio","status":"publish","type":"page","link":"https:\/\/www.physipro.com\/es\/","title":{"rendered":"Inicio"},"content":{"rendered":"<div class=\"wpb-content-wrapper\"><p>[vc_row full_width=&#8221;stretch_row_content_no_spaces&#8221;][vc_column width=&#8221;1\/1&#8243;][vc_column_text]\t<div class=\"physipro-nav\">\r\n\t<ul id=\"menu-accueil-spanish\" class=\"menu\"><li id=\"nav-menu-item-8556\" class=\"main-menu-item  menu-item-even menu-item-depth-0 physipro-icon-consumer menu-item menu-item-type-post_type menu-item-object-page\"><a href=\"https:\/\/www.physipro.com\/es\/usuario-particular\/\" class=\"menu-link main-menu-link\"><span class=\"physipro-icon\"><\/span><em>Usuario Particular<\/em><\/a><\/li>\n<li id=\"nav-menu-item-8560\" class=\"main-menu-item  menu-item-even menu-item-depth-0 physipro-icon-clinician menu-item menu-item-type-post_type menu-item-object-page\"><a href=\"https:\/\/www.physipro.com\/es\/profesional\/\" class=\"menu-link main-menu-link\"><span class=\"physipro-icon\"><\/span><em>Profesional de la salud<\/em><\/a><\/li>\n<li id=\"nav-menu-item-8564\" class=\"main-menu-item  menu-item-even menu-item-depth-0 physipro-icon-dealer menu-item menu-item-type-post_type menu-item-object-page\"><a href=\"https:\/\/www.physipro.com\/es\/distribuidor\/\" class=\"menu-link main-menu-link\"><span class=\"physipro-icon\"><\/span><em>Distribuidor<\/em><\/a><\/li>\n<\/ul>\t<\/div>\r\n\r\n\t[\/vc_column_text][\/vc_column][\/vc_row][vc_row css=&#8221;.vc_custom_1426016578021{background: #e7e8e9 url(https:\/\/www.physipro.com\/wp-content\/uploads\/2015\/02\/radial-gradient.jpg?id=1369) !important;background-position: 0 0 !important;background-repeat: no-repeat !important;}&#8221; full_width=&#8221;stretch_row&#8221; el_class=&#8221;section-full&#8221;][vc_column width=&#8221;1\/2&#8243;][vc_single_image image=&#8221;10448&#8243; border_color=&#8221;grey&#8221; img_link_large=&#8221;&#8221; img_link_target=&#8221;_self&#8221; img_size=&#8221;full&#8221;][\/vc_column][vc_column width=&#8221;1\/2&#8243; animation=&#8221;none&#8221;][vc_column_text el_class=&#8221;text-intro&#8221;]<\/p>\n<h2>Qui\u00e9n es physipro<\/h2>\n<p>El equipo de Physipro se especializa en la concepci\u00f3n, fabricaci\u00f3n y distribuci\u00f3n de ayudas t\u00e9cnicas para postura y mobilidad. Physipro ha sabido responder a las necesidades de sus clientes en el transcurso de los a\u00f1os ofreciendo una gama de productos de gran adaptaci\u00f3n personalizada y a la vanguardia de la tecnolog\u00eda. Todos los productos de Physipro son fabricados en la planta de Canad\u00e1 desde su concepci\u00f3n hasta el producto final.[\/vc_column_text]<a href=\"http:\/\/physipro.com\/es\/quien-es-physipro\/\" title=\"Qui\u00e9n es Physipro\" class=\"btn btn-primary btn-lg\"> <span>Leer m\u00e1s<\/span><\/a>[\/vc_column][\/vc_row][vc_row][vc_column width=&#8221;1\/1&#8243;][vc_column_text]<\/p>\n<h2>El nuevo Physipro<\/h2>\n<p>[\/vc_column_text][vc_basic_grid post_type=&#8221;post&#8221; max_items=&#8221;3&#8243; style=&#8221;all&#8221; items_per_page=&#8221;10&#8243; show_filter=&#8221;&#8221; element_width=&#8221;4&#8243; gap=&#8221;30&#8243; orderby=&#8221;date&#8221; order=&#8221;DESC&#8221; filter_source=&#8221;product_cat&#8221; filter_style=&#8221;default&#8221; filter_align=&#8221;center&#8221; filter_color=&#8221;grey&#8221; filter_size=&#8221;md&#8221; button_style=&#8221;rounded&#8221; button_color=&#8221;blue&#8221; button_size=&#8221;md&#8221; arrows_design=&#8221;none&#8221; arrows_position=&#8221;inside&#8221; arrows_color=&#8221;blue&#8221; paging_design=&#8221;radio_dots&#8221; paging_color=&#8221;grey&#8221; loop=&#8221;&#8221; autoplay=&#8221;-1&#8243; item=&#8221;1489&#8243;][\/vc_column][\/vc_row][vc_row full_width=&#8221;stretch_row_content&#8221; el_class=&#8221;row-middle section-last&#8221; css=&#8221;.vc_custom_1426099184097{background-color: #e7e8e9 !important;}&#8221;][vc_column width=&#8221;1\/2&#8243; el_class=&#8221;physipro-testimonials&#8221; animation=&#8221;none&#8221;][vc_column_text]<\/p>\n<h2>Testimonios<\/h2>\n<p>[\/vc_column_text][vc_column_text el_class=&#8221;physipro-blockquote&#8221;]<\/p>\n<blockquote><p>\u00ab \u00a1Me gustar\u00eda agradecer a todo el Equipo por vuestro trabajo excepcional. Gracias! \u00bb<br \/>\n<em>\u2014\u00a0Josh Dueck <\/em><\/p><\/blockquote>\n<p>[\/vc_column_text][vc_column_text el_class=&#8221;physipro-blockquote&#8221;]<\/p>\n<blockquote><p>\u00ab Le preguntamos a su mam\u00e1 si con el coj\u00edn notaba la diferencia y nos respondi\u00f3 con un s\u00ed triunfante. Asimismo, afirm\u00f3 que, incluso en la escuela, hab\u00edan notado un cambio en la postura con este coj\u00edn. Ella ya no quer\u00eda devolv\u00e9rmelo\u2026 \u00bb<br \/>\n<em>\u2014\u00a0Krista Porter, Terapeuta Ocupacional, Cl\u00ednica de posicionamiento, Centro de readaptaci\u00f3n Stan Cassidy<br \/>\n<\/em><\/p><\/blockquote>\n<p>[\/vc_column_text][\/vc_column][vc_column width=&#8221;1\/2&#8243; css=&#8221;.vc_custom_1426019454388{background-image: url(https:\/\/www.physipro.com\/wp-content\/uploads\/2015\/02\/services.jpg?id=1532) !important;background-position: 0 0 !important;background-repeat: no-repeat !important;}&#8221; animation=&#8221;none&#8221; el_class=&#8221;physipro-why&#8221;][vc_column_text]<\/p>\n<h2>Comodidad<br \/>\nDurabilidad<br \/>\nCalidad<\/h2>\n<p>[\/vc_column_text]<a href=\"http:\/\/physipro.com\/es\/productos\/\" title=\"Productos\" class=\"btn btn-primary btn-lg hidden-sm\"> <span>Vea por qu\u00e9 nuestros productos son impresionantes<\/span><\/a><a href=\"http:\/\/physipro.com\/es\/productos\/\" title=\"Productos\" class=\"btn btn-primary btn-lg visible-xs visible-sm\"> <span>Leer m\u00e1s<\/span><\/a>[\/vc_column][\/vc_row]<\/p>\n<\/div>","protected":false},"excerpt":{"rendered":"<p>[vc_row full_width=&#8221;stretch_row_content_no_spaces&#8221;][vc_column width=&#8221;1\/1&#8243;][vc_column_text][\/vc_column_text][\/vc_column][\/vc_row][vc_row css=&#8221;.vc_custom_1426016578021{background: #e7e8e9 url(https:\/\/www.physipro.com\/wp-content\/uploads\/2015\/02\/radial-gradient.jpg?id=1369) !important;background-position: 0 0 !important;background-repeat: no-repeat !important;}&#8221; full_width=&#8221;stretch_row&#8221; el_class=&#8221;section-full&#8221;][vc_column width=&#8221;1\/2&#8243;][vc_single_image image=&#8221;10448&#8243; border_color=&#8221;grey&#8221; img_link_large=&#8221;&#8221; img_link_target=&#8221;_self&#8221; img_size=&#8221;full&#8221;][\/vc_column][vc_column width=&#8221;1\/2&#8243; animation=&#8221;none&#8221;][vc_column_text el_class=&#8221;text-intro&#8221;] Qui\u00e9n es physipro El equipo de Physipro se especializa en la concepci\u00f3n, fabricaci\u00f3n y distribuci\u00f3n de ayudas t\u00e9cnicas para postura y mobilidad. Physipro ha sabido responder a&#8230;<\/p>\n <p><a class=\"read-more btn btn-primary btn-lg\" href=\"https:\/\/www.physipro.com\/es\/\">Leer m&aacute;s<\/a><\/p>","protected":false},"author":1,"featured_media":0,"parent":0,"menu_order":0,"comment_status":"open","ping_status":"open","template":"","meta":{"_acf_changed":false,"footnotes":""},"class_list":["post-32","page","type-page","status-publish","hentry"],"acf":[],"yoast_head":"<!-- This site is optimized with the Yoast SEO plugin v22.3 - https:\/\/yoast.com\/wordpress\/plugins\/seo\/ -->\n<title>Physipro - Ayudas t\u00e9cnicas para postura y mobilidad<\/title>\n<meta name=\"description\" content=\"Physipro se especializa en la concepci\u00f3n, fabricaci\u00f3n y distribuci\u00f3n de ayudas t\u00e9cnicas para postura y mobilidad.\" \/>\n<meta name=\"robots\" content=\"index, follow, max-snippet:-1, max-image-preview:large, max-video-preview:-1\" \/>\n<link rel=\"canonical\" href=\"https:\/\/www.physipro.com\/es\/\" \/>\n<meta property=\"og:locale\" content=\"es_ES\" \/>\n<meta property=\"og:type\" content=\"article\" \/>\n<meta property=\"og:title\" content=\"Physipro - Ayudas t\u00e9cnicas para postura y mobilidad\" \/>\n<meta property=\"og:description\" content=\"Physipro se especializa en la concepci\u00f3n, fabricaci\u00f3n y distribuci\u00f3n de ayudas t\u00e9cnicas para postura y mobilidad.\" \/>\n<meta property=\"og:url\" content=\"https:\/\/www.physipro.com\/es\/\" \/>\n<meta property=\"og:site_name\" content=\"Physipro inc.\" \/>\n<meta property=\"article:modified_time\" content=\"2017-05-03T14:10:20+00:00\" \/>\n<meta name=\"twitter:label1\" content=\"Tiempo de lectura\" \/>\n\t<meta name=\"twitter:data1\" content=\"3 minutos\" \/>\n<script type=\"application\/ld+json\" class=\"yoast-schema-graph\">{\"@context\":\"https:\/\/schema.org\",\"@graph\":[{\"@type\":\"WebPage\",\"@id\":\"https:\/\/www.physipro.com\/es\/\",\"url\":\"https:\/\/www.physipro.com\/es\/\",\"name\":\"Physipro - Ayudas t\u00e9cnicas para postura y mobilidad\",\"isPartOf\":{\"@id\":\"https:\/\/www.physipro.com\/#website\"},\"datePublished\":\"2015-02-24T14:47:22+00:00\",\"dateModified\":\"2017-05-03T14:10:20+00:00\",\"description\":\"Physipro se especializa en la concepci\u00f3n, fabricaci\u00f3n y distribuci\u00f3n de ayudas t\u00e9cnicas para postura y mobilidad.\",\"breadcrumb\":{\"@id\":\"https:\/\/www.physipro.com\/es\/#breadcrumb\"},\"inLanguage\":\"es\",\"potentialAction\":[{\"@type\":\"ReadAction\",\"target\":[\"https:\/\/www.physipro.com\/es\/\"]}]},{\"@type\":\"BreadcrumbList\",\"@id\":\"https:\/\/www.physipro.com\/es\/#breadcrumb\",\"itemListElement\":[{\"@type\":\"ListItem\",\"position\":1,\"name\":\"Accueil\",\"item\":\"https:\/\/www.physipro.com\/es\/\"},{\"@type\":\"ListItem\",\"position\":2,\"name\":\"Inicio\"}]},{\"@type\":\"WebSite\",\"@id\":\"https:\/\/www.physipro.com\/#website\",\"url\":\"https:\/\/www.physipro.com\/\",\"name\":\"Physipro inc.\",\"description\":\"Un site utilisant WordPress\",\"potentialAction\":[{\"@type\":\"SearchAction\",\"target\":{\"@type\":\"EntryPoint\",\"urlTemplate\":\"https:\/\/www.physipro.com\/?s={search_term_string}\"},\"query-input\":\"required name=search_term_string\"}],\"inLanguage\":\"es\"}]}<\/script>\n<!-- \/ Yoast SEO plugin. -->","yoast_head_json":{"title":"Physipro - Ayudas t\u00e9cnicas para postura y mobilidad","description":"Physipro se especializa en la concepci\u00f3n, fabricaci\u00f3n y distribuci\u00f3n de ayudas t\u00e9cnicas para postura y mobilidad.","robots":{"index":"index","follow":"follow","max-snippet":"max-snippet:-1","max-image-preview":"max-image-preview:large","max-video-preview":"max-video-preview:-1"},"canonical":"https:\/\/www.physipro.com\/es\/","og_locale":"es_ES","og_type":"article","og_title":"Physipro - Ayudas t\u00e9cnicas para postura y mobilidad","og_description":"Physipro se especializa en la concepci\u00f3n, fabricaci\u00f3n y distribuci\u00f3n de ayudas t\u00e9cnicas para postura y mobilidad.","og_url":"https:\/\/www.physipro.com\/es\/","og_site_name":"Physipro inc.","article_modified_time":"2017-05-03T14:10:20+00:00","twitter_misc":{"Tiempo de lectura":"3 minutos"},"schema":{"@context":"https:\/\/schema.org","@graph":[{"@type":"WebPage","@id":"https:\/\/www.physipro.com\/es\/","url":"https:\/\/www.physipro.com\/es\/","name":"Physipro - Ayudas t\u00e9cnicas para postura y mobilidad","isPartOf":{"@id":"https:\/\/www.physipro.com\/#website"},"datePublished":"2015-02-24T14:47:22+00:00","dateModified":"2017-05-03T14:10:20+00:00","description":"Physipro se especializa en la concepci\u00f3n, fabricaci\u00f3n y distribuci\u00f3n de ayudas t\u00e9cnicas para postura y mobilidad.","breadcrumb":{"@id":"https:\/\/www.physipro.com\/es\/#breadcrumb"},"inLanguage":"es","potentialAction":[{"@type":"ReadAction","target":["https:\/\/www.physipro.com\/es\/"]}]},{"@type":"BreadcrumbList","@id":"https:\/\/www.physipro.com\/es\/#breadcrumb","itemListElement":[{"@type":"ListItem","position":1,"name":"Accueil","item":"https:\/\/www.physipro.com\/es\/"},{"@type":"ListItem","position":2,"name":"Inicio"}]},{"@type":"WebSite","@id":"https:\/\/www.physipro.com\/#website","url":"https:\/\/www.physipro.com\/","name":"Physipro inc.","description":"Un site utilisant WordPress","potentialAction":[{"@type":"SearchAction","target":{"@type":"EntryPoint","urlTemplate":"https:\/\/www.physipro.com\/?s={search_term_string}"},"query-input":"required name=search_term_string"}],"inLanguage":"es"}]}},"_links":{"self":[{"href":"https:\/\/www.physipro.com\/es\/wp-json\/wp\/v2\/pages\/32","targetHints":{"allow":["GET"]}}],"collection":[{"href":"https:\/\/www.physipro.com\/es\/wp-json\/wp\/v2\/pages"}],"about":[{"href":"https:\/\/www.physipro.com\/es\/wp-json\/wp\/v2\/types\/page"}],"author":[{"embeddable":true,"href":"https:\/\/www.physipro.com\/es\/wp-json\/wp\/v2\/users\/1"}],"replies":[{"embeddable":true,"href":"https:\/\/www.physipro.com\/es\/wp-json\/wp\/v2\/comments?post=32"}],"version-history":[{"count":15,"href":"https:\/\/www.physipro.com\/es\/wp-json\/wp\/v2\/pages\/32\/revisions"}],"predecessor-version":[{"id":12230,"href":"https:\/\/www.physipro.com\/es\/wp-json\/wp\/v2\/pages\/32\/revisions\/12230"}],"wp:attachment":[{"href":"https:\/\/www.physipro.com\/es\/wp-json\/wp\/v2\/media?parent=32"}],"curies":[{"name":"wp","href":"https:\/\/api.w.org\/{rel}","templated":true}]}}