{"id":707,"date":"2015-03-04T16:36:17","date_gmt":"2015-03-04T16:36:17","guid":{"rendered":"https:\/\/www.physipro.com\/?page_id=707"},"modified":"2015-04-10T15:15:22","modified_gmt":"2015-04-10T15:15:22","slug":"quien-es-physipro","status":"publish","type":"page","link":"https:\/\/www.physipro.com\/es\/quien-es-physipro\/","title":{"rendered":"Qui\u00e9n es Physipro"},"content":{"rendered":"<div class=\"wpb-content-wrapper\"><p>[vc_row el_class=&#8221;section-last row-middle&#8221;][vc_column width=&#8221;1\/1&#8243; offset=&#8221;vc_col-lg-6&#8243; animation=&#8221;none&#8221; el_class=&#8221;spacing-bottom-md&#8221;][vc_column_text el_class=&#8221;physipro-title&#8221;]<\/p>\n<h2>Palabras del Fundador<\/h2>\n<p>[\/vc_column_text][vc_column_text el_class=&#8221;physipro-blockquote physipro-blockquote-single&#8221;]<\/p>\n<blockquote><p>Siempre nos hemos orientado hacia la adaptaci\u00f3n personalizada de nuestros productos, lo que nos compromete a mantener continuamente un espacio abierto a las necesidades de nuestros clientes. Esta inclinaci\u00f3n es sin duda alguna el alma de Physipro, y representa, por ese mismo hecho, nuestra filosof\u00eda.<\/p><\/blockquote>\n<p><strong>Mario Ouellette, Presidente y Director General<\/strong>[\/vc_column_text][\/vc_column][vc_column width=&#8221;1\/1&#8243; offset=&#8221;vc_col-lg-6&#8243; animation=&#8221;none&#8221;][vc_single_image image=&#8221;8095&#8243; border_color=&#8221;grey&#8221; img_link_large=&#8221;&#8221; img_link_target=&#8221;_self&#8221; el_class=&#8221;physipro-img-full&#8221;][\/vc_column][\/vc_row][vc_row full_width=&#8221;stretch_row&#8221; css=&#8221;.vc_custom_1426879339858{background-color: #eff0f1 !important;}&#8221; el_class=&#8221;section-default section-last&#8221;][vc_column width=&#8221;1\/1&#8243; offset=&#8221;vc_col-lg-5&#8243; animation=&#8221;none&#8221;][vc_column_text]<\/p>\n<h2><strong>Qui\u00e9nes somos <\/strong><\/h2>\n<p>El equipo de Physipro se especializa en la concepci\u00f3n, fabricaci\u00f3n y distribuci\u00f3n de ayudas t\u00e9cnicas para postura y mobilidad. Physipro ha sabido responder a las necesidades de sus clientes en el transcurso de los a\u00f1os ofreciendo una gama de productos de gran adaptaci\u00f3n personalizada y a la vanguardia de la tecnolog\u00eda. Todos los productos de Physipro son fabricados en la planta de Canad\u00e1 desde su concepci\u00f3n hasta el producto final.[\/vc_column_text][vc_column_text]<\/p>\n<h2>Nuestra misi\u00f3n<\/h2>\n<p><img loading=\"lazy\" decoding=\"async\" class=\" size-full wp-image-8124 alignleft\" src=\"https:\/\/www.physipro.com\/wp-content\/uploads\/2015\/02\/icon-garantie_SPAIN.png\" alt=\"qualite-garantie-transp\" width=\"194\" height=\"124\" \/>Nuestra misi\u00f3n es desarrollar ayudas t\u00e9cnicas para postura y mobilidad que brinden el m\u00e1ximo de confort, durabiliad y calidad. El mantenimiento de un alto est\u00e1ndar de calidad as\u00ed como la innovaci\u00f3n ser\u00e1n siempre nuestra prioridad.[\/vc_column_text][\/vc_column][vc_column width=&#8221;1\/12&#8243;][\/vc_column][vc_column width=&#8221;1\/1&#8243; offset=&#8221;vc_col-lg-6&#8243; animation=&#8221;none&#8221;][vc_column_text]<\/p>\n<h2>Nuestra filosof\u00eda<\/h2>\n<p>La filosof\u00eda de Physipro es destacarse de la competencia gracias a sus productos de concepci\u00f3n\u00a0vanguardista y de gran fiabilidad, principalmente, gracias a su capacidad de efectuar adaptaciones personilizadas para cada usuario.[\/vc_column_text][vc_column_text]<\/p>\n<h2>Nuestras cualidades<\/h2>\n<ul>\n<li><strong>Funcionalidad<\/strong>: La funcionalidad de nuestros productos refleja una comprensi\u00f3n profunda de la vida cotidiana de aquellos que se sirven de estos. Al igual que las necesidades, las funcionalidades deben ser tambi\u00e9n m\u00faltiples.<\/li>\n<li><strong>Dise\u00f1o:\u00a0<\/strong>El papel que jugamos es responder a necesidades, resolver problemas, proponer soluciones innovadoras e incluso ingeniar nuevas posibilidades con el fin de mejorar la calidad de vida de los usuarios de sillas de ruedas, y con este prop\u00f3sito, llevamos a cabo proyectos sitos en la encrucijada del dise\u00f1o y la tecnologia.<\/li>\n<li><strong>Innovaci\u00f3n:<\/strong> Concebimos productos que evolucionan al mismo tiempo que los seres humanos y su medio ambiente.<\/li>\n<li><strong>Calidad:<\/strong> Nos esforzamos por brindar productos de calidad superior mediante un proceso de fabricaci\u00f3n que asegura el control en cada etapa de la fabricaci\u00f3n.<\/li>\n<\/ul>\n<p>[\/vc_column_text][\/vc_column][\/vc_row][vc_row css=&#8221;.vc_custom_1427120332125{background-color: #ffffff !important;}&#8221; el_class=&#8221;row-middle section-semifull section-last&#8221; full_width=&#8221;stretch_row&#8221;][vc_column width=&#8221;1\/1&#8243; el_class=&#8221;inner-content spacing-bottom-md&#8221; animation=&#8221;none&#8221; offset=&#8221;vc_col-lg-6&#8243;][vc_column_text]<\/p>\n<h1>Breve rese\u00f1a hist\u00f3rica<\/h1>\n<p>El esp\u00edrtu empresarial al igual que una comprensi\u00f3n destacada del mecanismo del cuerpo humano y sobretodo, la gran pasi\u00f3n por la postura son las bases de Physipro, fundada en 1988 por Mario Ouellette. Su ingeniosidad, su deseo de preconizar cambios, su visi\u00f3n del mercado as\u00ed como su esp\u00edritu creador son el resultado de soluciones innovadoras que responden actualmente a las necesidades de millares de usuarios de sillas de ruedas.<\/p>\n<p>Desde la fundaci\u00f3n de la empresa, Mario Ouellette se traz\u00f3 como meta desarrollar un dise\u00f1o cl\u00ednico-t\u00e9cnico y crear los primeros equipos m\u00f3viles en el territorio canadiense. Estos equipos fueron conformados por terapeutas ocupacionles y asistentes t\u00e9cnicos en el sector ortop\u00e9dico. Dichos equipos multidisciplinarios se desplazan a diferentes centros de readaptaci\u00f3n y cuidados a largo plazo con el fin de evaluar y proporcionar las ayudas t\u00e9cnicas para la postura que favorecen la movilidad funcional.<\/p>\n<p>Physipro ha sido constru\u00edda bajo un concepto de produci\u00f3n a la medida. Las necesidades y el entorno de cada persona son diferentes y es por esta raz\u00f3n que desde sus inicios, Physipro concibe productos de gran adaptaci\u00f3n personalizada. Es as\u00ed como Mario Ouellette ha sabido demostrarlo desde la fundaci\u00f3n de Physipro y desde hace ya 25 a\u00f1os\u00a0que los primeros productos de posicionamiento salieron de su taller. Physipro cuenta actualmente con m\u00e1s de 80 empleados y, adem\u00e1s de sus instalaciones canadienses, con una sucursal en Francia.[\/vc_column_text][\/vc_column][vc_column width=&#8221;1\/1&#8243; el_class=&#8221;physipro-why&#8221; css=&#8221;.vc_custom_1427284918395{background-image: url(https:\/\/www.physipro.com\/wp-content\/uploads\/2015\/02\/our-history.jpg?id=8492) !important;}&#8221; animation=&#8221;none&#8221; offset=&#8221;vc_col-lg-6&#8243;][vc_column_text]<\/p>\n<h2><span style=\"color: #000000;\">VISITE<br \/>\nNUESTROS<br \/>\nPRODUCTOS <\/span><\/h2>\n<p>[\/vc_column_text]<a href=\"http:\/\/physipro.com\/es\/productos\/\" title=\"Productos\" target=\"_blank\"class=\"btn btn-primary btn-lg\"> <span>Ver nuestros productos<\/span><\/a>[\/vc_column][\/vc_row]<\/p>\n<\/div>","protected":false},"excerpt":{"rendered":"<p>[vc_row el_class=&#8221;section-last row-middle&#8221;][vc_column width=&#8221;1\/1&#8243; offset=&#8221;vc_col-lg-6&#8243; animation=&#8221;none&#8221; el_class=&#8221;spacing-bottom-md&#8221;][vc_column_text el_class=&#8221;physipro-title&#8221;] Palabras del Fundador [\/vc_column_text][vc_column_text el_class=&#8221;physipro-blockquote physipro-blockquote-single&#8221;] Siempre nos hemos orientado hacia la adaptaci\u00f3n personalizada de nuestros productos, lo que nos compromete a mantener continuamente un espacio abierto a las necesidades de nuestros clientes. Esta inclinaci\u00f3n es sin duda alguna el alma de&#8230;<\/p>\n <p><a class=\"read-more btn btn-primary btn-lg\" href=\"https:\/\/www.physipro.com\/es\/quien-es-physipro\/\">Leer m&aacute;s<\/a><\/p>","protected":false},"author":28,"featured_media":0,"parent":0,"menu_order":9,"comment_status":"open","ping_status":"closed","template":"","meta":{"_acf_changed":false,"footnotes":""},"class_list":["post-707","page","type-page","status-publish","hentry"],"acf":[],"yoast_head":"<!-- This site is optimized with the Yoast SEO plugin v22.3 - https:\/\/yoast.com\/wordpress\/plugins\/seo\/ -->\n<title>Qui\u00e9n es Physipro - Physipro inc.<\/title>\n<meta name=\"robots\" content=\"index, follow, max-snippet:-1, max-image-preview:large, max-video-preview:-1\" \/>\n<link rel=\"canonical\" href=\"https:\/\/www.physipro.com\/es\/quien-es-physipro\/\" \/>\n<meta property=\"og:locale\" content=\"es_ES\" \/>\n<meta property=\"og:type\" content=\"article\" \/>\n<meta property=\"og:title\" content=\"Qui\u00e9n es Physipro - Physipro inc.\" \/>\n<meta property=\"og:description\" content=\"[vc_row el_class=&#8221;section-last row-middle&#8221;][vc_column width=&#8221;1\/1&#8243; offset=&#8221;vc_col-lg-6&#8243; animation=&#8221;none&#8221; el_class=&#8221;spacing-bottom-md&#8221;][vc_column_text el_class=&#8221;physipro-title&#8221;] Palabras del Fundador [\/vc_column_text][vc_column_text el_class=&#8221;physipro-blockquote physipro-blockquote-single&#8221;] Siempre nos hemos orientado hacia la adaptaci\u00f3n personalizada de nuestros productos, lo que nos compromete a mantener continuamente un espacio abierto a las necesidades de nuestros clientes. Esta inclinaci\u00f3n es sin duda alguna el alma de...\" \/>\n<meta property=\"og:url\" content=\"https:\/\/www.physipro.com\/es\/quien-es-physipro\/\" \/>\n<meta property=\"og:site_name\" content=\"Physipro inc.\" \/>\n<meta property=\"article:modified_time\" content=\"2015-04-10T15:15:22+00:00\" \/>\n<meta property=\"og:image\" content=\"https:\/\/www.physipro.com\/wp-content\/uploads\/2015\/02\/icon-garantie_SPAIN.png\" \/>\n<meta name=\"twitter:label1\" content=\"Tiempo de lectura\" \/>\n\t<meta name=\"twitter:data1\" content=\"4 minutos\" \/>\n<script type=\"application\/ld+json\" class=\"yoast-schema-graph\">{\"@context\":\"https:\/\/schema.org\",\"@graph\":[{\"@type\":\"WebPage\",\"@id\":\"https:\/\/www.physipro.com\/es\/quien-es-physipro\/\",\"url\":\"https:\/\/www.physipro.com\/es\/quien-es-physipro\/\",\"name\":\"Qui\u00e9n es Physipro - Physipro inc.\",\"isPartOf\":{\"@id\":\"https:\/\/www.physipro.com\/#website\"},\"primaryImageOfPage\":{\"@id\":\"https:\/\/www.physipro.com\/es\/quien-es-physipro\/#primaryimage\"},\"image\":{\"@id\":\"https:\/\/www.physipro.com\/es\/quien-es-physipro\/#primaryimage\"},\"thumbnailUrl\":\"https:\/\/www.physipro.com\/wp-content\/uploads\/2015\/02\/icon-garantie_SPAIN.png\",\"datePublished\":\"2015-03-04T16:36:17+00:00\",\"dateModified\":\"2015-04-10T15:15:22+00:00\",\"breadcrumb\":{\"@id\":\"https:\/\/www.physipro.com\/es\/quien-es-physipro\/#breadcrumb\"},\"inLanguage\":\"es\",\"potentialAction\":[{\"@type\":\"ReadAction\",\"target\":[\"https:\/\/www.physipro.com\/es\/quien-es-physipro\/\"]}]},{\"@type\":\"ImageObject\",\"inLanguage\":\"es\",\"@id\":\"https:\/\/www.physipro.com\/es\/quien-es-physipro\/#primaryimage\",\"url\":\"https:\/\/www.physipro.com\/wp-content\/uploads\/2015\/02\/icon-garantie_SPAIN.png\",\"contentUrl\":\"https:\/\/www.physipro.com\/wp-content\/uploads\/2015\/02\/icon-garantie_SPAIN.png\",\"width\":244,\"height\":156},{\"@type\":\"BreadcrumbList\",\"@id\":\"https:\/\/www.physipro.com\/es\/quien-es-physipro\/#breadcrumb\",\"itemListElement\":[{\"@type\":\"ListItem\",\"position\":1,\"name\":\"Accueil\",\"item\":\"https:\/\/www.physipro.com\/es\/\"},{\"@type\":\"ListItem\",\"position\":2,\"name\":\"Qui\u00e9n es Physipro\"}]},{\"@type\":\"WebSite\",\"@id\":\"https:\/\/www.physipro.com\/#website\",\"url\":\"https:\/\/www.physipro.com\/\",\"name\":\"Physipro inc.\",\"description\":\"Un site utilisant WordPress\",\"potentialAction\":[{\"@type\":\"SearchAction\",\"target\":{\"@type\":\"EntryPoint\",\"urlTemplate\":\"https:\/\/www.physipro.com\/?s={search_term_string}\"},\"query-input\":\"required name=search_term_string\"}],\"inLanguage\":\"es\"}]}<\/script>\n<!-- \/ Yoast SEO plugin. -->","yoast_head_json":{"title":"Qui\u00e9n es Physipro - Physipro inc.","robots":{"index":"index","follow":"follow","max-snippet":"max-snippet:-1","max-image-preview":"max-image-preview:large","max-video-preview":"max-video-preview:-1"},"canonical":"https:\/\/www.physipro.com\/es\/quien-es-physipro\/","og_locale":"es_ES","og_type":"article","og_title":"Qui\u00e9n es Physipro - Physipro inc.","og_description":"[vc_row el_class=&#8221;section-last row-middle&#8221;][vc_column width=&#8221;1\/1&#8243; offset=&#8221;vc_col-lg-6&#8243; animation=&#8221;none&#8221; el_class=&#8221;spacing-bottom-md&#8221;][vc_column_text el_class=&#8221;physipro-title&#8221;] Palabras del Fundador [\/vc_column_text][vc_column_text el_class=&#8221;physipro-blockquote physipro-blockquote-single&#8221;] Siempre nos hemos orientado hacia la adaptaci\u00f3n personalizada de nuestros productos, lo que nos compromete a mantener continuamente un espacio abierto a las necesidades de nuestros clientes. Esta inclinaci\u00f3n es sin duda alguna el alma de...","og_url":"https:\/\/www.physipro.com\/es\/quien-es-physipro\/","og_site_name":"Physipro inc.","article_modified_time":"2015-04-10T15:15:22+00:00","og_image":[{"url":"https:\/\/www.physipro.com\/wp-content\/uploads\/2015\/02\/icon-garantie_SPAIN.png"}],"twitter_misc":{"Tiempo de lectura":"4 minutos"},"schema":{"@context":"https:\/\/schema.org","@graph":[{"@type":"WebPage","@id":"https:\/\/www.physipro.com\/es\/quien-es-physipro\/","url":"https:\/\/www.physipro.com\/es\/quien-es-physipro\/","name":"Qui\u00e9n es Physipro - Physipro inc.","isPartOf":{"@id":"https:\/\/www.physipro.com\/#website"},"primaryImageOfPage":{"@id":"https:\/\/www.physipro.com\/es\/quien-es-physipro\/#primaryimage"},"image":{"@id":"https:\/\/www.physipro.com\/es\/quien-es-physipro\/#primaryimage"},"thumbnailUrl":"https:\/\/www.physipro.com\/wp-content\/uploads\/2015\/02\/icon-garantie_SPAIN.png","datePublished":"2015-03-04T16:36:17+00:00","dateModified":"2015-04-10T15:15:22+00:00","breadcrumb":{"@id":"https:\/\/www.physipro.com\/es\/quien-es-physipro\/#breadcrumb"},"inLanguage":"es","potentialAction":[{"@type":"ReadAction","target":["https:\/\/www.physipro.com\/es\/quien-es-physipro\/"]}]},{"@type":"ImageObject","inLanguage":"es","@id":"https:\/\/www.physipro.com\/es\/quien-es-physipro\/#primaryimage","url":"https:\/\/www.physipro.com\/wp-content\/uploads\/2015\/02\/icon-garantie_SPAIN.png","contentUrl":"https:\/\/www.physipro.com\/wp-content\/uploads\/2015\/02\/icon-garantie_SPAIN.png","width":244,"height":156},{"@type":"BreadcrumbList","@id":"https:\/\/www.physipro.com\/es\/quien-es-physipro\/#breadcrumb","itemListElement":[{"@type":"ListItem","position":1,"name":"Accueil","item":"https:\/\/www.physipro.com\/es\/"},{"@type":"ListItem","position":2,"name":"Qui\u00e9n es Physipro"}]},{"@type":"WebSite","@id":"https:\/\/www.physipro.com\/#website","url":"https:\/\/www.physipro.com\/","name":"Physipro inc.","description":"Un site utilisant WordPress","potentialAction":[{"@type":"SearchAction","target":{"@type":"EntryPoint","urlTemplate":"https:\/\/www.physipro.com\/?s={search_term_string}"},"query-input":"required name=search_term_string"}],"inLanguage":"es"}]}},"_links":{"self":[{"href":"https:\/\/www.physipro.com\/es\/wp-json\/wp\/v2\/pages\/707","targetHints":{"allow":["GET"]}}],"collection":[{"href":"https:\/\/www.physipro.com\/es\/wp-json\/wp\/v2\/pages"}],"about":[{"href":"https:\/\/www.physipro.com\/es\/wp-json\/wp\/v2\/types\/page"}],"author":[{"embeddable":true,"href":"https:\/\/www.physipro.com\/es\/wp-json\/wp\/v2\/users\/28"}],"replies":[{"embeddable":true,"href":"https:\/\/www.physipro.com\/es\/wp-json\/wp\/v2\/comments?post=707"}],"version-history":[{"count":15,"href":"https:\/\/www.physipro.com\/es\/wp-json\/wp\/v2\/pages\/707\/revisions"}],"predecessor-version":[{"id":11660,"href":"https:\/\/www.physipro.com\/es\/wp-json\/wp\/v2\/pages\/707\/revisions\/11660"}],"wp:attachment":[{"href":"https:\/\/www.physipro.com\/es\/wp-json\/wp\/v2\/media?parent=707"}],"curies":[{"name":"wp","href":"https:\/\/api.w.org\/{rel}","templated":true}]}}