{"id":8033,"date":"2015-03-23T12:43:29","date_gmt":"2015-03-23T12:43:29","guid":{"rendered":"https:\/\/www.physipro.com\/?page_id=8033"},"modified":"2021-08-25T16:29:37","modified_gmt":"2021-08-25T16:29:37","slug":"contactenos","status":"publish","type":"page","link":"https:\/\/www.physipro.com\/es\/servicio-cliente\/contactenos\/","title":{"rendered":"Cont\u00e1ctenos"},"content":{"rendered":"<div class=\"wpb-content-wrapper\"><p>[vc_row][vc_column width=&#8221;7\/12&#8243;][vc_column_text]<\/p>\n<h2>CONT\u00c1CTENOS POR CORREO \/ EMAIL<\/h2>\n<p>Respondemos a todas sus preguntas. S\u00f3lo env\u00edenos un mensaje con el formulario adjunto.<\/p>\n<div class=\"wpcf7 no-js\" id=\"wpcf7-f8929-o1\" lang=\"es-ES\" dir=\"ltr\">\n<div class=\"screen-reader-response\"><p role=\"status\" aria-live=\"polite\" aria-atomic=\"true\"><\/p> <ul><\/ul><\/div>\n<form action=\"\/es\/wp-json\/wp\/v2\/pages\/8033#wpcf7-f8929-o1\" method=\"post\" class=\"wpcf7-form init\" aria-label=\"Formulario de contacto\" novalidate=\"novalidate\" data-status=\"init\">\n<div style=\"display: none;\">\n<input type=\"hidden\" name=\"_wpcf7\" value=\"8929\" \/>\n<input type=\"hidden\" name=\"_wpcf7_version\" value=\"5.9.2\" \/>\n<input type=\"hidden\" name=\"_wpcf7_locale\" value=\"es_ES\" \/>\n<input type=\"hidden\" name=\"_wpcf7_unit_tag\" value=\"wpcf7-f8929-o1\" \/>\n<input type=\"hidden\" name=\"_wpcf7_container_post\" value=\"0\" \/>\n<input type=\"hidden\" name=\"_wpcf7_posted_data_hash\" value=\"\" \/>\n<\/div>\n<div class=\"form-group\">\n\t<p><label for=\"your-name\">Nombre *<\/label><span class=\"wpcf7-form-control-wrap\" data-name=\"your-name\"><input size=\"40\" class=\"wpcf7-form-control wpcf7-text wpcf7-validates-as-required form-control\" aria-required=\"true\" aria-invalid=\"false\" value=\"\" type=\"text\" name=\"your-name\" \/><\/span>\n\t<\/p>\n<\/div>\n<div class=\"form-group\">\n\t<p><label for=\"your-email\">Correo *<\/label><span class=\"wpcf7-form-control-wrap\" data-name=\"your-email\"><input size=\"40\" class=\"wpcf7-form-control wpcf7-email wpcf7-validates-as-required wpcf7-text wpcf7-validates-as-email form-control\" aria-required=\"true\" aria-invalid=\"false\" value=\"\" type=\"email\" name=\"your-email\" \/><\/span>\n\t<\/p>\n<\/div>\n<div class=\"form-group\">\n\t<p><label for=\"your-phone\">Tel\u00e9fono *<\/label><span class=\"wpcf7-form-control-wrap\" data-name=\"your-phone\"><input size=\"40\" class=\"wpcf7-form-control wpcf7-tel wpcf7-validates-as-required wpcf7-text wpcf7-validates-as-tel form-control\" aria-required=\"true\" aria-invalid=\"false\" value=\"\" type=\"tel\" name=\"your-phone\" \/><\/span>\n\t<\/p>\n<\/div>\n<div class=\"form-group\">\n\t<p><label for=\"your-subject\">Asunto *<\/label><span class=\"wpcf7-form-control-wrap\" data-name=\"your-subject\"><input size=\"40\" class=\"wpcf7-form-control wpcf7-text wpcf7-validates-as-required form-control\" aria-required=\"true\" aria-invalid=\"false\" value=\"\" type=\"text\" name=\"your-subject\" \/><\/span>\n\t<\/p>\n<\/div>\n<div class=\"form-group\">\n\t<p><label for=\"your-message\">Mensaje *<\/label><span class=\"wpcf7-form-control-wrap\" data-name=\"your-message\"><textarea cols=\"40\" rows=\"4\" class=\"wpcf7-form-control wpcf7-textarea wpcf7-validates-as-required form-control\" aria-required=\"true\" aria-invalid=\"false\" name=\"your-message\"><\/textarea><\/span><span id=\"wpcf7-69e576cdd297b-wrapper\" class=\"wpcf7-form-control-wrap hdmi-wrap\" style=\"display:none !important; visibility:hidden !important;\"><label for=\"wpcf7-69e576cdd297b-field\" class=\"hp-message\">Por favor, deja este campo vac\u00edo.<\/label><input id=\"wpcf7-69e576cdd297b-field\"  class=\"wpcf7-form-control wpcf7-text\" type=\"text\" name=\"hdmi\" value=\"\" size=\"40\" tabindex=\"-1\" autocomplete=\"new-password\" \/><\/span>\n\t<\/p>\n<\/div>\n<p><input class=\"wpcf7-form-control wpcf7-submit has-spinner btn btn-primary\" type=\"submit\" value=\"Enviar\" \/>\n<\/p><p style=\"display: none !important;\" class=\"akismet-fields-container\" data-prefix=\"_wpcf7_ak_\"><label>&#916;<textarea name=\"_wpcf7_ak_hp_textarea\" cols=\"45\" rows=\"8\" maxlength=\"100\"><\/textarea><\/label><input type=\"hidden\" id=\"ak_js_1\" name=\"_wpcf7_ak_js\" value=\"127\"\/><script>document.getElementById( \"ak_js_1\" ).setAttribute( \"value\", ( new Date() ).getTime() );<\/script><\/p><div class=\"wpcf7-response-output\" aria-hidden=\"true\"><\/div>\n<\/form>\n<\/div>\n[\/vc_column_text][\/vc_column][vc_column width=&#8221;1\/12&#8243;][\/vc_column][vc_column width=&#8221;4\/12&#8243;][vc_column_text]<\/p>\n<h2>Cont\u00e1ctenos<\/h2>\n<p><strong>CANAD\u00c1<\/strong><br \/>\n370, 10e Avenue Sud<br \/>\nSherbrooke (Qu\u00e9bec)<br \/>\nJ1G 2R7<\/p>\n<p>Tel\u00e9fono : 1 819-823-2252<br \/>\nSin costo\u00a0: 1 800-668-2252<br \/>\nFax\u00a0: 1 819-565-3337<\/p>\n<p>Correo electr\u00f3nico : <a href=\"&#109;a&#105;&#108;t&#111;&#58;&#105;&#110;fo&#64;ph&#121;&#115;&#105;p&#114;o&#46;com\">&#105;nf&#111;&#64;&#112;h&#121;sip&#114;o&#46;&#99;o&#109;<\/a><br \/>\nPedidos\u00a0: <a href=\"&#109;&#97;i&#108;&#116;o:&#111;&#114;&#100;&#101;r&#64;&#112;hy&#115;&#105;pro&#46;&#99;om\">&#111;rd&#101;r&#64;p&#104;&#121;s&#105;pr&#111;.&#99;&#111;m<\/a>[\/vc_column_text][\/vc_column][\/vc_row][vc_row full_width=&#8221;stretch_row&#8221; css=&#8221;.vc_custom_1426876407695{background-color: #eeeff1 !important;}&#8221; el_class=&#8221;section-full&#8221;][vc_column][vc_column_text]<\/p>\n<h2>REPRESENTANTES DE VENTAS<\/h2>\n<p>[\/vc_column_text][vc_empty_space][vc_row_inner][vc_column_inner width=&#8221;1\/4&#8243;][vc_column_text]<strong>Mr. Fabrys Fr\u00e9chette<\/strong><br \/>\nGerente de ventas de Canada. Regi\u00f3n de Montreal, Laval, Monteregie, Estrie<br \/>\n873-662-2252<br \/>\n<a href=\"mailto:fabrys.frechette@physipro.com\">fabrys.frechette@physipro.com<\/a>[\/vc_column_text][\/vc_column_inner][vc_column_inner width=&#8221;1\/4&#8243;][vc_column_text]<strong>Ms. Marie-Soleil Riverin<\/strong><br \/>\nBas-St-Laurent, Saguenay, National Capital, Mauricie, Centre-du-Quebec, C\u00f4te-Nord, Nord-du-Quebec, Chaudiere Appalaches<br \/>\nProvincias mar\u00edtimas y Ontario (solo servicios de moldeo)<br \/>\n581-994-6721<br \/>\n<a href=\"mailto:mariesoleilr@physipro.com\">mariesoleilr@physipro.com<\/a>[\/vc_column_text][\/vc_column_inner][vc_column_inner width=&#8221;1\/4&#8243;][vc_column_text]<strong>Mme. Marie-Pier Languedoc<\/strong><br \/>\nEstrie, Montreal, Laval, Monteregie, Laurentides, Lanaudiere, Outaouais y Abitibi<br \/>\n819-674-0115<br \/>\n<a href=\"mailto:mplanguedoc@physipro.com\">mplanguedoc@physipro.com<\/a>[\/vc_column_text][\/vc_column_inner][vc_column_inner width=&#8221;1\/4&#8243;][vc_column_text]<strong>Mr. Charles Larose Jr.<\/strong><br \/>\nOntario Central \/ Provincias mar\u00edtimas<br \/>\n613-716-3003<br \/>\n<a href=\"mailto:clarosejr@gmail.com\">clarosejr@gmail.com<\/a>[\/vc_column_text][\/vc_column_inner][\/vc_row_inner][vc_empty_space][vc_row_inner][vc_column_inner width=&#8221;1\/2&#8243;][vc_column_text]<strong>Mr. Anthony Despoja<\/strong><br \/>\nOntario Lake Shore \/ Ontario North<br \/>\n416-999-4630<br \/>\n<a href=\"mailto:adespoja@yahoo.ca\">adespoja@yahoo.ca<\/a>[\/vc_column_text][\/vc_column_inner][vc_column_inner width=&#8221;1\/2&#8243;][vc_column_text]<strong>Ms. Corrinne Carriere<\/strong><br \/>\nAlberta, British Columbia, Prairies<br \/>\n604-848-5534<br \/>\n<a href=\"mailto:corrinne.carriere@physipro.com\">corrinne.carriere@physipro.com<\/a>[\/vc_column_text][\/vc_column_inner][\/vc_row_inner][\/vc_column][\/vc_row][vc_row][vc_column][vc_gmaps link=&#8221;#E-8_JTNDaWZyYW1lJTIwc3JjJTNEJTIyaHR0cHMlM0ElMkYlMkZ3d3cuZ29vZ2xlLmNvbSUyRm1hcHMlMkZlbWJlZCUzRnBiJTNEJTIxMW0xNCUyMTFtOCUyMTFtMyUyMTFkMjgwMS4zMzg2NjAzNDk5NTMlMjEyZC03MS44NzIyMzglMjEzZDQ1LjQwMjUxMDAwMDAwMDAxJTIxM20yJTIxMWkxMDI0JTIxMmk3NjglMjE0ZjEzLjElMjEzbTMlMjExbTIlMjExczB4NGNiN2IyZmRkOTIwZTM4MSUyNTNBMHhjNDdlYmJlMjQ2MDIzMzllJTIxMnNFcXVpcGVtZW50cyUyQkFkYXB0JTI1QzMlMjVBOXMlMkJQaHlzaXBybyUyQkluYyUyQiUyOExlcyUyOSUyMTVlMCUyMTNtMiUyMTFzZW4lMjEyc2NhJTIxNHYxNDI2NjE0NjA1Njk2JTIyJTIwZnJhbWVib3JkZXIlM0QlMjIwJTIyJTIwc3R5bGUlM0QlMjJwb2ludGVyLWV2ZW50JTNBbm9uZSUzQiUyMGJvcmRlciUzQTAlMjIlMjBoZWlnaHQlM0QlMjI2MDAlMjIlMjB3aWR0aCUzRCUyMjEwMCUyNSUyMiUzRSUzQyUyRmlmcmFtZSUzRQ==&#8221; size=&#8221;600&#8243;][\/vc_column][\/vc_row]<\/p>\n<\/div>","protected":false},"excerpt":{"rendered":"<p>[vc_row][vc_column width=&#8221;7\/12&#8243;][vc_column_text] CONT\u00c1CTENOS POR CORREO \/ EMAIL Respondemos a todas sus preguntas. S\u00f3lo env\u00edenos un mensaje con el formulario adjunto. [\/vc_column_text][\/vc_column][vc_column width=&#8221;1\/12&#8243;][\/vc_column][vc_column width=&#8221;4\/12&#8243;][vc_column_text] Cont\u00e1ctenos CANAD\u00c1 370, 10e Avenue Sud Sherbrooke (Qu\u00e9bec) J1G 2R7 Tel\u00e9fono : 1 819-823-2252 Sin costo\u00a0: 1 800-668-2252 Fax\u00a0: 1 819-565-3337 Correo electr\u00f3nico : Pedidos\u00a0: [\/vc_column_text][\/vc_column][\/vc_row][vc_row full_width=&#8221;stretch_row&#8221;&#8230;<\/p>\n <p><a class=\"read-more btn btn-primary btn-lg\" href=\"https:\/\/www.physipro.com\/es\/servicio-cliente\/contactenos\/\">Leer m&aacute;s<\/a><\/p>","protected":false},"author":28,"featured_media":0,"parent":6536,"menu_order":7,"comment_status":"open","ping_status":"closed","template":"views\/layout-contact.php","meta":{"_acf_changed":false,"footnotes":""},"class_list":["post-8033","page","type-page","status-publish","hentry"],"acf":[],"yoast_head":"<!-- This site is optimized with the Yoast SEO plugin v22.3 - https:\/\/yoast.com\/wordpress\/plugins\/seo\/ -->\n<title>Cont\u00e1ctenos - Physipro inc.<\/title>\n<meta name=\"robots\" content=\"index, follow, max-snippet:-1, max-image-preview:large, max-video-preview:-1\" \/>\n<link rel=\"canonical\" href=\"https:\/\/www.physipro.com\/es\/servicio-cliente\/contactenos\/\" \/>\n<meta property=\"og:locale\" content=\"es_ES\" \/>\n<meta property=\"og:type\" content=\"article\" \/>\n<meta property=\"og:title\" content=\"Cont\u00e1ctenos - Physipro inc.\" \/>\n<meta property=\"og:description\" content=\"[vc_row][vc_column width=&#8221;7\/12&#8243;][vc_column_text] CONT\u00c1CTENOS POR CORREO \/ EMAIL Respondemos a todas sus preguntas. S\u00f3lo env\u00edenos un mensaje con el formulario adjunto. [\/vc_column_text][\/vc_column][vc_column width=&#8221;1\/12&#8243;][\/vc_column][vc_column width=&#8221;4\/12&#8243;][vc_column_text] Cont\u00e1ctenos CANAD\u00c1 370, 10e Avenue Sud Sherbrooke (Qu\u00e9bec) J1G 2R7 Tel\u00e9fono : 1 819-823-2252 Sin costo\u00a0: 1 800-668-2252 Fax\u00a0: 1 819-565-3337 Correo electr\u00f3nico : Pedidos\u00a0: [\/vc_column_text][\/vc_column][\/vc_row][vc_row full_width=&#8221;stretch_row&#8221;...\" \/>\n<meta property=\"og:url\" content=\"https:\/\/www.physipro.com\/es\/servicio-cliente\/contactenos\/\" \/>\n<meta property=\"og:site_name\" content=\"Physipro inc.\" \/>\n<meta property=\"article:modified_time\" content=\"2021-08-25T16:29:37+00:00\" \/>\n<meta name=\"twitter:label1\" content=\"Tiempo de lectura\" \/>\n\t<meta name=\"twitter:data1\" content=\"1 minuto\" \/>\n<script type=\"application\/ld+json\" class=\"yoast-schema-graph\">{\"@context\":\"https:\/\/schema.org\",\"@graph\":[{\"@type\":\"WebPage\",\"@id\":\"https:\/\/www.physipro.com\/es\/servicio-cliente\/contactenos\/\",\"url\":\"https:\/\/www.physipro.com\/es\/servicio-cliente\/contactenos\/\",\"name\":\"Cont\u00e1ctenos - Physipro inc.\",\"isPartOf\":{\"@id\":\"https:\/\/www.physipro.com\/#website\"},\"datePublished\":\"2015-03-23T12:43:29+00:00\",\"dateModified\":\"2021-08-25T16:29:37+00:00\",\"breadcrumb\":{\"@id\":\"https:\/\/www.physipro.com\/es\/servicio-cliente\/contactenos\/#breadcrumb\"},\"inLanguage\":\"es\",\"potentialAction\":[{\"@type\":\"ReadAction\",\"target\":[\"https:\/\/www.physipro.com\/es\/servicio-cliente\/contactenos\/\"]}]},{\"@type\":\"BreadcrumbList\",\"@id\":\"https:\/\/www.physipro.com\/es\/servicio-cliente\/contactenos\/#breadcrumb\",\"itemListElement\":[{\"@type\":\"ListItem\",\"position\":1,\"name\":\"Accueil\",\"item\":\"https:\/\/www.physipro.com\/es\/\"},{\"@type\":\"ListItem\",\"position\":2,\"name\":\"Servicio Al Cliente\",\"item\":\"https:\/\/www.physipro.com\/es\/servicio-cliente\/\"},{\"@type\":\"ListItem\",\"position\":3,\"name\":\"Cont\u00e1ctenos\"}]},{\"@type\":\"WebSite\",\"@id\":\"https:\/\/www.physipro.com\/#website\",\"url\":\"https:\/\/www.physipro.com\/\",\"name\":\"Physipro inc.\",\"description\":\"Un site utilisant WordPress\",\"potentialAction\":[{\"@type\":\"SearchAction\",\"target\":{\"@type\":\"EntryPoint\",\"urlTemplate\":\"https:\/\/www.physipro.com\/?s={search_term_string}\"},\"query-input\":\"required name=search_term_string\"}],\"inLanguage\":\"es\"}]}<\/script>\n<!-- \/ Yoast SEO plugin. -->","yoast_head_json":{"title":"Cont\u00e1ctenos - Physipro inc.","robots":{"index":"index","follow":"follow","max-snippet":"max-snippet:-1","max-image-preview":"max-image-preview:large","max-video-preview":"max-video-preview:-1"},"canonical":"https:\/\/www.physipro.com\/es\/servicio-cliente\/contactenos\/","og_locale":"es_ES","og_type":"article","og_title":"Cont\u00e1ctenos - Physipro inc.","og_description":"[vc_row][vc_column width=&#8221;7\/12&#8243;][vc_column_text] CONT\u00c1CTENOS POR CORREO \/ EMAIL Respondemos a todas sus preguntas. S\u00f3lo env\u00edenos un mensaje con el formulario adjunto. [\/vc_column_text][\/vc_column][vc_column width=&#8221;1\/12&#8243;][\/vc_column][vc_column width=&#8221;4\/12&#8243;][vc_column_text] Cont\u00e1ctenos CANAD\u00c1 370, 10e Avenue Sud Sherbrooke (Qu\u00e9bec) J1G 2R7 Tel\u00e9fono : 1 819-823-2252 Sin costo\u00a0: 1 800-668-2252 Fax\u00a0: 1 819-565-3337 Correo electr\u00f3nico : Pedidos\u00a0: [\/vc_column_text][\/vc_column][\/vc_row][vc_row full_width=&#8221;stretch_row&#8221;...","og_url":"https:\/\/www.physipro.com\/es\/servicio-cliente\/contactenos\/","og_site_name":"Physipro inc.","article_modified_time":"2021-08-25T16:29:37+00:00","twitter_misc":{"Tiempo de lectura":"1 minuto"},"schema":{"@context":"https:\/\/schema.org","@graph":[{"@type":"WebPage","@id":"https:\/\/www.physipro.com\/es\/servicio-cliente\/contactenos\/","url":"https:\/\/www.physipro.com\/es\/servicio-cliente\/contactenos\/","name":"Cont\u00e1ctenos - Physipro inc.","isPartOf":{"@id":"https:\/\/www.physipro.com\/#website"},"datePublished":"2015-03-23T12:43:29+00:00","dateModified":"2021-08-25T16:29:37+00:00","breadcrumb":{"@id":"https:\/\/www.physipro.com\/es\/servicio-cliente\/contactenos\/#breadcrumb"},"inLanguage":"es","potentialAction":[{"@type":"ReadAction","target":["https:\/\/www.physipro.com\/es\/servicio-cliente\/contactenos\/"]}]},{"@type":"BreadcrumbList","@id":"https:\/\/www.physipro.com\/es\/servicio-cliente\/contactenos\/#breadcrumb","itemListElement":[{"@type":"ListItem","position":1,"name":"Accueil","item":"https:\/\/www.physipro.com\/es\/"},{"@type":"ListItem","position":2,"name":"Servicio Al Cliente","item":"https:\/\/www.physipro.com\/es\/servicio-cliente\/"},{"@type":"ListItem","position":3,"name":"Cont\u00e1ctenos"}]},{"@type":"WebSite","@id":"https:\/\/www.physipro.com\/#website","url":"https:\/\/www.physipro.com\/","name":"Physipro inc.","description":"Un site utilisant WordPress","potentialAction":[{"@type":"SearchAction","target":{"@type":"EntryPoint","urlTemplate":"https:\/\/www.physipro.com\/?s={search_term_string}"},"query-input":"required name=search_term_string"}],"inLanguage":"es"}]}},"_links":{"self":[{"href":"https:\/\/www.physipro.com\/es\/wp-json\/wp\/v2\/pages\/8033","targetHints":{"allow":["GET"]}}],"collection":[{"href":"https:\/\/www.physipro.com\/es\/wp-json\/wp\/v2\/pages"}],"about":[{"href":"https:\/\/www.physipro.com\/es\/wp-json\/wp\/v2\/types\/page"}],"author":[{"embeddable":true,"href":"https:\/\/www.physipro.com\/es\/wp-json\/wp\/v2\/users\/28"}],"replies":[{"embeddable":true,"href":"https:\/\/www.physipro.com\/es\/wp-json\/wp\/v2\/comments?post=8033"}],"version-history":[{"count":16,"href":"https:\/\/www.physipro.com\/es\/wp-json\/wp\/v2\/pages\/8033\/revisions"}],"predecessor-version":[{"id":33138,"href":"https:\/\/www.physipro.com\/es\/wp-json\/wp\/v2\/pages\/8033\/revisions\/33138"}],"up":[{"embeddable":true,"href":"https:\/\/www.physipro.com\/es\/wp-json\/wp\/v2\/pages\/6536"}],"wp:attachment":[{"href":"https:\/\/www.physipro.com\/es\/wp-json\/wp\/v2\/media?parent=8033"}],"curies":[{"name":"wp","href":"https:\/\/api.w.org\/{rel}","templated":true}]}}