{"id":8045,"date":"2015-02-25T21:08:01","date_gmt":"2015-02-25T21:08:01","guid":{"rendered":"https:\/\/www.physipro.com\/servicio-cliente\/faqs\/"},"modified":"2019-12-12T19:47:55","modified_gmt":"2019-12-12T19:47:55","slug":"faqs","status":"publish","type":"page","link":"https:\/\/www.physipro.com\/es\/servicio-cliente\/faqs\/","title":{"rendered":"Preguntas Frecuentes"},"content":{"rendered":"<div class=\"wpb-content-wrapper\"><p>[vc_row][vc_column width=&#8221;2\/3&#8243;][vc_column_text]M\u00e1s informaci\u00f3n sobre todos los productos y servicios ofrecidos.[\/vc_column_text][vc_separator color=&#8221;grey&#8221;][vc_toggle title=&#8221;\u00bfEn d\u00f3nde puedo encontrar un Manual de Utilizaci\u00f3n para mi producto?&#8221; open=&#8221;true&#8221; style=&#8221;default&#8221; size=&#8221;md&#8221;]Puede bajar el Manual de Utilizaci\u00f3n en formato PDF <a title=\"Documentation generale\" href=\"https:\/\/www.physipro.com\/es\/documentation-generale\/\">aqu\u00ed<\/a>[\/vc_toggle][vc_separator color=&#8221;grey&#8221;][vc_toggle title=&#8221;\u00bfEn d\u00f3nde puedo comprar productos Physipro? \u00bfPuedo comprar directamente en Physipro?&#8221; open=&#8221;false&#8221; style=&#8221;default&#8221; size=&#8221;md&#8221;]Physipro vende sus productos mediante distribuidores. Haga clic <a title=\"Proveedores\" href=\"https:\/\/www.physipro.com\/es\/servicio-cliente\/donde-comprar\/\">aqu\u00ed<\/a> para encontrar un distribuidor cerca de su casa.[\/vc_toggle][vc_separator color=&#8221;grey&#8221;][vc_toggle title=&#8221;\u00bfPuedo recibir folletos sobre los productos Physipro? &#8221; open=&#8221;false&#8221; style=&#8221;default&#8221; size=&#8221;md&#8221;]S\u00edrvase comunicarse con nosotros al tel\u00e9fono 1-800-668-2252 o enviar su solicitud por fax al n\u00famero 819-565-3337 si desea recibir folletos sobre nuestros productos. Del mismo modo, puede enviar un correo electr\u00f3nico a Servicio al Cliente. <a href=\"&#109;a&#105;l&#116;&#111;:&#111;&#114;der&#64;p&#104;y&#115;&#105;&#112;r&#111;.&#99;&#111;m\">&#111;rd&#101;&#114;&#64;&#112;&#104;&#121;si&#112;ro.c&#111;&#109;<\/a>.[\/vc_toggle][vc_separator color=&#8221;grey&#8221;][vc_toggle title=&#8221;\u00bfQu\u00e9 tipo de telas son utilizadas para tapizar sus productos?&#8221; open=&#8221;false&#8221; style=&#8221;default&#8221; size=&#8221;md&#8221;]Physipro utiliza tapices de tela de calidad m\u00e9dica que son higi\u00e9nicos, transpirables, f\u00e1ciles de limpiar y durables.<\/p>\n<p>Las fundas est\u00e1n compuestas de poli\u00e9ster de malla y poli\u00e9ster sin malla y de lycra (Spandex).\u00a0 Las fundas de incontinencia est\u00e1n confeccionadas con nylon el\u00e1stico de acabado satinado y con propiedad antideslizante. Esta \u00faltima es impermeable a los l\u00edquidos y lavable a m\u00e1quina. Est\u00e1 igualmente dotada de un cierre resistente e impermeable.<\/p>\n<p>S\u00edrvase tomar nota\u00a0 que todas las telas Physipro son reistentes al fuego seg\u00fan la norma CAL117 (California Technical Bulletin 117).[\/vc_toggle][vc_separator color=&#8221;grey&#8221;][vc_toggle title=&#8221;\u00bfCu\u00e1les son las horas de atenci\u00f3n de Physipro?&#8221; open=&#8221;false&#8221; style=&#8221;default&#8221; size=&#8221;md&#8221;]De 7:30 a.m. a 4:30 p.m. de lunes a viernes, excepto los d\u00edas feriados de mayor importancia.[\/vc_toggle][vc_separator color=&#8221;grey&#8221;][vc_toggle title=&#8221;\u00bfC\u00f3mo puedo mantenerme informado (a) de las novedades de Physipro?&#8221; open=&#8221;false&#8221; style=&#8221;default&#8221; size=&#8221;md&#8221;]Nuestro bolet\u00edn de noticias es la mejor manera de mantenerse al d\u00eda con nuestras novedades. \u00a1Directamente enviado a su buz\u00f3n electr\u00f3nico! Haga clic <a href=\"http:\/\/physipro.us2.list-manage.com\/subscribe\/post?u=fc52d119360d030a0401490ff&amp;id=6049e838ae\">aqu\u00ed<\/a> para inscribirse en el bolet\u00edn.[\/vc_toggle][\/vc_column][vc_column width=&#8221;1\/3&#8243;][vc_column_text]<\/p>\n<h3>Haz una pregunta\u00a0:<\/h3>\n<p>[\/vc_column_text]\n<div class=\"wpcf7 no-js\" id=\"wpcf7-f11364-o1\" lang=\"es-ES\" dir=\"ltr\">\n<div class=\"screen-reader-response\"><p role=\"status\" aria-live=\"polite\" aria-atomic=\"true\"><\/p> <ul><\/ul><\/div>\n<form action=\"\/es\/wp-json\/wp\/v2\/pages\/8045#wpcf7-f11364-o1\" method=\"post\" class=\"wpcf7-form init\" aria-label=\"Formulario de contacto\" novalidate=\"novalidate\" data-status=\"init\">\n<div style=\"display: none;\">\n<input type=\"hidden\" name=\"_wpcf7\" value=\"11364\" \/>\n<input type=\"hidden\" name=\"_wpcf7_version\" value=\"5.9.2\" \/>\n<input type=\"hidden\" name=\"_wpcf7_locale\" value=\"es_ES\" \/>\n<input type=\"hidden\" name=\"_wpcf7_unit_tag\" value=\"wpcf7-f11364-o1\" \/>\n<input type=\"hidden\" name=\"_wpcf7_container_post\" value=\"0\" \/>\n<input type=\"hidden\" name=\"_wpcf7_posted_data_hash\" value=\"\" \/>\n<\/div>\n<div class=\"form-group\">\n\t<p><label for=\"your-name\">Nombre *<\/label><span class=\"wpcf7-form-control-wrap\" data-name=\"your-name\"><input size=\"40\" class=\"wpcf7-form-control wpcf7-text wpcf7-validates-as-required form-control\" aria-required=\"true\" aria-invalid=\"false\" value=\"\" type=\"text\" name=\"your-name\" \/><\/span>\n\t<\/p>\n<\/div>\n<div class=\"form-group\">\n\t<p><label for=\"your-email\">Correo *<\/label><span class=\"wpcf7-form-control-wrap\" data-name=\"your-email\"><input size=\"40\" class=\"wpcf7-form-control wpcf7-email wpcf7-validates-as-required wpcf7-text wpcf7-validates-as-email form-control\" aria-required=\"true\" aria-invalid=\"false\" value=\"\" type=\"email\" name=\"your-email\" \/><\/span>\n\t<\/p>\n<\/div>\n<div class=\"form-group\">\n\t<p><label for=\"your-phone\">Tel\u00e9fono *<\/label><span class=\"wpcf7-form-control-wrap\" data-name=\"your-phone\"><input size=\"40\" class=\"wpcf7-form-control wpcf7-tel wpcf7-validates-as-required wpcf7-text wpcf7-validates-as-tel form-control\" aria-required=\"true\" aria-invalid=\"false\" value=\"\" type=\"tel\" name=\"your-phone\" \/><\/span>\n\t<\/p>\n<\/div>\n<div class=\"form-group\">\n\t<p><label for=\"your-subject\">Asunto *<\/label><span class=\"wpcf7-form-control-wrap\" data-name=\"your-subject\"><input size=\"40\" class=\"wpcf7-form-control wpcf7-text wpcf7-validates-as-required form-control\" aria-required=\"true\" aria-invalid=\"false\" value=\"\" type=\"text\" name=\"your-subject\" \/><\/span>\n\t<\/p>\n<\/div>\n<div class=\"form-group\">\n\t<p><label for=\"your-message\">Mensaje *<\/label><span class=\"wpcf7-form-control-wrap\" data-name=\"your-message\"><textarea cols=\"40\" rows=\"4\" class=\"wpcf7-form-control wpcf7-textarea wpcf7-validates-as-required form-control\" aria-required=\"true\" aria-invalid=\"false\" name=\"your-message\"><\/textarea><\/span><span id=\"wpcf7-69e358ec595a5-wrapper\" class=\"wpcf7-form-control-wrap hdmi-wrap\" style=\"display:none !important; visibility:hidden !important;\"><label for=\"wpcf7-69e358ec595a5-field\" class=\"hp-message\">Por favor, deja este campo vac\u00edo.<\/label><input id=\"wpcf7-69e358ec595a5-field\"  class=\"wpcf7-form-control wpcf7-text\" type=\"text\" name=\"hdmi\" value=\"\" size=\"40\" tabindex=\"-1\" autocomplete=\"new-password\" \/><\/span>\n\t<\/p>\n<\/div>\n<p><input class=\"wpcf7-form-control wpcf7-submit has-spinner btn btn-primary\" type=\"submit\" value=\"Enviar\" \/>\n<\/p><p style=\"display: none !important;\" class=\"akismet-fields-container\" data-prefix=\"_wpcf7_ak_\"><label>&#916;<textarea name=\"_wpcf7_ak_hp_textarea\" cols=\"45\" rows=\"8\" maxlength=\"100\"><\/textarea><\/label><input type=\"hidden\" id=\"ak_js_1\" name=\"_wpcf7_ak_js\" value=\"155\"\/><script>document.getElementById( \"ak_js_1\" ).setAttribute( \"value\", ( new Date() ).getTime() );<\/script><\/p><div class=\"wpcf7-response-output\" aria-hidden=\"true\"><\/div>\n<\/form>\n<\/div>\n[\/vc_column][\/vc_row]<\/p>\n<\/div>","protected":false},"excerpt":{"rendered":"<p>[vc_row][vc_column width=&#8221;2\/3&#8243;][vc_column_text]M\u00e1s informaci\u00f3n sobre todos los productos y servicios ofrecidos.[\/vc_column_text][vc_separator color=&#8221;grey&#8221;][vc_toggle title=&#8221;\u00bfEn d\u00f3nde puedo encontrar un Manual de Utilizaci\u00f3n para mi producto?&#8221; open=&#8221;true&#8221; style=&#8221;default&#8221; size=&#8221;md&#8221;]Puede bajar el Manual de Utilizaci\u00f3n en formato PDF aqu\u00ed[\/vc_toggle][vc_separator color=&#8221;grey&#8221;][vc_toggle title=&#8221;\u00bfEn d\u00f3nde puedo comprar productos Physipro? \u00bfPuedo comprar directamente en Physipro?&#8221; open=&#8221;false&#8221; style=&#8221;default&#8221; size=&#8221;md&#8221;]Physipro vende&#8230;<\/p>\n <p><a class=\"read-more btn btn-primary btn-lg\" href=\"https:\/\/www.physipro.com\/es\/servicio-cliente\/faqs\/\">Leer m&aacute;s<\/a><\/p>","protected":false},"author":1,"featured_media":0,"parent":6536,"menu_order":6,"comment_status":"open","ping_status":"closed","template":"","meta":{"_acf_changed":false,"footnotes":""},"class_list":["post-8045","page","type-page","status-publish","hentry"],"acf":[],"yoast_head":"<!-- This site is optimized with the Yoast SEO plugin v22.3 - https:\/\/yoast.com\/wordpress\/plugins\/seo\/ -->\n<title>Preguntas Frecuentes - Physipro inc.<\/title>\n<meta name=\"robots\" content=\"index, follow, max-snippet:-1, max-image-preview:large, max-video-preview:-1\" \/>\n<link rel=\"canonical\" href=\"https:\/\/www.physipro.com\/es\/servicio-cliente\/faqs\/\" \/>\n<meta property=\"og:locale\" content=\"es_ES\" \/>\n<meta property=\"og:type\" content=\"article\" \/>\n<meta property=\"og:title\" content=\"Preguntas Frecuentes - Physipro inc.\" \/>\n<meta property=\"og:description\" content=\"[vc_row][vc_column width=&#8221;2\/3&#8243;][vc_column_text]M\u00e1s informaci\u00f3n sobre todos los productos y servicios ofrecidos.[\/vc_column_text][vc_separator color=&#8221;grey&#8221;][vc_toggle title=&#8221;\u00bfEn d\u00f3nde puedo encontrar un Manual de Utilizaci\u00f3n para mi producto?&#8221; open=&#8221;true&#8221; style=&#8221;default&#8221; size=&#8221;md&#8221;]Puede bajar el Manual de Utilizaci\u00f3n en formato PDF aqu\u00ed[\/vc_toggle][vc_separator color=&#8221;grey&#8221;][vc_toggle title=&#8221;\u00bfEn d\u00f3nde puedo comprar productos Physipro? \u00bfPuedo comprar directamente en Physipro?&#8221; open=&#8221;false&#8221; style=&#8221;default&#8221; size=&#8221;md&#8221;]Physipro vende...\" \/>\n<meta property=\"og:url\" content=\"https:\/\/www.physipro.com\/es\/servicio-cliente\/faqs\/\" \/>\n<meta property=\"og:site_name\" content=\"Physipro inc.\" \/>\n<meta property=\"article:modified_time\" content=\"2019-12-12T19:47:55+00:00\" \/>\n<meta name=\"twitter:label1\" content=\"Tiempo de lectura\" \/>\n\t<meta name=\"twitter:data1\" content=\"2 minutos\" \/>\n<script type=\"application\/ld+json\" class=\"yoast-schema-graph\">{\"@context\":\"https:\/\/schema.org\",\"@graph\":[{\"@type\":\"WebPage\",\"@id\":\"https:\/\/www.physipro.com\/es\/servicio-cliente\/faqs\/\",\"url\":\"https:\/\/www.physipro.com\/es\/servicio-cliente\/faqs\/\",\"name\":\"Preguntas Frecuentes - Physipro inc.\",\"isPartOf\":{\"@id\":\"https:\/\/www.physipro.com\/#website\"},\"datePublished\":\"2015-02-25T21:08:01+00:00\",\"dateModified\":\"2019-12-12T19:47:55+00:00\",\"breadcrumb\":{\"@id\":\"https:\/\/www.physipro.com\/es\/servicio-cliente\/faqs\/#breadcrumb\"},\"inLanguage\":\"es\",\"potentialAction\":[{\"@type\":\"ReadAction\",\"target\":[\"https:\/\/www.physipro.com\/es\/servicio-cliente\/faqs\/\"]}]},{\"@type\":\"BreadcrumbList\",\"@id\":\"https:\/\/www.physipro.com\/es\/servicio-cliente\/faqs\/#breadcrumb\",\"itemListElement\":[{\"@type\":\"ListItem\",\"position\":1,\"name\":\"Accueil\",\"item\":\"https:\/\/www.physipro.com\/es\/\"},{\"@type\":\"ListItem\",\"position\":2,\"name\":\"Servicio Al Cliente\",\"item\":\"https:\/\/www.physipro.com\/es\/servicio-cliente\/\"},{\"@type\":\"ListItem\",\"position\":3,\"name\":\"Preguntas Frecuentes\"}]},{\"@type\":\"WebSite\",\"@id\":\"https:\/\/www.physipro.com\/#website\",\"url\":\"https:\/\/www.physipro.com\/\",\"name\":\"Physipro inc.\",\"description\":\"Un site utilisant WordPress\",\"potentialAction\":[{\"@type\":\"SearchAction\",\"target\":{\"@type\":\"EntryPoint\",\"urlTemplate\":\"https:\/\/www.physipro.com\/?s={search_term_string}\"},\"query-input\":\"required name=search_term_string\"}],\"inLanguage\":\"es\"}]}<\/script>\n<!-- \/ Yoast SEO plugin. -->","yoast_head_json":{"title":"Preguntas Frecuentes - Physipro inc.","robots":{"index":"index","follow":"follow","max-snippet":"max-snippet:-1","max-image-preview":"max-image-preview:large","max-video-preview":"max-video-preview:-1"},"canonical":"https:\/\/www.physipro.com\/es\/servicio-cliente\/faqs\/","og_locale":"es_ES","og_type":"article","og_title":"Preguntas Frecuentes - Physipro inc.","og_description":"[vc_row][vc_column width=&#8221;2\/3&#8243;][vc_column_text]M\u00e1s informaci\u00f3n sobre todos los productos y servicios ofrecidos.[\/vc_column_text][vc_separator color=&#8221;grey&#8221;][vc_toggle title=&#8221;\u00bfEn d\u00f3nde puedo encontrar un Manual de Utilizaci\u00f3n para mi producto?&#8221; open=&#8221;true&#8221; style=&#8221;default&#8221; size=&#8221;md&#8221;]Puede bajar el Manual de Utilizaci\u00f3n en formato PDF aqu\u00ed[\/vc_toggle][vc_separator color=&#8221;grey&#8221;][vc_toggle title=&#8221;\u00bfEn d\u00f3nde puedo comprar productos Physipro? \u00bfPuedo comprar directamente en Physipro?&#8221; open=&#8221;false&#8221; style=&#8221;default&#8221; size=&#8221;md&#8221;]Physipro vende...","og_url":"https:\/\/www.physipro.com\/es\/servicio-cliente\/faqs\/","og_site_name":"Physipro inc.","article_modified_time":"2019-12-12T19:47:55+00:00","twitter_misc":{"Tiempo de lectura":"2 minutos"},"schema":{"@context":"https:\/\/schema.org","@graph":[{"@type":"WebPage","@id":"https:\/\/www.physipro.com\/es\/servicio-cliente\/faqs\/","url":"https:\/\/www.physipro.com\/es\/servicio-cliente\/faqs\/","name":"Preguntas Frecuentes - Physipro inc.","isPartOf":{"@id":"https:\/\/www.physipro.com\/#website"},"datePublished":"2015-02-25T21:08:01+00:00","dateModified":"2019-12-12T19:47:55+00:00","breadcrumb":{"@id":"https:\/\/www.physipro.com\/es\/servicio-cliente\/faqs\/#breadcrumb"},"inLanguage":"es","potentialAction":[{"@type":"ReadAction","target":["https:\/\/www.physipro.com\/es\/servicio-cliente\/faqs\/"]}]},{"@type":"BreadcrumbList","@id":"https:\/\/www.physipro.com\/es\/servicio-cliente\/faqs\/#breadcrumb","itemListElement":[{"@type":"ListItem","position":1,"name":"Accueil","item":"https:\/\/www.physipro.com\/es\/"},{"@type":"ListItem","position":2,"name":"Servicio Al Cliente","item":"https:\/\/www.physipro.com\/es\/servicio-cliente\/"},{"@type":"ListItem","position":3,"name":"Preguntas Frecuentes"}]},{"@type":"WebSite","@id":"https:\/\/www.physipro.com\/#website","url":"https:\/\/www.physipro.com\/","name":"Physipro inc.","description":"Un site utilisant WordPress","potentialAction":[{"@type":"SearchAction","target":{"@type":"EntryPoint","urlTemplate":"https:\/\/www.physipro.com\/?s={search_term_string}"},"query-input":"required name=search_term_string"}],"inLanguage":"es"}]}},"_links":{"self":[{"href":"https:\/\/www.physipro.com\/es\/wp-json\/wp\/v2\/pages\/8045","targetHints":{"allow":["GET"]}}],"collection":[{"href":"https:\/\/www.physipro.com\/es\/wp-json\/wp\/v2\/pages"}],"about":[{"href":"https:\/\/www.physipro.com\/es\/wp-json\/wp\/v2\/types\/page"}],"author":[{"embeddable":true,"href":"https:\/\/www.physipro.com\/es\/wp-json\/wp\/v2\/users\/1"}],"replies":[{"embeddable":true,"href":"https:\/\/www.physipro.com\/es\/wp-json\/wp\/v2\/comments?post=8045"}],"version-history":[{"count":15,"href":"https:\/\/www.physipro.com\/es\/wp-json\/wp\/v2\/pages\/8045\/revisions"}],"predecessor-version":[{"id":25296,"href":"https:\/\/www.physipro.com\/es\/wp-json\/wp\/v2\/pages\/8045\/revisions\/25296"}],"up":[{"embeddable":true,"href":"https:\/\/www.physipro.com\/es\/wp-json\/wp\/v2\/pages\/6536"}],"wp:attachment":[{"href":"https:\/\/www.physipro.com\/es\/wp-json\/wp\/v2\/media?parent=8045"}],"curies":[{"name":"wp","href":"https:\/\/api.w.org\/{rel}","templated":true}]}}