{"id":1129,"date":"2015-03-05T20:00:25","date_gmt":"2015-03-09T19:01:24","guid":{"rendered":"https:\/\/www.physipro.com\/?post_type=product&#038;p=1129"},"modified":"2017-01-31T19:33:28","modified_gmt":"2017-01-31T19:33:28","slug":"bases-de-posicionamiento-neox","status":"publish","type":"product","link":"https:\/\/www.physipro.com\/es\/producto\/bases-de-posicionamiento-neox\/","title":{"rendered":"Bases de posicionamiento Neox"},"content":{"rendered":"<div class=\"wpb-content-wrapper\"><p>[vc_row full_width=&#8221;stretch_row_content&#8221; el_class=&#8221;btn-group-anchor&#8221;][vc_column width=&#8221;1\/4&#8243;]<a href=\"#features\" class=\"btn btn-default\"> <span>Caracter\u00edsticas<\/span><\/a>[\/vc_column][vc_column width=&#8221;1\/4&#8243;]<a href=\"#specifications\" class=\"btn btn-default\"> <span>Especificaciones<\/span><\/a>[\/vc_column][vc_column width=&#8221;1\/4&#8243;]<a href=\"#video\" class=\"btn btn-default\"> <span>Documentaciones<\/span><\/a>[\/vc_column][vc_column width=&#8221;1\/4&#8243;]<a href=\"#colors\" class=\"btn btn-default\"> <span>Colores<\/span><\/a>[\/vc_column][\/vc_row][vc_row css=&#8221;.vc_custom_1426851419128{padding-bottom: 100px !important;}&#8221;][vc_column width=&#8221;2\/3&#8243;][vc_gallery interval=&#8221;3&#8243; images=&#8221;6762,6767,6772,6757,6752&#8243; img_size=&#8221;full&#8221;][\/vc_column][vc_column width=&#8221;1\/3&#8243;][vc_column_text]<a href=\"https:\/\/www.physipro.com\/wp-content\/uploads\/2015\/03\/chrome-neox-300x64.png\"><img loading=\"lazy\" decoding=\"async\" class=\"alignnone wp-image-548\" src=\"https:\/\/www.physipro.com\/wp-content\/uploads\/2015\/03\/chrome-neox-300x64.png\" alt=\"chrome-neox\" width=\"225\" height=\"48\" srcset=\"https:\/\/www.physipro.com\/wp-content\/uploads\/2015\/03\/chrome-neox-300x64.png 300w, https:\/\/www.physipro.com\/wp-content\/uploads\/2015\/03\/chrome-neox-600x128.png 600w, https:\/\/www.physipro.com\/wp-content\/uploads\/2015\/03\/chrome-neox.png 793w\" sizes=\"auto, (max-width: 225px) 100vw, 225px\" \/><\/a><\/p>\n<p><strong><em>Un dise\u00f1o aventajado por sus formas geom\u00e9tricas y una tecnolog\u00eda reinventada, ha permitido que la NEOX5 satisfaga la calidad mediante caracter\u00edsticas de ligereza, manejo y robustez.<\/em><\/strong><\/p>\n<p>Los m\u00faltiples ajustes de la NEOX5 le han permitido alcanzar la forma deseada y han facilitado enormemente la nueva adjudicaci\u00f3n.<\/p>\n<p>La NEOX5 ofrece como alternativa un respaldo din\u00e1mico que la protege contra todos los movimientos no controlados. Adem\u00e1s est\u00e1 equipada con una caracter\u00edstica de regulaci\u00f3n de la altura del asiento que favorece la propulsi\u00f3n y las transferencias.<\/p>\n<p>&nbsp;<\/p>\n<p><strong>Perfecto para los programas de reciclaje<\/strong><\/p>\n<p>Los numerosos ajustes de la NEOX\u2122 le permiten alcanzar la forma deseada y favorecen enormemente la readjudicaci\u00f3n.<\/p>\n<p>&nbsp;<\/p>\n<p><strong>\u00a1Nueva tecnolog\u00eda con m\u00e1s opciones que nunca!<\/strong>[\/vc_column_text]<a href=\"https:\/\/www.physipro.com\/wp-content\/uploads\/2015\/03\/Brochure_Neox_EN.pdf\" target=\"_blank\"class=\"btn btn-primary\"> <span>Descargar el folleto<\/span><\/a>[\/vc_column][\/vc_row][vc_row full_width=&#8221;stretch_row_content&#8221; el_class=&#8221;section-sticky row-middle&#8221; id_attribute=&#8221;features&#8221; css=&#8221;.vc_custom_1426850278929{padding-bottom: 100px !important;}&#8221;][vc_column width=&#8221;1\/4&#8243; css=&#8221;.vc_custom_1426794651536{padding-left: 0px !important;}&#8221;][vc_single_image image=&#8221;1076&#8243; img_size=&#8221;full&#8221;][\/vc_column][vc_column width=&#8221;1\/4&#8243; css=&#8221;.vc_custom_1426849758016{padding-bottom: 100px !important;}&#8221;][vc_column_text]<\/p>\n<h2 style=\"text-align: center;\">Freno de pie<\/h2>\n<p style=\"text-align: center;\">Freno de pie seguro y f\u00e1cil de usar<\/p>\n<p>[\/vc_column_text][\/vc_column][vc_column width=&#8221;1\/4&#8243;][vc_single_image image=&#8221;6844&#8243; img_size=&#8221;full&#8221;][\/vc_column][vc_column width=&#8221;1\/4&#8243; css=&#8221;.vc_custom_1426849931073{padding-right: 100px !important;padding-bottom: 100px !important;}&#8221;][vc_column_text]<\/p>\n<h2 style=\"text-align: center;\">Configuraci\u00f3n de 6 ruedas<\/h2>\n<p style=\"text-align: center;\">La adici\u00f3n de ruedas retr\u00e1ctiles en la parte posterior disminuye el radio de giro y permite que la base NEOX5 tenga facilidad de propulsi\u00f3n mientras que se mantiene c\u00f3modamente sentado en posici\u00f3n reclinada.<\/p>\n<p>[\/vc_column_text][\/vc_column][\/vc_row][vc_row full_width=&#8221;stretch_row_content&#8221; el_class=&#8221;section-sticky row-middle&#8221; css=&#8221;.vc_custom_1426849862067{border-top-width: 100px !important;background-color: #f3f3f5 !important;}&#8221;][vc_column width=&#8221;1\/2&#8243;][vc_single_image image=&#8221;1109&#8243; img_size=&#8221;full&#8221;][\/vc_column][vc_column width=&#8221;1\/2&#8243;][vc_column_text]<\/p>\n<h2 style=\"text-align: center;\">Superar los obst\u00e1culos<\/h2>\n<p style=\"text-align: center;\">La tecnolog\u00eda de horquillas plegables facilita enormemente su utilizaci\u00f3n cotidiana tanto al exterior como al interior<\/p>\n<p>[\/vc_column_text][\/vc_column][\/vc_row][vc_row full_width=&#8221;stretch_row_content&#8221; el_class=&#8221;section-sticky row-middle&#8221; id_attribute=&#8221;features&#8221; css=&#8221;.vc_custom_1426850471793{padding-top: 100px !important;padding-right: 100px !important;padding-left: 0px !important;}&#8221;][vc_column width=&#8221;1\/4&#8243; css=&#8221;.vc_custom_1426850048285{padding-left: 0px !important;}&#8221;][vc_single_image image=&#8221;1105&#8243; img_size=&#8221;full&#8221; css=&#8221;.vc_custom_1426850096188{padding-left: 0px !important;}&#8221;][\/vc_column][vc_column width=&#8221;1\/4&#8243;][vc_column_text]<\/p>\n<h2 style=\"text-align: center;\">Regulaci\u00f3n en evoluci\u00f3n<\/h2>\n<p style=\"text-align: center;\">Las formas alargadas y telesc\u00f3picas del chasis de la NEOX5 han sido concebidas con un m\u00e1ximo de precisi\u00f3n. El desplazamiento de los tubos permite un reglaje r\u00e1pido a su posici\u00f3n inicial.<\/p>\n<p>[\/vc_column_text][\/vc_column][vc_column width=&#8221;1\/4&#8243;][vc_single_image image=&#8221;1101&#8243; img_size=&#8221;full&#8221;][\/vc_column][vc_column width=&#8221;1\/4&#8243;][vc_column_text]<\/p>\n<h2 style=\"text-align: center;\">Protege de todos los movimientos que no est\u00e1n controlados<\/h2>\n<p style=\"text-align: center;\">La NEOX\u2122 propone como alternativa un respaldo din\u00e1mico que le protege de todos los movimientos que no est\u00e1n controlados. Adem\u00e1s, est\u00e1 equipada con una caracter\u00edsitica de regulaci\u00f3n de altura del asiento que favorece la propulsi\u00f3n y las transferencias.<\/p>\n<p>[\/vc_column_text][\/vc_column][\/vc_row][vc_row full_width=&#8221;stretch_row&#8221; css=&#8221;.vc_custom_1425559412647{background-color: #f2f2f4 !important;}&#8221; el_class=&#8221;section-full section-swatches&#8221; id_attribute=&#8221;colors&#8221;][vc_column][vc_column_text]<\/p>\n<h2 style=\"text-align: center;\">Colores disponibles<\/h2>\n<p>[\/vc_column_text][vc_row_inner][vc_column_inner width=&#8221;1\/6&#8243;][vc_single_image image=&#8221;892&#8243; img_size=&#8221;medium&#8221;][vc_column_text]<\/p>\n<p style=\"text-align: center;\"><strong>Blanco<\/strong><\/p>\n<p>[\/vc_column_text][\/vc_column_inner][vc_column_inner width=&#8221;1\/6&#8243;][vc_single_image image=&#8221;888&#8243; img_size=&#8221;medium&#8221;][vc_column_text]<\/p>\n<p style=\"text-align: center;\"><strong>Plateado<\/strong><\/p>\n<p>[\/vc_column_text][\/vc_column_inner][vc_column_inner width=&#8221;1\/6&#8243;][vc_single_image image=&#8221;900&#8243; img_size=&#8221;medium&#8221;][vc_column_text]<\/p>\n<p style=\"text-align: center;\"><strong>Carb\u00f3n<\/strong><\/p>\n<p>[\/vc_column_text][\/vc_column_inner][vc_column_inner width=&#8221;1\/6&#8243;][vc_single_image image=&#8221;868&#8243; img_size=&#8221;medium&#8221;][vc_column_text]<\/p>\n<p style=\"text-align: center;\"><strong>Negro Mate<\/strong><\/p>\n<p>[\/vc_column_text][\/vc_column_inner][vc_column_inner width=&#8221;1\/6&#8243;][vc_single_image image=&#8221;908&#8243; img_size=&#8221;medium&#8221;][vc_column_text]<\/p>\n<p style=\"text-align: center;\"><strong>Negro Lustroso<\/strong><\/p>\n<p>[\/vc_column_text][\/vc_column_inner][vc_column_inner width=&#8221;1\/6&#8243;][vc_single_image image=&#8221;904&#8243; img_size=&#8221;medium&#8221;][vc_column_text]<\/p>\n<p style=\"text-align: center;\"><strong>Morado Iluminado<\/strong><\/p>\n<p>[\/vc_column_text][\/vc_column_inner][\/vc_row_inner][vc_row_inner][vc_column_inner width=&#8221;1\/6&#8243;][vc_single_image image=&#8221;872&#8243; img_size=&#8221;medium&#8221;][vc_column_text]<\/p>\n<p style=\"text-align: center;\"><strong>Rojo Ciruela<\/strong><\/p>\n<p>[\/vc_column_text][\/vc_column_inner][vc_column_inner width=&#8221;1\/6&#8243;][vc_single_image image=&#8221;876&#8243; img_size=&#8221;medium&#8221;][vc_column_text]<\/p>\n<p style=\"text-align: center;\"><strong>Rojo Bomb\u00f3n<\/strong><\/p>\n<p>[\/vc_column_text][\/vc_column_inner][vc_column_inner width=&#8221;1\/6&#8243;][vc_single_image image=&#8221;884&#8243; img_size=&#8221;medium&#8221;][vc_column_text]<\/p>\n<p style=\"text-align: center;\"><strong>Verde Iluminado<\/strong><\/p>\n<p>[\/vc_column_text][\/vc_column_inner][vc_column_inner width=&#8221;1\/6&#8243;][vc_single_image image=&#8221;880&#8243; img_size=&#8221;medium&#8221;][vc_column_text]<\/p>\n<p style=\"text-align: center;\"><strong>Verde Bomb\u00f3n<\/strong><\/p>\n<p>[\/vc_column_text][\/vc_column_inner][vc_column_inner width=&#8221;1\/6&#8243;][vc_single_image image=&#8221;896&#8243; img_size=&#8221;medium&#8221;][vc_column_text]<\/p>\n<p style=\"text-align: center;\"><strong>Azul Bomb\u00f3n<\/strong><\/p>\n<p>[\/vc_column_text][\/vc_column_inner][vc_column_inner width=&#8221;1\/6&#8243;][vc_single_image image=&#8221;14516&#8243; img_size=&#8221;medium&#8221;][vc_column_text]<\/p>\n<p style=\"text-align: center;\"><strong>Naranja<\/strong><\/p>\n<p>[\/vc_column_text][\/vc_column_inner][\/vc_row_inner][vc_row_inner][vc_column_inner width=&#8221;1\/6&#8243;][vc_single_image image=&#8221;14511&#8243; img_size=&#8221;medium&#8221;][vc_column_text]<\/p>\n<p style=\"text-align: center;\"><strong>Amarillo<\/strong><\/p>\n<p>[\/vc_column_text][\/vc_column_inner][vc_column_inner width=&#8221;1\/6&#8243;][\/vc_column_inner][vc_column_inner width=&#8221;1\/6&#8243;][\/vc_column_inner][vc_column_inner width=&#8221;1\/6&#8243;][\/vc_column_inner][vc_column_inner width=&#8221;1\/6&#8243;][\/vc_column_inner][vc_column_inner width=&#8221;1\/6&#8243;][\/vc_column_inner][\/vc_row_inner][\/vc_column][\/vc_row][vc_row full_width=&#8221;stretch_row&#8221; id_attribute=&#8221;specifications&#8221; el_class=&#8221;section-specifications&#8221;][vc_column][vc_column_text]<\/p>\n<h2>Especificaciones<\/h2>\n<p>[\/vc_column_text][vc_column_text el_class=&#8221;specification-table&#8221;]<\/p>\n<table>\n<tbody>\n<tr>\n<td><strong>Tipo de chasis<\/strong><\/td>\n<td>Inclinable<\/td>\n<\/tr>\n<tr>\n<td><strong>Composici\u00f3n<\/strong><\/td>\n<td>Aluminio<\/td>\n<\/tr>\n<tr>\n<td><strong>Profundidad del conj\u00edn<\/strong><\/td>\n<td>14\u2033 a 22\u2033<\/td>\n<\/tr>\n<tr>\n<td><strong>Ancho del coj\u00edn<\/strong><\/td>\n<td>Chasis peque\u00f1o 14\u2033 a 19\u2033<br \/>\nChasis grande 19\u2033 a 22\u2033<br \/>\nChasis reforzado 20\u2033 a 26\u2033<\/td>\n<\/tr>\n<tr>\n<td><strong>Altura del asiento<br \/>\nadelante<br \/>\n<\/strong><\/td>\n<td>13\u2033 a 20\u2033<\/td>\n<\/tr>\n<tr>\n<td><strong>Di\u00e1metro rueda de adelante<\/strong><\/td>\n<td>5\u2033, 6\u2033, 8\u2033<\/td>\n<\/tr>\n<tr>\n<td><strong>Di\u00e1metro rueda de atr\u00e1s<\/strong><\/td>\n<td>12\u2033, 16\u2033, 20\u2033, 22\u2033 y 24\u2033<\/td>\n<\/tr>\n<tr>\n<td><strong>Peso de transporte*<\/strong><\/td>\n<td>Neox 4 ruedas 50.8 lb<br \/>\nNeox 6 ruedas 55.8 lb<\/td>\n<\/tr>\n<tr>\n<td><strong>Peso m\u00e1x. del usuario<\/strong><\/td>\n<td>Est\u00e1ndar 250 lb (113 kg)<br \/>\nDe gran eficacia 350 lb (159 kg)<\/td>\n<\/tr>\n<tr>\n<td><strong>Largo de un extremo al otro<\/strong><\/td>\n<td>42\u2033<\/td>\n<\/tr>\n<tr>\n<td><strong>Ancho de un extremo al otro<\/strong><\/td>\n<td>+ 8\u2033 min. ancho del coj\u00edn<br \/>\n+ 6\u2033 para un ancho de 20&#8243; y m\u00e1s<\/td>\n<\/tr>\n<tr>\n<td><strong>Altura del respaldo <\/strong><\/td>\n<td>12\u2033 a 25\u2033<\/td>\n<\/tr>\n<tr>\n<td><strong>Inclinaci\u00f3n del respaldo <\/strong><\/td>\n<td>85\u00b0 a 115\u00b0<\/td>\n<\/tr>\n<tr>\n<td><strong>B\u00e1scula <\/strong><\/td>\n<td>(-) 5\u00b0 a 45\u00b0<\/td>\n<\/tr>\n<tr>\n<td><strong>Reprosbrazo<\/strong><\/td>\n<td><strong>Tipo \u00ab U \u00bb<\/strong> 8 \u00bc\u2033a 12 \u00be\u2033<br \/>\n<strong>Tipo \u00ab U \u00bb bajo<\/strong> 6\u2033a 9\u2033<\/td>\n<\/tr>\n<tr>\n<td><strong>Reposapi\u00e9s <\/strong><\/td>\n<td>60\u00b0 &#8211; 70\u00b0 y 90\u00b0<\/td>\n<\/tr>\n<tr>\n<td><strong>Reposapiernas<\/strong><\/td>\n<td>elevables de compensaci\u00f3n<\/td>\n<\/tr>\n<tr>\n<td colspan=\"2\"><\/td>\n<\/tr>\n<tr>\n<td colspan=\"2\">*Configurado con una silla de ruedas 16\u2033 x 16\u2033 y todas las opciones est\u00e1ndares excepto las ruedas de atr\u00e1s. Las ruedas de atr\u00e1s no est\u00e1n inclu\u00eddas pues su peso var\u00eda de un modelo a otro. Como referencia, un par de ruedas est\u00e1ndares de 22\u2033 pesa 7.8 lb.<\/td>\n<\/tr>\n<\/tbody>\n<\/table>\n<p>[\/vc_column_text][\/vc_column][\/vc_row][vc_row id_attribute=&#8221;video&#8221; el_class=&#8221;btn-file-group&#8221;][vc_column][vc_column_text]<\/p>\n<h2>Documentaci\u00f3n<\/h2>\n<p>[\/vc_column_text]<a href=\"https:\/\/www.physipro.com\/wp-content\/uploads\/2015\/03\/Brochure_Neox_EN.pdf\" target=\"_blank\"class=\"btn btn-default btn-lg\"><i class=\"fa fa-file-pdf-o fa-lg\"><\/i> <span>Folleto<\/span><\/a><a href=\"https:\/\/www.physipro.com\/wp-content\/uploads\/2015\/03\/User_Manual_Neox.pdf\" target=\"_blank\"class=\"btn btn-default btn-lg\"><i class=\"fa fa-file-pdf-o fa-lg\"><\/i> <span>Manual del usuario<\/span><\/a><a href=\"http:\/\/www.physipro.com\/wp-content\/uploads\/2016\/03\/Parts_Catalog_NEOX.pdf\" target=\"_blank\"class=\"btn btn-default btn-lg\"><i class=\"fa fa- fa-lg\"><\/i> <span>Cat\u00e1logo de piezas<\/span><\/a>[\/vc_column][\/vc_row]<\/p>\n<\/div>","protected":false},"excerpt":{"rendered":"<p>[vc_row full_width=&#8221;stretch_row_content&#8221; el_class=&#8221;btn-group-anchor&#8221;][vc_column width=&#8221;1\/4&#8243;][\/vc_column][vc_column width=&#8221;1\/4&#8243;][\/vc_column][vc_column width=&#8221;1\/4&#8243;][\/vc_column][vc_column width=&#8221;1\/4&#8243;][\/vc_column][\/vc_row][vc_row css=&#8221;.vc_custom_1426851419128{padding-bottom: 100px !important;}&#8221;][vc_column width=&#8221;2\/3&#8243;][vc_gallery interval=&#8221;3&#8243; images=&#8221;6762,6767,6772,6757,6752&#8243; img_size=&#8221;full&#8221;][\/vc_column][vc_column width=&#8221;1\/3&#8243;][vc_column_text] Un dise\u00f1o aventajado por sus formas geom\u00e9tricas y una tecnolog\u00eda reinventada, ha permitido que la NEOX5 satisfaga la calidad mediante caracter\u00edsticas de ligereza, manejo y robustez. Los m\u00faltiples ajustes de la NEOX5 le han permitido&#8230;<\/p>\n <p><a class=\"read-more btn btn-primary btn-lg\" href=\"https:\/\/www.physipro.com\/es\/producto\/bases-de-posicionamiento-neox\/\">Leer m&aacute;s<\/a><\/p>","protected":false},"featured_media":22734,"comment_status":"open","ping_status":"closed","template":"","meta":{"_acf_changed":false},"product_cat":[76],"product_tag":[],"class_list":{"0":"post-1129","1":"product","2":"type-product","3":"status-publish","4":"has-post-thumbnail","6":"product_cat-movilidad-es","8":"first","9":"instock","10":"shipping-taxable","11":"product-type-simple"},"acf":[],"yoast_head":"<!-- This site is optimized with the Yoast SEO plugin v22.3 - https:\/\/yoast.com\/wordpress\/plugins\/seo\/ -->\n<title>Bases de posicionamiento Neox - Physipro inc.<\/title>\n<meta name=\"robots\" content=\"index, follow, max-snippet:-1, max-image-preview:large, max-video-preview:-1\" \/>\n<link rel=\"canonical\" href=\"https:\/\/www.physipro.com\/es\/product\/bases-de-posicionamiento-neox\/\" \/>\n<meta property=\"og:locale\" content=\"es_ES\" \/>\n<meta property=\"og:type\" content=\"article\" \/>\n<meta property=\"og:title\" content=\"Bases de posicionamiento Neox - Physipro inc.\" \/>\n<meta property=\"og:description\" content=\"[vc_row full_width=&#8221;stretch_row_content&#8221; el_class=&#8221;btn-group-anchor&#8221;][vc_column width=&#8221;1\/4&#8243;][\/vc_column][vc_column width=&#8221;1\/4&#8243;][\/vc_column][vc_column width=&#8221;1\/4&#8243;][\/vc_column][vc_column width=&#8221;1\/4&#8243;][\/vc_column][\/vc_row][vc_row css=&#8221;.vc_custom_1426851419128{padding-bottom: 100px !important;}&#8221;][vc_column width=&#8221;2\/3&#8243;][vc_gallery interval=&#8221;3&#8243; images=&#8221;6762,6767,6772,6757,6752&#8243; img_size=&#8221;full&#8221;][\/vc_column][vc_column width=&#8221;1\/3&#8243;][vc_column_text] Un dise\u00f1o aventajado por sus formas geom\u00e9tricas y una tecnolog\u00eda reinventada, ha permitido que la NEOX5 satisfaga la calidad mediante caracter\u00edsticas de ligereza, manejo y robustez. Los m\u00faltiples ajustes de la NEOX5 le han permitido...\" \/>\n<meta property=\"og:url\" content=\"https:\/\/www.physipro.com\/es\/product\/bases-de-posicionamiento-neox\/\" \/>\n<meta property=\"og:site_name\" content=\"Physipro inc.\" \/>\n<meta property=\"article:modified_time\" content=\"2017-01-31T19:33:28+00:00\" \/>\n<meta property=\"og:image\" content=\"https:\/\/www.physipro.com\/wp-content\/uploads\/NEOX_600x600.png\" \/>\n\t<meta property=\"og:image:width\" content=\"600\" \/>\n\t<meta property=\"og:image:height\" content=\"600\" \/>\n\t<meta property=\"og:image:type\" content=\"image\/png\" \/>\n<meta name=\"twitter:label1\" content=\"Tiempo de lectura\" \/>\n\t<meta name=\"twitter:data1\" content=\"7 minutos\" \/>\n<script type=\"application\/ld+json\" class=\"yoast-schema-graph\">{\"@context\":\"https:\/\/schema.org\",\"@graph\":[{\"@type\":\"WebPage\",\"@id\":\"https:\/\/www.physipro.com\/es\/product\/bases-de-posicionamiento-neox\/\",\"url\":\"https:\/\/www.physipro.com\/es\/product\/bases-de-posicionamiento-neox\/\",\"name\":\"Bases de posicionamiento Neox - Physipro inc.\",\"isPartOf\":{\"@id\":\"https:\/\/www.physipro.com\/#website\"},\"primaryImageOfPage\":{\"@id\":\"https:\/\/www.physipro.com\/es\/product\/bases-de-posicionamiento-neox\/#primaryimage\"},\"image\":{\"@id\":\"https:\/\/www.physipro.com\/es\/product\/bases-de-posicionamiento-neox\/#primaryimage\"},\"thumbnailUrl\":\"https:\/\/www.physipro.com\/wp-content\/uploads\/NEOX_600x600.png\",\"datePublished\":\"2015-03-09T19:01:24+00:00\",\"dateModified\":\"2017-01-31T19:33:28+00:00\",\"breadcrumb\":{\"@id\":\"https:\/\/www.physipro.com\/es\/product\/bases-de-posicionamiento-neox\/#breadcrumb\"},\"inLanguage\":\"es\",\"potentialAction\":[{\"@type\":\"ReadAction\",\"target\":[\"https:\/\/www.physipro.com\/es\/product\/bases-de-posicionamiento-neox\/\"]}]},{\"@type\":\"ImageObject\",\"inLanguage\":\"es\",\"@id\":\"https:\/\/www.physipro.com\/es\/product\/bases-de-posicionamiento-neox\/#primaryimage\",\"url\":\"https:\/\/www.physipro.com\/wp-content\/uploads\/NEOX_600x600.png\",\"contentUrl\":\"https:\/\/www.physipro.com\/wp-content\/uploads\/NEOX_600x600.png\",\"width\":600,\"height\":600},{\"@type\":\"BreadcrumbList\",\"@id\":\"https:\/\/www.physipro.com\/es\/product\/bases-de-posicionamiento-neox\/#breadcrumb\",\"itemListElement\":[{\"@type\":\"ListItem\",\"position\":1,\"name\":\"Accueil\",\"item\":\"https:\/\/www.physipro.com\/es\/\"},{\"@type\":\"ListItem\",\"position\":2,\"name\":\"Tienda\",\"item\":\"https:\/\/www.physipro.com\/es\/tienda\/\"},{\"@type\":\"ListItem\",\"position\":3,\"name\":\"Bases de posicionamiento Neox\"}]},{\"@type\":\"WebSite\",\"@id\":\"https:\/\/www.physipro.com\/#website\",\"url\":\"https:\/\/www.physipro.com\/\",\"name\":\"Physipro inc.\",\"description\":\"Un site utilisant WordPress\",\"potentialAction\":[{\"@type\":\"SearchAction\",\"target\":{\"@type\":\"EntryPoint\",\"urlTemplate\":\"https:\/\/www.physipro.com\/?s={search_term_string}\"},\"query-input\":\"required name=search_term_string\"}],\"inLanguage\":\"es\"}]}<\/script>\n<!-- \/ Yoast SEO plugin. -->","yoast_head_json":{"title":"Bases de posicionamiento Neox - Physipro inc.","robots":{"index":"index","follow":"follow","max-snippet":"max-snippet:-1","max-image-preview":"max-image-preview:large","max-video-preview":"max-video-preview:-1"},"canonical":"https:\/\/www.physipro.com\/es\/product\/bases-de-posicionamiento-neox\/","og_locale":"es_ES","og_type":"article","og_title":"Bases de posicionamiento Neox - Physipro inc.","og_description":"[vc_row full_width=&#8221;stretch_row_content&#8221; el_class=&#8221;btn-group-anchor&#8221;][vc_column width=&#8221;1\/4&#8243;][\/vc_column][vc_column width=&#8221;1\/4&#8243;][\/vc_column][vc_column width=&#8221;1\/4&#8243;][\/vc_column][vc_column width=&#8221;1\/4&#8243;][\/vc_column][\/vc_row][vc_row css=&#8221;.vc_custom_1426851419128{padding-bottom: 100px !important;}&#8221;][vc_column width=&#8221;2\/3&#8243;][vc_gallery interval=&#8221;3&#8243; images=&#8221;6762,6767,6772,6757,6752&#8243; img_size=&#8221;full&#8221;][\/vc_column][vc_column width=&#8221;1\/3&#8243;][vc_column_text] Un dise\u00f1o aventajado por sus formas geom\u00e9tricas y una tecnolog\u00eda reinventada, ha permitido que la NEOX5 satisfaga la calidad mediante caracter\u00edsticas de ligereza, manejo y robustez. Los m\u00faltiples ajustes de la NEOX5 le han permitido...","og_url":"https:\/\/www.physipro.com\/es\/product\/bases-de-posicionamiento-neox\/","og_site_name":"Physipro inc.","article_modified_time":"2017-01-31T19:33:28+00:00","og_image":[{"width":600,"height":600,"url":"https:\/\/www.physipro.com\/wp-content\/uploads\/NEOX_600x600.png","type":"image\/png"}],"twitter_misc":{"Tiempo de lectura":"7 minutos"},"schema":{"@context":"https:\/\/schema.org","@graph":[{"@type":"WebPage","@id":"https:\/\/www.physipro.com\/es\/product\/bases-de-posicionamiento-neox\/","url":"https:\/\/www.physipro.com\/es\/product\/bases-de-posicionamiento-neox\/","name":"Bases de posicionamiento Neox - Physipro inc.","isPartOf":{"@id":"https:\/\/www.physipro.com\/#website"},"primaryImageOfPage":{"@id":"https:\/\/www.physipro.com\/es\/product\/bases-de-posicionamiento-neox\/#primaryimage"},"image":{"@id":"https:\/\/www.physipro.com\/es\/product\/bases-de-posicionamiento-neox\/#primaryimage"},"thumbnailUrl":"https:\/\/www.physipro.com\/wp-content\/uploads\/NEOX_600x600.png","datePublished":"2015-03-09T19:01:24+00:00","dateModified":"2017-01-31T19:33:28+00:00","breadcrumb":{"@id":"https:\/\/www.physipro.com\/es\/product\/bases-de-posicionamiento-neox\/#breadcrumb"},"inLanguage":"es","potentialAction":[{"@type":"ReadAction","target":["https:\/\/www.physipro.com\/es\/product\/bases-de-posicionamiento-neox\/"]}]},{"@type":"ImageObject","inLanguage":"es","@id":"https:\/\/www.physipro.com\/es\/product\/bases-de-posicionamiento-neox\/#primaryimage","url":"https:\/\/www.physipro.com\/wp-content\/uploads\/NEOX_600x600.png","contentUrl":"https:\/\/www.physipro.com\/wp-content\/uploads\/NEOX_600x600.png","width":600,"height":600},{"@type":"BreadcrumbList","@id":"https:\/\/www.physipro.com\/es\/product\/bases-de-posicionamiento-neox\/#breadcrumb","itemListElement":[{"@type":"ListItem","position":1,"name":"Accueil","item":"https:\/\/www.physipro.com\/es\/"},{"@type":"ListItem","position":2,"name":"Tienda","item":"https:\/\/www.physipro.com\/es\/tienda\/"},{"@type":"ListItem","position":3,"name":"Bases de posicionamiento Neox"}]},{"@type":"WebSite","@id":"https:\/\/www.physipro.com\/#website","url":"https:\/\/www.physipro.com\/","name":"Physipro inc.","description":"Un site utilisant WordPress","potentialAction":[{"@type":"SearchAction","target":{"@type":"EntryPoint","urlTemplate":"https:\/\/www.physipro.com\/?s={search_term_string}"},"query-input":"required name=search_term_string"}],"inLanguage":"es"}]}},"_links":{"self":[{"href":"https:\/\/www.physipro.com\/es\/wp-json\/wp\/v2\/product\/1129","targetHints":{"allow":["GET"]}}],"collection":[{"href":"https:\/\/www.physipro.com\/es\/wp-json\/wp\/v2\/product"}],"about":[{"href":"https:\/\/www.physipro.com\/es\/wp-json\/wp\/v2\/types\/product"}],"replies":[{"embeddable":true,"href":"https:\/\/www.physipro.com\/es\/wp-json\/wp\/v2\/comments?post=1129"}],"wp:featuredmedia":[{"embeddable":true,"href":"https:\/\/www.physipro.com\/es\/wp-json\/wp\/v2\/media\/22734"}],"wp:attachment":[{"href":"https:\/\/www.physipro.com\/es\/wp-json\/wp\/v2\/media?parent=1129"}],"wp:term":[{"taxonomy":"product_cat","embeddable":true,"href":"https:\/\/www.physipro.com\/es\/wp-json\/wp\/v2\/product_cat?post=1129"},{"taxonomy":"product_tag","embeddable":true,"href":"https:\/\/www.physipro.com\/es\/wp-json\/wp\/v2\/product_tag?post=1129"}],"curies":[{"name":"wp","href":"https:\/\/api.w.org\/{rel}","templated":true}]}}