{"id":1177,"date":"2015-03-02T19:41:09","date_gmt":"2015-03-09T19:57:36","guid":{"rendered":"https:\/\/www.physipro.com\/?post_type=product&#038;p=1177"},"modified":"2016-09-27T19:28:46","modified_gmt":"2016-09-27T19:28:46","slug":"base-hardy-2","status":"publish","type":"product","link":"https:\/\/www.physipro.com\/es\/producto\/base-hardy-2\/","title":{"rendered":"Base Hardy"},"content":{"rendered":"<div class=\"wpb-content-wrapper\"><p>[vc_row full_width=&#8221;stretch_row_content&#8221; el_class=&#8221;btn-group-anchor&#8221;][vc_column width=&#8221;1\/3&#8243;]<a href=\"#features\" class=\"btn btn-default\"> <span>Caracter\u00edsticas<\/span><\/a>[\/vc_column][vc_column width=&#8221;1\/3&#8243;]<a href=\"#video\" class=\"btn btn-default\"> <span>Documentaci\u00f3n<\/span><\/a>[\/vc_column][vc_column width=&#8221;1\/3&#8243;]<a href=\"#colors\" class=\"btn btn-default\"> <span>Colores<\/span><\/a>[\/vc_column][\/vc_row][vc_row][vc_column width=&#8221;2\/3&#8243;][vc_gallery interval=&#8221;3&#8243; images=&#8221;2226,1147,1151,6521&#8243; img_size=&#8221;full&#8221;][\/vc_column][vc_column width=&#8221;1\/3&#8243;][vc_column_text]<a href=\"https:\/\/www.physipro.com\/wp-content\/uploads\/2015\/03\/logohardy.png\"><img loading=\"lazy\" decoding=\"async\" class=\"alignnone wp-image-576\" src=\"https:\/\/www.physipro.com\/wp-content\/uploads\/2015\/03\/copy-logo-hardy.png\" alt=\"logohardy\" width=\"168\" height=\"73\" \/><\/a><\/p>\n<p>La base Hardy le ofrece un mecanismo innovador y pr\u00e1ctico que le permite una gran variedad de posiciones confortables para el ni\u00f1o y facilita la utilizaci\u00f3n del acompa\u00f1ante.<\/p>\n<p>Presentada en una gran diversidad de colores, esta base a nivel del piso cuenta con todo para alcanzar su satisfacci\u00f3n. Fue concebida por un equipo experimentado que se mantiene a la escucha de las necesidades y considera que su satisfacci\u00f3n es importante.<\/p>\n<p>Con un mecanismo robusto y seguro, la base Hardy le permite colocar al ni\u00f1o en una posici\u00f3n m\u00e1s alta para estar a nivel de los adultos sin perjudicar su confort irreprochable.<\/p>\n<p>Adem\u00e1s, con un sistema de freno instalado en la cuatro ruedas, la base Hardy puede ser utilizada como asiento de mesa; de este modo, se evita muchos de los desplazamientos a otras sillas de apoyo.[\/vc_column_text]<a href=\"#\" target=\"_blank\"class=\"btn btn-primary\"> <span>Descargar el folleto<\/span><\/a>[\/vc_column][\/vc_row][vc_row full_width=&#8221;stretch_row&#8221; css=&#8221;.vc_custom_1425502321655{background-color: #f3f3f5 !important;}&#8221; el_class=&#8221;section-full&#8221; id_attribute=&#8221;features&#8221;][vc_column width=&#8221;1\/4&#8243;][vc_single_image image=&#8221;1155&#8243; img_size=&#8221;full&#8221;][\/vc_column][vc_column width=&#8221;1\/4&#8243;][vc_column_text]<\/p>\n<h2>Agarraderas<\/h2>\n<p>El dise\u00f1o de las agarraderas de regulaci\u00f3n de la altura del asiento favorece el movimiento de la interface.[\/vc_column_text][\/vc_column][vc_column width=&#8221;1\/4&#8243;][vc_single_image image=&#8221;1167&#8243; img_size=&#8221;full&#8221;][\/vc_column][vc_column width=&#8221;1\/4&#8243;][vc_column_text]<\/p>\n<h2>Reposapi\u00e9s<\/h2>\n<p>El reposapi\u00e9s posterior brinda tranquilidad al profesional encargado cuando ajusta la altura de la interface.[\/vc_column_text][\/vc_column][\/vc_row][vc_row full_width=&#8221;stretch_row_content&#8221; el_class=&#8221;section-sticky row-middle&#8221; css=&#8221;.vc_custom_1427811826310{padding-right: 300px !important;}&#8221;][vc_column width=&#8221;1\/2&#8243;][vc_single_image image=&#8221;1143&#8243; img_size=&#8221;full&#8221;][\/vc_column][vc_column width=&#8221;1\/2&#8243;][vc_column_text]<\/p>\n<h2>Ruedas<\/h2>\n<p>Ruedas rotativas de caucho duro que le permiten un desplazamiento de la base rodante sin problemas. Estas ruedas cuentan con frenos que aseguran una immobilisaci\u00f3n total.[\/vc_column_text][\/vc_column][\/vc_row][vc_row full_width=&#8221;stretch_row&#8221; css=&#8221;.vc_custom_1425559412647{background-color: #f2f2f4 !important;}&#8221; el_class=&#8221;section-full section-swatches&#8221; id_attribute=&#8221;colors&#8221;][vc_column][vc_column_text]<\/p>\n<h2 style=\"text-align: center;\">Colores disponibles<\/h2>\n<p>[\/vc_column_text][vc_row_inner][vc_column_inner width=&#8221;1\/6&#8243;][vc_single_image image=&#8221;892&#8243; img_size=&#8221;medium&#8221;][vc_column_text]<\/p>\n<p style=\"text-align: center;\"><strong>Blanco<\/strong><\/p>\n<p>[\/vc_column_text][\/vc_column_inner][vc_column_inner width=&#8221;1\/6&#8243;][vc_single_image image=&#8221;888&#8243; img_size=&#8221;medium&#8221;][vc_column_text]<\/p>\n<p style=\"text-align: center;\"><strong>Plateado<\/strong><\/p>\n<p>[\/vc_column_text][\/vc_column_inner][vc_column_inner width=&#8221;1\/6&#8243;][vc_single_image image=&#8221;900&#8243; img_size=&#8221;medium&#8221;][vc_column_text]<\/p>\n<p style=\"text-align: center;\"><strong>Carb\u00f3n<\/strong><\/p>\n<p>[\/vc_column_text][\/vc_column_inner][vc_column_inner width=&#8221;1\/6&#8243;][vc_single_image image=&#8221;868&#8243; img_size=&#8221;medium&#8221;][vc_column_text]<\/p>\n<p style=\"text-align: center;\"><strong>Negro Mate<\/strong><\/p>\n<p>[\/vc_column_text][\/vc_column_inner][vc_column_inner width=&#8221;1\/6&#8243;][vc_single_image image=&#8221;908&#8243; img_size=&#8221;medium&#8221;][vc_column_text]<\/p>\n<p style=\"text-align: center;\"><strong>Negro Lustroso<\/strong><\/p>\n<p>[\/vc_column_text][\/vc_column_inner][vc_column_inner width=&#8221;1\/6&#8243;][vc_single_image image=&#8221;904&#8243; img_size=&#8221;medium&#8221;][vc_column_text]<\/p>\n<p style=\"text-align: center;\"><strong>Morado Iluminado<\/strong><\/p>\n<p>[\/vc_column_text][\/vc_column_inner][\/vc_row_inner][vc_row_inner][vc_column_inner width=&#8221;1\/6&#8243;][vc_single_image image=&#8221;872&#8243; img_size=&#8221;medium&#8221;][vc_column_text]<\/p>\n<p style=\"text-align: center;\"><strong>Rojo Ciruela<\/strong><\/p>\n<p>[\/vc_column_text][\/vc_column_inner][vc_column_inner width=&#8221;1\/6&#8243;][vc_single_image image=&#8221;876&#8243; img_size=&#8221;medium&#8221;][vc_column_text]<\/p>\n<p style=\"text-align: center;\"><strong>Rojo Bomb\u00f3n<\/strong><\/p>\n<p>[\/vc_column_text][\/vc_column_inner][vc_column_inner width=&#8221;1\/6&#8243;][vc_single_image image=&#8221;884&#8243; img_size=&#8221;medium&#8221;][vc_column_text]<\/p>\n<p style=\"text-align: center;\"><strong>Verde Iluminado<\/strong><\/p>\n<p>[\/vc_column_text][\/vc_column_inner][vc_column_inner width=&#8221;1\/6&#8243;][vc_single_image image=&#8221;880&#8243; img_size=&#8221;medium&#8221;][vc_column_text]<\/p>\n<p style=\"text-align: center;\"><strong>Verde Bomb\u00f3n<\/strong><\/p>\n<p>[\/vc_column_text][\/vc_column_inner][vc_column_inner width=&#8221;1\/6&#8243;][vc_single_image image=&#8221;896&#8243; img_size=&#8221;medium&#8221;][vc_column_text]<\/p>\n<p style=\"text-align: center;\"><strong>Azul Bomb\u00f3n<\/strong><\/p>\n<p>[\/vc_column_text][\/vc_column_inner][vc_column_inner width=&#8221;1\/6&#8243;][\/vc_column_inner][\/vc_row_inner][\/vc_column][\/vc_row][vc_row id_attribute=&#8221;video&#8221; el_class=&#8221;btn-file-group&#8221;][vc_column][vc_column_text]<\/p>\n<h2>Documentaci\u00f3n<\/h2>\n<p>[\/vc_column_text]<a href=\"#\" target=\"_blank\"class=\"btn btn-default btn-lg\"><i class=\"fa fa-file-pdf-o fa-lg\"><\/i> <span>Folleto<\/span><\/a>[\/vc_column][\/vc_row]<\/p>\n<\/div>","protected":false},"excerpt":{"rendered":"<p>[vc_row full_width=&#8221;stretch_row_content&#8221; el_class=&#8221;btn-group-anchor&#8221;][vc_column width=&#8221;1\/3&#8243;][\/vc_column][vc_column width=&#8221;1\/3&#8243;][\/vc_column][vc_column width=&#8221;1\/3&#8243;][\/vc_column][\/vc_row][vc_row][vc_column width=&#8221;2\/3&#8243;][vc_gallery interval=&#8221;3&#8243; images=&#8221;2226,1147,1151,6521&#8243; img_size=&#8221;full&#8221;][\/vc_column][vc_column width=&#8221;1\/3&#8243;][vc_column_text] La base Hardy le ofrece un mecanismo innovador y pr\u00e1ctico que le permite una gran variedad de posiciones confortables para el ni\u00f1o y facilita la utilizaci\u00f3n del acompa\u00f1ante. Presentada en una gran diversidad de colores, esta base a nivel&#8230;<\/p>\n <p><a class=\"read-more btn btn-primary btn-lg\" href=\"https:\/\/www.physipro.com\/es\/producto\/base-hardy-2\/\">Leer m&aacute;s<\/a><\/p>","protected":false},"featured_media":0,"comment_status":"open","ping_status":"closed","template":"","meta":{"_acf_changed":false},"product_cat":[76],"product_tag":[],"class_list":{"0":"post-1177","1":"product","2":"type-product","3":"status-publish","5":"product_cat-movilidad-es","7":"first","8":"instock","9":"shipping-taxable","10":"product-type-simple"},"acf":[],"yoast_head":"<!-- This site is optimized with the Yoast SEO plugin v22.3 - https:\/\/yoast.com\/wordpress\/plugins\/seo\/ -->\n<title>Base Hardy - Physipro inc.<\/title>\n<meta name=\"robots\" content=\"index, follow, max-snippet:-1, max-image-preview:large, max-video-preview:-1\" \/>\n<link rel=\"canonical\" href=\"https:\/\/www.physipro.com\/es\/product\/base-hardy-2\/\" \/>\n<meta property=\"og:locale\" content=\"es_ES\" \/>\n<meta property=\"og:type\" content=\"article\" \/>\n<meta property=\"og:title\" content=\"Base Hardy - Physipro inc.\" \/>\n<meta property=\"og:description\" content=\"[vc_row full_width=&#8221;stretch_row_content&#8221; el_class=&#8221;btn-group-anchor&#8221;][vc_column width=&#8221;1\/3&#8243;][\/vc_column][vc_column width=&#8221;1\/3&#8243;][\/vc_column][vc_column width=&#8221;1\/3&#8243;][\/vc_column][\/vc_row][vc_row][vc_column width=&#8221;2\/3&#8243;][vc_gallery interval=&#8221;3&#8243; images=&#8221;2226,1147,1151,6521&#8243; img_size=&#8221;full&#8221;][\/vc_column][vc_column width=&#8221;1\/3&#8243;][vc_column_text] La base Hardy le ofrece un mecanismo innovador y pr\u00e1ctico que le permite una gran variedad de posiciones confortables para el ni\u00f1o y facilita la utilizaci\u00f3n del acompa\u00f1ante. Presentada en una gran diversidad de colores, esta base a nivel...\" \/>\n<meta property=\"og:url\" content=\"https:\/\/www.physipro.com\/es\/product\/base-hardy-2\/\" \/>\n<meta property=\"og:site_name\" content=\"Physipro inc.\" \/>\n<meta property=\"article:modified_time\" content=\"2016-09-27T19:28:46+00:00\" \/>\n<meta property=\"og:image\" content=\"https:\/\/www.physipro.com\/wp-content\/uploads\/HARDY_600x600.png\" \/>\n\t<meta property=\"og:image:width\" content=\"600\" \/>\n\t<meta property=\"og:image:height\" content=\"600\" \/>\n\t<meta property=\"og:image:type\" content=\"image\/png\" \/>\n<meta name=\"twitter:label1\" content=\"Tiempo de lectura\" \/>\n\t<meta name=\"twitter:data1\" content=\"4 minutos\" \/>\n<script type=\"application\/ld+json\" class=\"yoast-schema-graph\">{\"@context\":\"https:\/\/schema.org\",\"@graph\":[{\"@type\":\"WebPage\",\"@id\":\"https:\/\/www.physipro.com\/es\/product\/base-hardy-2\/\",\"url\":\"https:\/\/www.physipro.com\/es\/product\/base-hardy-2\/\",\"name\":\"Base Hardy - Physipro inc.\",\"isPartOf\":{\"@id\":\"https:\/\/www.physipro.com\/#website\"},\"primaryImageOfPage\":{\"@id\":\"https:\/\/www.physipro.com\/es\/product\/base-hardy-2\/#primaryimage\"},\"image\":{\"@id\":\"https:\/\/www.physipro.com\/es\/product\/base-hardy-2\/#primaryimage\"},\"thumbnailUrl\":\"https:\/\/www.physipro.com\/wp-content\/uploads\/2015\/03\/copy-logo-hardy.png\",\"datePublished\":\"2015-03-09T19:57:36+00:00\",\"dateModified\":\"2016-09-27T19:28:46+00:00\",\"breadcrumb\":{\"@id\":\"https:\/\/www.physipro.com\/es\/product\/base-hardy-2\/#breadcrumb\"},\"inLanguage\":\"es\",\"potentialAction\":[{\"@type\":\"ReadAction\",\"target\":[\"https:\/\/www.physipro.com\/es\/product\/base-hardy-2\/\"]}]},{\"@type\":\"ImageObject\",\"inLanguage\":\"es\",\"@id\":\"https:\/\/www.physipro.com\/es\/product\/base-hardy-2\/#primaryimage\",\"url\":\"https:\/\/www.physipro.com\/wp-content\/uploads\/2015\/03\/copy-logo-hardy.png\",\"contentUrl\":\"https:\/\/www.physipro.com\/wp-content\/uploads\/2015\/03\/copy-logo-hardy.png\"},{\"@type\":\"BreadcrumbList\",\"@id\":\"https:\/\/www.physipro.com\/es\/product\/base-hardy-2\/#breadcrumb\",\"itemListElement\":[{\"@type\":\"ListItem\",\"position\":1,\"name\":\"Accueil\",\"item\":\"https:\/\/www.physipro.com\/es\/\"},{\"@type\":\"ListItem\",\"position\":2,\"name\":\"Tienda\",\"item\":\"https:\/\/www.physipro.com\/es\/tienda\/\"},{\"@type\":\"ListItem\",\"position\":3,\"name\":\"Base Hardy\"}]},{\"@type\":\"WebSite\",\"@id\":\"https:\/\/www.physipro.com\/#website\",\"url\":\"https:\/\/www.physipro.com\/\",\"name\":\"Physipro inc.\",\"description\":\"Un site utilisant WordPress\",\"potentialAction\":[{\"@type\":\"SearchAction\",\"target\":{\"@type\":\"EntryPoint\",\"urlTemplate\":\"https:\/\/www.physipro.com\/?s={search_term_string}\"},\"query-input\":\"required name=search_term_string\"}],\"inLanguage\":\"es\"}]}<\/script>\n<!-- \/ Yoast SEO plugin. -->","yoast_head_json":{"title":"Base Hardy - Physipro inc.","robots":{"index":"index","follow":"follow","max-snippet":"max-snippet:-1","max-image-preview":"max-image-preview:large","max-video-preview":"max-video-preview:-1"},"canonical":"https:\/\/www.physipro.com\/es\/product\/base-hardy-2\/","og_locale":"es_ES","og_type":"article","og_title":"Base Hardy - Physipro inc.","og_description":"[vc_row full_width=&#8221;stretch_row_content&#8221; el_class=&#8221;btn-group-anchor&#8221;][vc_column width=&#8221;1\/3&#8243;][\/vc_column][vc_column width=&#8221;1\/3&#8243;][\/vc_column][vc_column width=&#8221;1\/3&#8243;][\/vc_column][\/vc_row][vc_row][vc_column width=&#8221;2\/3&#8243;][vc_gallery interval=&#8221;3&#8243; images=&#8221;2226,1147,1151,6521&#8243; img_size=&#8221;full&#8221;][\/vc_column][vc_column width=&#8221;1\/3&#8243;][vc_column_text] La base Hardy le ofrece un mecanismo innovador y pr\u00e1ctico que le permite una gran variedad de posiciones confortables para el ni\u00f1o y facilita la utilizaci\u00f3n del acompa\u00f1ante. Presentada en una gran diversidad de colores, esta base a nivel...","og_url":"https:\/\/www.physipro.com\/es\/product\/base-hardy-2\/","og_site_name":"Physipro inc.","article_modified_time":"2016-09-27T19:28:46+00:00","og_image":[{"width":600,"height":600,"url":"https:\/\/www.physipro.com\/wp-content\/uploads\/HARDY_600x600.png","type":"image\/png"}],"twitter_misc":{"Tiempo de lectura":"4 minutos"},"schema":{"@context":"https:\/\/schema.org","@graph":[{"@type":"WebPage","@id":"https:\/\/www.physipro.com\/es\/product\/base-hardy-2\/","url":"https:\/\/www.physipro.com\/es\/product\/base-hardy-2\/","name":"Base Hardy - Physipro inc.","isPartOf":{"@id":"https:\/\/www.physipro.com\/#website"},"primaryImageOfPage":{"@id":"https:\/\/www.physipro.com\/es\/product\/base-hardy-2\/#primaryimage"},"image":{"@id":"https:\/\/www.physipro.com\/es\/product\/base-hardy-2\/#primaryimage"},"thumbnailUrl":"https:\/\/www.physipro.com\/wp-content\/uploads\/2015\/03\/copy-logo-hardy.png","datePublished":"2015-03-09T19:57:36+00:00","dateModified":"2016-09-27T19:28:46+00:00","breadcrumb":{"@id":"https:\/\/www.physipro.com\/es\/product\/base-hardy-2\/#breadcrumb"},"inLanguage":"es","potentialAction":[{"@type":"ReadAction","target":["https:\/\/www.physipro.com\/es\/product\/base-hardy-2\/"]}]},{"@type":"ImageObject","inLanguage":"es","@id":"https:\/\/www.physipro.com\/es\/product\/base-hardy-2\/#primaryimage","url":"https:\/\/www.physipro.com\/wp-content\/uploads\/2015\/03\/copy-logo-hardy.png","contentUrl":"https:\/\/www.physipro.com\/wp-content\/uploads\/2015\/03\/copy-logo-hardy.png"},{"@type":"BreadcrumbList","@id":"https:\/\/www.physipro.com\/es\/product\/base-hardy-2\/#breadcrumb","itemListElement":[{"@type":"ListItem","position":1,"name":"Accueil","item":"https:\/\/www.physipro.com\/es\/"},{"@type":"ListItem","position":2,"name":"Tienda","item":"https:\/\/www.physipro.com\/es\/tienda\/"},{"@type":"ListItem","position":3,"name":"Base Hardy"}]},{"@type":"WebSite","@id":"https:\/\/www.physipro.com\/#website","url":"https:\/\/www.physipro.com\/","name":"Physipro inc.","description":"Un site utilisant WordPress","potentialAction":[{"@type":"SearchAction","target":{"@type":"EntryPoint","urlTemplate":"https:\/\/www.physipro.com\/?s={search_term_string}"},"query-input":"required name=search_term_string"}],"inLanguage":"es"}]}},"_links":{"self":[{"href":"https:\/\/www.physipro.com\/es\/wp-json\/wp\/v2\/product\/1177","targetHints":{"allow":["GET"]}}],"collection":[{"href":"https:\/\/www.physipro.com\/es\/wp-json\/wp\/v2\/product"}],"about":[{"href":"https:\/\/www.physipro.com\/es\/wp-json\/wp\/v2\/types\/product"}],"replies":[{"embeddable":true,"href":"https:\/\/www.physipro.com\/es\/wp-json\/wp\/v2\/comments?post=1177"}],"wp:attachment":[{"href":"https:\/\/www.physipro.com\/es\/wp-json\/wp\/v2\/media?parent=1177"}],"wp:term":[{"taxonomy":"product_cat","embeddable":true,"href":"https:\/\/www.physipro.com\/es\/wp-json\/wp\/v2\/product_cat?post=1177"},{"taxonomy":"product_tag","embeddable":true,"href":"https:\/\/www.physipro.com\/es\/wp-json\/wp\/v2\/product_tag?post=1177"}],"curies":[{"name":"wp","href":"https:\/\/api.w.org\/{rel}","templated":true}]}}