{"id":1285,"date":"2015-03-10T13:28:02","date_gmt":"2015-03-10T15:22:40","guid":{"rendered":"https:\/\/www.physipro.com\/?post_type=product&#038;p=1285"},"modified":"2015-04-01T14:47:03","modified_gmt":"2015-04-01T14:47:03","slug":"respaldo-axis","status":"publish","type":"product","link":"https:\/\/www.physipro.com\/es\/producto\/respaldo-axis\/","title":{"rendered":"Respaldo Axis\u2122"},"content":{"rendered":"<div class=\"wpb-content-wrapper\"><p>[vc_row el_class=&#8221;btn-group-anchor&#8221; full_width=&#8221;stretch_row_content&#8221;][vc_column width=&#8221;1\/2&#8243;]<a href=\"#features\" class=\"btn btn-default\"> <span>Caracter\u00edsticas<\/span><\/a>[\/vc_column][vc_column width=&#8221;1\/2&#8243;]<a href=\"#video\" class=\"btn btn-default\"> <span>Documentaci\u00f3n<\/span><\/a>[\/vc_column][\/vc_row][vc_row][vc_column width=&#8221;2\/3&#8243;][vc_gallery type=&#8221;flexslider_fade&#8221; interval=&#8221;3&#8243; images=&#8221;1226,1230,1234&#8243; onclick=&#8221;link_image&#8221; custom_links_target=&#8221;_self&#8221; img_size=&#8221;full&#8221;][\/vc_column][vc_column width=&#8221;1\/3&#8243;][vc_column_text]<a href=\"https:\/\/www.physipro.com\/wp-content\/uploads\/2015\/03\/logo-axis.png\"><img loading=\"lazy\" decoding=\"async\" class=\"alignnone  wp-image-1238\" src=\"https:\/\/www.physipro.com\/wp-content\/uploads\/2015\/03\/logo-axis-300x154.png\" alt=\"logo axis\" width=\"166\" height=\"85\" srcset=\"https:\/\/www.physipro.com\/wp-content\/uploads\/2015\/03\/logo-axis-300x154.png 300w, https:\/\/www.physipro.com\/wp-content\/uploads\/2015\/03\/logo-axis-600x309.png 600w, https:\/\/www.physipro.com\/wp-content\/uploads\/2015\/03\/logo-axis.png 946w\" sizes=\"auto, (max-width: 166px) 100vw, 166px\" \/><\/a><\/p>\n<p>\u00a1El respaldo AXIS le presenta m\u00e1s opciones que nunca! Este respaldo de tensi\u00f3n ajustable\u00a0procura un ajuste preciso y cont\u00ednuo para las personas que sufren de enfermedades cr\u00f3nicas y evolutivas. Este preconiza una mayor autonom\u00eda y permite particularmente plegar la silla de ruedas sin retirar el respaldo.[\/vc_column_text]<a href=\"https:\/\/www.physipro.com\/wp-content\/uploads\/2015\/03\/Brochure_Seating_Solutions.pdf\" target=\"_blank\"class=\"btn btn-primary\"><span>Descargar el folleto<\/span> <\/a>[vc_column_text]<\/p>\n<p>&nbsp;<\/p>\n<p>&nbsp;<\/p>\n<p>[\/vc_column_text][\/vc_column][\/vc_row][vc_row full_width=&#8221;stretch_row_content&#8221; el_class=&#8221;section-sticky row-middle&#8221; id_attribute=&#8221;features&#8221; css=&#8221;.vc_custom_1427899525587{padding-top: 100px !important;padding-bottom: 100px !important;background-color: #f9f9f9 !important;}&#8221;][vc_column width=&#8221;1\/2&#8243;][vc_single_image image=&#8221;1242&#8243; border_color=&#8221;grey&#8221; img_link_large=&#8221;&#8221; img_link_target=&#8221;_self&#8221; img_size=&#8221;full&#8221; alignment=&#8221;center&#8221;][\/vc_column][vc_column width=&#8221;1\/2&#8243;][vc_column_text]<\/p>\n<h2>El respaldo Axis se distingue de los dem\u00e1s:<\/h2>\n<p>Nuevo sistema de cintur\u00f3n, el cual permite crear un soporte lumbar o dorsolumbar.<\/p>\n<p>Instalarlo a nivel lumbar, puede corregir una b\u00e1scula anterior de la pelvis o colmar, si fuera necesario, una lordosis.<\/p>\n<p>Instalarlo a nivel dorsal, el mecanismo permite una proyecci\u00f3n hacia adelante para obtener un perfil cif\u00f3tico.<\/p>\n<p>Este cintur\u00f3n se instala f\u00e1cilmente en las barras de la silla de ruedas, y desde luego, a la altura deseada.<\/p>\n<ul>\n<li>Nuevos reposa t\u00f3rax armonisan a\u00fan m\u00e1s con la forma anat\u00f3mica del usuario pudiendo incluso servir para t\u00f3raxes m\u00e1s peque\u00f1os.<\/li>\n<li>Ajuste de los cinturones que cubren el alto del respaldo.<\/li>\n<li>Una selecci\u00f3n ilimitada de formatos.<\/li>\n<li>Con adaptaci\u00f3n personalizada de la mousse.<\/li>\n<li>Funda (impermeable, ignifuga y antimicrobiana).<\/li>\n<li>Moldeado de marca \u00ab\u00a0Sunmate Dynamic\u00a0\u00bb.<\/li>\n<\/ul>\n<p>L\u2019AXIS no s\u00f3lo es un respaldo de tensi\u00f3n ajustasble, es tambi\u00e9n un dispositivo de posicionamiento de los m\u00e1s completos que permite satisfacer las necesidades espec\u00edficas del usuario.[\/vc_column_text][\/vc_column][\/vc_row][vc_row id_attribute=&#8221;video&#8221; el_class=&#8221;btn-file-group&#8221;][vc_column width=&#8221;1\/1&#8243;][vc_column_text]<\/p>\n<h2>Documentaci\u00f3n<\/h2>\n<p>[\/vc_column_text]<a href=\"https:\/\/www.physipro.com\/wp-content\/uploads\/2015\/03\/Brochure_Seating_Solutions.pdf\" target=\"_blank\"class=\"btn btn-default btn-lg\"><i class=\"fa fa-file-pdf-o fa-lg\"><\/i> <span>Folleto<\/span><\/a><a href=\"https:\/\/www.physipro.com\/wp-content\/uploads\/2015\/03\/Manuel_Utilisation_Axis.pdf\" target=\"_blank\"class=\"btn btn-default btn-lg\"><i class=\"fa fa-file-pdf-o fa-lg\"><\/i> <span>Manual del usuario<\/span><\/a><a href=\"https:\/\/www.physipro.com\/wp-content\/uploads\/2015\/03\/OF_Axis_Back.pdf\" target=\"_blank\"class=\"btn btn-default btn-lg\"><i class=\"fa fa-file-pdf-o fa-lg\"><\/i> <span>Orden de compra<\/span><\/a>[\/vc_column][\/vc_row]<\/p>\n<\/div>","protected":false},"excerpt":{"rendered":"<p>[vc_row el_class=&#8221;btn-group-anchor&#8221; full_width=&#8221;stretch_row_content&#8221;][vc_column width=&#8221;1\/2&#8243;][\/vc_column][vc_column width=&#8221;1\/2&#8243;][\/vc_column][\/vc_row][vc_row][vc_column width=&#8221;2\/3&#8243;][vc_gallery type=&#8221;flexslider_fade&#8221; interval=&#8221;3&#8243; images=&#8221;1226,1230,1234&#8243; onclick=&#8221;link_image&#8221; custom_links_target=&#8221;_self&#8221; img_size=&#8221;full&#8221;][\/vc_column][vc_column width=&#8221;1\/3&#8243;][vc_column_text] \u00a1El respaldo AXIS le presenta m\u00e1s opciones que nunca! Este respaldo de tensi\u00f3n ajustable\u00a0procura un ajuste preciso y cont\u00ednuo para las personas que sufren de enfermedades cr\u00f3nicas y evolutivas. Este preconiza una mayor autonom\u00eda y permite particularmente&#8230;<\/p>\n <p><a class=\"read-more btn btn-primary btn-lg\" href=\"https:\/\/www.physipro.com\/es\/producto\/respaldo-axis\/\">Leer m&aacute;s<\/a><\/p>","protected":false},"featured_media":51005,"comment_status":"open","ping_status":"closed","template":"","meta":{"_acf_changed":false},"product_cat":[79],"product_tag":[],"class_list":{"0":"post-1285","1":"product","2":"type-product","3":"status-publish","4":"has-post-thumbnail","6":"product_cat-respaldos-es","8":"first","9":"instock","10":"shipping-taxable","11":"product-type-simple"},"acf":[],"yoast_head":"<!-- This site is optimized with the Yoast SEO plugin v22.3 - https:\/\/yoast.com\/wordpress\/plugins\/seo\/ -->\n<title>Respaldo Axis\u2122 - Physipro inc.<\/title>\n<meta name=\"robots\" content=\"index, follow, max-snippet:-1, max-image-preview:large, max-video-preview:-1\" \/>\n<link rel=\"canonical\" href=\"https:\/\/www.physipro.com\/es\/producto\/respaldo-axis\/\" \/>\n<meta property=\"og:locale\" content=\"es_ES\" \/>\n<meta property=\"og:type\" content=\"article\" \/>\n<meta property=\"og:title\" content=\"Respaldo Axis\u2122 - Physipro inc.\" \/>\n<meta property=\"og:description\" content=\"[vc_row el_class=&#8221;btn-group-anchor&#8221; full_width=&#8221;stretch_row_content&#8221;][vc_column width=&#8221;1\/2&#8243;][\/vc_column][vc_column width=&#8221;1\/2&#8243;][\/vc_column][\/vc_row][vc_row][vc_column width=&#8221;2\/3&#8243;][vc_gallery type=&#8221;flexslider_fade&#8221; interval=&#8221;3&#8243; images=&#8221;1226,1230,1234&#8243; onclick=&#8221;link_image&#8221; custom_links_target=&#8221;_self&#8221; img_size=&#8221;full&#8221;][\/vc_column][vc_column width=&#8221;1\/3&#8243;][vc_column_text] \u00a1El respaldo AXIS le presenta m\u00e1s opciones que nunca! Este respaldo de tensi\u00f3n ajustable\u00a0procura un ajuste preciso y cont\u00ednuo para las personas que sufren de enfermedades cr\u00f3nicas y evolutivas. Este preconiza una mayor autonom\u00eda y permite particularmente...\" \/>\n<meta property=\"og:url\" content=\"https:\/\/www.physipro.com\/es\/producto\/respaldo-axis\/\" \/>\n<meta property=\"og:site_name\" content=\"Physipro inc.\" \/>\n<meta property=\"article:modified_time\" content=\"2015-04-01T14:47:03+00:00\" \/>\n<meta property=\"og:image\" content=\"https:\/\/www.physipro.com\/wp-content\/uploads\/AXIS_600x600.png\" \/>\n\t<meta property=\"og:image:width\" content=\"600\" \/>\n\t<meta property=\"og:image:height\" content=\"600\" \/>\n\t<meta property=\"og:image:type\" content=\"image\/png\" \/>\n<meta name=\"twitter:label1\" content=\"Tiempo de lectura\" \/>\n\t<meta name=\"twitter:data1\" content=\"3 minutos\" \/>\n<script type=\"application\/ld+json\" class=\"yoast-schema-graph\">{\"@context\":\"https:\/\/schema.org\",\"@graph\":[{\"@type\":\"WebPage\",\"@id\":\"https:\/\/www.physipro.com\/es\/producto\/respaldo-axis\/\",\"url\":\"https:\/\/www.physipro.com\/es\/producto\/respaldo-axis\/\",\"name\":\"Respaldo Axis\u2122 - Physipro inc.\",\"isPartOf\":{\"@id\":\"https:\/\/www.physipro.com\/#website\"},\"primaryImageOfPage\":{\"@id\":\"https:\/\/www.physipro.com\/es\/producto\/respaldo-axis\/#primaryimage\"},\"image\":{\"@id\":\"https:\/\/www.physipro.com\/es\/producto\/respaldo-axis\/#primaryimage\"},\"thumbnailUrl\":\"https:\/\/www.physipro.com\/wp-content\/uploads\/Axis-rabat-esthetique.png\",\"datePublished\":\"2015-03-10T15:22:40+00:00\",\"dateModified\":\"2015-04-01T14:47:03+00:00\",\"breadcrumb\":{\"@id\":\"https:\/\/www.physipro.com\/es\/producto\/respaldo-axis\/#breadcrumb\"},\"inLanguage\":\"es\",\"potentialAction\":[{\"@type\":\"ReadAction\",\"target\":[\"https:\/\/www.physipro.com\/es\/producto\/respaldo-axis\/\"]}]},{\"@type\":\"ImageObject\",\"inLanguage\":\"es\",\"@id\":\"https:\/\/www.physipro.com\/es\/producto\/respaldo-axis\/#primaryimage\",\"url\":\"https:\/\/www.physipro.com\/wp-content\/uploads\/Axis-rabat-esthetique.png\",\"contentUrl\":\"https:\/\/www.physipro.com\/wp-content\/uploads\/Axis-rabat-esthetique.png\",\"width\":600,\"height\":600},{\"@type\":\"BreadcrumbList\",\"@id\":\"https:\/\/www.physipro.com\/es\/producto\/respaldo-axis\/#breadcrumb\",\"itemListElement\":[{\"@type\":\"ListItem\",\"position\":1,\"name\":\"Accueil\",\"item\":\"https:\/\/www.physipro.com\/es\/\"},{\"@type\":\"ListItem\",\"position\":2,\"name\":\"Tienda\",\"item\":\"https:\/\/www.physipro.com\/es\/tienda\/\"},{\"@type\":\"ListItem\",\"position\":3,\"name\":\"Respaldo Axis\u2122\"}]},{\"@type\":\"WebSite\",\"@id\":\"https:\/\/www.physipro.com\/#website\",\"url\":\"https:\/\/www.physipro.com\/\",\"name\":\"Physipro inc.\",\"description\":\"Un site utilisant WordPress\",\"potentialAction\":[{\"@type\":\"SearchAction\",\"target\":{\"@type\":\"EntryPoint\",\"urlTemplate\":\"https:\/\/www.physipro.com\/?s={search_term_string}\"},\"query-input\":\"required name=search_term_string\"}],\"inLanguage\":\"es\"}]}<\/script>\n<!-- \/ Yoast SEO plugin. -->","yoast_head_json":{"title":"Respaldo Axis\u2122 - Physipro inc.","robots":{"index":"index","follow":"follow","max-snippet":"max-snippet:-1","max-image-preview":"max-image-preview:large","max-video-preview":"max-video-preview:-1"},"canonical":"https:\/\/www.physipro.com\/es\/producto\/respaldo-axis\/","og_locale":"es_ES","og_type":"article","og_title":"Respaldo Axis\u2122 - Physipro inc.","og_description":"[vc_row el_class=&#8221;btn-group-anchor&#8221; full_width=&#8221;stretch_row_content&#8221;][vc_column width=&#8221;1\/2&#8243;][\/vc_column][vc_column width=&#8221;1\/2&#8243;][\/vc_column][\/vc_row][vc_row][vc_column width=&#8221;2\/3&#8243;][vc_gallery type=&#8221;flexslider_fade&#8221; interval=&#8221;3&#8243; images=&#8221;1226,1230,1234&#8243; onclick=&#8221;link_image&#8221; custom_links_target=&#8221;_self&#8221; img_size=&#8221;full&#8221;][\/vc_column][vc_column width=&#8221;1\/3&#8243;][vc_column_text] \u00a1El respaldo AXIS le presenta m\u00e1s opciones que nunca! Este respaldo de tensi\u00f3n ajustable\u00a0procura un ajuste preciso y cont\u00ednuo para las personas que sufren de enfermedades cr\u00f3nicas y evolutivas. Este preconiza una mayor autonom\u00eda y permite particularmente...","og_url":"https:\/\/www.physipro.com\/es\/producto\/respaldo-axis\/","og_site_name":"Physipro inc.","article_modified_time":"2015-04-01T14:47:03+00:00","og_image":[{"width":600,"height":600,"url":"https:\/\/www.physipro.com\/wp-content\/uploads\/AXIS_600x600.png","type":"image\/png"}],"twitter_misc":{"Tiempo de lectura":"3 minutos"},"schema":{"@context":"https:\/\/schema.org","@graph":[{"@type":"WebPage","@id":"https:\/\/www.physipro.com\/es\/producto\/respaldo-axis\/","url":"https:\/\/www.physipro.com\/es\/producto\/respaldo-axis\/","name":"Respaldo Axis\u2122 - Physipro inc.","isPartOf":{"@id":"https:\/\/www.physipro.com\/#website"},"primaryImageOfPage":{"@id":"https:\/\/www.physipro.com\/es\/producto\/respaldo-axis\/#primaryimage"},"image":{"@id":"https:\/\/www.physipro.com\/es\/producto\/respaldo-axis\/#primaryimage"},"thumbnailUrl":"https:\/\/www.physipro.com\/wp-content\/uploads\/Axis-rabat-esthetique.png","datePublished":"2015-03-10T15:22:40+00:00","dateModified":"2015-04-01T14:47:03+00:00","breadcrumb":{"@id":"https:\/\/www.physipro.com\/es\/producto\/respaldo-axis\/#breadcrumb"},"inLanguage":"es","potentialAction":[{"@type":"ReadAction","target":["https:\/\/www.physipro.com\/es\/producto\/respaldo-axis\/"]}]},{"@type":"ImageObject","inLanguage":"es","@id":"https:\/\/www.physipro.com\/es\/producto\/respaldo-axis\/#primaryimage","url":"https:\/\/www.physipro.com\/wp-content\/uploads\/Axis-rabat-esthetique.png","contentUrl":"https:\/\/www.physipro.com\/wp-content\/uploads\/Axis-rabat-esthetique.png","width":600,"height":600},{"@type":"BreadcrumbList","@id":"https:\/\/www.physipro.com\/es\/producto\/respaldo-axis\/#breadcrumb","itemListElement":[{"@type":"ListItem","position":1,"name":"Accueil","item":"https:\/\/www.physipro.com\/es\/"},{"@type":"ListItem","position":2,"name":"Tienda","item":"https:\/\/www.physipro.com\/es\/tienda\/"},{"@type":"ListItem","position":3,"name":"Respaldo Axis\u2122"}]},{"@type":"WebSite","@id":"https:\/\/www.physipro.com\/#website","url":"https:\/\/www.physipro.com\/","name":"Physipro inc.","description":"Un site utilisant WordPress","potentialAction":[{"@type":"SearchAction","target":{"@type":"EntryPoint","urlTemplate":"https:\/\/www.physipro.com\/?s={search_term_string}"},"query-input":"required name=search_term_string"}],"inLanguage":"es"}]}},"_links":{"self":[{"href":"https:\/\/www.physipro.com\/es\/wp-json\/wp\/v2\/product\/1285","targetHints":{"allow":["GET"]}}],"collection":[{"href":"https:\/\/www.physipro.com\/es\/wp-json\/wp\/v2\/product"}],"about":[{"href":"https:\/\/www.physipro.com\/es\/wp-json\/wp\/v2\/types\/product"}],"replies":[{"embeddable":true,"href":"https:\/\/www.physipro.com\/es\/wp-json\/wp\/v2\/comments?post=1285"}],"wp:featuredmedia":[{"embeddable":true,"href":"https:\/\/www.physipro.com\/es\/wp-json\/wp\/v2\/media\/51005"}],"wp:attachment":[{"href":"https:\/\/www.physipro.com\/es\/wp-json\/wp\/v2\/media?parent=1285"}],"wp:term":[{"taxonomy":"product_cat","embeddable":true,"href":"https:\/\/www.physipro.com\/es\/wp-json\/wp\/v2\/product_cat?post=1285"},{"taxonomy":"product_tag","embeddable":true,"href":"https:\/\/www.physipro.com\/es\/wp-json\/wp\/v2\/product_tag?post=1285"}],"curies":[{"name":"wp","href":"https:\/\/api.w.org\/{rel}","templated":true}]}}