{"id":1462,"date":"2015-03-10T16:57:57","date_gmt":"2015-03-10T19:37:55","guid":{"rendered":"https:\/\/www.physipro.com\/?post_type=product&#038;p=1462"},"modified":"2015-10-22T12:31:53","modified_gmt":"2015-10-22T12:31:53","slug":"respaldo-hp2","status":"publish","type":"product","link":"https:\/\/www.physipro.com\/es\/producto\/respaldo-hp2\/","title":{"rendered":"Respaldo HP2"},"content":{"rendered":"<div class=\"wpb-content-wrapper\"><p>[vc_row el_class=&#8221;btn-group-anchor&#8221; full_width=&#8221;stretch_row_content&#8221;][vc_column width=&#8221;1\/1&#8243;]<a href=\"#video\" class=\"btn btn-default\"> <span>Documentaci\u00f3n<\/span><\/a>[\/vc_column][\/vc_row][vc_row][vc_column width=&#8221;2\/3&#8243;][vc_gallery type=&#8221;flexslider_fade&#8221; interval=&#8221;3&#8243; images=&#8221;1317,1313&#8243; onclick=&#8221;link_image&#8221; custom_links_target=&#8221;_self&#8221; img_size=&#8221;full&#8221;][\/vc_column][vc_column width=&#8221;1\/3&#8243;][vc_column_text]<a href=\"https:\/\/www.physipro.com\/wp-content\/uploads\/2015\/03\/logo-HP2.png\"><img loading=\"lazy\" decoding=\"async\" class=\"alignnone  wp-image-1325\" src=\"https:\/\/www.physipro.com\/wp-content\/uploads\/2015\/03\/logo-HP2-300x298.png\" alt=\"logo-HP2\" width=\"76\" height=\"75\" srcset=\"https:\/\/www.physipro.com\/wp-content\/uploads\/2015\/03\/logo-HP2-300x300.png 300w, https:\/\/www.physipro.com\/wp-content\/uploads\/2015\/03\/logo-HP2-100x100.png 100w, https:\/\/www.physipro.com\/wp-content\/uploads\/2015\/03\/logo-HP2-600x596.png 600w, https:\/\/www.physipro.com\/wp-content\/uploads\/2015\/03\/logo-HP2-150x150.png 150w, https:\/\/www.physipro.com\/wp-content\/uploads\/2015\/03\/logo-HP2.png 612w\" sizes=\"auto, (max-width: 76px) 100vw, 76px\" \/><\/a><\/p>\n<p>El respaldo HP2 trae consigo una nueva caracter\u00edstica que incluye un sistema de anclaje con dos puntos fijos y ofrece igualmente soportes tor\u00e1cicos ajustables en altura, en lateral y en inclinaci\u00f3n.<\/p>\n<p><strong>Se encuentran disponibles en tres modelos:<\/strong><\/p>\n<ul>\n<li>El modelo\u00a0<strong><em>Profil\u00e9<\/em><\/strong>\u00a0para las personas activas a quienes les permite la libertad de movimiento de los miembros superiores, con lo cual, aumenta la facilidad de propulsi\u00f3n.<\/li>\n<li>El modelo\u00a0<strong><em>Contour<\/em><\/strong>\u00a0favorece un soporte total de la espalda.<\/li>\n<li>El modelo\u00a0<strong><em>Sport<\/em><\/strong>\u00a0se instala, principalmente, en sillas de ruedas de estructura r\u00edgida. Este modelo aumenta el soporte lumbar y otorga gran libertad de movimiento.<\/li>\n<\/ul>\n<p><strong>Anclaje de fijaci\u00f3n del HP2<\/strong><br \/>\nEl sistema de anclaje HP2 con dos puntos fijos es compatible con los montajes de respaldo cuyas formas y formatos son diferentes.<\/p>\n<p><strong>Bienestares cl\u00ednicos<\/strong><\/p>\n<ul>\n<li>Estabilidad lateral<\/li>\n<li>Repartici\u00f3n uniforme de la presi\u00f3n<\/li>\n<li>Mejor control de la pelvis;<\/li>\n<li>Amplificaci\u00f3n de los \u00e1ngulos de movimiento.<\/li>\n<\/ul>\n<p>[\/vc_column_text]<a href=\"https:\/\/www.physipro.com\/wp-content\/uploads\/2015\/03\/Brochure_Seating_Solutions.pdf\" target=\"_blank\"class=\"btn btn-primary\"><span>Descargar el folleto<\/span> <\/a>[\/vc_column][\/vc_row][vc_row id_attribute=&#8221;video&#8221; el_class=&#8221;btn-file-group&#8221;][vc_column width=&#8221;1\/1&#8243;][vc_column_text]<\/p>\n<h2>Documentaci\u00f3n<\/h2>\n<p>[\/vc_column_text]<a href=\"https:\/\/www.physipro.com\/wp-content\/uploads\/2015\/03\/Brochure_Seating_Solutions.pdf\" target=\"_blank\"class=\"btn btn-default btn-lg\"><i class=\"fa fa-file-pdf-o fa-lg\"><\/i> <span>Folleto<\/span><\/a><a href=\"https:\/\/www.physipro.com\/wp-content\/uploads\/2015\/03\/Manuel_Utilisation_HP2.pdf\" target=\"_blank\"class=\"btn btn-default btn-lg\"><i class=\"fa fa-file-pdf-o fa-lg\"><\/i> <span>Manual del usuario<\/span><\/a><a href=\"https:\/\/www.physipro.com\/wp-content\/uploads\/2015\/03\/OF_HP2_Back.pdf\" target=\"_blank\"class=\"btn btn-default btn-lg\"><i class=\"fa fa-file-pdf-o fa-lg\"><\/i> <span>Orden de compra Respaldo HP2<\/span><\/a><a href=\"https:\/\/www.physipro.com\/wp-content\/uploads\/2015\/03\/OF_HP2_Sport.pdf\" target=\"_blank\"class=\"btn btn-default btn-lg\"><i class=\"fa fa-file-pdf-o fa-lg\"><\/i> <span>Orden de compra Respaldo HP2 Sport<\/span><\/a>[\/vc_column][\/vc_row]<\/p>\n<\/div>","protected":false},"excerpt":{"rendered":"<p>[vc_row el_class=&#8221;btn-group-anchor&#8221; full_width=&#8221;stretch_row_content&#8221;][vc_column width=&#8221;1\/1&#8243;][\/vc_column][\/vc_row][vc_row][vc_column width=&#8221;2\/3&#8243;][vc_gallery type=&#8221;flexslider_fade&#8221; interval=&#8221;3&#8243; images=&#8221;1317,1313&#8243; onclick=&#8221;link_image&#8221; custom_links_target=&#8221;_self&#8221; img_size=&#8221;full&#8221;][\/vc_column][vc_column width=&#8221;1\/3&#8243;][vc_column_text] El respaldo HP2 trae consigo una nueva caracter\u00edstica que incluye un sistema de anclaje con dos puntos fijos y ofrece igualmente soportes tor\u00e1cicos ajustables en altura, en lateral y en inclinaci\u00f3n. Se encuentran disponibles en tres modelos: El&#8230;<\/p>\n <p><a class=\"read-more btn btn-primary btn-lg\" href=\"https:\/\/www.physipro.com\/es\/producto\/respaldo-hp2\/\">Leer m&aacute;s<\/a><\/p>","protected":false},"featured_media":22684,"comment_status":"open","ping_status":"closed","template":"","meta":{"_acf_changed":false},"product_cat":[79],"product_tag":[],"class_list":{"0":"post-1462","1":"product","2":"type-product","3":"status-publish","4":"has-post-thumbnail","6":"product_cat-respaldos-es","8":"first","9":"instock","10":"shipping-taxable","11":"product-type-simple"},"acf":[],"yoast_head":"<!-- This site is optimized with the Yoast SEO plugin v22.3 - https:\/\/yoast.com\/wordpress\/plugins\/seo\/ -->\n<title>Respaldo HP2 - Physipro inc.<\/title>\n<meta name=\"robots\" content=\"index, follow, max-snippet:-1, max-image-preview:large, max-video-preview:-1\" \/>\n<link rel=\"canonical\" href=\"https:\/\/www.physipro.com\/es\/product\/respaldo-hp2\/\" \/>\n<meta property=\"og:locale\" content=\"es_ES\" \/>\n<meta property=\"og:type\" content=\"article\" \/>\n<meta property=\"og:title\" content=\"Respaldo HP2 - Physipro inc.\" \/>\n<meta property=\"og:description\" content=\"[vc_row el_class=&#8221;btn-group-anchor&#8221; full_width=&#8221;stretch_row_content&#8221;][vc_column width=&#8221;1\/1&#8243;][\/vc_column][\/vc_row][vc_row][vc_column width=&#8221;2\/3&#8243;][vc_gallery type=&#8221;flexslider_fade&#8221; interval=&#8221;3&#8243; images=&#8221;1317,1313&#8243; onclick=&#8221;link_image&#8221; custom_links_target=&#8221;_self&#8221; img_size=&#8221;full&#8221;][\/vc_column][vc_column width=&#8221;1\/3&#8243;][vc_column_text] El respaldo HP2 trae consigo una nueva caracter\u00edstica que incluye un sistema de anclaje con dos puntos fijos y ofrece igualmente soportes tor\u00e1cicos ajustables en altura, en lateral y en inclinaci\u00f3n. Se encuentran disponibles en tres modelos: El...\" \/>\n<meta property=\"og:url\" content=\"https:\/\/www.physipro.com\/es\/product\/respaldo-hp2\/\" \/>\n<meta property=\"og:site_name\" content=\"Physipro inc.\" \/>\n<meta property=\"article:modified_time\" content=\"2015-10-22T12:31:53+00:00\" \/>\n<meta property=\"og:image\" content=\"https:\/\/www.physipro.com\/wp-content\/uploads\/HP2_600x600.png\" \/>\n\t<meta property=\"og:image:width\" content=\"600\" \/>\n\t<meta property=\"og:image:height\" content=\"600\" \/>\n\t<meta property=\"og:image:type\" content=\"image\/png\" \/>\n<meta name=\"twitter:label1\" content=\"Tiempo de lectura\" \/>\n\t<meta name=\"twitter:data1\" content=\"2 minutos\" \/>\n<script type=\"application\/ld+json\" class=\"yoast-schema-graph\">{\"@context\":\"https:\/\/schema.org\",\"@graph\":[{\"@type\":\"WebPage\",\"@id\":\"https:\/\/www.physipro.com\/es\/product\/respaldo-hp2\/\",\"url\":\"https:\/\/www.physipro.com\/es\/product\/respaldo-hp2\/\",\"name\":\"Respaldo HP2 - Physipro inc.\",\"isPartOf\":{\"@id\":\"https:\/\/www.physipro.com\/#website\"},\"primaryImageOfPage\":{\"@id\":\"https:\/\/www.physipro.com\/es\/product\/respaldo-hp2\/#primaryimage\"},\"image\":{\"@id\":\"https:\/\/www.physipro.com\/es\/product\/respaldo-hp2\/#primaryimage\"},\"thumbnailUrl\":\"https:\/\/www.physipro.com\/wp-content\/uploads\/HP2_600x600.png\",\"datePublished\":\"2015-03-10T19:37:55+00:00\",\"dateModified\":\"2015-10-22T12:31:53+00:00\",\"breadcrumb\":{\"@id\":\"https:\/\/www.physipro.com\/es\/product\/respaldo-hp2\/#breadcrumb\"},\"inLanguage\":\"es\",\"potentialAction\":[{\"@type\":\"ReadAction\",\"target\":[\"https:\/\/www.physipro.com\/es\/product\/respaldo-hp2\/\"]}]},{\"@type\":\"ImageObject\",\"inLanguage\":\"es\",\"@id\":\"https:\/\/www.physipro.com\/es\/product\/respaldo-hp2\/#primaryimage\",\"url\":\"https:\/\/www.physipro.com\/wp-content\/uploads\/HP2_600x600.png\",\"contentUrl\":\"https:\/\/www.physipro.com\/wp-content\/uploads\/HP2_600x600.png\",\"width\":600,\"height\":600},{\"@type\":\"BreadcrumbList\",\"@id\":\"https:\/\/www.physipro.com\/es\/product\/respaldo-hp2\/#breadcrumb\",\"itemListElement\":[{\"@type\":\"ListItem\",\"position\":1,\"name\":\"Accueil\",\"item\":\"https:\/\/www.physipro.com\/es\/\"},{\"@type\":\"ListItem\",\"position\":2,\"name\":\"Tienda\",\"item\":\"https:\/\/www.physipro.com\/es\/tienda\/\"},{\"@type\":\"ListItem\",\"position\":3,\"name\":\"Respaldo HP2\"}]},{\"@type\":\"WebSite\",\"@id\":\"https:\/\/www.physipro.com\/#website\",\"url\":\"https:\/\/www.physipro.com\/\",\"name\":\"Physipro inc.\",\"description\":\"Un site utilisant WordPress\",\"potentialAction\":[{\"@type\":\"SearchAction\",\"target\":{\"@type\":\"EntryPoint\",\"urlTemplate\":\"https:\/\/www.physipro.com\/?s={search_term_string}\"},\"query-input\":\"required name=search_term_string\"}],\"inLanguage\":\"es\"}]}<\/script>\n<!-- \/ Yoast SEO plugin. -->","yoast_head_json":{"title":"Respaldo HP2 - Physipro inc.","robots":{"index":"index","follow":"follow","max-snippet":"max-snippet:-1","max-image-preview":"max-image-preview:large","max-video-preview":"max-video-preview:-1"},"canonical":"https:\/\/www.physipro.com\/es\/product\/respaldo-hp2\/","og_locale":"es_ES","og_type":"article","og_title":"Respaldo HP2 - Physipro inc.","og_description":"[vc_row el_class=&#8221;btn-group-anchor&#8221; full_width=&#8221;stretch_row_content&#8221;][vc_column width=&#8221;1\/1&#8243;][\/vc_column][\/vc_row][vc_row][vc_column width=&#8221;2\/3&#8243;][vc_gallery type=&#8221;flexslider_fade&#8221; interval=&#8221;3&#8243; images=&#8221;1317,1313&#8243; onclick=&#8221;link_image&#8221; custom_links_target=&#8221;_self&#8221; img_size=&#8221;full&#8221;][\/vc_column][vc_column width=&#8221;1\/3&#8243;][vc_column_text] El respaldo HP2 trae consigo una nueva caracter\u00edstica que incluye un sistema de anclaje con dos puntos fijos y ofrece igualmente soportes tor\u00e1cicos ajustables en altura, en lateral y en inclinaci\u00f3n. Se encuentran disponibles en tres modelos: El...","og_url":"https:\/\/www.physipro.com\/es\/product\/respaldo-hp2\/","og_site_name":"Physipro inc.","article_modified_time":"2015-10-22T12:31:53+00:00","og_image":[{"width":600,"height":600,"url":"https:\/\/www.physipro.com\/wp-content\/uploads\/HP2_600x600.png","type":"image\/png"}],"twitter_misc":{"Tiempo de lectura":"2 minutos"},"schema":{"@context":"https:\/\/schema.org","@graph":[{"@type":"WebPage","@id":"https:\/\/www.physipro.com\/es\/product\/respaldo-hp2\/","url":"https:\/\/www.physipro.com\/es\/product\/respaldo-hp2\/","name":"Respaldo HP2 - Physipro inc.","isPartOf":{"@id":"https:\/\/www.physipro.com\/#website"},"primaryImageOfPage":{"@id":"https:\/\/www.physipro.com\/es\/product\/respaldo-hp2\/#primaryimage"},"image":{"@id":"https:\/\/www.physipro.com\/es\/product\/respaldo-hp2\/#primaryimage"},"thumbnailUrl":"https:\/\/www.physipro.com\/wp-content\/uploads\/HP2_600x600.png","datePublished":"2015-03-10T19:37:55+00:00","dateModified":"2015-10-22T12:31:53+00:00","breadcrumb":{"@id":"https:\/\/www.physipro.com\/es\/product\/respaldo-hp2\/#breadcrumb"},"inLanguage":"es","potentialAction":[{"@type":"ReadAction","target":["https:\/\/www.physipro.com\/es\/product\/respaldo-hp2\/"]}]},{"@type":"ImageObject","inLanguage":"es","@id":"https:\/\/www.physipro.com\/es\/product\/respaldo-hp2\/#primaryimage","url":"https:\/\/www.physipro.com\/wp-content\/uploads\/HP2_600x600.png","contentUrl":"https:\/\/www.physipro.com\/wp-content\/uploads\/HP2_600x600.png","width":600,"height":600},{"@type":"BreadcrumbList","@id":"https:\/\/www.physipro.com\/es\/product\/respaldo-hp2\/#breadcrumb","itemListElement":[{"@type":"ListItem","position":1,"name":"Accueil","item":"https:\/\/www.physipro.com\/es\/"},{"@type":"ListItem","position":2,"name":"Tienda","item":"https:\/\/www.physipro.com\/es\/tienda\/"},{"@type":"ListItem","position":3,"name":"Respaldo HP2"}]},{"@type":"WebSite","@id":"https:\/\/www.physipro.com\/#website","url":"https:\/\/www.physipro.com\/","name":"Physipro inc.","description":"Un site utilisant WordPress","potentialAction":[{"@type":"SearchAction","target":{"@type":"EntryPoint","urlTemplate":"https:\/\/www.physipro.com\/?s={search_term_string}"},"query-input":"required name=search_term_string"}],"inLanguage":"es"}]}},"_links":{"self":[{"href":"https:\/\/www.physipro.com\/es\/wp-json\/wp\/v2\/product\/1462","targetHints":{"allow":["GET"]}}],"collection":[{"href":"https:\/\/www.physipro.com\/es\/wp-json\/wp\/v2\/product"}],"about":[{"href":"https:\/\/www.physipro.com\/es\/wp-json\/wp\/v2\/types\/product"}],"replies":[{"embeddable":true,"href":"https:\/\/www.physipro.com\/es\/wp-json\/wp\/v2\/comments?post=1462"}],"wp:featuredmedia":[{"embeddable":true,"href":"https:\/\/www.physipro.com\/es\/wp-json\/wp\/v2\/media\/22684"}],"wp:attachment":[{"href":"https:\/\/www.physipro.com\/es\/wp-json\/wp\/v2\/media?parent=1462"}],"wp:term":[{"taxonomy":"product_cat","embeddable":true,"href":"https:\/\/www.physipro.com\/es\/wp-json\/wp\/v2\/product_cat?post=1462"},{"taxonomy":"product_tag","embeddable":true,"href":"https:\/\/www.physipro.com\/es\/wp-json\/wp\/v2\/product_tag?post=1462"}],"curies":[{"name":"wp","href":"https:\/\/api.w.org\/{rel}","templated":true}]}}