{"id":1683,"date":"2015-03-11T14:22:02","date_gmt":"2015-03-11T15:38:39","guid":{"rendered":"https:\/\/www.physipro.com\/?post_type=product&#038;p=1683"},"modified":"2015-06-11T17:04:27","modified_gmt":"2015-06-11T17:04:27","slug":"respaldo-premium","status":"publish","type":"product","link":"https:\/\/www.physipro.com\/es\/producto\/respaldo-premium\/","title":{"rendered":"Respaldo Premium"},"content":{"rendered":"<div class=\"wpb-content-wrapper\"><p>[vc_row el_class=&#8221;btn-group-anchor&#8221; full_width=&#8221;stretch_row_content&#8221;][vc_column width=&#8221;1\/1&#8243;]<a href=\"#video\" class=\"btn btn-default\"> <span>Documentaci\u00f3n<\/span><\/a>[\/vc_column][\/vc_row][vc_row][vc_column width=&#8221;2\/3&#8243;][vc_gallery type=&#8221;flexslider_fade&#8221; interval=&#8221;3&#8243; images=&#8221;1613,1623,1618&#8243; onclick=&#8221;link_image&#8221; custom_links_target=&#8221;_self&#8221; img_size=&#8221;full&#8221;][\/vc_column][vc_column width=&#8221;1\/3&#8243;][vc_column_text]<a href=\"https:\/\/www.physipro.com\/wp-content\/uploads\/2015\/03\/logo-premium.png\"><img loading=\"lazy\" decoding=\"async\" class=\"alignnone  wp-image-1628\" src=\"https:\/\/www.physipro.com\/wp-content\/uploads\/2015\/03\/logo-premium-300x233.png\" alt=\"logo-premium\" width=\"109\" height=\"85\" srcset=\"https:\/\/www.physipro.com\/wp-content\/uploads\/2015\/03\/logo-premium-300x233.png 300w, https:\/\/www.physipro.com\/wp-content\/uploads\/2015\/03\/logo-premium-600x466.png 600w, https:\/\/www.physipro.com\/wp-content\/uploads\/2015\/03\/logo-premium-1024x795.png 1024w, https:\/\/www.physipro.com\/wp-content\/uploads\/2015\/03\/logo-premium.png 1515w\" sizes=\"auto, (max-width: 109px) 100vw, 109px\" \/><\/a><\/p>\n<p><strong>Respaldo tensi\u00f3n regulable modular<br \/>\n<\/strong>Este respaldo est\u00e1 disponible con apoyos tor\u00e1cicos regulables en \u00e1ngulo, en profundidad, en lateral y sobre toda la altura de la tela.<br \/>\nUna abertura en lo alto de la tela permite insertar diversos elementos de formas que ser\u00e1n fijados con velcro en el interior de la funda del respaldo.<\/p>\n<p><strong>Opci\u00f3n disponible:<\/strong><br \/>\nDynamic System \u2013 Foam in place\u00a0: \u00a0Sistema din\u00e1mico, con espuma de empaque\u00a0\u00a0&#8211; Moldeado liquido\u00a0 Sunmate a integrar en la abertura del respaldo.<\/p>\n<p><strong>Conjunto apoyo tor\u00e1cico<\/strong><br \/>\nFabricados de aluminio 1\/8\u201d estos apoyos tor\u00e1cicos son propuestos en tres formatos.\u00a0 Pueden adem\u00e1s, ser adaptados seg\u00fan sus medidas para casos particulares.<\/p>\n<p><strong>Anclaje de placa de apoyo tor\u00e1cico<\/strong><br \/>\nLos mecanismos de anclaje del apoyo tor\u00e1cico se instalan sobre la mayor\u00eda de los tubos de respaldos gracias a reductores incluidos en el momento de la compra inicial.<\/p>\n<p><strong>Mecanismo abatible<\/strong><br \/>\nEste mecanismo puede tambi\u00e9n instalarse sobre los tubos de respaldo gracias a una abertura con cremallera practicada hasta a la tela del respaldo a tensi\u00f3n regulable modular.[\/vc_column_text]<a href=\"https:\/\/www.physipro.com\/wp-content\/uploads\/2015\/03\/Brochure_Seating_Solutions.pdf\" target=\"_blank\"class=\"btn btn-primary\"><span>Descargar el folleto<\/span> <\/a>[\/vc_column][\/vc_row][vc_row id_attribute=&#8221;video&#8221; el_class=&#8221;btn-file-group&#8221;][vc_column width=&#8221;1\/1&#8243;][vc_column_text]<\/p>\n<h2>Documentaci\u00f3n<\/h2>\n<p>[\/vc_column_text]<a href=\"https:\/\/www.physipro.com\/wp-content\/uploads\/2015\/03\/Brochure_Seating_Solutions.pdf\" target=\"_blank\"class=\"btn btn-default btn-lg\"><i class=\"fa fa-file-pdf-o fa-lg\"><\/i> <span>Folleto<\/span><\/a><a href=\"https:\/\/www.physipro.com\/wp-content\/uploads\/2015\/03\/Manuel_Utilisation_Premium.pdf\" target=\"_blank\"class=\"btn btn-default btn-lg\"><i class=\"fa fa-file-pdf-o fa-lg\"><\/i> <span>Manual del usuario<\/span><\/a><a href=\"https:\/\/www.physipro.com\/wp-content\/uploads\/2015\/03\/OF_Premium_Back.pdf\" target=\"_blank\"class=\"btn btn-default btn-lg\"><i class=\"fa fa-file-pdf-o fa-lg\"><\/i> <span>Orden de compra<\/span><\/a>[\/vc_column][\/vc_row]<\/p>\n<\/div>","protected":false},"excerpt":{"rendered":"<p>[vc_row el_class=&#8221;btn-group-anchor&#8221; full_width=&#8221;stretch_row_content&#8221;][vc_column width=&#8221;1\/1&#8243;][\/vc_column][\/vc_row][vc_row][vc_column width=&#8221;2\/3&#8243;][vc_gallery type=&#8221;flexslider_fade&#8221; interval=&#8221;3&#8243; images=&#8221;1613,1623,1618&#8243; onclick=&#8221;link_image&#8221; custom_links_target=&#8221;_self&#8221; img_size=&#8221;full&#8221;][\/vc_column][vc_column width=&#8221;1\/3&#8243;][vc_column_text] Respaldo tensi\u00f3n regulable modular Este respaldo est\u00e1 disponible con apoyos tor\u00e1cicos regulables en \u00e1ngulo, en profundidad, en lateral y sobre toda la altura de la tela. Una abertura en lo alto de la tela permite insertar diversos elementos&#8230;<\/p>\n <p><a class=\"read-more btn btn-primary btn-lg\" href=\"https:\/\/www.physipro.com\/es\/producto\/respaldo-premium\/\">Leer m&aacute;s<\/a><\/p>","protected":false},"featured_media":50153,"comment_status":"open","ping_status":"closed","template":"","meta":{"_acf_changed":false},"product_cat":[79],"product_tag":[],"class_list":{"0":"post-1683","1":"product","2":"type-product","3":"status-publish","4":"has-post-thumbnail","6":"product_cat-respaldos-es","8":"first","9":"instock","10":"shipping-taxable","11":"product-type-simple"},"acf":[],"yoast_head":"<!-- This site is optimized with the Yoast SEO plugin v22.3 - https:\/\/yoast.com\/wordpress\/plugins\/seo\/ -->\n<title>Respaldo Premium - Physipro inc.<\/title>\n<meta name=\"robots\" content=\"index, follow, max-snippet:-1, max-image-preview:large, max-video-preview:-1\" \/>\n<link rel=\"canonical\" href=\"https:\/\/www.physipro.com\/es\/producto\/respaldo-premium\/\" \/>\n<meta property=\"og:locale\" content=\"es_ES\" \/>\n<meta property=\"og:type\" content=\"article\" \/>\n<meta property=\"og:title\" content=\"Respaldo Premium - Physipro inc.\" \/>\n<meta property=\"og:description\" content=\"[vc_row el_class=&#8221;btn-group-anchor&#8221; full_width=&#8221;stretch_row_content&#8221;][vc_column width=&#8221;1\/1&#8243;][\/vc_column][\/vc_row][vc_row][vc_column width=&#8221;2\/3&#8243;][vc_gallery type=&#8221;flexslider_fade&#8221; interval=&#8221;3&#8243; images=&#8221;1613,1623,1618&#8243; onclick=&#8221;link_image&#8221; custom_links_target=&#8221;_self&#8221; img_size=&#8221;full&#8221;][\/vc_column][vc_column width=&#8221;1\/3&#8243;][vc_column_text] Respaldo tensi\u00f3n regulable modular Este respaldo est\u00e1 disponible con apoyos tor\u00e1cicos regulables en \u00e1ngulo, en profundidad, en lateral y sobre toda la altura de la tela. Una abertura en lo alto de la tela permite insertar diversos elementos...\" \/>\n<meta property=\"og:url\" content=\"https:\/\/www.physipro.com\/es\/producto\/respaldo-premium\/\" \/>\n<meta property=\"og:site_name\" content=\"Physipro inc.\" \/>\n<meta property=\"article:modified_time\" content=\"2015-06-11T17:04:27+00:00\" \/>\n<meta property=\"og:image\" content=\"https:\/\/www.physipro.com\/wp-content\/uploads\/PREMIUM_600x600.png\" \/>\n\t<meta property=\"og:image:width\" content=\"600\" \/>\n\t<meta property=\"og:image:height\" content=\"600\" \/>\n\t<meta property=\"og:image:type\" content=\"image\/png\" \/>\n<meta name=\"twitter:label1\" content=\"Tiempo de lectura\" \/>\n\t<meta name=\"twitter:data1\" content=\"2 minutos\" \/>\n<script type=\"application\/ld+json\" class=\"yoast-schema-graph\">{\"@context\":\"https:\/\/schema.org\",\"@graph\":[{\"@type\":\"WebPage\",\"@id\":\"https:\/\/www.physipro.com\/es\/producto\/respaldo-premium\/\",\"url\":\"https:\/\/www.physipro.com\/es\/producto\/respaldo-premium\/\",\"name\":\"Respaldo Premium - Physipro inc.\",\"isPartOf\":{\"@id\":\"https:\/\/www.physipro.com\/#website\"},\"primaryImageOfPage\":{\"@id\":\"https:\/\/www.physipro.com\/es\/producto\/respaldo-premium\/#primaryimage\"},\"image\":{\"@id\":\"https:\/\/www.physipro.com\/es\/producto\/respaldo-premium\/#primaryimage\"},\"thumbnailUrl\":\"https:\/\/www.physipro.com\/wp-content\/uploads\/site-web-image-premium.png\",\"datePublished\":\"2015-03-11T15:38:39+00:00\",\"dateModified\":\"2015-06-11T17:04:27+00:00\",\"breadcrumb\":{\"@id\":\"https:\/\/www.physipro.com\/es\/producto\/respaldo-premium\/#breadcrumb\"},\"inLanguage\":\"es\",\"potentialAction\":[{\"@type\":\"ReadAction\",\"target\":[\"https:\/\/www.physipro.com\/es\/producto\/respaldo-premium\/\"]}]},{\"@type\":\"ImageObject\",\"inLanguage\":\"es\",\"@id\":\"https:\/\/www.physipro.com\/es\/producto\/respaldo-premium\/#primaryimage\",\"url\":\"https:\/\/www.physipro.com\/wp-content\/uploads\/site-web-image-premium.png\",\"contentUrl\":\"https:\/\/www.physipro.com\/wp-content\/uploads\/site-web-image-premium.png\",\"width\":200,\"height\":200},{\"@type\":\"BreadcrumbList\",\"@id\":\"https:\/\/www.physipro.com\/es\/producto\/respaldo-premium\/#breadcrumb\",\"itemListElement\":[{\"@type\":\"ListItem\",\"position\":1,\"name\":\"Accueil\",\"item\":\"https:\/\/www.physipro.com\/es\/\"},{\"@type\":\"ListItem\",\"position\":2,\"name\":\"Tienda\",\"item\":\"https:\/\/www.physipro.com\/es\/tienda\/\"},{\"@type\":\"ListItem\",\"position\":3,\"name\":\"Respaldo Premium\"}]},{\"@type\":\"WebSite\",\"@id\":\"https:\/\/www.physipro.com\/#website\",\"url\":\"https:\/\/www.physipro.com\/\",\"name\":\"Physipro inc.\",\"description\":\"Un site utilisant WordPress\",\"potentialAction\":[{\"@type\":\"SearchAction\",\"target\":{\"@type\":\"EntryPoint\",\"urlTemplate\":\"https:\/\/www.physipro.com\/?s={search_term_string}\"},\"query-input\":\"required name=search_term_string\"}],\"inLanguage\":\"es\"}]}<\/script>\n<!-- \/ Yoast SEO plugin. -->","yoast_head_json":{"title":"Respaldo Premium - Physipro inc.","robots":{"index":"index","follow":"follow","max-snippet":"max-snippet:-1","max-image-preview":"max-image-preview:large","max-video-preview":"max-video-preview:-1"},"canonical":"https:\/\/www.physipro.com\/es\/producto\/respaldo-premium\/","og_locale":"es_ES","og_type":"article","og_title":"Respaldo Premium - Physipro inc.","og_description":"[vc_row el_class=&#8221;btn-group-anchor&#8221; full_width=&#8221;stretch_row_content&#8221;][vc_column width=&#8221;1\/1&#8243;][\/vc_column][\/vc_row][vc_row][vc_column width=&#8221;2\/3&#8243;][vc_gallery type=&#8221;flexslider_fade&#8221; interval=&#8221;3&#8243; images=&#8221;1613,1623,1618&#8243; onclick=&#8221;link_image&#8221; custom_links_target=&#8221;_self&#8221; img_size=&#8221;full&#8221;][\/vc_column][vc_column width=&#8221;1\/3&#8243;][vc_column_text] Respaldo tensi\u00f3n regulable modular Este respaldo est\u00e1 disponible con apoyos tor\u00e1cicos regulables en \u00e1ngulo, en profundidad, en lateral y sobre toda la altura de la tela. Una abertura en lo alto de la tela permite insertar diversos elementos...","og_url":"https:\/\/www.physipro.com\/es\/producto\/respaldo-premium\/","og_site_name":"Physipro inc.","article_modified_time":"2015-06-11T17:04:27+00:00","og_image":[{"width":600,"height":600,"url":"https:\/\/www.physipro.com\/wp-content\/uploads\/PREMIUM_600x600.png","type":"image\/png"}],"twitter_misc":{"Tiempo de lectura":"2 minutos"},"schema":{"@context":"https:\/\/schema.org","@graph":[{"@type":"WebPage","@id":"https:\/\/www.physipro.com\/es\/producto\/respaldo-premium\/","url":"https:\/\/www.physipro.com\/es\/producto\/respaldo-premium\/","name":"Respaldo Premium - Physipro inc.","isPartOf":{"@id":"https:\/\/www.physipro.com\/#website"},"primaryImageOfPage":{"@id":"https:\/\/www.physipro.com\/es\/producto\/respaldo-premium\/#primaryimage"},"image":{"@id":"https:\/\/www.physipro.com\/es\/producto\/respaldo-premium\/#primaryimage"},"thumbnailUrl":"https:\/\/www.physipro.com\/wp-content\/uploads\/site-web-image-premium.png","datePublished":"2015-03-11T15:38:39+00:00","dateModified":"2015-06-11T17:04:27+00:00","breadcrumb":{"@id":"https:\/\/www.physipro.com\/es\/producto\/respaldo-premium\/#breadcrumb"},"inLanguage":"es","potentialAction":[{"@type":"ReadAction","target":["https:\/\/www.physipro.com\/es\/producto\/respaldo-premium\/"]}]},{"@type":"ImageObject","inLanguage":"es","@id":"https:\/\/www.physipro.com\/es\/producto\/respaldo-premium\/#primaryimage","url":"https:\/\/www.physipro.com\/wp-content\/uploads\/site-web-image-premium.png","contentUrl":"https:\/\/www.physipro.com\/wp-content\/uploads\/site-web-image-premium.png","width":200,"height":200},{"@type":"BreadcrumbList","@id":"https:\/\/www.physipro.com\/es\/producto\/respaldo-premium\/#breadcrumb","itemListElement":[{"@type":"ListItem","position":1,"name":"Accueil","item":"https:\/\/www.physipro.com\/es\/"},{"@type":"ListItem","position":2,"name":"Tienda","item":"https:\/\/www.physipro.com\/es\/tienda\/"},{"@type":"ListItem","position":3,"name":"Respaldo Premium"}]},{"@type":"WebSite","@id":"https:\/\/www.physipro.com\/#website","url":"https:\/\/www.physipro.com\/","name":"Physipro inc.","description":"Un site utilisant WordPress","potentialAction":[{"@type":"SearchAction","target":{"@type":"EntryPoint","urlTemplate":"https:\/\/www.physipro.com\/?s={search_term_string}"},"query-input":"required name=search_term_string"}],"inLanguage":"es"}]}},"_links":{"self":[{"href":"https:\/\/www.physipro.com\/es\/wp-json\/wp\/v2\/product\/1683","targetHints":{"allow":["GET"]}}],"collection":[{"href":"https:\/\/www.physipro.com\/es\/wp-json\/wp\/v2\/product"}],"about":[{"href":"https:\/\/www.physipro.com\/es\/wp-json\/wp\/v2\/types\/product"}],"replies":[{"embeddable":true,"href":"https:\/\/www.physipro.com\/es\/wp-json\/wp\/v2\/comments?post=1683"}],"wp:featuredmedia":[{"embeddable":true,"href":"https:\/\/www.physipro.com\/es\/wp-json\/wp\/v2\/media\/50153"}],"wp:attachment":[{"href":"https:\/\/www.physipro.com\/es\/wp-json\/wp\/v2\/media?parent=1683"}],"wp:term":[{"taxonomy":"product_cat","embeddable":true,"href":"https:\/\/www.physipro.com\/es\/wp-json\/wp\/v2\/product_cat?post=1683"},{"taxonomy":"product_tag","embeddable":true,"href":"https:\/\/www.physipro.com\/es\/wp-json\/wp\/v2\/product_tag?post=1683"}],"curies":[{"name":"wp","href":"https:\/\/api.w.org\/{rel}","templated":true}]}}