{"id":1814,"date":"2015-03-11T17:38:28","date_gmt":"2015-03-11T17:55:46","guid":{"rendered":"https:\/\/www.physipro.com\/?post_type=product&#038;p=1814"},"modified":"2015-03-31T18:28:47","modified_gmt":"2015-03-31T18:28:47","slug":"cojinclasicoxs","status":"publish","type":"product","link":"https:\/\/www.physipro.com\/es\/producto\/cojinclasicoxs\/","title":{"rendered":"coj\u00edn stimulite\u00ae est\u00e1ndar cl\u00e1sico XS"},"content":{"rendered":"<div class=\"wpb-content-wrapper\"><p>[vc_row el_class=&#8221;btn-group-anchor&#8221; full_width=&#8221;stretch_row_content&#8221;][vc_column width=&#8221;1\/1&#8243;]<a href=\"#video\" class=\"btn btn-default\"> <span>Documentaci\u00f3n<\/span><\/a>[\/vc_column][\/vc_row][vc_row][vc_column width=&#8221;1\/2&#8243; css=&#8221;.vc_custom_1427487258773{padding-top: 30px !important;}&#8221; animation=&#8221;none&#8221;][vc_single_image image=&#8221;9941&#8243; border_color=&#8221;grey&#8221; img_link_large=&#8221;&#8221; img_link_target=&#8221;_self&#8221; alignment=&#8221;center&#8221;][\/vc_column][vc_column width=&#8221;1\/2&#8243;][vc_column_text]<\/p>\n<h2>Coj\u00edn Stimulite\u00ae Est\u00e1ndar Cl\u00e1sico XS<\/h2>\n<p>[\/vc_column_text][vc_column_text]Pesando 1,36 kg., el coj\u00edn est\u00e1ndar ofrece una gran estabilidad y responde a varias patolog\u00edas. Puede ser pedido con la opci\u00f3n extra suave[\/vc_column_text]<a href=\"https:\/\/www.physipro.com\/wp-content\/uploads\/2015\/03\/Brochure_Stimulite_Cushions.pdf\" target=\"_blank\"class=\"btn btn-primary\"><span>Descargar el folleto<\/span> <\/a>[\/vc_column][\/vc_row][vc_row id_attribute=&#8221;video&#8221; el_class=&#8221;btn-file-group&#8221;][vc_column width=&#8221;1\/1&#8243;][vc_column_text]<\/p>\n<h2>Documentaci\u00f3n<\/h2>\n<p>[\/vc_column_text]<a href=\"https:\/\/www.physipro.com\/wp-content\/uploads\/2015\/03\/Brochure_Stimulite_Cushions.pdf\" target=\"_blank\"class=\"btn btn-default btn-lg\"><i class=\"fa fa-file-pdf-o fa-lg\"><\/i> <span>Folleto<\/span><\/a><a href=\"#\" target=\"_blank\"class=\"btn btn-default btn-lg\"><i class=\"fa fa-file-pdf-o fa-lg\"><\/i> <span>Orden de compra<\/span><\/a>[\/vc_column][\/vc_row]<\/p>\n<\/div>","protected":false},"excerpt":{"rendered":"<p>[vc_row el_class=&#8221;btn-group-anchor&#8221; full_width=&#8221;stretch_row_content&#8221;][vc_column width=&#8221;1\/1&#8243;][\/vc_column][\/vc_row][vc_row][vc_column width=&#8221;1\/2&#8243; css=&#8221;.vc_custom_1427487258773{padding-top: 30px !important;}&#8221; animation=&#8221;none&#8221;][vc_single_image image=&#8221;9941&#8243; border_color=&#8221;grey&#8221; img_link_large=&#8221;&#8221; img_link_target=&#8221;_self&#8221; alignment=&#8221;center&#8221;][\/vc_column][vc_column width=&#8221;1\/2&#8243;][vc_column_text] Coj\u00edn Stimulite\u00ae Est\u00e1ndar Cl\u00e1sico XS [\/vc_column_text][vc_column_text]Pesando 1,36 kg., el coj\u00edn est\u00e1ndar ofrece una gran estabilidad y responde a varias patolog\u00edas. Puede ser pedido con la opci\u00f3n extra suave[\/vc_column_text][\/vc_column][\/vc_row][vc_row id_attribute=&#8221;video&#8221; el_class=&#8221;btn-file-group&#8221;][vc_column width=&#8221;1\/1&#8243;][vc_column_text] Documentaci\u00f3n [\/vc_column_text][\/vc_column][\/vc_row]<\/p>\n <p><a class=\"read-more btn btn-primary btn-lg\" href=\"https:\/\/www.physipro.com\/es\/producto\/cojinclasicoxs\/\">Leer m&aacute;s<\/a><\/p>","protected":false},"featured_media":23073,"comment_status":"open","ping_status":"closed","template":"","meta":{"_acf_changed":false},"product_cat":[561],"product_tag":[],"class_list":{"0":"post-1814","1":"product","2":"type-product","3":"status-publish","4":"has-post-thumbnail","6":"product_cat-uncategorized-en-ca","8":"first","9":"instock","10":"shipping-taxable","11":"product-type-simple"},"acf":[],"yoast_head":"<!-- This site is optimized with the Yoast SEO plugin v22.3 - https:\/\/yoast.com\/wordpress\/plugins\/seo\/ -->\n<title>coj\u00edn stimulite\u00ae est\u00e1ndar cl\u00e1sico XS - Physipro inc.<\/title>\n<meta name=\"robots\" content=\"index, follow, max-snippet:-1, max-image-preview:large, max-video-preview:-1\" \/>\n<link rel=\"canonical\" href=\"https:\/\/www.physipro.com\/es\/product\/cojinclasicoxs\/\" \/>\n<meta property=\"og:locale\" content=\"es_ES\" \/>\n<meta property=\"og:type\" content=\"article\" \/>\n<meta property=\"og:title\" content=\"coj\u00edn stimulite\u00ae est\u00e1ndar cl\u00e1sico XS - Physipro inc.\" \/>\n<meta property=\"og:description\" content=\"[vc_row el_class=&#8221;btn-group-anchor&#8221; full_width=&#8221;stretch_row_content&#8221;][vc_column width=&#8221;1\/1&#8243;][\/vc_column][\/vc_row][vc_row][vc_column width=&#8221;1\/2&#8243; css=&#8221;.vc_custom_1427487258773{padding-top: 30px !important;}&#8221; animation=&#8221;none&#8221;][vc_single_image image=&#8221;9941&#8243; border_color=&#8221;grey&#8221; img_link_large=&#8221;&#8221; img_link_target=&#8221;_self&#8221; alignment=&#8221;center&#8221;][\/vc_column][vc_column width=&#8221;1\/2&#8243;][vc_column_text] Coj\u00edn Stimulite\u00ae Est\u00e1ndar Cl\u00e1sico XS [\/vc_column_text][vc_column_text]Pesando 1,36 kg., el coj\u00edn est\u00e1ndar ofrece una gran estabilidad y responde a varias patolog\u00edas. Puede ser pedido con la opci\u00f3n extra suave[\/vc_column_text][\/vc_column][\/vc_row][vc_row id_attribute=&#8221;video&#8221; el_class=&#8221;btn-file-group&#8221;][vc_column width=&#8221;1\/1&#8243;][vc_column_text] Documentaci\u00f3n [\/vc_column_text][\/vc_column][\/vc_row]\" \/>\n<meta property=\"og:url\" content=\"https:\/\/www.physipro.com\/es\/product\/cojinclasicoxs\/\" \/>\n<meta property=\"og:site_name\" content=\"Physipro inc.\" \/>\n<meta property=\"article:modified_time\" content=\"2015-03-31T18:28:47+00:00\" \/>\n<meta property=\"og:image\" content=\"https:\/\/www.physipro.com\/wp-content\/uploads\/classiqueXS_600px.png\" \/>\n\t<meta property=\"og:image:width\" content=\"400\" \/>\n\t<meta property=\"og:image:height\" content=\"400\" \/>\n\t<meta property=\"og:image:type\" content=\"image\/png\" \/>\n<meta name=\"twitter:label1\" content=\"Tiempo de lectura\" \/>\n\t<meta name=\"twitter:data1\" content=\"1 minuto\" \/>\n<script type=\"application\/ld+json\" class=\"yoast-schema-graph\">{\"@context\":\"https:\/\/schema.org\",\"@graph\":[{\"@type\":\"WebPage\",\"@id\":\"https:\/\/www.physipro.com\/es\/product\/cojinclasicoxs\/\",\"url\":\"https:\/\/www.physipro.com\/es\/product\/cojinclasicoxs\/\",\"name\":\"coj\u00edn stimulite\u00ae est\u00e1ndar cl\u00e1sico XS - Physipro inc.\",\"isPartOf\":{\"@id\":\"https:\/\/www.physipro.com\/#website\"},\"primaryImageOfPage\":{\"@id\":\"https:\/\/www.physipro.com\/es\/product\/cojinclasicoxs\/#primaryimage\"},\"image\":{\"@id\":\"https:\/\/www.physipro.com\/es\/product\/cojinclasicoxs\/#primaryimage\"},\"thumbnailUrl\":\"https:\/\/www.physipro.com\/wp-content\/uploads\/classiqueXS_600px.png\",\"datePublished\":\"2015-03-11T17:55:46+00:00\",\"dateModified\":\"2015-03-31T18:28:47+00:00\",\"breadcrumb\":{\"@id\":\"https:\/\/www.physipro.com\/es\/product\/cojinclasicoxs\/#breadcrumb\"},\"inLanguage\":\"es\",\"potentialAction\":[{\"@type\":\"ReadAction\",\"target\":[\"https:\/\/www.physipro.com\/es\/product\/cojinclasicoxs\/\"]}]},{\"@type\":\"ImageObject\",\"inLanguage\":\"es\",\"@id\":\"https:\/\/www.physipro.com\/es\/product\/cojinclasicoxs\/#primaryimage\",\"url\":\"https:\/\/www.physipro.com\/wp-content\/uploads\/classiqueXS_600px.png\",\"contentUrl\":\"https:\/\/www.physipro.com\/wp-content\/uploads\/classiqueXS_600px.png\",\"width\":400,\"height\":400},{\"@type\":\"BreadcrumbList\",\"@id\":\"https:\/\/www.physipro.com\/es\/product\/cojinclasicoxs\/#breadcrumb\",\"itemListElement\":[{\"@type\":\"ListItem\",\"position\":1,\"name\":\"Accueil\",\"item\":\"https:\/\/www.physipro.com\/es\/\"},{\"@type\":\"ListItem\",\"position\":2,\"name\":\"Tienda\",\"item\":\"https:\/\/www.physipro.com\/es\/tienda\/\"},{\"@type\":\"ListItem\",\"position\":3,\"name\":\"coj\u00edn stimulite\u00ae est\u00e1ndar cl\u00e1sico XS\"}]},{\"@type\":\"WebSite\",\"@id\":\"https:\/\/www.physipro.com\/#website\",\"url\":\"https:\/\/www.physipro.com\/\",\"name\":\"Physipro inc.\",\"description\":\"Un site utilisant WordPress\",\"potentialAction\":[{\"@type\":\"SearchAction\",\"target\":{\"@type\":\"EntryPoint\",\"urlTemplate\":\"https:\/\/www.physipro.com\/?s={search_term_string}\"},\"query-input\":\"required name=search_term_string\"}],\"inLanguage\":\"es\"}]}<\/script>\n<!-- \/ Yoast SEO plugin. -->","yoast_head_json":{"title":"coj\u00edn stimulite\u00ae est\u00e1ndar cl\u00e1sico XS - Physipro inc.","robots":{"index":"index","follow":"follow","max-snippet":"max-snippet:-1","max-image-preview":"max-image-preview:large","max-video-preview":"max-video-preview:-1"},"canonical":"https:\/\/www.physipro.com\/es\/product\/cojinclasicoxs\/","og_locale":"es_ES","og_type":"article","og_title":"coj\u00edn stimulite\u00ae est\u00e1ndar cl\u00e1sico XS - Physipro inc.","og_description":"[vc_row el_class=&#8221;btn-group-anchor&#8221; full_width=&#8221;stretch_row_content&#8221;][vc_column width=&#8221;1\/1&#8243;][\/vc_column][\/vc_row][vc_row][vc_column width=&#8221;1\/2&#8243; css=&#8221;.vc_custom_1427487258773{padding-top: 30px !important;}&#8221; animation=&#8221;none&#8221;][vc_single_image image=&#8221;9941&#8243; border_color=&#8221;grey&#8221; img_link_large=&#8221;&#8221; img_link_target=&#8221;_self&#8221; alignment=&#8221;center&#8221;][\/vc_column][vc_column width=&#8221;1\/2&#8243;][vc_column_text] Coj\u00edn Stimulite\u00ae Est\u00e1ndar Cl\u00e1sico XS [\/vc_column_text][vc_column_text]Pesando 1,36 kg., el coj\u00edn est\u00e1ndar ofrece una gran estabilidad y responde a varias patolog\u00edas. Puede ser pedido con la opci\u00f3n extra suave[\/vc_column_text][\/vc_column][\/vc_row][vc_row id_attribute=&#8221;video&#8221; el_class=&#8221;btn-file-group&#8221;][vc_column width=&#8221;1\/1&#8243;][vc_column_text] Documentaci\u00f3n [\/vc_column_text][\/vc_column][\/vc_row]","og_url":"https:\/\/www.physipro.com\/es\/product\/cojinclasicoxs\/","og_site_name":"Physipro inc.","article_modified_time":"2015-03-31T18:28:47+00:00","og_image":[{"width":400,"height":400,"url":"https:\/\/www.physipro.com\/wp-content\/uploads\/classiqueXS_600px.png","type":"image\/png"}],"twitter_misc":{"Tiempo de lectura":"1 minuto"},"schema":{"@context":"https:\/\/schema.org","@graph":[{"@type":"WebPage","@id":"https:\/\/www.physipro.com\/es\/product\/cojinclasicoxs\/","url":"https:\/\/www.physipro.com\/es\/product\/cojinclasicoxs\/","name":"coj\u00edn stimulite\u00ae est\u00e1ndar cl\u00e1sico XS - Physipro inc.","isPartOf":{"@id":"https:\/\/www.physipro.com\/#website"},"primaryImageOfPage":{"@id":"https:\/\/www.physipro.com\/es\/product\/cojinclasicoxs\/#primaryimage"},"image":{"@id":"https:\/\/www.physipro.com\/es\/product\/cojinclasicoxs\/#primaryimage"},"thumbnailUrl":"https:\/\/www.physipro.com\/wp-content\/uploads\/classiqueXS_600px.png","datePublished":"2015-03-11T17:55:46+00:00","dateModified":"2015-03-31T18:28:47+00:00","breadcrumb":{"@id":"https:\/\/www.physipro.com\/es\/product\/cojinclasicoxs\/#breadcrumb"},"inLanguage":"es","potentialAction":[{"@type":"ReadAction","target":["https:\/\/www.physipro.com\/es\/product\/cojinclasicoxs\/"]}]},{"@type":"ImageObject","inLanguage":"es","@id":"https:\/\/www.physipro.com\/es\/product\/cojinclasicoxs\/#primaryimage","url":"https:\/\/www.physipro.com\/wp-content\/uploads\/classiqueXS_600px.png","contentUrl":"https:\/\/www.physipro.com\/wp-content\/uploads\/classiqueXS_600px.png","width":400,"height":400},{"@type":"BreadcrumbList","@id":"https:\/\/www.physipro.com\/es\/product\/cojinclasicoxs\/#breadcrumb","itemListElement":[{"@type":"ListItem","position":1,"name":"Accueil","item":"https:\/\/www.physipro.com\/es\/"},{"@type":"ListItem","position":2,"name":"Tienda","item":"https:\/\/www.physipro.com\/es\/tienda\/"},{"@type":"ListItem","position":3,"name":"coj\u00edn stimulite\u00ae est\u00e1ndar cl\u00e1sico XS"}]},{"@type":"WebSite","@id":"https:\/\/www.physipro.com\/#website","url":"https:\/\/www.physipro.com\/","name":"Physipro inc.","description":"Un site utilisant WordPress","potentialAction":[{"@type":"SearchAction","target":{"@type":"EntryPoint","urlTemplate":"https:\/\/www.physipro.com\/?s={search_term_string}"},"query-input":"required name=search_term_string"}],"inLanguage":"es"}]}},"_links":{"self":[{"href":"https:\/\/www.physipro.com\/es\/wp-json\/wp\/v2\/product\/1814","targetHints":{"allow":["GET"]}}],"collection":[{"href":"https:\/\/www.physipro.com\/es\/wp-json\/wp\/v2\/product"}],"about":[{"href":"https:\/\/www.physipro.com\/es\/wp-json\/wp\/v2\/types\/product"}],"replies":[{"embeddable":true,"href":"https:\/\/www.physipro.com\/es\/wp-json\/wp\/v2\/comments?post=1814"}],"wp:featuredmedia":[{"embeddable":true,"href":"https:\/\/www.physipro.com\/es\/wp-json\/wp\/v2\/media\/23073"}],"wp:attachment":[{"href":"https:\/\/www.physipro.com\/es\/wp-json\/wp\/v2\/media?parent=1814"}],"wp:term":[{"taxonomy":"product_cat","embeddable":true,"href":"https:\/\/www.physipro.com\/es\/wp-json\/wp\/v2\/product_cat?post=1814"},{"taxonomy":"product_tag","embeddable":true,"href":"https:\/\/www.physipro.com\/es\/wp-json\/wp\/v2\/product_tag?post=1814"}],"curies":[{"name":"wp","href":"https:\/\/api.w.org\/{rel}","templated":true}]}}