{"id":2205,"date":"2015-03-12T18:07:28","date_gmt":"2015-03-12T18:24:15","guid":{"rendered":"https:\/\/www.physipro.com\/?post_type=product&#038;p=2205"},"modified":"2015-03-31T14:11:11","modified_gmt":"2015-03-31T14:11:11","slug":"respaldo-rigido","status":"publish","type":"product","link":"https:\/\/www.physipro.com\/es\/producto\/respaldo-rigido\/","title":{"rendered":"Respaldo Modular R\u00edgido"},"content":{"rendered":"<div class=\"wpb-content-wrapper\"><p>[vc_row css=&#8221;.vc_custom_1426882841247{padding-top: 100px !important;}&#8221;][vc_column width=&#8221;1\/2&#8243;][vc_single_image image=&#8221;2180&#8243; alignment=&#8221;center&#8221; border_color=&#8221;grey&#8221; img_link_large=&#8221;&#8221; img_link_target=&#8221;_self&#8221;][\/vc_column][vc_column width=&#8221;1\/2&#8243;][vc_column_text]El respaldo r\u00edgido convencional es preparado en base a las medidas antropom\u00e9tricas de cada cliente. Este constituye un elemento esencial en la resoluci\u00f3n de problemas como el desplazamiento y la posici\u00f3n reclinada posterior de la pelvis.<\/p>\n<p>Los soportes tor\u00e1cicos ayudan a corregir las ca\u00eddas laterales del tronco as\u00ed como la escoliosis. El respaldo modular r\u00edgido puede ser instalado f\u00e1cilmente en las barras en forma de bast\u00f3n del respaldo mediante un sistema de ganchos de anclaje, los cuales permiten la regulaci\u00f3n en altura, profundidad e inclinaci\u00f3n.<\/p>\n<p>El coj\u00edn de respaldo r\u00edgido est\u00e1 compuesto por diferentes tipos de mousse seg\u00fan su elecci\u00f3n.<\/p>\n<p>Tambi\u00e9n se pueden instalar reposa pelvis en la versi\u00f3n pedi\u00e1trica.<\/p>\n<p><strong>Caracter\u00edsticas:<\/strong><\/p>\n<ul>\n<li>Correcci\u00f3n de la espalda y de la pelvis;<\/li>\n<li>Estabilidad y control del tronco;<\/li>\n<li>Ajuste de la inclinaci\u00f3n y de la altura.<\/li>\n<\/ul>\n<p>[\/vc_column_text][\/vc_column][\/vc_row]<\/p>\n<\/div>","protected":false},"excerpt":{"rendered":"<p>[vc_row css=&#8221;.vc_custom_1426882841247{padding-top: 100px !important;}&#8221;][vc_column width=&#8221;1\/2&#8243;][vc_single_image image=&#8221;2180&#8243; alignment=&#8221;center&#8221; border_color=&#8221;grey&#8221; img_link_large=&#8221;&#8221; img_link_target=&#8221;_self&#8221;][\/vc_column][vc_column width=&#8221;1\/2&#8243;][vc_column_text]El respaldo r\u00edgido convencional es preparado en base a las medidas antropom\u00e9tricas de cada cliente. Este constituye un elemento esencial en la resoluci\u00f3n de problemas como el desplazamiento y la posici\u00f3n reclinada posterior de la pelvis. Los soportes tor\u00e1cicos ayudan&#8230;<\/p>\n <p><a class=\"read-more btn btn-primary btn-lg\" href=\"https:\/\/www.physipro.com\/es\/producto\/respaldo-rigido\/\">Leer m&aacute;s<\/a><\/p>","protected":false},"featured_media":2180,"comment_status":"open","ping_status":"closed","template":"","meta":{"_acf_changed":false},"product_cat":[109],"product_tag":[],"class_list":{"0":"post-2205","1":"product","2":"type-product","3":"status-publish","4":"has-post-thumbnail","6":"product_cat-cojines-de-asiento-personalizados-es","8":"first","9":"instock","10":"shipping-taxable","11":"product-type-simple"},"acf":[],"yoast_head":"<!-- This site is optimized with the Yoast SEO plugin v22.3 - https:\/\/yoast.com\/wordpress\/plugins\/seo\/ -->\n<title>Respaldo Modular R\u00edgido - Physipro inc.<\/title>\n<meta name=\"robots\" content=\"index, follow, max-snippet:-1, max-image-preview:large, max-video-preview:-1\" \/>\n<link rel=\"canonical\" href=\"https:\/\/www.physipro.com\/es\/product\/respaldo-rigido\/\" \/>\n<meta property=\"og:locale\" content=\"es_ES\" \/>\n<meta property=\"og:type\" content=\"article\" \/>\n<meta property=\"og:title\" content=\"Respaldo Modular R\u00edgido - Physipro inc.\" \/>\n<meta property=\"og:description\" content=\"[vc_row css=&#8221;.vc_custom_1426882841247{padding-top: 100px !important;}&#8221;][vc_column width=&#8221;1\/2&#8243;][vc_single_image image=&#8221;2180&#8243; alignment=&#8221;center&#8221; border_color=&#8221;grey&#8221; img_link_large=&#8221;&#8221; img_link_target=&#8221;_self&#8221;][\/vc_column][vc_column width=&#8221;1\/2&#8243;][vc_column_text]El respaldo r\u00edgido convencional es preparado en base a las medidas antropom\u00e9tricas de cada cliente. Este constituye un elemento esencial en la resoluci\u00f3n de problemas como el desplazamiento y la posici\u00f3n reclinada posterior de la pelvis. Los soportes tor\u00e1cicos ayudan...\" \/>\n<meta property=\"og:url\" content=\"https:\/\/www.physipro.com\/es\/product\/respaldo-rigido\/\" \/>\n<meta property=\"og:site_name\" content=\"Physipro inc.\" \/>\n<meta property=\"article:modified_time\" content=\"2015-03-31T14:11:11+00:00\" \/>\n<meta property=\"og:image\" content=\"https:\/\/www.physipro.com\/wp-content\/uploads\/2015\/03\/rigide.png\" \/>\n\t<meta property=\"og:image:width\" content=\"400\" \/>\n\t<meta property=\"og:image:height\" content=\"400\" \/>\n\t<meta property=\"og:image:type\" content=\"image\/png\" \/>\n<meta name=\"twitter:label1\" content=\"Tiempo de lectura\" \/>\n\t<meta name=\"twitter:data1\" content=\"1 minuto\" \/>\n<script type=\"application\/ld+json\" class=\"yoast-schema-graph\">{\"@context\":\"https:\/\/schema.org\",\"@graph\":[{\"@type\":\"WebPage\",\"@id\":\"https:\/\/www.physipro.com\/es\/product\/respaldo-rigido\/\",\"url\":\"https:\/\/www.physipro.com\/es\/product\/respaldo-rigido\/\",\"name\":\"Respaldo Modular R\u00edgido - Physipro inc.\",\"isPartOf\":{\"@id\":\"https:\/\/www.physipro.com\/#website\"},\"primaryImageOfPage\":{\"@id\":\"https:\/\/www.physipro.com\/es\/product\/respaldo-rigido\/#primaryimage\"},\"image\":{\"@id\":\"https:\/\/www.physipro.com\/es\/product\/respaldo-rigido\/#primaryimage\"},\"thumbnailUrl\":\"https:\/\/www.physipro.com\/wp-content\/uploads\/2015\/03\/rigide.png\",\"datePublished\":\"2015-03-12T18:24:15+00:00\",\"dateModified\":\"2015-03-31T14:11:11+00:00\",\"breadcrumb\":{\"@id\":\"https:\/\/www.physipro.com\/es\/product\/respaldo-rigido\/#breadcrumb\"},\"inLanguage\":\"es\",\"potentialAction\":[{\"@type\":\"ReadAction\",\"target\":[\"https:\/\/www.physipro.com\/es\/product\/respaldo-rigido\/\"]}]},{\"@type\":\"ImageObject\",\"inLanguage\":\"es\",\"@id\":\"https:\/\/www.physipro.com\/es\/product\/respaldo-rigido\/#primaryimage\",\"url\":\"https:\/\/www.physipro.com\/wp-content\/uploads\/2015\/03\/rigide.png\",\"contentUrl\":\"https:\/\/www.physipro.com\/wp-content\/uploads\/2015\/03\/rigide.png\",\"width\":400,\"height\":400},{\"@type\":\"BreadcrumbList\",\"@id\":\"https:\/\/www.physipro.com\/es\/product\/respaldo-rigido\/#breadcrumb\",\"itemListElement\":[{\"@type\":\"ListItem\",\"position\":1,\"name\":\"Accueil\",\"item\":\"https:\/\/www.physipro.com\/es\/\"},{\"@type\":\"ListItem\",\"position\":2,\"name\":\"Tienda\",\"item\":\"https:\/\/www.physipro.com\/es\/tienda\/\"},{\"@type\":\"ListItem\",\"position\":3,\"name\":\"Respaldo Modular R\u00edgido\"}]},{\"@type\":\"WebSite\",\"@id\":\"https:\/\/www.physipro.com\/#website\",\"url\":\"https:\/\/www.physipro.com\/\",\"name\":\"Physipro inc.\",\"description\":\"Un site utilisant WordPress\",\"potentialAction\":[{\"@type\":\"SearchAction\",\"target\":{\"@type\":\"EntryPoint\",\"urlTemplate\":\"https:\/\/www.physipro.com\/?s={search_term_string}\"},\"query-input\":\"required name=search_term_string\"}],\"inLanguage\":\"es\"}]}<\/script>\n<!-- \/ Yoast SEO plugin. -->","yoast_head_json":{"title":"Respaldo Modular R\u00edgido - Physipro inc.","robots":{"index":"index","follow":"follow","max-snippet":"max-snippet:-1","max-image-preview":"max-image-preview:large","max-video-preview":"max-video-preview:-1"},"canonical":"https:\/\/www.physipro.com\/es\/product\/respaldo-rigido\/","og_locale":"es_ES","og_type":"article","og_title":"Respaldo Modular R\u00edgido - Physipro inc.","og_description":"[vc_row css=&#8221;.vc_custom_1426882841247{padding-top: 100px !important;}&#8221;][vc_column width=&#8221;1\/2&#8243;][vc_single_image image=&#8221;2180&#8243; alignment=&#8221;center&#8221; border_color=&#8221;grey&#8221; img_link_large=&#8221;&#8221; img_link_target=&#8221;_self&#8221;][\/vc_column][vc_column width=&#8221;1\/2&#8243;][vc_column_text]El respaldo r\u00edgido convencional es preparado en base a las medidas antropom\u00e9tricas de cada cliente. Este constituye un elemento esencial en la resoluci\u00f3n de problemas como el desplazamiento y la posici\u00f3n reclinada posterior de la pelvis. Los soportes tor\u00e1cicos ayudan...","og_url":"https:\/\/www.physipro.com\/es\/product\/respaldo-rigido\/","og_site_name":"Physipro inc.","article_modified_time":"2015-03-31T14:11:11+00:00","og_image":[{"width":400,"height":400,"url":"https:\/\/www.physipro.com\/wp-content\/uploads\/2015\/03\/rigide.png","type":"image\/png"}],"twitter_misc":{"Tiempo de lectura":"1 minuto"},"schema":{"@context":"https:\/\/schema.org","@graph":[{"@type":"WebPage","@id":"https:\/\/www.physipro.com\/es\/product\/respaldo-rigido\/","url":"https:\/\/www.physipro.com\/es\/product\/respaldo-rigido\/","name":"Respaldo Modular R\u00edgido - Physipro inc.","isPartOf":{"@id":"https:\/\/www.physipro.com\/#website"},"primaryImageOfPage":{"@id":"https:\/\/www.physipro.com\/es\/product\/respaldo-rigido\/#primaryimage"},"image":{"@id":"https:\/\/www.physipro.com\/es\/product\/respaldo-rigido\/#primaryimage"},"thumbnailUrl":"https:\/\/www.physipro.com\/wp-content\/uploads\/2015\/03\/rigide.png","datePublished":"2015-03-12T18:24:15+00:00","dateModified":"2015-03-31T14:11:11+00:00","breadcrumb":{"@id":"https:\/\/www.physipro.com\/es\/product\/respaldo-rigido\/#breadcrumb"},"inLanguage":"es","potentialAction":[{"@type":"ReadAction","target":["https:\/\/www.physipro.com\/es\/product\/respaldo-rigido\/"]}]},{"@type":"ImageObject","inLanguage":"es","@id":"https:\/\/www.physipro.com\/es\/product\/respaldo-rigido\/#primaryimage","url":"https:\/\/www.physipro.com\/wp-content\/uploads\/2015\/03\/rigide.png","contentUrl":"https:\/\/www.physipro.com\/wp-content\/uploads\/2015\/03\/rigide.png","width":400,"height":400},{"@type":"BreadcrumbList","@id":"https:\/\/www.physipro.com\/es\/product\/respaldo-rigido\/#breadcrumb","itemListElement":[{"@type":"ListItem","position":1,"name":"Accueil","item":"https:\/\/www.physipro.com\/es\/"},{"@type":"ListItem","position":2,"name":"Tienda","item":"https:\/\/www.physipro.com\/es\/tienda\/"},{"@type":"ListItem","position":3,"name":"Respaldo Modular R\u00edgido"}]},{"@type":"WebSite","@id":"https:\/\/www.physipro.com\/#website","url":"https:\/\/www.physipro.com\/","name":"Physipro inc.","description":"Un site utilisant WordPress","potentialAction":[{"@type":"SearchAction","target":{"@type":"EntryPoint","urlTemplate":"https:\/\/www.physipro.com\/?s={search_term_string}"},"query-input":"required name=search_term_string"}],"inLanguage":"es"}]}},"_links":{"self":[{"href":"https:\/\/www.physipro.com\/es\/wp-json\/wp\/v2\/product\/2205","targetHints":{"allow":["GET"]}}],"collection":[{"href":"https:\/\/www.physipro.com\/es\/wp-json\/wp\/v2\/product"}],"about":[{"href":"https:\/\/www.physipro.com\/es\/wp-json\/wp\/v2\/types\/product"}],"replies":[{"embeddable":true,"href":"https:\/\/www.physipro.com\/es\/wp-json\/wp\/v2\/comments?post=2205"}],"wp:featuredmedia":[{"embeddable":true,"href":"https:\/\/www.physipro.com\/es\/wp-json\/wp\/v2\/media\/2180"}],"wp:attachment":[{"href":"https:\/\/www.physipro.com\/es\/wp-json\/wp\/v2\/media?parent=2205"}],"wp:term":[{"taxonomy":"product_cat","embeddable":true,"href":"https:\/\/www.physipro.com\/es\/wp-json\/wp\/v2\/product_cat?post=2205"},{"taxonomy":"product_tag","embeddable":true,"href":"https:\/\/www.physipro.com\/es\/wp-json\/wp\/v2\/product_tag?post=2205"}],"curies":[{"name":"wp","href":"https:\/\/api.w.org\/{rel}","templated":true}]}}