{"id":2306,"date":"2015-03-12T19:30:05","date_gmt":"2015-03-12T20:19:12","guid":{"rendered":"https:\/\/www.physipro.com\/?post_type=product&#038;p=2306"},"modified":"2015-04-07T11:35:23","modified_gmt":"2015-04-07T11:35:23","slug":"asiento-pediatrico","status":"publish","type":"product","link":"https:\/\/www.physipro.com\/es\/producto\/asiento-pediatrico\/","title":{"rendered":"Asiento Pedi\u00e1trico"},"content":{"rendered":"<div class=\"wpb-content-wrapper\"><p>[vc_row el_class=&#8221;btn-group-anchor&#8221; full_width=&#8221;stretch_row_content&#8221;][vc_column width=&#8221;1\/2&#8243;]<a href=\"#video\" class=\"btn btn-default\"> <span>Documentaci\u00f3n<\/span><\/a>[\/vc_column][vc_column width=&#8221;1\/2&#8243;]<a href=\"#colors\" class=\"btn btn-default\"> <span>Colores<\/span><\/a>[\/vc_column][\/vc_row][vc_row][vc_column width=&#8221;2\/3&#8243;][vc_gallery type=&#8221;flexslider_fade&#8221; interval=&#8221;3&#8243; images=&#8221;2226,2231&#8243; onclick=&#8221;link_image&#8221; custom_links_target=&#8221;_self&#8221; img_size=&#8221;full&#8221;][\/vc_column][vc_column width=&#8221;1\/3&#8243;][vc_column_text]<strong>Un dise\u00f1o innovador, polivalente, ajustable y confortable<\/strong><\/p>\n<p>Concebido en funci\u00f3n a la condici\u00f3n patol\u00f3gica del ni\u00f1o, el asiento pedi\u00e1trico ofrece un confort \u00f3ptimo..<\/p>\n<p>La multiplicidad de ajustes y la simplicidad de utilizaci\u00f3n responden completamente a las necesidades de todos. El asistente puede ajustar el asiento del ni\u00f1o seg\u00fan las medidas antropom\u00e9tricas.<\/p>\n<p><strong>Caracter\u00edsticas<\/strong><\/p>\n<ul>\n<li>Dise\u00f1o innovador<\/li>\n<li>Confortable<\/li>\n<li>Gran estabilidad<\/li>\n<li>Simplicidad de utilizaci\u00f3n<\/li>\n<li>Regulaci\u00f3n m\u00faltiple y polivalente<\/li>\n<\/ul>\n<p><strong>Elementos incluidos<\/strong><\/p>\n<ul>\n<li>Reposabrazos<\/li>\n<li>Reposa pelvis<\/li>\n<li>Asiento y coj\u00edn<\/li>\n<li>Reposapi\u00e9s<\/li>\n<li>Reposacabezas<\/li>\n<li>Respaldo y coj\u00edn<\/li>\n<li>Reposa t\u00f3rax<\/li>\n<\/ul>\n<p>[\/vc_column_text]<a href=\"#\" target=\"_blank\"class=\"btn btn-primary\"><span>Descargar el folleto<\/span> <\/a>[\/vc_column][\/vc_row][vc_row full_width=&#8221;stretch_row&#8221; css=&#8221;.vc_custom_1425559412647{background-color: #f2f2f4 !important;}&#8221; el_class=&#8221;section-full section-swatches&#8221; id_attribute=&#8221;colors&#8221;][vc_column width=&#8221;1\/1&#8243;][vc_column_text]<\/p>\n<h2 style=\"text-align: center;\">Colores disponibles<\/h2>\n<p>[\/vc_column_text][vc_row_inner][vc_column_inner width=&#8221;1\/6&#8243;][vc_single_image image=&#8221;892&#8243; border_color=&#8221;grey&#8221; img_link_large=&#8221;&#8221; img_link_target=&#8221;_self&#8221; img_size=&#8221;medium&#8221;][vc_column_text]<\/p>\n<p style=\"text-align: center;\"><strong>Blanco<\/strong><\/p>\n<p>[\/vc_column_text][\/vc_column_inner][vc_column_inner width=&#8221;1\/6&#8243;][vc_single_image image=&#8221;888&#8243; border_color=&#8221;grey&#8221; img_link_large=&#8221;&#8221; img_link_target=&#8221;_self&#8221; img_size=&#8221;medium&#8221;][vc_column_text]<\/p>\n<p style=\"text-align: center;\"><strong>Plateado<\/strong><\/p>\n<p>[\/vc_column_text][\/vc_column_inner][vc_column_inner width=&#8221;1\/6&#8243;][vc_single_image image=&#8221;900&#8243; border_color=&#8221;grey&#8221; img_link_large=&#8221;&#8221; img_link_target=&#8221;_self&#8221; img_size=&#8221;medium&#8221;][vc_column_text]<\/p>\n<p style=\"text-align: center;\"><strong>Plomo Oscuro<\/strong><\/p>\n<p>[\/vc_column_text][\/vc_column_inner][vc_column_inner width=&#8221;1\/6&#8243;][vc_single_image image=&#8221;868&#8243; border_color=&#8221;grey&#8221; img_link_large=&#8221;&#8221; img_link_target=&#8221;_self&#8221; img_size=&#8221;medium&#8221;][vc_column_text]<\/p>\n<p style=\"text-align: center;\"><strong>Negro Mate<\/strong><\/p>\n<p>[\/vc_column_text][\/vc_column_inner][vc_column_inner width=&#8221;1\/6&#8243;][vc_single_image image=&#8221;908&#8243; border_color=&#8221;grey&#8221; img_link_large=&#8221;&#8221; img_link_target=&#8221;_self&#8221; img_size=&#8221;medium&#8221;][vc_column_text]<\/p>\n<p style=\"text-align: center;\"><strong>Negro Lustroso<\/strong><\/p>\n<p>[\/vc_column_text][\/vc_column_inner][vc_column_inner width=&#8221;1\/6&#8243;][vc_single_image image=&#8221;904&#8243; border_color=&#8221;grey&#8221; img_link_large=&#8221;&#8221; img_link_target=&#8221;_self&#8221; img_size=&#8221;medium&#8221;][vc_column_text]<\/p>\n<p style=\"text-align: center;\"><strong>Morado Iluminado<\/strong><\/p>\n<p>[\/vc_column_text][\/vc_column_inner][\/vc_row_inner][vc_row_inner][vc_column_inner width=&#8221;1\/6&#8243;][vc_single_image image=&#8221;872&#8243; border_color=&#8221;grey&#8221; img_link_large=&#8221;&#8221; img_link_target=&#8221;_self&#8221; img_size=&#8221;medium&#8221;][vc_column_text]<\/p>\n<p style=\"text-align: center;\"><strong>Rojo Ciruela<\/strong><\/p>\n<p>[\/vc_column_text][\/vc_column_inner][vc_column_inner width=&#8221;1\/6&#8243;][vc_single_image image=&#8221;876&#8243; border_color=&#8221;grey&#8221; img_link_large=&#8221;&#8221; img_link_target=&#8221;_self&#8221; img_size=&#8221;medium&#8221;][vc_column_text]<\/p>\n<p style=\"text-align: center;\"><strong>Rojo Bomb\u00f3n<\/strong><\/p>\n<p>[\/vc_column_text][\/vc_column_inner][vc_column_inner width=&#8221;1\/6&#8243;][vc_single_image image=&#8221;884&#8243; border_color=&#8221;grey&#8221; img_link_large=&#8221;&#8221; img_link_target=&#8221;_self&#8221; img_size=&#8221;medium&#8221;][vc_column_text]<\/p>\n<p style=\"text-align: center;\"><strong>Verde Iluminado<\/strong><\/p>\n<p>[\/vc_column_text][\/vc_column_inner][vc_column_inner width=&#8221;1\/6&#8243;][vc_single_image image=&#8221;880&#8243; border_color=&#8221;grey&#8221; img_link_large=&#8221;&#8221; img_link_target=&#8221;_self&#8221; img_size=&#8221;medium&#8221;][vc_column_text]<\/p>\n<p style=\"text-align: center;\"><strong>Verde Bomb\u00f3n<\/strong><\/p>\n<p>[\/vc_column_text][\/vc_column_inner][vc_column_inner width=&#8221;1\/6&#8243;][vc_single_image image=&#8221;896&#8243; border_color=&#8221;grey&#8221; img_link_large=&#8221;&#8221; img_link_target=&#8221;_self&#8221; img_size=&#8221;medium&#8221;][vc_column_text]<\/p>\n<p style=\"text-align: center;\"><strong>Azul Bomb\u00f3n<\/strong><\/p>\n<p>[\/vc_column_text][\/vc_column_inner][vc_column_inner width=&#8221;1\/6&#8243;][\/vc_column_inner][\/vc_row_inner][\/vc_column][\/vc_row][vc_row id_attribute=&#8221;video&#8221; el_class=&#8221;btn-file-group&#8221;][vc_column width=&#8221;1\/1&#8243;][vc_column_text]<\/p>\n<h2>Documentaci\u00f3n<\/h2>\n<p>[\/vc_column_text]<a href=\"#\" target=\"_blank\"class=\"btn btn-default btn-lg\"><i class=\"fa fa-file-pdf-o fa-lg\"><\/i> <span>Folleto<\/span><\/a>[\/vc_column][\/vc_row]<\/p>\n<\/div>","protected":false},"excerpt":{"rendered":"<p>[vc_row el_class=&#8221;btn-group-anchor&#8221; full_width=&#8221;stretch_row_content&#8221;][vc_column width=&#8221;1\/2&#8243;][\/vc_column][vc_column width=&#8221;1\/2&#8243;][\/vc_column][\/vc_row][vc_row][vc_column width=&#8221;2\/3&#8243;][vc_gallery type=&#8221;flexslider_fade&#8221; interval=&#8221;3&#8243; images=&#8221;2226,2231&#8243; onclick=&#8221;link_image&#8221; custom_links_target=&#8221;_self&#8221; img_size=&#8221;full&#8221;][\/vc_column][vc_column width=&#8221;1\/3&#8243;][vc_column_text]Un dise\u00f1o innovador, polivalente, ajustable y confortable Concebido en funci\u00f3n a la condici\u00f3n patol\u00f3gica del ni\u00f1o, el asiento pedi\u00e1trico ofrece un confort \u00f3ptimo.. La multiplicidad de ajustes y la simplicidad de utilizaci\u00f3n responden completamente a las necesidades de&#8230;<\/p>\n <p><a class=\"read-more btn btn-primary btn-lg\" href=\"https:\/\/www.physipro.com\/es\/producto\/asiento-pediatrico\/\">Leer m&aacute;s<\/a><\/p>","protected":false},"featured_media":22714,"comment_status":"open","ping_status":"closed","template":"","meta":{"_acf_changed":false},"product_cat":[109],"product_tag":[],"class_list":{"0":"post-2306","1":"product","2":"type-product","3":"status-publish","4":"has-post-thumbnail","6":"product_cat-cojines-de-asiento-personalizados-es","8":"first","9":"instock","10":"shipping-taxable","11":"product-type-simple"},"acf":[],"yoast_head":"<!-- This site is optimized with the Yoast SEO plugin v22.3 - https:\/\/yoast.com\/wordpress\/plugins\/seo\/ -->\n<title>Asiento Pedi\u00e1trico - Physipro inc.<\/title>\n<meta name=\"robots\" content=\"index, follow, max-snippet:-1, max-image-preview:large, max-video-preview:-1\" \/>\n<link rel=\"canonical\" href=\"https:\/\/www.physipro.com\/es\/product\/asiento-pediatrico\/\" \/>\n<meta property=\"og:locale\" content=\"es_ES\" \/>\n<meta property=\"og:type\" content=\"article\" \/>\n<meta property=\"og:title\" content=\"Asiento Pedi\u00e1trico - Physipro inc.\" \/>\n<meta property=\"og:description\" content=\"[vc_row el_class=&#8221;btn-group-anchor&#8221; full_width=&#8221;stretch_row_content&#8221;][vc_column width=&#8221;1\/2&#8243;][\/vc_column][vc_column width=&#8221;1\/2&#8243;][\/vc_column][\/vc_row][vc_row][vc_column width=&#8221;2\/3&#8243;][vc_gallery type=&#8221;flexslider_fade&#8221; interval=&#8221;3&#8243; images=&#8221;2226,2231&#8243; onclick=&#8221;link_image&#8221; custom_links_target=&#8221;_self&#8221; img_size=&#8221;full&#8221;][\/vc_column][vc_column width=&#8221;1\/3&#8243;][vc_column_text]Un dise\u00f1o innovador, polivalente, ajustable y confortable Concebido en funci\u00f3n a la condici\u00f3n patol\u00f3gica del ni\u00f1o, el asiento pedi\u00e1trico ofrece un confort \u00f3ptimo.. La multiplicidad de ajustes y la simplicidad de utilizaci\u00f3n responden completamente a las necesidades de...\" \/>\n<meta property=\"og:url\" content=\"https:\/\/www.physipro.com\/es\/product\/asiento-pediatrico\/\" \/>\n<meta property=\"og:site_name\" content=\"Physipro inc.\" \/>\n<meta property=\"article:modified_time\" content=\"2015-04-07T11:35:23+00:00\" \/>\n<meta property=\"og:image\" content=\"https:\/\/www.physipro.com\/wp-content\/uploads\/PEDIATRIC_600x600.png\" \/>\n\t<meta property=\"og:image:width\" content=\"530\" \/>\n\t<meta property=\"og:image:height\" content=\"530\" \/>\n\t<meta property=\"og:image:type\" content=\"image\/png\" \/>\n<meta name=\"twitter:label1\" content=\"Tiempo de lectura\" \/>\n\t<meta name=\"twitter:data1\" content=\"4 minutos\" \/>\n<script type=\"application\/ld+json\" class=\"yoast-schema-graph\">{\"@context\":\"https:\/\/schema.org\",\"@graph\":[{\"@type\":\"WebPage\",\"@id\":\"https:\/\/www.physipro.com\/es\/product\/asiento-pediatrico\/\",\"url\":\"https:\/\/www.physipro.com\/es\/product\/asiento-pediatrico\/\",\"name\":\"Asiento Pedi\u00e1trico - Physipro inc.\",\"isPartOf\":{\"@id\":\"https:\/\/www.physipro.com\/#website\"},\"primaryImageOfPage\":{\"@id\":\"https:\/\/www.physipro.com\/es\/product\/asiento-pediatrico\/#primaryimage\"},\"image\":{\"@id\":\"https:\/\/www.physipro.com\/es\/product\/asiento-pediatrico\/#primaryimage\"},\"thumbnailUrl\":\"https:\/\/www.physipro.com\/wp-content\/uploads\/PEDIATRIC_600x600.png\",\"datePublished\":\"2015-03-12T20:19:12+00:00\",\"dateModified\":\"2015-04-07T11:35:23+00:00\",\"breadcrumb\":{\"@id\":\"https:\/\/www.physipro.com\/es\/product\/asiento-pediatrico\/#breadcrumb\"},\"inLanguage\":\"es\",\"potentialAction\":[{\"@type\":\"ReadAction\",\"target\":[\"https:\/\/www.physipro.com\/es\/product\/asiento-pediatrico\/\"]}]},{\"@type\":\"ImageObject\",\"inLanguage\":\"es\",\"@id\":\"https:\/\/www.physipro.com\/es\/product\/asiento-pediatrico\/#primaryimage\",\"url\":\"https:\/\/www.physipro.com\/wp-content\/uploads\/PEDIATRIC_600x600.png\",\"contentUrl\":\"https:\/\/www.physipro.com\/wp-content\/uploads\/PEDIATRIC_600x600.png\",\"width\":530,\"height\":530},{\"@type\":\"BreadcrumbList\",\"@id\":\"https:\/\/www.physipro.com\/es\/product\/asiento-pediatrico\/#breadcrumb\",\"itemListElement\":[{\"@type\":\"ListItem\",\"position\":1,\"name\":\"Accueil\",\"item\":\"https:\/\/www.physipro.com\/es\/\"},{\"@type\":\"ListItem\",\"position\":2,\"name\":\"Tienda\",\"item\":\"https:\/\/www.physipro.com\/es\/tienda\/\"},{\"@type\":\"ListItem\",\"position\":3,\"name\":\"Asiento Pedi\u00e1trico\"}]},{\"@type\":\"WebSite\",\"@id\":\"https:\/\/www.physipro.com\/#website\",\"url\":\"https:\/\/www.physipro.com\/\",\"name\":\"Physipro inc.\",\"description\":\"Un site utilisant WordPress\",\"potentialAction\":[{\"@type\":\"SearchAction\",\"target\":{\"@type\":\"EntryPoint\",\"urlTemplate\":\"https:\/\/www.physipro.com\/?s={search_term_string}\"},\"query-input\":\"required name=search_term_string\"}],\"inLanguage\":\"es\"}]}<\/script>\n<!-- \/ Yoast SEO plugin. -->","yoast_head_json":{"title":"Asiento Pedi\u00e1trico - Physipro inc.","robots":{"index":"index","follow":"follow","max-snippet":"max-snippet:-1","max-image-preview":"max-image-preview:large","max-video-preview":"max-video-preview:-1"},"canonical":"https:\/\/www.physipro.com\/es\/product\/asiento-pediatrico\/","og_locale":"es_ES","og_type":"article","og_title":"Asiento Pedi\u00e1trico - Physipro inc.","og_description":"[vc_row el_class=&#8221;btn-group-anchor&#8221; full_width=&#8221;stretch_row_content&#8221;][vc_column width=&#8221;1\/2&#8243;][\/vc_column][vc_column width=&#8221;1\/2&#8243;][\/vc_column][\/vc_row][vc_row][vc_column width=&#8221;2\/3&#8243;][vc_gallery type=&#8221;flexslider_fade&#8221; interval=&#8221;3&#8243; images=&#8221;2226,2231&#8243; onclick=&#8221;link_image&#8221; custom_links_target=&#8221;_self&#8221; img_size=&#8221;full&#8221;][\/vc_column][vc_column width=&#8221;1\/3&#8243;][vc_column_text]Un dise\u00f1o innovador, polivalente, ajustable y confortable Concebido en funci\u00f3n a la condici\u00f3n patol\u00f3gica del ni\u00f1o, el asiento pedi\u00e1trico ofrece un confort \u00f3ptimo.. La multiplicidad de ajustes y la simplicidad de utilizaci\u00f3n responden completamente a las necesidades de...","og_url":"https:\/\/www.physipro.com\/es\/product\/asiento-pediatrico\/","og_site_name":"Physipro inc.","article_modified_time":"2015-04-07T11:35:23+00:00","og_image":[{"width":530,"height":530,"url":"https:\/\/www.physipro.com\/wp-content\/uploads\/PEDIATRIC_600x600.png","type":"image\/png"}],"twitter_misc":{"Tiempo de lectura":"4 minutos"},"schema":{"@context":"https:\/\/schema.org","@graph":[{"@type":"WebPage","@id":"https:\/\/www.physipro.com\/es\/product\/asiento-pediatrico\/","url":"https:\/\/www.physipro.com\/es\/product\/asiento-pediatrico\/","name":"Asiento Pedi\u00e1trico - Physipro inc.","isPartOf":{"@id":"https:\/\/www.physipro.com\/#website"},"primaryImageOfPage":{"@id":"https:\/\/www.physipro.com\/es\/product\/asiento-pediatrico\/#primaryimage"},"image":{"@id":"https:\/\/www.physipro.com\/es\/product\/asiento-pediatrico\/#primaryimage"},"thumbnailUrl":"https:\/\/www.physipro.com\/wp-content\/uploads\/PEDIATRIC_600x600.png","datePublished":"2015-03-12T20:19:12+00:00","dateModified":"2015-04-07T11:35:23+00:00","breadcrumb":{"@id":"https:\/\/www.physipro.com\/es\/product\/asiento-pediatrico\/#breadcrumb"},"inLanguage":"es","potentialAction":[{"@type":"ReadAction","target":["https:\/\/www.physipro.com\/es\/product\/asiento-pediatrico\/"]}]},{"@type":"ImageObject","inLanguage":"es","@id":"https:\/\/www.physipro.com\/es\/product\/asiento-pediatrico\/#primaryimage","url":"https:\/\/www.physipro.com\/wp-content\/uploads\/PEDIATRIC_600x600.png","contentUrl":"https:\/\/www.physipro.com\/wp-content\/uploads\/PEDIATRIC_600x600.png","width":530,"height":530},{"@type":"BreadcrumbList","@id":"https:\/\/www.physipro.com\/es\/product\/asiento-pediatrico\/#breadcrumb","itemListElement":[{"@type":"ListItem","position":1,"name":"Accueil","item":"https:\/\/www.physipro.com\/es\/"},{"@type":"ListItem","position":2,"name":"Tienda","item":"https:\/\/www.physipro.com\/es\/tienda\/"},{"@type":"ListItem","position":3,"name":"Asiento Pedi\u00e1trico"}]},{"@type":"WebSite","@id":"https:\/\/www.physipro.com\/#website","url":"https:\/\/www.physipro.com\/","name":"Physipro inc.","description":"Un site utilisant WordPress","potentialAction":[{"@type":"SearchAction","target":{"@type":"EntryPoint","urlTemplate":"https:\/\/www.physipro.com\/?s={search_term_string}"},"query-input":"required name=search_term_string"}],"inLanguage":"es"}]}},"_links":{"self":[{"href":"https:\/\/www.physipro.com\/es\/wp-json\/wp\/v2\/product\/2306","targetHints":{"allow":["GET"]}}],"collection":[{"href":"https:\/\/www.physipro.com\/es\/wp-json\/wp\/v2\/product"}],"about":[{"href":"https:\/\/www.physipro.com\/es\/wp-json\/wp\/v2\/types\/product"}],"replies":[{"embeddable":true,"href":"https:\/\/www.physipro.com\/es\/wp-json\/wp\/v2\/comments?post=2306"}],"wp:featuredmedia":[{"embeddable":true,"href":"https:\/\/www.physipro.com\/es\/wp-json\/wp\/v2\/media\/22714"}],"wp:attachment":[{"href":"https:\/\/www.physipro.com\/es\/wp-json\/wp\/v2\/media?parent=2306"}],"wp:term":[{"taxonomy":"product_cat","embeddable":true,"href":"https:\/\/www.physipro.com\/es\/wp-json\/wp\/v2\/product_cat?post=2306"},{"taxonomy":"product_tag","embeddable":true,"href":"https:\/\/www.physipro.com\/es\/wp-json\/wp\/v2\/product_tag?post=2306"}],"curies":[{"name":"wp","href":"https:\/\/api.w.org\/{rel}","templated":true}]}}