{"id":2471,"date":"2015-03-13T13:10:26","date_gmt":"2015-03-13T13:16:54","guid":{"rendered":"https:\/\/www.physipro.com\/?post_type=product&#038;p=2471"},"modified":"2015-06-29T13:40:30","modified_gmt":"2015-06-29T13:40:30","slug":"arnes-del-pecho","status":"publish","type":"product","link":"https:\/\/www.physipro.com\/es\/producto\/arnes-del-pecho\/","title":{"rendered":"Arn\u00e9s del pecho"},"content":{"rendered":"<div class=\"wpb-content-wrapper\"><p>[vc_row el_class=&#8221;btn-group-anchor&#8221; full_width=&#8221;stretch_row_content&#8221;][vc_column width=&#8221;1\/1&#8243;]<a href=\"#video\" class=\"btn btn-default\"> <span>Documentaci\u00f3n<\/span><\/a>[\/vc_column][\/vc_row][vc_row][vc_column width=&#8221;1\/2&#8243;][vc_gallery type=&#8221;flexslider_fade&#8221; interval=&#8221;3&#8243; images=&#8221;12388,12418&#8243; onclick=&#8221;link_image&#8221; custom_links_target=&#8221;_self&#8221; img_size=&#8221;medium&#8221;][\/vc_column][vc_column width=&#8221;1\/2&#8243;][vc_column_text]<\/p>\n<h2>Arn\u00e9s del pecho<\/h2>\n<p>[\/vc_column_text][vc_column_text]Los arneses del pecho son fabricados con n\u00e9opr\u00e8ne cuyos bordes est\u00e1n cubiertos de un cord\u00f3n de Lycra ofreciendo de este modo confort y firmeza. Estos mantienen el tronco estable permitiendo cierta libertad de movimiento. Una hebilla de pl\u00e1stico simple de abrir est\u00e1 instalada en cada extremo para facilitar las transferencias.<\/p>\n<p>Disponible para hombres, mujeres y ni\u00f1os.<\/p>\n<p>&nbsp;<\/p>\n<p>&nbsp;<\/p>\n<p>&nbsp;<\/p>\n<p>&nbsp;<\/p>\n<p>&nbsp;<\/p>\n<p>[\/vc_column_text][\/vc_column][\/vc_row][vc_row][vc_column width=&#8221;1\/3&#8243;][vc_column_text]<\/p>\n<h2 style=\"text-align: center;\">Hombre<\/h2>\n<p>[\/vc_column_text][vc_single_image image=&#8221;12398&#8243; alignment=&#8221;center&#8221; border_color=&#8221;grey&#8221; img_link_large=&#8221;&#8221; img_link_target=&#8221;_self&#8221; img_size=&#8221;medium&#8221;][\/vc_column][vc_column width=&#8221;1\/3&#8243;][vc_column_text]<\/p>\n<h2 style=\"text-align: center;\">Mujeres<\/h2>\n<p>[\/vc_column_text][vc_single_image image=&#8221;12393&#8243; alignment=&#8221;center&#8221; border_color=&#8221;grey&#8221; img_link_large=&#8221;&#8221; img_link_target=&#8221;_self&#8221; img_size=&#8221;medium&#8221;][\/vc_column][vc_column width=&#8221;1\/3&#8243;][vc_column_text]<\/p>\n<h2 style=\"text-align: center;\">Ni\u00f1os<\/h2>\n<p>[\/vc_column_text][vc_single_image image=&#8221;12403&#8243; alignment=&#8221;center&#8221; border_color=&#8221;grey&#8221; img_link_large=&#8221;&#8221; img_link_target=&#8221;_self&#8221; img_size=&#8221;medium&#8221;][\/vc_column][\/vc_row][vc_row id_attribute=&#8221;video&#8221; el_class=&#8221;btn-file-group&#8221;][vc_column width=&#8221;1\/1&#8243;][vc_column_text]<\/p>\n<h2>Documentaci\u00f3n<\/h2>\n<p>[\/vc_column_text]<a href=\"https:\/\/www.physipro.com\/wp-content\/uploads\/2015\/03\/Manuel_Utilisation_Harnais_de_Poitrine_2022.pdf\" target=\"_blank\"class=\"btn btn-default btn-lg\"><i class=\"fa fa-file-pdf-o fa-lg\"><\/i> <span>Manual del usuario<\/span><\/a><a href=\"https:\/\/www.physipro.com\/wp-content\/uploads\/2015\/03\/OF_Upper_Body_Positioning-01-06-22.pdf\" target=\"_blank\"class=\"btn btn-default btn-lg\"><i class=\"fa fa-file-pdf-o fa-lg\"><\/i> <span>Orden de compra<\/span><\/a>[\/vc_column][\/vc_row]<\/p>\n<\/div>","protected":false},"excerpt":{"rendered":"<p>[vc_row el_class=&#8221;btn-group-anchor&#8221; full_width=&#8221;stretch_row_content&#8221;][vc_column width=&#8221;1\/1&#8243;][\/vc_column][\/vc_row][vc_row][vc_column width=&#8221;1\/2&#8243;][vc_gallery type=&#8221;flexslider_fade&#8221; interval=&#8221;3&#8243; images=&#8221;12388,12418&#8243; onclick=&#8221;link_image&#8221; custom_links_target=&#8221;_self&#8221; img_size=&#8221;medium&#8221;][\/vc_column][vc_column width=&#8221;1\/2&#8243;][vc_column_text] Arn\u00e9s del pecho [\/vc_column_text][vc_column_text]Los arneses del pecho son fabricados con n\u00e9opr\u00e8ne cuyos bordes est\u00e1n cubiertos de un cord\u00f3n de Lycra ofreciendo de este modo confort y firmeza. Estos mantienen el tronco estable permitiendo cierta libertad de movimiento. Una&#8230;<\/p>\n <p><a class=\"read-more btn btn-primary btn-lg\" href=\"https:\/\/www.physipro.com\/es\/producto\/arnes-del-pecho\/\">Leer m&aacute;s<\/a><\/p>","protected":false},"featured_media":22619,"comment_status":"open","ping_status":"closed","template":"","meta":{"_acf_changed":false},"product_cat":[111],"product_tag":[],"class_list":{"0":"post-2471","1":"product","2":"type-product","3":"status-publish","4":"has-post-thumbnail","6":"product_cat-posicionamiento-de-los-miembros-superiores-es","8":"first","9":"instock","10":"shipping-taxable","11":"product-type-simple"},"acf":[],"yoast_head":"<!-- This site is optimized with the Yoast SEO plugin v22.3 - https:\/\/yoast.com\/wordpress\/plugins\/seo\/ -->\n<title>Arn\u00e9s del pecho - Physipro inc.<\/title>\n<meta name=\"robots\" content=\"index, follow, max-snippet:-1, max-image-preview:large, max-video-preview:-1\" \/>\n<link rel=\"canonical\" href=\"https:\/\/www.physipro.com\/es\/product\/arnes-del-pecho\/\" \/>\n<meta property=\"og:locale\" content=\"es_ES\" \/>\n<meta property=\"og:type\" content=\"article\" \/>\n<meta property=\"og:title\" content=\"Arn\u00e9s del pecho - Physipro inc.\" \/>\n<meta property=\"og:description\" content=\"[vc_row el_class=&#8221;btn-group-anchor&#8221; full_width=&#8221;stretch_row_content&#8221;][vc_column width=&#8221;1\/1&#8243;][\/vc_column][\/vc_row][vc_row][vc_column width=&#8221;1\/2&#8243;][vc_gallery type=&#8221;flexslider_fade&#8221; interval=&#8221;3&#8243; images=&#8221;12388,12418&#8243; onclick=&#8221;link_image&#8221; custom_links_target=&#8221;_self&#8221; img_size=&#8221;medium&#8221;][\/vc_column][vc_column width=&#8221;1\/2&#8243;][vc_column_text] Arn\u00e9s del pecho [\/vc_column_text][vc_column_text]Los arneses del pecho son fabricados con n\u00e9opr\u00e8ne cuyos bordes est\u00e1n cubiertos de un cord\u00f3n de Lycra ofreciendo de este modo confort y firmeza. Estos mantienen el tronco estable permitiendo cierta libertad de movimiento. Una...\" \/>\n<meta property=\"og:url\" content=\"https:\/\/www.physipro.com\/es\/product\/arnes-del-pecho\/\" \/>\n<meta property=\"og:site_name\" content=\"Physipro inc.\" \/>\n<meta property=\"article:modified_time\" content=\"2015-06-29T13:40:30+00:00\" \/>\n<meta property=\"og:image\" content=\"https:\/\/www.physipro.com\/wp-content\/uploads\/Harnais_Poitrine_600x600.png\" \/>\n\t<meta property=\"og:image:width\" content=\"600\" \/>\n\t<meta property=\"og:image:height\" content=\"600\" \/>\n\t<meta property=\"og:image:type\" content=\"image\/png\" \/>\n<meta name=\"twitter:label1\" content=\"Tiempo de lectura\" \/>\n\t<meta name=\"twitter:data1\" content=\"2 minutos\" \/>\n<script type=\"application\/ld+json\" class=\"yoast-schema-graph\">{\"@context\":\"https:\/\/schema.org\",\"@graph\":[{\"@type\":\"WebPage\",\"@id\":\"https:\/\/www.physipro.com\/es\/product\/arnes-del-pecho\/\",\"url\":\"https:\/\/www.physipro.com\/es\/product\/arnes-del-pecho\/\",\"name\":\"Arn\u00e9s del pecho - Physipro inc.\",\"isPartOf\":{\"@id\":\"https:\/\/www.physipro.com\/#website\"},\"primaryImageOfPage\":{\"@id\":\"https:\/\/www.physipro.com\/es\/product\/arnes-del-pecho\/#primaryimage\"},\"image\":{\"@id\":\"https:\/\/www.physipro.com\/es\/product\/arnes-del-pecho\/#primaryimage\"},\"thumbnailUrl\":\"https:\/\/www.physipro.com\/wp-content\/uploads\/Harnais_Poitrine_600x600.png\",\"datePublished\":\"2015-03-13T13:16:54+00:00\",\"dateModified\":\"2015-06-29T13:40:30+00:00\",\"breadcrumb\":{\"@id\":\"https:\/\/www.physipro.com\/es\/product\/arnes-del-pecho\/#breadcrumb\"},\"inLanguage\":\"es\",\"potentialAction\":[{\"@type\":\"ReadAction\",\"target\":[\"https:\/\/www.physipro.com\/es\/product\/arnes-del-pecho\/\"]}]},{\"@type\":\"ImageObject\",\"inLanguage\":\"es\",\"@id\":\"https:\/\/www.physipro.com\/es\/product\/arnes-del-pecho\/#primaryimage\",\"url\":\"https:\/\/www.physipro.com\/wp-content\/uploads\/Harnais_Poitrine_600x600.png\",\"contentUrl\":\"https:\/\/www.physipro.com\/wp-content\/uploads\/Harnais_Poitrine_600x600.png\",\"width\":600,\"height\":600},{\"@type\":\"BreadcrumbList\",\"@id\":\"https:\/\/www.physipro.com\/es\/product\/arnes-del-pecho\/#breadcrumb\",\"itemListElement\":[{\"@type\":\"ListItem\",\"position\":1,\"name\":\"Accueil\",\"item\":\"https:\/\/www.physipro.com\/es\/\"},{\"@type\":\"ListItem\",\"position\":2,\"name\":\"Tienda\",\"item\":\"https:\/\/www.physipro.com\/es\/tienda\/\"},{\"@type\":\"ListItem\",\"position\":3,\"name\":\"Arn\u00e9s del pecho\"}]},{\"@type\":\"WebSite\",\"@id\":\"https:\/\/www.physipro.com\/#website\",\"url\":\"https:\/\/www.physipro.com\/\",\"name\":\"Physipro inc.\",\"description\":\"Un site utilisant WordPress\",\"potentialAction\":[{\"@type\":\"SearchAction\",\"target\":{\"@type\":\"EntryPoint\",\"urlTemplate\":\"https:\/\/www.physipro.com\/?s={search_term_string}\"},\"query-input\":\"required name=search_term_string\"}],\"inLanguage\":\"es\"}]}<\/script>\n<!-- \/ Yoast SEO plugin. -->","yoast_head_json":{"title":"Arn\u00e9s del pecho - Physipro inc.","robots":{"index":"index","follow":"follow","max-snippet":"max-snippet:-1","max-image-preview":"max-image-preview:large","max-video-preview":"max-video-preview:-1"},"canonical":"https:\/\/www.physipro.com\/es\/product\/arnes-del-pecho\/","og_locale":"es_ES","og_type":"article","og_title":"Arn\u00e9s del pecho - Physipro inc.","og_description":"[vc_row el_class=&#8221;btn-group-anchor&#8221; full_width=&#8221;stretch_row_content&#8221;][vc_column width=&#8221;1\/1&#8243;][\/vc_column][\/vc_row][vc_row][vc_column width=&#8221;1\/2&#8243;][vc_gallery type=&#8221;flexslider_fade&#8221; interval=&#8221;3&#8243; images=&#8221;12388,12418&#8243; onclick=&#8221;link_image&#8221; custom_links_target=&#8221;_self&#8221; img_size=&#8221;medium&#8221;][\/vc_column][vc_column width=&#8221;1\/2&#8243;][vc_column_text] Arn\u00e9s del pecho [\/vc_column_text][vc_column_text]Los arneses del pecho son fabricados con n\u00e9opr\u00e8ne cuyos bordes est\u00e1n cubiertos de un cord\u00f3n de Lycra ofreciendo de este modo confort y firmeza. Estos mantienen el tronco estable permitiendo cierta libertad de movimiento. Una...","og_url":"https:\/\/www.physipro.com\/es\/product\/arnes-del-pecho\/","og_site_name":"Physipro inc.","article_modified_time":"2015-06-29T13:40:30+00:00","og_image":[{"width":600,"height":600,"url":"https:\/\/www.physipro.com\/wp-content\/uploads\/Harnais_Poitrine_600x600.png","type":"image\/png"}],"twitter_misc":{"Tiempo de lectura":"2 minutos"},"schema":{"@context":"https:\/\/schema.org","@graph":[{"@type":"WebPage","@id":"https:\/\/www.physipro.com\/es\/product\/arnes-del-pecho\/","url":"https:\/\/www.physipro.com\/es\/product\/arnes-del-pecho\/","name":"Arn\u00e9s del pecho - Physipro inc.","isPartOf":{"@id":"https:\/\/www.physipro.com\/#website"},"primaryImageOfPage":{"@id":"https:\/\/www.physipro.com\/es\/product\/arnes-del-pecho\/#primaryimage"},"image":{"@id":"https:\/\/www.physipro.com\/es\/product\/arnes-del-pecho\/#primaryimage"},"thumbnailUrl":"https:\/\/www.physipro.com\/wp-content\/uploads\/Harnais_Poitrine_600x600.png","datePublished":"2015-03-13T13:16:54+00:00","dateModified":"2015-06-29T13:40:30+00:00","breadcrumb":{"@id":"https:\/\/www.physipro.com\/es\/product\/arnes-del-pecho\/#breadcrumb"},"inLanguage":"es","potentialAction":[{"@type":"ReadAction","target":["https:\/\/www.physipro.com\/es\/product\/arnes-del-pecho\/"]}]},{"@type":"ImageObject","inLanguage":"es","@id":"https:\/\/www.physipro.com\/es\/product\/arnes-del-pecho\/#primaryimage","url":"https:\/\/www.physipro.com\/wp-content\/uploads\/Harnais_Poitrine_600x600.png","contentUrl":"https:\/\/www.physipro.com\/wp-content\/uploads\/Harnais_Poitrine_600x600.png","width":600,"height":600},{"@type":"BreadcrumbList","@id":"https:\/\/www.physipro.com\/es\/product\/arnes-del-pecho\/#breadcrumb","itemListElement":[{"@type":"ListItem","position":1,"name":"Accueil","item":"https:\/\/www.physipro.com\/es\/"},{"@type":"ListItem","position":2,"name":"Tienda","item":"https:\/\/www.physipro.com\/es\/tienda\/"},{"@type":"ListItem","position":3,"name":"Arn\u00e9s del pecho"}]},{"@type":"WebSite","@id":"https:\/\/www.physipro.com\/#website","url":"https:\/\/www.physipro.com\/","name":"Physipro inc.","description":"Un site utilisant WordPress","potentialAction":[{"@type":"SearchAction","target":{"@type":"EntryPoint","urlTemplate":"https:\/\/www.physipro.com\/?s={search_term_string}"},"query-input":"required name=search_term_string"}],"inLanguage":"es"}]}},"_links":{"self":[{"href":"https:\/\/www.physipro.com\/es\/wp-json\/wp\/v2\/product\/2471","targetHints":{"allow":["GET"]}}],"collection":[{"href":"https:\/\/www.physipro.com\/es\/wp-json\/wp\/v2\/product"}],"about":[{"href":"https:\/\/www.physipro.com\/es\/wp-json\/wp\/v2\/types\/product"}],"replies":[{"embeddable":true,"href":"https:\/\/www.physipro.com\/es\/wp-json\/wp\/v2\/comments?post=2471"}],"wp:featuredmedia":[{"embeddable":true,"href":"https:\/\/www.physipro.com\/es\/wp-json\/wp\/v2\/media\/22619"}],"wp:attachment":[{"href":"https:\/\/www.physipro.com\/es\/wp-json\/wp\/v2\/media?parent=2471"}],"wp:term":[{"taxonomy":"product_cat","embeddable":true,"href":"https:\/\/www.physipro.com\/es\/wp-json\/wp\/v2\/product_cat?post=2471"},{"taxonomy":"product_tag","embeddable":true,"href":"https:\/\/www.physipro.com\/es\/wp-json\/wp\/v2\/product_tag?post=2471"}],"curies":[{"name":"wp","href":"https:\/\/api.w.org\/{rel}","templated":true}]}}