{"id":2577,"date":"2015-03-13T13:41:25","date_gmt":"2015-03-13T13:54:21","guid":{"rendered":"https:\/\/www.physipro.com\/?post_type=product&#038;p=2577"},"modified":"2016-09-29T19:31:57","modified_gmt":"2016-09-29T19:31:57","slug":"soportemultiple-regulacion","status":"publish","type":"product","link":"https:\/\/www.physipro.com\/es\/producto\/soportemultiple-regulacion\/","title":{"rendered":"Soporte de reposacabezas de m\u00faltiple regulaci\u00f3n"},"content":{"rendered":"<div class=\"wpb-content-wrapper\"><p>[vc_row full_width=&#8221;stretch_row_content&#8221; el_class=&#8221;btn-group-anchor&#8221;][vc_column]<a href=\"#video\" class=\"btn btn-default\"> <span>Documentaci\u00f3n<\/span><\/a>[\/vc_column][\/vc_row][vc_row][vc_column width=&#8221;2\/3&#8243;][vc_gallery interval=&#8221;3&#8243; images=&#8221;2519,2514,2509&#8243; img_size=&#8221;full&#8221;][\/vc_column][vc_column width=&#8221;1\/3&#8243;][vc_single_image image=&#8221;14012&#8243;][vc_column_text]Este soporte de reposacabezas fabricado de aluminio le brinda ligereza, seguridad y regulaci\u00f3n de ayudas t\u00e9cnicas en m\u00faltiples posiciones. Gracias a una regulaci\u00f3n continua, este puede ser reajustado en profundidad.<\/p>\n<p><strong>Anclajes<\/strong><\/p>\n<ul>\n<li>Ofrece un amplio abanico de ajustes y de posibilidades de posicionamiento<\/li>\n<li>Durable<\/li>\n<li>Dise\u00f1o est\u00e9tico<\/li>\n<\/ul>\n<p><strong>Anclaje de fijaci\u00f3n de reposacabezas<\/strong><\/p>\n<ul>\n<li>Ajuste horizontal de 9 pulg hacia delante y hacia atr\u00e1s<\/li>\n<li>Ajuste vertical de 6 \u00bd pulg<\/li>\n<li>Ajuste en eje de 45 grados<\/li>\n<\/ul>\n<p><strong>Anclaje de fijaci\u00f3n del reposacabezas<\/strong><\/p>\n<ul>\n<li>Interno<\/li>\n<\/ul>\n<p>Este sistema plegable y retr\u00e1ctil permite reforzar la rigidez en los respaldos flexibles de las sillas de ruedas haciendo posible que las barras en forma de bastones del respaldo mantengan su posici\u00f3n inicial. Se inserta en los tubos de los mangos del respaldo<br \/>\nAjustable de continuo de 13 pulg (33 cm.) a 20 pulg (51 cm.).<\/p>\n<ul>\n<li>Externo<\/li>\n<\/ul>\n<p>Siendo un sistema, simple de instalaci\u00f3n y de ajuste y que se retracta f\u00e1cilmente, el anclaje del soporte de reposacabezas puede ser instalado encima del respaldo flexible para que las barras en forma de bast\u00f3n del respaldo puedan mantener sus posiciones iniciales.<br \/>\nAjustable de continuo de 13 pulg (32.5 cm.) a 18 pulg (45.7 cm.).[\/vc_column_text][\/vc_column][\/vc_row][vc_row id_attribute=&#8221;video&#8221; el_class=&#8221;btn-file-group&#8221;][vc_column][vc_column_text]<\/p>\n<h2>Documentaci\u00f3n<\/h2>\n<p>[\/vc_column_text]<a href=\"#\" target=\"_blank\"class=\"btn btn-default btn-lg\"><i class=\"fa fa-file-pdf-o fa-lg\"><\/i> <span>Folleto<\/span><\/a><a href=\"#\" target=\"_blank\"class=\"btn btn-default btn-lg\"><i class=\"fa fa-file-pdf-o fa-lg\"><\/i> <span>Manual del usuario<\/span><\/a><a href=\"https:\/\/www.physipro.com\/wp-content\/uploads\/2015\/03\/OF_Head_Support_System.pdf\" target=\"_blank\"class=\"btn btn-default btn-lg\"><i class=\"fa fa-file-pdf-o fa-lg\"><\/i> <span>Orden de compra<\/span><\/a>[\/vc_column][\/vc_row]<\/p>\n<\/div>","protected":false},"excerpt":{"rendered":"<p>[vc_row full_width=&#8221;stretch_row_content&#8221; el_class=&#8221;btn-group-anchor&#8221;][vc_column][\/vc_column][\/vc_row][vc_row][vc_column width=&#8221;2\/3&#8243;][vc_gallery interval=&#8221;3&#8243; images=&#8221;2519,2514,2509&#8243; img_size=&#8221;full&#8221;][\/vc_column][vc_column width=&#8221;1\/3&#8243;][vc_single_image image=&#8221;14012&#8243;][vc_column_text]Este soporte de reposacabezas fabricado de aluminio le brinda ligereza, seguridad y regulaci\u00f3n de ayudas t\u00e9cnicas en m\u00faltiples posiciones. Gracias a una regulaci\u00f3n continua, este puede ser reajustado en profundidad. Anclajes Ofrece un amplio abanico de ajustes y de posibilidades de posicionamiento&#8230;<\/p>\n <p><a class=\"read-more btn btn-primary btn-lg\" href=\"https:\/\/www.physipro.com\/es\/producto\/soportemultiple-regulacion\/\">Leer m&aacute;s<\/a><\/p>","protected":false},"featured_media":22644,"comment_status":"open","ping_status":"closed","template":"","meta":{"_acf_changed":false},"product_cat":[112],"product_tag":[],"class_list":{"0":"post-2577","1":"product","2":"type-product","3":"status-publish","4":"has-post-thumbnail","6":"product_cat-reposacabezas-es","8":"first","9":"instock","10":"shipping-taxable","11":"product-type-simple"},"acf":[],"yoast_head":"<!-- This site is optimized with the Yoast SEO plugin v22.3 - https:\/\/yoast.com\/wordpress\/plugins\/seo\/ -->\n<title>Soporte de reposacabezas de m\u00faltiple regulaci\u00f3n - Physipro inc.<\/title>\n<meta name=\"robots\" content=\"index, follow, max-snippet:-1, max-image-preview:large, max-video-preview:-1\" \/>\n<link rel=\"canonical\" href=\"https:\/\/www.physipro.com\/es\/product\/soportemultiple-regulacion\/\" \/>\n<meta property=\"og:locale\" content=\"es_ES\" \/>\n<meta property=\"og:type\" content=\"article\" \/>\n<meta property=\"og:title\" content=\"Soporte de reposacabezas de m\u00faltiple regulaci\u00f3n - Physipro inc.\" \/>\n<meta property=\"og:description\" content=\"[vc_row full_width=&#8221;stretch_row_content&#8221; el_class=&#8221;btn-group-anchor&#8221;][vc_column][\/vc_column][\/vc_row][vc_row][vc_column width=&#8221;2\/3&#8243;][vc_gallery interval=&#8221;3&#8243; images=&#8221;2519,2514,2509&#8243; img_size=&#8221;full&#8221;][\/vc_column][vc_column width=&#8221;1\/3&#8243;][vc_single_image image=&#8221;14012&#8243;][vc_column_text]Este soporte de reposacabezas fabricado de aluminio le brinda ligereza, seguridad y regulaci\u00f3n de ayudas t\u00e9cnicas en m\u00faltiples posiciones. Gracias a una regulaci\u00f3n continua, este puede ser reajustado en profundidad. Anclajes Ofrece un amplio abanico de ajustes y de posibilidades de posicionamiento...\" \/>\n<meta property=\"og:url\" content=\"https:\/\/www.physipro.com\/es\/product\/soportemultiple-regulacion\/\" \/>\n<meta property=\"og:site_name\" content=\"Physipro inc.\" \/>\n<meta property=\"article:modified_time\" content=\"2016-09-29T19:31:57+00:00\" \/>\n<meta property=\"og:image\" content=\"https:\/\/www.physipro.com\/wp-content\/uploads\/symbio_600x600.png\" \/>\n\t<meta property=\"og:image:width\" content=\"600\" \/>\n\t<meta property=\"og:image:height\" content=\"600\" \/>\n\t<meta property=\"og:image:type\" content=\"image\/png\" \/>\n<meta name=\"twitter:label1\" content=\"Tiempo de lectura\" \/>\n\t<meta name=\"twitter:data1\" content=\"2 minutos\" \/>\n<script type=\"application\/ld+json\" class=\"yoast-schema-graph\">{\"@context\":\"https:\/\/schema.org\",\"@graph\":[{\"@type\":\"WebPage\",\"@id\":\"https:\/\/www.physipro.com\/es\/product\/soportemultiple-regulacion\/\",\"url\":\"https:\/\/www.physipro.com\/es\/product\/soportemultiple-regulacion\/\",\"name\":\"Soporte de reposacabezas de m\u00faltiple regulaci\u00f3n - Physipro inc.\",\"isPartOf\":{\"@id\":\"https:\/\/www.physipro.com\/#website\"},\"primaryImageOfPage\":{\"@id\":\"https:\/\/www.physipro.com\/es\/product\/soportemultiple-regulacion\/#primaryimage\"},\"image\":{\"@id\":\"https:\/\/www.physipro.com\/es\/product\/soportemultiple-regulacion\/#primaryimage\"},\"thumbnailUrl\":\"https:\/\/www.physipro.com\/wp-content\/uploads\/symbio_600x600.png\",\"datePublished\":\"2015-03-13T13:54:21+00:00\",\"dateModified\":\"2016-09-29T19:31:57+00:00\",\"breadcrumb\":{\"@id\":\"https:\/\/www.physipro.com\/es\/product\/soportemultiple-regulacion\/#breadcrumb\"},\"inLanguage\":\"es\",\"potentialAction\":[{\"@type\":\"ReadAction\",\"target\":[\"https:\/\/www.physipro.com\/es\/product\/soportemultiple-regulacion\/\"]}]},{\"@type\":\"ImageObject\",\"inLanguage\":\"es\",\"@id\":\"https:\/\/www.physipro.com\/es\/product\/soportemultiple-regulacion\/#primaryimage\",\"url\":\"https:\/\/www.physipro.com\/wp-content\/uploads\/symbio_600x600.png\",\"contentUrl\":\"https:\/\/www.physipro.com\/wp-content\/uploads\/symbio_600x600.png\",\"width\":600,\"height\":600},{\"@type\":\"BreadcrumbList\",\"@id\":\"https:\/\/www.physipro.com\/es\/product\/soportemultiple-regulacion\/#breadcrumb\",\"itemListElement\":[{\"@type\":\"ListItem\",\"position\":1,\"name\":\"Accueil\",\"item\":\"https:\/\/www.physipro.com\/es\/\"},{\"@type\":\"ListItem\",\"position\":2,\"name\":\"Tienda\",\"item\":\"https:\/\/www.physipro.com\/es\/tienda\/\"},{\"@type\":\"ListItem\",\"position\":3,\"name\":\"Soporte de reposacabezas de m\u00faltiple regulaci\u00f3n\"}]},{\"@type\":\"WebSite\",\"@id\":\"https:\/\/www.physipro.com\/#website\",\"url\":\"https:\/\/www.physipro.com\/\",\"name\":\"Physipro inc.\",\"description\":\"Un site utilisant WordPress\",\"potentialAction\":[{\"@type\":\"SearchAction\",\"target\":{\"@type\":\"EntryPoint\",\"urlTemplate\":\"https:\/\/www.physipro.com\/?s={search_term_string}\"},\"query-input\":\"required name=search_term_string\"}],\"inLanguage\":\"es\"}]}<\/script>\n<!-- \/ Yoast SEO plugin. -->","yoast_head_json":{"title":"Soporte de reposacabezas de m\u00faltiple regulaci\u00f3n - Physipro inc.","robots":{"index":"index","follow":"follow","max-snippet":"max-snippet:-1","max-image-preview":"max-image-preview:large","max-video-preview":"max-video-preview:-1"},"canonical":"https:\/\/www.physipro.com\/es\/product\/soportemultiple-regulacion\/","og_locale":"es_ES","og_type":"article","og_title":"Soporte de reposacabezas de m\u00faltiple regulaci\u00f3n - Physipro inc.","og_description":"[vc_row full_width=&#8221;stretch_row_content&#8221; el_class=&#8221;btn-group-anchor&#8221;][vc_column][\/vc_column][\/vc_row][vc_row][vc_column width=&#8221;2\/3&#8243;][vc_gallery interval=&#8221;3&#8243; images=&#8221;2519,2514,2509&#8243; img_size=&#8221;full&#8221;][\/vc_column][vc_column width=&#8221;1\/3&#8243;][vc_single_image image=&#8221;14012&#8243;][vc_column_text]Este soporte de reposacabezas fabricado de aluminio le brinda ligereza, seguridad y regulaci\u00f3n de ayudas t\u00e9cnicas en m\u00faltiples posiciones. Gracias a una regulaci\u00f3n continua, este puede ser reajustado en profundidad. Anclajes Ofrece un amplio abanico de ajustes y de posibilidades de posicionamiento...","og_url":"https:\/\/www.physipro.com\/es\/product\/soportemultiple-regulacion\/","og_site_name":"Physipro inc.","article_modified_time":"2016-09-29T19:31:57+00:00","og_image":[{"width":600,"height":600,"url":"https:\/\/www.physipro.com\/wp-content\/uploads\/symbio_600x600.png","type":"image\/png"}],"twitter_misc":{"Tiempo de lectura":"2 minutos"},"schema":{"@context":"https:\/\/schema.org","@graph":[{"@type":"WebPage","@id":"https:\/\/www.physipro.com\/es\/product\/soportemultiple-regulacion\/","url":"https:\/\/www.physipro.com\/es\/product\/soportemultiple-regulacion\/","name":"Soporte de reposacabezas de m\u00faltiple regulaci\u00f3n - Physipro inc.","isPartOf":{"@id":"https:\/\/www.physipro.com\/#website"},"primaryImageOfPage":{"@id":"https:\/\/www.physipro.com\/es\/product\/soportemultiple-regulacion\/#primaryimage"},"image":{"@id":"https:\/\/www.physipro.com\/es\/product\/soportemultiple-regulacion\/#primaryimage"},"thumbnailUrl":"https:\/\/www.physipro.com\/wp-content\/uploads\/symbio_600x600.png","datePublished":"2015-03-13T13:54:21+00:00","dateModified":"2016-09-29T19:31:57+00:00","breadcrumb":{"@id":"https:\/\/www.physipro.com\/es\/product\/soportemultiple-regulacion\/#breadcrumb"},"inLanguage":"es","potentialAction":[{"@type":"ReadAction","target":["https:\/\/www.physipro.com\/es\/product\/soportemultiple-regulacion\/"]}]},{"@type":"ImageObject","inLanguage":"es","@id":"https:\/\/www.physipro.com\/es\/product\/soportemultiple-regulacion\/#primaryimage","url":"https:\/\/www.physipro.com\/wp-content\/uploads\/symbio_600x600.png","contentUrl":"https:\/\/www.physipro.com\/wp-content\/uploads\/symbio_600x600.png","width":600,"height":600},{"@type":"BreadcrumbList","@id":"https:\/\/www.physipro.com\/es\/product\/soportemultiple-regulacion\/#breadcrumb","itemListElement":[{"@type":"ListItem","position":1,"name":"Accueil","item":"https:\/\/www.physipro.com\/es\/"},{"@type":"ListItem","position":2,"name":"Tienda","item":"https:\/\/www.physipro.com\/es\/tienda\/"},{"@type":"ListItem","position":3,"name":"Soporte de reposacabezas de m\u00faltiple regulaci\u00f3n"}]},{"@type":"WebSite","@id":"https:\/\/www.physipro.com\/#website","url":"https:\/\/www.physipro.com\/","name":"Physipro inc.","description":"Un site utilisant WordPress","potentialAction":[{"@type":"SearchAction","target":{"@type":"EntryPoint","urlTemplate":"https:\/\/www.physipro.com\/?s={search_term_string}"},"query-input":"required name=search_term_string"}],"inLanguage":"es"}]}},"_links":{"self":[{"href":"https:\/\/www.physipro.com\/es\/wp-json\/wp\/v2\/product\/2577","targetHints":{"allow":["GET"]}}],"collection":[{"href":"https:\/\/www.physipro.com\/es\/wp-json\/wp\/v2\/product"}],"about":[{"href":"https:\/\/www.physipro.com\/es\/wp-json\/wp\/v2\/types\/product"}],"replies":[{"embeddable":true,"href":"https:\/\/www.physipro.com\/es\/wp-json\/wp\/v2\/comments?post=2577"}],"wp:featuredmedia":[{"embeddable":true,"href":"https:\/\/www.physipro.com\/es\/wp-json\/wp\/v2\/media\/22644"}],"wp:attachment":[{"href":"https:\/\/www.physipro.com\/es\/wp-json\/wp\/v2\/media?parent=2577"}],"wp:term":[{"taxonomy":"product_cat","embeddable":true,"href":"https:\/\/www.physipro.com\/es\/wp-json\/wp\/v2\/product_cat?post=2577"},{"taxonomy":"product_tag","embeddable":true,"href":"https:\/\/www.physipro.com\/es\/wp-json\/wp\/v2\/product_tag?post=2577"}],"curies":[{"name":"wp","href":"https:\/\/api.w.org\/{rel}","templated":true}]}}