{"id":2729,"date":"2015-03-13T15:26:20","date_gmt":"2015-03-13T15:33:19","guid":{"rendered":"https:\/\/www.physipro.com\/?post_type=product&#038;p=2729"},"modified":"2015-04-01T16:39:34","modified_gmt":"2015-04-01T16:39:34","slug":"reposacabezas-a-prolongamientos-lateral-simple","status":"publish","type":"product","link":"https:\/\/www.physipro.com\/es\/producto\/reposacabezas-a-prolongamientos-lateral-simple\/","title":{"rendered":"Reposacabezas a prolongamientos lateral simple"},"content":{"rendered":"<div class=\"wpb-content-wrapper\"><p>[vc_row el_class=&#8221;btn-group-anchor&#8221; full_width=&#8221;stretch_row_content&#8221;][vc_column width=&#8221;1\/1&#8243;]<a href=\"#video\" class=\"btn btn-default\"> <span>Documentaci\u00f3n<\/span><\/a>[\/vc_column][\/vc_row][vc_row][vc_column width=&#8221;1\/2&#8243;][vc_single_image image=&#8221;10215&#8243; alignment=&#8221;center&#8221; border_color=&#8221;grey&#8221; img_link_large=&#8221;&#8221; img_link_target=&#8221;_self&#8221;][\/vc_column][vc_column width=&#8221;1\/2&#8243;][vc_column_text]<\/p>\n<h2>Reposacabezas a prolongamientos lateral simple<\/h2>\n<p>[\/vc_column_text][vc_column_text]Este sistema ofrece un contacto suplementario a nivel temporal que asegura una mejor posici\u00f3n de la cabeza en los casos de flexi\u00f3n lateral, disminuyendo as\u00ed la acentuaci\u00f3n de la oblicuidad postural generalizado. Recuerde que el extensor temporal es propuesto en formato est\u00e1ndar o personalizado.[\/vc_column_text][\/vc_column][\/vc_row][vc_row id_attribute=&#8221;video&#8221; el_class=&#8221;btn-file-group&#8221;][vc_column width=&#8221;1\/1&#8243;][vc_column_text]<\/p>\n<h2>Documentaci\u00f3n<\/h2>\n<p>[\/vc_column_text]<a href=\"https:\/\/www.physipro.com\/wp-content\/uploads\/2015\/03\/Manuel_Utilisation_Appui-tete-a-prolongements_2022-v2.pdf\" target=\"_blank\"class=\"btn btn-default btn-lg\"><i class=\"fa fa-file-pdf-o fa-lg\"><\/i> <span>Manual del usuario<\/span><\/a><a href=\"https:\/\/www.physipro.com\/wp-content\/uploads\/2015\/03\/OF_Head_Support_System.pdf\" target=\"_blank\"class=\"btn btn-default btn-lg\"><i class=\"fa fa-file-pdf-o fa-lg\"><\/i> <span>Orden de compra<\/span><\/a>[\/vc_column][\/vc_row]<\/p>\n<\/div>","protected":false},"excerpt":{"rendered":"<p>[vc_row el_class=&#8221;btn-group-anchor&#8221; full_width=&#8221;stretch_row_content&#8221;][vc_column width=&#8221;1\/1&#8243;][\/vc_column][\/vc_row][vc_row][vc_column width=&#8221;1\/2&#8243;][vc_single_image image=&#8221;10215&#8243; alignment=&#8221;center&#8221; border_color=&#8221;grey&#8221; img_link_large=&#8221;&#8221; img_link_target=&#8221;_self&#8221;][\/vc_column][vc_column width=&#8221;1\/2&#8243;][vc_column_text] Reposacabezas a prolongamientos lateral simple [\/vc_column_text][vc_column_text]Este sistema ofrece un contacto suplementario a nivel temporal que asegura una mejor posici\u00f3n de la cabeza en los casos de flexi\u00f3n lateral, disminuyendo as\u00ed la acentuaci\u00f3n de la oblicuidad postural generalizado. Recuerde que&#8230;<\/p>\n <p><a class=\"read-more btn btn-primary btn-lg\" href=\"https:\/\/www.physipro.com\/es\/producto\/reposacabezas-a-prolongamientos-lateral-simple\/\">Leer m&aacute;s<\/a><\/p>","protected":false},"featured_media":22624,"comment_status":"open","ping_status":"closed","template":"","meta":{"_acf_changed":false},"product_cat":[112],"product_tag":[],"class_list":{"0":"post-2729","1":"product","2":"type-product","3":"status-publish","4":"has-post-thumbnail","6":"product_cat-reposacabezas-es","8":"first","9":"instock","10":"shipping-taxable","11":"product-type-simple"},"acf":[],"yoast_head":"<!-- This site is optimized with the Yoast SEO plugin v22.3 - https:\/\/yoast.com\/wordpress\/plugins\/seo\/ -->\n<title>Reposacabezas a prolongamientos lateral simple - Physipro inc.<\/title>\n<meta name=\"robots\" content=\"index, follow, max-snippet:-1, max-image-preview:large, max-video-preview:-1\" \/>\n<link rel=\"canonical\" href=\"https:\/\/www.physipro.com\/es\/product\/reposacabezas-a-prolongamientos-lateral-simple\/\" \/>\n<meta property=\"og:locale\" content=\"es_ES\" \/>\n<meta property=\"og:type\" content=\"article\" \/>\n<meta property=\"og:title\" content=\"Reposacabezas a prolongamientos lateral simple - Physipro inc.\" \/>\n<meta property=\"og:description\" content=\"[vc_row el_class=&#8221;btn-group-anchor&#8221; full_width=&#8221;stretch_row_content&#8221;][vc_column width=&#8221;1\/1&#8243;][\/vc_column][\/vc_row][vc_row][vc_column width=&#8221;1\/2&#8243;][vc_single_image image=&#8221;10215&#8243; alignment=&#8221;center&#8221; border_color=&#8221;grey&#8221; img_link_large=&#8221;&#8221; img_link_target=&#8221;_self&#8221;][\/vc_column][vc_column width=&#8221;1\/2&#8243;][vc_column_text] Reposacabezas a prolongamientos lateral simple [\/vc_column_text][vc_column_text]Este sistema ofrece un contacto suplementario a nivel temporal que asegura una mejor posici\u00f3n de la cabeza en los casos de flexi\u00f3n lateral, disminuyendo as\u00ed la acentuaci\u00f3n de la oblicuidad postural generalizado. Recuerde que...\" \/>\n<meta property=\"og:url\" content=\"https:\/\/www.physipro.com\/es\/product\/reposacabezas-a-prolongamientos-lateral-simple\/\" \/>\n<meta property=\"og:site_name\" content=\"Physipro inc.\" \/>\n<meta property=\"article:modified_time\" content=\"2015-04-01T16:39:34+00:00\" \/>\n<meta property=\"og:image\" content=\"https:\/\/www.physipro.com\/wp-content\/uploads\/APPUI-TETE_prolongement_lateral_600x600.png\" \/>\n\t<meta property=\"og:image:width\" content=\"600\" \/>\n\t<meta property=\"og:image:height\" content=\"600\" \/>\n\t<meta property=\"og:image:type\" content=\"image\/png\" \/>\n<meta name=\"twitter:label1\" content=\"Tiempo de lectura\" \/>\n\t<meta name=\"twitter:data1\" content=\"1 minuto\" \/>\n<script type=\"application\/ld+json\" class=\"yoast-schema-graph\">{\"@context\":\"https:\/\/schema.org\",\"@graph\":[{\"@type\":\"WebPage\",\"@id\":\"https:\/\/www.physipro.com\/es\/product\/reposacabezas-a-prolongamientos-lateral-simple\/\",\"url\":\"https:\/\/www.physipro.com\/es\/product\/reposacabezas-a-prolongamientos-lateral-simple\/\",\"name\":\"Reposacabezas a prolongamientos lateral simple - Physipro inc.\",\"isPartOf\":{\"@id\":\"https:\/\/www.physipro.com\/#website\"},\"primaryImageOfPage\":{\"@id\":\"https:\/\/www.physipro.com\/es\/product\/reposacabezas-a-prolongamientos-lateral-simple\/#primaryimage\"},\"image\":{\"@id\":\"https:\/\/www.physipro.com\/es\/product\/reposacabezas-a-prolongamientos-lateral-simple\/#primaryimage\"},\"thumbnailUrl\":\"https:\/\/www.physipro.com\/wp-content\/uploads\/APPUI-TETE_prolongement_lateral_600x600.png\",\"datePublished\":\"2015-03-13T15:33:19+00:00\",\"dateModified\":\"2015-04-01T16:39:34+00:00\",\"breadcrumb\":{\"@id\":\"https:\/\/www.physipro.com\/es\/product\/reposacabezas-a-prolongamientos-lateral-simple\/#breadcrumb\"},\"inLanguage\":\"es\",\"potentialAction\":[{\"@type\":\"ReadAction\",\"target\":[\"https:\/\/www.physipro.com\/es\/product\/reposacabezas-a-prolongamientos-lateral-simple\/\"]}]},{\"@type\":\"ImageObject\",\"inLanguage\":\"es\",\"@id\":\"https:\/\/www.physipro.com\/es\/product\/reposacabezas-a-prolongamientos-lateral-simple\/#primaryimage\",\"url\":\"https:\/\/www.physipro.com\/wp-content\/uploads\/APPUI-TETE_prolongement_lateral_600x600.png\",\"contentUrl\":\"https:\/\/www.physipro.com\/wp-content\/uploads\/APPUI-TETE_prolongement_lateral_600x600.png\",\"width\":600,\"height\":600},{\"@type\":\"BreadcrumbList\",\"@id\":\"https:\/\/www.physipro.com\/es\/product\/reposacabezas-a-prolongamientos-lateral-simple\/#breadcrumb\",\"itemListElement\":[{\"@type\":\"ListItem\",\"position\":1,\"name\":\"Accueil\",\"item\":\"https:\/\/www.physipro.com\/es\/\"},{\"@type\":\"ListItem\",\"position\":2,\"name\":\"Tienda\",\"item\":\"https:\/\/www.physipro.com\/es\/tienda\/\"},{\"@type\":\"ListItem\",\"position\":3,\"name\":\"Reposacabezas a prolongamientos lateral simple\"}]},{\"@type\":\"WebSite\",\"@id\":\"https:\/\/www.physipro.com\/#website\",\"url\":\"https:\/\/www.physipro.com\/\",\"name\":\"Physipro inc.\",\"description\":\"Un site utilisant WordPress\",\"potentialAction\":[{\"@type\":\"SearchAction\",\"target\":{\"@type\":\"EntryPoint\",\"urlTemplate\":\"https:\/\/www.physipro.com\/?s={search_term_string}\"},\"query-input\":\"required name=search_term_string\"}],\"inLanguage\":\"es\"}]}<\/script>\n<!-- \/ Yoast SEO plugin. -->","yoast_head_json":{"title":"Reposacabezas a prolongamientos lateral simple - Physipro inc.","robots":{"index":"index","follow":"follow","max-snippet":"max-snippet:-1","max-image-preview":"max-image-preview:large","max-video-preview":"max-video-preview:-1"},"canonical":"https:\/\/www.physipro.com\/es\/product\/reposacabezas-a-prolongamientos-lateral-simple\/","og_locale":"es_ES","og_type":"article","og_title":"Reposacabezas a prolongamientos lateral simple - Physipro inc.","og_description":"[vc_row el_class=&#8221;btn-group-anchor&#8221; full_width=&#8221;stretch_row_content&#8221;][vc_column width=&#8221;1\/1&#8243;][\/vc_column][\/vc_row][vc_row][vc_column width=&#8221;1\/2&#8243;][vc_single_image image=&#8221;10215&#8243; alignment=&#8221;center&#8221; border_color=&#8221;grey&#8221; img_link_large=&#8221;&#8221; img_link_target=&#8221;_self&#8221;][\/vc_column][vc_column width=&#8221;1\/2&#8243;][vc_column_text] Reposacabezas a prolongamientos lateral simple [\/vc_column_text][vc_column_text]Este sistema ofrece un contacto suplementario a nivel temporal que asegura una mejor posici\u00f3n de la cabeza en los casos de flexi\u00f3n lateral, disminuyendo as\u00ed la acentuaci\u00f3n de la oblicuidad postural generalizado. Recuerde que...","og_url":"https:\/\/www.physipro.com\/es\/product\/reposacabezas-a-prolongamientos-lateral-simple\/","og_site_name":"Physipro inc.","article_modified_time":"2015-04-01T16:39:34+00:00","og_image":[{"width":600,"height":600,"url":"https:\/\/www.physipro.com\/wp-content\/uploads\/APPUI-TETE_prolongement_lateral_600x600.png","type":"image\/png"}],"twitter_misc":{"Tiempo de lectura":"1 minuto"},"schema":{"@context":"https:\/\/schema.org","@graph":[{"@type":"WebPage","@id":"https:\/\/www.physipro.com\/es\/product\/reposacabezas-a-prolongamientos-lateral-simple\/","url":"https:\/\/www.physipro.com\/es\/product\/reposacabezas-a-prolongamientos-lateral-simple\/","name":"Reposacabezas a prolongamientos lateral simple - Physipro inc.","isPartOf":{"@id":"https:\/\/www.physipro.com\/#website"},"primaryImageOfPage":{"@id":"https:\/\/www.physipro.com\/es\/product\/reposacabezas-a-prolongamientos-lateral-simple\/#primaryimage"},"image":{"@id":"https:\/\/www.physipro.com\/es\/product\/reposacabezas-a-prolongamientos-lateral-simple\/#primaryimage"},"thumbnailUrl":"https:\/\/www.physipro.com\/wp-content\/uploads\/APPUI-TETE_prolongement_lateral_600x600.png","datePublished":"2015-03-13T15:33:19+00:00","dateModified":"2015-04-01T16:39:34+00:00","breadcrumb":{"@id":"https:\/\/www.physipro.com\/es\/product\/reposacabezas-a-prolongamientos-lateral-simple\/#breadcrumb"},"inLanguage":"es","potentialAction":[{"@type":"ReadAction","target":["https:\/\/www.physipro.com\/es\/product\/reposacabezas-a-prolongamientos-lateral-simple\/"]}]},{"@type":"ImageObject","inLanguage":"es","@id":"https:\/\/www.physipro.com\/es\/product\/reposacabezas-a-prolongamientos-lateral-simple\/#primaryimage","url":"https:\/\/www.physipro.com\/wp-content\/uploads\/APPUI-TETE_prolongement_lateral_600x600.png","contentUrl":"https:\/\/www.physipro.com\/wp-content\/uploads\/APPUI-TETE_prolongement_lateral_600x600.png","width":600,"height":600},{"@type":"BreadcrumbList","@id":"https:\/\/www.physipro.com\/es\/product\/reposacabezas-a-prolongamientos-lateral-simple\/#breadcrumb","itemListElement":[{"@type":"ListItem","position":1,"name":"Accueil","item":"https:\/\/www.physipro.com\/es\/"},{"@type":"ListItem","position":2,"name":"Tienda","item":"https:\/\/www.physipro.com\/es\/tienda\/"},{"@type":"ListItem","position":3,"name":"Reposacabezas a prolongamientos lateral simple"}]},{"@type":"WebSite","@id":"https:\/\/www.physipro.com\/#website","url":"https:\/\/www.physipro.com\/","name":"Physipro inc.","description":"Un site utilisant WordPress","potentialAction":[{"@type":"SearchAction","target":{"@type":"EntryPoint","urlTemplate":"https:\/\/www.physipro.com\/?s={search_term_string}"},"query-input":"required name=search_term_string"}],"inLanguage":"es"}]}},"_links":{"self":[{"href":"https:\/\/www.physipro.com\/es\/wp-json\/wp\/v2\/product\/2729","targetHints":{"allow":["GET"]}}],"collection":[{"href":"https:\/\/www.physipro.com\/es\/wp-json\/wp\/v2\/product"}],"about":[{"href":"https:\/\/www.physipro.com\/es\/wp-json\/wp\/v2\/types\/product"}],"replies":[{"embeddable":true,"href":"https:\/\/www.physipro.com\/es\/wp-json\/wp\/v2\/comments?post=2729"}],"wp:featuredmedia":[{"embeddable":true,"href":"https:\/\/www.physipro.com\/es\/wp-json\/wp\/v2\/media\/22624"}],"wp:attachment":[{"href":"https:\/\/www.physipro.com\/es\/wp-json\/wp\/v2\/media?parent=2729"}],"wp:term":[{"taxonomy":"product_cat","embeddable":true,"href":"https:\/\/www.physipro.com\/es\/wp-json\/wp\/v2\/product_cat?post=2729"},{"taxonomy":"product_tag","embeddable":true,"href":"https:\/\/www.physipro.com\/es\/wp-json\/wp\/v2\/product_tag?post=2729"}],"curies":[{"name":"wp","href":"https:\/\/api.w.org\/{rel}","templated":true}]}}