{"id":2954,"date":"2015-03-16T12:43:53","date_gmt":"2015-03-16T13:02:01","guid":{"rendered":"https:\/\/www.physipro.com\/?post_type=product&#038;p=2954"},"modified":"2015-04-08T11:49:13","modified_gmt":"2015-04-08T11:49:13","slug":"protector-de-rodillas","status":"publish","type":"product","link":"https:\/\/www.physipro.com\/es\/producto\/protector-de-rodillas\/","title":{"rendered":"Protector de rodillas"},"content":{"rendered":"<div class=\"wpb-content-wrapper\"><p>[vc_row css=&#8221;.vc_custom_1426510748613{padding-top: 100px !important;}&#8221;][vc_column width=&#8221;1\/2&#8243;][vc_single_image image=&#8221;10617&#8243; alignment=&#8221;center&#8221; border_color=&#8221;grey&#8221; img_link_large=&#8221;&#8221; img_link_target=&#8221;_self&#8221;][\/vc_column][vc_column width=&#8221;1\/2&#8243;][vc_column_text]<\/p>\n<h2>Protector de rodillas<\/h2>\n<p>[\/vc_column_text][vc_column_text]Este protector de rodillas se instala con pinzas en la mayor\u00eda de los soportes de los reposapi\u00e9s.<\/p>\n<p>Se utilizan en el caso de abducci\u00f3n para conservar el alineamiento de los miembros inferiores.<\/p>\n<p>[\/vc_column_text]<a href=\"https:\/\/www.physipro.com\/wp-content\/uploads\/2015\/03\/OF_Lower_Limb_Positioning.pdf\" target=\"_blank\"class=\"btn btn-primary\"><span>Descargar el Orden de compra<\/span> <\/a>[vc_column_text]<\/p>\n<p>&nbsp;<\/p>\n<p>&nbsp;<\/p>\n<p>&nbsp;<\/p>\n<p>&nbsp;<\/p>\n<p>&nbsp;<\/p>\n<p>[\/vc_column_text][\/vc_column][\/vc_row]<\/p>\n<\/div>","protected":false},"excerpt":{"rendered":"<p>[vc_row css=&#8221;.vc_custom_1426510748613{padding-top: 100px !important;}&#8221;][vc_column width=&#8221;1\/2&#8243;][vc_single_image image=&#8221;10617&#8243; alignment=&#8221;center&#8221; border_color=&#8221;grey&#8221; img_link_large=&#8221;&#8221; img_link_target=&#8221;_self&#8221;][\/vc_column][vc_column width=&#8221;1\/2&#8243;][vc_column_text] Protector de rodillas [\/vc_column_text][vc_column_text]Este protector de rodillas se instala con pinzas en la mayor\u00eda de los soportes de los reposapi\u00e9s. Se utilizan en el caso de abducci\u00f3n para conservar el alineamiento de los miembros inferiores. [\/vc_column_text][vc_column_text] &nbsp; &nbsp; &nbsp;&#8230;<\/p>\n <p><a class=\"read-more btn btn-primary btn-lg\" href=\"https:\/\/www.physipro.com\/es\/producto\/protector-de-rodillas\/\">Leer m&aacute;s<\/a><\/p>","protected":false},"featured_media":22614,"comment_status":"open","ping_status":"closed","template":"","meta":{"_acf_changed":false},"product_cat":[113],"product_tag":[],"class_list":{"0":"post-2954","1":"product","2":"type-product","3":"status-publish","4":"has-post-thumbnail","6":"product_cat-miembros-inferiores-es","8":"first","9":"instock","10":"shipping-taxable","11":"product-type-simple"},"acf":[],"yoast_head":"<!-- This site is optimized with the Yoast SEO plugin v22.3 - https:\/\/yoast.com\/wordpress\/plugins\/seo\/ -->\n<title>Protector de rodillas - Physipro inc.<\/title>\n<meta name=\"robots\" content=\"index, follow, max-snippet:-1, max-image-preview:large, max-video-preview:-1\" \/>\n<link rel=\"canonical\" href=\"https:\/\/www.physipro.com\/es\/product\/protector-de-rodillas\/\" \/>\n<meta property=\"og:locale\" content=\"es_ES\" \/>\n<meta property=\"og:type\" content=\"article\" \/>\n<meta property=\"og:title\" content=\"Protector de rodillas - Physipro inc.\" \/>\n<meta property=\"og:description\" content=\"[vc_row css=&#8221;.vc_custom_1426510748613{padding-top: 100px !important;}&#8221;][vc_column width=&#8221;1\/2&#8243;][vc_single_image image=&#8221;10617&#8243; alignment=&#8221;center&#8221; border_color=&#8221;grey&#8221; img_link_large=&#8221;&#8221; img_link_target=&#8221;_self&#8221;][\/vc_column][vc_column width=&#8221;1\/2&#8243;][vc_column_text] Protector de rodillas [\/vc_column_text][vc_column_text]Este protector de rodillas se instala con pinzas en la mayor\u00eda de los soportes de los reposapi\u00e9s. Se utilizan en el caso de abducci\u00f3n para conservar el alineamiento de los miembros inferiores. [\/vc_column_text][vc_column_text] &nbsp; &nbsp; &nbsp;...\" \/>\n<meta property=\"og:url\" content=\"https:\/\/www.physipro.com\/es\/product\/protector-de-rodillas\/\" \/>\n<meta property=\"og:site_name\" content=\"Physipro inc.\" \/>\n<meta property=\"article:modified_time\" content=\"2015-04-08T11:49:13+00:00\" \/>\n<meta property=\"og:image\" content=\"https:\/\/www.physipro.com\/wp-content\/uploads\/protege-grenou_600x600.png\" \/>\n\t<meta property=\"og:image:width\" content=\"600\" \/>\n\t<meta property=\"og:image:height\" content=\"600\" \/>\n\t<meta property=\"og:image:type\" content=\"image\/png\" \/>\n<meta name=\"twitter:label1\" content=\"Tiempo de lectura\" \/>\n\t<meta name=\"twitter:data1\" content=\"1 minuto\" \/>\n<script type=\"application\/ld+json\" class=\"yoast-schema-graph\">{\"@context\":\"https:\/\/schema.org\",\"@graph\":[{\"@type\":\"WebPage\",\"@id\":\"https:\/\/www.physipro.com\/es\/product\/protector-de-rodillas\/\",\"url\":\"https:\/\/www.physipro.com\/es\/product\/protector-de-rodillas\/\",\"name\":\"Protector de rodillas - Physipro inc.\",\"isPartOf\":{\"@id\":\"https:\/\/www.physipro.com\/#website\"},\"primaryImageOfPage\":{\"@id\":\"https:\/\/www.physipro.com\/es\/product\/protector-de-rodillas\/#primaryimage\"},\"image\":{\"@id\":\"https:\/\/www.physipro.com\/es\/product\/protector-de-rodillas\/#primaryimage\"},\"thumbnailUrl\":\"https:\/\/www.physipro.com\/wp-content\/uploads\/protege-grenou_600x600.png\",\"datePublished\":\"2015-03-16T13:02:01+00:00\",\"dateModified\":\"2015-04-08T11:49:13+00:00\",\"breadcrumb\":{\"@id\":\"https:\/\/www.physipro.com\/es\/product\/protector-de-rodillas\/#breadcrumb\"},\"inLanguage\":\"es\",\"potentialAction\":[{\"@type\":\"ReadAction\",\"target\":[\"https:\/\/www.physipro.com\/es\/product\/protector-de-rodillas\/\"]}]},{\"@type\":\"ImageObject\",\"inLanguage\":\"es\",\"@id\":\"https:\/\/www.physipro.com\/es\/product\/protector-de-rodillas\/#primaryimage\",\"url\":\"https:\/\/www.physipro.com\/wp-content\/uploads\/protege-grenou_600x600.png\",\"contentUrl\":\"https:\/\/www.physipro.com\/wp-content\/uploads\/protege-grenou_600x600.png\",\"width\":600,\"height\":600},{\"@type\":\"BreadcrumbList\",\"@id\":\"https:\/\/www.physipro.com\/es\/product\/protector-de-rodillas\/#breadcrumb\",\"itemListElement\":[{\"@type\":\"ListItem\",\"position\":1,\"name\":\"Accueil\",\"item\":\"https:\/\/www.physipro.com\/es\/\"},{\"@type\":\"ListItem\",\"position\":2,\"name\":\"Tienda\",\"item\":\"https:\/\/www.physipro.com\/es\/tienda\/\"},{\"@type\":\"ListItem\",\"position\":3,\"name\":\"Protector de rodillas\"}]},{\"@type\":\"WebSite\",\"@id\":\"https:\/\/www.physipro.com\/#website\",\"url\":\"https:\/\/www.physipro.com\/\",\"name\":\"Physipro inc.\",\"description\":\"Un site utilisant WordPress\",\"potentialAction\":[{\"@type\":\"SearchAction\",\"target\":{\"@type\":\"EntryPoint\",\"urlTemplate\":\"https:\/\/www.physipro.com\/?s={search_term_string}\"},\"query-input\":\"required name=search_term_string\"}],\"inLanguage\":\"es\"}]}<\/script>\n<!-- \/ Yoast SEO plugin. -->","yoast_head_json":{"title":"Protector de rodillas - Physipro inc.","robots":{"index":"index","follow":"follow","max-snippet":"max-snippet:-1","max-image-preview":"max-image-preview:large","max-video-preview":"max-video-preview:-1"},"canonical":"https:\/\/www.physipro.com\/es\/product\/protector-de-rodillas\/","og_locale":"es_ES","og_type":"article","og_title":"Protector de rodillas - Physipro inc.","og_description":"[vc_row css=&#8221;.vc_custom_1426510748613{padding-top: 100px !important;}&#8221;][vc_column width=&#8221;1\/2&#8243;][vc_single_image image=&#8221;10617&#8243; alignment=&#8221;center&#8221; border_color=&#8221;grey&#8221; img_link_large=&#8221;&#8221; img_link_target=&#8221;_self&#8221;][\/vc_column][vc_column width=&#8221;1\/2&#8243;][vc_column_text] Protector de rodillas [\/vc_column_text][vc_column_text]Este protector de rodillas se instala con pinzas en la mayor\u00eda de los soportes de los reposapi\u00e9s. Se utilizan en el caso de abducci\u00f3n para conservar el alineamiento de los miembros inferiores. [\/vc_column_text][vc_column_text] &nbsp; &nbsp; &nbsp;...","og_url":"https:\/\/www.physipro.com\/es\/product\/protector-de-rodillas\/","og_site_name":"Physipro inc.","article_modified_time":"2015-04-08T11:49:13+00:00","og_image":[{"width":600,"height":600,"url":"https:\/\/www.physipro.com\/wp-content\/uploads\/protege-grenou_600x600.png","type":"image\/png"}],"twitter_misc":{"Tiempo de lectura":"1 minuto"},"schema":{"@context":"https:\/\/schema.org","@graph":[{"@type":"WebPage","@id":"https:\/\/www.physipro.com\/es\/product\/protector-de-rodillas\/","url":"https:\/\/www.physipro.com\/es\/product\/protector-de-rodillas\/","name":"Protector de rodillas - Physipro inc.","isPartOf":{"@id":"https:\/\/www.physipro.com\/#website"},"primaryImageOfPage":{"@id":"https:\/\/www.physipro.com\/es\/product\/protector-de-rodillas\/#primaryimage"},"image":{"@id":"https:\/\/www.physipro.com\/es\/product\/protector-de-rodillas\/#primaryimage"},"thumbnailUrl":"https:\/\/www.physipro.com\/wp-content\/uploads\/protege-grenou_600x600.png","datePublished":"2015-03-16T13:02:01+00:00","dateModified":"2015-04-08T11:49:13+00:00","breadcrumb":{"@id":"https:\/\/www.physipro.com\/es\/product\/protector-de-rodillas\/#breadcrumb"},"inLanguage":"es","potentialAction":[{"@type":"ReadAction","target":["https:\/\/www.physipro.com\/es\/product\/protector-de-rodillas\/"]}]},{"@type":"ImageObject","inLanguage":"es","@id":"https:\/\/www.physipro.com\/es\/product\/protector-de-rodillas\/#primaryimage","url":"https:\/\/www.physipro.com\/wp-content\/uploads\/protege-grenou_600x600.png","contentUrl":"https:\/\/www.physipro.com\/wp-content\/uploads\/protege-grenou_600x600.png","width":600,"height":600},{"@type":"BreadcrumbList","@id":"https:\/\/www.physipro.com\/es\/product\/protector-de-rodillas\/#breadcrumb","itemListElement":[{"@type":"ListItem","position":1,"name":"Accueil","item":"https:\/\/www.physipro.com\/es\/"},{"@type":"ListItem","position":2,"name":"Tienda","item":"https:\/\/www.physipro.com\/es\/tienda\/"},{"@type":"ListItem","position":3,"name":"Protector de rodillas"}]},{"@type":"WebSite","@id":"https:\/\/www.physipro.com\/#website","url":"https:\/\/www.physipro.com\/","name":"Physipro inc.","description":"Un site utilisant WordPress","potentialAction":[{"@type":"SearchAction","target":{"@type":"EntryPoint","urlTemplate":"https:\/\/www.physipro.com\/?s={search_term_string}"},"query-input":"required name=search_term_string"}],"inLanguage":"es"}]}},"_links":{"self":[{"href":"https:\/\/www.physipro.com\/es\/wp-json\/wp\/v2\/product\/2954","targetHints":{"allow":["GET"]}}],"collection":[{"href":"https:\/\/www.physipro.com\/es\/wp-json\/wp\/v2\/product"}],"about":[{"href":"https:\/\/www.physipro.com\/es\/wp-json\/wp\/v2\/types\/product"}],"replies":[{"embeddable":true,"href":"https:\/\/www.physipro.com\/es\/wp-json\/wp\/v2\/comments?post=2954"}],"wp:featuredmedia":[{"embeddable":true,"href":"https:\/\/www.physipro.com\/es\/wp-json\/wp\/v2\/media\/22614"}],"wp:attachment":[{"href":"https:\/\/www.physipro.com\/es\/wp-json\/wp\/v2\/media?parent=2954"}],"wp:term":[{"taxonomy":"product_cat","embeddable":true,"href":"https:\/\/www.physipro.com\/es\/wp-json\/wp\/v2\/product_cat?post=2954"},{"taxonomy":"product_tag","embeddable":true,"href":"https:\/\/www.physipro.com\/es\/wp-json\/wp\/v2\/product_tag?post=2954"}],"curies":[{"name":"wp","href":"https:\/\/api.w.org\/{rel}","templated":true}]}}