{"id":3075,"date":"2015-03-16T15:41:01","date_gmt":"2015-03-16T15:48:40","guid":{"rendered":"https:\/\/www.physipro.com\/?post_type=product&#038;p=3075"},"modified":"2015-04-07T19:56:06","modified_gmt":"2015-04-07T19:56:06","slug":"entablillado-para-miembros-superiores","status":"publish","type":"product","link":"https:\/\/www.physipro.com\/es\/producto\/entablillado-para-miembros-superiores\/","title":{"rendered":"Entablillado para miembros superiores"},"content":{"rendered":"<div class=\"wpb-content-wrapper\"><p>[vc_row css=&#8221;.vc_custom_1426518545843{padding-top: 100px !important;}&#8221;][vc_column width=&#8221;1\/2&#8243;][vc_gallery type=&#8221;flexslider_fade&#8221; interval=&#8221;3&#8243; images=&#8221;10780,10770,10775&#8243; onclick=&#8221;link_image&#8221; custom_links_target=&#8221;_self&#8221; img_size=&#8221;full&#8221;][\/vc_column][vc_column width=&#8221;1\/2&#8243;][vc_column_text]<\/p>\n<h2>Entablillado para miembros superiores<\/h2>\n<p>[\/vc_column_text][vc_column_text]El entablillado procura confort y protecci\u00f3n sin igual del miembro superior afectado.<\/p>\n<p>Este producto, ligero y f\u00e1cil de desplazar, est\u00e1 fabricado de pl\u00e1stico y cubierto de Neoprene. Gracias a su mecanismo de anclaje, las posiciones laterales y oblicuas se mantienen continuas.<\/p>\n<p>Adem\u00e1s, la parte que se encuentra debajo de la mano puede ser plegable para disponer de f\u00e1cil acceso al tablero.[\/vc_column_text]<a href=\"https:\/\/www.physipro.com\/wp-content\/uploads\/2015\/03\/OF_Upper_Limb_Trough_Support.pdf\" target=\"_blank\"class=\"btn btn-primary\"><span>Descargar el Orden de compra<\/span> <\/a>[vc_column_text]<\/p>\n<p>&nbsp;<\/p>\n<p>&nbsp;<\/p>\n<p>&nbsp;<\/p>\n<p>&nbsp;<\/p>\n<p>&nbsp;<\/p>\n<p>&nbsp;<\/p>\n<p>[\/vc_column_text][\/vc_column][\/vc_row]<\/p>\n<\/div>","protected":false},"excerpt":{"rendered":"<p>[vc_row css=&#8221;.vc_custom_1426518545843{padding-top: 100px !important;}&#8221;][vc_column width=&#8221;1\/2&#8243;][vc_gallery type=&#8221;flexslider_fade&#8221; interval=&#8221;3&#8243; images=&#8221;10780,10770,10775&#8243; onclick=&#8221;link_image&#8221; custom_links_target=&#8221;_self&#8221; img_size=&#8221;full&#8221;][\/vc_column][vc_column width=&#8221;1\/2&#8243;][vc_column_text] Entablillado para miembros superiores [\/vc_column_text][vc_column_text]El entablillado procura confort y protecci\u00f3n sin igual del miembro superior afectado. Este producto, ligero y f\u00e1cil de desplazar, est\u00e1 fabricado de pl\u00e1stico y cubierto de Neoprene. Gracias a su mecanismo de anclaje, las&#8230;<\/p>\n <p><a class=\"read-more btn btn-primary btn-lg\" href=\"https:\/\/www.physipro.com\/es\/producto\/entablillado-para-miembros-superiores\/\">Leer m&aacute;s<\/a><\/p>","protected":false},"featured_media":22564,"comment_status":"open","ping_status":"closed","template":"","meta":{"_acf_changed":false},"product_cat":[114],"product_tag":[],"class_list":{"0":"post-3075","1":"product","2":"type-product","3":"status-publish","4":"has-post-thumbnail","6":"product_cat-miembros-superiores-es","8":"first","9":"instock","10":"shipping-taxable","11":"product-type-simple"},"acf":[],"yoast_head":"<!-- This site is optimized with the Yoast SEO plugin v22.3 - https:\/\/yoast.com\/wordpress\/plugins\/seo\/ -->\n<title>Entablillado para miembros superiores - Physipro inc.<\/title>\n<meta name=\"robots\" content=\"index, follow, max-snippet:-1, max-image-preview:large, max-video-preview:-1\" \/>\n<link rel=\"canonical\" href=\"https:\/\/www.physipro.com\/es\/product\/entablillado-para-miembros-superiores\/\" \/>\n<meta property=\"og:locale\" content=\"es_ES\" \/>\n<meta property=\"og:type\" content=\"article\" \/>\n<meta property=\"og:title\" content=\"Entablillado para miembros superiores - Physipro inc.\" \/>\n<meta property=\"og:description\" content=\"[vc_row css=&#8221;.vc_custom_1426518545843{padding-top: 100px !important;}&#8221;][vc_column width=&#8221;1\/2&#8243;][vc_gallery type=&#8221;flexslider_fade&#8221; interval=&#8221;3&#8243; images=&#8221;10780,10770,10775&#8243; onclick=&#8221;link_image&#8221; custom_links_target=&#8221;_self&#8221; img_size=&#8221;full&#8221;][\/vc_column][vc_column width=&#8221;1\/2&#8243;][vc_column_text] Entablillado para miembros superiores [\/vc_column_text][vc_column_text]El entablillado procura confort y protecci\u00f3n sin igual del miembro superior afectado. Este producto, ligero y f\u00e1cil de desplazar, est\u00e1 fabricado de pl\u00e1stico y cubierto de Neoprene. Gracias a su mecanismo de anclaje, las...\" \/>\n<meta property=\"og:url\" content=\"https:\/\/www.physipro.com\/es\/product\/entablillado-para-miembros-superiores\/\" \/>\n<meta property=\"og:site_name\" content=\"Physipro inc.\" \/>\n<meta property=\"article:modified_time\" content=\"2015-04-07T19:56:06+00:00\" \/>\n<meta property=\"og:image\" content=\"https:\/\/www.physipro.com\/wp-content\/uploads\/goutti\u00e8re_600x600.png\" \/>\n\t<meta property=\"og:image:width\" content=\"600\" \/>\n\t<meta property=\"og:image:height\" content=\"600\" \/>\n\t<meta property=\"og:image:type\" content=\"image\/png\" \/>\n<meta name=\"twitter:label1\" content=\"Tiempo de lectura\" \/>\n\t<meta name=\"twitter:data1\" content=\"1 minuto\" \/>\n<script type=\"application\/ld+json\" class=\"yoast-schema-graph\">{\"@context\":\"https:\/\/schema.org\",\"@graph\":[{\"@type\":\"WebPage\",\"@id\":\"https:\/\/www.physipro.com\/es\/product\/entablillado-para-miembros-superiores\/\",\"url\":\"https:\/\/www.physipro.com\/es\/product\/entablillado-para-miembros-superiores\/\",\"name\":\"Entablillado para miembros superiores - Physipro inc.\",\"isPartOf\":{\"@id\":\"https:\/\/www.physipro.com\/#website\"},\"primaryImageOfPage\":{\"@id\":\"https:\/\/www.physipro.com\/es\/product\/entablillado-para-miembros-superiores\/#primaryimage\"},\"image\":{\"@id\":\"https:\/\/www.physipro.com\/es\/product\/entablillado-para-miembros-superiores\/#primaryimage\"},\"thumbnailUrl\":\"https:\/\/www.physipro.com\/wp-content\/uploads\/goutti\u00e8re_600x600.png\",\"datePublished\":\"2015-03-16T15:48:40+00:00\",\"dateModified\":\"2015-04-07T19:56:06+00:00\",\"breadcrumb\":{\"@id\":\"https:\/\/www.physipro.com\/es\/product\/entablillado-para-miembros-superiores\/#breadcrumb\"},\"inLanguage\":\"es\",\"potentialAction\":[{\"@type\":\"ReadAction\",\"target\":[\"https:\/\/www.physipro.com\/es\/product\/entablillado-para-miembros-superiores\/\"]}]},{\"@type\":\"ImageObject\",\"inLanguage\":\"es\",\"@id\":\"https:\/\/www.physipro.com\/es\/product\/entablillado-para-miembros-superiores\/#primaryimage\",\"url\":\"https:\/\/www.physipro.com\/wp-content\/uploads\/goutti\u00e8re_600x600.png\",\"contentUrl\":\"https:\/\/www.physipro.com\/wp-content\/uploads\/goutti\u00e8re_600x600.png\",\"width\":600,\"height\":600},{\"@type\":\"BreadcrumbList\",\"@id\":\"https:\/\/www.physipro.com\/es\/product\/entablillado-para-miembros-superiores\/#breadcrumb\",\"itemListElement\":[{\"@type\":\"ListItem\",\"position\":1,\"name\":\"Accueil\",\"item\":\"https:\/\/www.physipro.com\/es\/\"},{\"@type\":\"ListItem\",\"position\":2,\"name\":\"Tienda\",\"item\":\"https:\/\/www.physipro.com\/es\/tienda\/\"},{\"@type\":\"ListItem\",\"position\":3,\"name\":\"Entablillado para miembros superiores\"}]},{\"@type\":\"WebSite\",\"@id\":\"https:\/\/www.physipro.com\/#website\",\"url\":\"https:\/\/www.physipro.com\/\",\"name\":\"Physipro inc.\",\"description\":\"Un site utilisant WordPress\",\"potentialAction\":[{\"@type\":\"SearchAction\",\"target\":{\"@type\":\"EntryPoint\",\"urlTemplate\":\"https:\/\/www.physipro.com\/?s={search_term_string}\"},\"query-input\":\"required name=search_term_string\"}],\"inLanguage\":\"es\"}]}<\/script>\n<!-- \/ Yoast SEO plugin. -->","yoast_head_json":{"title":"Entablillado para miembros superiores - Physipro inc.","robots":{"index":"index","follow":"follow","max-snippet":"max-snippet:-1","max-image-preview":"max-image-preview:large","max-video-preview":"max-video-preview:-1"},"canonical":"https:\/\/www.physipro.com\/es\/product\/entablillado-para-miembros-superiores\/","og_locale":"es_ES","og_type":"article","og_title":"Entablillado para miembros superiores - Physipro inc.","og_description":"[vc_row css=&#8221;.vc_custom_1426518545843{padding-top: 100px !important;}&#8221;][vc_column width=&#8221;1\/2&#8243;][vc_gallery type=&#8221;flexslider_fade&#8221; interval=&#8221;3&#8243; images=&#8221;10780,10770,10775&#8243; onclick=&#8221;link_image&#8221; custom_links_target=&#8221;_self&#8221; img_size=&#8221;full&#8221;][\/vc_column][vc_column width=&#8221;1\/2&#8243;][vc_column_text] Entablillado para miembros superiores [\/vc_column_text][vc_column_text]El entablillado procura confort y protecci\u00f3n sin igual del miembro superior afectado. Este producto, ligero y f\u00e1cil de desplazar, est\u00e1 fabricado de pl\u00e1stico y cubierto de Neoprene. Gracias a su mecanismo de anclaje, las...","og_url":"https:\/\/www.physipro.com\/es\/product\/entablillado-para-miembros-superiores\/","og_site_name":"Physipro inc.","article_modified_time":"2015-04-07T19:56:06+00:00","og_image":[{"width":600,"height":600,"url":"https:\/\/www.physipro.com\/wp-content\/uploads\/goutti\u00e8re_600x600.png","type":"image\/png"}],"twitter_misc":{"Tiempo de lectura":"1 minuto"},"schema":{"@context":"https:\/\/schema.org","@graph":[{"@type":"WebPage","@id":"https:\/\/www.physipro.com\/es\/product\/entablillado-para-miembros-superiores\/","url":"https:\/\/www.physipro.com\/es\/product\/entablillado-para-miembros-superiores\/","name":"Entablillado para miembros superiores - Physipro inc.","isPartOf":{"@id":"https:\/\/www.physipro.com\/#website"},"primaryImageOfPage":{"@id":"https:\/\/www.physipro.com\/es\/product\/entablillado-para-miembros-superiores\/#primaryimage"},"image":{"@id":"https:\/\/www.physipro.com\/es\/product\/entablillado-para-miembros-superiores\/#primaryimage"},"thumbnailUrl":"https:\/\/www.physipro.com\/wp-content\/uploads\/goutti\u00e8re_600x600.png","datePublished":"2015-03-16T15:48:40+00:00","dateModified":"2015-04-07T19:56:06+00:00","breadcrumb":{"@id":"https:\/\/www.physipro.com\/es\/product\/entablillado-para-miembros-superiores\/#breadcrumb"},"inLanguage":"es","potentialAction":[{"@type":"ReadAction","target":["https:\/\/www.physipro.com\/es\/product\/entablillado-para-miembros-superiores\/"]}]},{"@type":"ImageObject","inLanguage":"es","@id":"https:\/\/www.physipro.com\/es\/product\/entablillado-para-miembros-superiores\/#primaryimage","url":"https:\/\/www.physipro.com\/wp-content\/uploads\/goutti\u00e8re_600x600.png","contentUrl":"https:\/\/www.physipro.com\/wp-content\/uploads\/goutti\u00e8re_600x600.png","width":600,"height":600},{"@type":"BreadcrumbList","@id":"https:\/\/www.physipro.com\/es\/product\/entablillado-para-miembros-superiores\/#breadcrumb","itemListElement":[{"@type":"ListItem","position":1,"name":"Accueil","item":"https:\/\/www.physipro.com\/es\/"},{"@type":"ListItem","position":2,"name":"Tienda","item":"https:\/\/www.physipro.com\/es\/tienda\/"},{"@type":"ListItem","position":3,"name":"Entablillado para miembros superiores"}]},{"@type":"WebSite","@id":"https:\/\/www.physipro.com\/#website","url":"https:\/\/www.physipro.com\/","name":"Physipro inc.","description":"Un site utilisant WordPress","potentialAction":[{"@type":"SearchAction","target":{"@type":"EntryPoint","urlTemplate":"https:\/\/www.physipro.com\/?s={search_term_string}"},"query-input":"required name=search_term_string"}],"inLanguage":"es"}]}},"_links":{"self":[{"href":"https:\/\/www.physipro.com\/es\/wp-json\/wp\/v2\/product\/3075","targetHints":{"allow":["GET"]}}],"collection":[{"href":"https:\/\/www.physipro.com\/es\/wp-json\/wp\/v2\/product"}],"about":[{"href":"https:\/\/www.physipro.com\/es\/wp-json\/wp\/v2\/types\/product"}],"replies":[{"embeddable":true,"href":"https:\/\/www.physipro.com\/es\/wp-json\/wp\/v2\/comments?post=3075"}],"wp:featuredmedia":[{"embeddable":true,"href":"https:\/\/www.physipro.com\/es\/wp-json\/wp\/v2\/media\/22564"}],"wp:attachment":[{"href":"https:\/\/www.physipro.com\/es\/wp-json\/wp\/v2\/media?parent=3075"}],"wp:term":[{"taxonomy":"product_cat","embeddable":true,"href":"https:\/\/www.physipro.com\/es\/wp-json\/wp\/v2\/product_cat?post=3075"},{"taxonomy":"product_tag","embeddable":true,"href":"https:\/\/www.physipro.com\/es\/wp-json\/wp\/v2\/product_tag?post=3075"}],"curies":[{"name":"wp","href":"https:\/\/api.w.org\/{rel}","templated":true}]}}