{"id":3246,"date":"2015-03-16T17:23:37","date_gmt":"2015-03-16T17:34:35","guid":{"rendered":"https:\/\/www.physipro.com\/?post_type=product&#038;p=3246"},"modified":"2015-06-09T11:26:36","modified_gmt":"2015-06-09T11:26:36","slug":"posicionamiento-en-la-cama","status":"publish","type":"product","link":"https:\/\/www.physipro.com\/es\/producto\/posicionamiento-en-la-cama\/","title":{"rendered":"Posicionamiento en la cama"},"content":{"rendered":"<div class=\"wpb-content-wrapper\"><p>[vc_row el_class=&#8221;btn-group-anchor&#8221; full_width=&#8221;stretch_row_content&#8221;][vc_column width=&#8221;1\/2&#8243;]<a href=\"#coussin\" class=\"btn btn-default\"> <span>Cojines<\/span><\/a>[\/vc_column][vc_column width=&#8221;1\/2&#8243;]<a href=\"#video\" class=\"btn btn-default\"> <span>Documentaci\u00f3n<\/span><\/a>[\/vc_column][\/vc_row][vc_row css=&#8221;.vc_custom_1426525253188{padding-top: 100px !important;}&#8221;][vc_column width=&#8221;1\/1&#8243;][vc_column_text]Cojines de posicionamiento de cama est\u00e1n dise\u00f1ados para reducir la presi\u00f3n sobre las zonas cr\u00edticas del cuerpo. La fricci\u00f3n y cizallamiento tambi\u00e9n se reducen considerablemente con el uso de los cojines de posicionamiento de cama. De acuerdo con las recomendaciones del profesional de la salud, el m\u00e9todo de posicionamiento de cama constan de establecer, para cada paciente, una serie de posiciones diferentes para llevarlas a cabo en funci\u00f3n de la hora del d\u00eda.[\/vc_column_text][\/vc_column][\/vc_row][vc_row full_width=&#8221;stretch_row&#8221; css=&#8221;.vc_custom_1427734972601{background-color: #f3f3f5 !important;}&#8221; el_class=&#8221;section-full&#8221; id_attribute=&#8221;coussin&#8221;][vc_column width=&#8221;1\/4&#8243;][vc_single_image image=&#8221;3358&#8243; border_color=&#8221;grey&#8221; img_link_large=&#8221;&#8221; img_link_target=&#8221;_self&#8221; img_size=&#8221;full&#8221;][\/vc_column][vc_column width=&#8221;1\/4&#8243;][vc_column_text]<\/p>\n<h2>Coj\u00edn media luna<\/h2>\n<p>El coj\u00edn media luna mantiene y coloca de manera c\u00f3moda el tronco y la pelvis del paciente en posici\u00f3n de c\u00fabito dorsal y semi-Fowler. Este disminuye igualmente la presi\u00f3n ejercida a nivel de los codos.<\/p>\n<p><strong>Caracter\u00edsticas:<\/strong><\/p>\n<ul>\n<li>Compuestos de microesferas de poliestireno livianas<\/li>\n<li>Mantenidos en un sobre impermeable y transpirable de LYCRA M5B<\/li>\n<\/ul>\n<p><strong>Se adapta perfectamente con diferentes morfolog\u00edas y principalmente con pacientes que sufren de hemiplegia.<\/strong>[\/vc_column_text][\/vc_column][vc_column width=&#8221;1\/4&#8243;][vc_single_image image=&#8221;3338&#8243; border_color=&#8221;grey&#8221; img_link_large=&#8221;&#8221; img_link_target=&#8221;_self&#8221; img_size=&#8221;full&#8221;][\/vc_column][vc_column width=&#8221;1\/4&#8243;][vc_column_text]<\/p>\n<h2>Coj\u00edn de posicionamiento lateral<\/h2>\n<p>Una posici\u00f3n en comodidad favorece el buen descanso y reduce los riesgos de contracci\u00f3n y las heridas ocasionadas en la cama.<\/p>\n<p>Previene la aparici\u00f3n de escaras a nivel de:<\/p>\n<ul>\n<li>la regi\u00f3n del sacro, del isquion<\/li>\n<li>la r\u00e9gion trochanter<\/li>\n<li>los codos y de los talones<\/li>\n<li>los mal\u00e9olos y las rodillas<\/li>\n<\/ul>\n<p>Se adapta perfectamente a diferentes morfolog\u00edas y, principalmente, a pacientes sufriendo de hemiplegia.[\/vc_column_text][\/vc_column][\/vc_row][vc_row full_width=&#8221;stretch_row&#8221; el_class=&#8221;section-full&#8221; id_attribute=&#8221;features&#8221;][vc_column width=&#8221;1\/4&#8243;][vc_single_image image=&#8221;3328&#8243; border_color=&#8221;grey&#8221; img_link_large=&#8221;&#8221; img_link_target=&#8221;_self&#8221; img_size=&#8221;full&#8221;][\/vc_column][vc_column width=&#8221;1\/4&#8243;][vc_column_text]<\/p>\n<h2>Coj\u00edn de aducci\u00f3n<\/h2>\n<p>El coj\u00edn de aducci\u00f3n permite estabilizar las piernas en posici\u00f3n abierta, respetando siempre la autonom\u00eda de los muslos y el \u00e1ngulo de apertura natural de los miembros inferiores.<\/p>\n<p><strong>Caracter\u00edsticas:<\/strong><\/p>\n<ul>\n<li>Compuestos de microesferas de poliestireno livianas.<\/li>\n<li>Mantenidos en un sobre impermeable y transpirable de LYCRA M5B.<\/li>\n<\/ul>\n<p>[\/vc_column_text][\/vc_column][vc_column width=&#8221;1\/4&#8243;][vc_single_image image=&#8221;3313&#8243; border_color=&#8221;grey&#8221; img_link_large=&#8221;&#8221; img_link_target=&#8221;_self&#8221; img_size=&#8221;full&#8221;][\/vc_column][vc_column width=&#8221;1\/4&#8243;][vc_column_text]<\/p>\n<h2>Coj\u00edn de posicionamiento de manos y pies<\/h2>\n<p>Cuando se trata de un posicionamiento de c\u00fabito dorsal, se recomienda despejar el peso los codos y los talones. Con este prop\u00f3sito, s\u00f3lo se trata de instalar cojines de posicionamiento a nivel del reposabrazo y de la pierna.<\/p>\n<p><strong>Caract\u00e9r\u00edsticas:<\/strong><\/p>\n<ul>\n<li>Compuestos de microesferas de poliestireno livianas<\/li>\n<li>Mantenidos en un sobre impermeable y transpirable de LYCRA M5B<\/li>\n<\/ul>\n<p>[\/vc_column_text][\/vc_column][\/vc_row][vc_row full_width=&#8221;stretch_row&#8221; css=&#8221;.vc_custom_1425502321655{background-color: #f3f3f5 !important;}&#8221; el_class=&#8221;section-full&#8221; id_attribute=&#8221;features&#8221;][vc_column width=&#8221;1\/4&#8243;][vc_single_image image=&#8221;3248&#8243; border_color=&#8221;grey&#8221; img_link_large=&#8221;&#8221; img_link_target=&#8221;_self&#8221; img_size=&#8221;full&#8221;][\/vc_column][vc_column width=&#8221;1\/4&#8243;][vc_column_text]<\/p>\n<h2>Coj\u00edn salvavidas modular de forma circular<\/h2>\n<p>EL coj\u00edn salvavidas mantiene y soporta de manera confortable la cabeza del paciente cuando est\u00e1 en posicionamiento de c\u00fabito dorsal.<\/p>\n<p><strong>Caracter\u00edsticas:<\/strong><\/p>\n<ul>\n<li>Compuestos de microesferas de poliestireno livianas<\/li>\n<li>Maintenidas en un sobre impermeable y transpirable de LYCRA M5B.<\/li>\n<\/ul>\n<p>[\/vc_column_text][\/vc_column][vc_column width=&#8221;1\/4&#8243;][vc_single_image image=&#8221;3263&#8243; border_color=&#8221;grey&#8221; img_link_large=&#8221;&#8221; img_link_target=&#8221;_self&#8221; img_size=&#8221;full&#8221;][\/vc_column][vc_column width=&#8221;1\/4&#8243;][vc_column_text]<\/p>\n<h2>Coj\u00edn salvavidadas de 1\/2<\/h2>\n<p>El coj\u00edn salvavidas de 1\/2 permite prevenir la formaci\u00f3n de escaras a nivel de las rodillas y male\u00f3los.\u00a0 Combinado a un coj\u00edn cil\u00edndrico este componente es ideal en casos de aducci\u00f3n.<\/p>\n<p><strong>Caract\u00e9ristiques:<\/strong><\/p>\n<ul>\n<li>Compuestos de microesferas de poliestireno livianas.<\/li>\n<li>Mantenidos en un sobre impermeable y transpirable de LYCRA M5B<\/li>\n<\/ul>\n<p>[\/vc_column_text][\/vc_column][\/vc_row][vc_row full_width=&#8221;stretch_row&#8221; el_class=&#8221;section-full&#8221; id_attribute=&#8221;features&#8221;][vc_column width=&#8221;1\/4&#8243;][vc_single_image image=&#8221;3283&#8243; border_color=&#8221;grey&#8221; img_link_large=&#8221;&#8221; img_link_target=&#8221;_self&#8221; img_size=&#8221;full&#8221;][\/vc_column][vc_column width=&#8221;1\/4&#8243;][vc_column_text]<\/p>\n<h2>Coj\u00edn de peque\u00f1o tama\u00f1o<\/h2>\n<ul>\n<li>Previene la aparici\u00f3n de escaras a nivel de los codos y de los talones<\/li>\n<li>Alivio de la presi\u00f3n de apoyo a nivel de los codos<\/li>\n<\/ul>\n<p>[\/vc_column_text][\/vc_column][vc_column width=&#8221;1\/4&#8243;][vc_single_image image=&#8221;3298&#8243; border_color=&#8221;grey&#8221; img_link_large=&#8221;&#8221; img_link_target=&#8221;_self&#8221; img_size=&#8221;full&#8221;][\/vc_column][vc_column width=&#8221;1\/4&#8243;][vc_column_text]<\/p>\n<h2>Coj\u00edn cil\u00edndrico<\/h2>\n<p>El coj\u00edn cil\u00edndrico puede ser colocado de diferentes maneras especialmente debajo de las rodillas, lo que permite reducir los vac\u00edos lumbares y colocar los miembros inferiores en posici\u00f3n semi-Fowler.<\/p>\n<p>Combinado con un coj\u00edn salvavidas de \u00bd, este permite mantener los miembros inferiores en aducci\u00f3n.<\/p>\n<p><strong>Caracter\u00edsticas:<\/strong><\/p>\n<ul>\n<li>Compuestos de microesferas de poliestireno livianas<\/li>\n<li>Maintenidos en un sobre impermeable y transpirable de LYCRA M5B.<\/li>\n<\/ul>\n<p>[\/vc_column_text][\/vc_column][\/vc_row][vc_row id_attribute=&#8221;video&#8221; el_class=&#8221;btn-file-group&#8221;][vc_column width=&#8221;1\/1&#8243;][vc_column_text]<\/p>\n<h2>Documentaci\u00f3n<\/h2>\n<p>[\/vc_column_text]<a href=\"https:\/\/www.physipro.com\/wp-content\/uploads\/2015\/03\/Brochure_Bed-Positioning.pdf\" target=\"_blank\"class=\"btn btn-default btn-lg\"><i class=\"fa fa-file-pdf-o fa-lg\"><\/i> <span>Folleto<\/span><\/a><a href=\"https:\/\/www.physipro.com\/wp-content\/uploads\/2015\/03\/Manuel_Utilisation_Positionnement_lit.pdf\" target=\"_blank\"class=\"btn btn-default btn-lg\"><i class=\"fa fa-file-pdf-o fa-lg\"><\/i> <span>Manual del usuario<\/span><\/a><a href=\"https:\/\/www.physipro.com\/wp-content\/uploads\/2015\/03\/OF_Bed_Positionning.pdf\" target=\"_blank\"class=\"btn btn-default btn-lg\"><i class=\"fa fa-file-pdf-o fa-lg\"><\/i> <span>Orden de compra<\/span><\/a>[\/vc_column][\/vc_row]<\/p>\n<\/div>","protected":false},"excerpt":{"rendered":"<p>[vc_row el_class=&#8221;btn-group-anchor&#8221; full_width=&#8221;stretch_row_content&#8221;][vc_column width=&#8221;1\/2&#8243;][\/vc_column][vc_column width=&#8221;1\/2&#8243;][\/vc_column][\/vc_row][vc_row css=&#8221;.vc_custom_1426525253188{padding-top: 100px !important;}&#8221;][vc_column width=&#8221;1\/1&#8243;][vc_column_text]Cojines de posicionamiento de cama est\u00e1n dise\u00f1ados para reducir la presi\u00f3n sobre las zonas cr\u00edticas del cuerpo. La fricci\u00f3n y cizallamiento tambi\u00e9n se reducen considerablemente con el uso de los cojines de posicionamiento de cama. De acuerdo con las recomendaciones del profesional&#8230;<\/p>\n <p><a class=\"read-more btn btn-primary btn-lg\" href=\"https:\/\/www.physipro.com\/es\/producto\/posicionamiento-en-la-cama\/\">Leer m&aacute;s<\/a><\/p>","protected":false},"featured_media":23114,"comment_status":"open","ping_status":"closed","template":"","meta":{"_acf_changed":false},"product_cat":[115],"product_tag":[],"class_list":{"0":"post-3246","1":"product","2":"type-product","3":"status-publish","4":"has-post-thumbnail","6":"product_cat-vida-cotidiana-es","8":"first","9":"instock","10":"shipping-taxable","11":"product-type-simple"},"acf":[],"yoast_head":"<!-- This site is optimized with the Yoast SEO plugin v22.3 - https:\/\/yoast.com\/wordpress\/plugins\/seo\/ -->\n<title>Posicionamiento en la cama - Physipro inc.<\/title>\n<meta name=\"robots\" content=\"index, follow, max-snippet:-1, max-image-preview:large, max-video-preview:-1\" \/>\n<link rel=\"canonical\" href=\"https:\/\/www.physipro.com\/es\/product\/posicionamiento-en-la-cama\/\" \/>\n<meta property=\"og:locale\" content=\"es_ES\" \/>\n<meta property=\"og:type\" content=\"article\" \/>\n<meta property=\"og:title\" content=\"Posicionamiento en la cama - Physipro inc.\" \/>\n<meta property=\"og:description\" content=\"[vc_row el_class=&#8221;btn-group-anchor&#8221; full_width=&#8221;stretch_row_content&#8221;][vc_column width=&#8221;1\/2&#8243;][\/vc_column][vc_column width=&#8221;1\/2&#8243;][\/vc_column][\/vc_row][vc_row css=&#8221;.vc_custom_1426525253188{padding-top: 100px !important;}&#8221;][vc_column width=&#8221;1\/1&#8243;][vc_column_text]Cojines de posicionamiento de cama est\u00e1n dise\u00f1ados para reducir la presi\u00f3n sobre las zonas cr\u00edticas del cuerpo. La fricci\u00f3n y cizallamiento tambi\u00e9n se reducen considerablemente con el uso de los cojines de posicionamiento de cama. De acuerdo con las recomendaciones del profesional...\" \/>\n<meta property=\"og:url\" content=\"https:\/\/www.physipro.com\/es\/product\/posicionamiento-en-la-cama\/\" \/>\n<meta property=\"og:site_name\" content=\"Physipro inc.\" \/>\n<meta property=\"article:modified_time\" content=\"2015-06-09T11:26:36+00:00\" \/>\n<meta property=\"og:image\" content=\"https:\/\/www.physipro.com\/wp-content\/uploads\/montage-600x600.png\" \/>\n\t<meta property=\"og:image:width\" content=\"2952\" \/>\n\t<meta property=\"og:image:height\" content=\"2952\" \/>\n\t<meta property=\"og:image:type\" content=\"image\/png\" \/>\n<meta name=\"twitter:label1\" content=\"Tiempo de lectura\" \/>\n\t<meta name=\"twitter:data1\" content=\"6 minutos\" \/>\n<script type=\"application\/ld+json\" class=\"yoast-schema-graph\">{\"@context\":\"https:\/\/schema.org\",\"@graph\":[{\"@type\":\"WebPage\",\"@id\":\"https:\/\/www.physipro.com\/es\/product\/posicionamiento-en-la-cama\/\",\"url\":\"https:\/\/www.physipro.com\/es\/product\/posicionamiento-en-la-cama\/\",\"name\":\"Posicionamiento en la cama - Physipro inc.\",\"isPartOf\":{\"@id\":\"https:\/\/www.physipro.com\/#website\"},\"primaryImageOfPage\":{\"@id\":\"https:\/\/www.physipro.com\/es\/product\/posicionamiento-en-la-cama\/#primaryimage\"},\"image\":{\"@id\":\"https:\/\/www.physipro.com\/es\/product\/posicionamiento-en-la-cama\/#primaryimage\"},\"thumbnailUrl\":\"https:\/\/www.physipro.com\/wp-content\/uploads\/montage-600x600.png\",\"datePublished\":\"2015-03-16T17:34:35+00:00\",\"dateModified\":\"2015-06-09T11:26:36+00:00\",\"breadcrumb\":{\"@id\":\"https:\/\/www.physipro.com\/es\/product\/posicionamiento-en-la-cama\/#breadcrumb\"},\"inLanguage\":\"es\",\"potentialAction\":[{\"@type\":\"ReadAction\",\"target\":[\"https:\/\/www.physipro.com\/es\/product\/posicionamiento-en-la-cama\/\"]}]},{\"@type\":\"ImageObject\",\"inLanguage\":\"es\",\"@id\":\"https:\/\/www.physipro.com\/es\/product\/posicionamiento-en-la-cama\/#primaryimage\",\"url\":\"https:\/\/www.physipro.com\/wp-content\/uploads\/montage-600x600.png\",\"contentUrl\":\"https:\/\/www.physipro.com\/wp-content\/uploads\/montage-600x600.png\",\"width\":2952,\"height\":2952},{\"@type\":\"BreadcrumbList\",\"@id\":\"https:\/\/www.physipro.com\/es\/product\/posicionamiento-en-la-cama\/#breadcrumb\",\"itemListElement\":[{\"@type\":\"ListItem\",\"position\":1,\"name\":\"Accueil\",\"item\":\"https:\/\/www.physipro.com\/es\/\"},{\"@type\":\"ListItem\",\"position\":2,\"name\":\"Tienda\",\"item\":\"https:\/\/www.physipro.com\/es\/tienda\/\"},{\"@type\":\"ListItem\",\"position\":3,\"name\":\"Posicionamiento en la cama\"}]},{\"@type\":\"WebSite\",\"@id\":\"https:\/\/www.physipro.com\/#website\",\"url\":\"https:\/\/www.physipro.com\/\",\"name\":\"Physipro inc.\",\"description\":\"Un site utilisant WordPress\",\"potentialAction\":[{\"@type\":\"SearchAction\",\"target\":{\"@type\":\"EntryPoint\",\"urlTemplate\":\"https:\/\/www.physipro.com\/?s={search_term_string}\"},\"query-input\":\"required name=search_term_string\"}],\"inLanguage\":\"es\"}]}<\/script>\n<!-- \/ Yoast SEO plugin. -->","yoast_head_json":{"title":"Posicionamiento en la cama - Physipro inc.","robots":{"index":"index","follow":"follow","max-snippet":"max-snippet:-1","max-image-preview":"max-image-preview:large","max-video-preview":"max-video-preview:-1"},"canonical":"https:\/\/www.physipro.com\/es\/product\/posicionamiento-en-la-cama\/","og_locale":"es_ES","og_type":"article","og_title":"Posicionamiento en la cama - Physipro inc.","og_description":"[vc_row el_class=&#8221;btn-group-anchor&#8221; full_width=&#8221;stretch_row_content&#8221;][vc_column width=&#8221;1\/2&#8243;][\/vc_column][vc_column width=&#8221;1\/2&#8243;][\/vc_column][\/vc_row][vc_row css=&#8221;.vc_custom_1426525253188{padding-top: 100px !important;}&#8221;][vc_column width=&#8221;1\/1&#8243;][vc_column_text]Cojines de posicionamiento de cama est\u00e1n dise\u00f1ados para reducir la presi\u00f3n sobre las zonas cr\u00edticas del cuerpo. La fricci\u00f3n y cizallamiento tambi\u00e9n se reducen considerablemente con el uso de los cojines de posicionamiento de cama. De acuerdo con las recomendaciones del profesional...","og_url":"https:\/\/www.physipro.com\/es\/product\/posicionamiento-en-la-cama\/","og_site_name":"Physipro inc.","article_modified_time":"2015-06-09T11:26:36+00:00","og_image":[{"width":2952,"height":2952,"url":"https:\/\/www.physipro.com\/wp-content\/uploads\/montage-600x600.png","type":"image\/png"}],"twitter_misc":{"Tiempo de lectura":"6 minutos"},"schema":{"@context":"https:\/\/schema.org","@graph":[{"@type":"WebPage","@id":"https:\/\/www.physipro.com\/es\/product\/posicionamiento-en-la-cama\/","url":"https:\/\/www.physipro.com\/es\/product\/posicionamiento-en-la-cama\/","name":"Posicionamiento en la cama - Physipro inc.","isPartOf":{"@id":"https:\/\/www.physipro.com\/#website"},"primaryImageOfPage":{"@id":"https:\/\/www.physipro.com\/es\/product\/posicionamiento-en-la-cama\/#primaryimage"},"image":{"@id":"https:\/\/www.physipro.com\/es\/product\/posicionamiento-en-la-cama\/#primaryimage"},"thumbnailUrl":"https:\/\/www.physipro.com\/wp-content\/uploads\/montage-600x600.png","datePublished":"2015-03-16T17:34:35+00:00","dateModified":"2015-06-09T11:26:36+00:00","breadcrumb":{"@id":"https:\/\/www.physipro.com\/es\/product\/posicionamiento-en-la-cama\/#breadcrumb"},"inLanguage":"es","potentialAction":[{"@type":"ReadAction","target":["https:\/\/www.physipro.com\/es\/product\/posicionamiento-en-la-cama\/"]}]},{"@type":"ImageObject","inLanguage":"es","@id":"https:\/\/www.physipro.com\/es\/product\/posicionamiento-en-la-cama\/#primaryimage","url":"https:\/\/www.physipro.com\/wp-content\/uploads\/montage-600x600.png","contentUrl":"https:\/\/www.physipro.com\/wp-content\/uploads\/montage-600x600.png","width":2952,"height":2952},{"@type":"BreadcrumbList","@id":"https:\/\/www.physipro.com\/es\/product\/posicionamiento-en-la-cama\/#breadcrumb","itemListElement":[{"@type":"ListItem","position":1,"name":"Accueil","item":"https:\/\/www.physipro.com\/es\/"},{"@type":"ListItem","position":2,"name":"Tienda","item":"https:\/\/www.physipro.com\/es\/tienda\/"},{"@type":"ListItem","position":3,"name":"Posicionamiento en la cama"}]},{"@type":"WebSite","@id":"https:\/\/www.physipro.com\/#website","url":"https:\/\/www.physipro.com\/","name":"Physipro inc.","description":"Un site utilisant WordPress","potentialAction":[{"@type":"SearchAction","target":{"@type":"EntryPoint","urlTemplate":"https:\/\/www.physipro.com\/?s={search_term_string}"},"query-input":"required name=search_term_string"}],"inLanguage":"es"}]}},"_links":{"self":[{"href":"https:\/\/www.physipro.com\/es\/wp-json\/wp\/v2\/product\/3246","targetHints":{"allow":["GET"]}}],"collection":[{"href":"https:\/\/www.physipro.com\/es\/wp-json\/wp\/v2\/product"}],"about":[{"href":"https:\/\/www.physipro.com\/es\/wp-json\/wp\/v2\/types\/product"}],"replies":[{"embeddable":true,"href":"https:\/\/www.physipro.com\/es\/wp-json\/wp\/v2\/comments?post=3246"}],"wp:featuredmedia":[{"embeddable":true,"href":"https:\/\/www.physipro.com\/es\/wp-json\/wp\/v2\/media\/23114"}],"wp:attachment":[{"href":"https:\/\/www.physipro.com\/es\/wp-json\/wp\/v2\/media?parent=3246"}],"wp:term":[{"taxonomy":"product_cat","embeddable":true,"href":"https:\/\/www.physipro.com\/es\/wp-json\/wp\/v2\/product_cat?post=3246"},{"taxonomy":"product_tag","embeddable":true,"href":"https:\/\/www.physipro.com\/es\/wp-json\/wp\/v2\/product_tag?post=3246"}],"curies":[{"name":"wp","href":"https:\/\/api.w.org\/{rel}","templated":true}]}}