{"id":5925,"date":"2015-03-18T17:14:38","date_gmt":"2015-03-18T18:04:20","guid":{"rendered":"https:\/\/www.physipro.com\/?post_type=product&#038;p=5925"},"modified":"2019-09-27T18:32:24","modified_gmt":"2019-09-27T18:32:24","slug":"cojin-brio","status":"publish","type":"product","link":"https:\/\/www.physipro.com\/es\/producto\/cojin-brio\/","title":{"rendered":"Coj\u00edn Brio"},"content":{"rendered":"<div class=\"wpb-content-wrapper\"><p>[vc_row full_width=&#8221;stretch_row_content&#8221; el_class=&#8221;btn-group-anchor&#8221;][vc_column]<a href=\"#video\" class=\"btn btn-default\"> <span>Documentaci\u00f3n<\/span><\/a>[\/vc_column][\/vc_row][vc_row][vc_column width=&#8221;2\/3&#8243; css=&#8221;.vc_custom_1426700700204{padding-top: 100px !important;}&#8221;][vc_gallery interval=&#8221;3&#8243; images=&#8221;23163,23139,23144&#8243; img_size=&#8221;full&#8221;][\/vc_column][vc_column width=&#8221;1\/3&#8243;][vc_column_text]<a href=\"https:\/\/www.physipro.com\/wp-content\/uploads\/2015\/03\/logo.png\"><img loading=\"lazy\" decoding=\"async\" class=\"alignnone wp-image-5882\" src=\"https:\/\/www.physipro.com\/wp-content\/uploads\/2015\/03\/logo-300x192.png\" alt=\"logo\" width=\"131\" height=\"84\" srcset=\"https:\/\/www.physipro.com\/wp-content\/uploads\/2015\/03\/logo-300x192.png 300w, https:\/\/www.physipro.com\/wp-content\/uploads\/2015\/03\/logo-600x383.png 600w, https:\/\/www.physipro.com\/wp-content\/uploads\/2015\/03\/logo.png 792w\" sizes=\"auto, (max-width: 131px) 100vw, 131px\" \/><\/a><\/p>\n<p><strong>EL coj\u00edn BRIO es f\u00e1cil de adjudicaci\u00f3n y favorece de manera muy simple el alineamiento del cuerpo<\/strong><strong>. <\/strong>Su perfilado a nivel pelviano y crural reparte la presi\u00f3n de la pelvis hacia los troc\u00e1nters y la regi\u00f3n femural de manera que se despejen las partes m\u00e1s sensibles tales como los isquiones y el coxis.<\/p>\n<p><strong>Caracter\u00edsticas:<\/strong><\/p>\n<ul>\n<li>Uretano\u00a0de 2 1\/2 pulg. de densidad media;<\/li>\n<li>Contorno pelviano;<\/li>\n<li>Apoyo crural;<\/li>\n<li>Fijador de aducci\u00f3n;<\/li>\n<li>Optimiza la surperficie de contacto;<\/li>\n<li>Muy ligero, menos de 1\u00a0kg (2.2\u00a0lb);<\/li>\n<li>Funda impermeable, ignifugo y antimicrobiano;<\/li>\n<li>Funda de incontinencia inclu\u00edda;<\/li>\n<li>Tres tipos de instalaciones posibles: encastrado, plano o corte cuadriculado.<\/li>\n<\/ul>\n<p>[\/vc_column_text][\/vc_column][\/vc_row][vc_row id_attribute=&#8221;video&#8221; el_class=&#8221;btn-file-group&#8221;][vc_column][vc_column_text]<\/p>\n<h2>Documentaci\u00f3n<\/h2>\n<p>[\/vc_column_text]<a href=\"https:\/\/www.physipro.com\/wp-content\/uploads\/2015\/03\/Brochure_Seating_Solutions.pdf\" target=\"_blank\"class=\"btn btn-default btn-lg\"><i class=\"fa fa-file-pdf-o fa-lg\"><\/i> <span>Folleto<\/span><\/a><a href=\"https:\/\/www.physipro.com\/wp-content\/uploads\/2015\/03\/Manuel_Utilisation_Brio.pdf\" target=\"_blank\"class=\"btn btn-default btn-lg\"><i class=\"fa fa-file-pdf-o fa-lg\"><\/i> <span>Manual del usuario<\/span><\/a><a href=\"https:\/\/www.physipro.com\/wp-content\/uploads\/2015\/03\/OF_Brio_Cushion.pdf\" target=\"_blank\"class=\"btn btn-default btn-lg\"><i class=\"fa fa-file-pdf-o fa-lg\"><\/i> <span>Orden de compra<\/span><\/a>[\/vc_column][\/vc_row]<\/p>\n<\/div>","protected":false},"excerpt":{"rendered":"<p>[vc_row full_width=&#8221;stretch_row_content&#8221; el_class=&#8221;btn-group-anchor&#8221;][vc_column][\/vc_column][\/vc_row][vc_row][vc_column width=&#8221;2\/3&#8243; css=&#8221;.vc_custom_1426700700204{padding-top: 100px !important;}&#8221;][vc_gallery interval=&#8221;3&#8243; images=&#8221;23163,23139,23144&#8243; img_size=&#8221;full&#8221;][\/vc_column][vc_column width=&#8221;1\/3&#8243;][vc_column_text] EL coj\u00edn BRIO es f\u00e1cil de adjudicaci\u00f3n y favorece de manera muy simple el alineamiento del cuerpo. Su perfilado a nivel pelviano y crural reparte la presi\u00f3n de la pelvis hacia los troc\u00e1nters y la regi\u00f3n femural de manera&#8230;<\/p>\n <p><a class=\"read-more btn btn-primary btn-lg\" href=\"https:\/\/www.physipro.com\/es\/producto\/cojin-brio\/\">Leer m&aacute;s<\/a><\/p>","protected":false},"featured_media":23002,"comment_status":"open","ping_status":"closed","template":"","meta":{"_acf_changed":false},"product_cat":[78,80],"product_tag":[],"class_list":{"0":"post-5925","1":"product","2":"type-product","3":"status-publish","4":"has-post-thumbnail","6":"product_cat-asientos-y-posicionamiento-es","7":"product_cat-cojines-es","9":"first","10":"instock","11":"shipping-taxable","12":"product-type-simple"},"acf":[],"yoast_head":"<!-- This site is optimized with the Yoast SEO plugin v22.3 - https:\/\/yoast.com\/wordpress\/plugins\/seo\/ -->\n<title>Coj\u00edn Brio - Physipro inc.<\/title>\n<meta name=\"robots\" content=\"index, follow, max-snippet:-1, max-image-preview:large, max-video-preview:-1\" \/>\n<link rel=\"canonical\" href=\"https:\/\/www.physipro.com\/es\/product\/cojin-brio\/\" \/>\n<meta property=\"og:locale\" content=\"es_ES\" \/>\n<meta property=\"og:type\" content=\"article\" \/>\n<meta property=\"og:title\" content=\"Coj\u00edn Brio - Physipro inc.\" \/>\n<meta property=\"og:description\" content=\"[vc_row full_width=&#8221;stretch_row_content&#8221; el_class=&#8221;btn-group-anchor&#8221;][vc_column][\/vc_column][\/vc_row][vc_row][vc_column width=&#8221;2\/3&#8243; css=&#8221;.vc_custom_1426700700204{padding-top: 100px !important;}&#8221;][vc_gallery interval=&#8221;3&#8243; images=&#8221;23163,23139,23144&#8243; img_size=&#8221;full&#8221;][\/vc_column][vc_column width=&#8221;1\/3&#8243;][vc_column_text] EL coj\u00edn BRIO es f\u00e1cil de adjudicaci\u00f3n y favorece de manera muy simple el alineamiento del cuerpo. Su perfilado a nivel pelviano y crural reparte la presi\u00f3n de la pelvis hacia los troc\u00e1nters y la regi\u00f3n femural de manera...\" \/>\n<meta property=\"og:url\" content=\"https:\/\/www.physipro.com\/es\/product\/cojin-brio\/\" \/>\n<meta property=\"og:site_name\" content=\"Physipro inc.\" \/>\n<meta property=\"article:modified_time\" content=\"2019-09-27T18:32:24+00:00\" \/>\n<meta property=\"og:image\" content=\"https:\/\/www.physipro.com\/wp-content\/uploads\/BRIO_600px.png\" \/>\n\t<meta property=\"og:image:width\" content=\"600\" \/>\n\t<meta property=\"og:image:height\" content=\"600\" \/>\n\t<meta property=\"og:image:type\" content=\"image\/png\" \/>\n<meta name=\"twitter:label1\" content=\"Tiempo de lectura\" \/>\n\t<meta name=\"twitter:data1\" content=\"1 minuto\" \/>\n<script type=\"application\/ld+json\" class=\"yoast-schema-graph\">{\"@context\":\"https:\/\/schema.org\",\"@graph\":[{\"@type\":\"WebPage\",\"@id\":\"https:\/\/www.physipro.com\/es\/product\/cojin-brio\/\",\"url\":\"https:\/\/www.physipro.com\/es\/product\/cojin-brio\/\",\"name\":\"Coj\u00edn Brio - Physipro inc.\",\"isPartOf\":{\"@id\":\"https:\/\/www.physipro.com\/#website\"},\"primaryImageOfPage\":{\"@id\":\"https:\/\/www.physipro.com\/es\/product\/cojin-brio\/#primaryimage\"},\"image\":{\"@id\":\"https:\/\/www.physipro.com\/es\/product\/cojin-brio\/#primaryimage\"},\"thumbnailUrl\":\"https:\/\/www.physipro.com\/wp-content\/uploads\/BRIO_600px.png\",\"datePublished\":\"2015-03-18T18:04:20+00:00\",\"dateModified\":\"2019-09-27T18:32:24+00:00\",\"breadcrumb\":{\"@id\":\"https:\/\/www.physipro.com\/es\/product\/cojin-brio\/#breadcrumb\"},\"inLanguage\":\"es\",\"potentialAction\":[{\"@type\":\"ReadAction\",\"target\":[\"https:\/\/www.physipro.com\/es\/product\/cojin-brio\/\"]}]},{\"@type\":\"ImageObject\",\"inLanguage\":\"es\",\"@id\":\"https:\/\/www.physipro.com\/es\/product\/cojin-brio\/#primaryimage\",\"url\":\"https:\/\/www.physipro.com\/wp-content\/uploads\/BRIO_600px.png\",\"contentUrl\":\"https:\/\/www.physipro.com\/wp-content\/uploads\/BRIO_600px.png\",\"width\":600,\"height\":600},{\"@type\":\"BreadcrumbList\",\"@id\":\"https:\/\/www.physipro.com\/es\/product\/cojin-brio\/#breadcrumb\",\"itemListElement\":[{\"@type\":\"ListItem\",\"position\":1,\"name\":\"Accueil\",\"item\":\"https:\/\/www.physipro.com\/es\/\"},{\"@type\":\"ListItem\",\"position\":2,\"name\":\"Tienda\",\"item\":\"https:\/\/www.physipro.com\/es\/tienda\/\"},{\"@type\":\"ListItem\",\"position\":3,\"name\":\"Coj\u00edn Brio\"}]},{\"@type\":\"WebSite\",\"@id\":\"https:\/\/www.physipro.com\/#website\",\"url\":\"https:\/\/www.physipro.com\/\",\"name\":\"Physipro inc.\",\"description\":\"Un site utilisant WordPress\",\"potentialAction\":[{\"@type\":\"SearchAction\",\"target\":{\"@type\":\"EntryPoint\",\"urlTemplate\":\"https:\/\/www.physipro.com\/?s={search_term_string}\"},\"query-input\":\"required name=search_term_string\"}],\"inLanguage\":\"es\"}]}<\/script>\n<!-- \/ Yoast SEO plugin. -->","yoast_head_json":{"title":"Coj\u00edn Brio - Physipro inc.","robots":{"index":"index","follow":"follow","max-snippet":"max-snippet:-1","max-image-preview":"max-image-preview:large","max-video-preview":"max-video-preview:-1"},"canonical":"https:\/\/www.physipro.com\/es\/product\/cojin-brio\/","og_locale":"es_ES","og_type":"article","og_title":"Coj\u00edn Brio - Physipro inc.","og_description":"[vc_row full_width=&#8221;stretch_row_content&#8221; el_class=&#8221;btn-group-anchor&#8221;][vc_column][\/vc_column][\/vc_row][vc_row][vc_column width=&#8221;2\/3&#8243; css=&#8221;.vc_custom_1426700700204{padding-top: 100px !important;}&#8221;][vc_gallery interval=&#8221;3&#8243; images=&#8221;23163,23139,23144&#8243; img_size=&#8221;full&#8221;][\/vc_column][vc_column width=&#8221;1\/3&#8243;][vc_column_text] EL coj\u00edn BRIO es f\u00e1cil de adjudicaci\u00f3n y favorece de manera muy simple el alineamiento del cuerpo. Su perfilado a nivel pelviano y crural reparte la presi\u00f3n de la pelvis hacia los troc\u00e1nters y la regi\u00f3n femural de manera...","og_url":"https:\/\/www.physipro.com\/es\/product\/cojin-brio\/","og_site_name":"Physipro inc.","article_modified_time":"2019-09-27T18:32:24+00:00","og_image":[{"width":600,"height":600,"url":"https:\/\/www.physipro.com\/wp-content\/uploads\/BRIO_600px.png","type":"image\/png"}],"twitter_misc":{"Tiempo de lectura":"1 minuto"},"schema":{"@context":"https:\/\/schema.org","@graph":[{"@type":"WebPage","@id":"https:\/\/www.physipro.com\/es\/product\/cojin-brio\/","url":"https:\/\/www.physipro.com\/es\/product\/cojin-brio\/","name":"Coj\u00edn Brio - Physipro inc.","isPartOf":{"@id":"https:\/\/www.physipro.com\/#website"},"primaryImageOfPage":{"@id":"https:\/\/www.physipro.com\/es\/product\/cojin-brio\/#primaryimage"},"image":{"@id":"https:\/\/www.physipro.com\/es\/product\/cojin-brio\/#primaryimage"},"thumbnailUrl":"https:\/\/www.physipro.com\/wp-content\/uploads\/BRIO_600px.png","datePublished":"2015-03-18T18:04:20+00:00","dateModified":"2019-09-27T18:32:24+00:00","breadcrumb":{"@id":"https:\/\/www.physipro.com\/es\/product\/cojin-brio\/#breadcrumb"},"inLanguage":"es","potentialAction":[{"@type":"ReadAction","target":["https:\/\/www.physipro.com\/es\/product\/cojin-brio\/"]}]},{"@type":"ImageObject","inLanguage":"es","@id":"https:\/\/www.physipro.com\/es\/product\/cojin-brio\/#primaryimage","url":"https:\/\/www.physipro.com\/wp-content\/uploads\/BRIO_600px.png","contentUrl":"https:\/\/www.physipro.com\/wp-content\/uploads\/BRIO_600px.png","width":600,"height":600},{"@type":"BreadcrumbList","@id":"https:\/\/www.physipro.com\/es\/product\/cojin-brio\/#breadcrumb","itemListElement":[{"@type":"ListItem","position":1,"name":"Accueil","item":"https:\/\/www.physipro.com\/es\/"},{"@type":"ListItem","position":2,"name":"Tienda","item":"https:\/\/www.physipro.com\/es\/tienda\/"},{"@type":"ListItem","position":3,"name":"Coj\u00edn Brio"}]},{"@type":"WebSite","@id":"https:\/\/www.physipro.com\/#website","url":"https:\/\/www.physipro.com\/","name":"Physipro inc.","description":"Un site utilisant WordPress","potentialAction":[{"@type":"SearchAction","target":{"@type":"EntryPoint","urlTemplate":"https:\/\/www.physipro.com\/?s={search_term_string}"},"query-input":"required name=search_term_string"}],"inLanguage":"es"}]}},"_links":{"self":[{"href":"https:\/\/www.physipro.com\/es\/wp-json\/wp\/v2\/product\/5925","targetHints":{"allow":["GET"]}}],"collection":[{"href":"https:\/\/www.physipro.com\/es\/wp-json\/wp\/v2\/product"}],"about":[{"href":"https:\/\/www.physipro.com\/es\/wp-json\/wp\/v2\/types\/product"}],"replies":[{"embeddable":true,"href":"https:\/\/www.physipro.com\/es\/wp-json\/wp\/v2\/comments?post=5925"}],"wp:featuredmedia":[{"embeddable":true,"href":"https:\/\/www.physipro.com\/es\/wp-json\/wp\/v2\/media\/23002"}],"wp:attachment":[{"href":"https:\/\/www.physipro.com\/es\/wp-json\/wp\/v2\/media?parent=5925"}],"wp:term":[{"taxonomy":"product_cat","embeddable":true,"href":"https:\/\/www.physipro.com\/es\/wp-json\/wp\/v2\/product_cat?post=5925"},{"taxonomy":"product_tag","embeddable":true,"href":"https:\/\/www.physipro.com\/es\/wp-json\/wp\/v2\/product_tag?post=5925"}],"curies":[{"name":"wp","href":"https:\/\/api.w.org\/{rel}","templated":true}]}}