{"id":5980,"date":"2015-03-18T18:16:48","date_gmt":"2015-03-18T18:27:12","guid":{"rendered":"https:\/\/www.physipro.com\/?post_type=product&#038;p=5980"},"modified":"2015-07-20T14:37:48","modified_gmt":"2015-07-20T14:37:48","slug":"cojin-c3s","status":"publish","type":"product","link":"https:\/\/www.physipro.com\/es\/producto\/cojin-c3s\/","title":{"rendered":"Coj\u00edn C3S"},"content":{"rendered":"<div class=\"wpb-content-wrapper\"><p>[vc_row el_class=&#8221;btn-group-anchor&#8221; full_width=&#8221;stretch_row_content&#8221;][vc_column width=&#8221;1\/1&#8243;]<a href=\"#video\" class=\"btn btn-default\"> <span>Documentaci\u00f3n<\/span><\/a>[\/vc_column][\/vc_row][vc_row][vc_column width=&#8221;2\/3&#8243; animation=&#8221;none&#8221;][vc_gallery type=&#8221;flexslider_fade&#8221; interval=&#8221;3&#8243; images=&#8221;9862,9872,12593&#8243; onclick=&#8221;link_image&#8221; custom_links_target=&#8221;_self&#8221; img_size=&#8221;full&#8221;][\/vc_column][vc_column width=&#8221;1\/3&#8243;][vc_column_text]<a href=\"https:\/\/www.physipro.com\/wp-content\/uploads\/2015\/03\/c3s.png\"><img loading=\"lazy\" decoding=\"async\" class=\"alignnone  wp-image-5930\" src=\"https:\/\/www.physipro.com\/wp-content\/uploads\/2015\/03\/c3s-300x120.png\" alt=\"c3s\" width=\"190\" height=\"76\" srcset=\"https:\/\/www.physipro.com\/wp-content\/uploads\/2015\/03\/c3s-300x120.png 300w, https:\/\/www.physipro.com\/wp-content\/uploads\/2015\/03\/c3s-600x239.png 600w, https:\/\/www.physipro.com\/wp-content\/uploads\/2015\/03\/c3s.png 895w\" sizes=\"auto, (max-width: 190px) 100vw, 190px\" \/><\/a><\/p>\n<p>La caracter\u00edstica principal de este coj\u00edn, simple y de gran confort, reside en la superposici\u00f3n de diferentes capas de mousse para el acabado y esparcido.<strong><br \/>\n<\/strong><br \/>\nEste coj\u00edn, concebido con el fin de brindar una sensaci\u00f3n de confort, puede ser instalado tanto en las ayudas t\u00e9cnicas para la movilidad as\u00ed como en diversos cojines de asientos convencionales. Las capas de mousse superiores proporcionan confort y suavidad mientras que las inferiores, fabricadas con mousse esparcida, ofrecen soporte y estabilidad al usuario. Con el fin de obtener una postura \u00f3ptima, se pueden, igualmente, incluir elementos de forma como una cu\u00f1a crural o para gl\u00fateos o incluso un fijador de abducci\u00f3n.[\/vc_column_text][\/vc_column][\/vc_row][vc_row id_attribute=&#8221;video&#8221; el_class=&#8221;btn-file-group&#8221;][vc_column width=&#8221;1\/1&#8243;][vc_column_text]<\/p>\n<h2>Documentaci\u00f3n<\/h2>\n<p>[\/vc_column_text]<a href=\"https:\/\/www.physipro.com\/wp-content\/uploads\/2015\/03\/Brochure_Seating_Solutions.pdf\" target=\"_blank\"class=\"btn btn-default btn-lg\"><i class=\"fa fa-file-pdf-o fa-lg\"><\/i> <span>Folleto<\/span><\/a><a href=\"https:\/\/www.physipro.com\/wp-content\/uploads\/2015\/03\/Manuel_Utilisation_C3S.pdf\" target=\"_blank\"class=\"btn btn-default btn-lg\"><i class=\"fa fa-file-pdf-o fa-lg\"><\/i> <span>Manual del usuario<\/span><\/a><a href=\"https:\/\/www.physipro.com\/wp-content\/uploads\/2015\/03\/OF_Physipro_Seat_Cushions.pdf\" target=\"_blank\"class=\"btn btn-default btn-lg\"><i class=\"fa fa-file-pdf-o fa-lg\"><\/i> <span>Orden de compra<\/span><\/a>[\/vc_column][\/vc_row]<\/p>\n<\/div>","protected":false},"excerpt":{"rendered":"<p>[vc_row el_class=&#8221;btn-group-anchor&#8221; full_width=&#8221;stretch_row_content&#8221;][vc_column width=&#8221;1\/1&#8243;][\/vc_column][\/vc_row][vc_row][vc_column width=&#8221;2\/3&#8243; animation=&#8221;none&#8221;][vc_gallery type=&#8221;flexslider_fade&#8221; interval=&#8221;3&#8243; images=&#8221;9862,9872,12593&#8243; onclick=&#8221;link_image&#8221; custom_links_target=&#8221;_self&#8221; img_size=&#8221;full&#8221;][\/vc_column][vc_column width=&#8221;1\/3&#8243;][vc_column_text] La caracter\u00edstica principal de este coj\u00edn, simple y de gran confort, reside en la superposici\u00f3n de diferentes capas de mousse para el acabado y esparcido. Este coj\u00edn, concebido con el fin de brindar una sensaci\u00f3n de confort,&#8230;<\/p>\n <p><a class=\"read-more btn btn-primary btn-lg\" href=\"https:\/\/www.physipro.com\/es\/producto\/cojin-c3s\/\">Leer m&aacute;s<\/a><\/p>","protected":false},"featured_media":23007,"comment_status":"open","ping_status":"closed","template":"","meta":{"_acf_changed":false},"product_cat":[78,80],"product_tag":[],"class_list":{"0":"post-5980","1":"product","2":"type-product","3":"status-publish","4":"has-post-thumbnail","6":"product_cat-asientos-y-posicionamiento-es","7":"product_cat-cojines-es","9":"first","10":"instock","11":"shipping-taxable","12":"product-type-simple"},"acf":[],"yoast_head":"<!-- This site is optimized with the Yoast SEO plugin v22.3 - https:\/\/yoast.com\/wordpress\/plugins\/seo\/ -->\n<title>Coj\u00edn C3S - Physipro inc.<\/title>\n<meta name=\"robots\" content=\"index, follow, max-snippet:-1, max-image-preview:large, max-video-preview:-1\" \/>\n<link rel=\"canonical\" href=\"https:\/\/www.physipro.com\/es\/product\/cojin-c3s\/\" \/>\n<meta property=\"og:locale\" content=\"es_ES\" \/>\n<meta property=\"og:type\" content=\"article\" \/>\n<meta property=\"og:title\" content=\"Coj\u00edn C3S - Physipro inc.\" \/>\n<meta property=\"og:description\" content=\"[vc_row el_class=&#8221;btn-group-anchor&#8221; full_width=&#8221;stretch_row_content&#8221;][vc_column width=&#8221;1\/1&#8243;][\/vc_column][\/vc_row][vc_row][vc_column width=&#8221;2\/3&#8243; animation=&#8221;none&#8221;][vc_gallery type=&#8221;flexslider_fade&#8221; interval=&#8221;3&#8243; images=&#8221;9862,9872,12593&#8243; onclick=&#8221;link_image&#8221; custom_links_target=&#8221;_self&#8221; img_size=&#8221;full&#8221;][\/vc_column][vc_column width=&#8221;1\/3&#8243;][vc_column_text] La caracter\u00edstica principal de este coj\u00edn, simple y de gran confort, reside en la superposici\u00f3n de diferentes capas de mousse para el acabado y esparcido. Este coj\u00edn, concebido con el fin de brindar una sensaci\u00f3n de confort,...\" \/>\n<meta property=\"og:url\" content=\"https:\/\/www.physipro.com\/es\/product\/cojin-c3s\/\" \/>\n<meta property=\"og:site_name\" content=\"Physipro inc.\" \/>\n<meta property=\"article:modified_time\" content=\"2015-07-20T14:37:48+00:00\" \/>\n<meta property=\"og:image\" content=\"https:\/\/www.physipro.com\/wp-content\/uploads\/C3S-A-600px.png\" \/>\n\t<meta property=\"og:image:width\" content=\"600\" \/>\n\t<meta property=\"og:image:height\" content=\"600\" \/>\n\t<meta property=\"og:image:type\" content=\"image\/png\" \/>\n<meta name=\"twitter:label1\" content=\"Tiempo de lectura\" \/>\n\t<meta name=\"twitter:data1\" content=\"2 minutos\" \/>\n<script type=\"application\/ld+json\" class=\"yoast-schema-graph\">{\"@context\":\"https:\/\/schema.org\",\"@graph\":[{\"@type\":\"WebPage\",\"@id\":\"https:\/\/www.physipro.com\/es\/product\/cojin-c3s\/\",\"url\":\"https:\/\/www.physipro.com\/es\/product\/cojin-c3s\/\",\"name\":\"Coj\u00edn C3S - Physipro inc.\",\"isPartOf\":{\"@id\":\"https:\/\/www.physipro.com\/#website\"},\"primaryImageOfPage\":{\"@id\":\"https:\/\/www.physipro.com\/es\/product\/cojin-c3s\/#primaryimage\"},\"image\":{\"@id\":\"https:\/\/www.physipro.com\/es\/product\/cojin-c3s\/#primaryimage\"},\"thumbnailUrl\":\"https:\/\/www.physipro.com\/wp-content\/uploads\/C3S-A-600px.png\",\"datePublished\":\"2015-03-18T18:27:12+00:00\",\"dateModified\":\"2015-07-20T14:37:48+00:00\",\"breadcrumb\":{\"@id\":\"https:\/\/www.physipro.com\/es\/product\/cojin-c3s\/#breadcrumb\"},\"inLanguage\":\"es\",\"potentialAction\":[{\"@type\":\"ReadAction\",\"target\":[\"https:\/\/www.physipro.com\/es\/product\/cojin-c3s\/\"]}]},{\"@type\":\"ImageObject\",\"inLanguage\":\"es\",\"@id\":\"https:\/\/www.physipro.com\/es\/product\/cojin-c3s\/#primaryimage\",\"url\":\"https:\/\/www.physipro.com\/wp-content\/uploads\/C3S-A-600px.png\",\"contentUrl\":\"https:\/\/www.physipro.com\/wp-content\/uploads\/C3S-A-600px.png\",\"width\":600,\"height\":600},{\"@type\":\"BreadcrumbList\",\"@id\":\"https:\/\/www.physipro.com\/es\/product\/cojin-c3s\/#breadcrumb\",\"itemListElement\":[{\"@type\":\"ListItem\",\"position\":1,\"name\":\"Accueil\",\"item\":\"https:\/\/www.physipro.com\/es\/\"},{\"@type\":\"ListItem\",\"position\":2,\"name\":\"Tienda\",\"item\":\"https:\/\/www.physipro.com\/es\/tienda\/\"},{\"@type\":\"ListItem\",\"position\":3,\"name\":\"Coj\u00edn C3S\"}]},{\"@type\":\"WebSite\",\"@id\":\"https:\/\/www.physipro.com\/#website\",\"url\":\"https:\/\/www.physipro.com\/\",\"name\":\"Physipro inc.\",\"description\":\"Un site utilisant WordPress\",\"potentialAction\":[{\"@type\":\"SearchAction\",\"target\":{\"@type\":\"EntryPoint\",\"urlTemplate\":\"https:\/\/www.physipro.com\/?s={search_term_string}\"},\"query-input\":\"required name=search_term_string\"}],\"inLanguage\":\"es\"}]}<\/script>\n<!-- \/ Yoast SEO plugin. -->","yoast_head_json":{"title":"Coj\u00edn C3S - Physipro inc.","robots":{"index":"index","follow":"follow","max-snippet":"max-snippet:-1","max-image-preview":"max-image-preview:large","max-video-preview":"max-video-preview:-1"},"canonical":"https:\/\/www.physipro.com\/es\/product\/cojin-c3s\/","og_locale":"es_ES","og_type":"article","og_title":"Coj\u00edn C3S - Physipro inc.","og_description":"[vc_row el_class=&#8221;btn-group-anchor&#8221; full_width=&#8221;stretch_row_content&#8221;][vc_column width=&#8221;1\/1&#8243;][\/vc_column][\/vc_row][vc_row][vc_column width=&#8221;2\/3&#8243; animation=&#8221;none&#8221;][vc_gallery type=&#8221;flexslider_fade&#8221; interval=&#8221;3&#8243; images=&#8221;9862,9872,12593&#8243; onclick=&#8221;link_image&#8221; custom_links_target=&#8221;_self&#8221; img_size=&#8221;full&#8221;][\/vc_column][vc_column width=&#8221;1\/3&#8243;][vc_column_text] La caracter\u00edstica principal de este coj\u00edn, simple y de gran confort, reside en la superposici\u00f3n de diferentes capas de mousse para el acabado y esparcido. Este coj\u00edn, concebido con el fin de brindar una sensaci\u00f3n de confort,...","og_url":"https:\/\/www.physipro.com\/es\/product\/cojin-c3s\/","og_site_name":"Physipro inc.","article_modified_time":"2015-07-20T14:37:48+00:00","og_image":[{"width":600,"height":600,"url":"https:\/\/www.physipro.com\/wp-content\/uploads\/C3S-A-600px.png","type":"image\/png"}],"twitter_misc":{"Tiempo de lectura":"2 minutos"},"schema":{"@context":"https:\/\/schema.org","@graph":[{"@type":"WebPage","@id":"https:\/\/www.physipro.com\/es\/product\/cojin-c3s\/","url":"https:\/\/www.physipro.com\/es\/product\/cojin-c3s\/","name":"Coj\u00edn C3S - Physipro inc.","isPartOf":{"@id":"https:\/\/www.physipro.com\/#website"},"primaryImageOfPage":{"@id":"https:\/\/www.physipro.com\/es\/product\/cojin-c3s\/#primaryimage"},"image":{"@id":"https:\/\/www.physipro.com\/es\/product\/cojin-c3s\/#primaryimage"},"thumbnailUrl":"https:\/\/www.physipro.com\/wp-content\/uploads\/C3S-A-600px.png","datePublished":"2015-03-18T18:27:12+00:00","dateModified":"2015-07-20T14:37:48+00:00","breadcrumb":{"@id":"https:\/\/www.physipro.com\/es\/product\/cojin-c3s\/#breadcrumb"},"inLanguage":"es","potentialAction":[{"@type":"ReadAction","target":["https:\/\/www.physipro.com\/es\/product\/cojin-c3s\/"]}]},{"@type":"ImageObject","inLanguage":"es","@id":"https:\/\/www.physipro.com\/es\/product\/cojin-c3s\/#primaryimage","url":"https:\/\/www.physipro.com\/wp-content\/uploads\/C3S-A-600px.png","contentUrl":"https:\/\/www.physipro.com\/wp-content\/uploads\/C3S-A-600px.png","width":600,"height":600},{"@type":"BreadcrumbList","@id":"https:\/\/www.physipro.com\/es\/product\/cojin-c3s\/#breadcrumb","itemListElement":[{"@type":"ListItem","position":1,"name":"Accueil","item":"https:\/\/www.physipro.com\/es\/"},{"@type":"ListItem","position":2,"name":"Tienda","item":"https:\/\/www.physipro.com\/es\/tienda\/"},{"@type":"ListItem","position":3,"name":"Coj\u00edn C3S"}]},{"@type":"WebSite","@id":"https:\/\/www.physipro.com\/#website","url":"https:\/\/www.physipro.com\/","name":"Physipro inc.","description":"Un site utilisant WordPress","potentialAction":[{"@type":"SearchAction","target":{"@type":"EntryPoint","urlTemplate":"https:\/\/www.physipro.com\/?s={search_term_string}"},"query-input":"required name=search_term_string"}],"inLanguage":"es"}]}},"_links":{"self":[{"href":"https:\/\/www.physipro.com\/es\/wp-json\/wp\/v2\/product\/5980","targetHints":{"allow":["GET"]}}],"collection":[{"href":"https:\/\/www.physipro.com\/es\/wp-json\/wp\/v2\/product"}],"about":[{"href":"https:\/\/www.physipro.com\/es\/wp-json\/wp\/v2\/types\/product"}],"replies":[{"embeddable":true,"href":"https:\/\/www.physipro.com\/es\/wp-json\/wp\/v2\/comments?post=5980"}],"wp:featuredmedia":[{"embeddable":true,"href":"https:\/\/www.physipro.com\/es\/wp-json\/wp\/v2\/media\/23007"}],"wp:attachment":[{"href":"https:\/\/www.physipro.com\/es\/wp-json\/wp\/v2\/media?parent=5980"}],"wp:term":[{"taxonomy":"product_cat","embeddable":true,"href":"https:\/\/www.physipro.com\/es\/wp-json\/wp\/v2\/product_cat?post=5980"},{"taxonomy":"product_tag","embeddable":true,"href":"https:\/\/www.physipro.com\/es\/wp-json\/wp\/v2\/product_tag?post=5980"}],"curies":[{"name":"wp","href":"https:\/\/api.w.org\/{rel}","templated":true}]}}