{"id":6065,"date":"2015-03-18T19:03:49","date_gmt":"2015-03-18T19:19:50","guid":{"rendered":"https:\/\/www.physipro.com\/?post_type=product&#038;p=6065"},"modified":"2015-05-25T11:50:31","modified_gmt":"2015-05-25T11:50:31","slug":"cojin-lxa","status":"publish","type":"product","link":"https:\/\/www.physipro.com\/es\/producto\/cojin-lxa\/","title":{"rendered":"Coj\u00edn LXA"},"content":{"rendered":"<div class=\"wpb-content-wrapper\"><p>[vc_row el_class=&#8221;btn-group-anchor&#8221; full_width=&#8221;stretch_row_content&#8221;][vc_column width=&#8221;1\/1&#8243;]<a href=\"#video\" class=\"btn btn-default\"> <span>Documentaci\u00f3n<\/span><\/a>[\/vc_column][\/vc_row][vc_row][vc_column width=&#8221;2\/3&#8243; css=&#8221;.vc_custom_1426700700204{padding-top: 100px !important;}&#8221; animation=&#8221;none&#8221;][vc_gallery type=&#8221;flexslider_fade&#8221; interval=&#8221;3&#8243; images=&#8221;6025,6030,6035&#8243; onclick=&#8221;link_image&#8221; custom_links_target=&#8221;_self&#8221; img_size=&#8221;full&#8221;][\/vc_column][vc_column width=&#8221;1\/3&#8243;][vc_column_text]<a href=\"https:\/\/www.physipro.com\/wp-content\/uploads\/2015\/03\/logoLXA.png\"><img loading=\"lazy\" decoding=\"async\" class=\"alignnone  wp-image-6045\" src=\"https:\/\/www.physipro.com\/wp-content\/uploads\/2015\/03\/logoLXA-300x134.png\" alt=\"logoLXA\" width=\"193\" height=\"86\" srcset=\"https:\/\/www.physipro.com\/wp-content\/uploads\/2015\/03\/logoLXA-300x134.png 300w, https:\/\/www.physipro.com\/wp-content\/uploads\/2015\/03\/logoLXA.png 489w\" sizes=\"auto, (max-width: 193px) 100vw, 193px\" \/><\/a><\/p>\n<p>El coj\u00edn LXA ha sido concebido para proteger la epidermis que se haya adelgazado como resultado de un relajamiento muscular del gl\u00fateo posterior y de la aparici\u00f3n de una protuberancia \u00f3sea. Este coj\u00edn de gran confort, calma los dolores causados por el desplazamiento. Su contenido de gel cuadriculado mantiene la pelvis en su lugar y permite un micro masaje del cuerpo.<\/p>\n<p>&nbsp;<\/p>\n<p>Caracter\u00edsticas :<\/p>\n<ul>\n<li>Repartici\u00f3n de la carga y de la presi\u00f3n;<\/li>\n<li>Control de los pliegues y de la humedad;<\/li>\n<li>Disminuci\u00f3n de las fricciones y del cizallamiento.<\/li>\n<\/ul>\n<p>[\/vc_column_text][\/vc_column][\/vc_row][vc_row id_attribute=&#8221;video&#8221; el_class=&#8221;btn-file-group&#8221;][vc_column width=&#8221;1\/1&#8243;][vc_column_text]<\/p>\n<h2>Documentaci\u00f3n<\/h2>\n<p>[\/vc_column_text]<a href=\"https:\/\/www.physipro.com\/wp-content\/uploads\/2015\/03\/Brochure_Seating_Solutions.pdf\" target=\"_blank\"class=\"btn btn-default btn-lg\"><i class=\"fa fa-file-pdf-o fa-lg\"><\/i> <span>Folleto<\/span><\/a><a href=\"https:\/\/www.physipro.com\/wp-content\/uploads\/2015\/03\/Manuel_Utilisation_LXA.pdf\" target=\"_blank\"class=\"btn btn-default btn-lg\"><i class=\"fa fa-file-pdf-o fa-lg\"><\/i> <span>Manual del usuario<\/span><\/a><a href=\"https:\/\/www.physipro.com\/wp-content\/uploads\/2015\/03\/OF_Physipro_Seat_Cushions.pdf\" target=\"_blank\"class=\"btn btn-default btn-lg\"><i class=\"fa fa-file-pdf-o fa-lg\"><\/i> <span>Orden de compra<\/span><\/a>[\/vc_column][\/vc_row]<\/p>\n<\/div>","protected":false},"excerpt":{"rendered":"<p>[vc_row el_class=&#8221;btn-group-anchor&#8221; full_width=&#8221;stretch_row_content&#8221;][vc_column width=&#8221;1\/1&#8243;][\/vc_column][\/vc_row][vc_row][vc_column width=&#8221;2\/3&#8243; css=&#8221;.vc_custom_1426700700204{padding-top: 100px !important;}&#8221; animation=&#8221;none&#8221;][vc_gallery type=&#8221;flexslider_fade&#8221; interval=&#8221;3&#8243; images=&#8221;6025,6030,6035&#8243; onclick=&#8221;link_image&#8221; custom_links_target=&#8221;_self&#8221; img_size=&#8221;full&#8221;][\/vc_column][vc_column width=&#8221;1\/3&#8243;][vc_column_text] El coj\u00edn LXA ha sido concebido para proteger la epidermis que se haya adelgazado como resultado de un relajamiento muscular del gl\u00fateo posterior y de la aparici\u00f3n de una protuberancia \u00f3sea. Este coj\u00edn de&#8230;<\/p>\n <p><a class=\"read-more btn btn-primary btn-lg\" href=\"https:\/\/www.physipro.com\/es\/producto\/cojin-lxa\/\">Leer m&aacute;s<\/a><\/p>","protected":false},"featured_media":23022,"comment_status":"open","ping_status":"closed","template":"","meta":{"_acf_changed":false},"product_cat":[78,80],"product_tag":[],"class_list":{"0":"post-6065","1":"product","2":"type-product","3":"status-publish","4":"has-post-thumbnail","6":"product_cat-asientos-y-posicionamiento-es","7":"product_cat-cojines-es","9":"first","10":"instock","11":"shipping-taxable","12":"product-type-simple"},"acf":[],"yoast_head":"<!-- This site is optimized with the Yoast SEO plugin v22.3 - https:\/\/yoast.com\/wordpress\/plugins\/seo\/ -->\n<title>Coj\u00edn LXA - Physipro inc.<\/title>\n<meta name=\"robots\" content=\"index, follow, max-snippet:-1, max-image-preview:large, max-video-preview:-1\" \/>\n<link rel=\"canonical\" href=\"https:\/\/www.physipro.com\/es\/product\/cojin-lxa\/\" \/>\n<meta property=\"og:locale\" content=\"es_ES\" \/>\n<meta property=\"og:type\" content=\"article\" \/>\n<meta property=\"og:title\" content=\"Coj\u00edn LXA - Physipro inc.\" \/>\n<meta property=\"og:description\" content=\"[vc_row el_class=&#8221;btn-group-anchor&#8221; full_width=&#8221;stretch_row_content&#8221;][vc_column width=&#8221;1\/1&#8243;][\/vc_column][\/vc_row][vc_row][vc_column width=&#8221;2\/3&#8243; css=&#8221;.vc_custom_1426700700204{padding-top: 100px !important;}&#8221; animation=&#8221;none&#8221;][vc_gallery type=&#8221;flexslider_fade&#8221; interval=&#8221;3&#8243; images=&#8221;6025,6030,6035&#8243; onclick=&#8221;link_image&#8221; custom_links_target=&#8221;_self&#8221; img_size=&#8221;full&#8221;][\/vc_column][vc_column width=&#8221;1\/3&#8243;][vc_column_text] El coj\u00edn LXA ha sido concebido para proteger la epidermis que se haya adelgazado como resultado de un relajamiento muscular del gl\u00fateo posterior y de la aparici\u00f3n de una protuberancia \u00f3sea. Este coj\u00edn de...\" \/>\n<meta property=\"og:url\" content=\"https:\/\/www.physipro.com\/es\/product\/cojin-lxa\/\" \/>\n<meta property=\"og:site_name\" content=\"Physipro inc.\" \/>\n<meta property=\"article:modified_time\" content=\"2015-05-25T11:50:31+00:00\" \/>\n<meta property=\"og:image\" content=\"https:\/\/www.physipro.com\/wp-content\/uploads\/LXA-3_600px.png\" \/>\n\t<meta property=\"og:image:width\" content=\"600\" \/>\n\t<meta property=\"og:image:height\" content=\"600\" \/>\n\t<meta property=\"og:image:type\" content=\"image\/png\" \/>\n<meta name=\"twitter:label1\" content=\"Tiempo de lectura\" \/>\n\t<meta name=\"twitter:data1\" content=\"2 minutos\" \/>\n<script type=\"application\/ld+json\" class=\"yoast-schema-graph\">{\"@context\":\"https:\/\/schema.org\",\"@graph\":[{\"@type\":\"WebPage\",\"@id\":\"https:\/\/www.physipro.com\/es\/product\/cojin-lxa\/\",\"url\":\"https:\/\/www.physipro.com\/es\/product\/cojin-lxa\/\",\"name\":\"Coj\u00edn LXA - Physipro inc.\",\"isPartOf\":{\"@id\":\"https:\/\/www.physipro.com\/#website\"},\"primaryImageOfPage\":{\"@id\":\"https:\/\/www.physipro.com\/es\/product\/cojin-lxa\/#primaryimage\"},\"image\":{\"@id\":\"https:\/\/www.physipro.com\/es\/product\/cojin-lxa\/#primaryimage\"},\"thumbnailUrl\":\"https:\/\/www.physipro.com\/wp-content\/uploads\/LXA-3_600px.png\",\"datePublished\":\"2015-03-18T19:19:50+00:00\",\"dateModified\":\"2015-05-25T11:50:31+00:00\",\"breadcrumb\":{\"@id\":\"https:\/\/www.physipro.com\/es\/product\/cojin-lxa\/#breadcrumb\"},\"inLanguage\":\"es\",\"potentialAction\":[{\"@type\":\"ReadAction\",\"target\":[\"https:\/\/www.physipro.com\/es\/product\/cojin-lxa\/\"]}]},{\"@type\":\"ImageObject\",\"inLanguage\":\"es\",\"@id\":\"https:\/\/www.physipro.com\/es\/product\/cojin-lxa\/#primaryimage\",\"url\":\"https:\/\/www.physipro.com\/wp-content\/uploads\/LXA-3_600px.png\",\"contentUrl\":\"https:\/\/www.physipro.com\/wp-content\/uploads\/LXA-3_600px.png\",\"width\":600,\"height\":600},{\"@type\":\"BreadcrumbList\",\"@id\":\"https:\/\/www.physipro.com\/es\/product\/cojin-lxa\/#breadcrumb\",\"itemListElement\":[{\"@type\":\"ListItem\",\"position\":1,\"name\":\"Accueil\",\"item\":\"https:\/\/www.physipro.com\/es\/\"},{\"@type\":\"ListItem\",\"position\":2,\"name\":\"Tienda\",\"item\":\"https:\/\/www.physipro.com\/es\/tienda\/\"},{\"@type\":\"ListItem\",\"position\":3,\"name\":\"Coj\u00edn LXA\"}]},{\"@type\":\"WebSite\",\"@id\":\"https:\/\/www.physipro.com\/#website\",\"url\":\"https:\/\/www.physipro.com\/\",\"name\":\"Physipro inc.\",\"description\":\"Un site utilisant WordPress\",\"potentialAction\":[{\"@type\":\"SearchAction\",\"target\":{\"@type\":\"EntryPoint\",\"urlTemplate\":\"https:\/\/www.physipro.com\/?s={search_term_string}\"},\"query-input\":\"required name=search_term_string\"}],\"inLanguage\":\"es\"}]}<\/script>\n<!-- \/ Yoast SEO plugin. -->","yoast_head_json":{"title":"Coj\u00edn LXA - Physipro inc.","robots":{"index":"index","follow":"follow","max-snippet":"max-snippet:-1","max-image-preview":"max-image-preview:large","max-video-preview":"max-video-preview:-1"},"canonical":"https:\/\/www.physipro.com\/es\/product\/cojin-lxa\/","og_locale":"es_ES","og_type":"article","og_title":"Coj\u00edn LXA - Physipro inc.","og_description":"[vc_row el_class=&#8221;btn-group-anchor&#8221; full_width=&#8221;stretch_row_content&#8221;][vc_column width=&#8221;1\/1&#8243;][\/vc_column][\/vc_row][vc_row][vc_column width=&#8221;2\/3&#8243; css=&#8221;.vc_custom_1426700700204{padding-top: 100px !important;}&#8221; animation=&#8221;none&#8221;][vc_gallery type=&#8221;flexslider_fade&#8221; interval=&#8221;3&#8243; images=&#8221;6025,6030,6035&#8243; onclick=&#8221;link_image&#8221; custom_links_target=&#8221;_self&#8221; img_size=&#8221;full&#8221;][\/vc_column][vc_column width=&#8221;1\/3&#8243;][vc_column_text] El coj\u00edn LXA ha sido concebido para proteger la epidermis que se haya adelgazado como resultado de un relajamiento muscular del gl\u00fateo posterior y de la aparici\u00f3n de una protuberancia \u00f3sea. Este coj\u00edn de...","og_url":"https:\/\/www.physipro.com\/es\/product\/cojin-lxa\/","og_site_name":"Physipro inc.","article_modified_time":"2015-05-25T11:50:31+00:00","og_image":[{"width":600,"height":600,"url":"https:\/\/www.physipro.com\/wp-content\/uploads\/LXA-3_600px.png","type":"image\/png"}],"twitter_misc":{"Tiempo de lectura":"2 minutos"},"schema":{"@context":"https:\/\/schema.org","@graph":[{"@type":"WebPage","@id":"https:\/\/www.physipro.com\/es\/product\/cojin-lxa\/","url":"https:\/\/www.physipro.com\/es\/product\/cojin-lxa\/","name":"Coj\u00edn LXA - Physipro inc.","isPartOf":{"@id":"https:\/\/www.physipro.com\/#website"},"primaryImageOfPage":{"@id":"https:\/\/www.physipro.com\/es\/product\/cojin-lxa\/#primaryimage"},"image":{"@id":"https:\/\/www.physipro.com\/es\/product\/cojin-lxa\/#primaryimage"},"thumbnailUrl":"https:\/\/www.physipro.com\/wp-content\/uploads\/LXA-3_600px.png","datePublished":"2015-03-18T19:19:50+00:00","dateModified":"2015-05-25T11:50:31+00:00","breadcrumb":{"@id":"https:\/\/www.physipro.com\/es\/product\/cojin-lxa\/#breadcrumb"},"inLanguage":"es","potentialAction":[{"@type":"ReadAction","target":["https:\/\/www.physipro.com\/es\/product\/cojin-lxa\/"]}]},{"@type":"ImageObject","inLanguage":"es","@id":"https:\/\/www.physipro.com\/es\/product\/cojin-lxa\/#primaryimage","url":"https:\/\/www.physipro.com\/wp-content\/uploads\/LXA-3_600px.png","contentUrl":"https:\/\/www.physipro.com\/wp-content\/uploads\/LXA-3_600px.png","width":600,"height":600},{"@type":"BreadcrumbList","@id":"https:\/\/www.physipro.com\/es\/product\/cojin-lxa\/#breadcrumb","itemListElement":[{"@type":"ListItem","position":1,"name":"Accueil","item":"https:\/\/www.physipro.com\/es\/"},{"@type":"ListItem","position":2,"name":"Tienda","item":"https:\/\/www.physipro.com\/es\/tienda\/"},{"@type":"ListItem","position":3,"name":"Coj\u00edn LXA"}]},{"@type":"WebSite","@id":"https:\/\/www.physipro.com\/#website","url":"https:\/\/www.physipro.com\/","name":"Physipro inc.","description":"Un site utilisant WordPress","potentialAction":[{"@type":"SearchAction","target":{"@type":"EntryPoint","urlTemplate":"https:\/\/www.physipro.com\/?s={search_term_string}"},"query-input":"required name=search_term_string"}],"inLanguage":"es"}]}},"_links":{"self":[{"href":"https:\/\/www.physipro.com\/es\/wp-json\/wp\/v2\/product\/6065","targetHints":{"allow":["GET"]}}],"collection":[{"href":"https:\/\/www.physipro.com\/es\/wp-json\/wp\/v2\/product"}],"about":[{"href":"https:\/\/www.physipro.com\/es\/wp-json\/wp\/v2\/types\/product"}],"replies":[{"embeddable":true,"href":"https:\/\/www.physipro.com\/es\/wp-json\/wp\/v2\/comments?post=6065"}],"wp:featuredmedia":[{"embeddable":true,"href":"https:\/\/www.physipro.com\/es\/wp-json\/wp\/v2\/media\/23022"}],"wp:attachment":[{"href":"https:\/\/www.physipro.com\/es\/wp-json\/wp\/v2\/media?parent=6065"}],"wp:term":[{"taxonomy":"product_cat","embeddable":true,"href":"https:\/\/www.physipro.com\/es\/wp-json\/wp\/v2\/product_cat?post=6065"},{"taxonomy":"product_tag","embeddable":true,"href":"https:\/\/www.physipro.com\/es\/wp-json\/wp\/v2\/product_tag?post=6065"}],"curies":[{"name":"wp","href":"https:\/\/api.w.org\/{rel}","templated":true}]}}