{"id":6131,"date":"2015-03-18T19:49:13","date_gmt":"2015-03-18T20:23:51","guid":{"rendered":"https:\/\/www.physipro.com\/?post_type=product&#038;p=6131"},"modified":"2016-11-15T14:28:34","modified_gmt":"2016-11-15T14:28:34","slug":"cojin-physiair","status":"publish","type":"product","link":"https:\/\/www.physipro.com\/es\/producto\/cojin-physiair\/","title":{"rendered":"Coj\u00edn Physiair"},"content":{"rendered":"<div class=\"wpb-content-wrapper\"><p>[vc_row full_width=&#8221;stretch_row_content&#8221; el_class=&#8221;btn-group-anchor&#8221;][vc_column]<a href=\"#video\" class=\"btn btn-default\"> <span>Documentaci\u00f3n<\/span><\/a>[\/vc_column][\/vc_row][vc_row][vc_column width=&#8221;2\/3&#8243;][vc_gallery interval=&#8221;3&#8243; images=&#8221;14277,9813,9818,9823&#8243; img_size=&#8221;full&#8221;][\/vc_column][vc_column width=&#8221;1\/3&#8243;][vc_column_text]<a href=\"https:\/\/www.physipro.com\/wp-content\/uploads\/2015\/03\/logo-physiair1.png\"><img loading=\"lazy\" decoding=\"async\" class=\"alignnone wp-image-6087\" src=\"https:\/\/www.physipro.com\/wp-content\/uploads\/2015\/03\/logo-physiair1-300x100.png\" alt=\"logo physiair\" width=\"228\" height=\"76\" srcset=\"https:\/\/www.physipro.com\/wp-content\/uploads\/2015\/03\/logo-physiair1-300x100.png 300w, https:\/\/www.physipro.com\/wp-content\/uploads\/2015\/03\/logo-physiair1-600x200.png 600w, https:\/\/www.physipro.com\/wp-content\/uploads\/2015\/03\/logo-physiair1-1024x341.png 1024w\" sizes=\"auto, (max-width: 228px) 100vw, 228px\" \/><\/a><\/p>\n<p>El coj\u00edn Physiair\u2122 ha sido concebido con una <em>mousse poliuretano de alta resistencia<\/em>. La mousse est\u00e1 ranurada en la mitad del grosor del coj\u00edn creando de este modo cubos que hacen la vez de resortes. Esta caracter\u00edstica permite que las c\u00e9lulas funcionen individualmente y tomen la forma de su cuerpo.<\/p>\n<ul>\n<li>Repartici\u00f3n de la presi\u00f3n en la superficie del coj\u00edn<\/li>\n<li>Estabilidad \u00f3ptima<\/li>\n<li>No requiere mantenimiento<\/li>\n<\/ul>\n<p>Disminuci\u00f3n de la fatiga procreada por una vibraci\u00f3n constante[\/vc_column_text][\/vc_column][\/vc_row][vc_row full_width=&#8221;stretch_row_content&#8221; el_class=&#8221;section-sticky row-middle&#8221; css=&#8221;.vc_custom_1426708723459{padding-top: 100px !important;padding-bottom: 100px !important;}&#8221;][vc_column width=&#8221;1\/2&#8243; css=&#8221;.vc_custom_1426708555349{padding-left: 100px !important;}&#8221;][vc_single_image image=&#8221;13391&#8243; img_size=&#8221;full&#8221; alignment=&#8221;center&#8221;][\/vc_column][vc_column width=&#8221;1\/2&#8243; css=&#8221;.vc_custom_1426708671908{padding-right: 100px !important;}&#8221;][vc_column_text css=&#8221;.vc_custom_1427819061948{padding-right: 200px !important;}&#8221;]<\/p>\n<h2>\u00bfQu\u00e9 diferenciaba realmente al coj\u00edn Physiair\u2122?<\/h2>\n<p>&nbsp;<\/p>\n<p><span style=\"font-size: 16pt;\">El coj\u00edn Physiair\u2122 cuenta con cavidades cil\u00edndricas que ofrecen varios beneficios de postura. Est\u00e1s cavidades han sido concebidas en diferentes profundidades y di\u00e1metros. El di\u00e1metro de las cavidades es m\u00e1s grande a nivel de la cubeta para permitir m\u00e1s inmersi\u00f3n en el coj\u00edn. La profundidad de las cavidades procura una estabilidad funcional asegurando de este modo un control de la presi\u00f3n a nivel de las zonas cr\u00edticas.<\/span>[\/vc_column_text][\/vc_column][\/vc_row][vc_row id_attribute=&#8221;video&#8221; el_class=&#8221;btn-file-group&#8221;][vc_column][vc_column_text]<\/p>\n<h2>Documentaci\u00f3n<\/h2>\n<p>[\/vc_column_text]<a href=\"https:\/\/www.physipro.com\/wp-content\/uploads\/2015\/03\/Brochure_Seating_Solutions.pdf\" target=\"_blank\"class=\"btn btn-default btn-lg\"><i class=\"fa fa-file-pdf-o fa-lg\"><\/i> <span>Folleto<\/span><\/a><a href=\"https:\/\/www.physipro.com\/wp-content\/uploads\/2015\/03\/Manuel_Utilisation_Physiair.pdf\" target=\"_blank\"class=\"btn btn-default btn-lg\"><i class=\"fa fa-file-pdf-o fa-lg\"><\/i> <span>Manual del usuario<\/span><\/a><a href=\"https:\/\/www.physipro.com\/wp-content\/uploads\/2015\/04\/OF_Physiair_Cushion.pdf\" target=\"_blank\"class=\"btn btn-default btn-lg\"><i class=\"fa fa-file-pdf-o fa-lg\"><\/i> <span>Orden de comprar<\/span><\/a>[\/vc_column][\/vc_row]<\/p>\n<\/div>","protected":false},"excerpt":{"rendered":"<p>[vc_row full_width=&#8221;stretch_row_content&#8221; el_class=&#8221;btn-group-anchor&#8221;][vc_column][\/vc_column][\/vc_row][vc_row][vc_column width=&#8221;2\/3&#8243;][vc_gallery interval=&#8221;3&#8243; images=&#8221;14277,9813,9818,9823&#8243; img_size=&#8221;full&#8221;][\/vc_column][vc_column width=&#8221;1\/3&#8243;][vc_column_text] El coj\u00edn Physiair\u2122 ha sido concebido con una mousse poliuretano de alta resistencia. La mousse est\u00e1 ranurada en la mitad del grosor del coj\u00edn creando de este modo cubos que hacen la vez de resortes. Esta caracter\u00edstica permite que las c\u00e9lulas funcionen&#8230;<\/p>\n <p><a class=\"read-more btn btn-primary btn-lg\" href=\"https:\/\/www.physipro.com\/es\/producto\/cojin-physiair\/\">Leer m&aacute;s<\/a><\/p>","protected":false},"featured_media":22704,"comment_status":"open","ping_status":"closed","template":"","meta":{"_acf_changed":false},"product_cat":[78,80],"product_tag":[],"class_list":{"0":"post-6131","1":"product","2":"type-product","3":"status-publish","4":"has-post-thumbnail","6":"product_cat-asientos-y-posicionamiento-es","7":"product_cat-cojines-es","9":"first","10":"instock","11":"shipping-taxable","12":"product-type-simple"},"acf":[],"yoast_head":"<!-- This site is optimized with the Yoast SEO plugin v22.3 - https:\/\/yoast.com\/wordpress\/plugins\/seo\/ -->\n<title>Coj\u00edn Physiair - Physipro inc.<\/title>\n<meta name=\"robots\" content=\"index, follow, max-snippet:-1, max-image-preview:large, max-video-preview:-1\" \/>\n<link rel=\"canonical\" href=\"https:\/\/www.physipro.com\/es\/product\/cojin-physiair\/\" \/>\n<meta property=\"og:locale\" content=\"es_ES\" \/>\n<meta property=\"og:type\" content=\"article\" \/>\n<meta property=\"og:title\" content=\"Coj\u00edn Physiair - Physipro inc.\" \/>\n<meta property=\"og:description\" content=\"[vc_row full_width=&#8221;stretch_row_content&#8221; el_class=&#8221;btn-group-anchor&#8221;][vc_column][\/vc_column][\/vc_row][vc_row][vc_column width=&#8221;2\/3&#8243;][vc_gallery interval=&#8221;3&#8243; images=&#8221;14277,9813,9818,9823&#8243; img_size=&#8221;full&#8221;][\/vc_column][vc_column width=&#8221;1\/3&#8243;][vc_column_text] El coj\u00edn Physiair\u2122 ha sido concebido con una mousse poliuretano de alta resistencia. La mousse est\u00e1 ranurada en la mitad del grosor del coj\u00edn creando de este modo cubos que hacen la vez de resortes. Esta caracter\u00edstica permite que las c\u00e9lulas funcionen...\" \/>\n<meta property=\"og:url\" content=\"https:\/\/www.physipro.com\/es\/product\/cojin-physiair\/\" \/>\n<meta property=\"og:site_name\" content=\"Physipro inc.\" \/>\n<meta property=\"article:modified_time\" content=\"2016-11-15T14:28:34+00:00\" \/>\n<meta property=\"og:image\" content=\"https:\/\/www.physipro.com\/wp-content\/uploads\/Physiair_600x600-1024x1024.png\" \/>\n\t<meta property=\"og:image:width\" content=\"1024\" \/>\n\t<meta property=\"og:image:height\" content=\"1024\" \/>\n\t<meta property=\"og:image:type\" content=\"image\/png\" \/>\n<meta name=\"twitter:label1\" content=\"Tiempo de lectura\" \/>\n\t<meta name=\"twitter:data1\" content=\"2 minutos\" \/>\n<script type=\"application\/ld+json\" class=\"yoast-schema-graph\">{\"@context\":\"https:\/\/schema.org\",\"@graph\":[{\"@type\":\"WebPage\",\"@id\":\"https:\/\/www.physipro.com\/es\/product\/cojin-physiair\/\",\"url\":\"https:\/\/www.physipro.com\/es\/product\/cojin-physiair\/\",\"name\":\"Coj\u00edn Physiair - Physipro inc.\",\"isPartOf\":{\"@id\":\"https:\/\/www.physipro.com\/#website\"},\"primaryImageOfPage\":{\"@id\":\"https:\/\/www.physipro.com\/es\/product\/cojin-physiair\/#primaryimage\"},\"image\":{\"@id\":\"https:\/\/www.physipro.com\/es\/product\/cojin-physiair\/#primaryimage\"},\"thumbnailUrl\":\"https:\/\/www.physipro.com\/wp-content\/uploads\/Physiair_600x600.png\",\"datePublished\":\"2015-03-18T20:23:51+00:00\",\"dateModified\":\"2016-11-15T14:28:34+00:00\",\"breadcrumb\":{\"@id\":\"https:\/\/www.physipro.com\/es\/product\/cojin-physiair\/#breadcrumb\"},\"inLanguage\":\"es\",\"potentialAction\":[{\"@type\":\"ReadAction\",\"target\":[\"https:\/\/www.physipro.com\/es\/product\/cojin-physiair\/\"]}]},{\"@type\":\"ImageObject\",\"inLanguage\":\"es\",\"@id\":\"https:\/\/www.physipro.com\/es\/product\/cojin-physiair\/#primaryimage\",\"url\":\"https:\/\/www.physipro.com\/wp-content\/uploads\/Physiair_600x600.png\",\"contentUrl\":\"https:\/\/www.physipro.com\/wp-content\/uploads\/Physiair_600x600.png\",\"width\":3771,\"height\":3771},{\"@type\":\"BreadcrumbList\",\"@id\":\"https:\/\/www.physipro.com\/es\/product\/cojin-physiair\/#breadcrumb\",\"itemListElement\":[{\"@type\":\"ListItem\",\"position\":1,\"name\":\"Accueil\",\"item\":\"https:\/\/www.physipro.com\/es\/\"},{\"@type\":\"ListItem\",\"position\":2,\"name\":\"Tienda\",\"item\":\"https:\/\/www.physipro.com\/es\/tienda\/\"},{\"@type\":\"ListItem\",\"position\":3,\"name\":\"Coj\u00edn Physiair\"}]},{\"@type\":\"WebSite\",\"@id\":\"https:\/\/www.physipro.com\/#website\",\"url\":\"https:\/\/www.physipro.com\/\",\"name\":\"Physipro inc.\",\"description\":\"Un site utilisant WordPress\",\"potentialAction\":[{\"@type\":\"SearchAction\",\"target\":{\"@type\":\"EntryPoint\",\"urlTemplate\":\"https:\/\/www.physipro.com\/?s={search_term_string}\"},\"query-input\":\"required name=search_term_string\"}],\"inLanguage\":\"es\"}]}<\/script>\n<!-- \/ Yoast SEO plugin. -->","yoast_head_json":{"title":"Coj\u00edn Physiair - Physipro inc.","robots":{"index":"index","follow":"follow","max-snippet":"max-snippet:-1","max-image-preview":"max-image-preview:large","max-video-preview":"max-video-preview:-1"},"canonical":"https:\/\/www.physipro.com\/es\/product\/cojin-physiair\/","og_locale":"es_ES","og_type":"article","og_title":"Coj\u00edn Physiair - Physipro inc.","og_description":"[vc_row full_width=&#8221;stretch_row_content&#8221; el_class=&#8221;btn-group-anchor&#8221;][vc_column][\/vc_column][\/vc_row][vc_row][vc_column width=&#8221;2\/3&#8243;][vc_gallery interval=&#8221;3&#8243; images=&#8221;14277,9813,9818,9823&#8243; img_size=&#8221;full&#8221;][\/vc_column][vc_column width=&#8221;1\/3&#8243;][vc_column_text] El coj\u00edn Physiair\u2122 ha sido concebido con una mousse poliuretano de alta resistencia. La mousse est\u00e1 ranurada en la mitad del grosor del coj\u00edn creando de este modo cubos que hacen la vez de resortes. Esta caracter\u00edstica permite que las c\u00e9lulas funcionen...","og_url":"https:\/\/www.physipro.com\/es\/product\/cojin-physiair\/","og_site_name":"Physipro inc.","article_modified_time":"2016-11-15T14:28:34+00:00","og_image":[{"width":1024,"height":1024,"url":"https:\/\/www.physipro.com\/wp-content\/uploads\/Physiair_600x600-1024x1024.png","type":"image\/png"}],"twitter_misc":{"Tiempo de lectura":"2 minutos"},"schema":{"@context":"https:\/\/schema.org","@graph":[{"@type":"WebPage","@id":"https:\/\/www.physipro.com\/es\/product\/cojin-physiair\/","url":"https:\/\/www.physipro.com\/es\/product\/cojin-physiair\/","name":"Coj\u00edn Physiair - Physipro inc.","isPartOf":{"@id":"https:\/\/www.physipro.com\/#website"},"primaryImageOfPage":{"@id":"https:\/\/www.physipro.com\/es\/product\/cojin-physiair\/#primaryimage"},"image":{"@id":"https:\/\/www.physipro.com\/es\/product\/cojin-physiair\/#primaryimage"},"thumbnailUrl":"https:\/\/www.physipro.com\/wp-content\/uploads\/Physiair_600x600.png","datePublished":"2015-03-18T20:23:51+00:00","dateModified":"2016-11-15T14:28:34+00:00","breadcrumb":{"@id":"https:\/\/www.physipro.com\/es\/product\/cojin-physiair\/#breadcrumb"},"inLanguage":"es","potentialAction":[{"@type":"ReadAction","target":["https:\/\/www.physipro.com\/es\/product\/cojin-physiair\/"]}]},{"@type":"ImageObject","inLanguage":"es","@id":"https:\/\/www.physipro.com\/es\/product\/cojin-physiair\/#primaryimage","url":"https:\/\/www.physipro.com\/wp-content\/uploads\/Physiair_600x600.png","contentUrl":"https:\/\/www.physipro.com\/wp-content\/uploads\/Physiair_600x600.png","width":3771,"height":3771},{"@type":"BreadcrumbList","@id":"https:\/\/www.physipro.com\/es\/product\/cojin-physiair\/#breadcrumb","itemListElement":[{"@type":"ListItem","position":1,"name":"Accueil","item":"https:\/\/www.physipro.com\/es\/"},{"@type":"ListItem","position":2,"name":"Tienda","item":"https:\/\/www.physipro.com\/es\/tienda\/"},{"@type":"ListItem","position":3,"name":"Coj\u00edn Physiair"}]},{"@type":"WebSite","@id":"https:\/\/www.physipro.com\/#website","url":"https:\/\/www.physipro.com\/","name":"Physipro inc.","description":"Un site utilisant WordPress","potentialAction":[{"@type":"SearchAction","target":{"@type":"EntryPoint","urlTemplate":"https:\/\/www.physipro.com\/?s={search_term_string}"},"query-input":"required name=search_term_string"}],"inLanguage":"es"}]}},"_links":{"self":[{"href":"https:\/\/www.physipro.com\/es\/wp-json\/wp\/v2\/product\/6131","targetHints":{"allow":["GET"]}}],"collection":[{"href":"https:\/\/www.physipro.com\/es\/wp-json\/wp\/v2\/product"}],"about":[{"href":"https:\/\/www.physipro.com\/es\/wp-json\/wp\/v2\/types\/product"}],"replies":[{"embeddable":true,"href":"https:\/\/www.physipro.com\/es\/wp-json\/wp\/v2\/comments?post=6131"}],"wp:featuredmedia":[{"embeddable":true,"href":"https:\/\/www.physipro.com\/es\/wp-json\/wp\/v2\/media\/22704"}],"wp:attachment":[{"href":"https:\/\/www.physipro.com\/es\/wp-json\/wp\/v2\/media?parent=6131"}],"wp:term":[{"taxonomy":"product_cat","embeddable":true,"href":"https:\/\/www.physipro.com\/es\/wp-json\/wp\/v2\/product_cat?post=6131"},{"taxonomy":"product_tag","embeddable":true,"href":"https:\/\/www.physipro.com\/es\/wp-json\/wp\/v2\/product_tag?post=6131"}],"curies":[{"name":"wp","href":"https:\/\/api.w.org\/{rel}","templated":true}]}}