{"id":6182,"date":"2015-03-19T11:16:56","date_gmt":"2015-03-19T11:37:39","guid":{"rendered":"https:\/\/www.physipro.com\/?post_type=product&#038;p=6182"},"modified":"2015-05-25T11:48:34","modified_gmt":"2015-05-25T11:48:34","slug":"cojin-presion-cero","status":"publish","type":"product","link":"https:\/\/www.physipro.com\/es\/producto\/cojin-presion-cero\/","title":{"rendered":"Coj\u00edn Presi\u00f3n Cero"},"content":{"rendered":"<div class=\"wpb-content-wrapper\"><p>[vc_row el_class=&#8221;btn-group-anchor&#8221; full_width=&#8221;stretch_row_content&#8221;][vc_column width=&#8221;1\/1&#8243;]<a href=\"#video\" class=\"btn btn-default\"> <span>Documentaci\u00f3n<\/span><\/a>[\/vc_column][\/vc_row][vc_row][vc_column width=&#8221;2\/3&#8243; css=&#8221;.vc_custom_1426700700204{padding-top: 100px !important;}&#8221; animation=&#8221;none&#8221;][vc_gallery type=&#8221;flexslider_fade&#8221; interval=&#8221;3&#8243; images=&#8221;6162,6147,6152&#8243; onclick=&#8221;link_image&#8221; custom_links_target=&#8221;_self&#8221; img_size=&#8221;full&#8221;][\/vc_column][vc_column width=&#8221;1\/3&#8243;][vc_column_text]<a href=\"https:\/\/www.physipro.com\/wp-content\/uploads\/2015\/03\/logoPZ-en.png\"><img loading=\"lazy\" decoding=\"async\" class=\"alignnone  wp-image-6172\" src=\"https:\/\/www.physipro.com\/wp-content\/uploads\/2015\/03\/logoPZ-en-300x92.png\" alt=\"logoPZ-en\" width=\"261\" height=\"80\" srcset=\"https:\/\/www.physipro.com\/wp-content\/uploads\/2015\/03\/logoPZ-en-300x92.png 300w, https:\/\/www.physipro.com\/wp-content\/uploads\/2015\/03\/logoPZ-en-600x183.png 600w, https:\/\/www.physipro.com\/wp-content\/uploads\/2015\/03\/logoPZ-en-1024x313.png 1024w, https:\/\/www.physipro.com\/wp-content\/uploads\/2015\/03\/logoPZ-en.png 1202w\" sizes=\"auto, (max-width: 261px) 100vw, 261px\" \/><\/a><\/p>\n<p>El Coj\u00edn Presi\u00f3n Cero es concebido para disminuir la presi\u00f3n sobre las protuberancias \u00f3seas y controlar el re-parto de la carga sobre toda la superficie del coj\u00edn.<\/p>\n<p>Las formas del coj\u00edn han sido determinadas a partir de estudios hechos con la ayuda de captadores de presi\u00f3n, medidos por datos y programados.<\/p>\n<p>Las formas del coj\u00edn han sido determinadas a partir de estudios hechos con la ayuda de captadores de presi\u00f3n, medidos por datos y programados.<\/p>\n<p>La espuma empleada es un uretano inyectado de densidad media. Esta espuma ofrece la firmeza y la flexibili-dad requeridas a alcance de los objetivos de comodidad y de estabilidad normalmente establecidos en mo-mento de una intervenci\u00f3n de posicionamiento.<\/p>\n<p>Adem\u00e1s, una espuma de dispersi\u00f3n recubre toda su superficie para m\u00e1s comodidad. La forma del coj\u00edn ha sido modelada con el fin de disminuir la presi\u00f3n sobre los isquions y el c\u00f3ccix y de asegurar un reparto controlado de la carga sobre toda la superficie del coj\u00edn.[\/vc_column_text][\/vc_column][\/vc_row][vc_row id_attribute=&#8221;video&#8221; el_class=&#8221;btn-file-group&#8221;][vc_column width=&#8221;1\/1&#8243;][vc_column_text]<\/p>\n<h2>Documentaci\u00f3n<\/h2>\n<p>[\/vc_column_text]<a href=\"https:\/\/www.physipro.com\/wp-content\/uploads\/2015\/03\/Brochure_Seating_Solutions.pdf\" target=\"_blank\"class=\"btn btn-default btn-lg\"><i class=\"fa fa-file-pdf-o fa-lg\"><\/i> <span>Folleto<\/span><\/a><a href=\"https:\/\/www.physipro.com\/wp-content\/uploads\/2015\/03\/Manuel_Utilisation_Pression_Zero.pdf\" target=\"_blank\"class=\"btn btn-default btn-lg\"><i class=\"fa fa-file-pdf-o fa-lg\"><\/i> <span>Manual del usuario<\/span><\/a><a href=\"https:\/\/www.physipro.com\/wp-content\/uploads\/2015\/03\/OF_Physipro_Seat_Cushions.pdf\" target=\"_blank\"class=\"btn btn-default btn-lg\"><i class=\"fa fa-file-pdf-o fa-lg\"><\/i> <span>Orden de compra<\/span><\/a>[\/vc_column][\/vc_row]<\/p>\n<\/div>","protected":false},"excerpt":{"rendered":"<p>[vc_row el_class=&#8221;btn-group-anchor&#8221; full_width=&#8221;stretch_row_content&#8221;][vc_column width=&#8221;1\/1&#8243;][\/vc_column][\/vc_row][vc_row][vc_column width=&#8221;2\/3&#8243; css=&#8221;.vc_custom_1426700700204{padding-top: 100px !important;}&#8221; animation=&#8221;none&#8221;][vc_gallery type=&#8221;flexslider_fade&#8221; interval=&#8221;3&#8243; images=&#8221;6162,6147,6152&#8243; onclick=&#8221;link_image&#8221; custom_links_target=&#8221;_self&#8221; img_size=&#8221;full&#8221;][\/vc_column][vc_column width=&#8221;1\/3&#8243;][vc_column_text] El Coj\u00edn Presi\u00f3n Cero es concebido para disminuir la presi\u00f3n sobre las protuberancias \u00f3seas y controlar el re-parto de la carga sobre toda la superficie del coj\u00edn. Las formas del coj\u00edn han sido determinadas&#8230;<\/p>\n <p><a class=\"read-more btn btn-primary btn-lg\" href=\"https:\/\/www.physipro.com\/es\/producto\/cojin-presion-cero\/\">Leer m&aacute;s<\/a><\/p>","protected":false},"featured_media":23017,"comment_status":"open","ping_status":"closed","template":"","meta":{"_acf_changed":false},"product_cat":[78,80],"product_tag":[],"class_list":{"0":"post-6182","1":"product","2":"type-product","3":"status-publish","4":"has-post-thumbnail","6":"product_cat-asientos-y-posicionamiento-es","7":"product_cat-cojines-es","9":"first","10":"instock","11":"shipping-taxable","12":"product-type-simple"},"acf":[],"yoast_head":"<!-- This site is optimized with the Yoast SEO plugin v22.3 - https:\/\/yoast.com\/wordpress\/plugins\/seo\/ -->\n<title>Coj\u00edn Presi\u00f3n Cero - Physipro inc.<\/title>\n<meta name=\"robots\" content=\"index, follow, max-snippet:-1, max-image-preview:large, max-video-preview:-1\" \/>\n<link rel=\"canonical\" href=\"https:\/\/www.physipro.com\/es\/product\/cojin-presion-cero\/\" \/>\n<meta property=\"og:locale\" content=\"es_ES\" \/>\n<meta property=\"og:type\" content=\"article\" \/>\n<meta property=\"og:title\" content=\"Coj\u00edn Presi\u00f3n Cero - Physipro inc.\" \/>\n<meta property=\"og:description\" content=\"[vc_row el_class=&#8221;btn-group-anchor&#8221; full_width=&#8221;stretch_row_content&#8221;][vc_column width=&#8221;1\/1&#8243;][\/vc_column][\/vc_row][vc_row][vc_column width=&#8221;2\/3&#8243; css=&#8221;.vc_custom_1426700700204{padding-top: 100px !important;}&#8221; animation=&#8221;none&#8221;][vc_gallery type=&#8221;flexslider_fade&#8221; interval=&#8221;3&#8243; images=&#8221;6162,6147,6152&#8243; onclick=&#8221;link_image&#8221; custom_links_target=&#8221;_self&#8221; img_size=&#8221;full&#8221;][\/vc_column][vc_column width=&#8221;1\/3&#8243;][vc_column_text] El Coj\u00edn Presi\u00f3n Cero es concebido para disminuir la presi\u00f3n sobre las protuberancias \u00f3seas y controlar el re-parto de la carga sobre toda la superficie del coj\u00edn. Las formas del coj\u00edn han sido determinadas...\" \/>\n<meta property=\"og:url\" content=\"https:\/\/www.physipro.com\/es\/product\/cojin-presion-cero\/\" \/>\n<meta property=\"og:site_name\" content=\"Physipro inc.\" \/>\n<meta property=\"article:modified_time\" content=\"2015-05-25T11:48:34+00:00\" \/>\n<meta property=\"og:image\" content=\"https:\/\/www.physipro.com\/wp-content\/uploads\/PRESSION-ZERO-600px.png\" \/>\n\t<meta property=\"og:image:width\" content=\"600\" \/>\n\t<meta property=\"og:image:height\" content=\"600\" \/>\n\t<meta property=\"og:image:type\" content=\"image\/png\" \/>\n<meta name=\"twitter:label1\" content=\"Tiempo de lectura\" \/>\n\t<meta name=\"twitter:data1\" content=\"2 minutos\" \/>\n<script type=\"application\/ld+json\" class=\"yoast-schema-graph\">{\"@context\":\"https:\/\/schema.org\",\"@graph\":[{\"@type\":\"WebPage\",\"@id\":\"https:\/\/www.physipro.com\/es\/product\/cojin-presion-cero\/\",\"url\":\"https:\/\/www.physipro.com\/es\/product\/cojin-presion-cero\/\",\"name\":\"Coj\u00edn Presi\u00f3n Cero - Physipro inc.\",\"isPartOf\":{\"@id\":\"https:\/\/www.physipro.com\/#website\"},\"primaryImageOfPage\":{\"@id\":\"https:\/\/www.physipro.com\/es\/product\/cojin-presion-cero\/#primaryimage\"},\"image\":{\"@id\":\"https:\/\/www.physipro.com\/es\/product\/cojin-presion-cero\/#primaryimage\"},\"thumbnailUrl\":\"https:\/\/www.physipro.com\/wp-content\/uploads\/PRESSION-ZERO-600px.png\",\"datePublished\":\"2015-03-19T11:37:39+00:00\",\"dateModified\":\"2015-05-25T11:48:34+00:00\",\"breadcrumb\":{\"@id\":\"https:\/\/www.physipro.com\/es\/product\/cojin-presion-cero\/#breadcrumb\"},\"inLanguage\":\"es\",\"potentialAction\":[{\"@type\":\"ReadAction\",\"target\":[\"https:\/\/www.physipro.com\/es\/product\/cojin-presion-cero\/\"]}]},{\"@type\":\"ImageObject\",\"inLanguage\":\"es\",\"@id\":\"https:\/\/www.physipro.com\/es\/product\/cojin-presion-cero\/#primaryimage\",\"url\":\"https:\/\/www.physipro.com\/wp-content\/uploads\/PRESSION-ZERO-600px.png\",\"contentUrl\":\"https:\/\/www.physipro.com\/wp-content\/uploads\/PRESSION-ZERO-600px.png\",\"width\":600,\"height\":600},{\"@type\":\"BreadcrumbList\",\"@id\":\"https:\/\/www.physipro.com\/es\/product\/cojin-presion-cero\/#breadcrumb\",\"itemListElement\":[{\"@type\":\"ListItem\",\"position\":1,\"name\":\"Accueil\",\"item\":\"https:\/\/www.physipro.com\/es\/\"},{\"@type\":\"ListItem\",\"position\":2,\"name\":\"Tienda\",\"item\":\"https:\/\/www.physipro.com\/es\/tienda\/\"},{\"@type\":\"ListItem\",\"position\":3,\"name\":\"Coj\u00edn Presi\u00f3n Cero\"}]},{\"@type\":\"WebSite\",\"@id\":\"https:\/\/www.physipro.com\/#website\",\"url\":\"https:\/\/www.physipro.com\/\",\"name\":\"Physipro inc.\",\"description\":\"Un site utilisant WordPress\",\"potentialAction\":[{\"@type\":\"SearchAction\",\"target\":{\"@type\":\"EntryPoint\",\"urlTemplate\":\"https:\/\/www.physipro.com\/?s={search_term_string}\"},\"query-input\":\"required name=search_term_string\"}],\"inLanguage\":\"es\"}]}<\/script>\n<!-- \/ Yoast SEO plugin. -->","yoast_head_json":{"title":"Coj\u00edn Presi\u00f3n Cero - Physipro inc.","robots":{"index":"index","follow":"follow","max-snippet":"max-snippet:-1","max-image-preview":"max-image-preview:large","max-video-preview":"max-video-preview:-1"},"canonical":"https:\/\/www.physipro.com\/es\/product\/cojin-presion-cero\/","og_locale":"es_ES","og_type":"article","og_title":"Coj\u00edn Presi\u00f3n Cero - Physipro inc.","og_description":"[vc_row el_class=&#8221;btn-group-anchor&#8221; full_width=&#8221;stretch_row_content&#8221;][vc_column width=&#8221;1\/1&#8243;][\/vc_column][\/vc_row][vc_row][vc_column width=&#8221;2\/3&#8243; css=&#8221;.vc_custom_1426700700204{padding-top: 100px !important;}&#8221; animation=&#8221;none&#8221;][vc_gallery type=&#8221;flexslider_fade&#8221; interval=&#8221;3&#8243; images=&#8221;6162,6147,6152&#8243; onclick=&#8221;link_image&#8221; custom_links_target=&#8221;_self&#8221; img_size=&#8221;full&#8221;][\/vc_column][vc_column width=&#8221;1\/3&#8243;][vc_column_text] El Coj\u00edn Presi\u00f3n Cero es concebido para disminuir la presi\u00f3n sobre las protuberancias \u00f3seas y controlar el re-parto de la carga sobre toda la superficie del coj\u00edn. Las formas del coj\u00edn han sido determinadas...","og_url":"https:\/\/www.physipro.com\/es\/product\/cojin-presion-cero\/","og_site_name":"Physipro inc.","article_modified_time":"2015-05-25T11:48:34+00:00","og_image":[{"width":600,"height":600,"url":"https:\/\/www.physipro.com\/wp-content\/uploads\/PRESSION-ZERO-600px.png","type":"image\/png"}],"twitter_misc":{"Tiempo de lectura":"2 minutos"},"schema":{"@context":"https:\/\/schema.org","@graph":[{"@type":"WebPage","@id":"https:\/\/www.physipro.com\/es\/product\/cojin-presion-cero\/","url":"https:\/\/www.physipro.com\/es\/product\/cojin-presion-cero\/","name":"Coj\u00edn Presi\u00f3n Cero - Physipro inc.","isPartOf":{"@id":"https:\/\/www.physipro.com\/#website"},"primaryImageOfPage":{"@id":"https:\/\/www.physipro.com\/es\/product\/cojin-presion-cero\/#primaryimage"},"image":{"@id":"https:\/\/www.physipro.com\/es\/product\/cojin-presion-cero\/#primaryimage"},"thumbnailUrl":"https:\/\/www.physipro.com\/wp-content\/uploads\/PRESSION-ZERO-600px.png","datePublished":"2015-03-19T11:37:39+00:00","dateModified":"2015-05-25T11:48:34+00:00","breadcrumb":{"@id":"https:\/\/www.physipro.com\/es\/product\/cojin-presion-cero\/#breadcrumb"},"inLanguage":"es","potentialAction":[{"@type":"ReadAction","target":["https:\/\/www.physipro.com\/es\/product\/cojin-presion-cero\/"]}]},{"@type":"ImageObject","inLanguage":"es","@id":"https:\/\/www.physipro.com\/es\/product\/cojin-presion-cero\/#primaryimage","url":"https:\/\/www.physipro.com\/wp-content\/uploads\/PRESSION-ZERO-600px.png","contentUrl":"https:\/\/www.physipro.com\/wp-content\/uploads\/PRESSION-ZERO-600px.png","width":600,"height":600},{"@type":"BreadcrumbList","@id":"https:\/\/www.physipro.com\/es\/product\/cojin-presion-cero\/#breadcrumb","itemListElement":[{"@type":"ListItem","position":1,"name":"Accueil","item":"https:\/\/www.physipro.com\/es\/"},{"@type":"ListItem","position":2,"name":"Tienda","item":"https:\/\/www.physipro.com\/es\/tienda\/"},{"@type":"ListItem","position":3,"name":"Coj\u00edn Presi\u00f3n Cero"}]},{"@type":"WebSite","@id":"https:\/\/www.physipro.com\/#website","url":"https:\/\/www.physipro.com\/","name":"Physipro inc.","description":"Un site utilisant WordPress","potentialAction":[{"@type":"SearchAction","target":{"@type":"EntryPoint","urlTemplate":"https:\/\/www.physipro.com\/?s={search_term_string}"},"query-input":"required name=search_term_string"}],"inLanguage":"es"}]}},"_links":{"self":[{"href":"https:\/\/www.physipro.com\/es\/wp-json\/wp\/v2\/product\/6182","targetHints":{"allow":["GET"]}}],"collection":[{"href":"https:\/\/www.physipro.com\/es\/wp-json\/wp\/v2\/product"}],"about":[{"href":"https:\/\/www.physipro.com\/es\/wp-json\/wp\/v2\/types\/product"}],"replies":[{"embeddable":true,"href":"https:\/\/www.physipro.com\/es\/wp-json\/wp\/v2\/comments?post=6182"}],"wp:featuredmedia":[{"embeddable":true,"href":"https:\/\/www.physipro.com\/es\/wp-json\/wp\/v2\/media\/23017"}],"wp:attachment":[{"href":"https:\/\/www.physipro.com\/es\/wp-json\/wp\/v2\/media?parent=6182"}],"wp:term":[{"taxonomy":"product_cat","embeddable":true,"href":"https:\/\/www.physipro.com\/es\/wp-json\/wp\/v2\/product_cat?post=6182"},{"taxonomy":"product_tag","embeddable":true,"href":"https:\/\/www.physipro.com\/es\/wp-json\/wp\/v2\/product_tag?post=6182"}],"curies":[{"name":"wp","href":"https:\/\/api.w.org\/{rel}","templated":true}]}}