{"id":6428,"date":"2015-03-19T13:41:38","date_gmt":"2015-03-19T14:26:10","guid":{"rendered":"https:\/\/www.physipro.com\/?post_type=product&#038;p=6428"},"modified":"2016-04-27T17:36:04","modified_gmt":"2016-04-27T17:36:04","slug":"cojin-contorno-inserto","status":"publish","type":"product","link":"https:\/\/www.physipro.com\/es\/producto\/cojin-contorno-inserto\/","title":{"rendered":"Coj\u00edn Contorno Inserto"},"content":{"rendered":"<div class=\"wpb-content-wrapper\"><p>[vc_row full_width=&#8221;stretch_row_content&#8221; el_class=&#8221;btn-group-anchor&#8221;][vc_column]<a href=\"#video\" class=\"btn btn-default\"> <span>Documentaci\u00f3n<\/span><\/a>[\/vc_column][\/vc_row][vc_row][vc_column width=&#8221;2\/3&#8243; css=&#8221;.vc_custom_1426700700204{padding-top: 100px !important;}&#8221;][vc_gallery interval=&#8221;3&#8243; images=&#8221;13414,13419,13409&#8243; img_size=&#8221;full&#8221;][\/vc_column][vc_column width=&#8221;1\/3&#8243;][vc_column_text]<a href=\"https:\/\/www.physipro.com\/wp-content\/uploads\/2015\/03\/logo-Contour-Insert.png\"><img loading=\"lazy\" decoding=\"async\" class=\"alignnone wp-image-6392\" src=\"https:\/\/www.physipro.com\/wp-content\/uploads\/2015\/03\/logo-Contour-Insert-300x136.png\" alt=\"logo Contour Insert\" width=\"216\" height=\"98\" srcset=\"https:\/\/www.physipro.com\/wp-content\/uploads\/2015\/03\/logo-Contour-Insert-300x136.png 300w, https:\/\/www.physipro.com\/wp-content\/uploads\/2015\/03\/logo-Contour-Insert-600x272.png 600w, https:\/\/www.physipro.com\/wp-content\/uploads\/2015\/03\/logo-Contour-Insert.png 944w\" sizes=\"auto, (max-width: 216px) 100vw, 216px\" \/><\/a><\/p>\n<p>EL coj\u00edn contorno inserto le permitir\u00e1 combinar las exigencias del posicionamiento y el bienestar de su paciente. En efecto, este coj\u00edn presenta un corte a nivel de la pelvis con el fin de insertar diferentes bloques en funci\u00f3n de las recomendaciones y del estado cut\u00e1neo del usuario.<\/p>\n<p>Evidemente, un coj\u00edn a nivel del sacro limita al m\u00e1ximo el contacto con las zonas de riesgo cuando se efect\u00faa una basculaci\u00f3n (retroversi\u00f3n) importante de la pelvis.<\/p>\n<p>El coj\u00edn as\u00ed como todos estos insertos les ayudar\u00e1n en la elecci\u00f3n de la mousse y le permitir\u00e1n alternar entre la postura de sentado y la protecci\u00f3n cut\u00e1nea.[\/vc_column_text][\/vc_column][\/vc_row][vc_row full_width=&#8221;stretch_row&#8221; css=&#8221;.vc_custom_1425502321655{background-color: #f3f3f5 !important;}&#8221; el_class=&#8221;section-full&#8221; id_attribute=&#8221;features&#8221;][vc_column width=&#8221;1\/4&#8243;][vc_single_image image=&#8221;6387&#8243; img_size=&#8221;full&#8221; alignment=&#8221;center&#8221;][vc_column_text]<\/p>\n<p style=\"text-align: center;\">Inserto de c\u00e9lula de aire<br \/>\npermitiendo aliar la prevenci\u00f3n de heridas y el posicionamiento. En efecto, el coj\u00edn de aire permite dedicarse a la oblicuidad de la pelvis. Gracias al sistema de mousse, el aire es controlado por el coj\u00edn que lo rodea. Este brinda m\u00e1s estabilidad al usuario y una mejor repartici\u00f3n de la presi\u00f3n.<\/p>\n<p>[\/vc_column_text][\/vc_column][vc_column width=&#8221;1\/4&#8243;][vc_single_image image=&#8221;6382&#8243; img_size=&#8221;full&#8221; alignment=&#8221;center&#8221;][vc_column_text]<\/p>\n<p style=\"text-align: center;\">Relleno compuesto de gel cuadriculado<br \/>\nEncima y de uretano debajo.<\/p>\n<p>[\/vc_column_text][\/vc_column][vc_column width=&#8221;1\/4&#8243;][vc_single_image image=&#8221;6377&#8243; img_size=&#8221;full&#8221; alignment=&#8221;center&#8221;][vc_column_text]<\/p>\n<p style=\"text-align: center;\">Inserto compuesto de SunMate<br \/>\npor encima y de uretano por debajo.<\/p>\n<p>[\/vc_column_text][\/vc_column][vc_column width=&#8221;1\/4&#8243;][vc_single_image image=&#8221;6372&#8243; img_size=&#8221;full&#8221; alignment=&#8221;center&#8221;][vc_column_text]<\/p>\n<p style=\"text-align: center;\">Inserto de mousse con memoria<br \/>\nde forma compuesto de Temper T36 por encima y T38 por debajo.<\/p>\n<p>[\/vc_column_text][\/vc_column][\/vc_row][vc_row id_attribute=&#8221;video&#8221; el_class=&#8221;btn-file-group&#8221;][vc_column][vc_column_text]<\/p>\n<h2>Documentaci\u00f3n<\/h2>\n<p>[\/vc_column_text]<a href=\"https:\/\/www.physipro.com\/wp-content\/uploads\/2015\/03\/Brochure_Seating_Solutions.pdf\" target=\"_blank\"class=\"btn btn-default btn-lg\"><i class=\"fa fa-file-pdf-o fa-lg\"><\/i> <span>Folleto<\/span><\/a><a href=\"https:\/\/www.physipro.com\/wp-content\/uploads\/2015\/03\/CA-Manuel_Utilisation_Contour-Insert-2024-1.pdf\" target=\"_blank\"class=\"btn btn-default btn-lg\"><i class=\"fa fa-file-pdf-o fa-lg\"><\/i> <span>Manual del usuario<\/span><\/a>[\/vc_column][\/vc_row]<\/p>\n<\/div>","protected":false},"excerpt":{"rendered":"<p>[vc_row full_width=&#8221;stretch_row_content&#8221; el_class=&#8221;btn-group-anchor&#8221;][vc_column][\/vc_column][\/vc_row][vc_row][vc_column width=&#8221;2\/3&#8243; css=&#8221;.vc_custom_1426700700204{padding-top: 100px !important;}&#8221;][vc_gallery interval=&#8221;3&#8243; images=&#8221;13414,13419,13409&#8243; img_size=&#8221;full&#8221;][\/vc_column][vc_column width=&#8221;1\/3&#8243;][vc_column_text] EL coj\u00edn contorno inserto le permitir\u00e1 combinar las exigencias del posicionamiento y el bienestar de su paciente. En efecto, este coj\u00edn presenta un corte a nivel de la pelvis con el fin de insertar diferentes bloques en funci\u00f3n de&#8230;<\/p>\n <p><a class=\"read-more btn btn-primary btn-lg\" href=\"https:\/\/www.physipro.com\/es\/producto\/cojin-contorno-inserto\/\">Leer m&aacute;s<\/a><\/p>","protected":false},"featured_media":22709,"comment_status":"open","ping_status":"closed","template":"","meta":{"_acf_changed":false},"product_cat":[78,80],"product_tag":[],"class_list":{"0":"post-6428","1":"product","2":"type-product","3":"status-publish","4":"has-post-thumbnail","6":"product_cat-asientos-y-posicionamiento-es","7":"product_cat-cojines-es","9":"first","10":"instock","11":"shipping-taxable","12":"product-type-simple"},"acf":[],"yoast_head":"<!-- This site is optimized with the Yoast SEO plugin v22.3 - https:\/\/yoast.com\/wordpress\/plugins\/seo\/ -->\n<title>Coj\u00edn Contorno Inserto - Physipro inc.<\/title>\n<meta name=\"robots\" content=\"index, follow, max-snippet:-1, max-image-preview:large, max-video-preview:-1\" \/>\n<link rel=\"canonical\" href=\"https:\/\/www.physipro.com\/fr\/produit\/coussin-contour-insert-2\/\" \/>\n<meta property=\"og:locale\" content=\"es_ES\" \/>\n<meta property=\"og:type\" content=\"article\" \/>\n<meta property=\"og:title\" content=\"Coj\u00edn Contorno Inserto - Physipro inc.\" \/>\n<meta property=\"og:description\" content=\"[vc_row full_width=&#8221;stretch_row_content&#8221; el_class=&#8221;btn-group-anchor&#8221;][vc_column][\/vc_column][\/vc_row][vc_row][vc_column width=&#8221;2\/3&#8243; css=&#8221;.vc_custom_1426700700204{padding-top: 100px !important;}&#8221;][vc_gallery interval=&#8221;3&#8243; images=&#8221;13414,13419,13409&#8243; img_size=&#8221;full&#8221;][\/vc_column][vc_column width=&#8221;1\/3&#8243;][vc_column_text] EL coj\u00edn contorno inserto le permitir\u00e1 combinar las exigencias del posicionamiento y el bienestar de su paciente. En efecto, este coj\u00edn presenta un corte a nivel de la pelvis con el fin de insertar diferentes bloques en funci\u00f3n de...\" \/>\n<meta property=\"og:url\" content=\"https:\/\/www.physipro.com\/fr\/produit\/coussin-contour-insert-2\/\" \/>\n<meta property=\"og:site_name\" content=\"Physipro inc.\" \/>\n<meta property=\"article:modified_time\" content=\"2016-04-27T17:36:04+00:00\" \/>\n<meta property=\"og:image\" content=\"https:\/\/www.physipro.com\/wp-content\/uploads\/CONTOUR-INSERT-1-2-600x600px.png\" \/>\n\t<meta property=\"og:image:width\" content=\"600\" \/>\n\t<meta property=\"og:image:height\" content=\"600\" \/>\n\t<meta property=\"og:image:type\" content=\"image\/png\" \/>\n<meta name=\"twitter:label1\" content=\"Tiempo de lectura\" \/>\n\t<meta name=\"twitter:data1\" content=\"2 minutos\" \/>\n<script type=\"application\/ld+json\" class=\"yoast-schema-graph\">{\"@context\":\"https:\/\/schema.org\",\"@graph\":[{\"@type\":\"WebPage\",\"@id\":\"https:\/\/www.physipro.com\/fr\/produit\/coussin-contour-insert-2\/\",\"url\":\"https:\/\/www.physipro.com\/fr\/produit\/coussin-contour-insert-2\/\",\"name\":\"Coj\u00edn Contorno Inserto - Physipro inc.\",\"isPartOf\":{\"@id\":\"https:\/\/www.physipro.com\/#website\"},\"primaryImageOfPage\":{\"@id\":\"https:\/\/www.physipro.com\/fr\/produit\/coussin-contour-insert-2\/#primaryimage\"},\"image\":{\"@id\":\"https:\/\/www.physipro.com\/fr\/produit\/coussin-contour-insert-2\/#primaryimage\"},\"thumbnailUrl\":\"https:\/\/www.physipro.com\/wp-content\/uploads\/CONTOUR-INSERT-1-2-600x600px.png\",\"datePublished\":\"2015-03-19T14:26:10+00:00\",\"dateModified\":\"2016-04-27T17:36:04+00:00\",\"breadcrumb\":{\"@id\":\"https:\/\/www.physipro.com\/fr\/produit\/coussin-contour-insert-2\/#breadcrumb\"},\"inLanguage\":\"es\",\"potentialAction\":[{\"@type\":\"ReadAction\",\"target\":[\"https:\/\/www.physipro.com\/fr\/produit\/coussin-contour-insert-2\/\"]}]},{\"@type\":\"ImageObject\",\"inLanguage\":\"es\",\"@id\":\"https:\/\/www.physipro.com\/fr\/produit\/coussin-contour-insert-2\/#primaryimage\",\"url\":\"https:\/\/www.physipro.com\/wp-content\/uploads\/CONTOUR-INSERT-1-2-600x600px.png\",\"contentUrl\":\"https:\/\/www.physipro.com\/wp-content\/uploads\/CONTOUR-INSERT-1-2-600x600px.png\",\"width\":600,\"height\":600},{\"@type\":\"BreadcrumbList\",\"@id\":\"https:\/\/www.physipro.com\/fr\/produit\/coussin-contour-insert-2\/#breadcrumb\",\"itemListElement\":[{\"@type\":\"ListItem\",\"position\":1,\"name\":\"Accueil\",\"item\":\"https:\/\/www.physipro.com\/es\/\"},{\"@type\":\"ListItem\",\"position\":2,\"name\":\"Tienda\",\"item\":\"https:\/\/www.physipro.com\/es\/tienda\/\"},{\"@type\":\"ListItem\",\"position\":3,\"name\":\"Coj\u00edn Contorno Inserto\"}]},{\"@type\":\"WebSite\",\"@id\":\"https:\/\/www.physipro.com\/#website\",\"url\":\"https:\/\/www.physipro.com\/\",\"name\":\"Physipro inc.\",\"description\":\"Un site utilisant WordPress\",\"potentialAction\":[{\"@type\":\"SearchAction\",\"target\":{\"@type\":\"EntryPoint\",\"urlTemplate\":\"https:\/\/www.physipro.com\/?s={search_term_string}\"},\"query-input\":\"required name=search_term_string\"}],\"inLanguage\":\"es\"}]}<\/script>\n<!-- \/ Yoast SEO plugin. -->","yoast_head_json":{"title":"Coj\u00edn Contorno Inserto - Physipro inc.","robots":{"index":"index","follow":"follow","max-snippet":"max-snippet:-1","max-image-preview":"max-image-preview:large","max-video-preview":"max-video-preview:-1"},"canonical":"https:\/\/www.physipro.com\/fr\/produit\/coussin-contour-insert-2\/","og_locale":"es_ES","og_type":"article","og_title":"Coj\u00edn Contorno Inserto - Physipro inc.","og_description":"[vc_row full_width=&#8221;stretch_row_content&#8221; el_class=&#8221;btn-group-anchor&#8221;][vc_column][\/vc_column][\/vc_row][vc_row][vc_column width=&#8221;2\/3&#8243; css=&#8221;.vc_custom_1426700700204{padding-top: 100px !important;}&#8221;][vc_gallery interval=&#8221;3&#8243; images=&#8221;13414,13419,13409&#8243; img_size=&#8221;full&#8221;][\/vc_column][vc_column width=&#8221;1\/3&#8243;][vc_column_text] EL coj\u00edn contorno inserto le permitir\u00e1 combinar las exigencias del posicionamiento y el bienestar de su paciente. En efecto, este coj\u00edn presenta un corte a nivel de la pelvis con el fin de insertar diferentes bloques en funci\u00f3n de...","og_url":"https:\/\/www.physipro.com\/fr\/produit\/coussin-contour-insert-2\/","og_site_name":"Physipro inc.","article_modified_time":"2016-04-27T17:36:04+00:00","og_image":[{"width":600,"height":600,"url":"https:\/\/www.physipro.com\/wp-content\/uploads\/CONTOUR-INSERT-1-2-600x600px.png","type":"image\/png"}],"twitter_misc":{"Tiempo de lectura":"2 minutos"},"schema":{"@context":"https:\/\/schema.org","@graph":[{"@type":"WebPage","@id":"https:\/\/www.physipro.com\/fr\/produit\/coussin-contour-insert-2\/","url":"https:\/\/www.physipro.com\/fr\/produit\/coussin-contour-insert-2\/","name":"Coj\u00edn Contorno Inserto - Physipro inc.","isPartOf":{"@id":"https:\/\/www.physipro.com\/#website"},"primaryImageOfPage":{"@id":"https:\/\/www.physipro.com\/fr\/produit\/coussin-contour-insert-2\/#primaryimage"},"image":{"@id":"https:\/\/www.physipro.com\/fr\/produit\/coussin-contour-insert-2\/#primaryimage"},"thumbnailUrl":"https:\/\/www.physipro.com\/wp-content\/uploads\/CONTOUR-INSERT-1-2-600x600px.png","datePublished":"2015-03-19T14:26:10+00:00","dateModified":"2016-04-27T17:36:04+00:00","breadcrumb":{"@id":"https:\/\/www.physipro.com\/fr\/produit\/coussin-contour-insert-2\/#breadcrumb"},"inLanguage":"es","potentialAction":[{"@type":"ReadAction","target":["https:\/\/www.physipro.com\/fr\/produit\/coussin-contour-insert-2\/"]}]},{"@type":"ImageObject","inLanguage":"es","@id":"https:\/\/www.physipro.com\/fr\/produit\/coussin-contour-insert-2\/#primaryimage","url":"https:\/\/www.physipro.com\/wp-content\/uploads\/CONTOUR-INSERT-1-2-600x600px.png","contentUrl":"https:\/\/www.physipro.com\/wp-content\/uploads\/CONTOUR-INSERT-1-2-600x600px.png","width":600,"height":600},{"@type":"BreadcrumbList","@id":"https:\/\/www.physipro.com\/fr\/produit\/coussin-contour-insert-2\/#breadcrumb","itemListElement":[{"@type":"ListItem","position":1,"name":"Accueil","item":"https:\/\/www.physipro.com\/es\/"},{"@type":"ListItem","position":2,"name":"Tienda","item":"https:\/\/www.physipro.com\/es\/tienda\/"},{"@type":"ListItem","position":3,"name":"Coj\u00edn Contorno Inserto"}]},{"@type":"WebSite","@id":"https:\/\/www.physipro.com\/#website","url":"https:\/\/www.physipro.com\/","name":"Physipro inc.","description":"Un site utilisant WordPress","potentialAction":[{"@type":"SearchAction","target":{"@type":"EntryPoint","urlTemplate":"https:\/\/www.physipro.com\/?s={search_term_string}"},"query-input":"required name=search_term_string"}],"inLanguage":"es"}]}},"_links":{"self":[{"href":"https:\/\/www.physipro.com\/es\/wp-json\/wp\/v2\/product\/6428","targetHints":{"allow":["GET"]}}],"collection":[{"href":"https:\/\/www.physipro.com\/es\/wp-json\/wp\/v2\/product"}],"about":[{"href":"https:\/\/www.physipro.com\/es\/wp-json\/wp\/v2\/types\/product"}],"replies":[{"embeddable":true,"href":"https:\/\/www.physipro.com\/es\/wp-json\/wp\/v2\/comments?post=6428"}],"wp:featuredmedia":[{"embeddable":true,"href":"https:\/\/www.physipro.com\/es\/wp-json\/wp\/v2\/media\/22709"}],"wp:attachment":[{"href":"https:\/\/www.physipro.com\/es\/wp-json\/wp\/v2\/media?parent=6428"}],"wp:term":[{"taxonomy":"product_cat","embeddable":true,"href":"https:\/\/www.physipro.com\/es\/wp-json\/wp\/v2\/product_cat?post=6428"},{"taxonomy":"product_tag","embeddable":true,"href":"https:\/\/www.physipro.com\/es\/wp-json\/wp\/v2\/product_tag?post=6428"}],"curies":[{"name":"wp","href":"https:\/\/api.w.org\/{rel}","templated":true}]}}