{"id":8717,"date":"2015-03-25T15:06:39","date_gmt":"2015-03-25T16:08:34","guid":{"rendered":"https:\/\/www.physipro.com\/?post_type=product&#038;p=8717"},"modified":"2016-07-26T12:08:31","modified_gmt":"2016-07-26T12:08:31","slug":"simulador","status":"publish","type":"product","link":"https:\/\/www.physipro.com\/es\/producto\/simulador\/","title":{"rendered":"Simulador"},"content":{"rendered":"<div class=\"wpb-content-wrapper\"><p>[vc_row full_width=&#8221;stretch_row_content&#8221; el_class=&#8221;btn-group-anchor&#8221; css=&#8221;.vc_custom_1427294049337{padding-top: 0px !important;}&#8221;][vc_column width=&#8221;1\/2&#8243;]<a href=\"#specifications\" class=\"btn btn-default\"> <span>Especificaciones<\/span><\/a>[\/vc_column][vc_column width=&#8221;1\/2&#8243;]<a href=\"#video\" class=\"btn btn-default\"> <span>Documentaci\u00f3n<\/span><\/a>[\/vc_column][\/vc_row][vc_row][vc_column width=&#8221;2\/3&#8243;][vc_gallery interval=&#8221;3&#8243; images=&#8221;8590,8600,8605,8610,8615,8595&#8243; img_size=&#8221;full&#8221;][\/vc_column][vc_column width=&#8221;1\/3&#8243;][vc_column_text]<a href=\"https:\/\/www.physipro.com\/wp-content\/uploads\/2015\/02\/logo_simulateur_en.png\"><img loading=\"lazy\" decoding=\"async\" class=\"alignnone size-medium wp-image-8629\" src=\"https:\/\/www.physipro.com\/wp-content\/uploads\/2015\/02\/logo_simulateur_en-300x45.png\" alt=\"logo_simulateur_en\" width=\"300\" height=\"45\" srcset=\"https:\/\/www.physipro.com\/wp-content\/uploads\/2015\/02\/logo_simulateur_en-300x45.png 300w, https:\/\/www.physipro.com\/wp-content\/uploads\/2015\/02\/logo_simulateur_en-600x90.png 600w, https:\/\/www.physipro.com\/wp-content\/uploads\/2015\/02\/logo_simulateur_en-1024x154.png 1024w\" sizes=\"auto, (max-width: 300px) 100vw, 300px\" \/><\/a><\/p>\n<p><strong>Physipro es la empresa que logr\u00f3 crear la primera silla de simulaci\u00f3n con el fin de determinar con exactitud los criterios de fabricaci\u00f3n de una ayuda t\u00e9cnica para la postura que responda a criterios espec\u00edficos.<\/strong><\/p>\n<p>La silla de ruedas de simulaci\u00f3n optimiza la postura del cliente cuando se efect\u00faa la evaluaci\u00f3n. Esta facilita la toma de medidas antropom\u00e9tricas y favorece la validaci\u00f3n de la selecci\u00f3n de posturas. Siendo de regulaci\u00f3n m\u00faltiple tanto para ni\u00f1os como para adultos, muchos de los ajustes pueden ser ejecutados r\u00e1pidamente sin herramientas; esta caracter\u00edstica la convierte en un aparato de evaluaci\u00f3n muy funcional.<\/p>\n<p>En este simulador se pueden instalar de tres tipos de respaldo:<\/p>\n<p>1) Premium (para ni\u00f1os y adultos) que nos permite obtener el perfil del realce dorsal;<\/p>\n<p>2) r\u00edgido perforado para los moldes;<\/p>\n<p>3) r\u00edgido cuadriculado para definir la exactitud de la ubicaci\u00f3n de los soportes tor\u00e1cicos.<\/p>\n<p><strong>Caracter\u00edsticas:<\/strong><\/p>\n<ul>\n<li>Flexibilidad;<\/li>\n<li>Precisi\u00f3n de las medidas;<\/li>\n<li>Ajuste f\u00e1cil;<\/li>\n<li>Molde \u00ab Sunmate Dynamic \u00bb;<\/li>\n<\/ul>\n<p>[\/vc_column_text]<a href=\"https:\/\/www.physipro.com\/wp-content\/uploads\/2015\/03\/Brochure_Simulateur_EN.pdf\" target=\"_blank\"class=\"btn btn-primary\"> <span>Descargar el folleto<\/span><\/a>[\/vc_column][\/vc_row][vc_row full_width=&#8221;stretch_row&#8221; id_attribute=&#8221;specifications&#8221; el_class=&#8221;section-specifications&#8221;][vc_column][vc_column_text]<\/p>\n<h2>Especificaciones<\/h2>\n<p>[\/vc_column_text][vc_column_text el_class=&#8221;specification-table&#8221;]<\/p>\n<table>\n<tbody>\n<tr>\n<td><strong>B\u00e1scula asiento-respaldo<\/strong><\/td>\n<td>10\u00b0 a 30\u00b0<\/td>\n<\/tr>\n<tr>\n<td><strong>Inclinaci\u00f3n del respaldo<\/strong><\/td>\n<td>85\u00b0 a 150\u00b0<\/td>\n<\/tr>\n<tr>\n<td><strong>Profundidad del coj\u00edn <\/strong><\/td>\n<td>14\u2033 a 25\u2033<\/td>\n<\/tr>\n<tr>\n<td><strong>Cu\u00f1a crural<\/strong><\/td>\n<td>0\u2033 a 2,5\u2033<\/td>\n<\/tr>\n<tr>\n<td><strong>Reposa pelvis<\/strong><\/td>\n<td>7\u2033 a\u00a021\u2033<\/td>\n<\/tr>\n<tr>\n<td><strong>Reposa t\u00f3rax<\/strong><\/td>\n<td>Lateral 8,5\u2033 a 20\u2033<br \/>\nAltura 11\u2033 a 18\u2033<\/td>\n<\/tr>\n<tr>\n<td><strong>Soporte del reposacabezas<\/strong><\/td>\n<td>altura 8\u2033 de trayecto<br \/>\nlateral 6\u2033 de trayecto ya sea 3\u2033 a izquieda y a la derecha<br \/>\nprofundidad -4\u2033 a 5\u2033<\/td>\n<\/tr>\n<tr>\n<td><strong>Reposabrazos<\/strong><\/td>\n<td>alto 0\u2033 a 16\u2033<br \/>\nancho 8\u2033 a 21\u2033<br \/>\nprofundidad 10\u2033 de trayecto<\/td>\n<\/tr>\n<tr>\n<td><strong>Reposapi\u00e9s<\/strong><\/td>\n<td>alto 13\u2033 a 21\u2033<br \/>\nancho 12\u2033 a 21\u2033<br \/>\ninclinaci\u00f3n de 60\u00b0, 70\u00b0 y 90\u00b0<\/td>\n<\/tr>\n<tr>\n<td><strong>Peso m\u00e1ximo del usuario<\/strong><\/td>\n<td>450 lb<\/td>\n<\/tr>\n<\/tbody>\n<\/table>\n<p>[\/vc_column_text][\/vc_column][\/vc_row][vc_row id_attribute=&#8221;video&#8221;][vc_column el_class=&#8221;btn-file-group&#8221;][vc_column_text]<\/p>\n<h2>Documentaci\u00f3n<\/h2>\n<p>[\/vc_column_text]<a href=\"https:\/\/www.physipro.com\/wp-content\/uploads\/2015\/03\/Brochure_Simulateur_EN.pdf\" target=\"_blank\"class=\"btn btn-default btn-lg\"><i class=\"fa fa-file-pdf-o fa-lg\"><\/i> <span>Folleto<\/span><\/a><a href=\"https:\/\/www.physipro.com\/wp-content\/uploads\/2015\/03\/Manuel_Utilisation_Simulateur_2023.pdf\" target=\"_blank\"class=\"btn btn-default btn-lg\"><i class=\"fa fa-file-pdf-o fa-lg\"><\/i> <span>Manual del usuario<\/span><\/a>[\/vc_column][\/vc_row]<\/p>\n<\/div>","protected":false},"excerpt":{"rendered":"<p>[vc_row full_width=&#8221;stretch_row_content&#8221; el_class=&#8221;btn-group-anchor&#8221; css=&#8221;.vc_custom_1427294049337{padding-top: 0px !important;}&#8221;][vc_column width=&#8221;1\/2&#8243;][\/vc_column][vc_column width=&#8221;1\/2&#8243;][\/vc_column][\/vc_row][vc_row][vc_column width=&#8221;2\/3&#8243;][vc_gallery interval=&#8221;3&#8243; images=&#8221;8590,8600,8605,8610,8615,8595&#8243; img_size=&#8221;full&#8221;][\/vc_column][vc_column width=&#8221;1\/3&#8243;][vc_column_text] Physipro es la empresa que logr\u00f3 crear la primera silla de simulaci\u00f3n con el fin de determinar con exactitud los criterios de fabricaci\u00f3n de una ayuda t\u00e9cnica para la postura que responda a criterios espec\u00edficos. La silla&#8230;<\/p>\n <p><a class=\"read-more btn btn-primary btn-lg\" href=\"https:\/\/www.physipro.com\/es\/producto\/simulador\/\">Leer m&aacute;s<\/a><\/p>","protected":false},"featured_media":8603,"comment_status":"open","ping_status":"closed","template":"","meta":{"_acf_changed":false},"product_cat":[76],"product_tag":[],"class_list":{"0":"post-8717","1":"product","2":"type-product","3":"status-publish","4":"has-post-thumbnail","6":"product_cat-movilidad-es","8":"first","9":"instock","10":"shipping-taxable","11":"product-type-simple"},"acf":[],"yoast_head":"<!-- This site is optimized with the Yoast SEO plugin v22.3 - https:\/\/yoast.com\/wordpress\/plugins\/seo\/ -->\n<title>Simulador - Physipro inc.<\/title>\n<meta name=\"robots\" content=\"index, follow, max-snippet:-1, max-image-preview:large, max-video-preview:-1\" \/>\n<link rel=\"canonical\" href=\"https:\/\/www.physipro.com\/es\/product\/simulador\/\" \/>\n<meta property=\"og:locale\" content=\"es_ES\" \/>\n<meta property=\"og:type\" content=\"article\" \/>\n<meta property=\"og:title\" content=\"Simulador - Physipro inc.\" \/>\n<meta property=\"og:description\" content=\"[vc_row full_width=&#8221;stretch_row_content&#8221; el_class=&#8221;btn-group-anchor&#8221; css=&#8221;.vc_custom_1427294049337{padding-top: 0px !important;}&#8221;][vc_column width=&#8221;1\/2&#8243;][\/vc_column][vc_column width=&#8221;1\/2&#8243;][\/vc_column][\/vc_row][vc_row][vc_column width=&#8221;2\/3&#8243;][vc_gallery interval=&#8221;3&#8243; images=&#8221;8590,8600,8605,8610,8615,8595&#8243; img_size=&#8221;full&#8221;][\/vc_column][vc_column width=&#8221;1\/3&#8243;][vc_column_text] Physipro es la empresa que logr\u00f3 crear la primera silla de simulaci\u00f3n con el fin de determinar con exactitud los criterios de fabricaci\u00f3n de una ayuda t\u00e9cnica para la postura que responda a criterios espec\u00edficos. La silla...\" \/>\n<meta property=\"og:url\" content=\"https:\/\/www.physipro.com\/es\/product\/simulador\/\" \/>\n<meta property=\"og:site_name\" content=\"Physipro inc.\" \/>\n<meta property=\"article:modified_time\" content=\"2016-07-26T12:08:31+00:00\" \/>\n<meta property=\"og:image\" content=\"https:\/\/www.physipro.com\/wp-content\/uploads\/2015\/02\/SIMULATEUR-861.png\" \/>\n\t<meta property=\"og:image:width\" content=\"600\" \/>\n\t<meta property=\"og:image:height\" content=\"699\" \/>\n\t<meta property=\"og:image:type\" content=\"image\/png\" \/>\n<meta name=\"twitter:label1\" content=\"Tiempo de lectura\" \/>\n\t<meta name=\"twitter:data1\" content=\"2 minutos\" \/>\n<script type=\"application\/ld+json\" class=\"yoast-schema-graph\">{\"@context\":\"https:\/\/schema.org\",\"@graph\":[{\"@type\":\"WebPage\",\"@id\":\"https:\/\/www.physipro.com\/es\/product\/simulador\/\",\"url\":\"https:\/\/www.physipro.com\/es\/product\/simulador\/\",\"name\":\"Simulador - Physipro inc.\",\"isPartOf\":{\"@id\":\"https:\/\/www.physipro.com\/#website\"},\"primaryImageOfPage\":{\"@id\":\"https:\/\/www.physipro.com\/es\/product\/simulador\/#primaryimage\"},\"image\":{\"@id\":\"https:\/\/www.physipro.com\/es\/product\/simulador\/#primaryimage\"},\"thumbnailUrl\":\"https:\/\/www.physipro.com\/wp-content\/uploads\/2015\/02\/SIMULATEUR-861.png\",\"datePublished\":\"2015-03-25T16:08:34+00:00\",\"dateModified\":\"2016-07-26T12:08:31+00:00\",\"breadcrumb\":{\"@id\":\"https:\/\/www.physipro.com\/es\/product\/simulador\/#breadcrumb\"},\"inLanguage\":\"es\",\"potentialAction\":[{\"@type\":\"ReadAction\",\"target\":[\"https:\/\/www.physipro.com\/es\/product\/simulador\/\"]}]},{\"@type\":\"ImageObject\",\"inLanguage\":\"es\",\"@id\":\"https:\/\/www.physipro.com\/es\/product\/simulador\/#primaryimage\",\"url\":\"https:\/\/www.physipro.com\/wp-content\/uploads\/2015\/02\/SIMULATEUR-861.png\",\"contentUrl\":\"https:\/\/www.physipro.com\/wp-content\/uploads\/2015\/02\/SIMULATEUR-861.png\",\"width\":600,\"height\":699},{\"@type\":\"BreadcrumbList\",\"@id\":\"https:\/\/www.physipro.com\/es\/product\/simulador\/#breadcrumb\",\"itemListElement\":[{\"@type\":\"ListItem\",\"position\":1,\"name\":\"Accueil\",\"item\":\"https:\/\/www.physipro.com\/es\/\"},{\"@type\":\"ListItem\",\"position\":2,\"name\":\"Tienda\",\"item\":\"https:\/\/www.physipro.com\/es\/tienda\/\"},{\"@type\":\"ListItem\",\"position\":3,\"name\":\"Simulador\"}]},{\"@type\":\"WebSite\",\"@id\":\"https:\/\/www.physipro.com\/#website\",\"url\":\"https:\/\/www.physipro.com\/\",\"name\":\"Physipro inc.\",\"description\":\"Un site utilisant WordPress\",\"potentialAction\":[{\"@type\":\"SearchAction\",\"target\":{\"@type\":\"EntryPoint\",\"urlTemplate\":\"https:\/\/www.physipro.com\/?s={search_term_string}\"},\"query-input\":\"required name=search_term_string\"}],\"inLanguage\":\"es\"}]}<\/script>\n<!-- \/ Yoast SEO plugin. -->","yoast_head_json":{"title":"Simulador - Physipro inc.","robots":{"index":"index","follow":"follow","max-snippet":"max-snippet:-1","max-image-preview":"max-image-preview:large","max-video-preview":"max-video-preview:-1"},"canonical":"https:\/\/www.physipro.com\/es\/product\/simulador\/","og_locale":"es_ES","og_type":"article","og_title":"Simulador - Physipro inc.","og_description":"[vc_row full_width=&#8221;stretch_row_content&#8221; el_class=&#8221;btn-group-anchor&#8221; css=&#8221;.vc_custom_1427294049337{padding-top: 0px !important;}&#8221;][vc_column width=&#8221;1\/2&#8243;][\/vc_column][vc_column width=&#8221;1\/2&#8243;][\/vc_column][\/vc_row][vc_row][vc_column width=&#8221;2\/3&#8243;][vc_gallery interval=&#8221;3&#8243; images=&#8221;8590,8600,8605,8610,8615,8595&#8243; img_size=&#8221;full&#8221;][\/vc_column][vc_column width=&#8221;1\/3&#8243;][vc_column_text] Physipro es la empresa que logr\u00f3 crear la primera silla de simulaci\u00f3n con el fin de determinar con exactitud los criterios de fabricaci\u00f3n de una ayuda t\u00e9cnica para la postura que responda a criterios espec\u00edficos. La silla...","og_url":"https:\/\/www.physipro.com\/es\/product\/simulador\/","og_site_name":"Physipro inc.","article_modified_time":"2016-07-26T12:08:31+00:00","og_image":[{"width":600,"height":699,"url":"https:\/\/www.physipro.com\/wp-content\/uploads\/2015\/02\/SIMULATEUR-861.png","type":"image\/png"}],"twitter_misc":{"Tiempo de lectura":"2 minutos"},"schema":{"@context":"https:\/\/schema.org","@graph":[{"@type":"WebPage","@id":"https:\/\/www.physipro.com\/es\/product\/simulador\/","url":"https:\/\/www.physipro.com\/es\/product\/simulador\/","name":"Simulador - Physipro inc.","isPartOf":{"@id":"https:\/\/www.physipro.com\/#website"},"primaryImageOfPage":{"@id":"https:\/\/www.physipro.com\/es\/product\/simulador\/#primaryimage"},"image":{"@id":"https:\/\/www.physipro.com\/es\/product\/simulador\/#primaryimage"},"thumbnailUrl":"https:\/\/www.physipro.com\/wp-content\/uploads\/2015\/02\/SIMULATEUR-861.png","datePublished":"2015-03-25T16:08:34+00:00","dateModified":"2016-07-26T12:08:31+00:00","breadcrumb":{"@id":"https:\/\/www.physipro.com\/es\/product\/simulador\/#breadcrumb"},"inLanguage":"es","potentialAction":[{"@type":"ReadAction","target":["https:\/\/www.physipro.com\/es\/product\/simulador\/"]}]},{"@type":"ImageObject","inLanguage":"es","@id":"https:\/\/www.physipro.com\/es\/product\/simulador\/#primaryimage","url":"https:\/\/www.physipro.com\/wp-content\/uploads\/2015\/02\/SIMULATEUR-861.png","contentUrl":"https:\/\/www.physipro.com\/wp-content\/uploads\/2015\/02\/SIMULATEUR-861.png","width":600,"height":699},{"@type":"BreadcrumbList","@id":"https:\/\/www.physipro.com\/es\/product\/simulador\/#breadcrumb","itemListElement":[{"@type":"ListItem","position":1,"name":"Accueil","item":"https:\/\/www.physipro.com\/es\/"},{"@type":"ListItem","position":2,"name":"Tienda","item":"https:\/\/www.physipro.com\/es\/tienda\/"},{"@type":"ListItem","position":3,"name":"Simulador"}]},{"@type":"WebSite","@id":"https:\/\/www.physipro.com\/#website","url":"https:\/\/www.physipro.com\/","name":"Physipro inc.","description":"Un site utilisant WordPress","potentialAction":[{"@type":"SearchAction","target":{"@type":"EntryPoint","urlTemplate":"https:\/\/www.physipro.com\/?s={search_term_string}"},"query-input":"required name=search_term_string"}],"inLanguage":"es"}]}},"_links":{"self":[{"href":"https:\/\/www.physipro.com\/es\/wp-json\/wp\/v2\/product\/8717","targetHints":{"allow":["GET"]}}],"collection":[{"href":"https:\/\/www.physipro.com\/es\/wp-json\/wp\/v2\/product"}],"about":[{"href":"https:\/\/www.physipro.com\/es\/wp-json\/wp\/v2\/types\/product"}],"replies":[{"embeddable":true,"href":"https:\/\/www.physipro.com\/es\/wp-json\/wp\/v2\/comments?post=8717"}],"wp:featuredmedia":[{"embeddable":true,"href":"https:\/\/www.physipro.com\/es\/wp-json\/wp\/v2\/media\/8603"}],"wp:attachment":[{"href":"https:\/\/www.physipro.com\/es\/wp-json\/wp\/v2\/media?parent=8717"}],"wp:term":[{"taxonomy":"product_cat","embeddable":true,"href":"https:\/\/www.physipro.com\/es\/wp-json\/wp\/v2\/product_cat?post=8717"},{"taxonomy":"product_tag","embeddable":true,"href":"https:\/\/www.physipro.com\/es\/wp-json\/wp\/v2\/product_tag?post=8717"}],"curies":[{"name":"wp","href":"https:\/\/api.w.org\/{rel}","templated":true}]}}