{"id":8738,"date":"2015-03-25T16:47:12","date_gmt":"2015-03-25T16:47:12","guid":{"rendered":"https:\/\/www.physipro.com\/?post_type=product&#038;p=8738"},"modified":"2015-04-07T19:11:05","modified_gmt":"2015-04-07T19:11:05","slug":"portafolio-de-evaluacion","status":"publish","type":"product","link":"https:\/\/www.physipro.com\/es\/producto\/portafolio-de-evaluacion\/","title":{"rendered":"Portafolio de evaluaci\u00f3n"},"content":{"rendered":"<div class=\"wpb-content-wrapper\"><p>[vc_row css=&#8221;.vc_custom_1428433810721{padding-top: 100px !important;}&#8221;][vc_column width=&#8221;1\/2&#8243; animation=&#8221;none&#8221;][vc_single_image image=&#8221;11270&#8243; alignment=&#8221;center&#8221; border_color=&#8221;grey&#8221; img_link_large=&#8221;&#8221; img_link_target=&#8221;_self&#8221;][\/vc_column][vc_column width=&#8221;1\/2&#8243; animation=&#8221;none&#8221;][vc_column_text]<\/p>\n<h2>Portafolio de evaluaci\u00f3n<\/h2>\n<p>[\/vc_column_text][vc_column_text]Los componentes del soporte del sistema modular han sido modelados para que puedan ser integrados y formar unidades funcionales que act\u00faan en una regi\u00f3n del cuerpo con el fin de responder a la morfolog\u00eda y a las necesidades posturales de una persona.<\/p>\n<p>El sistema modular les ofrece direntes formas y formatos de elementos de posicionamiento. Estos se instalan f\u00e1cilmente y se manejan seg\u00fan las necesidades de cambio morfol\u00f3gico.<\/p>\n<p>&nbsp;<\/p>\n<p>&nbsp;<\/p>\n<p>&nbsp;<\/p>\n<p>&nbsp;<\/p>\n<p>[\/vc_column_text][\/vc_column][\/vc_row][vc_row][vc_column][vc_column_text]<\/p>\n<p>&nbsp;<\/p>\n<p>&nbsp;<\/p>\n<p>[\/vc_column_text][\/vc_column][\/vc_row]<\/p>\n<\/div>","protected":false},"excerpt":{"rendered":"<p>[vc_row css=&#8221;.vc_custom_1428433810721{padding-top: 100px !important;}&#8221;][vc_column width=&#8221;1\/2&#8243; animation=&#8221;none&#8221;][vc_single_image image=&#8221;11270&#8243; alignment=&#8221;center&#8221; border_color=&#8221;grey&#8221; img_link_large=&#8221;&#8221; img_link_target=&#8221;_self&#8221;][\/vc_column][vc_column width=&#8221;1\/2&#8243; animation=&#8221;none&#8221;][vc_column_text] Portafolio de evaluaci\u00f3n [\/vc_column_text][vc_column_text]Los componentes del soporte del sistema modular han sido modelados para que puedan ser integrados y formar unidades funcionales que act\u00faan en una regi\u00f3n del cuerpo con el fin de responder a la morfolog\u00eda&#8230;<\/p>\n <p><a class=\"read-more btn btn-primary btn-lg\" href=\"https:\/\/www.physipro.com\/es\/producto\/portafolio-de-evaluacion\/\">Leer m&aacute;s<\/a><\/p>","protected":false},"featured_media":11265,"comment_status":"open","ping_status":"closed","template":"","meta":{"_acf_changed":false},"product_cat":[544],"product_tag":[],"class_list":{"0":"post-8738","1":"product","2":"type-product","3":"status-publish","4":"has-post-thumbnail","6":"product_cat-non-classe","8":"first","9":"instock","10":"shipping-taxable","11":"product-type-simple"},"acf":[],"yoast_head":"<!-- This site is optimized with the Yoast SEO plugin v22.3 - https:\/\/yoast.com\/wordpress\/plugins\/seo\/ -->\n<title>Portafolio de evaluaci\u00f3n - Physipro inc.<\/title>\n<meta name=\"robots\" content=\"index, follow, max-snippet:-1, max-image-preview:large, max-video-preview:-1\" \/>\n<link rel=\"canonical\" href=\"https:\/\/www.physipro.com\/es\/product\/portafolio-de-evaluacion\/\" \/>\n<meta property=\"og:locale\" content=\"es_ES\" \/>\n<meta property=\"og:type\" content=\"article\" \/>\n<meta property=\"og:title\" content=\"Portafolio de evaluaci\u00f3n - Physipro inc.\" \/>\n<meta property=\"og:description\" content=\"[vc_row css=&#8221;.vc_custom_1428433810721{padding-top: 100px !important;}&#8221;][vc_column width=&#8221;1\/2&#8243; animation=&#8221;none&#8221;][vc_single_image image=&#8221;11270&#8243; alignment=&#8221;center&#8221; border_color=&#8221;grey&#8221; img_link_large=&#8221;&#8221; img_link_target=&#8221;_self&#8221;][\/vc_column][vc_column width=&#8221;1\/2&#8243; animation=&#8221;none&#8221;][vc_column_text] Portafolio de evaluaci\u00f3n [\/vc_column_text][vc_column_text]Los componentes del soporte del sistema modular han sido modelados para que puedan ser integrados y formar unidades funcionales que act\u00faan en una regi\u00f3n del cuerpo con el fin de responder a la morfolog\u00eda...\" \/>\n<meta property=\"og:url\" content=\"https:\/\/www.physipro.com\/es\/product\/portafolio-de-evaluacion\/\" \/>\n<meta property=\"og:site_name\" content=\"Physipro inc.\" \/>\n<meta property=\"article:modified_time\" content=\"2015-04-07T19:11:05+00:00\" \/>\n<meta property=\"og:image\" content=\"https:\/\/www.physipro.com\/wp-content\/uploads\/2015\/03\/case.png\" \/>\n\t<meta property=\"og:image:width\" content=\"600\" \/>\n\t<meta property=\"og:image:height\" content=\"600\" \/>\n\t<meta property=\"og:image:type\" content=\"image\/png\" \/>\n<meta name=\"twitter:label1\" content=\"Tiempo de lectura\" \/>\n\t<meta name=\"twitter:data1\" content=\"1 minuto\" \/>\n<script type=\"application\/ld+json\" class=\"yoast-schema-graph\">{\"@context\":\"https:\/\/schema.org\",\"@graph\":[{\"@type\":\"WebPage\",\"@id\":\"https:\/\/www.physipro.com\/es\/product\/portafolio-de-evaluacion\/\",\"url\":\"https:\/\/www.physipro.com\/es\/product\/portafolio-de-evaluacion\/\",\"name\":\"Portafolio de evaluaci\u00f3n - Physipro inc.\",\"isPartOf\":{\"@id\":\"https:\/\/www.physipro.com\/#website\"},\"primaryImageOfPage\":{\"@id\":\"https:\/\/www.physipro.com\/es\/product\/portafolio-de-evaluacion\/#primaryimage\"},\"image\":{\"@id\":\"https:\/\/www.physipro.com\/es\/product\/portafolio-de-evaluacion\/#primaryimage\"},\"thumbnailUrl\":\"https:\/\/www.physipro.com\/wp-content\/uploads\/2015\/03\/case.png\",\"datePublished\":\"2015-03-25T16:47:12+00:00\",\"dateModified\":\"2015-04-07T19:11:05+00:00\",\"breadcrumb\":{\"@id\":\"https:\/\/www.physipro.com\/es\/product\/portafolio-de-evaluacion\/#breadcrumb\"},\"inLanguage\":\"es\",\"potentialAction\":[{\"@type\":\"ReadAction\",\"target\":[\"https:\/\/www.physipro.com\/es\/product\/portafolio-de-evaluacion\/\"]}]},{\"@type\":\"ImageObject\",\"inLanguage\":\"es\",\"@id\":\"https:\/\/www.physipro.com\/es\/product\/portafolio-de-evaluacion\/#primaryimage\",\"url\":\"https:\/\/www.physipro.com\/wp-content\/uploads\/2015\/03\/case.png\",\"contentUrl\":\"https:\/\/www.physipro.com\/wp-content\/uploads\/2015\/03\/case.png\",\"width\":600,\"height\":600},{\"@type\":\"BreadcrumbList\",\"@id\":\"https:\/\/www.physipro.com\/es\/product\/portafolio-de-evaluacion\/#breadcrumb\",\"itemListElement\":[{\"@type\":\"ListItem\",\"position\":1,\"name\":\"Accueil\",\"item\":\"https:\/\/www.physipro.com\/es\/\"},{\"@type\":\"ListItem\",\"position\":2,\"name\":\"Tienda\",\"item\":\"https:\/\/www.physipro.com\/es\/tienda\/\"},{\"@type\":\"ListItem\",\"position\":3,\"name\":\"Portafolio de evaluaci\u00f3n\"}]},{\"@type\":\"WebSite\",\"@id\":\"https:\/\/www.physipro.com\/#website\",\"url\":\"https:\/\/www.physipro.com\/\",\"name\":\"Physipro inc.\",\"description\":\"Un site utilisant WordPress\",\"potentialAction\":[{\"@type\":\"SearchAction\",\"target\":{\"@type\":\"EntryPoint\",\"urlTemplate\":\"https:\/\/www.physipro.com\/?s={search_term_string}\"},\"query-input\":\"required name=search_term_string\"}],\"inLanguage\":\"es\"}]}<\/script>\n<!-- \/ Yoast SEO plugin. -->","yoast_head_json":{"title":"Portafolio de evaluaci\u00f3n - Physipro inc.","robots":{"index":"index","follow":"follow","max-snippet":"max-snippet:-1","max-image-preview":"max-image-preview:large","max-video-preview":"max-video-preview:-1"},"canonical":"https:\/\/www.physipro.com\/es\/product\/portafolio-de-evaluacion\/","og_locale":"es_ES","og_type":"article","og_title":"Portafolio de evaluaci\u00f3n - Physipro inc.","og_description":"[vc_row css=&#8221;.vc_custom_1428433810721{padding-top: 100px !important;}&#8221;][vc_column width=&#8221;1\/2&#8243; animation=&#8221;none&#8221;][vc_single_image image=&#8221;11270&#8243; alignment=&#8221;center&#8221; border_color=&#8221;grey&#8221; img_link_large=&#8221;&#8221; img_link_target=&#8221;_self&#8221;][\/vc_column][vc_column width=&#8221;1\/2&#8243; animation=&#8221;none&#8221;][vc_column_text] Portafolio de evaluaci\u00f3n [\/vc_column_text][vc_column_text]Los componentes del soporte del sistema modular han sido modelados para que puedan ser integrados y formar unidades funcionales que act\u00faan en una regi\u00f3n del cuerpo con el fin de responder a la morfolog\u00eda...","og_url":"https:\/\/www.physipro.com\/es\/product\/portafolio-de-evaluacion\/","og_site_name":"Physipro inc.","article_modified_time":"2015-04-07T19:11:05+00:00","og_image":[{"width":600,"height":600,"url":"https:\/\/www.physipro.com\/wp-content\/uploads\/2015\/03\/case.png","type":"image\/png"}],"twitter_misc":{"Tiempo de lectura":"1 minuto"},"schema":{"@context":"https:\/\/schema.org","@graph":[{"@type":"WebPage","@id":"https:\/\/www.physipro.com\/es\/product\/portafolio-de-evaluacion\/","url":"https:\/\/www.physipro.com\/es\/product\/portafolio-de-evaluacion\/","name":"Portafolio de evaluaci\u00f3n - Physipro inc.","isPartOf":{"@id":"https:\/\/www.physipro.com\/#website"},"primaryImageOfPage":{"@id":"https:\/\/www.physipro.com\/es\/product\/portafolio-de-evaluacion\/#primaryimage"},"image":{"@id":"https:\/\/www.physipro.com\/es\/product\/portafolio-de-evaluacion\/#primaryimage"},"thumbnailUrl":"https:\/\/www.physipro.com\/wp-content\/uploads\/2015\/03\/case.png","datePublished":"2015-03-25T16:47:12+00:00","dateModified":"2015-04-07T19:11:05+00:00","breadcrumb":{"@id":"https:\/\/www.physipro.com\/es\/product\/portafolio-de-evaluacion\/#breadcrumb"},"inLanguage":"es","potentialAction":[{"@type":"ReadAction","target":["https:\/\/www.physipro.com\/es\/product\/portafolio-de-evaluacion\/"]}]},{"@type":"ImageObject","inLanguage":"es","@id":"https:\/\/www.physipro.com\/es\/product\/portafolio-de-evaluacion\/#primaryimage","url":"https:\/\/www.physipro.com\/wp-content\/uploads\/2015\/03\/case.png","contentUrl":"https:\/\/www.physipro.com\/wp-content\/uploads\/2015\/03\/case.png","width":600,"height":600},{"@type":"BreadcrumbList","@id":"https:\/\/www.physipro.com\/es\/product\/portafolio-de-evaluacion\/#breadcrumb","itemListElement":[{"@type":"ListItem","position":1,"name":"Accueil","item":"https:\/\/www.physipro.com\/es\/"},{"@type":"ListItem","position":2,"name":"Tienda","item":"https:\/\/www.physipro.com\/es\/tienda\/"},{"@type":"ListItem","position":3,"name":"Portafolio de evaluaci\u00f3n"}]},{"@type":"WebSite","@id":"https:\/\/www.physipro.com\/#website","url":"https:\/\/www.physipro.com\/","name":"Physipro inc.","description":"Un site utilisant WordPress","potentialAction":[{"@type":"SearchAction","target":{"@type":"EntryPoint","urlTemplate":"https:\/\/www.physipro.com\/?s={search_term_string}"},"query-input":"required name=search_term_string"}],"inLanguage":"es"}]}},"_links":{"self":[{"href":"https:\/\/www.physipro.com\/es\/wp-json\/wp\/v2\/product\/8738","targetHints":{"allow":["GET"]}}],"collection":[{"href":"https:\/\/www.physipro.com\/es\/wp-json\/wp\/v2\/product"}],"about":[{"href":"https:\/\/www.physipro.com\/es\/wp-json\/wp\/v2\/types\/product"}],"replies":[{"embeddable":true,"href":"https:\/\/www.physipro.com\/es\/wp-json\/wp\/v2\/comments?post=8738"}],"wp:featuredmedia":[{"embeddable":true,"href":"https:\/\/www.physipro.com\/es\/wp-json\/wp\/v2\/media\/11265"}],"wp:attachment":[{"href":"https:\/\/www.physipro.com\/es\/wp-json\/wp\/v2\/media?parent=8738"}],"wp:term":[{"taxonomy":"product_cat","embeddable":true,"href":"https:\/\/www.physipro.com\/es\/wp-json\/wp\/v2\/product_cat?post=8738"},{"taxonomy":"product_tag","embeddable":true,"href":"https:\/\/www.physipro.com\/es\/wp-json\/wp\/v2\/product_tag?post=8738"}],"curies":[{"name":"wp","href":"https:\/\/api.w.org\/{rel}","templated":true}]}}