{"id":913,"date":"2015-03-04T13:35:51","date_gmt":"2015-03-05T15:22:30","guid":{"rendered":"https:\/\/www.physipro.com\/?post_type=product&#038;p=913"},"modified":"2017-01-31T19:14:15","modified_gmt":"2017-01-31T19:14:15","slug":"silla-de-ruedas-xl5","status":"publish","type":"product","link":"https:\/\/www.physipro.com\/es\/producto\/silla-de-ruedas-xl5\/","title":{"rendered":"Silla de ruedas XL5"},"content":{"rendered":"<div class=\"wpb-content-wrapper\"><p>[vc_row full_width=&#8221;stretch_row_content&#8221; el_class=&#8221;btn-group-anchor&#8221;][vc_column width=&#8221;1\/4&#8243;]<a href=\"#features\" class=\"btn btn-default\"> <span>Caracter\u00edsticas<\/span><\/a>[\/vc_column][vc_column width=&#8221;1\/4&#8243;]<a href=\"#specifications\" class=\"btn btn-default\"> <span>Especificaciones<\/span><\/a>[\/vc_column][vc_column width=&#8221;1\/4&#8243;]<a href=\"#video\" class=\"btn btn-default\"> <span>Documentaciones<\/span><\/a>[\/vc_column][vc_column width=&#8221;1\/4&#8243;]<a href=\"#colors\" class=\"btn btn-default\"> <span>Colores<\/span><\/a>[\/vc_column][\/vc_row][vc_row][vc_column width=&#8221;2\/3&#8243;][vc_gallery interval=&#8221;3&#8243; images=&#8221;6860,6865,6850,6855&#8243; img_size=&#8221;full&#8221;][\/vc_column][vc_column width=&#8221;1\/3&#8243;][vc_column_text]<a href=\"https:\/\/www.physipro.com\/wp-content\/uploads\/2015\/02\/XL5-logo.png\"><img loading=\"lazy\" decoding=\"async\" class=\"alignnone wp-image-304\" src=\"https:\/\/www.physipro.com\/wp-content\/uploads\/2015\/02\/XL5-logo-300x85.png\" alt=\"XL5-logo\" width=\"208\" height=\"59\" srcset=\"https:\/\/www.physipro.com\/wp-content\/uploads\/2015\/02\/XL5-logo-300x85.png 300w, https:\/\/www.physipro.com\/wp-content\/uploads\/2015\/02\/XL5-logo-600x170.png 600w, https:\/\/www.physipro.com\/wp-content\/uploads\/2015\/02\/XL5-logo.png 1008w\" sizes=\"auto, (max-width: 208px) 100vw, 208px\" \/><\/a><\/p>\n<p>La silla plegable XL5 se caracteriza por esos numerosos ajustes que le brindan una versatilidad excepcional con miras a responder a las exigencias m\u00e1s altas de la industria. Cada componente ha sido constru\u00eddo con un ojo intransigente a la robustez y durabilidad.[\/vc_column_text]<a href=\"https:\/\/www.physipro.com\/wp-content\/uploads\/2015\/03\/Brochure_XL5_Manual_Wheelchair.pdf\" target=\"_blank\"class=\"btn btn-primary\"> <span>Descargar el folleto<\/span><\/a>[\/vc_column][\/vc_row][vc_row full_width=&#8221;stretch_row_content&#8221; css=&#8221;.vc_custom_1426853277892{padding-right: 100px !important;padding-left: 0px !important;background-color: #f3f3f5 !important;}&#8221; el_class=&#8221;section-full&#8221; id_attribute=&#8221;features&#8221;][vc_column width=&#8221;1\/4&#8243; css=&#8221;.vc_custom_1426853284468{padding-left: 0px !important;}&#8221;][vc_single_image image=&#8221;851&#8243; img_size=&#8221;full&#8221;][\/vc_column][vc_column width=&#8221;1\/4&#8243;][vc_column_text]<\/p>\n<h2>Reposapi\u00e9s todo-en-un<\/h2>\n<ul>\n<li>Reposapi\u00e9s escamotables y desmontables<\/li>\n<li>Altura ajustable a 1\/2 pulg<\/li>\n<li>Reposapi\u00e9s de 60, 70 y 90 grados<\/li>\n<li>Reposapiernas elevables de compensaci\u00f3n<\/li>\n<li>Plataforma ajustable en inclinaci\u00f3n y profundidad<\/li>\n<li>Se pliega de manera simple y r\u00e1pida<\/li>\n<\/ul>\n<p>[\/vc_column_text][\/vc_column][vc_column width=&#8221;1\/4&#8243;][vc_single_image image=&#8221;6722&#8243; img_size=&#8221;full&#8221;][\/vc_column][vc_column width=&#8221;1\/4&#8243;][vc_column_text]<\/p>\n<h2>F\u00e1cil de almacenar<\/h2>\n<p>Ocupa espacio m\u00ednimo para guardarlo[\/vc_column_text][\/vc_column][\/vc_row][vc_row full_width=&#8221;stretch_row_content&#8221; el_class=&#8221;section-sticky row-middle&#8221;][vc_column width=&#8221;1\/2&#8243;][vc_single_image image=&#8221;818&#8243; img_size=&#8221;full&#8221;][\/vc_column][vc_column width=&#8221;1\/2&#8243;][vc_column_text]<\/p>\n<h2>Un abanico de posibilidades<\/h2>\n<ul>\n<li>Regulaci\u00f3n de las ruedas de atr\u00e1s con profundidad de 1\/4 pulg. y altura, 1\/2 pulg<\/li>\n<li>Sistema antibasculante ajustabe en altura y profundidad<\/li>\n<li>Anclaje de transporte<\/li>\n<li>Reposabrazos escamotables y desmontables, ajustable de altura a \u00bd pulgada<\/li>\n<li>Protector de ropa ajustable<\/li>\n<li>Regulaci\u00f3n cont\u00ednua<\/li>\n<\/ul>\n<p>[\/vc_column_text][\/vc_column][\/vc_row][vc_row full_width=&#8221;stretch_row&#8221; css=&#8221;.vc_custom_1425559412647{background-color: #f2f2f4 !important;}&#8221; el_class=&#8221;section-full section-swatches&#8221; id_attribute=&#8221;colors&#8221;][vc_column][vc_column_text]<\/p>\n<h2 style=\"text-align: center;\">Colores disponibles<\/h2>\n<p>[\/vc_column_text][vc_row_inner][vc_column_inner width=&#8221;1\/6&#8243;][vc_single_image image=&#8221;892&#8243; img_size=&#8221;medium&#8221;][vc_column_text]<\/p>\n<p style=\"text-align: center;\"><strong>Blanco<\/strong><\/p>\n<p>[\/vc_column_text][\/vc_column_inner][vc_column_inner width=&#8221;1\/6&#8243;][vc_single_image image=&#8221;888&#8243; img_size=&#8221;medium&#8221;][vc_column_text]<\/p>\n<p style=\"text-align: center;\"><strong>Plateado<\/strong><\/p>\n<p>[\/vc_column_text][\/vc_column_inner][vc_column_inner width=&#8221;1\/6&#8243;][vc_single_image image=&#8221;900&#8243; img_size=&#8221;medium&#8221;][vc_column_text]<\/p>\n<p style=\"text-align: center;\"><strong>Carb\u00f3n<\/strong><\/p>\n<p>[\/vc_column_text][\/vc_column_inner][vc_column_inner width=&#8221;1\/6&#8243;][vc_single_image image=&#8221;868&#8243; img_size=&#8221;medium&#8221;][vc_column_text]<\/p>\n<p style=\"text-align: center;\"><strong>Negro Mate<\/strong><\/p>\n<p>[\/vc_column_text][\/vc_column_inner][vc_column_inner width=&#8221;1\/6&#8243;][vc_single_image image=&#8221;908&#8243; img_size=&#8221;medium&#8221;][vc_column_text]<\/p>\n<p style=\"text-align: center;\"><strong>Negro Lustroso<\/strong><\/p>\n<p>[\/vc_column_text][\/vc_column_inner][vc_column_inner width=&#8221;1\/6&#8243;][vc_single_image image=&#8221;904&#8243; img_size=&#8221;medium&#8221;][vc_column_text]<\/p>\n<p style=\"text-align: center;\"><strong>Morado Iluminado<\/strong><\/p>\n<p>[\/vc_column_text][\/vc_column_inner][\/vc_row_inner][vc_row_inner][vc_column_inner width=&#8221;1\/6&#8243;][vc_single_image image=&#8221;872&#8243; img_size=&#8221;medium&#8221;][vc_column_text]<\/p>\n<p style=\"text-align: center;\"><strong>Rojo Ciruela<\/strong><\/p>\n<p>[\/vc_column_text][\/vc_column_inner][vc_column_inner width=&#8221;1\/6&#8243;][vc_single_image image=&#8221;876&#8243; img_size=&#8221;medium&#8221;][vc_column_text]<\/p>\n<p style=\"text-align: center;\"><strong>Rojo Bomb\u00f3n<\/strong><\/p>\n<p>[\/vc_column_text][\/vc_column_inner][vc_column_inner width=&#8221;1\/6&#8243;][vc_single_image image=&#8221;884&#8243; img_size=&#8221;medium&#8221;][vc_column_text]<\/p>\n<p style=\"text-align: center;\"><strong>Verde Iluminado<\/strong><\/p>\n<p>[\/vc_column_text][\/vc_column_inner][vc_column_inner width=&#8221;1\/6&#8243;][vc_single_image image=&#8221;880&#8243; img_size=&#8221;medium&#8221;][vc_column_text]<\/p>\n<p style=\"text-align: center;\"><strong>Verde Bomb\u00f3n<\/strong><\/p>\n<p>[\/vc_column_text][\/vc_column_inner][vc_column_inner width=&#8221;1\/6&#8243;][vc_single_image image=&#8221;896&#8243; img_size=&#8221;medium&#8221;][vc_column_text]<\/p>\n<p style=\"text-align: center;\"><strong>Azul Bomb\u00f3n<\/strong><\/p>\n<p>[\/vc_column_text][\/vc_column_inner][vc_column_inner width=&#8221;1\/6&#8243;][vc_single_image image=&#8221;14516&#8243; img_size=&#8221;medium&#8221;][vc_column_text]<\/p>\n<p style=\"text-align: center;\"><strong>Naranja<\/strong><\/p>\n<p>[\/vc_column_text][\/vc_column_inner][\/vc_row_inner][vc_row_inner][vc_column_inner width=&#8221;1\/6&#8243;][vc_single_image image=&#8221;14511&#8243; img_size=&#8221;medium&#8221;][vc_column_text]<\/p>\n<p style=\"text-align: center;\"><strong>Amarillo<\/strong><\/p>\n<p>[\/vc_column_text][\/vc_column_inner][vc_column_inner width=&#8221;1\/6&#8243;][\/vc_column_inner][vc_column_inner width=&#8221;1\/6&#8243;][\/vc_column_inner][vc_column_inner width=&#8221;1\/6&#8243;][\/vc_column_inner][vc_column_inner width=&#8221;1\/6&#8243;][\/vc_column_inner][vc_column_inner width=&#8221;1\/6&#8243;][\/vc_column_inner][\/vc_row_inner][\/vc_column][\/vc_row][vc_row full_width=&#8221;stretch_row&#8221; id_attribute=&#8221;specifications&#8221; el_class=&#8221;section-specifications&#8221;][vc_column][vc_column_text]<\/p>\n<h2>Especificaciones<\/h2>\n<p>[\/vc_column_text][vc_column_text el_class=&#8221;specification-table&#8221;]<\/p>\n<table>\n<tbody>\n<tr>\n<td><strong>Tipo de chasis<\/strong><\/td>\n<td>Plegable<\/td>\n<\/tr>\n<tr>\n<td><strong>Composici\u00f3n<\/strong><\/td>\n<td>Aluminio<\/td>\n<\/tr>\n<tr>\n<td><strong>Profundidad del conj\u00edn<\/strong><\/td>\n<td>14\u2033 a 22\u2033<\/td>\n<\/tr>\n<tr>\n<td><strong>Ancho del coj\u00edn<\/strong><\/td>\n<td>12\u2033 a 22\u2033<\/td>\n<\/tr>\n<tr>\n<td><strong>Altura del asiento<br \/>\nadelante<br \/>\n<\/strong><\/td>\n<td>13\u2033 a 21\u2033<\/td>\n<\/tr>\n<tr>\n<td><strong>Altura del asiento atr\u00e1s<\/strong><\/td>\n<td>13\u2033 a 20 \u00bd\u2033<\/td>\n<\/tr>\n<tr>\n<td><strong>Di\u00e1metro rueda de adelante<\/strong><\/td>\n<td>4\u2033, 5\u2033, 6\u2033, 7\u2033 u 8\u2033<\/td>\n<\/tr>\n<tr>\n<td><strong>Di\u00e1metro rueda de atr\u00e1s<\/strong><\/td>\n<td>20&#8243;, 22&#8243;, 24&#8243; o 26&#8243;<\/td>\n<\/tr>\n<tr>\n<td><strong>Peso de transporte*<\/strong><\/td>\n<td>32.2 lb<\/td>\n<\/tr>\n<tr>\n<td><strong>Peso m\u00e1x. del usuario<\/strong><\/td>\n<td>250 lb<\/td>\n<\/tr>\n<tr>\n<td><strong>Altura del respaldo <\/strong><\/td>\n<td>12&#8243; a 25&#8243;<\/td>\n<\/tr>\n<tr>\n<td><strong>Inclinaci\u00f3n del respaldo<\/strong><\/td>\n<td>85\u00b0 a 115\u00b0<\/td>\n<\/tr>\n<tr>\n<td><strong>Reposabrazos<\/strong><\/td>\n<td><strong>Tipo \u00ab U \u00bb :<\/strong> 7\u2033 a 12\u2033<br \/>\n<strong>Tipo \u00ab U \u00bb bajo :<\/strong> 6\u2033 a 9\u2033<br \/>\n<strong>Tipo \u00ab L \u00bb :<\/strong> 8\u2033 a 10\u2033<br \/>\n<strong>Tipo \u00ab T \u00bb :<\/strong> 8\u2033 a 12\u2033<\/td>\n<\/tr>\n<tr>\n<td><strong>Reposapi\u00e9s<\/strong><\/td>\n<td>60\u00b0 &#8211; 70\u00b0 y 90\u00b0<\/td>\n<\/tr>\n<tr>\n<td><strong>Reposapiernas<\/strong><\/td>\n<td>Elevables de compensaci\u00f3n 14\u2033 a 19\u2033<\/td>\n<\/tr>\n<tr>\n<td colspan=\"2\">&nbsp;<\/p>\n<p>*Configurado con una silla de ruedas 16\u2033 x 16\u2033 y todas las opciones est\u00e1ndares excepto las ruedas de atr\u00e1s. Las ruedas de atr\u00e1s no est\u00e1n inclu\u00eddas pues su peso var\u00eda de un modelo a otro. Como referencia, un par de ruedas est\u00e1ndares de 22\u2033 pesa 7.8 lb.<\/td>\n<\/tr>\n<\/tbody>\n<\/table>\n<p>[\/vc_column_text][\/vc_column][\/vc_row][vc_row id_attribute=&#8221;video&#8221; el_class=&#8221;btn-file-group&#8221;][vc_column][vc_column_text]<\/p>\n<h2>Documentaci\u00f3n<\/h2>\n<p>[\/vc_column_text]<a href=\"https:\/\/www.physipro.com\/wp-content\/uploads\/2015\/03\/Brochure_XL5_Manual_Wheelchair.pdf\" target=\"_blank\"class=\"btn btn-default btn-lg\"><i class=\"fa fa-file-pdf-o fa-lg\"><\/i> <span>Folleto <\/span><\/a><a href=\"https:\/\/www.physipro.com\/wp-content\/uploads\/2015\/03\/User_Manual_XL5.pdf\" target=\"_blank\"class=\"btn btn-default btn-lg\"><i class=\"fa fa-file-pdf-o fa-lg\"><\/i> <span>Manual del usuario <\/span><\/a><a href=\"http:\/\/www.physipro.com\/wp-content\/uploads\/2016\/04\/CataloguePieceXL5-ENMSRP.pdf\" target=\"_blank\"class=\"btn btn-default btn-lg\"><i class=\"fa fa- fa-lg\"><\/i> <span>Cat\u00e1logo de piezas<\/span><\/a>[\/vc_column][\/vc_row]<\/p>\n<\/div>","protected":false},"excerpt":{"rendered":"<p>[vc_row full_width=&#8221;stretch_row_content&#8221; el_class=&#8221;btn-group-anchor&#8221;][vc_column width=&#8221;1\/4&#8243;][\/vc_column][vc_column width=&#8221;1\/4&#8243;][\/vc_column][vc_column width=&#8221;1\/4&#8243;][\/vc_column][vc_column width=&#8221;1\/4&#8243;][\/vc_column][\/vc_row][vc_row][vc_column width=&#8221;2\/3&#8243;][vc_gallery interval=&#8221;3&#8243; images=&#8221;6860,6865,6850,6855&#8243; img_size=&#8221;full&#8221;][\/vc_column][vc_column width=&#8221;1\/3&#8243;][vc_column_text] La silla plegable XL5 se caracteriza por esos numerosos ajustes que le brindan una versatilidad excepcional con miras a responder a las exigencias m\u00e1s altas de la industria. Cada componente ha sido constru\u00eddo con un ojo intransigente a&#8230;<\/p>\n <p><a class=\"read-more btn btn-primary btn-lg\" href=\"https:\/\/www.physipro.com\/es\/producto\/silla-de-ruedas-xl5\/\">Leer m&aacute;s<\/a><\/p>","protected":false},"featured_media":22729,"comment_status":"open","ping_status":"closed","template":"","meta":{"_acf_changed":false},"product_cat":[76],"product_tag":[],"class_list":{"0":"post-913","1":"product","2":"type-product","3":"status-publish","4":"has-post-thumbnail","6":"product_cat-movilidad-es","8":"first","9":"instock","10":"shipping-taxable","11":"product-type-simple"},"acf":[],"yoast_head":"<!-- This site is optimized with the Yoast SEO plugin v22.3 - https:\/\/yoast.com\/wordpress\/plugins\/seo\/ -->\n<title>Silla de ruedas XL5 - Physipro inc.<\/title>\n<meta name=\"robots\" content=\"index, follow, max-snippet:-1, max-image-preview:large, max-video-preview:-1\" \/>\n<link rel=\"canonical\" href=\"https:\/\/www.physipro.com\/es\/product\/silla-de-ruedas-xl5\/\" \/>\n<meta property=\"og:locale\" content=\"es_ES\" \/>\n<meta property=\"og:type\" content=\"article\" \/>\n<meta property=\"og:title\" content=\"Silla de ruedas XL5 - Physipro inc.\" \/>\n<meta property=\"og:description\" content=\"[vc_row full_width=&#8221;stretch_row_content&#8221; el_class=&#8221;btn-group-anchor&#8221;][vc_column width=&#8221;1\/4&#8243;][\/vc_column][vc_column width=&#8221;1\/4&#8243;][\/vc_column][vc_column width=&#8221;1\/4&#8243;][\/vc_column][vc_column width=&#8221;1\/4&#8243;][\/vc_column][\/vc_row][vc_row][vc_column width=&#8221;2\/3&#8243;][vc_gallery interval=&#8221;3&#8243; images=&#8221;6860,6865,6850,6855&#8243; img_size=&#8221;full&#8221;][\/vc_column][vc_column width=&#8221;1\/3&#8243;][vc_column_text] La silla plegable XL5 se caracteriza por esos numerosos ajustes que le brindan una versatilidad excepcional con miras a responder a las exigencias m\u00e1s altas de la industria. Cada componente ha sido constru\u00eddo con un ojo intransigente a...\" \/>\n<meta property=\"og:url\" content=\"https:\/\/www.physipro.com\/es\/product\/silla-de-ruedas-xl5\/\" \/>\n<meta property=\"og:site_name\" content=\"Physipro inc.\" \/>\n<meta property=\"article:modified_time\" content=\"2017-01-31T19:14:15+00:00\" \/>\n<meta property=\"og:image\" content=\"https:\/\/www.physipro.com\/wp-content\/uploads\/XL5_600x600.png\" \/>\n\t<meta property=\"og:image:width\" content=\"600\" \/>\n\t<meta property=\"og:image:height\" content=\"600\" \/>\n\t<meta property=\"og:image:type\" content=\"image\/png\" \/>\n<meta name=\"twitter:label1\" content=\"Tiempo de lectura\" \/>\n\t<meta name=\"twitter:data1\" content=\"5 minutos\" \/>\n<script type=\"application\/ld+json\" class=\"yoast-schema-graph\">{\"@context\":\"https:\/\/schema.org\",\"@graph\":[{\"@type\":\"WebPage\",\"@id\":\"https:\/\/www.physipro.com\/es\/product\/silla-de-ruedas-xl5\/\",\"url\":\"https:\/\/www.physipro.com\/es\/product\/silla-de-ruedas-xl5\/\",\"name\":\"Silla de ruedas XL5 - Physipro inc.\",\"isPartOf\":{\"@id\":\"https:\/\/www.physipro.com\/#website\"},\"primaryImageOfPage\":{\"@id\":\"https:\/\/www.physipro.com\/es\/product\/silla-de-ruedas-xl5\/#primaryimage\"},\"image\":{\"@id\":\"https:\/\/www.physipro.com\/es\/product\/silla-de-ruedas-xl5\/#primaryimage\"},\"thumbnailUrl\":\"https:\/\/www.physipro.com\/wp-content\/uploads\/XL5_600x600.png\",\"datePublished\":\"2015-03-05T15:22:30+00:00\",\"dateModified\":\"2017-01-31T19:14:15+00:00\",\"breadcrumb\":{\"@id\":\"https:\/\/www.physipro.com\/es\/product\/silla-de-ruedas-xl5\/#breadcrumb\"},\"inLanguage\":\"es\",\"potentialAction\":[{\"@type\":\"ReadAction\",\"target\":[\"https:\/\/www.physipro.com\/es\/product\/silla-de-ruedas-xl5\/\"]}]},{\"@type\":\"ImageObject\",\"inLanguage\":\"es\",\"@id\":\"https:\/\/www.physipro.com\/es\/product\/silla-de-ruedas-xl5\/#primaryimage\",\"url\":\"https:\/\/www.physipro.com\/wp-content\/uploads\/XL5_600x600.png\",\"contentUrl\":\"https:\/\/www.physipro.com\/wp-content\/uploads\/XL5_600x600.png\",\"width\":600,\"height\":600},{\"@type\":\"BreadcrumbList\",\"@id\":\"https:\/\/www.physipro.com\/es\/product\/silla-de-ruedas-xl5\/#breadcrumb\",\"itemListElement\":[{\"@type\":\"ListItem\",\"position\":1,\"name\":\"Accueil\",\"item\":\"https:\/\/www.physipro.com\/es\/\"},{\"@type\":\"ListItem\",\"position\":2,\"name\":\"Tienda\",\"item\":\"https:\/\/www.physipro.com\/es\/tienda\/\"},{\"@type\":\"ListItem\",\"position\":3,\"name\":\"Silla de ruedas XL5\"}]},{\"@type\":\"WebSite\",\"@id\":\"https:\/\/www.physipro.com\/#website\",\"url\":\"https:\/\/www.physipro.com\/\",\"name\":\"Physipro inc.\",\"description\":\"Un site utilisant WordPress\",\"potentialAction\":[{\"@type\":\"SearchAction\",\"target\":{\"@type\":\"EntryPoint\",\"urlTemplate\":\"https:\/\/www.physipro.com\/?s={search_term_string}\"},\"query-input\":\"required name=search_term_string\"}],\"inLanguage\":\"es\"}]}<\/script>\n<!-- \/ Yoast SEO plugin. -->","yoast_head_json":{"title":"Silla de ruedas XL5 - Physipro inc.","robots":{"index":"index","follow":"follow","max-snippet":"max-snippet:-1","max-image-preview":"max-image-preview:large","max-video-preview":"max-video-preview:-1"},"canonical":"https:\/\/www.physipro.com\/es\/product\/silla-de-ruedas-xl5\/","og_locale":"es_ES","og_type":"article","og_title":"Silla de ruedas XL5 - Physipro inc.","og_description":"[vc_row full_width=&#8221;stretch_row_content&#8221; el_class=&#8221;btn-group-anchor&#8221;][vc_column width=&#8221;1\/4&#8243;][\/vc_column][vc_column width=&#8221;1\/4&#8243;][\/vc_column][vc_column width=&#8221;1\/4&#8243;][\/vc_column][vc_column width=&#8221;1\/4&#8243;][\/vc_column][\/vc_row][vc_row][vc_column width=&#8221;2\/3&#8243;][vc_gallery interval=&#8221;3&#8243; images=&#8221;6860,6865,6850,6855&#8243; img_size=&#8221;full&#8221;][\/vc_column][vc_column width=&#8221;1\/3&#8243;][vc_column_text] La silla plegable XL5 se caracteriza por esos numerosos ajustes que le brindan una versatilidad excepcional con miras a responder a las exigencias m\u00e1s altas de la industria. Cada componente ha sido constru\u00eddo con un ojo intransigente a...","og_url":"https:\/\/www.physipro.com\/es\/product\/silla-de-ruedas-xl5\/","og_site_name":"Physipro inc.","article_modified_time":"2017-01-31T19:14:15+00:00","og_image":[{"width":600,"height":600,"url":"https:\/\/www.physipro.com\/wp-content\/uploads\/XL5_600x600.png","type":"image\/png"}],"twitter_misc":{"Tiempo de lectura":"5 minutos"},"schema":{"@context":"https:\/\/schema.org","@graph":[{"@type":"WebPage","@id":"https:\/\/www.physipro.com\/es\/product\/silla-de-ruedas-xl5\/","url":"https:\/\/www.physipro.com\/es\/product\/silla-de-ruedas-xl5\/","name":"Silla de ruedas XL5 - Physipro inc.","isPartOf":{"@id":"https:\/\/www.physipro.com\/#website"},"primaryImageOfPage":{"@id":"https:\/\/www.physipro.com\/es\/product\/silla-de-ruedas-xl5\/#primaryimage"},"image":{"@id":"https:\/\/www.physipro.com\/es\/product\/silla-de-ruedas-xl5\/#primaryimage"},"thumbnailUrl":"https:\/\/www.physipro.com\/wp-content\/uploads\/XL5_600x600.png","datePublished":"2015-03-05T15:22:30+00:00","dateModified":"2017-01-31T19:14:15+00:00","breadcrumb":{"@id":"https:\/\/www.physipro.com\/es\/product\/silla-de-ruedas-xl5\/#breadcrumb"},"inLanguage":"es","potentialAction":[{"@type":"ReadAction","target":["https:\/\/www.physipro.com\/es\/product\/silla-de-ruedas-xl5\/"]}]},{"@type":"ImageObject","inLanguage":"es","@id":"https:\/\/www.physipro.com\/es\/product\/silla-de-ruedas-xl5\/#primaryimage","url":"https:\/\/www.physipro.com\/wp-content\/uploads\/XL5_600x600.png","contentUrl":"https:\/\/www.physipro.com\/wp-content\/uploads\/XL5_600x600.png","width":600,"height":600},{"@type":"BreadcrumbList","@id":"https:\/\/www.physipro.com\/es\/product\/silla-de-ruedas-xl5\/#breadcrumb","itemListElement":[{"@type":"ListItem","position":1,"name":"Accueil","item":"https:\/\/www.physipro.com\/es\/"},{"@type":"ListItem","position":2,"name":"Tienda","item":"https:\/\/www.physipro.com\/es\/tienda\/"},{"@type":"ListItem","position":3,"name":"Silla de ruedas XL5"}]},{"@type":"WebSite","@id":"https:\/\/www.physipro.com\/#website","url":"https:\/\/www.physipro.com\/","name":"Physipro inc.","description":"Un site utilisant WordPress","potentialAction":[{"@type":"SearchAction","target":{"@type":"EntryPoint","urlTemplate":"https:\/\/www.physipro.com\/?s={search_term_string}"},"query-input":"required name=search_term_string"}],"inLanguage":"es"}]}},"_links":{"self":[{"href":"https:\/\/www.physipro.com\/es\/wp-json\/wp\/v2\/product\/913","targetHints":{"allow":["GET"]}}],"collection":[{"href":"https:\/\/www.physipro.com\/es\/wp-json\/wp\/v2\/product"}],"about":[{"href":"https:\/\/www.physipro.com\/es\/wp-json\/wp\/v2\/types\/product"}],"replies":[{"embeddable":true,"href":"https:\/\/www.physipro.com\/es\/wp-json\/wp\/v2\/comments?post=913"}],"wp:featuredmedia":[{"embeddable":true,"href":"https:\/\/www.physipro.com\/es\/wp-json\/wp\/v2\/media\/22729"}],"wp:attachment":[{"href":"https:\/\/www.physipro.com\/es\/wp-json\/wp\/v2\/media?parent=913"}],"wp:term":[{"taxonomy":"product_cat","embeddable":true,"href":"https:\/\/www.physipro.com\/es\/wp-json\/wp\/v2\/product_cat?post=913"},{"taxonomy":"product_tag","embeddable":true,"href":"https:\/\/www.physipro.com\/es\/wp-json\/wp\/v2\/product_tag?post=913"}],"curies":[{"name":"wp","href":"https:\/\/api.w.org\/{rel}","templated":true}]}}