{"id":9887,"date":"2015-03-31T17:09:24","date_gmt":"2015-03-31T17:20:14","guid":{"rendered":"https:\/\/www.physipro.com\/?post_type=product&#038;p=9887"},"modified":"2020-08-13T14:16:25","modified_gmt":"2020-08-13T14:16:25","slug":"cojin-resolve","status":"publish","type":"product","link":"https:\/\/www.physipro.com\/es\/producto\/cojin-resolve\/","title":{"rendered":"Coj\u00edn Resolve\u00ae\ufeff\ufeff\ufeff\ufeff"},"content":{"rendered":"<div class=\"wpb-content-wrapper\"><p>[vc_row el_class=&#8221;btn-group-anchor&#8221; full_width=&#8221;stretch_row_content&#8221;][vc_column width=&#8221;1\/1&#8243;]<a href=\"#video\" class=\"btn btn-default\"> <span>Documentaci\u00f3n<\/span><\/a>[\/vc_column][\/vc_row][vc_row][vc_column width=&#8221;2\/3&#8243; animation=&#8221;none&#8221;][vc_gallery type=&#8221;flexslider_fade&#8221; interval=&#8221;3&#8243; images=&#8221;6212,6197,6202&#8243; onclick=&#8221;link_image&#8221; custom_links_target=&#8221;_self&#8221; img_size=&#8221;full&#8221;][\/vc_column][vc_column width=&#8221;1\/3&#8243;][vc_column_text]<a href=\"https:\/\/www.physipro.com\/wp-content\/uploads\/2015\/03\/logo-resolve1.png\"><img loading=\"lazy\" decoding=\"async\" class=\"alignnone wp-image-6244\" src=\"https:\/\/www.physipro.com\/wp-content\/uploads\/2015\/03\/logo-resolve1-300x230.png\" alt=\"logo-resolve\" width=\"170\" height=\"130\" srcset=\"https:\/\/www.physipro.com\/wp-content\/uploads\/2015\/03\/logo-resolve1-300x230.png 300w, https:\/\/www.physipro.com\/wp-content\/uploads\/2015\/03\/logo-resolve1-600x460.png 600w, https:\/\/www.physipro.com\/wp-content\/uploads\/2015\/03\/logo-resolve1.png 842w\" sizes=\"auto, (max-width: 170px) 100vw, 170px\" \/><\/a><\/p>\n<p><strong>El coj\u00edn de Asiento formada es estratificado a partir de una espuma de dispersi\u00f3n y de una espuma de comodidad.\u00a0 Arreglado por elementos de forma, optimiza la postura y la comodidad buscadas.\u00a0<\/strong><strong><br \/>\n<\/strong><br \/>\nUna elecci\u00f3n atinada de bisel crural le permitir\u00e1 limitar el deslizamiento, la rotaci\u00f3n pelviana, la flexi\u00f3n de las caderas, la bascula posterior y favorecer\u00e1 el reparto de la presi\u00f3n.<\/p>\n<p>El formato apropiado del tope o del pomo de abducci\u00f3n asegurara una buena alineaci\u00f3n de los miembros inferiores.\u00a0 El bisel gl\u00fateo amovible le permite corregir la oblicuidad de la pelvis o colmar un vacio si una correcci\u00f3n se revela imposible.<\/p>\n<p>Elecci\u00f3n de espumas de dispersi\u00f3n y de comodidad:<\/p>\n<ul>\n<li>Espuma de construcci\u00f3n<\/li>\n<li>Espuma de dispersi\u00f3n<\/li>\n<li>Espuma de comodidad y de acabado<\/li>\n<\/ul>\n<p>La elecci\u00f3n atinada de elementos de forma presentados m\u00e1s abajo le permitir\u00e1 obtener la postura \u00f3ptima.<\/p>\n<p>Una funda Mechtex impermeable y una envoltura de incontinencia en poliuretano est\u00e1n incluidas.[\/vc_column_text][\/vc_column][\/vc_row][vc_row id_attribute=&#8221;video&#8221; el_class=&#8221;btn-file-group&#8221;][vc_column width=&#8221;1\/1&#8243;][vc_column_text]<\/p>\n<h2>Documentaci\u00f3n<\/h2>\n<p>[\/vc_column_text]<a href=\"https:\/\/www.physipro.com\/wp-content\/uploads\/2015\/03\/Brochure_Seating_Solutions.pdf\" target=\"_blank\"class=\"btn btn-default btn-lg\"><i class=\"fa fa-file-pdf-o fa-lg\"><\/i> <span>Folleto<\/span><\/a><a href=\"https:\/\/www.physipro.com\/wp-content\/uploads\/2015\/03\/Manuel_Utilisation_Resolve.pdf\" target=\"_blank\"class=\"btn btn-default btn-lg\"><i class=\"fa fa-file-pdf-o fa-lg\"><\/i> <span>Manual del usuario<\/span><\/a><a href=\"https:\/\/www.physipro.com\/wp-content\/uploads\/2015\/03\/OF_RESOLVE_Cushion.pdf\" target=\"_blank\"class=\"btn btn-default btn-lg\"><i class=\"fa fa-file-pdf-o fa-lg\"><\/i> <span>Orden de compra<\/span><\/a>[\/vc_column][\/vc_row]<\/p>\n<\/div>","protected":false},"excerpt":{"rendered":"<p>[vc_row el_class=&#8221;btn-group-anchor&#8221; full_width=&#8221;stretch_row_content&#8221;][vc_column width=&#8221;1\/1&#8243;][\/vc_column][\/vc_row][vc_row][vc_column width=&#8221;2\/3&#8243; animation=&#8221;none&#8221;][vc_gallery type=&#8221;flexslider_fade&#8221; interval=&#8221;3&#8243; images=&#8221;6212,6197,6202&#8243; onclick=&#8221;link_image&#8221; custom_links_target=&#8221;_self&#8221; img_size=&#8221;full&#8221;][\/vc_column][vc_column width=&#8221;1\/3&#8243;][vc_column_text] El coj\u00edn de Asiento formada es estratificado a partir de una espuma de dispersi\u00f3n y de una espuma de comodidad.\u00a0 Arreglado por elementos de forma, optimiza la postura y la comodidad buscadas.\u00a0 Una elecci\u00f3n atinada de bisel&#8230;<\/p>\n <p><a class=\"read-more btn btn-primary btn-lg\" href=\"https:\/\/www.physipro.com\/es\/producto\/cojin-resolve\/\">Leer m&aacute;s<\/a><\/p>","protected":false},"featured_media":22774,"comment_status":"open","ping_status":"closed","template":"","meta":{"_acf_changed":false},"product_cat":[78,80],"product_tag":[],"class_list":{"0":"post-9887","1":"product","2":"type-product","3":"status-publish","4":"has-post-thumbnail","6":"product_cat-asientos-y-posicionamiento-es","7":"product_cat-cojines-es","9":"first","10":"instock","11":"shipping-taxable","12":"product-type-simple"},"acf":[],"yoast_head":"<!-- This site is optimized with the Yoast SEO plugin v22.3 - https:\/\/yoast.com\/wordpress\/plugins\/seo\/ -->\n<title>Coj\u00edn Resolve\u00ae\ufeff\ufeff\ufeff\ufeff - Physipro inc.<\/title>\n<meta name=\"robots\" content=\"index, follow, max-snippet:-1, max-image-preview:large, max-video-preview:-1\" \/>\n<link rel=\"canonical\" href=\"https:\/\/www.physipro.com\/es\/product\/cojin-resolve\/\" \/>\n<meta property=\"og:locale\" content=\"es_ES\" \/>\n<meta property=\"og:type\" content=\"article\" \/>\n<meta property=\"og:title\" content=\"Coj\u00edn Resolve\u00ae\ufeff\ufeff\ufeff\ufeff - Physipro inc.\" \/>\n<meta property=\"og:description\" content=\"[vc_row el_class=&#8221;btn-group-anchor&#8221; full_width=&#8221;stretch_row_content&#8221;][vc_column width=&#8221;1\/1&#8243;][\/vc_column][\/vc_row][vc_row][vc_column width=&#8221;2\/3&#8243; animation=&#8221;none&#8221;][vc_gallery type=&#8221;flexslider_fade&#8221; interval=&#8221;3&#8243; images=&#8221;6212,6197,6202&#8243; onclick=&#8221;link_image&#8221; custom_links_target=&#8221;_self&#8221; img_size=&#8221;full&#8221;][\/vc_column][vc_column width=&#8221;1\/3&#8243;][vc_column_text] El coj\u00edn de Asiento formada es estratificado a partir de una espuma de dispersi\u00f3n y de una espuma de comodidad.\u00a0 Arreglado por elementos de forma, optimiza la postura y la comodidad buscadas.\u00a0 Una elecci\u00f3n atinada de bisel...\" \/>\n<meta property=\"og:url\" content=\"https:\/\/www.physipro.com\/es\/product\/cojin-resolve\/\" \/>\n<meta property=\"og:site_name\" content=\"Physipro inc.\" \/>\n<meta property=\"article:modified_time\" content=\"2020-08-13T14:16:25+00:00\" \/>\n<meta property=\"og:image\" content=\"https:\/\/www.physipro.com\/wp-content\/uploads\/RESOLVE_600x600.png\" \/>\n\t<meta property=\"og:image:width\" content=\"600\" \/>\n\t<meta property=\"og:image:height\" content=\"600\" \/>\n\t<meta property=\"og:image:type\" content=\"image\/png\" \/>\n<meta name=\"twitter:label1\" content=\"Tiempo de lectura\" \/>\n\t<meta name=\"twitter:data1\" content=\"2 minutos\" \/>\n<script type=\"application\/ld+json\" class=\"yoast-schema-graph\">{\"@context\":\"https:\/\/schema.org\",\"@graph\":[{\"@type\":\"WebPage\",\"@id\":\"https:\/\/www.physipro.com\/es\/product\/cojin-resolve\/\",\"url\":\"https:\/\/www.physipro.com\/es\/product\/cojin-resolve\/\",\"name\":\"Coj\u00edn Resolve\u00ae\ufeff\ufeff\ufeff\ufeff - Physipro inc.\",\"isPartOf\":{\"@id\":\"https:\/\/www.physipro.com\/#website\"},\"primaryImageOfPage\":{\"@id\":\"https:\/\/www.physipro.com\/es\/product\/cojin-resolve\/#primaryimage\"},\"image\":{\"@id\":\"https:\/\/www.physipro.com\/es\/product\/cojin-resolve\/#primaryimage\"},\"thumbnailUrl\":\"https:\/\/www.physipro.com\/wp-content\/uploads\/RESOLVE_600x600.png\",\"datePublished\":\"2015-03-31T17:20:14+00:00\",\"dateModified\":\"2020-08-13T14:16:25+00:00\",\"breadcrumb\":{\"@id\":\"https:\/\/www.physipro.com\/es\/product\/cojin-resolve\/#breadcrumb\"},\"inLanguage\":\"es\",\"potentialAction\":[{\"@type\":\"ReadAction\",\"target\":[\"https:\/\/www.physipro.com\/es\/product\/cojin-resolve\/\"]}]},{\"@type\":\"ImageObject\",\"inLanguage\":\"es\",\"@id\":\"https:\/\/www.physipro.com\/es\/product\/cojin-resolve\/#primaryimage\",\"url\":\"https:\/\/www.physipro.com\/wp-content\/uploads\/RESOLVE_600x600.png\",\"contentUrl\":\"https:\/\/www.physipro.com\/wp-content\/uploads\/RESOLVE_600x600.png\",\"width\":600,\"height\":600},{\"@type\":\"BreadcrumbList\",\"@id\":\"https:\/\/www.physipro.com\/es\/product\/cojin-resolve\/#breadcrumb\",\"itemListElement\":[{\"@type\":\"ListItem\",\"position\":1,\"name\":\"Accueil\",\"item\":\"https:\/\/www.physipro.com\/es\/\"},{\"@type\":\"ListItem\",\"position\":2,\"name\":\"Tienda\",\"item\":\"https:\/\/www.physipro.com\/es\/tienda\/\"},{\"@type\":\"ListItem\",\"position\":3,\"name\":\"Coj\u00edn Resolve\u00ae\ufeff\ufeff\ufeff\ufeff\"}]},{\"@type\":\"WebSite\",\"@id\":\"https:\/\/www.physipro.com\/#website\",\"url\":\"https:\/\/www.physipro.com\/\",\"name\":\"Physipro inc.\",\"description\":\"Un site utilisant WordPress\",\"potentialAction\":[{\"@type\":\"SearchAction\",\"target\":{\"@type\":\"EntryPoint\",\"urlTemplate\":\"https:\/\/www.physipro.com\/?s={search_term_string}\"},\"query-input\":\"required name=search_term_string\"}],\"inLanguage\":\"es\"}]}<\/script>\n<!-- \/ Yoast SEO plugin. -->","yoast_head_json":{"title":"Coj\u00edn Resolve\u00ae\ufeff\ufeff\ufeff\ufeff - Physipro inc.","robots":{"index":"index","follow":"follow","max-snippet":"max-snippet:-1","max-image-preview":"max-image-preview:large","max-video-preview":"max-video-preview:-1"},"canonical":"https:\/\/www.physipro.com\/es\/product\/cojin-resolve\/","og_locale":"es_ES","og_type":"article","og_title":"Coj\u00edn Resolve\u00ae\ufeff\ufeff\ufeff\ufeff - Physipro inc.","og_description":"[vc_row el_class=&#8221;btn-group-anchor&#8221; full_width=&#8221;stretch_row_content&#8221;][vc_column width=&#8221;1\/1&#8243;][\/vc_column][\/vc_row][vc_row][vc_column width=&#8221;2\/3&#8243; animation=&#8221;none&#8221;][vc_gallery type=&#8221;flexslider_fade&#8221; interval=&#8221;3&#8243; images=&#8221;6212,6197,6202&#8243; onclick=&#8221;link_image&#8221; custom_links_target=&#8221;_self&#8221; img_size=&#8221;full&#8221;][\/vc_column][vc_column width=&#8221;1\/3&#8243;][vc_column_text] El coj\u00edn de Asiento formada es estratificado a partir de una espuma de dispersi\u00f3n y de una espuma de comodidad.\u00a0 Arreglado por elementos de forma, optimiza la postura y la comodidad buscadas.\u00a0 Una elecci\u00f3n atinada de bisel...","og_url":"https:\/\/www.physipro.com\/es\/product\/cojin-resolve\/","og_site_name":"Physipro inc.","article_modified_time":"2020-08-13T14:16:25+00:00","og_image":[{"width":600,"height":600,"url":"https:\/\/www.physipro.com\/wp-content\/uploads\/RESOLVE_600x600.png","type":"image\/png"}],"twitter_misc":{"Tiempo de lectura":"2 minutos"},"schema":{"@context":"https:\/\/schema.org","@graph":[{"@type":"WebPage","@id":"https:\/\/www.physipro.com\/es\/product\/cojin-resolve\/","url":"https:\/\/www.physipro.com\/es\/product\/cojin-resolve\/","name":"Coj\u00edn Resolve\u00ae\ufeff\ufeff\ufeff\ufeff - Physipro inc.","isPartOf":{"@id":"https:\/\/www.physipro.com\/#website"},"primaryImageOfPage":{"@id":"https:\/\/www.physipro.com\/es\/product\/cojin-resolve\/#primaryimage"},"image":{"@id":"https:\/\/www.physipro.com\/es\/product\/cojin-resolve\/#primaryimage"},"thumbnailUrl":"https:\/\/www.physipro.com\/wp-content\/uploads\/RESOLVE_600x600.png","datePublished":"2015-03-31T17:20:14+00:00","dateModified":"2020-08-13T14:16:25+00:00","breadcrumb":{"@id":"https:\/\/www.physipro.com\/es\/product\/cojin-resolve\/#breadcrumb"},"inLanguage":"es","potentialAction":[{"@type":"ReadAction","target":["https:\/\/www.physipro.com\/es\/product\/cojin-resolve\/"]}]},{"@type":"ImageObject","inLanguage":"es","@id":"https:\/\/www.physipro.com\/es\/product\/cojin-resolve\/#primaryimage","url":"https:\/\/www.physipro.com\/wp-content\/uploads\/RESOLVE_600x600.png","contentUrl":"https:\/\/www.physipro.com\/wp-content\/uploads\/RESOLVE_600x600.png","width":600,"height":600},{"@type":"BreadcrumbList","@id":"https:\/\/www.physipro.com\/es\/product\/cojin-resolve\/#breadcrumb","itemListElement":[{"@type":"ListItem","position":1,"name":"Accueil","item":"https:\/\/www.physipro.com\/es\/"},{"@type":"ListItem","position":2,"name":"Tienda","item":"https:\/\/www.physipro.com\/es\/tienda\/"},{"@type":"ListItem","position":3,"name":"Coj\u00edn Resolve\u00ae\ufeff\ufeff\ufeff\ufeff"}]},{"@type":"WebSite","@id":"https:\/\/www.physipro.com\/#website","url":"https:\/\/www.physipro.com\/","name":"Physipro inc.","description":"Un site utilisant WordPress","potentialAction":[{"@type":"SearchAction","target":{"@type":"EntryPoint","urlTemplate":"https:\/\/www.physipro.com\/?s={search_term_string}"},"query-input":"required name=search_term_string"}],"inLanguage":"es"}]}},"_links":{"self":[{"href":"https:\/\/www.physipro.com\/es\/wp-json\/wp\/v2\/product\/9887","targetHints":{"allow":["GET"]}}],"collection":[{"href":"https:\/\/www.physipro.com\/es\/wp-json\/wp\/v2\/product"}],"about":[{"href":"https:\/\/www.physipro.com\/es\/wp-json\/wp\/v2\/types\/product"}],"replies":[{"embeddable":true,"href":"https:\/\/www.physipro.com\/es\/wp-json\/wp\/v2\/comments?post=9887"}],"wp:featuredmedia":[{"embeddable":true,"href":"https:\/\/www.physipro.com\/es\/wp-json\/wp\/v2\/media\/22774"}],"wp:attachment":[{"href":"https:\/\/www.physipro.com\/es\/wp-json\/wp\/v2\/media?parent=9887"}],"wp:term":[{"taxonomy":"product_cat","embeddable":true,"href":"https:\/\/www.physipro.com\/es\/wp-json\/wp\/v2\/product_cat?post=9887"},{"taxonomy":"product_tag","embeddable":true,"href":"https:\/\/www.physipro.com\/es\/wp-json\/wp\/v2\/product_tag?post=9887"}],"curies":[{"name":"wp","href":"https:\/\/api.w.org\/{rel}","templated":true}]}}