{"id":15945,"date":"2018-07-12T19:35:16","date_gmt":"2018-07-12T19:35:16","guid":{"rendered":"https:\/\/www.physipro.com\/?page_id=15945"},"modified":"2025-12-19T16:27:18","modified_gmt":"2025-12-19T16:27:18","slug":"politique-de-confidentialite","status":"publish","type":"page","link":"https:\/\/www.physipro.com\/fr\/politique-de-confidentialite\/","title":{"rendered":"Politique de confidentialit\u00e9"},"content":{"rendered":"<div class=\"wpb-content-wrapper\"><p>[vc_row][vc_column][vc_column_text css=&#8221;&#8221;]<\/p>\n<h3>POLITIQUE DE CONFIDENTIALIT\u00c9<br \/>\nDerni\u00e8re mise \u00e0 jour : 7 novembre 2025<\/h3>\n<p>Chez Les \u00e9quipements adapt\u00e9s Physipro Inc., nous sommes soucieux de la protection de vos renseignements personnels. Cette politique vise \u00e0 vous informer sur la mani\u00e8re dont nous collectons, utilisons, communiquons, conservons et prot\u00e9geons vos donn\u00e9es personnelles conform\u00e9ment \u00e0 la Loi 25 du Qu\u00e9bec.<\/p>\n<p>1. Collecte des renseignements personnels<br \/>\nNous recueillons uniquement les renseignements n\u00e9cessaires \u00e0 la prestation de nos services. Ces renseignements peuvent inclure :<br \/>\n\u2022 Nom et pr\u00e9nom<br \/>\n\u2022 Adresse courriel<br \/>\n\u2022 Adresse postale<br \/>\n\u2022 Num\u00e9ro de t\u00e9l\u00e9phone<br \/>\n\u2022 Informations de paiement (ex. : carte de cr\u00e9dit)<br \/>\n\u2022 Informations fournies dans les formulaires (ex. : infolettre, contact)<br \/>\n\u2022 Donn\u00e9es de navigation (via Google Analytics)<br \/>\n2. Moyens de collecte<br \/>\nLes renseignements sont collect\u00e9s par les moyens suivants :<br \/>\n\u2022 Formulaires d\u2019inscription \u00e0 l\u2019ouverture du dossier employ\u00e9<br \/>\n\u2022 Achat en ligne (formulaire de commande et paiement s\u00e9curis\u00e9)<br \/>\n\u2022 Communication par courriel ou t\u00e9l\u00e9phone<br \/>\n\u2022 Outils d\u2019analyse (Google Analytics et fichiers t\u00e9moins\/cookies)<\/p>\n<p>3. Finalit\u00e9s de l\u2019utilisation des renseignements<br \/>\nLes renseignements collect\u00e9s sont utilis\u00e9s aux fins suivantes :<br \/>\n\u2022 Traiter et livrer les commandes en ligne<br \/>\n\u2022 G\u00e9rer les abonnements \u00e0 diverses plateformes<br \/>\n\u2022 R\u00e9pondre \u00e0 vos demandes de renseignements<br \/>\n\u2022 Assurer le bon fonctionnement et la s\u00e9curit\u00e9 de nos outils internes<br \/>\n\u2022 Se conformer \u00e0 nos obligations l\u00e9gales<\/p>\n<p>4. T\u00e9moins (cookies) et outils d\u2019analyse<br \/>\nNous utilisons Google Analytics pour analyser le comportement de navigation de mani\u00e8re anonyme. Ces donn\u00e9es servent \u00e0 am\u00e9liorer la performance. Vous pouvez accepter, configurer ou refuser la collecte de donn\u00e9es lors de votre premi\u00e8re visite sur votre environnement Windows (fen\u00eatre pop-up) ou d\u00e9sactiver les cookies dans les param\u00e8tres de votre navigateur si vous le souhaitez.<\/p>\n<p>5. Consentement<br \/>\nNous obtenons votre consentement avant de collecter ou d\u2019utiliser vos renseignements personnels, sauf lorsque la loi le permet autrement. En soumettant vos renseignements via nos formulaires ou en compl\u00e9tant une transaction, vous consentez \u00e0 leur utilisation selon les fins mentionn\u00e9es.<\/p>\n<p>6. Communication \u00e0 des tiers<br \/>\nVos renseignements peuvent \u00eatre partag\u00e9s avec des fournisseurs de services (ex. : plateforme de paiement_paie, h\u00e9bergement web, outils marketing), uniquement dans la mesure n\u00e9cessaire \u00e0 la prestation des services, et selon des ententes garantissant la confidentialit\u00e9.<\/p>\n<p>7. Conservation et s\u00e9curit\u00e9 des renseignements<br \/>\nNous conservons vos renseignements personnels pour la dur\u00e9e n\u00e9cessaire \u00e0 la r\u00e9alisation des fins pr\u00e9vues (achat) ou pour un d\u00e9lai maximum de 5 ans ou dont la dur\u00e9e de conservation perdure jusqu\u2019au d\u00e9sabonnement de la personne qui la re\u00e7oit. Apr\u00e8s quoi, vos donn\u00e9es seront effac\u00e9es de nos syst\u00e8mes informatiques tel qu\u2019exig\u00e9 par la loi. Des mesures de s\u00e9curit\u00e9 physiques, technologiques et administratives sont mises en place pour en assurer la protection.<\/p>\n<p>8. Vos droits<br \/>\nConform\u00e9ment \u00e0 la Loi 25, vous avez les droits suivants :<br \/>\n\u2022 Acc\u00e9der \u00e0 vos renseignements personnels<br \/>\n\u2022 Demander leur rectification<br \/>\n\u2022 Retirer votre consentement<br \/>\n\u2022 Demander la suppression de vos renseignements (dans certaines limites l\u00e9gales)<br \/>\n\u2022 \u00catre inform\u00e9 rapidement en cas d\u2019incident de confidentialit\u00e9<\/p>\n<p>Pour exercer vos droits, contactez notre responsable \u00e0 l\u2019adresse ci-dessous.<\/p>\n<p>9. Responsable de la protection des renseignements personnels:<\/p>\n<p>Roxanne Valois<br \/>\nLes \u00e9quipements adapt\u00e9s Physipro Inc.<br \/>\n370, 10e avenue Sud<br \/>\nSherbrooke (Qu\u00e9bec)<br \/>\nCourriel : rh@physipro.com<br \/>\nT\u00e9l\u00e9phone : 819-823-2252[\/vc_column_text][\/vc_column][\/vc_row][vc_row][vc_column][\/vc_column][\/vc_row]<\/p>\n<\/div>","protected":false},"excerpt":{"rendered":"<p>[vc_row][vc_column][vc_column_text css=&#8221;&#8221;] POLITIQUE DE CONFIDENTIALIT\u00c9 Derni\u00e8re mise \u00e0 jour : 7 novembre 2025 Chez Les \u00e9quipements adapt\u00e9s Physipro Inc., nous sommes soucieux de la protection de vos renseignements personnels. Cette politique vise \u00e0 vous informer sur la mani\u00e8re dont nous collectons, utilisons, communiquons, conservons et prot\u00e9geons vos donn\u00e9es personnelles conform\u00e9ment&#8230;<\/p>\n <p><a class=\"read-more btn btn-primary btn-lg\" href=\"https:\/\/www.physipro.com\/fr\/politique-de-confidentialite\/\">Lire la suite<\/a><\/p>","protected":false},"author":28,"featured_media":0,"parent":0,"menu_order":0,"comment_status":"open","ping_status":"closed","template":"","meta":{"_acf_changed":false,"footnotes":""},"class_list":["post-15945","page","type-page","status-publish","hentry"],"acf":[],"yoast_head":"<!-- This site is optimized with the Yoast SEO plugin v22.3 - https:\/\/yoast.com\/wordpress\/plugins\/seo\/ -->\n<title>Politique de confidentialit\u00e9 - Physipro inc.<\/title>\n<meta name=\"robots\" content=\"index, follow, max-snippet:-1, max-image-preview:large, max-video-preview:-1\" \/>\n<link rel=\"canonical\" href=\"https:\/\/www.physipro.com\/fr\/politique-de-confidentialite\/\" \/>\n<meta property=\"og:locale\" content=\"fr_FR\" \/>\n<meta property=\"og:type\" content=\"article\" \/>\n<meta property=\"og:title\" content=\"Politique de confidentialit\u00e9 - Physipro inc.\" \/>\n<meta property=\"og:description\" content=\"[vc_row][vc_column][vc_column_text css=&#8221;&#8221;] POLITIQUE DE CONFIDENTIALIT\u00c9 Derni\u00e8re mise \u00e0 jour : 7 novembre 2025 Chez Les \u00e9quipements adapt\u00e9s Physipro Inc., nous sommes soucieux de la protection de vos renseignements personnels. Cette politique vise \u00e0 vous informer sur la mani\u00e8re dont nous collectons, utilisons, communiquons, conservons et prot\u00e9geons vos donn\u00e9es personnelles conform\u00e9ment...\" \/>\n<meta property=\"og:url\" content=\"https:\/\/www.physipro.com\/fr\/politique-de-confidentialite\/\" \/>\n<meta property=\"og:site_name\" content=\"Physipro inc.\" \/>\n<meta property=\"article:modified_time\" content=\"2025-12-19T16:27:18+00:00\" \/>\n<meta name=\"twitter:label1\" content=\"Dur\u00e9e de lecture estim\u00e9e\" \/>\n\t<meta name=\"twitter:data1\" content=\"3 minutes\" \/>\n<script type=\"application\/ld+json\" class=\"yoast-schema-graph\">{\"@context\":\"https:\/\/schema.org\",\"@graph\":[{\"@type\":\"WebPage\",\"@id\":\"https:\/\/www.physipro.com\/fr\/politique-de-confidentialite\/\",\"url\":\"https:\/\/www.physipro.com\/fr\/politique-de-confidentialite\/\",\"name\":\"Politique de confidentialit\u00e9 - Physipro inc.\",\"isPartOf\":{\"@id\":\"https:\/\/www.physipro.com\/#website\"},\"datePublished\":\"2018-07-12T19:35:16+00:00\",\"dateModified\":\"2025-12-19T16:27:18+00:00\",\"breadcrumb\":{\"@id\":\"https:\/\/www.physipro.com\/fr\/politique-de-confidentialite\/#breadcrumb\"},\"inLanguage\":\"fr-FR\",\"potentialAction\":[{\"@type\":\"ReadAction\",\"target\":[\"https:\/\/www.physipro.com\/fr\/politique-de-confidentialite\/\"]}]},{\"@type\":\"BreadcrumbList\",\"@id\":\"https:\/\/www.physipro.com\/fr\/politique-de-confidentialite\/#breadcrumb\",\"itemListElement\":[{\"@type\":\"ListItem\",\"position\":1,\"name\":\"Accueil\",\"item\":\"https:\/\/www.physipro.com\/fr\/\"},{\"@type\":\"ListItem\",\"position\":2,\"name\":\"Politique de confidentialit\u00e9\"}]},{\"@type\":\"WebSite\",\"@id\":\"https:\/\/www.physipro.com\/#website\",\"url\":\"https:\/\/www.physipro.com\/\",\"name\":\"Physipro inc.\",\"description\":\"Un site utilisant WordPress\",\"potentialAction\":[{\"@type\":\"SearchAction\",\"target\":{\"@type\":\"EntryPoint\",\"urlTemplate\":\"https:\/\/www.physipro.com\/?s={search_term_string}\"},\"query-input\":\"required name=search_term_string\"}],\"inLanguage\":\"fr-FR\"}]}<\/script>\n<!-- \/ Yoast SEO plugin. -->","yoast_head_json":{"title":"Politique de confidentialit\u00e9 - Physipro inc.","robots":{"index":"index","follow":"follow","max-snippet":"max-snippet:-1","max-image-preview":"max-image-preview:large","max-video-preview":"max-video-preview:-1"},"canonical":"https:\/\/www.physipro.com\/fr\/politique-de-confidentialite\/","og_locale":"fr_FR","og_type":"article","og_title":"Politique de confidentialit\u00e9 - Physipro inc.","og_description":"[vc_row][vc_column][vc_column_text css=&#8221;&#8221;] POLITIQUE DE CONFIDENTIALIT\u00c9 Derni\u00e8re mise \u00e0 jour : 7 novembre 2025 Chez Les \u00e9quipements adapt\u00e9s Physipro Inc., nous sommes soucieux de la protection de vos renseignements personnels. Cette politique vise \u00e0 vous informer sur la mani\u00e8re dont nous collectons, utilisons, communiquons, conservons et prot\u00e9geons vos donn\u00e9es personnelles conform\u00e9ment...","og_url":"https:\/\/www.physipro.com\/fr\/politique-de-confidentialite\/","og_site_name":"Physipro inc.","article_modified_time":"2025-12-19T16:27:18+00:00","twitter_misc":{"Dur\u00e9e de lecture estim\u00e9e":"3 minutes"},"schema":{"@context":"https:\/\/schema.org","@graph":[{"@type":"WebPage","@id":"https:\/\/www.physipro.com\/fr\/politique-de-confidentialite\/","url":"https:\/\/www.physipro.com\/fr\/politique-de-confidentialite\/","name":"Politique de confidentialit\u00e9 - Physipro inc.","isPartOf":{"@id":"https:\/\/www.physipro.com\/#website"},"datePublished":"2018-07-12T19:35:16+00:00","dateModified":"2025-12-19T16:27:18+00:00","breadcrumb":{"@id":"https:\/\/www.physipro.com\/fr\/politique-de-confidentialite\/#breadcrumb"},"inLanguage":"fr-FR","potentialAction":[{"@type":"ReadAction","target":["https:\/\/www.physipro.com\/fr\/politique-de-confidentialite\/"]}]},{"@type":"BreadcrumbList","@id":"https:\/\/www.physipro.com\/fr\/politique-de-confidentialite\/#breadcrumb","itemListElement":[{"@type":"ListItem","position":1,"name":"Accueil","item":"https:\/\/www.physipro.com\/fr\/"},{"@type":"ListItem","position":2,"name":"Politique de confidentialit\u00e9"}]},{"@type":"WebSite","@id":"https:\/\/www.physipro.com\/#website","url":"https:\/\/www.physipro.com\/","name":"Physipro inc.","description":"Un site utilisant WordPress","potentialAction":[{"@type":"SearchAction","target":{"@type":"EntryPoint","urlTemplate":"https:\/\/www.physipro.com\/?s={search_term_string}"},"query-input":"required name=search_term_string"}],"inLanguage":"fr-FR"}]}},"_links":{"self":[{"href":"https:\/\/www.physipro.com\/fr\/wp-json\/wp\/v2\/pages\/15945","targetHints":{"allow":["GET"]}}],"collection":[{"href":"https:\/\/www.physipro.com\/fr\/wp-json\/wp\/v2\/pages"}],"about":[{"href":"https:\/\/www.physipro.com\/fr\/wp-json\/wp\/v2\/types\/page"}],"author":[{"embeddable":true,"href":"https:\/\/www.physipro.com\/fr\/wp-json\/wp\/v2\/users\/28"}],"replies":[{"embeddable":true,"href":"https:\/\/www.physipro.com\/fr\/wp-json\/wp\/v2\/comments?post=15945"}],"version-history":[{"count":15,"href":"https:\/\/www.physipro.com\/fr\/wp-json\/wp\/v2\/pages\/15945\/revisions"}],"predecessor-version":[{"id":53216,"href":"https:\/\/www.physipro.com\/fr\/wp-json\/wp\/v2\/pages\/15945\/revisions\/53216"}],"wp:attachment":[{"href":"https:\/\/www.physipro.com\/fr\/wp-json\/wp\/v2\/media?parent=15945"}],"curies":[{"name":"wp","href":"https:\/\/api.w.org\/{rel}","templated":true}]}}