{"id":26,"date":"2015-02-24T14:44:12","date_gmt":"2015-02-24T14:44:12","guid":{"rendered":"https:\/\/www.physipro.com\/?page_id=26"},"modified":"2026-02-19T20:25:05","modified_gmt":"2026-02-19T20:25:05","slug":"accueil","status":"publish","type":"page","link":"https:\/\/www.physipro.com\/fr\/","title":{"rendered":"Accueil"},"content":{"rendered":"<div class=\"wpb-content-wrapper\"><p>[vc_row full_width=&#8221;stretch_row_content_no_spaces&#8221;][vc_column][vc_column_text]\t<div class=\"physipro-nav\">\r\n\t<ul id=\"menu-accueil-fr\" class=\"menu\"><li id=\"nav-menu-item-8554\" class=\"main-menu-item  menu-item-even menu-item-depth-0 physipro-icon-consumer menu-item menu-item-type-post_type menu-item-object-page\"><a href=\"https:\/\/www.physipro.com\/fr\/utilisateurs\/\" class=\"menu-link main-menu-link\"><span class=\"physipro-icon\"><\/span><em>Utilisateurs<\/em><\/a><\/li>\n<li id=\"nav-menu-item-8558\" class=\"main-menu-item  menu-item-even menu-item-depth-0 physipro-icon-clinician menu-item menu-item-type-post_type menu-item-object-page\"><a href=\"https:\/\/www.physipro.com\/fr\/therapeutes\/\" class=\"menu-link main-menu-link\"><span class=\"physipro-icon\"><\/span><em>Th\u00e9rapeutes<\/em><\/a><\/li>\n<li id=\"nav-menu-item-8562\" class=\"main-menu-item  menu-item-even menu-item-depth-0 physipro-icon-dealer menu-item menu-item-type-post_type menu-item-object-page\"><a href=\"https:\/\/www.physipro.com\/fr\/distributeurs\/\" class=\"menu-link main-menu-link\"><span class=\"physipro-icon\"><\/span><em>Distributeurs<\/em><\/a><\/li>\n<\/ul>\t<\/div>\r\n\r\n\t[\/vc_column_text][\/vc_column][\/vc_row][vc_row full_width=&#8221;stretch_row&#8221; css=&#8221;.vc_custom_1426016578021{background: #e7e8e9 url(https:\/\/www.physipro.com\/wp-content\/uploads\/2015\/02\/radial-gradient.jpg?id=1369) !important;background-position: 0 0 !important;background-repeat: no-repeat !important;}&#8221; el_class=&#8221;section-full&#8221;][vc_column width=&#8221;1\/2&#8243;][vc_single_image image=&#8221;10450&#8243; img_size=&#8221;full&#8221;][\/vc_column][vc_column width=&#8221;1\/2&#8243;][vc_column_text el_class=&#8221;text-intro&#8221;]<\/p>\n<h2>\u00c0 propos de<br \/>\nPhysipro<\/h2>\n<p>Physipro est sp\u00e9cialis\u00e9 dans la conception, la fabrication et la distribution d\u2019aides techniques \u00e0 la posture et \u00e0 la mobilit\u00e9. Elle a su r\u00e9pondre aux besoins de ses clients au fil des ann\u00e9es en offrant une gamme de produits hautement personnalisables et \u00e0 la fine pointe de la technologie. Tous ces produits sont fabriqu\u00e9s dans son usine au Qu\u00e9bec Canada, et ce, de la cr\u00e9ation au produit final.[\/vc_column_text]<a href=\"http:\/\/physipro.com\/fr\/propos\/\" title=\"\u00c0 Propos\" class=\"btn btn-primary btn-lg\"> <span>En savoir plus...<\/span><\/a>[\/vc_column][\/vc_row][vc_row][vc_column][vc_column_text]<\/p>\n<h2>Les nouvelles Physipro<\/h2>\n<p>[\/vc_column_text][vc_basic_grid post_type=&#8221;post&#8221; max_items=&#8221;3&#8243; item=&#8221;1489&#8243; grid_id=&#8221;vc_gid:1771532657058-9301c6e7ac2f0ffe0f8eed1965490c84-7&#8243;][\/vc_column][\/vc_row][vc_row full_width=&#8221;stretch_row_content&#8221; el_class=&#8221;row-middle section-last&#8221; css=&#8221;.vc_custom_1426099184097{background-color: #e7e8e9 !important;}&#8221;][vc_column width=&#8221;1\/2&#8243; el_class=&#8221;physipro-testimonials&#8221;][vc_column_text]<\/p>\n<h2>T\u00e9moignages<\/h2>\n<p>[\/vc_column_text][vc_column_text el_class=&#8221;physipro-blockquote&#8221;]<\/p>\n<blockquote>\n<p>\u00ab Je souhaite remercier toute l\u2019\u00e9quipe pour votre travail exceptionnel. Merci! \u00bb<\/p>\n<\/blockquote>\n<p><em>\u2014\u00a0Josh Dueck <\/em>[\/vc_column_text][\/vc_column][vc_column width=&#8221;1\/2&#8243; css=&#8221;.vc_custom_1426019454388{background-image: url(https:\/\/www.physipro.com\/wp-content\/uploads\/2015\/02\/services.jpg?id=1532) !important;background-position: 0 0 !important;background-repeat: no-repeat !important;}&#8221; el_class=&#8221;physipro-why&#8221;][vc_column_text]<\/p>\n<h2>Confort<br \/>\nDurabilit\u00e9<br \/>\nQualit\u00e9<\/h2>\n<p>[\/vc_column_text]<a href=\"http:\/\/physipro.com\/fr\/produits\/\" title=\"Produits\" class=\"btn btn-primary btn-lg\"> <span>Voir nos produits<\/span><\/a>[\/vc_column][\/vc_row][vc_row css=&#8221;.vc_custom_1493820291310{padding-bottom: 25px !important;}&#8221;][vc_column][vc_column_text css=&#8221;&#8221;]<\/p>\n<h1 style=\"text-align: center;\">Partenaires<\/h1>\n<p>[\/vc_column_text][vc_empty_space][vc_single_image image=&#8221;14946&#8243; img_size=&#8221;full&#8221; alignment=&#8221;center&#8221;][vc_single_image image=&#8221;53749&#8243; img_size=&#8221;200&#215;100&#8243; alignment=&#8221;center&#8221; onclick=&#8221;custom_link&#8221; img_link_target=&#8221;_blank&#8221; css=&#8221;&#8221; link=&#8221;https:\/\/folksrh.com\/&#8221;][\/vc_column][\/vc_row]<\/p>\n<\/div>","protected":false},"excerpt":{"rendered":"<p>[vc_row full_width=&#8221;stretch_row_content_no_spaces&#8221;][vc_column][vc_column_text][\/vc_column_text][\/vc_column][\/vc_row][vc_row full_width=&#8221;stretch_row&#8221; css=&#8221;.vc_custom_1426016578021{background: #e7e8e9 url(https:\/\/www.physipro.com\/wp-content\/uploads\/2015\/02\/radial-gradient.jpg?id=1369) !important;background-position: 0 0 !important;background-repeat: no-repeat !important;}&#8221; el_class=&#8221;section-full&#8221;][vc_column width=&#8221;1\/2&#8243;][vc_single_image image=&#8221;10450&#8243; img_size=&#8221;full&#8221;][\/vc_column][vc_column width=&#8221;1\/2&#8243;][vc_column_text el_class=&#8221;text-intro&#8221;] \u00c0 propos de Physipro Physipro est sp\u00e9cialis\u00e9 dans la conception, la fabrication et la distribution d\u2019aides techniques \u00e0 la posture et \u00e0 la mobilit\u00e9. Elle a su r\u00e9pondre aux besoins de ses&#8230;<\/p>\n <p><a class=\"read-more btn btn-primary btn-lg\" href=\"https:\/\/www.physipro.com\/fr\/\">Lire la suite<\/a><\/p>","protected":false},"author":1,"featured_media":0,"parent":0,"menu_order":0,"comment_status":"open","ping_status":"open","template":"","meta":{"_acf_changed":false,"footnotes":""},"class_list":["post-26","page","type-page","status-publish","hentry"],"acf":[],"yoast_head":"<!-- This site is optimized with the Yoast SEO plugin v22.3 - https:\/\/yoast.com\/wordpress\/plugins\/seo\/ -->\n<title>Physipro - Aides techniques \u00e0 la posture et \u00e0 la mobilit\u00e9<\/title>\n<meta name=\"description\" content=\"Physipro est un fabricant canadien d&#039;aides techniques \u00e0 la mobilit\u00e9 hautement personnalisables : fauteuils roulants et accessoires de posture.\" \/>\n<meta name=\"robots\" content=\"index, follow, max-snippet:-1, max-image-preview:large, max-video-preview:-1\" \/>\n<link rel=\"canonical\" href=\"https:\/\/www.physipro.com\/fr\/\" \/>\n<meta property=\"og:locale\" content=\"fr_FR\" \/>\n<meta property=\"og:type\" content=\"article\" \/>\n<meta property=\"og:title\" content=\"Physipro - Aides techniques \u00e0 la posture et \u00e0 la mobilit\u00e9\" \/>\n<meta property=\"og:description\" content=\"Physipro est un fabricant canadien d&#039;aides techniques \u00e0 la mobilit\u00e9 hautement personnalisables : fauteuils roulants et accessoires de posture.\" \/>\n<meta property=\"og:url\" content=\"https:\/\/www.physipro.com\/fr\/\" \/>\n<meta property=\"og:site_name\" content=\"Physipro inc.\" \/>\n<meta property=\"article:modified_time\" content=\"2026-02-19T20:25:05+00:00\" \/>\n<meta name=\"twitter:label1\" content=\"Dur\u00e9e de lecture estim\u00e9e\" \/>\n\t<meta name=\"twitter:data1\" content=\"2 minutes\" \/>\n<script type=\"application\/ld+json\" class=\"yoast-schema-graph\">{\"@context\":\"https:\/\/schema.org\",\"@graph\":[{\"@type\":\"WebPage\",\"@id\":\"https:\/\/www.physipro.com\/fr\/\",\"url\":\"https:\/\/www.physipro.com\/fr\/\",\"name\":\"Physipro - Aides techniques \u00e0 la posture et \u00e0 la mobilit\u00e9\",\"isPartOf\":{\"@id\":\"https:\/\/www.physipro.com\/#website\"},\"datePublished\":\"2015-02-24T14:44:12+00:00\",\"dateModified\":\"2026-02-19T20:25:05+00:00\",\"description\":\"Physipro est un fabricant canadien d'aides techniques \u00e0 la mobilit\u00e9 hautement personnalisables : fauteuils roulants et accessoires de posture.\",\"breadcrumb\":{\"@id\":\"https:\/\/www.physipro.com\/fr\/#breadcrumb\"},\"inLanguage\":\"fr-FR\",\"potentialAction\":[{\"@type\":\"ReadAction\",\"target\":[\"https:\/\/www.physipro.com\/fr\/\"]}]},{\"@type\":\"BreadcrumbList\",\"@id\":\"https:\/\/www.physipro.com\/fr\/#breadcrumb\",\"itemListElement\":[{\"@type\":\"ListItem\",\"position\":1,\"name\":\"Accueil\",\"item\":\"https:\/\/www.physipro.com\/fr\/\"},{\"@type\":\"ListItem\",\"position\":2,\"name\":\"Accueil\"}]},{\"@type\":\"WebSite\",\"@id\":\"https:\/\/www.physipro.com\/#website\",\"url\":\"https:\/\/www.physipro.com\/\",\"name\":\"Physipro inc.\",\"description\":\"Un site utilisant WordPress\",\"potentialAction\":[{\"@type\":\"SearchAction\",\"target\":{\"@type\":\"EntryPoint\",\"urlTemplate\":\"https:\/\/www.physipro.com\/?s={search_term_string}\"},\"query-input\":\"required name=search_term_string\"}],\"inLanguage\":\"fr-FR\"}]}<\/script>\n<!-- \/ Yoast SEO plugin. -->","yoast_head_json":{"title":"Physipro - Aides techniques \u00e0 la posture et \u00e0 la mobilit\u00e9","description":"Physipro est un fabricant canadien d'aides techniques \u00e0 la mobilit\u00e9 hautement personnalisables : fauteuils roulants et accessoires de posture.","robots":{"index":"index","follow":"follow","max-snippet":"max-snippet:-1","max-image-preview":"max-image-preview:large","max-video-preview":"max-video-preview:-1"},"canonical":"https:\/\/www.physipro.com\/fr\/","og_locale":"fr_FR","og_type":"article","og_title":"Physipro - Aides techniques \u00e0 la posture et \u00e0 la mobilit\u00e9","og_description":"Physipro est un fabricant canadien d'aides techniques \u00e0 la mobilit\u00e9 hautement personnalisables : fauteuils roulants et accessoires de posture.","og_url":"https:\/\/www.physipro.com\/fr\/","og_site_name":"Physipro inc.","article_modified_time":"2026-02-19T20:25:05+00:00","twitter_misc":{"Dur\u00e9e de lecture estim\u00e9e":"2 minutes"},"schema":{"@context":"https:\/\/schema.org","@graph":[{"@type":"WebPage","@id":"https:\/\/www.physipro.com\/fr\/","url":"https:\/\/www.physipro.com\/fr\/","name":"Physipro - Aides techniques \u00e0 la posture et \u00e0 la mobilit\u00e9","isPartOf":{"@id":"https:\/\/www.physipro.com\/#website"},"datePublished":"2015-02-24T14:44:12+00:00","dateModified":"2026-02-19T20:25:05+00:00","description":"Physipro est un fabricant canadien d'aides techniques \u00e0 la mobilit\u00e9 hautement personnalisables : fauteuils roulants et accessoires de posture.","breadcrumb":{"@id":"https:\/\/www.physipro.com\/fr\/#breadcrumb"},"inLanguage":"fr-FR","potentialAction":[{"@type":"ReadAction","target":["https:\/\/www.physipro.com\/fr\/"]}]},{"@type":"BreadcrumbList","@id":"https:\/\/www.physipro.com\/fr\/#breadcrumb","itemListElement":[{"@type":"ListItem","position":1,"name":"Accueil","item":"https:\/\/www.physipro.com\/fr\/"},{"@type":"ListItem","position":2,"name":"Accueil"}]},{"@type":"WebSite","@id":"https:\/\/www.physipro.com\/#website","url":"https:\/\/www.physipro.com\/","name":"Physipro inc.","description":"Un site utilisant WordPress","potentialAction":[{"@type":"SearchAction","target":{"@type":"EntryPoint","urlTemplate":"https:\/\/www.physipro.com\/?s={search_term_string}"},"query-input":"required name=search_term_string"}],"inLanguage":"fr-FR"}]}},"_links":{"self":[{"href":"https:\/\/www.physipro.com\/fr\/wp-json\/wp\/v2\/pages\/26","targetHints":{"allow":["GET"]}}],"collection":[{"href":"https:\/\/www.physipro.com\/fr\/wp-json\/wp\/v2\/pages"}],"about":[{"href":"https:\/\/www.physipro.com\/fr\/wp-json\/wp\/v2\/types\/page"}],"author":[{"embeddable":true,"href":"https:\/\/www.physipro.com\/fr\/wp-json\/wp\/v2\/users\/1"}],"replies":[{"embeddable":true,"href":"https:\/\/www.physipro.com\/fr\/wp-json\/wp\/v2\/comments?post=26"}],"version-history":[{"count":15,"href":"https:\/\/www.physipro.com\/fr\/wp-json\/wp\/v2\/pages\/26\/revisions"}],"predecessor-version":[{"id":53759,"href":"https:\/\/www.physipro.com\/fr\/wp-json\/wp\/v2\/pages\/26\/revisions\/53759"}],"wp:attachment":[{"href":"https:\/\/www.physipro.com\/fr\/wp-json\/wp\/v2\/media?parent=26"}],"curies":[{"name":"wp","href":"https:\/\/api.w.org\/{rel}","templated":true}]}}