{"id":6589,"date":"2015-02-25T19:56:15","date_gmt":"2015-02-25T19:56:15","guid":{"rendered":"https:\/\/www.physipro.com\/service-clientele\/ou-acheter\/"},"modified":"2021-10-07T19:25:26","modified_gmt":"2021-10-07T19:25:26","slug":"ou-acheter","status":"publish","type":"page","link":"https:\/\/www.physipro.com\/fr\/service-clientele\/ou-acheter\/","title":{"rendered":"O\u00f9 acheter"},"content":{"rendered":"<div class=\"wpb-content-wrapper\"><p>[vc_row full_width=&#8221;stretch_row&#8221; el_class=&#8221;section-full&#8221; css=&#8221;.vc_custom_1481047830857{margin-top: 0px !important;border-top-width: 0px !important;padding-top: 0px !important;background-color: #eeeff1 !important;}&#8221;][vc_column][vc_column_text]<\/p>\n<h2>Liste des prestataires\u00a0r\u00e9f\u00e9renc\u00e9s<\/h2>\n<p>[\/vc_column_text][\/vc_column][\/vc_row][vc_row][vc_column][vc_empty_space][\/vc_column][\/vc_row][vc_row][vc_column][vc_column_text]<div class='prettyMapList above cf' id='MapListPro0'><!--The Map --><div id='map-canvas0' class='mapHolder'><\/div><!-- hidden div that gets bound --><div data-bind=\"map: $data.filteredLocations()\"><\/div><!-- Search, Filters, Sorting bar --><div class='prettyFileBar clearfix'><!-- Category button --><div class=\"customCategoryList\"><a class='showFilterBtn float_right corePrettyStyle btn' href='#' data-bind='click:showCategories'>Position<\/a><ul class='unstyled menuDropDown' data-bind='foreach: {data: mapCategories}'><li data-bind='css:slug'><a data-bind='css: {showing: selected}, html: $data.title, click: $parent.selectCategory' href='#'><\/a><\/li><\/ul><\/div><!-- Sorting button --><div class='customCategoryList sortList'><a data-bind='click:showCategories' class='showSortingBtn float_right corePrettyStyle btn' href='#'>Trier<\/a><ul class='unstyled menuDropDown'><li><a href='#' data-sorttype='title' data-bind='click:$root.sortList'>titre<\/a><\/li><li><a href='#' data-sorttype='distance' data-bind='click:$root.sortList'>Distance<\/a><\/li><\/ul><\/div><form id='Map-List-Search' data-bind='submit:mapSearchSubmit' class='prettyMapListSearch true'><label>Recherche d'emplacements<\/label><input type='text' class='prettySearchValue' data-bind='value: query, valueUpdate:\"keyup\"' autocomplete='off' value='Search...'><a class='clearSearch btn corePrettyStyle' data-bind='visible: showClearButton, click: clearSearch'>Vider<\/a><\/form><\/div><!--Message bar--><div class='prettyMessage' data-bind='visible: anyLocationsAvailable' style='display:none;'><span>Aucun emplacement correspondant <\/span><a class='btn' href='#' data-bind='click:clearSearch'>Voir tous les emplacements<\/a><\/div><div class='prettyMessage' data-bind='visible: geocodeFail' style='display:none;'><span>No location found <\/span><a class='btn' href='#' data-bind='click:clearSearch'>Voir tous les emplacements<\/a><\/div><div id='ListContainer'><!--The List --><ul class='unstyled prettyListItems loading' data-bind='foreach: {data: pagedLocations}'><li class='corePrettyStyle prettylink map location' data-bind='css: $data.cssClass,click: $root.locationClick'><a href='#' class='viewLocationDetail clearfix'><!-- ko if: $data.smallImageUrl --><img src='#' data-bind='attr:{src: $data.smallImageUrl}' class='smallImage' \/><!-- \/ko --><span data-bind='html:$data.title'><\/span><span data-bind='text:$data.friendlyDistance'><\/span><span class='mapcategories'><span class='categoryLabel'>Position:<\/span> <span data-bind='html:$parent.itemCategories($data)'><\/span><\/span><\/a><!--Expanded item--><div class='mapLocationDetail clearfix' style='display:none;' data-bind='slideIn: $data.expanded,slideOut: $data.expanded'><div class='mapDescription clearfix'><!-- ko if: $data.imageUrl --><img src='#' data-bind='attr:{src: $data.imageUrl}' class='featuredImage float_left' \/><!-- \/ko --><div class='description float_left'><div data-bind='{html:$data.description}'><div data-bind='{html:$data.address}'><\/div><\/div><!-- ko if: $data.locationUrl--><a href='#' class='viewLocationPage btn corePrettyStyle' data-bind='attr:{href:$data.locationUrl}'>Voir les d\u00e9tails de l'emplacement<\/a><!-- \/ko --><!-- Directions --><div class='getDirections'>Obtenir les directions \u00e0 partir de <input class='directionsPostcode' type='text' value='' size='10'\/><a href='#' class='getdirections btn corePrettyStyle' data-bind='click:$root.getDirectionsClick'>Go<\/a><a href='#' class='getdirectionsgeo btn corePrettyStyle' data-bind='click:$root.getDirectionsClick'>Geo locate me<\/a><div class='mapLocationDirectionsHolder'><\/div><\/div><\/div><\/li><\/ul><\/div><div class='prettyPagination'><a class='pfl_next btn corePrettyStyle' href='#' data-bind='click: nextPage,css:nextPageButtonCSS'>Suivante &raquo;<\/a><div data-bind=\"visible: pagingVisible\" class=\"pagingInfo\">Page <span class='currentPage' data-bind='text: currentPageNumber'><\/span> de <span data-bind='text: totalPages' class='totalPages'><\/span><\/div><a class='pfl_prev btn corePrettyStyle' data-bind='click: prevPage,css:prevPageButtonCSS' href='#'>&laquo; Pr\u00e9c\u00e9cente<\/a><\/div><\/div>[\/vc_column_text][\/vc_column][\/vc_row]<\/p>\n<\/div>","protected":false},"excerpt":{"rendered":"<p>[vc_row full_width=&#8221;stretch_row&#8221; el_class=&#8221;section-full&#8221; css=&#8221;.vc_custom_1481047830857{margin-top: 0px !important;border-top-width: 0px !important;padding-top: 0px !important;background-color: #eeeff1 !important;}&#8221;][vc_column][vc_column_text] Liste des prestataires\u00a0r\u00e9f\u00e9renc\u00e9s [\/vc_column_text][\/vc_column][\/vc_row][vc_row][vc_column][vc_empty_space][\/vc_column][\/vc_row][vc_row][vc_column][vc_column_text][\/vc_column_text][\/vc_column][\/vc_row]<\/p>\n <p><a class=\"read-more btn btn-primary btn-lg\" href=\"https:\/\/www.physipro.com\/fr\/service-clientele\/ou-acheter\/\">Lire la suite<\/a><\/p>","protected":false},"author":1,"featured_media":0,"parent":6535,"menu_order":5,"comment_status":"open","ping_status":"closed","template":"","meta":{"_acf_changed":false,"footnotes":""},"class_list":["post-6589","page","type-page","status-publish","hentry"],"acf":[],"yoast_head":"<!-- This site is optimized with the Yoast SEO plugin v22.3 - https:\/\/yoast.com\/wordpress\/plugins\/seo\/ -->\n<title>O\u00f9 acheter - Physipro inc.<\/title>\n<meta name=\"robots\" content=\"index, follow, max-snippet:-1, max-image-preview:large, max-video-preview:-1\" \/>\n<link rel=\"canonical\" href=\"https:\/\/www.physipro.com\/fr\/service-clientele\/ou-acheter\/\" \/>\n<meta property=\"og:locale\" content=\"fr_FR\" \/>\n<meta property=\"og:type\" content=\"article\" \/>\n<meta property=\"og:title\" content=\"O\u00f9 acheter - Physipro inc.\" \/>\n<meta property=\"og:description\" content=\"[vc_row full_width=&#8221;stretch_row&#8221; el_class=&#8221;section-full&#8221; css=&#8221;.vc_custom_1481047830857{margin-top: 0px !important;border-top-width: 0px !important;padding-top: 0px !important;background-color: #eeeff1 !important;}&#8221;][vc_column][vc_column_text] Liste des prestataires\u00a0r\u00e9f\u00e9renc\u00e9s [\/vc_column_text][\/vc_column][\/vc_row][vc_row][vc_column][vc_empty_space][\/vc_column][\/vc_row][vc_row][vc_column][vc_column_text][\/vc_column_text][\/vc_column][\/vc_row]\" \/>\n<meta property=\"og:url\" content=\"https:\/\/www.physipro.com\/fr\/service-clientele\/ou-acheter\/\" \/>\n<meta property=\"og:site_name\" content=\"Physipro inc.\" \/>\n<meta property=\"article:modified_time\" content=\"2021-10-07T19:25:26+00:00\" \/>\n<script type=\"application\/ld+json\" class=\"yoast-schema-graph\">{\"@context\":\"https:\/\/schema.org\",\"@graph\":[{\"@type\":\"WebPage\",\"@id\":\"https:\/\/www.physipro.com\/fr\/service-clientele\/ou-acheter\/\",\"url\":\"https:\/\/www.physipro.com\/fr\/service-clientele\/ou-acheter\/\",\"name\":\"O\u00f9 acheter - Physipro inc.\",\"isPartOf\":{\"@id\":\"https:\/\/www.physipro.com\/#website\"},\"datePublished\":\"2015-02-25T19:56:15+00:00\",\"dateModified\":\"2021-10-07T19:25:26+00:00\",\"breadcrumb\":{\"@id\":\"https:\/\/www.physipro.com\/fr\/service-clientele\/ou-acheter\/#breadcrumb\"},\"inLanguage\":\"fr-FR\",\"potentialAction\":[{\"@type\":\"ReadAction\",\"target\":[\"https:\/\/www.physipro.com\/fr\/service-clientele\/ou-acheter\/\"]}]},{\"@type\":\"BreadcrumbList\",\"@id\":\"https:\/\/www.physipro.com\/fr\/service-clientele\/ou-acheter\/#breadcrumb\",\"itemListElement\":[{\"@type\":\"ListItem\",\"position\":1,\"name\":\"Accueil\",\"item\":\"https:\/\/www.physipro.com\/fr\/\"},{\"@type\":\"ListItem\",\"position\":2,\"name\":\"Service \u00e0 la client\u00e8le\",\"item\":\"https:\/\/www.physipro.com\/fr\/service-clientele\/\"},{\"@type\":\"ListItem\",\"position\":3,\"name\":\"O\u00f9 acheter\"}]},{\"@type\":\"WebSite\",\"@id\":\"https:\/\/www.physipro.com\/#website\",\"url\":\"https:\/\/www.physipro.com\/\",\"name\":\"Physipro inc.\",\"description\":\"Un site utilisant WordPress\",\"potentialAction\":[{\"@type\":\"SearchAction\",\"target\":{\"@type\":\"EntryPoint\",\"urlTemplate\":\"https:\/\/www.physipro.com\/?s={search_term_string}\"},\"query-input\":\"required name=search_term_string\"}],\"inLanguage\":\"fr-FR\"}]}<\/script>\n<!-- \/ Yoast SEO plugin. -->","yoast_head_json":{"title":"O\u00f9 acheter - Physipro inc.","robots":{"index":"index","follow":"follow","max-snippet":"max-snippet:-1","max-image-preview":"max-image-preview:large","max-video-preview":"max-video-preview:-1"},"canonical":"https:\/\/www.physipro.com\/fr\/service-clientele\/ou-acheter\/","og_locale":"fr_FR","og_type":"article","og_title":"O\u00f9 acheter - Physipro inc.","og_description":"[vc_row full_width=&#8221;stretch_row&#8221; el_class=&#8221;section-full&#8221; css=&#8221;.vc_custom_1481047830857{margin-top: 0px !important;border-top-width: 0px !important;padding-top: 0px !important;background-color: #eeeff1 !important;}&#8221;][vc_column][vc_column_text] Liste des prestataires\u00a0r\u00e9f\u00e9renc\u00e9s [\/vc_column_text][\/vc_column][\/vc_row][vc_row][vc_column][vc_empty_space][\/vc_column][\/vc_row][vc_row][vc_column][vc_column_text][\/vc_column_text][\/vc_column][\/vc_row]","og_url":"https:\/\/www.physipro.com\/fr\/service-clientele\/ou-acheter\/","og_site_name":"Physipro inc.","article_modified_time":"2021-10-07T19:25:26+00:00","schema":{"@context":"https:\/\/schema.org","@graph":[{"@type":"WebPage","@id":"https:\/\/www.physipro.com\/fr\/service-clientele\/ou-acheter\/","url":"https:\/\/www.physipro.com\/fr\/service-clientele\/ou-acheter\/","name":"O\u00f9 acheter - Physipro inc.","isPartOf":{"@id":"https:\/\/www.physipro.com\/#website"},"datePublished":"2015-02-25T19:56:15+00:00","dateModified":"2021-10-07T19:25:26+00:00","breadcrumb":{"@id":"https:\/\/www.physipro.com\/fr\/service-clientele\/ou-acheter\/#breadcrumb"},"inLanguage":"fr-FR","potentialAction":[{"@type":"ReadAction","target":["https:\/\/www.physipro.com\/fr\/service-clientele\/ou-acheter\/"]}]},{"@type":"BreadcrumbList","@id":"https:\/\/www.physipro.com\/fr\/service-clientele\/ou-acheter\/#breadcrumb","itemListElement":[{"@type":"ListItem","position":1,"name":"Accueil","item":"https:\/\/www.physipro.com\/fr\/"},{"@type":"ListItem","position":2,"name":"Service \u00e0 la client\u00e8le","item":"https:\/\/www.physipro.com\/fr\/service-clientele\/"},{"@type":"ListItem","position":3,"name":"O\u00f9 acheter"}]},{"@type":"WebSite","@id":"https:\/\/www.physipro.com\/#website","url":"https:\/\/www.physipro.com\/","name":"Physipro inc.","description":"Un site utilisant WordPress","potentialAction":[{"@type":"SearchAction","target":{"@type":"EntryPoint","urlTemplate":"https:\/\/www.physipro.com\/?s={search_term_string}"},"query-input":"required name=search_term_string"}],"inLanguage":"fr-FR"}]}},"_links":{"self":[{"href":"https:\/\/www.physipro.com\/fr\/wp-json\/wp\/v2\/pages\/6589","targetHints":{"allow":["GET"]}}],"collection":[{"href":"https:\/\/www.physipro.com\/fr\/wp-json\/wp\/v2\/pages"}],"about":[{"href":"https:\/\/www.physipro.com\/fr\/wp-json\/wp\/v2\/types\/page"}],"author":[{"embeddable":true,"href":"https:\/\/www.physipro.com\/fr\/wp-json\/wp\/v2\/users\/1"}],"replies":[{"embeddable":true,"href":"https:\/\/www.physipro.com\/fr\/wp-json\/wp\/v2\/comments?post=6589"}],"version-history":[{"count":15,"href":"https:\/\/www.physipro.com\/fr\/wp-json\/wp\/v2\/pages\/6589\/revisions"}],"predecessor-version":[{"id":33427,"href":"https:\/\/www.physipro.com\/fr\/wp-json\/wp\/v2\/pages\/6589\/revisions\/33427"}],"up":[{"embeddable":true,"href":"https:\/\/www.physipro.com\/fr\/wp-json\/wp\/v2\/pages\/6535"}],"wp:attachment":[{"href":"https:\/\/www.physipro.com\/fr\/wp-json\/wp\/v2\/media?parent=6589"}],"curies":[{"name":"wp","href":"https:\/\/api.w.org\/{rel}","templated":true}]}}