{"id":705,"date":"2015-03-04T16:32:04","date_gmt":"2015-03-04T16:32:04","guid":{"rendered":"https:\/\/www.physipro.com\/?page_id=705"},"modified":"2024-04-11T15:02:35","modified_gmt":"2024-04-11T15:02:35","slug":"propos","status":"publish","type":"page","link":"https:\/\/www.physipro.com\/fr\/propos\/","title":{"rendered":"\u00c0 Propos"},"content":{"rendered":"<div class=\"wpb-content-wrapper\"><p>[vc_row el_class=&#8221;section-last row-middle&#8221;][vc_column offset=&#8221;vc_col-lg-6&#8243; el_class=&#8221;spacing-bottom-md&#8221;][vc_column_text el_class=&#8221;physipro-title&#8221;]<\/p>\n<h2>Mot du fondateur<\/h2>\n<p>[\/vc_column_text][vc_column_text el_class=&#8221;physipro-blockquote physipro-blockquote-single&#8221;]<\/p>\n<blockquote><p>Nous avons toujours mis\u00e9 sur la personnalisation de nos produits, ce qui nous engage \u00e0 garder une ouverture constante aux moindres besoins de nos clients. C\u2019est sans aucun doute ce qui fait l\u2019\u00e2me de Physipro et c\u2019est, par le fait m\u00eame, notre philosophie.<\/p>\n<p><strong>Mario Ouellette, PDG<\/strong><\/p><\/blockquote>\n<p>[\/vc_column_text][\/vc_column][vc_column offset=&#8221;vc_col-lg-6&#8243;][vc_single_image image=&#8221;8097&#8243; el_class=&#8221;physipro-img-full&#8221;][\/vc_column][\/vc_row][vc_row full_width=&#8221;stretch_row&#8221; css=&#8221;.vc_custom_1426879339858{background-color: #eff0f1 !important;}&#8221; el_class=&#8221;section-default section-last&#8221;][vc_column offset=&#8221;vc_col-lg-5&#8243;][vc_column_text]<\/p>\n<h2><strong>Qui sommes-nous<\/strong><\/h2>\n<p>L\u2019\u00e9quipe de Physipro se sp\u00e9cialise dans la conception, la fabrication et la distribution d\u2019aides techniques \u00e0 la posture et \u00e0 la mobilit\u00e9. Physipro a su r\u00e9pondre aux besoins de ses clients, au fil des ann\u00e9es, en offrant une gamme de produits hautement personnalisables, \u00e0 la fine pointe de la technologie. Tous les produits de Physipro sont fabriqu\u00e9s dans son usine au Canada, et ce, de la conception au produit final.<\/p>\n<p>Physipro Europe a \u00e9tabli ses quartiers \u00e0 Angers en France. La succursale compte 11 salari\u00e9s.<\/p>\n<p>Les responsables commerciaux sont tous form\u00e9s \u00e0 la philosophie de leur PDG, Mario Ouellette. Outre leurs capacit\u00e9s commerciales, ils sont \u00e9galement formateurs en positionnement, formation qu\u2019ils dispensent aupr\u00e8s de leurs clients prestataires ou encore, accompagn\u00e9 d\u2019un ergoth\u00e9rapeute qu\u00e9b\u00e9cois, aupr\u00e8s des th\u00e9rapeutes qui en font la demande, que ce soit en France ou au Qu\u00e9bec.[\/vc_column_text][vc_column_text]<\/p>\n<h2>Notre mission<\/h2>\n<p><img loading=\"lazy\" decoding=\"async\" class=\" size-full wp-image-8124 alignleft\" src=\"https:\/\/www.physipro.com\/wp-content\/uploads\/2015\/02\/qualite-garantie-transp.png\" alt=\"qualite-garantie-transp\" width=\"194\" height=\"124\" \/>D\u00e9velopper des aides techniques \u00e0 la posture et \u00e0 la mobilit\u00e9 qui conf\u00e8rent un maximum de confort et de durabilit\u00e9. Le maintien de standard \u00e9lev\u00e9 de qualit\u00e9 et l\u2019innovation seront toujours notre priorit\u00e9.[\/vc_column_text][\/vc_column][vc_column width=&#8221;1\/12&#8243;][\/vc_column][vc_column offset=&#8221;vc_col-lg-6&#8243;][vc_column_text]<\/p>\n<h2>Notre\u00a0philosophie<\/h2>\n<p>Nous nous d\u00e9marquons par des produits de conception avant-gardistes, d\u2019une grande fiabilit\u00e9, mais surtout par leur capacit\u00e9 de s\u2019adapter \u00e0 chaque utilisateur.[\/vc_column_text][vc_column_text]<\/p>\n<h2>Ce que nous valorisons<\/h2>\n<ul>\n<li><strong>Fonctionnalit\u00e9<\/strong> : Nos produits refl\u00e8te une compr\u00e9hension approfondie du quotidien des gens qui les utilisent. Les besoins sont multiples, les fonctionnalit\u00e9s doivent l\u2019\u00eatre aussi.<\/li>\n<li><strong>Design <\/strong>:<strong>\u00a0<\/strong>Notre r\u00f4le est de r\u00e9pondre \u00e0 des besoins, de r\u00e9soudre des probl\u00e8mes, de proposer des solutions innovantes ou d\u2019inventer de nouvelles possibilit\u00e9s, dans le but d\u2019am\u00e9liorer la qualit\u00e9 de vie des utilisateurs de fauteuil roulant, et ce, en r\u00e9alisant des projets situ\u00e9s \u00e0 la crois\u00e9e du design et de la technique.<\/li>\n<li><strong>Innovation\u00a0:<\/strong> Nous concevons des produits qui \u00e9voluent au m\u00eame rythme que les \u00eatres humains et leur environnement.<\/li>\n<li><strong>Qualit\u00e9 :<\/strong> Nous nous effor\u00e7ons de fournir des produits de qualit\u00e9 sup\u00e9rieure, gr\u00e2ce \u00e0 des proc\u00e9d\u00e9s de fabrication qui assurent un contr\u00f4le \u00e0 chaque \u00e9tape de la fabrication.<\/li>\n<\/ul>\n<p>[\/vc_column_text][\/vc_column][\/vc_row][vc_row full_width=&#8221;stretch_row&#8221; el_class=&#8221;section-default section-last&#8221; css=&#8221;.vc_custom_1443108246852{margin-bottom: 0px !important;border-bottom-width: 0px !important;padding-bottom: 0px !important;}&#8221;][vc_column width=&#8221;1\/4&#8243;][vc_single_image image=&#8221;12839&#8243; alignment=&#8221;right&#8221; onclick=&#8221;custom_link&#8221; img_link_target=&#8221;_blank&#8221; link=&#8221;http:\/\/www.ufat.eu\/FR\/accueil.php?rubrique=accueil&#8221;][\/vc_column][vc_column width=&#8221;3\/4&#8243;][vc_column_text css=&#8221;.vc_custom_1712847751562{margin-left: 0px !important;border-left-width: 0px !important;padding-left: 0px !important;}&#8221;]<\/p>\n<h2><strong>Physipro est membre de l\u2019UFAT, un syndicat professionnel fran\u00e7ais qui regroupe les principaux fabriquants d\u2019aides techniques dans le domaine de la sant\u00e9.<\/strong><\/h2>\n<p>&nbsp;<\/p>\n<p>[\/vc_column_text][\/vc_column][\/vc_row][vc_row full_width=&#8221;stretch_row&#8221; css=&#8221;.vc_custom_1427120332125{background-color: #ffffff !important;}&#8221; el_class=&#8221;row-middle section-semifull section-last&#8221;][vc_column el_class=&#8221;inner-content spacing-bottom-md&#8221; offset=&#8221;vc_col-lg-6&#8243;][vc_column_text]<\/p>\n<h1>Un bref historique<\/h1>\n<p>Un esprit entrepreneurial, une compr\u00e9hension remarquable de la m\u00e9canique humaine et, surtout, une grande passion pour la posture sont les bases de Physipro depuis sa fondation en 1988 par Mario Ouellette. Son ing\u00e9niosit\u00e9, son d\u00e9sir de changer les choses, sa vision des march\u00e9s et son esprit cr\u00e9ateur sont le r\u00e9sultat de solutions innovantes r\u00e9pondant aujourd\u2019hui aux besoins de milliers d\u2019utilisateurs de fauteuil roulant.<\/p>\n<p>D\u00e8s la fondation de l\u2019entreprise, Mario Ouellette mit un point d\u2019honneur \u00e0 d\u00e9velopper son concept clinico-technique et cr\u00e9a les premi\u00e8res \u00e9quipes mobiles sur le territoire canadien. Ces derni\u00e8res sont compos\u00e9es d\u2019ergoth\u00e9rapeutes et d\u2019assistants techniques du secteur orthop\u00e9dique. Ces \u00e9quipes multidisciplinaires se d\u00e9placent vers diff\u00e9rents centres de r\u00e9adaptation et de soins de longue dur\u00e9e, dans le but d\u2019\u00e9valuer et de fournir des aides techniques \u00e0 la posture favorisant une mobilit\u00e9 fonctionnelle.<\/p>\n<p>Physipro est b\u00e2tie sur le concept de la confection de produits sur mesure. Les besoins et l\u2019environnement de chaque personne sont diff\u00e9rents; voil\u00e0 pourquoi, depuis ses tout premiers d\u00e9buts, Physipro con\u00e7oit des produits hautement personnalisables. C\u2019est ce que Mario Ouellette a su d\u00e9montrer depuis la fondation de l&#8217;entreprise; cela fait maintenant plus de 30 ans que les premiers produits de positionnement ont \u00e9t\u00e9 fabriqu\u00e9s \u00e0 l&#8217;atelier de Physipro. L\u2019entreprise compte aujourd\u2019hui plus de 80 employ\u00e9s et poss\u00e8de, en plus de ses installations canadiennes, une succursale europ\u00e9enne.[\/vc_column_text][\/vc_column][vc_column el_class=&#8221;physipro-why&#8221; css=&#8221;.vc_custom_1427284941240{background-image: url(https:\/\/www.physipro.com\/wp-content\/uploads\/2015\/02\/our-history.jpg?id=8491) !important;}&#8221; offset=&#8221;vc_col-lg-6&#8243;][vc_column_text]<\/p>\n<h2><span style=\"color: #000000;\">FAITES PARTIE DE<br \/>\nNOTRE HISTOIRE<br \/>\nET JOIGNEZ-VOUS<br \/>\n\u00c0 NOUS !<\/span><\/h2>\n<p>[\/vc_column_text]<a href=\"http:\/\/physipro.com\/fr\/propos\/carrieres\/\" title=\"Carri\u00e8res\" target=\"_blank\"class=\"btn btn-primary btn-lg\"> <span>Voir les opportunit\u00e9s de carri\u00e8re<\/span><\/a>[\/vc_column][\/vc_row]<\/p>\n<\/div>","protected":false},"excerpt":{"rendered":"<p>[vc_row el_class=&#8221;section-last row-middle&#8221;][vc_column offset=&#8221;vc_col-lg-6&#8243; el_class=&#8221;spacing-bottom-md&#8221;][vc_column_text el_class=&#8221;physipro-title&#8221;] Mot du fondateur [\/vc_column_text][vc_column_text el_class=&#8221;physipro-blockquote physipro-blockquote-single&#8221;] Nous avons toujours mis\u00e9 sur la personnalisation de nos produits, ce qui nous engage \u00e0 garder une ouverture constante aux moindres besoins de nos clients. C\u2019est sans aucun doute ce qui fait l\u2019\u00e2me de Physipro et c\u2019est, par&#8230;<\/p>\n <p><a class=\"read-more btn btn-primary btn-lg\" href=\"https:\/\/www.physipro.com\/fr\/propos\/\">Lire la suite<\/a><\/p>","protected":false},"author":28,"featured_media":0,"parent":0,"menu_order":9,"comment_status":"open","ping_status":"closed","template":"","meta":{"_acf_changed":false,"footnotes":""},"class_list":["post-705","page","type-page","status-publish","hentry"],"acf":[],"yoast_head":"<!-- This site is optimized with the Yoast SEO plugin v22.3 - https:\/\/yoast.com\/wordpress\/plugins\/seo\/ -->\n<title>\u00c0 Propos - Physipro inc.<\/title>\n<meta name=\"robots\" content=\"index, follow, max-snippet:-1, max-image-preview:large, max-video-preview:-1\" \/>\n<link rel=\"canonical\" href=\"https:\/\/www.physipro.com\/fr\/propos\/\" \/>\n<meta property=\"og:locale\" content=\"fr_FR\" \/>\n<meta property=\"og:type\" content=\"article\" \/>\n<meta property=\"og:title\" content=\"\u00c0 Propos - Physipro inc.\" \/>\n<meta property=\"og:description\" content=\"[vc_row el_class=&#8221;section-last row-middle&#8221;][vc_column offset=&#8221;vc_col-lg-6&#8243; el_class=&#8221;spacing-bottom-md&#8221;][vc_column_text el_class=&#8221;physipro-title&#8221;] Mot du fondateur [\/vc_column_text][vc_column_text el_class=&#8221;physipro-blockquote physipro-blockquote-single&#8221;] Nous avons toujours mis\u00e9 sur la personnalisation de nos produits, ce qui nous engage \u00e0 garder une ouverture constante aux moindres besoins de nos clients. C\u2019est sans aucun doute ce qui fait l\u2019\u00e2me de Physipro et c\u2019est, par...\" \/>\n<meta property=\"og:url\" content=\"https:\/\/www.physipro.com\/fr\/propos\/\" \/>\n<meta property=\"og:site_name\" content=\"Physipro inc.\" \/>\n<meta property=\"article:modified_time\" content=\"2024-04-11T15:02:35+00:00\" \/>\n<meta property=\"og:image\" content=\"https:\/\/www.physipro.com\/wp-content\/uploads\/2015\/02\/qualite-garantie-transp.png\" \/>\n<meta name=\"twitter:label1\" content=\"Dur\u00e9e de lecture estim\u00e9e\" \/>\n\t<meta name=\"twitter:data1\" content=\"4 minutes\" \/>\n<script type=\"application\/ld+json\" class=\"yoast-schema-graph\">{\"@context\":\"https:\/\/schema.org\",\"@graph\":[{\"@type\":\"WebPage\",\"@id\":\"https:\/\/www.physipro.com\/fr\/propos\/\",\"url\":\"https:\/\/www.physipro.com\/fr\/propos\/\",\"name\":\"\u00c0 Propos - Physipro inc.\",\"isPartOf\":{\"@id\":\"https:\/\/www.physipro.com\/#website\"},\"primaryImageOfPage\":{\"@id\":\"https:\/\/www.physipro.com\/fr\/propos\/#primaryimage\"},\"image\":{\"@id\":\"https:\/\/www.physipro.com\/fr\/propos\/#primaryimage\"},\"thumbnailUrl\":\"https:\/\/www.physipro.com\/wp-content\/uploads\/2015\/02\/qualite-garantie-transp.png\",\"datePublished\":\"2015-03-04T16:32:04+00:00\",\"dateModified\":\"2024-04-11T15:02:35+00:00\",\"breadcrumb\":{\"@id\":\"https:\/\/www.physipro.com\/fr\/propos\/#breadcrumb\"},\"inLanguage\":\"fr-FR\",\"potentialAction\":[{\"@type\":\"ReadAction\",\"target\":[\"https:\/\/www.physipro.com\/fr\/propos\/\"]}]},{\"@type\":\"ImageObject\",\"inLanguage\":\"fr-FR\",\"@id\":\"https:\/\/www.physipro.com\/fr\/propos\/#primaryimage\",\"url\":\"https:\/\/www.physipro.com\/wp-content\/uploads\/2015\/02\/qualite-garantie-transp.png\",\"contentUrl\":\"https:\/\/www.physipro.com\/wp-content\/uploads\/2015\/02\/qualite-garantie-transp.png\",\"width\":194,\"height\":124},{\"@type\":\"BreadcrumbList\",\"@id\":\"https:\/\/www.physipro.com\/fr\/propos\/#breadcrumb\",\"itemListElement\":[{\"@type\":\"ListItem\",\"position\":1,\"name\":\"Accueil\",\"item\":\"https:\/\/www.physipro.com\/fr\/\"},{\"@type\":\"ListItem\",\"position\":2,\"name\":\"\u00c0 Propos\"}]},{\"@type\":\"WebSite\",\"@id\":\"https:\/\/www.physipro.com\/#website\",\"url\":\"https:\/\/www.physipro.com\/\",\"name\":\"Physipro inc.\",\"description\":\"Un site utilisant WordPress\",\"potentialAction\":[{\"@type\":\"SearchAction\",\"target\":{\"@type\":\"EntryPoint\",\"urlTemplate\":\"https:\/\/www.physipro.com\/?s={search_term_string}\"},\"query-input\":\"required name=search_term_string\"}],\"inLanguage\":\"fr-FR\"}]}<\/script>\n<!-- \/ Yoast SEO plugin. -->","yoast_head_json":{"title":"\u00c0 Propos - Physipro inc.","robots":{"index":"index","follow":"follow","max-snippet":"max-snippet:-1","max-image-preview":"max-image-preview:large","max-video-preview":"max-video-preview:-1"},"canonical":"https:\/\/www.physipro.com\/fr\/propos\/","og_locale":"fr_FR","og_type":"article","og_title":"\u00c0 Propos - Physipro inc.","og_description":"[vc_row el_class=&#8221;section-last row-middle&#8221;][vc_column offset=&#8221;vc_col-lg-6&#8243; el_class=&#8221;spacing-bottom-md&#8221;][vc_column_text el_class=&#8221;physipro-title&#8221;] Mot du fondateur [\/vc_column_text][vc_column_text el_class=&#8221;physipro-blockquote physipro-blockquote-single&#8221;] Nous avons toujours mis\u00e9 sur la personnalisation de nos produits, ce qui nous engage \u00e0 garder une ouverture constante aux moindres besoins de nos clients. C\u2019est sans aucun doute ce qui fait l\u2019\u00e2me de Physipro et c\u2019est, par...","og_url":"https:\/\/www.physipro.com\/fr\/propos\/","og_site_name":"Physipro inc.","article_modified_time":"2024-04-11T15:02:35+00:00","og_image":[{"url":"https:\/\/www.physipro.com\/wp-content\/uploads\/2015\/02\/qualite-garantie-transp.png"}],"twitter_misc":{"Dur\u00e9e de lecture estim\u00e9e":"4 minutes"},"schema":{"@context":"https:\/\/schema.org","@graph":[{"@type":"WebPage","@id":"https:\/\/www.physipro.com\/fr\/propos\/","url":"https:\/\/www.physipro.com\/fr\/propos\/","name":"\u00c0 Propos - Physipro inc.","isPartOf":{"@id":"https:\/\/www.physipro.com\/#website"},"primaryImageOfPage":{"@id":"https:\/\/www.physipro.com\/fr\/propos\/#primaryimage"},"image":{"@id":"https:\/\/www.physipro.com\/fr\/propos\/#primaryimage"},"thumbnailUrl":"https:\/\/www.physipro.com\/wp-content\/uploads\/2015\/02\/qualite-garantie-transp.png","datePublished":"2015-03-04T16:32:04+00:00","dateModified":"2024-04-11T15:02:35+00:00","breadcrumb":{"@id":"https:\/\/www.physipro.com\/fr\/propos\/#breadcrumb"},"inLanguage":"fr-FR","potentialAction":[{"@type":"ReadAction","target":["https:\/\/www.physipro.com\/fr\/propos\/"]}]},{"@type":"ImageObject","inLanguage":"fr-FR","@id":"https:\/\/www.physipro.com\/fr\/propos\/#primaryimage","url":"https:\/\/www.physipro.com\/wp-content\/uploads\/2015\/02\/qualite-garantie-transp.png","contentUrl":"https:\/\/www.physipro.com\/wp-content\/uploads\/2015\/02\/qualite-garantie-transp.png","width":194,"height":124},{"@type":"BreadcrumbList","@id":"https:\/\/www.physipro.com\/fr\/propos\/#breadcrumb","itemListElement":[{"@type":"ListItem","position":1,"name":"Accueil","item":"https:\/\/www.physipro.com\/fr\/"},{"@type":"ListItem","position":2,"name":"\u00c0 Propos"}]},{"@type":"WebSite","@id":"https:\/\/www.physipro.com\/#website","url":"https:\/\/www.physipro.com\/","name":"Physipro inc.","description":"Un site utilisant WordPress","potentialAction":[{"@type":"SearchAction","target":{"@type":"EntryPoint","urlTemplate":"https:\/\/www.physipro.com\/?s={search_term_string}"},"query-input":"required name=search_term_string"}],"inLanguage":"fr-FR"}]}},"_links":{"self":[{"href":"https:\/\/www.physipro.com\/fr\/wp-json\/wp\/v2\/pages\/705","targetHints":{"allow":["GET"]}}],"collection":[{"href":"https:\/\/www.physipro.com\/fr\/wp-json\/wp\/v2\/pages"}],"about":[{"href":"https:\/\/www.physipro.com\/fr\/wp-json\/wp\/v2\/types\/page"}],"author":[{"embeddable":true,"href":"https:\/\/www.physipro.com\/fr\/wp-json\/wp\/v2\/users\/28"}],"replies":[{"embeddable":true,"href":"https:\/\/www.physipro.com\/fr\/wp-json\/wp\/v2\/comments?post=705"}],"version-history":[{"count":15,"href":"https:\/\/www.physipro.com\/fr\/wp-json\/wp\/v2\/pages\/705\/revisions"}],"predecessor-version":[{"id":44673,"href":"https:\/\/www.physipro.com\/fr\/wp-json\/wp\/v2\/pages\/705\/revisions\/44673"}],"wp:attachment":[{"href":"https:\/\/www.physipro.com\/fr\/wp-json\/wp\/v2\/media?parent=705"}],"curies":[{"name":"wp","href":"https:\/\/api.w.org\/{rel}","templated":true}]}}