{"id":761,"date":"2015-03-04T18:12:33","date_gmt":"2015-03-04T18:12:33","guid":{"rendered":"https:\/\/www.physipro.com\/?page_id=761"},"modified":"2021-03-09T14:01:26","modified_gmt":"2021-03-09T14:01:26","slug":"carrieres","status":"publish","type":"page","link":"https:\/\/www.physipro.com\/fr\/propos\/carrieres\/","title":{"rendered":"Carri\u00e8res"},"content":{"rendered":"<div class=\"wpb-content-wrapper\"><p>[vc_row][vc_column][vc_column_text]Physipro Inc., entreprise 100 % Qu\u00e9b\u00e9coise, sp\u00e9cialis\u00e9e dans la conception et la fabrication d\u2019aides techniques \u00e0 la posture et \u00e0 la mobilit\u00e9. Repr\u00e9sent\u00e9e par une succursale France situ\u00e9e sur Angers.[\/vc_column_text][\/vc_column][\/vc_row][vc_row][vc_column][vc_column_text]<\/p>\n<h2><\/h2>\n<h2><span style=\"color: #0065ad;\"><strong>Candidature libre :<br \/>\n<\/strong><\/span><\/h2>\n<p>Envoyer CV et lettre de motivation en pr\u00e9cisant le poste pour lequel vous postulez.[\/vc_column_text][\/vc_column][\/vc_row][vc_row][vc_column][vc_column_text]<\/p>\n<h2><span style=\"color: #0065ad;\">Personne ressource :<\/span><\/h2>\n<p>Vanessa LAFLEUR<br \/>\nResponsable Succursale<br \/>\nTel.\u00a0: 02.41.69.38.01<br \/>\nFax\u00a0: 02.41.69.43.32<\/p>\n<p>Adresse courriel<strong> :<\/strong>\u00a0<a href=\"mailto:contact@physipro.fr\">contact@physipro.fr<\/a>[\/vc_column_text][vc_empty_space][\/vc_column][\/vc_row]<\/p>\n<\/div>","protected":false},"excerpt":{"rendered":"<p>[vc_row][vc_column][vc_column_text]Physipro Inc., entreprise 100 % Qu\u00e9b\u00e9coise, sp\u00e9cialis\u00e9e dans la conception et la fabrication d\u2019aides techniques \u00e0 la posture et \u00e0 la mobilit\u00e9. Repr\u00e9sent\u00e9e par une succursale France situ\u00e9e sur Angers.[\/vc_column_text][\/vc_column][\/vc_row][vc_row][vc_column][vc_column_text] Candidature libre : Envoyer CV et lettre de motivation en pr\u00e9cisant le poste pour lequel vous postulez.[\/vc_column_text][\/vc_column][\/vc_row][vc_row][vc_column][vc_column_text] Personne ressource :&#8230;<\/p>\n <p><a class=\"read-more btn btn-primary btn-lg\" href=\"https:\/\/www.physipro.com\/fr\/propos\/carrieres\/\">Lire la suite<\/a><\/p>","protected":false},"author":28,"featured_media":0,"parent":705,"menu_order":3,"comment_status":"open","ping_status":"open","template":"","meta":{"_acf_changed":false,"footnotes":""},"class_list":["post-761","page","type-page","status-publish","hentry"],"acf":[],"yoast_head":"<!-- This site is optimized with the Yoast SEO plugin v22.3 - https:\/\/yoast.com\/wordpress\/plugins\/seo\/ -->\n<title>Carri\u00e8res - Physipro inc.<\/title>\n<meta name=\"robots\" content=\"index, follow, max-snippet:-1, max-image-preview:large, max-video-preview:-1\" \/>\n<link rel=\"canonical\" href=\"https:\/\/www.physipro.com\/fr\/propos\/carrieres\/\" \/>\n<meta property=\"og:locale\" content=\"fr_FR\" \/>\n<meta property=\"og:type\" content=\"article\" \/>\n<meta property=\"og:title\" content=\"Carri\u00e8res - Physipro inc.\" \/>\n<meta property=\"og:description\" content=\"[vc_row][vc_column][vc_column_text]Physipro Inc., entreprise 100 % Qu\u00e9b\u00e9coise, sp\u00e9cialis\u00e9e dans la conception et la fabrication d\u2019aides techniques \u00e0 la posture et \u00e0 la mobilit\u00e9. Repr\u00e9sent\u00e9e par une succursale France situ\u00e9e sur Angers.[\/vc_column_text][\/vc_column][\/vc_row][vc_row][vc_column][vc_column_text] Candidature libre : Envoyer CV et lettre de motivation en pr\u00e9cisant le poste pour lequel vous postulez.[\/vc_column_text][\/vc_column][\/vc_row][vc_row][vc_column][vc_column_text] Personne ressource :...\" \/>\n<meta property=\"og:url\" content=\"https:\/\/www.physipro.com\/fr\/propos\/carrieres\/\" \/>\n<meta property=\"og:site_name\" content=\"Physipro inc.\" \/>\n<meta property=\"article:modified_time\" content=\"2021-03-09T14:01:26+00:00\" \/>\n<meta name=\"twitter:label1\" content=\"Dur\u00e9e de lecture estim\u00e9e\" \/>\n\t<meta name=\"twitter:data1\" content=\"1 minute\" \/>\n<script type=\"application\/ld+json\" class=\"yoast-schema-graph\">{\"@context\":\"https:\/\/schema.org\",\"@graph\":[{\"@type\":\"WebPage\",\"@id\":\"https:\/\/www.physipro.com\/fr\/propos\/carrieres\/\",\"url\":\"https:\/\/www.physipro.com\/fr\/propos\/carrieres\/\",\"name\":\"Carri\u00e8res - Physipro inc.\",\"isPartOf\":{\"@id\":\"https:\/\/www.physipro.com\/#website\"},\"datePublished\":\"2015-03-04T18:12:33+00:00\",\"dateModified\":\"2021-03-09T14:01:26+00:00\",\"breadcrumb\":{\"@id\":\"https:\/\/www.physipro.com\/fr\/propos\/carrieres\/#breadcrumb\"},\"inLanguage\":\"fr-FR\",\"potentialAction\":[{\"@type\":\"ReadAction\",\"target\":[\"https:\/\/www.physipro.com\/fr\/propos\/carrieres\/\"]}]},{\"@type\":\"BreadcrumbList\",\"@id\":\"https:\/\/www.physipro.com\/fr\/propos\/carrieres\/#breadcrumb\",\"itemListElement\":[{\"@type\":\"ListItem\",\"position\":1,\"name\":\"Accueil\",\"item\":\"https:\/\/www.physipro.com\/fr\/\"},{\"@type\":\"ListItem\",\"position\":2,\"name\":\"\u00c0 Propos\",\"item\":\"https:\/\/www.physipro.com\/fr\/propos\/\"},{\"@type\":\"ListItem\",\"position\":3,\"name\":\"Carri\u00e8res\"}]},{\"@type\":\"WebSite\",\"@id\":\"https:\/\/www.physipro.com\/#website\",\"url\":\"https:\/\/www.physipro.com\/\",\"name\":\"Physipro inc.\",\"description\":\"Un site utilisant WordPress\",\"potentialAction\":[{\"@type\":\"SearchAction\",\"target\":{\"@type\":\"EntryPoint\",\"urlTemplate\":\"https:\/\/www.physipro.com\/?s={search_term_string}\"},\"query-input\":\"required name=search_term_string\"}],\"inLanguage\":\"fr-FR\"}]}<\/script>\n<!-- \/ Yoast SEO plugin. -->","yoast_head_json":{"title":"Carri\u00e8res - Physipro inc.","robots":{"index":"index","follow":"follow","max-snippet":"max-snippet:-1","max-image-preview":"max-image-preview:large","max-video-preview":"max-video-preview:-1"},"canonical":"https:\/\/www.physipro.com\/fr\/propos\/carrieres\/","og_locale":"fr_FR","og_type":"article","og_title":"Carri\u00e8res - Physipro inc.","og_description":"[vc_row][vc_column][vc_column_text]Physipro Inc., entreprise 100 % Qu\u00e9b\u00e9coise, sp\u00e9cialis\u00e9e dans la conception et la fabrication d\u2019aides techniques \u00e0 la posture et \u00e0 la mobilit\u00e9. Repr\u00e9sent\u00e9e par une succursale France situ\u00e9e sur Angers.[\/vc_column_text][\/vc_column][\/vc_row][vc_row][vc_column][vc_column_text] Candidature libre : Envoyer CV et lettre de motivation en pr\u00e9cisant le poste pour lequel vous postulez.[\/vc_column_text][\/vc_column][\/vc_row][vc_row][vc_column][vc_column_text] Personne ressource :...","og_url":"https:\/\/www.physipro.com\/fr\/propos\/carrieres\/","og_site_name":"Physipro inc.","article_modified_time":"2021-03-09T14:01:26+00:00","twitter_misc":{"Dur\u00e9e de lecture estim\u00e9e":"1 minute"},"schema":{"@context":"https:\/\/schema.org","@graph":[{"@type":"WebPage","@id":"https:\/\/www.physipro.com\/fr\/propos\/carrieres\/","url":"https:\/\/www.physipro.com\/fr\/propos\/carrieres\/","name":"Carri\u00e8res - Physipro inc.","isPartOf":{"@id":"https:\/\/www.physipro.com\/#website"},"datePublished":"2015-03-04T18:12:33+00:00","dateModified":"2021-03-09T14:01:26+00:00","breadcrumb":{"@id":"https:\/\/www.physipro.com\/fr\/propos\/carrieres\/#breadcrumb"},"inLanguage":"fr-FR","potentialAction":[{"@type":"ReadAction","target":["https:\/\/www.physipro.com\/fr\/propos\/carrieres\/"]}]},{"@type":"BreadcrumbList","@id":"https:\/\/www.physipro.com\/fr\/propos\/carrieres\/#breadcrumb","itemListElement":[{"@type":"ListItem","position":1,"name":"Accueil","item":"https:\/\/www.physipro.com\/fr\/"},{"@type":"ListItem","position":2,"name":"\u00c0 Propos","item":"https:\/\/www.physipro.com\/fr\/propos\/"},{"@type":"ListItem","position":3,"name":"Carri\u00e8res"}]},{"@type":"WebSite","@id":"https:\/\/www.physipro.com\/#website","url":"https:\/\/www.physipro.com\/","name":"Physipro inc.","description":"Un site utilisant WordPress","potentialAction":[{"@type":"SearchAction","target":{"@type":"EntryPoint","urlTemplate":"https:\/\/www.physipro.com\/?s={search_term_string}"},"query-input":"required name=search_term_string"}],"inLanguage":"fr-FR"}]}},"_links":{"self":[{"href":"https:\/\/www.physipro.com\/fr\/wp-json\/wp\/v2\/pages\/761","targetHints":{"allow":["GET"]}}],"collection":[{"href":"https:\/\/www.physipro.com\/fr\/wp-json\/wp\/v2\/pages"}],"about":[{"href":"https:\/\/www.physipro.com\/fr\/wp-json\/wp\/v2\/types\/page"}],"author":[{"embeddable":true,"href":"https:\/\/www.physipro.com\/fr\/wp-json\/wp\/v2\/users\/28"}],"replies":[{"embeddable":true,"href":"https:\/\/www.physipro.com\/fr\/wp-json\/wp\/v2\/comments?post=761"}],"version-history":[{"count":15,"href":"https:\/\/www.physipro.com\/fr\/wp-json\/wp\/v2\/pages\/761\/revisions"}],"predecessor-version":[{"id":31415,"href":"https:\/\/www.physipro.com\/fr\/wp-json\/wp\/v2\/pages\/761\/revisions\/31415"}],"up":[{"embeddable":true,"href":"https:\/\/www.physipro.com\/fr\/wp-json\/wp\/v2\/pages\/705"}],"wp:attachment":[{"href":"https:\/\/www.physipro.com\/fr\/wp-json\/wp\/v2\/media?parent=761"}],"curies":[{"name":"wp","href":"https:\/\/api.w.org\/{rel}","templated":true}]}}