{"id":8022,"date":"2015-03-23T12:26:37","date_gmt":"2015-03-23T12:26:37","guid":{"rendered":"https:\/\/www.physipro.com\/?page_id=8022"},"modified":"2025-09-16T13:52:48","modified_gmt":"2025-09-16T13:52:48","slug":"contactez-nous","status":"publish","type":"page","link":"https:\/\/www.physipro.com\/fr\/service-clientele\/contactez-nous\/","title":{"rendered":"Contactez-nous"},"content":{"rendered":"<div class=\"wpb-content-wrapper\"><p>[vc_row][vc_column width=&#8221;7\/12&#8243;][vc_column_text]<\/p>\n<h2>Nous joindre via\u00a0courriel<\/h2>\n<p>Nous sommes l\u00e0 pour r\u00e9pondre \u00e0 toutes \u00e0 vos questions. Simplement nous envoyer un message \u00e0 l\u2019aide du formulaire ci-dessous.<\/p>\n<div class=\"wpcf7 no-js\" id=\"wpcf7-f53-o1\" lang=\"fr-FR\" dir=\"ltr\">\n<div class=\"screen-reader-response\"><p role=\"status\" aria-live=\"polite\" aria-atomic=\"true\"><\/p> <ul><\/ul><\/div>\n<form action=\"\/fr\/wp-json\/wp\/v2\/pages\/8022#wpcf7-f53-o1\" method=\"post\" class=\"wpcf7-form init\" aria-label=\"Formulaire de contact\" novalidate=\"novalidate\" data-status=\"init\">\n<div style=\"display: none;\">\n<input type=\"hidden\" name=\"_wpcf7\" value=\"53\" \/>\n<input type=\"hidden\" name=\"_wpcf7_version\" value=\"5.9.2\" \/>\n<input type=\"hidden\" name=\"_wpcf7_locale\" value=\"fr_FR\" \/>\n<input type=\"hidden\" name=\"_wpcf7_unit_tag\" value=\"wpcf7-f53-o1\" \/>\n<input type=\"hidden\" name=\"_wpcf7_container_post\" value=\"0\" \/>\n<input type=\"hidden\" name=\"_wpcf7_posted_data_hash\" value=\"\" \/>\n<\/div>\n<div class=\"form-group\">\n\t<p><label for=\"your-name\">Votre nom *<\/label><span class=\"wpcf7-form-control-wrap\" data-name=\"your-name\"><input size=\"40\" class=\"wpcf7-form-control wpcf7-text wpcf7-validates-as-required form-control\" aria-required=\"true\" aria-invalid=\"false\" placeholder=\"Nom complet\" value=\"\" type=\"text\" name=\"your-name\" \/><\/span>\n\t<\/p>\n<\/div>\n<div class=\"form-group\">\n\t<p><label for=\"your-email\">Votre courriel *<\/label><span class=\"wpcf7-form-control-wrap\" data-name=\"your-email\"><input size=\"40\" class=\"wpcf7-form-control wpcf7-email wpcf7-validates-as-required wpcf7-text wpcf7-validates-as-email form-control\" aria-required=\"true\" aria-invalid=\"false\" placeholder=\"vous@fournisseur.com\" value=\"\" type=\"email\" name=\"your-email\" \/><\/span>\n\t<\/p>\n<\/div>\n<div class=\"form-group\">\n\t<p><label for=\"your-phone\">Votre t\u00e9l\u00e9phone *<\/label><span class=\"wpcf7-form-control-wrap\" data-name=\"your-phone\"><input size=\"40\" class=\"wpcf7-form-control wpcf7-tel wpcf7-validates-as-required wpcf7-text wpcf7-validates-as-tel form-control\" aria-required=\"true\" aria-invalid=\"false\" placeholder=\"(123) 849-4039\" value=\"\" type=\"tel\" name=\"your-phone\" \/><\/span>\n\t<\/p>\n<\/div>\n<div class=\"form-group\">\n\t<p><label for=\"your-subject\">Votre sujet *<\/label><span class=\"wpcf7-form-control-wrap\" data-name=\"your-subject\"><input size=\"40\" class=\"wpcf7-form-control wpcf7-text wpcf7-validates-as-required form-control\" aria-required=\"true\" aria-invalid=\"false\" placeholder=\"Votre sujet\" value=\"\" type=\"text\" name=\"your-subject\" \/><\/span>\n\t<\/p>\n<\/div>\n<div class=\"form-group\">\n\t<p><label for=\"your-message\">Votre message *<\/label><span class=\"wpcf7-form-control-wrap\" data-name=\"your-message\"><textarea cols=\"40\" rows=\"4\" class=\"wpcf7-form-control wpcf7-textarea wpcf7-validates-as-required form-control\" aria-required=\"true\" aria-invalid=\"false\" placeholder=\"Votre message\" name=\"your-message\"><\/textarea><\/span><span id=\"wpcf7-69e0c09214676-wrapper\" class=\"wpcf7-form-control-wrap hdmi-wrap\" style=\"display:none !important; visibility:hidden !important;\"><label for=\"wpcf7-69e0c09214676-field\" class=\"hp-message\">Veuillez laisser ce champ vide.<\/label><input id=\"wpcf7-69e0c09214676-field\"  class=\"wpcf7-form-control wpcf7-text\" type=\"text\" name=\"hdmi\" value=\"\" size=\"40\" tabindex=\"-1\" autocomplete=\"new-password\" \/><\/span>\n\t<\/p>\n<\/div>\n<p><input class=\"wpcf7-form-control wpcf7-submit has-spinner btn btn-primary\" type=\"submit\" value=\"Envoyer\" \/>\n<\/p><p style=\"display: none !important;\" class=\"akismet-fields-container\" data-prefix=\"_wpcf7_ak_\"><label>&#916;<textarea name=\"_wpcf7_ak_hp_textarea\" cols=\"45\" rows=\"8\" maxlength=\"100\"><\/textarea><\/label><input type=\"hidden\" id=\"ak_js_1\" name=\"_wpcf7_ak_js\" value=\"58\"\/><script>document.getElementById( \"ak_js_1\" ).setAttribute( \"value\", ( new Date() ).getTime() );<\/script><\/p><div class=\"wpcf7-response-output\" aria-hidden=\"true\"><\/div>\n<\/form>\n<\/div>\n[\/vc_column_text][\/vc_column][vc_column width=&#8221;1\/12&#8243;][\/vc_column][vc_column width=&#8221;4\/12&#8243;][vc_column_text]<\/p>\n<h2>Nous joindre<\/h2>\n<p>Village des entrepreneurs<\/p>\n<p>461, rue Saint-L\u00e9onard<br \/>\n49000 Angers, France<\/p>\n<p>T\u00e9l. : +33 (0)2 41 69 38 01<br \/>\nT\u00e9l\u00e9c. : +33 (0)2 41 69 43 32<br \/>\nCourriel :\u00a0<a href=\"ma&#105;&#108;to&#58;&#99;ontact&#64;ph&#121;&#115;&#105;pro&#46;fr\">c&#111;&#110;tact&#64;p&#104;&#121;&#115;&#105;&#112;ro&#46;&#102;&#114;<\/a><\/p>\n<p><strong>Heures d&#8217;ouverture:<\/strong><\/p>\n<p>Lundi au jeudi<br \/>\n9h00 \u00e0 12h30 \/ 13h30 \u00e0 17h00<\/p>\n<p>Le vendredi<br \/>\n9h00 \u00e0 12h30[\/vc_column_text][\/vc_column][\/vc_row][vc_row full_width=&#8221;stretch_row&#8221; el_class=&#8221;section-full&#8221;][vc_column][vc_column_text css=&#8221;&#8221;]<\/p>\n<h2><strong>Informations g\u00e9n\u00e9rales<\/strong><\/h2>\n<hr \/>\n<h2><\/h2>\n<p>[\/vc_column_text][vc_row_inner][vc_column_inner][vc_single_image image=&#8221;51792&#8243; img_size=&#8221;large&#8221; alignment=&#8221;center&#8221; css=&#8221;&#8221;][\/vc_column_inner][\/vc_row_inner][\/vc_column][\/vc_row][vc_row][vc_column][vc_gmaps link=&#8221;#E-8_JTNDaWZyYW1lJTIwc3JjJTNEJTIyaHR0cHMlM0ElMkYlMkZ3d3cuZ29vZ2xlLmNvbSUyRm1hcHMlMkZlbWJlZCUzRnBiJTNEJTIxMW0xNCUyMTFtOCUyMTFtMyUyMTFkMjY5Ny42MDIzNjg5MDAzMjIzJTIxMmQtMC41MTYxNTQ1JTIxM2Q0Ny40NTg2OSUyMTNtMiUyMTFpMTAyNCUyMTJpNzY4JTIxNGYxMy4xJTIxM20zJTIxMW0yJTIxMXMweDQ4MDg3ODZkZTExMmUzZDUlMjUzQTB4NTkxZTc1NjRkNjBhMDU0ZiUyMTJzNDYxJTJCUnVlJTJCU2FpbnQtTCUyNUMzJTI1QTlvbmFyZCUyNTJDJTJCNDkwMDAlMkJBbmdlcnMlMjUyQyUyQkZyYW5jZSUyMTVlMCUyMTNtMiUyMTFzZnIlMjEyc2NhJTIxNHYxNDI3MTEzODU0NjgxJTIyJTIwd2lkdGglM0QlMjI2MDAlMjIlMjBoZWlnaHQlM0QlMjI0NTAlMjIlMjBmcmFtZWJvcmRlciUzRCUyMjAlMjIlMjBzdHlsZSUzRCUyMmJvcmRlciUzQTAlMjIlM0UlM0MlMkZpZnJhbWUlM0U=&#8221; size=&#8221;600&#8243;][\/vc_column][\/vc_row]<\/p>\n<\/div>","protected":false},"excerpt":{"rendered":"<p>[vc_row][vc_column width=&#8221;7\/12&#8243;][vc_column_text] Nous joindre via\u00a0courriel Nous sommes l\u00e0 pour r\u00e9pondre \u00e0 toutes \u00e0 vos questions. Simplement nous envoyer un message \u00e0 l\u2019aide du formulaire ci-dessous. [\/vc_column_text][\/vc_column][vc_column width=&#8221;1\/12&#8243;][\/vc_column][vc_column width=&#8221;4\/12&#8243;][vc_column_text] Nous joindre Village des entrepreneurs 461, rue Saint-L\u00e9onard 49000 Angers, France T\u00e9l. : +33 (0)2 41 69 38 01 T\u00e9l\u00e9c. : +33&#8230;<\/p>\n <p><a class=\"read-more btn btn-primary btn-lg\" href=\"https:\/\/www.physipro.com\/fr\/service-clientele\/contactez-nous\/\">Lire la suite<\/a><\/p>","protected":false},"author":28,"featured_media":0,"parent":6535,"menu_order":7,"comment_status":"open","ping_status":"closed","template":"views\/layout-contact.php","meta":{"_acf_changed":false,"footnotes":""},"class_list":["post-8022","page","type-page","status-publish","hentry"],"acf":[],"yoast_head":"<!-- This site is optimized with the Yoast SEO plugin v22.3 - https:\/\/yoast.com\/wordpress\/plugins\/seo\/ -->\n<title>Contactez-nous - Physipro inc.<\/title>\n<meta name=\"robots\" content=\"index, follow, max-snippet:-1, max-image-preview:large, max-video-preview:-1\" \/>\n<link rel=\"canonical\" href=\"https:\/\/www.physipro.com\/fr\/service-clientele\/contactez-nous\/\" \/>\n<meta property=\"og:locale\" content=\"fr_FR\" \/>\n<meta property=\"og:type\" content=\"article\" \/>\n<meta property=\"og:title\" content=\"Contactez-nous - Physipro inc.\" \/>\n<meta property=\"og:description\" content=\"[vc_row][vc_column width=&#8221;7\/12&#8243;][vc_column_text] Nous joindre via\u00a0courriel Nous sommes l\u00e0 pour r\u00e9pondre \u00e0 toutes \u00e0 vos questions. Simplement nous envoyer un message \u00e0 l\u2019aide du formulaire ci-dessous. [\/vc_column_text][\/vc_column][vc_column width=&#8221;1\/12&#8243;][\/vc_column][vc_column width=&#8221;4\/12&#8243;][vc_column_text] Nous joindre Village des entrepreneurs 461, rue Saint-L\u00e9onard 49000 Angers, France T\u00e9l. : +33 (0)2 41 69 38 01 T\u00e9l\u00e9c. : +33...\" \/>\n<meta property=\"og:url\" content=\"https:\/\/www.physipro.com\/fr\/service-clientele\/contactez-nous\/\" \/>\n<meta property=\"og:site_name\" content=\"Physipro inc.\" \/>\n<meta property=\"article:modified_time\" content=\"2025-09-16T13:52:48+00:00\" \/>\n<meta name=\"twitter:label1\" content=\"Dur\u00e9e de lecture estim\u00e9e\" \/>\n\t<meta name=\"twitter:data1\" content=\"1 minute\" \/>\n<script type=\"application\/ld+json\" class=\"yoast-schema-graph\">{\"@context\":\"https:\/\/schema.org\",\"@graph\":[{\"@type\":\"WebPage\",\"@id\":\"https:\/\/www.physipro.com\/fr\/service-clientele\/contactez-nous\/\",\"url\":\"https:\/\/www.physipro.com\/fr\/service-clientele\/contactez-nous\/\",\"name\":\"Contactez-nous - Physipro inc.\",\"isPartOf\":{\"@id\":\"https:\/\/www.physipro.com\/#website\"},\"datePublished\":\"2015-03-23T12:26:37+00:00\",\"dateModified\":\"2025-09-16T13:52:48+00:00\",\"breadcrumb\":{\"@id\":\"https:\/\/www.physipro.com\/fr\/service-clientele\/contactez-nous\/#breadcrumb\"},\"inLanguage\":\"fr-FR\",\"potentialAction\":[{\"@type\":\"ReadAction\",\"target\":[\"https:\/\/www.physipro.com\/fr\/service-clientele\/contactez-nous\/\"]}]},{\"@type\":\"BreadcrumbList\",\"@id\":\"https:\/\/www.physipro.com\/fr\/service-clientele\/contactez-nous\/#breadcrumb\",\"itemListElement\":[{\"@type\":\"ListItem\",\"position\":1,\"name\":\"Accueil\",\"item\":\"https:\/\/www.physipro.com\/fr\/\"},{\"@type\":\"ListItem\",\"position\":2,\"name\":\"Service \u00e0 la client\u00e8le\",\"item\":\"https:\/\/www.physipro.com\/fr\/service-clientele\/\"},{\"@type\":\"ListItem\",\"position\":3,\"name\":\"Contactez-nous\"}]},{\"@type\":\"WebSite\",\"@id\":\"https:\/\/www.physipro.com\/#website\",\"url\":\"https:\/\/www.physipro.com\/\",\"name\":\"Physipro inc.\",\"description\":\"Un site utilisant WordPress\",\"potentialAction\":[{\"@type\":\"SearchAction\",\"target\":{\"@type\":\"EntryPoint\",\"urlTemplate\":\"https:\/\/www.physipro.com\/?s={search_term_string}\"},\"query-input\":\"required name=search_term_string\"}],\"inLanguage\":\"fr-FR\"}]}<\/script>\n<!-- \/ Yoast SEO plugin. -->","yoast_head_json":{"title":"Contactez-nous - Physipro inc.","robots":{"index":"index","follow":"follow","max-snippet":"max-snippet:-1","max-image-preview":"max-image-preview:large","max-video-preview":"max-video-preview:-1"},"canonical":"https:\/\/www.physipro.com\/fr\/service-clientele\/contactez-nous\/","og_locale":"fr_FR","og_type":"article","og_title":"Contactez-nous - Physipro inc.","og_description":"[vc_row][vc_column width=&#8221;7\/12&#8243;][vc_column_text] Nous joindre via\u00a0courriel Nous sommes l\u00e0 pour r\u00e9pondre \u00e0 toutes \u00e0 vos questions. Simplement nous envoyer un message \u00e0 l\u2019aide du formulaire ci-dessous. [\/vc_column_text][\/vc_column][vc_column width=&#8221;1\/12&#8243;][\/vc_column][vc_column width=&#8221;4\/12&#8243;][vc_column_text] Nous joindre Village des entrepreneurs 461, rue Saint-L\u00e9onard 49000 Angers, France T\u00e9l. : +33 (0)2 41 69 38 01 T\u00e9l\u00e9c. : +33...","og_url":"https:\/\/www.physipro.com\/fr\/service-clientele\/contactez-nous\/","og_site_name":"Physipro inc.","article_modified_time":"2025-09-16T13:52:48+00:00","twitter_misc":{"Dur\u00e9e de lecture estim\u00e9e":"1 minute"},"schema":{"@context":"https:\/\/schema.org","@graph":[{"@type":"WebPage","@id":"https:\/\/www.physipro.com\/fr\/service-clientele\/contactez-nous\/","url":"https:\/\/www.physipro.com\/fr\/service-clientele\/contactez-nous\/","name":"Contactez-nous - Physipro inc.","isPartOf":{"@id":"https:\/\/www.physipro.com\/#website"},"datePublished":"2015-03-23T12:26:37+00:00","dateModified":"2025-09-16T13:52:48+00:00","breadcrumb":{"@id":"https:\/\/www.physipro.com\/fr\/service-clientele\/contactez-nous\/#breadcrumb"},"inLanguage":"fr-FR","potentialAction":[{"@type":"ReadAction","target":["https:\/\/www.physipro.com\/fr\/service-clientele\/contactez-nous\/"]}]},{"@type":"BreadcrumbList","@id":"https:\/\/www.physipro.com\/fr\/service-clientele\/contactez-nous\/#breadcrumb","itemListElement":[{"@type":"ListItem","position":1,"name":"Accueil","item":"https:\/\/www.physipro.com\/fr\/"},{"@type":"ListItem","position":2,"name":"Service \u00e0 la client\u00e8le","item":"https:\/\/www.physipro.com\/fr\/service-clientele\/"},{"@type":"ListItem","position":3,"name":"Contactez-nous"}]},{"@type":"WebSite","@id":"https:\/\/www.physipro.com\/#website","url":"https:\/\/www.physipro.com\/","name":"Physipro inc.","description":"Un site utilisant WordPress","potentialAction":[{"@type":"SearchAction","target":{"@type":"EntryPoint","urlTemplate":"https:\/\/www.physipro.com\/?s={search_term_string}"},"query-input":"required name=search_term_string"}],"inLanguage":"fr-FR"}]}},"_links":{"self":[{"href":"https:\/\/www.physipro.com\/fr\/wp-json\/wp\/v2\/pages\/8022","targetHints":{"allow":["GET"]}}],"collection":[{"href":"https:\/\/www.physipro.com\/fr\/wp-json\/wp\/v2\/pages"}],"about":[{"href":"https:\/\/www.physipro.com\/fr\/wp-json\/wp\/v2\/types\/page"}],"author":[{"embeddable":true,"href":"https:\/\/www.physipro.com\/fr\/wp-json\/wp\/v2\/users\/28"}],"replies":[{"embeddable":true,"href":"https:\/\/www.physipro.com\/fr\/wp-json\/wp\/v2\/comments?post=8022"}],"version-history":[{"count":15,"href":"https:\/\/www.physipro.com\/fr\/wp-json\/wp\/v2\/pages\/8022\/revisions"}],"predecessor-version":[{"id":51797,"href":"https:\/\/www.physipro.com\/fr\/wp-json\/wp\/v2\/pages\/8022\/revisions\/51797"}],"up":[{"embeddable":true,"href":"https:\/\/www.physipro.com\/fr\/wp-json\/wp\/v2\/pages\/6535"}],"wp:attachment":[{"href":"https:\/\/www.physipro.com\/fr\/wp-json\/wp\/v2\/media?parent=8022"}],"curies":[{"name":"wp","href":"https:\/\/api.w.org\/{rel}","templated":true}]}}