{"id":8043,"date":"2015-03-23T13:33:07","date_gmt":"2015-03-23T13:33:07","guid":{"rendered":"https:\/\/www.physipro.com\/?page_id=8043"},"modified":"2017-01-03T14:37:39","modified_gmt":"2017-01-03T14:37:39","slug":"faqs","status":"publish","type":"page","link":"https:\/\/www.physipro.com\/fr\/service-clientele\/faqs\/","title":{"rendered":"FAQs"},"content":{"rendered":"<div class=\"wpb-content-wrapper\"><p>[vc_row][vc_column width=&#8221;2\/3&#8243;][vc_column_text]En savoir plus sur tous les produits et services offerts.[\/vc_column_text][vc_separator][vc_toggle title=&#8221;1. Quelles sont les heures de permanence t\u00e9l\u00e9phonique ?&#8221; open=&#8221;true&#8221;]9\u00a0h\u00a000 \u00e0 12\u00a0h\u00a030 et de 13 h 30 \u00e0 17 h 30 sauf le vendredi\u00a0de 9 h 00 \u00e0 12 h 30[\/vc_toggle][vc_separator][vc_toggle title=&#8221;2. O\u00f9 sont fabriqu\u00e9s vos produits ?&#8221;]L\u2019essentiel de notre production est fabriqu\u00e9 dans nos usines au Qu\u00e9bec et une partie aux \u00c9tats-Unis.[\/vc_toggle][vc_separator][vc_toggle title=&#8221;3. O\u00f9 peut-on trouver les trouver?&#8221; color=&#8221;Default&#8221;]Chez certains prestataires de mat\u00e9riel m\u00e9dical que vous trouverez pr\u00e9sent sur la carte de France. Nous vous invitons \u00e0 prendre contact avec une \u00e9quipe th\u00e9rapeutique qui \u00e9valuera vos besoins afin de r\u00e9pondre au mieux \u00e0 vos attentes.[\/vc_toggle][vc_separator][vc_toggle title=&#8221;4. Quel type de personne peut utiliser le coussin Pression Z\u00e9ro?&#8221; color=&#8221;Default&#8221;]Con\u00e7u pour une client\u00e8le qui pr\u00e9sente encore une masse musculaire au niveau du fessier et des grands trochanters. Les coussins dits \u00ab\u00a0cuvettes\u00a0\u00bb sont connus pour leur correction et le transfert de charge sur les grands trochanters pour d\u00e9charger de beaucoup les ischions.<\/p>\n<p>S\u2019adresse aux clients qui ont (un bassin neutre\/r\u00e9ductible pr\u00e9sentant) une tendance aux plaies au niveau des ischions et du coccyx.[\/vc_toggle][vc_separator][vc_toggle title=&#8221;5. Qu\u2019est-ce qui diff\u00e9rencie la version XS (extra mou) pour les coussins Stimulite? &#8221; color=&#8221;Default&#8221;]Le XS va \u00eatre donn\u00e9 pour des poids l\u00e9gers ou des personnes qui ont une endurance d\u2019assise limit\u00e9e au fauteuil.[\/vc_toggle][vc_separator][vc_toggle title=&#8221;6. Quelles sont les \u00e9paisseurs (avant) des coussins Ultra, Pression Z\u00e9ro, LXA et C3S? &#8221; color=&#8221;Default&#8221;]Ultra standard : 8 cm<br \/>\nPression z\u00e9ro standard : 6 cm<br \/>\nC3S\u00a0:8 cm<br \/>\nLXA\u00a0: 5, 6, 8 et 9 cm<\/p>\n<p>Ces donn\u00e9es sont tr\u00e8s utiles \u00e0 conna\u00eetre pour d\u00e9terminer la hauteur sol\/si\u00e8ge n\u00e9cessaire pour les personnes qui propulsent avec leurs membres inf\u00e9rieurs.[\/vc_toggle][\/vc_column][vc_column width=&#8221;1\/3&#8243;][vc_column_text]<\/p>\n<h3>Poser une question :<\/h3>\n<p>[\/vc_column_text]\n<div class=\"wpcf7 no-js\" id=\"wpcf7-f11372-o1\" lang=\"fr-FR\" dir=\"ltr\">\n<div class=\"screen-reader-response\"><p role=\"status\" aria-live=\"polite\" aria-atomic=\"true\"><\/p> <ul><\/ul><\/div>\n<form action=\"\/fr\/wp-json\/wp\/v2\/pages\/8043#wpcf7-f11372-o1\" method=\"post\" class=\"wpcf7-form init\" aria-label=\"Formulaire de contact\" novalidate=\"novalidate\" data-status=\"init\">\n<div style=\"display: none;\">\n<input type=\"hidden\" name=\"_wpcf7\" value=\"11372\" \/>\n<input type=\"hidden\" name=\"_wpcf7_version\" value=\"5.9.2\" \/>\n<input type=\"hidden\" name=\"_wpcf7_locale\" value=\"fr_FR\" \/>\n<input type=\"hidden\" name=\"_wpcf7_unit_tag\" value=\"wpcf7-f11372-o1\" \/>\n<input type=\"hidden\" name=\"_wpcf7_container_post\" value=\"0\" \/>\n<input type=\"hidden\" name=\"_wpcf7_posted_data_hash\" value=\"\" \/>\n<\/div>\n<p>Votre nom\n<\/p>\n<p><span class=\"wpcf7-form-control-wrap\" data-name=\"your-name\"><input size=\"40\" class=\"wpcf7-form-control wpcf7-text wpcf7-validates-as-required\" aria-required=\"true\" aria-invalid=\"false\" value=\"\" type=\"text\" name=\"your-name\" \/><\/span>\n<\/p>\n<p>Votre courriel\n<\/p>\n<p><span class=\"wpcf7-form-control-wrap\" data-name=\"your-email\"><input size=\"40\" class=\"wpcf7-form-control wpcf7-text wpcf7-validates-as-required\" aria-required=\"true\" aria-invalid=\"false\" value=\"\" type=\"text\" name=\"your-email\" \/><\/span>\n<\/p>\n<p>Votre question\n<\/p>\n<p><span class=\"wpcf7-form-control-wrap\" data-name=\"your-question\"><input size=\"40\" class=\"wpcf7-form-control wpcf7-text wpcf7-validates-as-required\" aria-required=\"true\" aria-invalid=\"false\" value=\"\" type=\"text\" name=\"your-question\" \/><\/span>\n<\/p>\n<p><span id=\"wpcf7-69e0694a875f8-wrapper\" class=\"wpcf7-form-control-wrap hdmi-wrap\" style=\"display:none !important; visibility:hidden !important;\"><label for=\"wpcf7-69e0694a875f8-field\" class=\"hp-message\">Veuillez laisser ce champ vide.<\/label><input id=\"wpcf7-69e0694a875f8-field\"  class=\"wpcf7-form-control wpcf7-text\" type=\"text\" name=\"hdmi\" value=\"\" size=\"40\" tabindex=\"-1\" autocomplete=\"new-password\" \/><\/span><input class=\"wpcf7-form-control wpcf7-submit has-spinner\" type=\"submit\" value=\"Envoyer\" \/>\n<\/p><p style=\"display: none !important;\" class=\"akismet-fields-container\" data-prefix=\"_wpcf7_ak_\"><label>&#916;<textarea name=\"_wpcf7_ak_hp_textarea\" cols=\"45\" rows=\"8\" maxlength=\"100\"><\/textarea><\/label><input type=\"hidden\" id=\"ak_js_1\" name=\"_wpcf7_ak_js\" value=\"240\"\/><script>document.getElementById( \"ak_js_1\" ).setAttribute( \"value\", ( new Date() ).getTime() );<\/script><\/p><div class=\"wpcf7-response-output\" aria-hidden=\"true\"><\/div>\n<\/form>\n<\/div>\n[\/vc_column][\/vc_row]<\/p>\n<\/div>","protected":false},"excerpt":{"rendered":"<p>[vc_row][vc_column width=&#8221;2\/3&#8243;][vc_column_text]En savoir plus sur tous les produits et services offerts.[\/vc_column_text][vc_separator][vc_toggle title=&#8221;1. Quelles sont les heures de permanence t\u00e9l\u00e9phonique ?&#8221; open=&#8221;true&#8221;]9\u00a0h\u00a000 \u00e0 12\u00a0h\u00a030 et de 13 h 30 \u00e0 17 h 30 sauf le vendredi\u00a0de 9 h 00 \u00e0 12 h 30[\/vc_toggle][vc_separator][vc_toggle title=&#8221;2. O\u00f9 sont fabriqu\u00e9s vos produits ?&#8221;]L\u2019essentiel de&#8230;<\/p>\n <p><a class=\"read-more btn btn-primary btn-lg\" href=\"https:\/\/www.physipro.com\/fr\/service-clientele\/faqs\/\">Lire la suite<\/a><\/p>","protected":false},"author":28,"featured_media":0,"parent":6535,"menu_order":6,"comment_status":"open","ping_status":"closed","template":"","meta":{"_acf_changed":false,"footnotes":""},"class_list":["post-8043","page","type-page","status-publish","hentry"],"acf":[],"yoast_head":"<!-- This site is optimized with the Yoast SEO plugin v22.3 - https:\/\/yoast.com\/wordpress\/plugins\/seo\/ -->\n<title>FAQs - Physipro inc.<\/title>\n<meta name=\"robots\" content=\"index, follow, max-snippet:-1, max-image-preview:large, max-video-preview:-1\" \/>\n<link rel=\"canonical\" href=\"https:\/\/www.physipro.com\/fr\/service-clientele\/faqs\/\" \/>\n<meta property=\"og:locale\" content=\"fr_FR\" \/>\n<meta property=\"og:type\" content=\"article\" \/>\n<meta property=\"og:title\" content=\"FAQs - Physipro inc.\" \/>\n<meta property=\"og:description\" content=\"[vc_row][vc_column width=&#8221;2\/3&#8243;][vc_column_text]En savoir plus sur tous les produits et services offerts.[\/vc_column_text][vc_separator][vc_toggle title=&#8221;1. Quelles sont les heures de permanence t\u00e9l\u00e9phonique ?&#8221; open=&#8221;true&#8221;]9\u00a0h\u00a000 \u00e0 12\u00a0h\u00a030 et de 13 h 30 \u00e0 17 h 30 sauf le vendredi\u00a0de 9 h 00 \u00e0 12 h 30[\/vc_toggle][vc_separator][vc_toggle title=&#8221;2. O\u00f9 sont fabriqu\u00e9s vos produits ?&#8221;]L\u2019essentiel de...\" \/>\n<meta property=\"og:url\" content=\"https:\/\/www.physipro.com\/fr\/service-clientele\/faqs\/\" \/>\n<meta property=\"og:site_name\" content=\"Physipro inc.\" \/>\n<meta property=\"article:modified_time\" content=\"2017-01-03T14:37:39+00:00\" \/>\n<meta name=\"twitter:label1\" content=\"Dur\u00e9e de lecture estim\u00e9e\" \/>\n\t<meta name=\"twitter:data1\" content=\"2 minutes\" \/>\n<script type=\"application\/ld+json\" class=\"yoast-schema-graph\">{\"@context\":\"https:\/\/schema.org\",\"@graph\":[{\"@type\":\"WebPage\",\"@id\":\"https:\/\/www.physipro.com\/fr\/service-clientele\/faqs\/\",\"url\":\"https:\/\/www.physipro.com\/fr\/service-clientele\/faqs\/\",\"name\":\"FAQs - Physipro inc.\",\"isPartOf\":{\"@id\":\"https:\/\/www.physipro.com\/#website\"},\"datePublished\":\"2015-03-23T13:33:07+00:00\",\"dateModified\":\"2017-01-03T14:37:39+00:00\",\"breadcrumb\":{\"@id\":\"https:\/\/www.physipro.com\/fr\/service-clientele\/faqs\/#breadcrumb\"},\"inLanguage\":\"fr-FR\",\"potentialAction\":[{\"@type\":\"ReadAction\",\"target\":[\"https:\/\/www.physipro.com\/fr\/service-clientele\/faqs\/\"]}]},{\"@type\":\"BreadcrumbList\",\"@id\":\"https:\/\/www.physipro.com\/fr\/service-clientele\/faqs\/#breadcrumb\",\"itemListElement\":[{\"@type\":\"ListItem\",\"position\":1,\"name\":\"Accueil\",\"item\":\"https:\/\/www.physipro.com\/fr\/\"},{\"@type\":\"ListItem\",\"position\":2,\"name\":\"Service \u00e0 la client\u00e8le\",\"item\":\"https:\/\/www.physipro.com\/fr\/service-clientele\/\"},{\"@type\":\"ListItem\",\"position\":3,\"name\":\"FAQs\"}]},{\"@type\":\"WebSite\",\"@id\":\"https:\/\/www.physipro.com\/#website\",\"url\":\"https:\/\/www.physipro.com\/\",\"name\":\"Physipro inc.\",\"description\":\"Un site utilisant WordPress\",\"potentialAction\":[{\"@type\":\"SearchAction\",\"target\":{\"@type\":\"EntryPoint\",\"urlTemplate\":\"https:\/\/www.physipro.com\/?s={search_term_string}\"},\"query-input\":\"required name=search_term_string\"}],\"inLanguage\":\"fr-FR\"}]}<\/script>\n<!-- \/ Yoast SEO plugin. -->","yoast_head_json":{"title":"FAQs - Physipro inc.","robots":{"index":"index","follow":"follow","max-snippet":"max-snippet:-1","max-image-preview":"max-image-preview:large","max-video-preview":"max-video-preview:-1"},"canonical":"https:\/\/www.physipro.com\/fr\/service-clientele\/faqs\/","og_locale":"fr_FR","og_type":"article","og_title":"FAQs - Physipro inc.","og_description":"[vc_row][vc_column width=&#8221;2\/3&#8243;][vc_column_text]En savoir plus sur tous les produits et services offerts.[\/vc_column_text][vc_separator][vc_toggle title=&#8221;1. Quelles sont les heures de permanence t\u00e9l\u00e9phonique ?&#8221; open=&#8221;true&#8221;]9\u00a0h\u00a000 \u00e0 12\u00a0h\u00a030 et de 13 h 30 \u00e0 17 h 30 sauf le vendredi\u00a0de 9 h 00 \u00e0 12 h 30[\/vc_toggle][vc_separator][vc_toggle title=&#8221;2. O\u00f9 sont fabriqu\u00e9s vos produits ?&#8221;]L\u2019essentiel de...","og_url":"https:\/\/www.physipro.com\/fr\/service-clientele\/faqs\/","og_site_name":"Physipro inc.","article_modified_time":"2017-01-03T14:37:39+00:00","twitter_misc":{"Dur\u00e9e de lecture estim\u00e9e":"2 minutes"},"schema":{"@context":"https:\/\/schema.org","@graph":[{"@type":"WebPage","@id":"https:\/\/www.physipro.com\/fr\/service-clientele\/faqs\/","url":"https:\/\/www.physipro.com\/fr\/service-clientele\/faqs\/","name":"FAQs - Physipro inc.","isPartOf":{"@id":"https:\/\/www.physipro.com\/#website"},"datePublished":"2015-03-23T13:33:07+00:00","dateModified":"2017-01-03T14:37:39+00:00","breadcrumb":{"@id":"https:\/\/www.physipro.com\/fr\/service-clientele\/faqs\/#breadcrumb"},"inLanguage":"fr-FR","potentialAction":[{"@type":"ReadAction","target":["https:\/\/www.physipro.com\/fr\/service-clientele\/faqs\/"]}]},{"@type":"BreadcrumbList","@id":"https:\/\/www.physipro.com\/fr\/service-clientele\/faqs\/#breadcrumb","itemListElement":[{"@type":"ListItem","position":1,"name":"Accueil","item":"https:\/\/www.physipro.com\/fr\/"},{"@type":"ListItem","position":2,"name":"Service \u00e0 la client\u00e8le","item":"https:\/\/www.physipro.com\/fr\/service-clientele\/"},{"@type":"ListItem","position":3,"name":"FAQs"}]},{"@type":"WebSite","@id":"https:\/\/www.physipro.com\/#website","url":"https:\/\/www.physipro.com\/","name":"Physipro inc.","description":"Un site utilisant WordPress","potentialAction":[{"@type":"SearchAction","target":{"@type":"EntryPoint","urlTemplate":"https:\/\/www.physipro.com\/?s={search_term_string}"},"query-input":"required name=search_term_string"}],"inLanguage":"fr-FR"}]}},"_links":{"self":[{"href":"https:\/\/www.physipro.com\/fr\/wp-json\/wp\/v2\/pages\/8043","targetHints":{"allow":["GET"]}}],"collection":[{"href":"https:\/\/www.physipro.com\/fr\/wp-json\/wp\/v2\/pages"}],"about":[{"href":"https:\/\/www.physipro.com\/fr\/wp-json\/wp\/v2\/types\/page"}],"author":[{"embeddable":true,"href":"https:\/\/www.physipro.com\/fr\/wp-json\/wp\/v2\/users\/28"}],"replies":[{"embeddable":true,"href":"https:\/\/www.physipro.com\/fr\/wp-json\/wp\/v2\/comments?post=8043"}],"version-history":[{"count":6,"href":"https:\/\/www.physipro.com\/fr\/wp-json\/wp\/v2\/pages\/8043\/revisions"}],"predecessor-version":[{"id":14535,"href":"https:\/\/www.physipro.com\/fr\/wp-json\/wp\/v2\/pages\/8043\/revisions\/14535"}],"up":[{"embeddable":true,"href":"https:\/\/www.physipro.com\/fr\/wp-json\/wp\/v2\/pages\/6535"}],"wp:attachment":[{"href":"https:\/\/www.physipro.com\/fr\/wp-json\/wp\/v2\/media?parent=8043"}],"curies":[{"name":"wp","href":"https:\/\/api.w.org\/{rel}","templated":true}]}}