{"id":14416,"date":"2015-03-05T20:00:25","date_gmt":"2016-12-21T12:51:50","guid":{"rendered":"https:\/\/www.physipro.com\/fr\/?post_type=product&#038;p=14416"},"modified":"2021-05-27T18:58:16","modified_gmt":"2021-05-27T18:58:16","slug":"base-de-positionnement-neox","status":"publish","type":"product","link":"https:\/\/www.physipro.com\/fr\/produit\/base-de-positionnement-neox\/","title":{"rendered":"Base de positionnement Neox&#x2122;"},"content":{"rendered":"<div class=\"wpb-content-wrapper\"><p>[vc_row full_width=&#8221;stretch_row_content&#8221; el_class=&#8221;btn-group-anchor&#8221;][vc_column width=&#8221;1\/4&#8243;]<a href=\"#features\" class=\"btn btn-default\"> <span>Caract\u00e9ristiques<\/span><\/a>[\/vc_column][vc_column width=&#8221;1\/4&#8243;]<a href=\"#specifications\" class=\"btn btn-default\"> <span>Sp\u00e9cifications<\/span><\/a>[\/vc_column][vc_column width=&#8221;1\/4&#8243;]<a href=\"#video\" class=\"btn btn-default\"> <span>Documentations<\/span><\/a>[\/vc_column][vc_column width=&#8221;1\/4&#8243;]<a href=\"#colors\" class=\"btn btn-default\"> <span>Couleurs<\/span><\/a>[\/vc_column][\/vc_row][vc_row css=&#8221;.vc_custom_1426794393526{padding-bottom: 100px !important;}&#8221;][vc_column width=&#8221;2\/3&#8243;][vc_gallery interval=&#8221;3&#8243; images=&#8221;14464,14479,14474,14469,14422,14417&#8243; img_size=&#8221;full&#8221;][\/vc_column][vc_column width=&#8221;1\/3&#8243;][vc_column_text]<a href=\"https:\/\/www.physipro.com\/wp-content\/uploads\/2015\/03\/chrome-neox-300x64.png\"><img loading=\"lazy\" decoding=\"async\" class=\"alignnone wp-image-548\" src=\"https:\/\/www.physipro.com\/wp-content\/uploads\/2015\/03\/chrome-neox-300x64.png\" alt=\"chrome-neox\" width=\"225\" height=\"48\" srcset=\"https:\/\/www.physipro.com\/wp-content\/uploads\/2015\/03\/chrome-neox-300x64.png 300w, https:\/\/www.physipro.com\/wp-content\/uploads\/2015\/03\/chrome-neox-600x128.png 600w, https:\/\/www.physipro.com\/wp-content\/uploads\/2015\/03\/chrome-neox.png 793w\" sizes=\"auto, (max-width: 225px) 100vw, 225px\" \/><\/a><\/p>\n<p><strong><em>La NEOX repousse les limites de la mobilit\u00e9!<\/em><\/strong><\/p>\n<p>Physipro a mis \u00e0 profit tout son savoir-faire pour donner naissance \u00e0 une toute nouvelle technologie avant-gardiste. Nous sommes fiers de vous pr\u00e9senter une base de positionnement moderne permettant de r\u00e9pondre aux d\u00e9fis du quotidien. La base NEOX&#x2122; satisfait les qualit\u00e9s de versatilit\u00e9, de maniabilit\u00e9 et de robustesse. Parmi ses nombreux avantages, on retrouve la possibilit\u00e9 de se propulser tout en \u00e9tant en position de bascule, gr\u00e2ce \u00e0 sa configuration 6 roues uniques.<\/p>\n<p>&nbsp;<\/p>\n<p><strong>Nouvelle technologie pour plus d\u2019options que jamais!<\/strong>[\/vc_column_text][\/vc_column][\/vc_row][vc_row full_width=&#8221;stretch_row_content&#8221; el_class=&#8221;section-sticky row-middle&#8221; id_attribute=&#8221;features&#8221; css=&#8221;.vc_custom_1426850278929{padding-bottom: 100px !important;}&#8221;][vc_column width=&#8221;1\/3&#8243; css=&#8221;.vc_custom_1482327928888{padding-bottom: 100px !important;padding-left: 25px !important;}&#8221;][vc_column_text]<\/p>\n<h2 style=\"text-align: center;\">Technologie 6 roues<\/h2>\n<p style=\"text-align: center;\">L\u2019ajout de roues arri\u00e8re en retrait diminue le rayon de giration et permet \u00e0 la base<\/p>\n<p style=\"text-align: center;\">NEOX&#x2122; une facilit\u00e9 de propulsion, tout en \u00e9tant confortablement<\/p>\n<p style=\"text-align: center;\">install\u00e9 dans une position de bascule.<\/p>\n<p>[\/vc_column_text][\/vc_column][vc_column width=&#8221;1\/3&#8243; css=&#8221;.vc_custom_1482327851641{padding-right: 20px !important;}&#8221;][vc_single_image image=&#8221;6842&#8243; img_size=&#8221;full&#8221;][\/vc_column][vc_column width=&#8221;1\/3&#8243; css=&#8221;.vc_custom_1426849931073{padding-right: 100px !important;padding-bottom: 100px !important;}&#8221;][vc_column_text]<\/p>\n<h2 style=\"text-align: center;\">Hauteur sol\/si\u00e8ge<\/h2>\n<p style=\"text-align: center;\">36 \u00e0 51 cm<\/p>\n<p>[\/vc_column_text][\/vc_column][\/vc_row][vc_row full_width=&#8221;stretch_row_content&#8221; el_class=&#8221;section-sticky row-middle&#8221; css=&#8221;.vc_custom_1426849862067{border-top-width: 100px !important;background-color: #f3f3f5 !important;}&#8221;][vc_column width=&#8221;1\/2&#8243;][vc_single_image image=&#8221;14719&#8243; img_size=&#8221;full&#8221;][\/vc_column][vc_column width=&#8221;1\/2&#8243;][vc_column_text]<\/p>\n<h2 style=\"text-align: center;\">Surmonter les obstacles<\/h2>\n<p style=\"text-align: center;\">La technologie de fourche escamotable facilite grandement<br \/>\nl\u2019utilisation quotidienne \u00e0 l\u2019int\u00e9rieur comme \u00e0 l\u2019ext\u00e9rieur.<\/p>\n<p>[\/vc_column_text][\/vc_column][\/vc_row][vc_row full_width=&#8221;stretch_row_content&#8221; el_class=&#8221;section-sticky row-middle&#8221; id_attribute=&#8221;features&#8221; css=&#8221;.vc_custom_1426850471793{padding-top: 100px !important;padding-right: 100px !important;padding-left: 0px !important;}&#8221;][vc_column width=&#8221;1\/4&#8243; css=&#8221;.vc_custom_1426850048285{padding-left: 0px !important;}&#8221;][vc_single_image image=&#8221;1107&#8243; img_size=&#8221;full&#8221; css=&#8221;.vc_custom_1426850096188{padding-left: 0px !important;}&#8221;][\/vc_column][vc_column width=&#8221;1\/4&#8243;][vc_column_text]<\/p>\n<h2 style=\"text-align: center;\">R\u00e9glage \u00e9volutif<\/h2>\n<p style=\"text-align: center;\">Les formes oblongues t\u00e9lescopiques du ch\u00e2ssis de la NEOX&#x2122; ont \u00e9t\u00e9 con\u00e7ues avec un maximum de pr\u00e9cision. Un glissement des tubulures permet un r\u00e9glage rapide \u00e0 la bonne position.<\/p>\n<p>[\/vc_column_text][\/vc_column][vc_column width=&#8221;1\/4&#8243;][vc_single_image image=&#8221;1103&#8243; img_size=&#8221;full&#8221;][\/vc_column][vc_column width=&#8221;1\/4&#8243;][vc_column_text]<\/p>\n<h2 style=\"text-align: center;\">Protection contre les mouvements non contr\u00f4l\u00e9s<\/h2>\n<p style=\"text-align: center;\">La NEOX&#x2122; propose en option un dossier dynamique qui la prot\u00e8ge de tout mouvement non contr\u00f4l\u00e9. De plus, elle est dot\u00e9e d\u2019une hauteur sol-si\u00e8ge qui avantage la propulsion et les transferts.<\/p>\n<p>[\/vc_column_text][\/vc_column][\/vc_row][vc_row full_width=&#8221;stretch_row&#8221; css=&#8221;.vc_custom_1425559412647{background-color: #f2f2f4 !important;}&#8221; el_class=&#8221;section-full section-swatches&#8221; id_attribute=&#8221;colors&#8221;][vc_column][vc_column_text]<\/p>\n<h2 style=\"text-align: center;\">Couleurs disponibles<\/h2>\n<p>[\/vc_column_text][vc_row_inner][vc_column_inner width=&#8221;1\/6&#8243;][vc_single_image image=&#8221;890&#8243; img_size=&#8221;medium&#8221;][vc_column_text]<\/p>\n<p style=\"text-align: center;\"><strong>Blanc<\/strong><\/p>\n<p>[\/vc_column_text][\/vc_column_inner][vc_column_inner width=&#8221;1\/6&#8243;][vc_single_image image=&#8221;886&#8243; img_size=&#8221;medium&#8221;][vc_column_text]<\/p>\n<p style=\"text-align: center;\"><strong>Argent\u00e9<\/strong><\/p>\n<p>[\/vc_column_text][\/vc_column_inner][vc_column_inner width=&#8221;1\/6&#8243;][vc_single_image image=&#8221;866&#8243; img_size=&#8221;medium&#8221;][vc_column_text]<\/p>\n<p style=\"text-align: center;\"><strong>Noir Mat<\/strong><\/p>\n<p>[\/vc_column_text][\/vc_column_inner][vc_column_inner width=&#8221;1\/6&#8243;][vc_single_image image=&#8221;906&#8243; img_size=&#8221;medium&#8221;][vc_column_text]<\/p>\n<p style=\"text-align: center;\"><strong>Noir Lustr\u00e9<\/strong><\/p>\n<p>[\/vc_column_text][\/vc_column_inner][vc_column_inner width=&#8221;1\/6&#8243;][vc_single_image image=&#8221;902&#8243; img_size=&#8221;medium&#8221;][vc_column_text]<\/p>\n<p style=\"text-align: center;\"><strong>Mauve \u00c9toil\u00e9<\/strong><\/p>\n<p>[\/vc_column_text][\/vc_column_inner][vc_column_inner width=&#8221;1\/6&#8243;][vc_single_image image=&#8221;870&#8243; img_size=&#8221;medium&#8221;][vc_column_text]<\/p>\n<p style=\"text-align: center;\"><strong>Prune<\/strong><\/p>\n<p>[\/vc_column_text][\/vc_column_inner][\/vc_row_inner][vc_row_inner][vc_column_inner width=&#8221;1\/6&#8243;][vc_single_image image=&#8221;874&#8243; img_size=&#8221;medium&#8221;][vc_column_text]<\/p>\n<p style=\"text-align: center;\"><strong>Rouge Bonbon<\/strong><\/p>\n<p>[\/vc_column_text][\/vc_column_inner][vc_column_inner width=&#8221;1\/6&#8243;][vc_single_image image=&#8221;882&#8243; img_size=&#8221;medium&#8221;][vc_column_text]<\/p>\n<p style=\"text-align: center;\"><strong>Vert \u00c9toil\u00e9<\/strong><\/p>\n<p>[\/vc_column_text][\/vc_column_inner][vc_column_inner width=&#8221;1\/6&#8243;][vc_single_image image=&#8221;878&#8243; img_size=&#8221;medium&#8221;][vc_column_text]<\/p>\n<p style=\"text-align: center;\"><strong>Vert Bonbon<\/strong><\/p>\n<p>[\/vc_column_text][\/vc_column_inner][vc_column_inner width=&#8221;1\/6&#8243;][vc_single_image image=&#8221;894&#8243; img_size=&#8221;medium&#8221;][vc_column_text]<\/p>\n<p style=\"text-align: center;\"><strong>Bleu Bonbon<\/strong><\/p>\n<p>[\/vc_column_text][\/vc_column_inner][vc_column_inner width=&#8221;1\/6&#8243;][vc_single_image image=&#8221;14509&#8243; img_size=&#8221;medium&#8221;][vc_column_text]<\/p>\n<p style=\"text-align: center;\"><strong>Jaune<\/strong><\/p>\n<p>[\/vc_column_text][\/vc_column_inner][vc_column_inner width=&#8221;1\/6&#8243;][vc_single_image image=&#8221;14514&#8243; img_size=&#8221;medium&#8221;][vc_column_text]<\/p>\n<p style=\"text-align: center;\"><strong>Orange<\/strong><\/p>\n<p>[\/vc_column_text][\/vc_column_inner][\/vc_row_inner][\/vc_column][\/vc_row][vc_row full_width=&#8221;stretch_row&#8221; id_attribute=&#8221;specifications&#8221; el_class=&#8221;section-specifications&#8221;][vc_column][vc_column_text]<\/p>\n<h2>Sp\u00e9cifications<\/h2>\n<p>[\/vc_column_text][vc_column_text el_class=&#8221;specification-table&#8221;]<\/p>\n<table>\n<tbody>\n<tr>\n<td><strong>Type de ch\u00e2ssis<\/strong><\/td>\n<td>Inclinable<\/td>\n<\/tr>\n<tr>\n<td><strong>Composition<\/strong><\/td>\n<td>Aluminium<\/td>\n<\/tr>\n<tr>\n<td><strong>Largeur d\u2019assise<\/strong><\/td>\n<td>Ch\u00e2ssis petit 36 \u00e0 48 cm<br \/>\nCh\u00e2ssis grand 48 \u00e0 56 cm<br \/>\nCh\u00e2ssis renforc\u00e9 51 \u00e0 66 cm<\/td>\n<\/tr>\n<tr>\n<td><strong>Hauteur sol-si\u00e8ge avant<\/strong><\/td>\n<td>33 \u00e0 51 cm<\/td>\n<\/tr>\n<tr>\n<td><strong>Diam\u00e8tre de roue avant<br \/>\n<\/strong><\/td>\n<td>5\u2033, 6\u2033, 8\u2033<\/td>\n<\/tr>\n<tr>\n<td><strong>Diam\u00e8tre de roue arri\u00e8re<\/strong><\/td>\n<td>12\u2033, 16\u2033, 20\u2033, 22\u2033, 24\u2033<\/td>\n<\/tr>\n<tr>\n<td><strong>Poids de transport*<\/strong><\/td>\n<td>Neox 4 roues 23.1 kg<br \/>\nNeox 6 roues 30.27 kg<br \/>\nNeox HQC 24.5 kg<\/td>\n<\/tr>\n<tr>\n<td><strong>Poids max. de l\u2019utilisateur<\/strong><\/td>\n<td>Standard 113 kg<br \/>\nHeavy Duty 159 kg<\/td>\n<\/tr>\n<tr>\n<td><strong>Longueur hors tout<\/strong><\/td>\n<td>107 cm<\/td>\n<\/tr>\n<tr>\n<td><strong>Largeur hors tout<\/strong><\/td>\n<td>+20 cm \u00e0 +30 cm selon option<\/td>\n<\/tr>\n<tr>\n<td><strong>Hauteur du dossier <\/strong><\/td>\n<td>30 \u00e0 64 cm<\/td>\n<\/tr>\n<tr>\n<td><strong>Angle du dossier<\/strong><\/td>\n<td>85\u00b0 \u00e0 115\u00b0<\/td>\n<\/tr>\n<tr>\n<td><strong>Bascule<\/strong><\/td>\n<td>(-) 5\u00b0 \u00e0 45\u00b0<\/td>\n<\/tr>\n<tr>\n<td><strong>Appuis-bras<\/strong><\/td>\n<td><strong>Type \u00ab U \u00bb<\/strong> 18 \u00e0 30 cm<br \/>\n<strong>Type \u00ab U \u00bb<\/strong> <strong>abaiss\u00e9<\/strong> 15 \u00e0 23 cm<\/td>\n<\/tr>\n<tr>\n<td><strong>Appuis-pieds<\/strong><\/td>\n<td>60\u00b0 &#8211; 70\u00b0 &#8211; 90\u00b0<\/td>\n<\/tr>\n<tr>\n<td><strong>Appuis-jambes<\/strong><\/td>\n<td>\u00c9l\u00e9vateurs compensateurs<\/td>\n<\/tr>\n<tr>\n<td colspan=\"2\"><\/td>\n<\/tr>\n<tr>\n<td colspan=\"2\">*Configur\u00e9 avec un fauteuil 41 cm \u00e0 41 cm et toutes les options standards, \u00e0 l\u2019exception des roues arri\u00e8re. Les roues arri\u00e8re ne sont pas incluses puisque leur poids varie d\u2019un mod\u00e8le \u00e0 l\u2019autre. Pour r\u00e9f\u00e9rence, une paire de roues standard 22\u2033 p\u00e8se 3.54 kg.<\/td>\n<\/tr>\n<\/tbody>\n<\/table>\n<p>[\/vc_column_text][\/vc_column][\/vc_row][vc_row id_attribute=&#8221;video&#8221; el_class=&#8221;btn-file-group&#8221;][vc_column el_class=&#8221;btn-file-group&#8221;][vc_column_text]<\/p>\n<h2>Documentations<\/h2>\n<p>[\/vc_column_text]<a href=\"http:\/\/www.physipro.com\/wp-content\/uploads\/2016\/12\/BC_Neox_4.pdf\" target=\"_blank\"class=\"btn btn-default btn-lg\"><i class=\"fa fa- fa-lg\"><\/i> <span>Bon de commande 4 roues<\/span><\/a><a href=\"http:\/\/www.physipro.com\/wp-content\/uploads\/2016\/12\/BC-Neox-6.pdf\" target=\"_blank\"class=\"btn btn-default btn-lg\"><i class=\"fa fa- fa-lg\"><\/i> <span>Bon de commande 6 roues<\/span><\/a><a href=\"https:\/\/www.physipro.com\/wp-content\/uploads\/Manuel_Utilisation_Neox_FRANCE-2017.pdf\" target=\"_blank\"class=\"btn btn-default btn-lg\"><i class=\"fa fa- fa-lg\"><\/i> <span>Manuel d'utilisation<\/span><\/a><a href=\"https:\/\/www.physipro.com\/wp-content\/uploads\/Catalogue-Technique-des-Produits-1.pdf\" target=\"_blank\"class=\"btn btn-default btn-lg\"><i class=\"fa fa- fa-lg\"><\/i> <span>Catalogue de pi\u00e8ces<\/span><\/a>[\/vc_column][\/vc_row]<\/p>\n<\/div>","protected":false},"excerpt":{"rendered":"<p>[vc_row full_width=&#8221;stretch_row_content&#8221; el_class=&#8221;btn-group-anchor&#8221;][vc_column width=&#8221;1\/4&#8243;][\/vc_column][vc_column width=&#8221;1\/4&#8243;][\/vc_column][vc_column width=&#8221;1\/4&#8243;][\/vc_column][vc_column width=&#8221;1\/4&#8243;][\/vc_column][\/vc_row][vc_row css=&#8221;.vc_custom_1426794393526{padding-bottom: 100px !important;}&#8221;][vc_column width=&#8221;2\/3&#8243;][vc_gallery interval=&#8221;3&#8243; images=&#8221;14464,14479,14474,14469,14422,14417&#8243; img_size=&#8221;full&#8221;][\/vc_column][vc_column width=&#8221;1\/3&#8243;][vc_column_text] La NEOX repousse les limites de la mobilit\u00e9! Physipro a mis \u00e0 profit tout son savoir-faire pour donner naissance \u00e0 une toute nouvelle technologie avant-gardiste. Nous sommes fiers de vous pr\u00e9senter une base de positionnement&#8230;<\/p>\n <p><a class=\"read-more btn btn-primary btn-lg\" href=\"https:\/\/www.physipro.com\/fr\/produit\/base-de-positionnement-neox\/\">Lire la suite<\/a><\/p>","protected":false},"featured_media":22733,"comment_status":"open","ping_status":"closed","template":"","meta":{"_acf_changed":false},"product_cat":[83],"product_tag":[],"class_list":{"0":"post-14416","1":"product","2":"type-product","3":"status-publish","4":"has-post-thumbnail","6":"product_cat-mobilite-fr-fr","8":"first","9":"instock","10":"shipping-taxable","11":"product-type-simple"},"acf":[],"yoast_head":"<!-- This site is optimized with the Yoast SEO plugin v22.3 - https:\/\/yoast.com\/wordpress\/plugins\/seo\/ -->\n<title>Base de positionnement Neox&#x2122; - Physipro inc.<\/title>\n<meta name=\"robots\" content=\"index, follow, max-snippet:-1, max-image-preview:large, max-video-preview:-1\" \/>\n<link rel=\"canonical\" href=\"https:\/\/www.physipro.com\/fr\/product\/base-de-positionnement-neox\/\" \/>\n<meta property=\"og:locale\" content=\"fr_FR\" \/>\n<meta property=\"og:type\" content=\"article\" \/>\n<meta property=\"og:title\" content=\"Base de positionnement Neox&#x2122; - Physipro inc.\" \/>\n<meta property=\"og:description\" content=\"[vc_row full_width=&#8221;stretch_row_content&#8221; el_class=&#8221;btn-group-anchor&#8221;][vc_column width=&#8221;1\/4&#8243;][\/vc_column][vc_column width=&#8221;1\/4&#8243;][\/vc_column][vc_column width=&#8221;1\/4&#8243;][\/vc_column][vc_column width=&#8221;1\/4&#8243;][\/vc_column][\/vc_row][vc_row css=&#8221;.vc_custom_1426794393526{padding-bottom: 100px !important;}&#8221;][vc_column width=&#8221;2\/3&#8243;][vc_gallery interval=&#8221;3&#8243; images=&#8221;14464,14479,14474,14469,14422,14417&#8243; img_size=&#8221;full&#8221;][\/vc_column][vc_column width=&#8221;1\/3&#8243;][vc_column_text] La NEOX repousse les limites de la mobilit\u00e9! Physipro a mis \u00e0 profit tout son savoir-faire pour donner naissance \u00e0 une toute nouvelle technologie avant-gardiste. Nous sommes fiers de vous pr\u00e9senter une base de positionnement...\" \/>\n<meta property=\"og:url\" content=\"https:\/\/www.physipro.com\/fr\/product\/base-de-positionnement-neox\/\" \/>\n<meta property=\"og:site_name\" content=\"Physipro inc.\" \/>\n<meta property=\"article:modified_time\" content=\"2021-05-27T18:58:16+00:00\" \/>\n<meta property=\"og:image\" content=\"https:\/\/www.physipro.com\/wp-content\/uploads\/NEOX_600x600.png\" \/>\n\t<meta property=\"og:image:width\" content=\"600\" \/>\n\t<meta property=\"og:image:height\" content=\"600\" \/>\n\t<meta property=\"og:image:type\" content=\"image\/png\" \/>\n<meta name=\"twitter:label1\" content=\"Dur\u00e9e de lecture estim\u00e9e\" \/>\n\t<meta name=\"twitter:data1\" content=\"3 minutes\" \/>\n<script type=\"application\/ld+json\" class=\"yoast-schema-graph\">{\"@context\":\"https:\/\/schema.org\",\"@graph\":[{\"@type\":\"WebPage\",\"@id\":\"https:\/\/www.physipro.com\/fr\/product\/base-de-positionnement-neox\/\",\"url\":\"https:\/\/www.physipro.com\/fr\/product\/base-de-positionnement-neox\/\",\"name\":\"Base de positionnement Neox&#x2122; - Physipro inc.\",\"isPartOf\":{\"@id\":\"https:\/\/www.physipro.com\/#website\"},\"primaryImageOfPage\":{\"@id\":\"https:\/\/www.physipro.com\/fr\/product\/base-de-positionnement-neox\/#primaryimage\"},\"image\":{\"@id\":\"https:\/\/www.physipro.com\/fr\/product\/base-de-positionnement-neox\/#primaryimage\"},\"thumbnailUrl\":\"https:\/\/www.physipro.com\/wp-content\/uploads\/NEOX_600x600.png\",\"datePublished\":\"2016-12-21T12:51:50+00:00\",\"dateModified\":\"2021-05-27T18:58:16+00:00\",\"breadcrumb\":{\"@id\":\"https:\/\/www.physipro.com\/fr\/product\/base-de-positionnement-neox\/#breadcrumb\"},\"inLanguage\":\"fr-FR\",\"potentialAction\":[{\"@type\":\"ReadAction\",\"target\":[\"https:\/\/www.physipro.com\/fr\/product\/base-de-positionnement-neox\/\"]}]},{\"@type\":\"ImageObject\",\"inLanguage\":\"fr-FR\",\"@id\":\"https:\/\/www.physipro.com\/fr\/product\/base-de-positionnement-neox\/#primaryimage\",\"url\":\"https:\/\/www.physipro.com\/wp-content\/uploads\/NEOX_600x600.png\",\"contentUrl\":\"https:\/\/www.physipro.com\/wp-content\/uploads\/NEOX_600x600.png\",\"width\":600,\"height\":600},{\"@type\":\"BreadcrumbList\",\"@id\":\"https:\/\/www.physipro.com\/fr\/product\/base-de-positionnement-neox\/#breadcrumb\",\"itemListElement\":[{\"@type\":\"ListItem\",\"position\":1,\"name\":\"Accueil\",\"item\":\"https:\/\/www.physipro.com\/fr\/\"},{\"@type\":\"ListItem\",\"position\":2,\"name\":\"Boutique\",\"item\":\"https:\/\/www.physipro.com\/fr\/boutique\/\"},{\"@type\":\"ListItem\",\"position\":3,\"name\":\"Base de positionnement Neox&#x2122;\"}]},{\"@type\":\"WebSite\",\"@id\":\"https:\/\/www.physipro.com\/#website\",\"url\":\"https:\/\/www.physipro.com\/\",\"name\":\"Physipro inc.\",\"description\":\"Un site utilisant WordPress\",\"potentialAction\":[{\"@type\":\"SearchAction\",\"target\":{\"@type\":\"EntryPoint\",\"urlTemplate\":\"https:\/\/www.physipro.com\/?s={search_term_string}\"},\"query-input\":\"required name=search_term_string\"}],\"inLanguage\":\"fr-FR\"}]}<\/script>\n<!-- \/ Yoast SEO plugin. -->","yoast_head_json":{"title":"Base de positionnement Neox&#x2122; - Physipro inc.","robots":{"index":"index","follow":"follow","max-snippet":"max-snippet:-1","max-image-preview":"max-image-preview:large","max-video-preview":"max-video-preview:-1"},"canonical":"https:\/\/www.physipro.com\/fr\/product\/base-de-positionnement-neox\/","og_locale":"fr_FR","og_type":"article","og_title":"Base de positionnement Neox&#x2122; - Physipro inc.","og_description":"[vc_row full_width=&#8221;stretch_row_content&#8221; el_class=&#8221;btn-group-anchor&#8221;][vc_column width=&#8221;1\/4&#8243;][\/vc_column][vc_column width=&#8221;1\/4&#8243;][\/vc_column][vc_column width=&#8221;1\/4&#8243;][\/vc_column][vc_column width=&#8221;1\/4&#8243;][\/vc_column][\/vc_row][vc_row css=&#8221;.vc_custom_1426794393526{padding-bottom: 100px !important;}&#8221;][vc_column width=&#8221;2\/3&#8243;][vc_gallery interval=&#8221;3&#8243; images=&#8221;14464,14479,14474,14469,14422,14417&#8243; img_size=&#8221;full&#8221;][\/vc_column][vc_column width=&#8221;1\/3&#8243;][vc_column_text] La NEOX repousse les limites de la mobilit\u00e9! Physipro a mis \u00e0 profit tout son savoir-faire pour donner naissance \u00e0 une toute nouvelle technologie avant-gardiste. Nous sommes fiers de vous pr\u00e9senter une base de positionnement...","og_url":"https:\/\/www.physipro.com\/fr\/product\/base-de-positionnement-neox\/","og_site_name":"Physipro inc.","article_modified_time":"2021-05-27T18:58:16+00:00","og_image":[{"width":600,"height":600,"url":"https:\/\/www.physipro.com\/wp-content\/uploads\/NEOX_600x600.png","type":"image\/png"}],"twitter_misc":{"Dur\u00e9e de lecture estim\u00e9e":"3 minutes"},"schema":{"@context":"https:\/\/schema.org","@graph":[{"@type":"WebPage","@id":"https:\/\/www.physipro.com\/fr\/product\/base-de-positionnement-neox\/","url":"https:\/\/www.physipro.com\/fr\/product\/base-de-positionnement-neox\/","name":"Base de positionnement Neox&#x2122; - Physipro inc.","isPartOf":{"@id":"https:\/\/www.physipro.com\/#website"},"primaryImageOfPage":{"@id":"https:\/\/www.physipro.com\/fr\/product\/base-de-positionnement-neox\/#primaryimage"},"image":{"@id":"https:\/\/www.physipro.com\/fr\/product\/base-de-positionnement-neox\/#primaryimage"},"thumbnailUrl":"https:\/\/www.physipro.com\/wp-content\/uploads\/NEOX_600x600.png","datePublished":"2016-12-21T12:51:50+00:00","dateModified":"2021-05-27T18:58:16+00:00","breadcrumb":{"@id":"https:\/\/www.physipro.com\/fr\/product\/base-de-positionnement-neox\/#breadcrumb"},"inLanguage":"fr-FR","potentialAction":[{"@type":"ReadAction","target":["https:\/\/www.physipro.com\/fr\/product\/base-de-positionnement-neox\/"]}]},{"@type":"ImageObject","inLanguage":"fr-FR","@id":"https:\/\/www.physipro.com\/fr\/product\/base-de-positionnement-neox\/#primaryimage","url":"https:\/\/www.physipro.com\/wp-content\/uploads\/NEOX_600x600.png","contentUrl":"https:\/\/www.physipro.com\/wp-content\/uploads\/NEOX_600x600.png","width":600,"height":600},{"@type":"BreadcrumbList","@id":"https:\/\/www.physipro.com\/fr\/product\/base-de-positionnement-neox\/#breadcrumb","itemListElement":[{"@type":"ListItem","position":1,"name":"Accueil","item":"https:\/\/www.physipro.com\/fr\/"},{"@type":"ListItem","position":2,"name":"Boutique","item":"https:\/\/www.physipro.com\/fr\/boutique\/"},{"@type":"ListItem","position":3,"name":"Base de positionnement Neox&#x2122;"}]},{"@type":"WebSite","@id":"https:\/\/www.physipro.com\/#website","url":"https:\/\/www.physipro.com\/","name":"Physipro inc.","description":"Un site utilisant WordPress","potentialAction":[{"@type":"SearchAction","target":{"@type":"EntryPoint","urlTemplate":"https:\/\/www.physipro.com\/?s={search_term_string}"},"query-input":"required name=search_term_string"}],"inLanguage":"fr-FR"}]}},"_links":{"self":[{"href":"https:\/\/www.physipro.com\/fr\/wp-json\/wp\/v2\/product\/14416","targetHints":{"allow":["GET"]}}],"collection":[{"href":"https:\/\/www.physipro.com\/fr\/wp-json\/wp\/v2\/product"}],"about":[{"href":"https:\/\/www.physipro.com\/fr\/wp-json\/wp\/v2\/types\/product"}],"replies":[{"embeddable":true,"href":"https:\/\/www.physipro.com\/fr\/wp-json\/wp\/v2\/comments?post=14416"}],"wp:featuredmedia":[{"embeddable":true,"href":"https:\/\/www.physipro.com\/fr\/wp-json\/wp\/v2\/media\/22733"}],"wp:attachment":[{"href":"https:\/\/www.physipro.com\/fr\/wp-json\/wp\/v2\/media?parent=14416"}],"wp:term":[{"taxonomy":"product_cat","embeddable":true,"href":"https:\/\/www.physipro.com\/fr\/wp-json\/wp\/v2\/product_cat?post=14416"},{"taxonomy":"product_tag","embeddable":true,"href":"https:\/\/www.physipro.com\/fr\/wp-json\/wp\/v2\/product_tag?post=14416"}],"curies":[{"name":"wp","href":"https:\/\/api.w.org\/{rel}","templated":true}]}}