{"id":14560,"date":"2017-01-03T16:51:28","date_gmt":"2017-01-03T16:51:28","guid":{"rendered":"https:\/\/www.physipro.com\/fr\/?post_type=product&#038;p=14560"},"modified":"2025-10-08T14:07:32","modified_gmt":"2025-10-08T14:07:32","slug":"dossierhp2","status":"publish","type":"product","link":"https:\/\/www.physipro.com\/fr\/produit\/dossierhp2\/","title":{"rendered":"Dossier HP2"},"content":{"rendered":"<div class=\"wpb-content-wrapper\"><p>[vc_row full_width=&#8221;stretch_row_content&#8221; el_class=&#8221;btn-group-anchor&#8221;][vc_column width=&#8221;1\/3&#8243;]<a href=\"#features\" class=\"btn btn-default\"> <span>Caract\u00e9ristiques<\/span><\/a>[\/vc_column][vc_column width=&#8221;1\/3&#8243;]<a href=\"#specifications\" class=\"btn btn-default\"> <span>Sp\u00e9cifications<\/span><\/a>[\/vc_column][vc_column width=&#8221;1\/3&#8243;]<a href=\"#video\" class=\"btn btn-default\"> <span>Documentations<\/span><\/a>[\/vc_column][\/vc_row][vc_row][vc_column width=&#8221;2\/3&#8243;][vc_gallery interval=&#8221;3&#8243; images=&#8221;1317,1313&#8243; img_size=&#8221;full&#8221;][\/vc_column][vc_column width=&#8221;1\/3&#8243;][vc_column_text]<a href=\"https:\/\/www.physipro.com\/wp-content\/uploads\/2015\/03\/logo-HP2.png\"><img loading=\"lazy\" decoding=\"async\" class=\"alignnone wp-image-1325\" src=\"https:\/\/www.physipro.com\/wp-content\/uploads\/2015\/03\/logo-HP2-300x298.png\" alt=\"logo-HP2\" width=\"76\" height=\"75\" srcset=\"https:\/\/www.physipro.com\/wp-content\/uploads\/2015\/03\/logo-HP2-300x300.png 300w, https:\/\/www.physipro.com\/wp-content\/uploads\/2015\/03\/logo-HP2-100x100.png 100w, https:\/\/www.physipro.com\/wp-content\/uploads\/2015\/03\/logo-HP2-600x596.png 600w, https:\/\/www.physipro.com\/wp-content\/uploads\/2015\/03\/logo-HP2-150x150.png 150w, https:\/\/www.physipro.com\/wp-content\/uploads\/2015\/03\/logo-HP2.png 612w\" sizes=\"auto, (max-width: 76px) 100vw, 76px\" \/><\/a><\/p>\n<p>Le dossier HP2 procure un support optimal. Son syst\u00e8me d&#8217;ancrage \u00e0 deux points de fixation est facile d\u2019utilisation et d\u2019une solidit\u00e9 accrue.<\/p>\n<p><strong>Trois mod\u00e8les sont disponibles\u00a0:<\/strong><\/p>\n<ul>\n<li>Le mod\u00e8le\u00a0<strong><em>Profil\u00e9<\/em><\/strong>\u00a0pour personne active permet une libert\u00e9 de mouvement des membres sup\u00e9rieurs et augmente ainsi la facilit\u00e9 de propulsion.<\/li>\n<li>Le mod\u00e8le\u00a0<strong><em>Contour<\/em><\/strong>\u00a0favorise un appui global du dos.<\/li>\n<li>Le mod\u00e8le\u00a0<strong><em>Sport<\/em><\/strong>\u00a0s\u2019installe principalement sur des fauteuils de structure rigide. Il augmente le support lombaire et permet une grande libert\u00e9 de mouvement.<\/li>\n<\/ul>\n<p>[\/vc_column_text][\/vc_column][\/vc_row][vc_row full_width=&#8221;stretch_row_content&#8221; el_class=&#8221;section-sticky row-middle&#8221;][vc_column width=&#8221;1\/2&#8243;][vc_single_image image=&#8221;1339&#8243; img_size=&#8221;full&#8221;][\/vc_column][vc_column width=&#8221;1\/2&#8243;][vc_column_text]<\/p>\n<h2>Le mod\u00e8le\u00a0Sport<\/h2>\n<p>S\u2019installe principalement sur des fauteuils de structure rigide. Il augmente le support lombaire et permet une grande libert\u00e9 de mouvement.[\/vc_column_text][\/vc_column][\/vc_row][vc_row full_width=&#8221;stretch_row_content&#8221; el_class=&#8221;section-sticky row-middle&#8221; css=&#8221;.vc_custom_1426010230410{background-color: #ffffff !important;}&#8221;][vc_column width=&#8221;1\/2&#8243;][vc_single_image image=&#8221;1393&#8243; img_size=&#8221;full&#8221;][\/vc_column][vc_column width=&#8221;1\/2&#8243;][vc_column_text]<\/p>\n<h4 style=\"text-align: center;\">Le syst\u00e8me d&#8217;ancrages HP2\u00a0\u00e0 deux points\u00a0de fixation est\u00a0<span style=\"line-height: 1.5;\">compatible\u00a0avec des montants de dossier de formes\u00a0<\/span><span style=\"line-height: 1.5;\">et de formats diff\u00e9rents.<\/span><\/h4>\n<p>&nbsp;[\/vc_column_text][\/vc_column][\/vc_row][vc_row full_width=&#8221;stretch_row_content&#8221; el_class=&#8221;section-sticky row-middle&#8221; css=&#8221;.vc_custom_1426010142903{background-color: #f3f3f5 !important;}&#8221;][vc_column width=&#8221;1\/2&#8243;][vc_column_text el_class=&#8221;padding-left&#8221;]<\/p>\n<h3 style=\"text-align: center;\">Diff\u00e9rents formats disponibles s\u2019harmonisant<br \/>\nainsi au fauteuil de l\u2019utilisateur tout en<br \/>\ns&#8217;adaptant \u00e0 sa morphologie.<\/h3>\n<p>[\/vc_column_text][\/vc_column][vc_column width=&#8221;1\/2&#8243;][vc_single_image image=&#8221;1348&#8243; img_size=&#8221;full&#8221;][\/vc_column][\/vc_row][vc_row full_width=&#8221;stretch_row&#8221; id_attribute=&#8221;specifications&#8221; el_class=&#8221;section-specifications&#8221;][vc_column][vc_column_text]<\/p>\n<h2>Sp\u00e9cifications<\/h2>\n<p>[\/vc_column_text][vc_column_text el_class=&#8221;specification-table&#8221;]<\/p>\n<table>\n<tbody>\n<tr>\n<td><strong>Largeur<\/strong><\/td>\n<td>31 cm, 36 cm, 41 cm, 46 cm, 51 cm, 56 cm, 61 cm, 66 cm<\/td>\n<\/tr>\n<tr>\n<td><strong>Hauteur<\/strong><\/td>\n<td>31 cm, 36 cm, 41 cm, 46 cm, 51 cm, 56 cm, 61 cm, 66 cm<\/td>\n<\/tr>\n<tr>\n<td><strong>Largeur dossier Sport <\/strong><\/td>\n<td>31 cm, 36 cm, 41 cm, 46 cm<\/td>\n<\/tr>\n<tr>\n<td><strong>Hauteur dossier Sport<br \/>\n<\/strong><\/td>\n<td>23 cm<\/td>\n<\/tr>\n<tr>\n<td><strong>Ajustement en angle<br \/>\n<\/strong><\/td>\n<td>20\u00b0 \u00e0 -10\u00b0 \u00b15\u00b0<\/td>\n<\/tr>\n<tr>\n<td><strong>Poids<\/strong><\/td>\n<td>2.95 kg<\/td>\n<\/tr>\n<tr>\n<td><strong>Hauteur des appuis-thoraciques<br \/>\n<\/strong><\/td>\n<td>10 cm, 15 cm, 18 cm, 20 cm, 25 cm<\/td>\n<\/tr>\n<tr>\n<td><strong>Garantie<br \/>\n<\/strong><\/td>\n<td>2 ans<\/td>\n<\/tr>\n<\/tbody>\n<\/table>\n<p>[\/vc_column_text][\/vc_column][\/vc_row][vc_row id_attribute=&#8221;video&#8221; el_class=&#8221;btn-file-group&#8221;][vc_column][vc_column_text]<\/p>\n<h2>Documentations<\/h2>\n<p>[\/vc_column_text]<a href=\"https:\/\/www.physipro.com\/wp-content\/uploads\/CHARTE-HP2-CONTOUR-1.pdf\" target=\"_blank\"class=\"btn btn-default btn-lg\"><i class=\"fa fa- fa-lg\"><\/i> <span>Chartes d\u2019installation HP2<\/span><\/a><a href=\"https:\/\/www.physipro.com\/wp-content\/uploads\/Manuel_Utilisation_HP2.pdf\" target=\"_blank\"class=\"btn btn-default btn-lg\"><i class=\"fa fa- fa-lg\"><\/i> <span>Manuel d'utilisation HP2<\/span><\/a>[\/vc_column][\/vc_row]<\/p>\n<\/div>","protected":false},"excerpt":{"rendered":"<p>[vc_row full_width=&#8221;stretch_row_content&#8221; el_class=&#8221;btn-group-anchor&#8221;][vc_column width=&#8221;1\/3&#8243;][\/vc_column][vc_column width=&#8221;1\/3&#8243;][\/vc_column][vc_column width=&#8221;1\/3&#8243;][\/vc_column][\/vc_row][vc_row][vc_column width=&#8221;2\/3&#8243;][vc_gallery interval=&#8221;3&#8243; images=&#8221;1317,1313&#8243; img_size=&#8221;full&#8221;][\/vc_column][vc_column width=&#8221;1\/3&#8243;][vc_column_text] Le dossier HP2 procure un support optimal. Son syst\u00e8me d&#8217;ancrage \u00e0 deux points de fixation est facile d\u2019utilisation et d\u2019une solidit\u00e9 accrue. Trois mod\u00e8les sont disponibles\u00a0: Le mod\u00e8le\u00a0Profil\u00e9\u00a0pour personne active permet une libert\u00e9 de mouvement des membres sup\u00e9rieurs et&#8230;<\/p>\n <p><a class=\"read-more btn btn-primary btn-lg\" href=\"https:\/\/www.physipro.com\/fr\/produit\/dossierhp2\/\">Lire la suite<\/a><\/p>","protected":false},"featured_media":14563,"comment_status":"open","ping_status":"closed","template":"","meta":{"_acf_changed":false},"product_cat":[39],"product_tag":[],"class_list":{"0":"post-14560","1":"product","2":"type-product","3":"status-publish","4":"has-post-thumbnail","6":"product_cat-dossiers-fr","8":"first","9":"instock","10":"shipping-taxable","11":"product-type-simple"},"acf":[],"yoast_head":"<!-- This site is optimized with the Yoast SEO plugin v22.3 - https:\/\/yoast.com\/wordpress\/plugins\/seo\/ -->\n<title>Dossier HP2 - Physipro inc.<\/title>\n<meta name=\"robots\" content=\"index, follow, max-snippet:-1, max-image-preview:large, max-video-preview:-1\" \/>\n<link rel=\"canonical\" href=\"https:\/\/www.physipro.com\/fr\/produit\/dossierhp2\/\" \/>\n<meta property=\"og:locale\" content=\"fr_FR\" \/>\n<meta property=\"og:type\" content=\"article\" \/>\n<meta property=\"og:title\" content=\"Dossier HP2 - Physipro inc.\" \/>\n<meta property=\"og:description\" content=\"[vc_row full_width=&#8221;stretch_row_content&#8221; el_class=&#8221;btn-group-anchor&#8221;][vc_column width=&#8221;1\/3&#8243;][\/vc_column][vc_column width=&#8221;1\/3&#8243;][\/vc_column][vc_column width=&#8221;1\/3&#8243;][\/vc_column][\/vc_row][vc_row][vc_column width=&#8221;2\/3&#8243;][vc_gallery interval=&#8221;3&#8243; images=&#8221;1317,1313&#8243; img_size=&#8221;full&#8221;][\/vc_column][vc_column width=&#8221;1\/3&#8243;][vc_column_text] Le dossier HP2 procure un support optimal. Son syst\u00e8me d&#8217;ancrage \u00e0 deux points de fixation est facile d\u2019utilisation et d\u2019une solidit\u00e9 accrue. Trois mod\u00e8les sont disponibles\u00a0: Le mod\u00e8le\u00a0Profil\u00e9\u00a0pour personne active permet une libert\u00e9 de mouvement des membres sup\u00e9rieurs et...\" \/>\n<meta property=\"og:url\" content=\"https:\/\/www.physipro.com\/fr\/produit\/dossierhp2\/\" \/>\n<meta property=\"og:site_name\" content=\"Physipro inc.\" \/>\n<meta property=\"article:modified_time\" content=\"2025-10-08T14:07:32+00:00\" \/>\n<meta property=\"og:image\" content=\"https:\/\/www.physipro.com\/wp-content\/uploads\/2017\/01\/Capture30-2.png\" \/>\n\t<meta property=\"og:image:width\" content=\"200\" \/>\n\t<meta property=\"og:image:height\" content=\"215\" \/>\n\t<meta property=\"og:image:type\" content=\"image\/png\" \/>\n<meta name=\"twitter:label1\" content=\"Dur\u00e9e de lecture estim\u00e9e\" \/>\n\t<meta name=\"twitter:data1\" content=\"3 minutes\" \/>\n<script type=\"application\/ld+json\" class=\"yoast-schema-graph\">{\"@context\":\"https:\/\/schema.org\",\"@graph\":[{\"@type\":\"WebPage\",\"@id\":\"https:\/\/www.physipro.com\/fr\/produit\/dossierhp2\/\",\"url\":\"https:\/\/www.physipro.com\/fr\/produit\/dossierhp2\/\",\"name\":\"Dossier HP2 - Physipro inc.\",\"isPartOf\":{\"@id\":\"https:\/\/www.physipro.com\/#website\"},\"primaryImageOfPage\":{\"@id\":\"https:\/\/www.physipro.com\/fr\/produit\/dossierhp2\/#primaryimage\"},\"image\":{\"@id\":\"https:\/\/www.physipro.com\/fr\/produit\/dossierhp2\/#primaryimage\"},\"thumbnailUrl\":\"https:\/\/www.physipro.com\/wp-content\/uploads\/2017\/01\/Capture30-2.png\",\"datePublished\":\"2017-01-03T16:51:28+00:00\",\"dateModified\":\"2025-10-08T14:07:32+00:00\",\"breadcrumb\":{\"@id\":\"https:\/\/www.physipro.com\/fr\/produit\/dossierhp2\/#breadcrumb\"},\"inLanguage\":\"fr-FR\",\"potentialAction\":[{\"@type\":\"ReadAction\",\"target\":[\"https:\/\/www.physipro.com\/fr\/produit\/dossierhp2\/\"]}]},{\"@type\":\"ImageObject\",\"inLanguage\":\"fr-FR\",\"@id\":\"https:\/\/www.physipro.com\/fr\/produit\/dossierhp2\/#primaryimage\",\"url\":\"https:\/\/www.physipro.com\/wp-content\/uploads\/2017\/01\/Capture30-2.png\",\"contentUrl\":\"https:\/\/www.physipro.com\/wp-content\/uploads\/2017\/01\/Capture30-2.png\",\"width\":200,\"height\":215},{\"@type\":\"BreadcrumbList\",\"@id\":\"https:\/\/www.physipro.com\/fr\/produit\/dossierhp2\/#breadcrumb\",\"itemListElement\":[{\"@type\":\"ListItem\",\"position\":1,\"name\":\"Accueil\",\"item\":\"https:\/\/www.physipro.com\/fr\/\"},{\"@type\":\"ListItem\",\"position\":2,\"name\":\"Boutique\",\"item\":\"https:\/\/www.physipro.com\/fr\/boutique\/\"},{\"@type\":\"ListItem\",\"position\":3,\"name\":\"Dossier HP2\"}]},{\"@type\":\"WebSite\",\"@id\":\"https:\/\/www.physipro.com\/#website\",\"url\":\"https:\/\/www.physipro.com\/\",\"name\":\"Physipro inc.\",\"description\":\"Un site utilisant WordPress\",\"potentialAction\":[{\"@type\":\"SearchAction\",\"target\":{\"@type\":\"EntryPoint\",\"urlTemplate\":\"https:\/\/www.physipro.com\/?s={search_term_string}\"},\"query-input\":\"required name=search_term_string\"}],\"inLanguage\":\"fr-FR\"}]}<\/script>\n<!-- \/ Yoast SEO plugin. -->","yoast_head_json":{"title":"Dossier HP2 - Physipro inc.","robots":{"index":"index","follow":"follow","max-snippet":"max-snippet:-1","max-image-preview":"max-image-preview:large","max-video-preview":"max-video-preview:-1"},"canonical":"https:\/\/www.physipro.com\/fr\/produit\/dossierhp2\/","og_locale":"fr_FR","og_type":"article","og_title":"Dossier HP2 - Physipro inc.","og_description":"[vc_row full_width=&#8221;stretch_row_content&#8221; el_class=&#8221;btn-group-anchor&#8221;][vc_column width=&#8221;1\/3&#8243;][\/vc_column][vc_column width=&#8221;1\/3&#8243;][\/vc_column][vc_column width=&#8221;1\/3&#8243;][\/vc_column][\/vc_row][vc_row][vc_column width=&#8221;2\/3&#8243;][vc_gallery interval=&#8221;3&#8243; images=&#8221;1317,1313&#8243; img_size=&#8221;full&#8221;][\/vc_column][vc_column width=&#8221;1\/3&#8243;][vc_column_text] Le dossier HP2 procure un support optimal. Son syst\u00e8me d&#8217;ancrage \u00e0 deux points de fixation est facile d\u2019utilisation et d\u2019une solidit\u00e9 accrue. Trois mod\u00e8les sont disponibles\u00a0: Le mod\u00e8le\u00a0Profil\u00e9\u00a0pour personne active permet une libert\u00e9 de mouvement des membres sup\u00e9rieurs et...","og_url":"https:\/\/www.physipro.com\/fr\/produit\/dossierhp2\/","og_site_name":"Physipro inc.","article_modified_time":"2025-10-08T14:07:32+00:00","og_image":[{"width":200,"height":215,"url":"https:\/\/www.physipro.com\/wp-content\/uploads\/2017\/01\/Capture30-2.png","type":"image\/png"}],"twitter_misc":{"Dur\u00e9e de lecture estim\u00e9e":"3 minutes"},"schema":{"@context":"https:\/\/schema.org","@graph":[{"@type":"WebPage","@id":"https:\/\/www.physipro.com\/fr\/produit\/dossierhp2\/","url":"https:\/\/www.physipro.com\/fr\/produit\/dossierhp2\/","name":"Dossier HP2 - Physipro inc.","isPartOf":{"@id":"https:\/\/www.physipro.com\/#website"},"primaryImageOfPage":{"@id":"https:\/\/www.physipro.com\/fr\/produit\/dossierhp2\/#primaryimage"},"image":{"@id":"https:\/\/www.physipro.com\/fr\/produit\/dossierhp2\/#primaryimage"},"thumbnailUrl":"https:\/\/www.physipro.com\/wp-content\/uploads\/2017\/01\/Capture30-2.png","datePublished":"2017-01-03T16:51:28+00:00","dateModified":"2025-10-08T14:07:32+00:00","breadcrumb":{"@id":"https:\/\/www.physipro.com\/fr\/produit\/dossierhp2\/#breadcrumb"},"inLanguage":"fr-FR","potentialAction":[{"@type":"ReadAction","target":["https:\/\/www.physipro.com\/fr\/produit\/dossierhp2\/"]}]},{"@type":"ImageObject","inLanguage":"fr-FR","@id":"https:\/\/www.physipro.com\/fr\/produit\/dossierhp2\/#primaryimage","url":"https:\/\/www.physipro.com\/wp-content\/uploads\/2017\/01\/Capture30-2.png","contentUrl":"https:\/\/www.physipro.com\/wp-content\/uploads\/2017\/01\/Capture30-2.png","width":200,"height":215},{"@type":"BreadcrumbList","@id":"https:\/\/www.physipro.com\/fr\/produit\/dossierhp2\/#breadcrumb","itemListElement":[{"@type":"ListItem","position":1,"name":"Accueil","item":"https:\/\/www.physipro.com\/fr\/"},{"@type":"ListItem","position":2,"name":"Boutique","item":"https:\/\/www.physipro.com\/fr\/boutique\/"},{"@type":"ListItem","position":3,"name":"Dossier HP2"}]},{"@type":"WebSite","@id":"https:\/\/www.physipro.com\/#website","url":"https:\/\/www.physipro.com\/","name":"Physipro inc.","description":"Un site utilisant WordPress","potentialAction":[{"@type":"SearchAction","target":{"@type":"EntryPoint","urlTemplate":"https:\/\/www.physipro.com\/?s={search_term_string}"},"query-input":"required name=search_term_string"}],"inLanguage":"fr-FR"}]}},"_links":{"self":[{"href":"https:\/\/www.physipro.com\/fr\/wp-json\/wp\/v2\/product\/14560","targetHints":{"allow":["GET"]}}],"collection":[{"href":"https:\/\/www.physipro.com\/fr\/wp-json\/wp\/v2\/product"}],"about":[{"href":"https:\/\/www.physipro.com\/fr\/wp-json\/wp\/v2\/types\/product"}],"replies":[{"embeddable":true,"href":"https:\/\/www.physipro.com\/fr\/wp-json\/wp\/v2\/comments?post=14560"}],"wp:featuredmedia":[{"embeddable":true,"href":"https:\/\/www.physipro.com\/fr\/wp-json\/wp\/v2\/media\/14563"}],"wp:attachment":[{"href":"https:\/\/www.physipro.com\/fr\/wp-json\/wp\/v2\/media?parent=14560"}],"wp:term":[{"taxonomy":"product_cat","embeddable":true,"href":"https:\/\/www.physipro.com\/fr\/wp-json\/wp\/v2\/product_cat?post=14560"},{"taxonomy":"product_tag","embeddable":true,"href":"https:\/\/www.physipro.com\/fr\/wp-json\/wp\/v2\/product_tag?post=14560"}],"curies":[{"name":"wp","href":"https:\/\/api.w.org\/{rel}","templated":true}]}}