{"id":16302,"date":"2018-09-07T12:23:09","date_gmt":"2018-09-07T12:23:09","guid":{"rendered":"https:\/\/www.physipro.com\/?post_type=product&#038;p=16302"},"modified":"2018-09-07T12:29:38","modified_gmt":"2018-09-07T12:29:38","slug":"accessoires-stimulite-copie","status":"publish","type":"product","link":"https:\/\/www.physipro.com\/fr\/produit\/accessoires-stimulite-copie\/","title":{"rendered":"Accessoires Stimulite\u00ae"},"content":{"rendered":"<div class=\"wpb-content-wrapper\"><p>[vc_row full_width=&#8221;stretch_row&#8221; el_class=&#8221;section-full&#8221; id_attribute=&#8221;features&#8221;][vc_column width=&#8221;1\/4&#8243;][vc_single_image image=&#8221;10081&#8243; img_size=&#8221;full&#8221;][\/vc_column][vc_column width=&#8221;1\/4&#8243; css=&#8221;.vc_custom_1536244618720{padding-right: 50px !important;padding-left: 50px !important;}&#8221;][vc_column_text]<\/p>\n<h2>Housse Stimulite\u00ae\u00a0On Top<\/h2>\n<p>Placez simplement la housse\u00a0Stimulite\u00ae sur n&#8217;importe quel coussin et il sera prot\u00e9g\u00e9 de la chaleur et de l&#8217;humidit\u00e9, comme par magie. Lavable \u00e0 la machine.[\/vc_column_text][vc_column_text]<\/p>\n<h3>Caract\u00e9ristiques<\/h3>\n<p>Choix de format disponible : 35 cm x 35 cm, 40 cm x 40 cm, 46 cm x 46 cm, 51 cm x 51 cm[\/vc_column_text][\/vc_column][vc_column width=&#8221;1\/4&#8243;][vc_single_image image=&#8221;10068&#8243; img_size=&#8221;medium&#8221;][\/vc_column][vc_column width=&#8221;1\/4&#8243;][vc_column_text]<\/p>\n<h2>Support lombaire<\/h2>\n<p>Le support lombaire amovible, aux lignes pures et perm\u00e9able \u00e0 l&#8217;air, am\u00e9liore la posture, soulage la pression et garde le corps au frais et au sec. Sur une chaise ou dans la voiture, il s&#8217;ajuste avec une courroie. Lavable \u00e0 la machine.[\/vc_column_text][\/vc_column][\/vc_row][vc_row full_width=&#8221;stretch_row&#8221; css=&#8221;.vc_custom_1536255636055{padding-top: 100px !important;padding-right: 100px !important;padding-left: 100px !important;background-color: #f3f3f5 !important;}&#8221; el_class=&#8221;section-full&#8221; id_attribute=&#8221;features&#8221;][vc_column width=&#8221;1\/4&#8243; css=&#8221;.vc_custom_1536253375023{padding-left: 100px !important;}&#8221;][vc_single_image image=&#8221;10115&#8243; img_size=&#8221;full&#8221; alignment=&#8221;center&#8221;][\/vc_column][vc_column width=&#8221;1\/4&#8243;][vc_column_text css=&#8221;.vc_custom_1536253959270{padding-left: 50px !important;}&#8221;]<\/p>\n<h2>Biseau de positionnement<\/h2>\n<p>Recouvert de velours c\u00f4tel\u00e9, se fixe facilement \u00e0 la base du coussin avec les attaches de Velcro[\/vc_column_text][\/vc_column][vc_column width=&#8221;1\/4&#8243;][vc_single_image image=&#8221;16283&#8243; img_size=&#8221;medium&#8221; alignment=&#8221;center&#8221;][\/vc_column][vc_column width=&#8221;1\/4&#8243;][vc_column_text]<\/p>\n<h2>Oreiller Stimulite\u00ae<\/h2>\n<p>Rafra\u00eechissant et confortable \u00e0 souhait.<\/p>\n<p>Dimension : 38 cm x 48 cm x 7 cm[\/vc_column_text][\/vc_column][\/vc_row][vc_row full_width=&#8221;stretch_row&#8221; el_class=&#8221;section-full&#8221;][vc_column width=&#8221;1\/4&#8243;][vc_single_image image=&#8221;16280&#8243; img_size=&#8221;full&#8221;][\/vc_column][vc_column width=&#8221;1\/4&#8243; css=&#8221;.vc_custom_1536254520526{padding-right: 50px !important;padding-left: 25px !important;}&#8221;][vc_column_text]<\/p>\n<h2>Housse en peau de mouton Stimulite\u00ae<\/h2>\n<p>Cette housse perm\u00e9able \u00e0 l&#8217;air est recouverte de peau de mouton 100% naturelle sur la partie sup\u00e9rieure. S&#8217;\u00e9tirant dans de multiple directions, cette housse tr\u00e8s douce pr\u00e9vient l&#8217;effet hamac et r\u00e9siste aux odeurs. Disponible en option pour tous les coussins Stimulite. Lavable en machine.[\/vc_column_text][\/vc_column][vc_column width=&#8221;1\/4&#8243;][vc_single_image image=&#8221;16281&#8243; img_size=&#8221;medium&#8221;][\/vc_column][vc_column width=&#8221;1\/4&#8243;][vc_column_text]<\/p>\n<h2>Feuille d&#8217;alv\u00e9oles 61 cm x 61 cm Stimulite\u00ae<\/h2>\n<p>Des feuilles qui respirent et am\u00e9liorent la qualit\u00e9 des si\u00e8ges et des surfaces d&#8217;appui.[\/vc_column_text][\/vc_column][\/vc_row][vc_row full_width=&#8221;stretch_row&#8221; el_class=&#8221;section-full&#8221; css=&#8221;.vc_custom_1536255642069{background-color: #f3f3f5 !important;}&#8221; id_attribute=&#8221;features&#8221;][vc_column width=&#8221;1\/4&#8243;][vc_single_image image=&#8221;16282&#8243; img_size=&#8221;medium&#8221;][\/vc_column][vc_column width=&#8221;1\/4&#8243;][vc_column_text]<\/p>\n<h2>Tapis de confort Stimulite\u00ae<\/h2>\n<p>Laissez-vous masser pendant vos \u00e9tirement! Lorsque vous bougez, les alv\u00e9oles fl\u00e9chissent et cr\u00e9ent un effet de massage qui stimule le flux sanguin et apporte de l&#8217;oxyg\u00e8ne aux tissues.[\/vc_column_text][\/vc_column][vc_column width=&#8221;1\/4&#8243;][vc_single_image image=&#8221;16286&#8243;][\/vc_column][vc_column width=&#8221;1\/4&#8243;][vc_column_text]<\/p>\n<h2>Oreiller de voyage Stimulite\u00ae<\/h2>\n<p>Relaxant et confortable, l&#8217;oreiller de voyage Stimulite\u00ae peut vous suivre partout. Doux et d&#8217;un bon maintien, il supporte bien la t\u00eate et le cou en laissant circuler l&#8217;air et \u00e9vacuer l&#8217;humidit\u00e9.[\/vc_column_text][\/vc_column][\/vc_row][vc_row][vc_column width=&#8221;1\/4&#8243;][\/vc_column][vc_column width=&#8221;1\/4&#8243;][vc_single_image image=&#8221;16278&#8243;][\/vc_column][vc_column width=&#8221;1\/4&#8243;][vc_column_text]<\/p>\n<h2>Matelas de berceau Stimulite\u00ae<\/h2>\n<p>Des milliers de perforations de la structure alv\u00e9olaire permettent \u00e0 l&#8217;air de circuler \u00e0 la verticale et \u00e0 l&#8217;horizontale et aide \u00e0 pr\u00e9venir la mort subite du nourrisson.[\/vc_column_text][\/vc_column][vc_column width=&#8221;1\/4&#8243;][\/vc_column][\/vc_row]<\/p>\n<\/div>","protected":false},"excerpt":{"rendered":"<p>[vc_row full_width=&#8221;stretch_row&#8221; el_class=&#8221;section-full&#8221; id_attribute=&#8221;features&#8221;][vc_column width=&#8221;1\/4&#8243;][vc_single_image image=&#8221;10081&#8243; img_size=&#8221;full&#8221;][\/vc_column][vc_column width=&#8221;1\/4&#8243; css=&#8221;.vc_custom_1536244618720{padding-right: 50px !important;padding-left: 50px !important;}&#8221;][vc_column_text] Housse Stimulite\u00ae\u00a0On Top Placez simplement la housse\u00a0Stimulite\u00ae sur n&#8217;importe quel coussin et il sera prot\u00e9g\u00e9 de la chaleur et de l&#8217;humidit\u00e9, comme par magie. Lavable \u00e0 la machine.[\/vc_column_text][vc_column_text] Caract\u00e9ristiques Choix de format disponible : 35 cm x&#8230;<\/p>\n <p><a class=\"read-more btn btn-primary btn-lg\" href=\"https:\/\/www.physipro.com\/fr\/produit\/accessoires-stimulite-copie\/\">Lire la suite<\/a><\/p>","protected":false},"featured_media":0,"comment_status":"open","ping_status":"closed","template":"","meta":{"_acf_changed":false},"product_cat":[36],"product_tag":[],"class_list":{"0":"post-16302","1":"product","2":"type-product","3":"status-publish","5":"product_cat-assises-et-positionnement-fr","7":"first","8":"instock","9":"shipping-taxable","10":"product-type-simple"},"acf":[],"yoast_head":"<!-- This site is optimized with the Yoast SEO plugin v22.3 - https:\/\/yoast.com\/wordpress\/plugins\/seo\/ -->\n<title>Accessoires Stimulite\u00ae - Physipro inc.<\/title>\n<meta name=\"robots\" content=\"index, follow, max-snippet:-1, max-image-preview:large, max-video-preview:-1\" \/>\n<link rel=\"canonical\" href=\"https:\/\/www.physipro.com\/fr\/product\/accessoires-stimulite-copie\/\" \/>\n<meta property=\"og:locale\" content=\"fr_FR\" \/>\n<meta property=\"og:type\" content=\"article\" \/>\n<meta property=\"og:title\" content=\"Accessoires Stimulite\u00ae - Physipro inc.\" \/>\n<meta property=\"og:description\" content=\"[vc_row full_width=&#8221;stretch_row&#8221; el_class=&#8221;section-full&#8221; id_attribute=&#8221;features&#8221;][vc_column width=&#8221;1\/4&#8243;][vc_single_image image=&#8221;10081&#8243; img_size=&#8221;full&#8221;][\/vc_column][vc_column width=&#8221;1\/4&#8243; css=&#8221;.vc_custom_1536244618720{padding-right: 50px !important;padding-left: 50px !important;}&#8221;][vc_column_text] Housse Stimulite\u00ae\u00a0On Top Placez simplement la housse\u00a0Stimulite\u00ae sur n&#8217;importe quel coussin et il sera prot\u00e9g\u00e9 de la chaleur et de l&#8217;humidit\u00e9, comme par magie. Lavable \u00e0 la machine.[\/vc_column_text][vc_column_text] Caract\u00e9ristiques Choix de format disponible : 35 cm x...\" \/>\n<meta property=\"og:url\" content=\"https:\/\/www.physipro.com\/fr\/product\/accessoires-stimulite-copie\/\" \/>\n<meta property=\"og:site_name\" content=\"Physipro inc.\" \/>\n<meta property=\"article:modified_time\" content=\"2018-09-07T12:29:38+00:00\" \/>\n<meta property=\"og:image\" content=\"https:\/\/www.physipro.com\/wp-content\/uploads\/2015\/03\/support-lombaire-stimulite.png\" \/>\n\t<meta property=\"og:image:width\" content=\"600\" \/>\n\t<meta property=\"og:image:height\" content=\"510\" \/>\n\t<meta property=\"og:image:type\" content=\"image\/png\" \/>\n<meta name=\"twitter:label1\" content=\"Dur\u00e9e de lecture estim\u00e9e\" \/>\n\t<meta name=\"twitter:data1\" content=\"3 minutes\" \/>\n<script type=\"application\/ld+json\" class=\"yoast-schema-graph\">{\"@context\":\"https:\/\/schema.org\",\"@graph\":[{\"@type\":\"WebPage\",\"@id\":\"https:\/\/www.physipro.com\/fr\/product\/accessoires-stimulite-copie\/\",\"url\":\"https:\/\/www.physipro.com\/fr\/product\/accessoires-stimulite-copie\/\",\"name\":\"Accessoires Stimulite\u00ae - Physipro inc.\",\"isPartOf\":{\"@id\":\"https:\/\/www.physipro.com\/#website\"},\"datePublished\":\"2018-09-07T12:23:09+00:00\",\"dateModified\":\"2018-09-07T12:29:38+00:00\",\"breadcrumb\":{\"@id\":\"https:\/\/www.physipro.com\/fr\/product\/accessoires-stimulite-copie\/#breadcrumb\"},\"inLanguage\":\"fr-FR\",\"potentialAction\":[{\"@type\":\"ReadAction\",\"target\":[\"https:\/\/www.physipro.com\/fr\/product\/accessoires-stimulite-copie\/\"]}]},{\"@type\":\"BreadcrumbList\",\"@id\":\"https:\/\/www.physipro.com\/fr\/product\/accessoires-stimulite-copie\/#breadcrumb\",\"itemListElement\":[{\"@type\":\"ListItem\",\"position\":1,\"name\":\"Accueil\",\"item\":\"https:\/\/www.physipro.com\/fr\/\"},{\"@type\":\"ListItem\",\"position\":2,\"name\":\"Boutique\",\"item\":\"https:\/\/www.physipro.com\/fr\/boutique\/\"},{\"@type\":\"ListItem\",\"position\":3,\"name\":\"Accessoires Stimulite\u00ae\"}]},{\"@type\":\"WebSite\",\"@id\":\"https:\/\/www.physipro.com\/#website\",\"url\":\"https:\/\/www.physipro.com\/\",\"name\":\"Physipro inc.\",\"description\":\"Un site utilisant WordPress\",\"potentialAction\":[{\"@type\":\"SearchAction\",\"target\":{\"@type\":\"EntryPoint\",\"urlTemplate\":\"https:\/\/www.physipro.com\/?s={search_term_string}\"},\"query-input\":\"required name=search_term_string\"}],\"inLanguage\":\"fr-FR\"}]}<\/script>\n<!-- \/ Yoast SEO plugin. -->","yoast_head_json":{"title":"Accessoires Stimulite\u00ae - Physipro inc.","robots":{"index":"index","follow":"follow","max-snippet":"max-snippet:-1","max-image-preview":"max-image-preview:large","max-video-preview":"max-video-preview:-1"},"canonical":"https:\/\/www.physipro.com\/fr\/product\/accessoires-stimulite-copie\/","og_locale":"fr_FR","og_type":"article","og_title":"Accessoires Stimulite\u00ae - Physipro inc.","og_description":"[vc_row full_width=&#8221;stretch_row&#8221; el_class=&#8221;section-full&#8221; id_attribute=&#8221;features&#8221;][vc_column width=&#8221;1\/4&#8243;][vc_single_image image=&#8221;10081&#8243; img_size=&#8221;full&#8221;][\/vc_column][vc_column width=&#8221;1\/4&#8243; css=&#8221;.vc_custom_1536244618720{padding-right: 50px !important;padding-left: 50px !important;}&#8221;][vc_column_text] Housse Stimulite\u00ae\u00a0On Top Placez simplement la housse\u00a0Stimulite\u00ae sur n&#8217;importe quel coussin et il sera prot\u00e9g\u00e9 de la chaleur et de l&#8217;humidit\u00e9, comme par magie. Lavable \u00e0 la machine.[\/vc_column_text][vc_column_text] Caract\u00e9ristiques Choix de format disponible : 35 cm x...","og_url":"https:\/\/www.physipro.com\/fr\/product\/accessoires-stimulite-copie\/","og_site_name":"Physipro inc.","article_modified_time":"2018-09-07T12:29:38+00:00","og_image":[{"width":600,"height":510,"url":"https:\/\/www.physipro.com\/wp-content\/uploads\/2015\/03\/support-lombaire-stimulite.png","type":"image\/png"}],"twitter_misc":{"Dur\u00e9e de lecture estim\u00e9e":"3 minutes"},"schema":{"@context":"https:\/\/schema.org","@graph":[{"@type":"WebPage","@id":"https:\/\/www.physipro.com\/fr\/product\/accessoires-stimulite-copie\/","url":"https:\/\/www.physipro.com\/fr\/product\/accessoires-stimulite-copie\/","name":"Accessoires Stimulite\u00ae - Physipro inc.","isPartOf":{"@id":"https:\/\/www.physipro.com\/#website"},"datePublished":"2018-09-07T12:23:09+00:00","dateModified":"2018-09-07T12:29:38+00:00","breadcrumb":{"@id":"https:\/\/www.physipro.com\/fr\/product\/accessoires-stimulite-copie\/#breadcrumb"},"inLanguage":"fr-FR","potentialAction":[{"@type":"ReadAction","target":["https:\/\/www.physipro.com\/fr\/product\/accessoires-stimulite-copie\/"]}]},{"@type":"BreadcrumbList","@id":"https:\/\/www.physipro.com\/fr\/product\/accessoires-stimulite-copie\/#breadcrumb","itemListElement":[{"@type":"ListItem","position":1,"name":"Accueil","item":"https:\/\/www.physipro.com\/fr\/"},{"@type":"ListItem","position":2,"name":"Boutique","item":"https:\/\/www.physipro.com\/fr\/boutique\/"},{"@type":"ListItem","position":3,"name":"Accessoires Stimulite\u00ae"}]},{"@type":"WebSite","@id":"https:\/\/www.physipro.com\/#website","url":"https:\/\/www.physipro.com\/","name":"Physipro inc.","description":"Un site utilisant WordPress","potentialAction":[{"@type":"SearchAction","target":{"@type":"EntryPoint","urlTemplate":"https:\/\/www.physipro.com\/?s={search_term_string}"},"query-input":"required name=search_term_string"}],"inLanguage":"fr-FR"}]}},"_links":{"self":[{"href":"https:\/\/www.physipro.com\/fr\/wp-json\/wp\/v2\/product\/16302","targetHints":{"allow":["GET"]}}],"collection":[{"href":"https:\/\/www.physipro.com\/fr\/wp-json\/wp\/v2\/product"}],"about":[{"href":"https:\/\/www.physipro.com\/fr\/wp-json\/wp\/v2\/types\/product"}],"replies":[{"embeddable":true,"href":"https:\/\/www.physipro.com\/fr\/wp-json\/wp\/v2\/comments?post=16302"}],"wp:attachment":[{"href":"https:\/\/www.physipro.com\/fr\/wp-json\/wp\/v2\/media?parent=16302"}],"wp:term":[{"taxonomy":"product_cat","embeddable":true,"href":"https:\/\/www.physipro.com\/fr\/wp-json\/wp\/v2\/product_cat?post=16302"},{"taxonomy":"product_tag","embeddable":true,"href":"https:\/\/www.physipro.com\/fr\/wp-json\/wp\/v2\/product_tag?post=16302"}],"curies":[{"name":"wp","href":"https:\/\/api.w.org\/{rel}","templated":true}]}}