{"id":1658,"date":"2015-03-11T14:22:02","date_gmt":"2015-03-11T14:46:20","guid":{"rendered":"https:\/\/www.physipro.com\/?post_type=product&#038;p=1658"},"modified":"2026-03-10T15:10:37","modified_gmt":"2026-03-10T15:10:37","slug":"dossier-premium-2","status":"publish","type":"product","link":"https:\/\/www.physipro.com\/fr\/produit\/dossier-premium-2\/","title":{"rendered":"Dossier Premium"},"content":{"rendered":"<div class=\"wpb-content-wrapper\"><p>[vc_row full_width=&#8221;stretch_row_content&#8221; el_class=&#8221;btn-group-anchor&#8221;][vc_column width=&#8221;1\/3&#8243;]<a href=\"#features\" class=\"btn btn-default\"> <span>Caract\u00e9ristiques<\/span><\/a>[\/vc_column][vc_column width=&#8221;1\/3&#8243;]<a href=\"#specifications\" class=\"btn btn-default\"> <span>Sp\u00e9cifications<\/span><\/a>[\/vc_column][vc_column width=&#8221;1\/3&#8243;]<a href=\"#video\" class=\"btn btn-default\"> <span>Documentations<\/span><\/a>[\/vc_column][\/vc_row][vc_row][vc_column width=&#8221;2\/3&#8243;][vc_gallery interval=&#8221;3&#8243; images=&#8221;1615,1625,1620&#8243; img_size=&#8221;full&#8221;][\/vc_column][vc_column width=&#8221;1\/3&#8243;][vc_column_text]<a href=\"https:\/\/www.physipro.com\/wp-content\/uploads\/2015\/03\/logo-premium.png\"><img loading=\"lazy\" decoding=\"async\" class=\"alignnone wp-image-1628\" src=\"https:\/\/www.physipro.com\/wp-content\/uploads\/2015\/03\/logo-premium-300x233.png\" alt=\"logo-premium\" width=\"109\" height=\"85\" srcset=\"https:\/\/www.physipro.com\/wp-content\/uploads\/2015\/03\/logo-premium-300x233.png 300w, https:\/\/www.physipro.com\/wp-content\/uploads\/2015\/03\/logo-premium-600x466.png 600w, https:\/\/www.physipro.com\/wp-content\/uploads\/2015\/03\/logo-premium-1024x795.png 1024w, https:\/\/www.physipro.com\/wp-content\/uploads\/2015\/03\/logo-premium.png 1515w\" sizes=\"auto, (max-width: 109px) 100vw, 109px\" \/><\/a><\/p>\n<p>Le dossier Premium est fait de courroies bilat\u00e9rales r\u00e9glables individuellement, permettant ainsi de personnaliser chaque dossier et d\u2019offrir un support dorsal parfait \u00e0 ses usagers.<br \/>\nLes courroies de 2,5 cm\u00a0peuvent \u00eatre r\u00e9gl\u00e9es aussi souvent que n\u00e9cessaire. Elles facilitent \u00e9galement l\u2019installation du dossier sur les cannes du fauteuil. Par la suite, il est possible de d\u00e9tacher uniquement le coussin pour le nettoyage, tout en laissant les courroies sur le fauteuil.<\/p>\n<p>Le Premium est aussi un dossier modulaire dot\u00e9 d\u2019une fermeture \u00e9clair permettant l\u2019int\u00e9gration rapide d\u2019un moulage ou d\u2019\u00e9l\u00e9ments de forme fix\u00e9s \u00e0 l\u2019aide d\u2019un velcro \u00e0 l\u2019int\u00e9rieur m\u00eame de la housse du dossier.<\/p>\n<p><strong>Caract\u00e9ristiques :<\/strong><\/p>\n<ul>\n<li>Diff\u00e9rents choix de mousse;<\/li>\n<li>Appuis-thoraciques r\u00e9glables en angle, en hauteur et en lat\u00e9ral;<\/li>\n<li>Courroies permettant une fixation pratique;<\/li>\n<li>Boucles \u00e0 blocage automatique maintenant une tension stable;<\/li>\n<li>Moulage FIPS.<\/li>\n<\/ul>\n<p>[\/vc_column_text][\/vc_column][\/vc_row][vc_row full_width=&#8221;stretch_row&#8221; css=&#8221;.vc_custom_1425502321655{background-color: #f3f3f5 !important;}&#8221; el_class=&#8221;section-full&#8221; id_attribute=&#8221;features&#8221;][vc_column width=&#8221;1\/4&#8243;][vc_single_image image=&#8221;1635&#8243; img_size=&#8221;full&#8221; alignment=&#8221;center&#8221;][\/vc_column][vc_column width=&#8221;1\/4&#8243;][vc_column_text]<\/p>\n<h3 style=\"text-align: center;\">Boucles \u00e0 blocage<br \/>\nautomatique\u00a0s\u2019ouvrant<br \/>\net se refermant facilement.<\/h3>\n<p>[\/vc_column_text][\/vc_column][vc_column width=&#8221;1\/4&#8243;][vc_single_image image=&#8221;1640&#8243; img_size=&#8221;full&#8221; alignment=&#8221;center&#8221;][\/vc_column][vc_column width=&#8221;1\/4&#8243;][vc_column_text]<\/p>\n<h3 style=\"text-align: center;\">Diff\u00e9rents choix de mousses<br \/>\npour un confort optimal.<\/h3>\n<p>[\/vc_column_text][\/vc_column][\/vc_row][vc_row full_width=&#8221;stretch_row&#8221; css=&#8221;.vc_custom_1434042231503{margin-top: 0px !important;border-top-width: 0px !important;padding-top: 0px !important;padding-bottom: 15px !important;}&#8221; el_class=&#8221;section-full&#8221; id_attribute=&#8221;features&#8221;][vc_column width=&#8221;1\/3&#8243;][vc_single_image image=&#8221;12314&#8243; img_size=&#8221;full&#8221; alignment=&#8221;center&#8221;][\/vc_column][vc_column width=&#8221;1\/3&#8243;][vc_column_text]<\/p>\n<h2 style=\"text-align: center;\">Recouvrement de montants de dossier<\/h2>\n<h3 style=\"text-align: center;\">Permet d&#8217;ajouter des<br \/>\nappuis-thoraciques et\/ou de<br \/>\ncontourner une barre transversale.<\/h3>\n<p>[\/vc_column_text][\/vc_column][vc_column width=&#8221;1\/3&#8243;][\/vc_column][\/vc_row][vc_row full_width=&#8221;stretch_row&#8221; id_attribute=&#8221;specifications&#8221; el_class=&#8221;section-specifications&#8221;][vc_column][vc_column_text]<\/p>\n<h2>Sp\u00e9cifications<\/h2>\n<p>[\/vc_column_text][vc_column_text el_class=&#8221;specification-table&#8221;]<\/p>\n<table>\n<tbody>\n<tr>\n<td><strong>Largeur<\/strong><\/td>\n<td>36 cm &#8211; 56 cm<\/td>\n<\/tr>\n<tr>\n<td><strong>Hauteur<\/strong><\/td>\n<td>36 cm &#8211; 56 cm<\/td>\n<\/tr>\n<tr>\n<td><strong>Hauteur des appuis-thoraciques <\/strong><\/td>\n<td>10 cm, 15 cm, 20 cm, 25 cm<\/td>\n<\/tr>\n<tr>\n<td><strong>Garantie<\/strong><\/td>\n<td>2 ans<\/td>\n<\/tr>\n<\/tbody>\n<\/table>\n<p>[\/vc_column_text][\/vc_column][\/vc_row][vc_row id_attribute=&#8221;video&#8221; el_class=&#8221;btn-file-group&#8221;][vc_column][vc_column_text]<\/p>\n<h2>Documentations<\/h2>\n<p>[\/vc_column_text]<a href=\"https:\/\/www.physipro.com\/wp-content\/uploads\/Manuel_Utilisation_Premium.pdf\" target=\"_blank\"class=\"btn btn-default btn-lg\"><i class=\"fa fa- fa-lg\"><\/i> <span>Manuel d'utilisation<\/span><\/a><a href=\"http:\/\/www.physipro.com\/wp-content\/uploads\/2017\/01\/Charte-pour-recouvre-cannes-Premium.pdf\" target=\"_blank\"class=\"btn btn-default btn-lg\"><i class=\"fa fa- fa-lg\"><\/i> <span>Charte pour recouvre cannes Premium<\/span><\/a>[\/vc_column][\/vc_row]<\/p>\n<\/div>","protected":false},"excerpt":{"rendered":"<p>[vc_row full_width=&#8221;stretch_row_content&#8221; el_class=&#8221;btn-group-anchor&#8221;][vc_column width=&#8221;1\/3&#8243;][\/vc_column][vc_column width=&#8221;1\/3&#8243;][\/vc_column][vc_column width=&#8221;1\/3&#8243;][\/vc_column][\/vc_row][vc_row][vc_column width=&#8221;2\/3&#8243;][vc_gallery interval=&#8221;3&#8243; images=&#8221;1615,1625,1620&#8243; img_size=&#8221;full&#8221;][\/vc_column][vc_column width=&#8221;1\/3&#8243;][vc_column_text] Le dossier Premium est fait de courroies bilat\u00e9rales r\u00e9glables individuellement, permettant ainsi de personnaliser chaque dossier et d\u2019offrir un support dorsal parfait \u00e0 ses usagers. Les courroies de 2,5 cm\u00a0peuvent \u00eatre r\u00e9gl\u00e9es aussi souvent que n\u00e9cessaire. Elles facilitent \u00e9galement&#8230;<\/p>\n <p><a class=\"read-more btn btn-primary btn-lg\" href=\"https:\/\/www.physipro.com\/fr\/produit\/dossier-premium-2\/\">Lire la suite<\/a><\/p>","protected":false},"featured_media":50152,"comment_status":"open","ping_status":"closed","template":"","meta":{"_acf_changed":false},"product_cat":[39],"product_tag":[],"class_list":{"0":"post-1658","1":"product","2":"type-product","3":"status-publish","4":"has-post-thumbnail","6":"product_cat-dossiers-fr","8":"first","9":"instock","10":"shipping-taxable","11":"product-type-simple"},"acf":[],"yoast_head":"<!-- This site is optimized with the Yoast SEO plugin v22.3 - https:\/\/yoast.com\/wordpress\/plugins\/seo\/ -->\n<title>Dossier Premium - Physipro inc.<\/title>\n<meta name=\"robots\" content=\"index, follow, max-snippet:-1, max-image-preview:large, max-video-preview:-1\" \/>\n<link rel=\"canonical\" href=\"https:\/\/www.physipro.com\/fr\/produit\/dossier-premium-2\/\" \/>\n<meta property=\"og:locale\" content=\"fr_FR\" \/>\n<meta property=\"og:type\" content=\"article\" \/>\n<meta property=\"og:title\" content=\"Dossier Premium - Physipro inc.\" \/>\n<meta property=\"og:description\" content=\"[vc_row full_width=&#8221;stretch_row_content&#8221; el_class=&#8221;btn-group-anchor&#8221;][vc_column width=&#8221;1\/3&#8243;][\/vc_column][vc_column width=&#8221;1\/3&#8243;][\/vc_column][vc_column width=&#8221;1\/3&#8243;][\/vc_column][\/vc_row][vc_row][vc_column width=&#8221;2\/3&#8243;][vc_gallery interval=&#8221;3&#8243; images=&#8221;1615,1625,1620&#8243; img_size=&#8221;full&#8221;][\/vc_column][vc_column width=&#8221;1\/3&#8243;][vc_column_text] Le dossier Premium est fait de courroies bilat\u00e9rales r\u00e9glables individuellement, permettant ainsi de personnaliser chaque dossier et d\u2019offrir un support dorsal parfait \u00e0 ses usagers. Les courroies de 2,5 cm\u00a0peuvent \u00eatre r\u00e9gl\u00e9es aussi souvent que n\u00e9cessaire. Elles facilitent \u00e9galement...\" \/>\n<meta property=\"og:url\" content=\"https:\/\/www.physipro.com\/fr\/produit\/dossier-premium-2\/\" \/>\n<meta property=\"og:site_name\" content=\"Physipro inc.\" \/>\n<meta property=\"article:modified_time\" content=\"2026-03-10T15:10:37+00:00\" \/>\n<meta property=\"og:image\" content=\"https:\/\/www.physipro.com\/wp-content\/uploads\/site-web-image-premium.png\" \/>\n\t<meta property=\"og:image:width\" content=\"200\" \/>\n\t<meta property=\"og:image:height\" content=\"200\" \/>\n\t<meta property=\"og:image:type\" content=\"image\/png\" \/>\n<meta name=\"twitter:label1\" content=\"Dur\u00e9e de lecture estim\u00e9e\" \/>\n\t<meta name=\"twitter:data1\" content=\"2 minutes\" \/>\n<script type=\"application\/ld+json\" class=\"yoast-schema-graph\">{\"@context\":\"https:\/\/schema.org\",\"@graph\":[{\"@type\":\"WebPage\",\"@id\":\"https:\/\/www.physipro.com\/fr\/produit\/dossier-premium-2\/\",\"url\":\"https:\/\/www.physipro.com\/fr\/produit\/dossier-premium-2\/\",\"name\":\"Dossier Premium - Physipro inc.\",\"isPartOf\":{\"@id\":\"https:\/\/www.physipro.com\/#website\"},\"primaryImageOfPage\":{\"@id\":\"https:\/\/www.physipro.com\/fr\/produit\/dossier-premium-2\/#primaryimage\"},\"image\":{\"@id\":\"https:\/\/www.physipro.com\/fr\/produit\/dossier-premium-2\/#primaryimage\"},\"thumbnailUrl\":\"https:\/\/www.physipro.com\/wp-content\/uploads\/site-web-image-premium.png\",\"datePublished\":\"2015-03-11T14:46:20+00:00\",\"dateModified\":\"2026-03-10T15:10:37+00:00\",\"breadcrumb\":{\"@id\":\"https:\/\/www.physipro.com\/fr\/produit\/dossier-premium-2\/#breadcrumb\"},\"inLanguage\":\"fr-FR\",\"potentialAction\":[{\"@type\":\"ReadAction\",\"target\":[\"https:\/\/www.physipro.com\/fr\/produit\/dossier-premium-2\/\"]}]},{\"@type\":\"ImageObject\",\"inLanguage\":\"fr-FR\",\"@id\":\"https:\/\/www.physipro.com\/fr\/produit\/dossier-premium-2\/#primaryimage\",\"url\":\"https:\/\/www.physipro.com\/wp-content\/uploads\/site-web-image-premium.png\",\"contentUrl\":\"https:\/\/www.physipro.com\/wp-content\/uploads\/site-web-image-premium.png\",\"width\":200,\"height\":200},{\"@type\":\"BreadcrumbList\",\"@id\":\"https:\/\/www.physipro.com\/fr\/produit\/dossier-premium-2\/#breadcrumb\",\"itemListElement\":[{\"@type\":\"ListItem\",\"position\":1,\"name\":\"Accueil\",\"item\":\"https:\/\/www.physipro.com\/fr\/\"},{\"@type\":\"ListItem\",\"position\":2,\"name\":\"Boutique\",\"item\":\"https:\/\/www.physipro.com\/fr\/boutique\/\"},{\"@type\":\"ListItem\",\"position\":3,\"name\":\"Dossier Premium\"}]},{\"@type\":\"WebSite\",\"@id\":\"https:\/\/www.physipro.com\/#website\",\"url\":\"https:\/\/www.physipro.com\/\",\"name\":\"Physipro inc.\",\"description\":\"Un site utilisant WordPress\",\"potentialAction\":[{\"@type\":\"SearchAction\",\"target\":{\"@type\":\"EntryPoint\",\"urlTemplate\":\"https:\/\/www.physipro.com\/?s={search_term_string}\"},\"query-input\":\"required name=search_term_string\"}],\"inLanguage\":\"fr-FR\"}]}<\/script>\n<!-- \/ Yoast SEO plugin. -->","yoast_head_json":{"title":"Dossier Premium - Physipro inc.","robots":{"index":"index","follow":"follow","max-snippet":"max-snippet:-1","max-image-preview":"max-image-preview:large","max-video-preview":"max-video-preview:-1"},"canonical":"https:\/\/www.physipro.com\/fr\/produit\/dossier-premium-2\/","og_locale":"fr_FR","og_type":"article","og_title":"Dossier Premium - Physipro inc.","og_description":"[vc_row full_width=&#8221;stretch_row_content&#8221; el_class=&#8221;btn-group-anchor&#8221;][vc_column width=&#8221;1\/3&#8243;][\/vc_column][vc_column width=&#8221;1\/3&#8243;][\/vc_column][vc_column width=&#8221;1\/3&#8243;][\/vc_column][\/vc_row][vc_row][vc_column width=&#8221;2\/3&#8243;][vc_gallery interval=&#8221;3&#8243; images=&#8221;1615,1625,1620&#8243; img_size=&#8221;full&#8221;][\/vc_column][vc_column width=&#8221;1\/3&#8243;][vc_column_text] Le dossier Premium est fait de courroies bilat\u00e9rales r\u00e9glables individuellement, permettant ainsi de personnaliser chaque dossier et d\u2019offrir un support dorsal parfait \u00e0 ses usagers. Les courroies de 2,5 cm\u00a0peuvent \u00eatre r\u00e9gl\u00e9es aussi souvent que n\u00e9cessaire. Elles facilitent \u00e9galement...","og_url":"https:\/\/www.physipro.com\/fr\/produit\/dossier-premium-2\/","og_site_name":"Physipro inc.","article_modified_time":"2026-03-10T15:10:37+00:00","og_image":[{"width":200,"height":200,"url":"https:\/\/www.physipro.com\/wp-content\/uploads\/site-web-image-premium.png","type":"image\/png"}],"twitter_misc":{"Dur\u00e9e de lecture estim\u00e9e":"2 minutes"},"schema":{"@context":"https:\/\/schema.org","@graph":[{"@type":"WebPage","@id":"https:\/\/www.physipro.com\/fr\/produit\/dossier-premium-2\/","url":"https:\/\/www.physipro.com\/fr\/produit\/dossier-premium-2\/","name":"Dossier Premium - Physipro inc.","isPartOf":{"@id":"https:\/\/www.physipro.com\/#website"},"primaryImageOfPage":{"@id":"https:\/\/www.physipro.com\/fr\/produit\/dossier-premium-2\/#primaryimage"},"image":{"@id":"https:\/\/www.physipro.com\/fr\/produit\/dossier-premium-2\/#primaryimage"},"thumbnailUrl":"https:\/\/www.physipro.com\/wp-content\/uploads\/site-web-image-premium.png","datePublished":"2015-03-11T14:46:20+00:00","dateModified":"2026-03-10T15:10:37+00:00","breadcrumb":{"@id":"https:\/\/www.physipro.com\/fr\/produit\/dossier-premium-2\/#breadcrumb"},"inLanguage":"fr-FR","potentialAction":[{"@type":"ReadAction","target":["https:\/\/www.physipro.com\/fr\/produit\/dossier-premium-2\/"]}]},{"@type":"ImageObject","inLanguage":"fr-FR","@id":"https:\/\/www.physipro.com\/fr\/produit\/dossier-premium-2\/#primaryimage","url":"https:\/\/www.physipro.com\/wp-content\/uploads\/site-web-image-premium.png","contentUrl":"https:\/\/www.physipro.com\/wp-content\/uploads\/site-web-image-premium.png","width":200,"height":200},{"@type":"BreadcrumbList","@id":"https:\/\/www.physipro.com\/fr\/produit\/dossier-premium-2\/#breadcrumb","itemListElement":[{"@type":"ListItem","position":1,"name":"Accueil","item":"https:\/\/www.physipro.com\/fr\/"},{"@type":"ListItem","position":2,"name":"Boutique","item":"https:\/\/www.physipro.com\/fr\/boutique\/"},{"@type":"ListItem","position":3,"name":"Dossier Premium"}]},{"@type":"WebSite","@id":"https:\/\/www.physipro.com\/#website","url":"https:\/\/www.physipro.com\/","name":"Physipro inc.","description":"Un site utilisant WordPress","potentialAction":[{"@type":"SearchAction","target":{"@type":"EntryPoint","urlTemplate":"https:\/\/www.physipro.com\/?s={search_term_string}"},"query-input":"required name=search_term_string"}],"inLanguage":"fr-FR"}]}},"_links":{"self":[{"href":"https:\/\/www.physipro.com\/fr\/wp-json\/wp\/v2\/product\/1658","targetHints":{"allow":["GET"]}}],"collection":[{"href":"https:\/\/www.physipro.com\/fr\/wp-json\/wp\/v2\/product"}],"about":[{"href":"https:\/\/www.physipro.com\/fr\/wp-json\/wp\/v2\/types\/product"}],"replies":[{"embeddable":true,"href":"https:\/\/www.physipro.com\/fr\/wp-json\/wp\/v2\/comments?post=1658"}],"wp:featuredmedia":[{"embeddable":true,"href":"https:\/\/www.physipro.com\/fr\/wp-json\/wp\/v2\/media\/50152"}],"wp:attachment":[{"href":"https:\/\/www.physipro.com\/fr\/wp-json\/wp\/v2\/media?parent=1658"}],"wp:term":[{"taxonomy":"product_cat","embeddable":true,"href":"https:\/\/www.physipro.com\/fr\/wp-json\/wp\/v2\/product_cat?post=1658"},{"taxonomy":"product_tag","embeddable":true,"href":"https:\/\/www.physipro.com\/fr\/wp-json\/wp\/v2\/product_tag?post=1658"}],"curies":[{"name":"wp","href":"https:\/\/api.w.org\/{rel}","templated":true}]}}