{"id":17744,"date":"2019-03-11T13:16:48","date_gmt":"2019-03-11T13:16:48","guid":{"rendered":"https:\/\/www.physipro.com\/?post_type=product&#038;p=17744"},"modified":"2026-03-10T14:55:08","modified_gmt":"2026-03-10T14:55:08","slug":"coussin-siliko-fr","status":"publish","type":"product","link":"https:\/\/www.physipro.com\/fr\/produit\/coussin-siliko-fr\/","title":{"rendered":"Coussin Siliko"},"content":{"rendered":"<div class=\"wpb-content-wrapper\"><p>[vc_row full_width=&#8221;stretch_row_content&#8221; el_class=&#8221;btn-group-anchor&#8221;][vc_column width=&#8221;1\/2&#8243;]<a href=\"#specifications\" class=\"btn btn-default\"> <span>Sp\u00e9cifications<\/span><\/a>[\/vc_column][vc_column width=&#8221;1\/2&#8243;]<a href=\"#video\" class=\"btn btn-default\"> <span>Documentations<\/span><\/a>[\/vc_column][\/vc_row][vc_row][vc_column width=&#8221;2\/3&#8243;][vc_gallery interval=&#8221;3&#8243; images=&#8221;17746,17748,17747&#8243; img_size=&#8221;full&#8221;][\/vc_column][vc_column width=&#8221;1\/3&#8243;][vc_column_text]<a href=\"https:\/\/www.physipro.com\/wp-admin\/upload.php?item=16524\"><img loading=\"lazy\" decoding=\"async\" class=\"alignnone wp-image-16524\" src=\"https:\/\/www.physipro.com\/wp-content\/uploads\/Logo_Siliko-252x300.png\" alt=\"Logo Siliko\" width=\"116\" height=\"138\" srcset=\"https:\/\/www.physipro.com\/wp-content\/uploads\/Logo_Siliko-252x300.png 252w, https:\/\/www.physipro.com\/wp-content\/uploads\/Logo_Siliko-600x713.png 600w, https:\/\/www.physipro.com\/wp-content\/uploads\/Logo_Siliko-861x1024.png 861w, https:\/\/www.physipro.com\/wp-content\/uploads\/Logo_Siliko.png 1806w\" sizes=\"auto, (max-width: 116px) 100vw, 116px\" \/><\/a><\/p>\n<p>&nbsp;<\/p>\n<p>Le Siliko est un coussin de confort hypoallerg\u00e8ne con\u00e7u pour prot\u00e9ger les usagers \u00e0 risques d\u2019escarres.<\/p>\n<p><strong>Applications cliniques :<\/strong><\/p>\n<ul>\n<li>R\u00e9partition de la\u00a0charge et de la pression;<\/li>\n<li>Protection contre les frictions et le cisaillement;<\/li>\n<li>Pr\u00e9vention des plaies;<\/li>\n<li>Absorption des chocs et vibrations;<\/li>\n<li>Am\u00e9lioration de la stabilit\u00e9;<\/li>\n<li>A\u00e9ration et contr\u00f4le de l\u2019humidit\u00e9 optimis\u00e9s;<\/li>\n<li>Facilit\u00e9 d\u2019entretien.<\/li>\n<\/ul>\n<p>[\/vc_column_text][\/vc_column][\/vc_row][vc_row full_width=&#8221;stretch_row&#8221;][vc_column width=&#8221;1\/2&#8243; css=&#8221;.vc_custom_1549999802761{padding-right: 20px !important;}&#8221;][vc_single_image image=&#8221;17750&#8243; img_size=&#8221;full&#8221;][\/vc_column][vc_column width=&#8221;1\/2&#8243;][vc_column_text]<\/p>\n<h3><strong>R\u00e9partission de la pression<\/strong><\/h3>\n<p>Constitu\u00e9 d\u2019une couche de mousse en ur\u00e9thane, d&#8217;une couche de SunMate mou\u00a01 cm et d\u2019une plaque de silicone de qualit\u00e9 sup\u00e9rieure, le Siliko est un coussin parfait pour prot\u00e9ger les protub\u00e9rances osseuses. \u00a0En effet, la plaque de silicone offre une r\u00e9partition des points de contact sur la surface du coussin, prot\u00e9geant ainsi l\u2019\u00e9piderme du grand fessier contre les probl\u00e8mes li\u00e9s au cisaillement, aux chocs, aux vibrations, aux frottements et aux pressions n\u00e9fastes.[\/vc_column_text][\/vc_column][\/vc_row][vc_row full_width=&#8221;stretch_row&#8221; css=&#8221;.vc_custom_1549999873226{padding-top: 50px !important;background-color: #f3f3f5 !important;}&#8221;][vc_column width=&#8221;1\/4&#8243; css=&#8221;.vc_custom_1549999976482{padding-right: 30px !important;}&#8221;][vc_single_image image=&#8221;17749&#8243; img_size=&#8221;full&#8221;][\/vc_column][vc_column width=&#8221;1\/4&#8243;][vc_column_text]<\/p>\n<h3><strong>A\u00e9ration optimis\u00e9e<\/strong><\/h3>\n<p>Le relief du Siliko favorise une bonne circulation de l\u2019air \u00e0 l\u2019int\u00e9rieur du coussin et minimise l&#8217;accumulation de chaleur et d&#8217;humidit\u00e9.[\/vc_column_text][\/vc_column][vc_column width=&#8221;1\/4&#8243; css=&#8221;.vc_custom_1549999984027{padding-right: 30px !important;padding-left: 30px !important;}&#8221;][vc_single_image image=&#8221;17751&#8243; img_size=&#8221;full&#8221;][\/vc_column][vc_column width=&#8221;1\/4&#8243;][vc_column_text]<\/p>\n<h3><strong>Protection antibact\u00e9rienne maximale<\/strong><\/h3>\n<p>En plus d\u2019offrir une protection de l\u2019\u00e9piderme, les mat\u00e9riaux de qualit\u00e9 m\u00e9dicale du Siliko en font un produit de haute performance aux propri\u00e9t\u00e9s antibact\u00e9riennes et anti-odeurs. Le tout laisse une grande sensation de fra\u00eecheur, de propret\u00e9 et de confort pour l\u2019utilisateur.[\/vc_column_text][\/vc_column][\/vc_row][vc_row full_width=&#8221;stretch_row&#8221; css=&#8221;.vc_custom_1550000769769{padding-top: 50px !important;}&#8221;][vc_column width=&#8221;1\/2&#8243;][vc_single_image image=&#8221;17753&#8243; img_size=&#8221;full&#8221; alignment=&#8221;center&#8221;][\/vc_column][vc_column width=&#8221;1\/2&#8243;][vc_column_text]<\/p>\n<h3><strong>\u00c9l\u00e9ments de positionnement disponibles<\/strong><\/h3>\n<p>Associ\u00e9 \u00e0 diff\u00e9rents \u00e9l\u00e9ments de formes, le Siliko devient un coussin de positionnement permettant d\u2019am\u00e9liorer l\u2019\u00e9quilibre de la posture. Biseaux cruraux, biseaux anti-effet hamac, biseaux fessiers et appuis-pelvien amovibles sont disponibles avec ce coussin.[\/vc_column_text][\/vc_column][\/vc_row][vc_row full_width=&#8221;stretch_row&#8221; css=&#8221;.vc_custom_1550001037495{padding-top: 50px !important;background-color: #f3f3f5 !important;}&#8221;][vc_column width=&#8221;1\/4&#8243; css=&#8221;.vc_custom_1550001066397{padding-right: 30px !important;}&#8221;][vc_images_carousel images=&#8221;17756,17757&#8243; img_size=&#8221;full&#8221;][\/vc_column][vc_column width=&#8221;1\/4&#8243;][vc_column_text]<\/p>\n<h3><strong>Housses esth\u00e9tiques de haute qualit\u00e9<\/strong><\/h3>\n<p>Un choix de trois housses esth\u00e9tiques est disponible avec les coussins Physipro :<\/p>\n<ul>\n<li><strong>Extensible<\/strong> &#8211; Favorise une bonne circulation de l&#8217;air, permet d&#8217;accueillir diff\u00e9rents \u00e9l\u00e9ments de positionnement et \u00e9limine la formation de tension \u00e0 la surface du coussin.<\/li>\n<li><b>Imperm\u00e9able<\/b> &#8211; Aide \u00e0 la gestion de l&#8217;incontinence en prot\u00e9geant efficacement le coussin contre des fluides. R\u00e9sistante \u00e0 l&#8217;eau et facile \u00e0 essuyer et nettoyer.<\/li>\n<\/ul>\n<p>[\/vc_column_text][\/vc_column][vc_column width=&#8221;1\/4&#8243; css=&#8221;.vc_custom_1550001073812{padding-right: 30px !important;padding-left: 30px !important;}&#8221;][vc_images_carousel images=&#8221;17758&#8243; img_size=&#8221;full&#8221;][\/vc_column][vc_column width=&#8221;1\/4&#8243;][vc_column_text]<\/p>\n<h3><strong>Enveloppe imperm\u00e9able performante<\/strong><\/h3>\n<p>Une enveloppe imperm\u00e9able est disponible avec les coussins Physipro :<\/p>\n<ul>\n<li><strong>Pellicule transparente<\/strong> <strong>\u00e0 velcro<\/strong> \u2013 Simple et efficace, enveloppe le coussin dans une fine couche imperm\u00e9able qui se referme \u00e0 velcro.<\/li>\n<\/ul>\n<p>[\/vc_column_text][\/vc_column][\/vc_row][vc_row full_width=&#8221;stretch_row&#8221; el_class=&#8221;section-specifications&#8221; id_attribute=&#8221;specifications&#8221;][vc_column][vc_column_text]<\/p>\n<h2>Sp\u00e9cifications<\/h2>\n<p>[\/vc_column_text][vc_column_text el_class=&#8221;specification-table&#8221;]<\/p>\n<table>\n<tbody>\n<tr>\n<td><strong>Code produit<\/strong><\/td>\n<td>S5100<\/td>\n<\/tr>\n<tr>\n<td><strong>Type de produit<\/strong><\/td>\n<td>Coussin en mousse et gel<\/td>\n<\/tr>\n<tr>\n<td><strong>Largeur<\/strong><\/td>\n<td>38 \u00e0 51 cm<\/td>\n<\/tr>\n<tr>\n<td><b>Profondeur<\/b><\/td>\n<td>38 \u00e0 51 cm<\/td>\n<\/tr>\n<tr>\n<td><b>\u00c9paisseur<\/b><\/td>\n<td>7,5 ou 10 cm<\/td>\n<\/tr>\n<tr>\n<td><b>Base en mousse<\/b><\/td>\n<td>Mousse LXA et SunMate mou 1 cm<\/td>\n<\/tr>\n<tr>\n<td><b>Plaque de gel<\/b><\/td>\n<td>Silicone<\/td>\n<\/tr>\n<tr>\n<td><b>Poids<\/b><\/td>\n<td>5,6 lb (43 x 43 cm &#8211; 9 cm)<\/td>\n<\/tr>\n<tr>\n<td><b>Poids maximal de l&#8217;utilisateur<\/b><\/td>\n<td>Largeur de 38 \u00e0 51 cm : 136 kg<\/td>\n<\/tr>\n<tr>\n<td><b>Garantie<\/b><\/td>\n<td>Coussin : Garantie limit\u00e9e de 24 mois<br \/>\nHousse :\u00a0 Garantie limit\u00e9e de 6 mois<\/td>\n<\/tr>\n<\/tbody>\n<\/table>\n<p>[\/vc_column_text][\/vc_column][\/vc_row][vc_row][vc_column][vc_column_text]<\/p>\n<h2>Personnalisation disponible<\/h2>\n<p>[\/vc_column_text][vc_column_text el_class=&#8221;specification-table&#8221;]<\/p>\n<table width=\"600\">\n<tbody>\n<tr>\n<td><b>Choix d&#8217;installation\u00a0 \u00a0 \u00a0 \u00a0 \u00a0 \u00a0 \u00a0 \u00a0 \u00a0 \u00a0 \u00a0 \u00a0 \u00a0 \u00a0 \u00a0 \u00a0 \u00a0 \u00a0 \u00a0<\/b><\/td>\n<td>Coupe plate, encastr\u00e9e ou canevas.<br \/>\nRenfort en ABS disponible.<\/td>\n<\/tr>\n<tr>\n<td><b>Choix de coupe<\/b><\/td>\n<td>Anatomique, h\u00e9mipl\u00e9gique, profondeur in\u00e9gale,<br \/>\ndevant oblique et profil bas<\/td>\n<\/tr>\n<tr>\n<td><b>\u00c9l\u00e9ments de forme<\/b><\/td>\n<td>Biseau crural, biseau anti-effet hamac,<br \/>\nbiseau fessier et appuis-pelvien amovible<\/td>\n<\/tr>\n<\/tbody>\n<\/table>\n<p>[\/vc_column_text][\/vc_column][\/vc_row][vc_row id_attribute=&#8221;video&#8221;][vc_column el_class=&#8221;btn-file-group&#8221;][vc_column_text]<\/p>\n<h2>Documentation<\/h2>\n<p>[\/vc_column_text]<a href=\"https:\/\/www.physipro.com\/wp-content\/uploads\/Brochure_Siliko_FRANCE.pdf\" target=\"_blank\"class=\"btn btn-default btn-lg\"><i class=\"fa fa- fa-lg\"><\/i> <span>Brochure<\/span><\/a><a href=\"https:\/\/www.physipro.com\/wp-content\/uploads\/Manuel_Utilisation_Siliko-2.pdf\" target=\"_blank\"class=\"btn btn-default btn-lg\"><i class=\"fa fa- fa-lg\"><\/i> <span>Manuel d'utilisation<\/span><\/a><a href=\"https:\/\/www.physipro.com\/wp-content\/uploads\/BDC-forfait-B-coussin-SILIKO-2.pdf\" target=\"_blank\"class=\"btn btn-default btn-lg\"><i class=\"fa fa- fa-lg\"><\/i> <span>Bon de commande Forfait B-Coussin Siliko<\/span><\/a>[\/vc_column][\/vc_row]<\/p>\n<\/div>","protected":false},"excerpt":{"rendered":"<p>[vc_row full_width=&#8221;stretch_row_content&#8221; el_class=&#8221;btn-group-anchor&#8221;][vc_column width=&#8221;1\/2&#8243;][\/vc_column][vc_column width=&#8221;1\/2&#8243;][\/vc_column][\/vc_row][vc_row][vc_column width=&#8221;2\/3&#8243;][vc_gallery interval=&#8221;3&#8243; images=&#8221;17746,17748,17747&#8243; img_size=&#8221;full&#8221;][\/vc_column][vc_column width=&#8221;1\/3&#8243;][vc_column_text] &nbsp; Le Siliko est un coussin de confort hypoallerg\u00e8ne con\u00e7u pour prot\u00e9ger les usagers \u00e0 risques d\u2019escarres. Applications cliniques : R\u00e9partition de la\u00a0charge et de la pression; Protection contre les frictions et le cisaillement; Pr\u00e9vention des plaies; Absorption des chocs&#8230;<\/p>\n <p><a class=\"read-more btn btn-primary btn-lg\" href=\"https:\/\/www.physipro.com\/fr\/produit\/coussin-siliko-fr\/\">Lire la suite<\/a><\/p>","protected":false},"featured_media":17746,"comment_status":"open","ping_status":"closed","template":"","meta":{"_acf_changed":false},"product_cat":[36,40],"product_tag":[],"class_list":{"0":"post-17744","1":"product","2":"type-product","3":"status-publish","4":"has-post-thumbnail","6":"product_cat-assises-et-positionnement-fr","7":"product_cat-coussins-fr","9":"first","10":"instock","11":"shipping-taxable","12":"product-type-simple"},"acf":[],"yoast_head":"<!-- This site is optimized with the Yoast SEO plugin v22.3 - https:\/\/yoast.com\/wordpress\/plugins\/seo\/ -->\n<title>Coussin Siliko - Physipro inc.<\/title>\n<meta name=\"robots\" content=\"index, follow, max-snippet:-1, max-image-preview:large, max-video-preview:-1\" \/>\n<link rel=\"canonical\" href=\"https:\/\/www.physipro.com\/fr\/produit\/coussin-siliko-fr\/\" \/>\n<meta property=\"og:locale\" content=\"fr_FR\" \/>\n<meta property=\"og:type\" content=\"article\" \/>\n<meta property=\"og:title\" content=\"Coussin Siliko - Physipro inc.\" \/>\n<meta property=\"og:description\" content=\"[vc_row full_width=&#8221;stretch_row_content&#8221; el_class=&#8221;btn-group-anchor&#8221;][vc_column width=&#8221;1\/2&#8243;][\/vc_column][vc_column width=&#8221;1\/2&#8243;][\/vc_column][\/vc_row][vc_row][vc_column width=&#8221;2\/3&#8243;][vc_gallery interval=&#8221;3&#8243; images=&#8221;17746,17748,17747&#8243; img_size=&#8221;full&#8221;][\/vc_column][vc_column width=&#8221;1\/3&#8243;][vc_column_text] &nbsp; Le Siliko est un coussin de confort hypoallerg\u00e8ne con\u00e7u pour prot\u00e9ger les usagers \u00e0 risques d\u2019escarres. Applications cliniques : R\u00e9partition de la\u00a0charge et de la pression; Protection contre les frictions et le cisaillement; Pr\u00e9vention des plaies; Absorption des chocs...\" \/>\n<meta property=\"og:url\" content=\"https:\/\/www.physipro.com\/fr\/produit\/coussin-siliko-fr\/\" \/>\n<meta property=\"og:site_name\" content=\"Physipro inc.\" \/>\n<meta property=\"article:modified_time\" content=\"2026-03-10T14:55:08+00:00\" \/>\n<meta property=\"og:image\" content=\"https:\/\/www.physipro.com\/wp-content\/uploads\/Siliko_web-2.png\" \/>\n\t<meta property=\"og:image:width\" content=\"600\" \/>\n\t<meta property=\"og:image:height\" content=\"600\" \/>\n\t<meta property=\"og:image:type\" content=\"image\/png\" \/>\n<meta name=\"twitter:label1\" content=\"Dur\u00e9e de lecture estim\u00e9e\" \/>\n\t<meta name=\"twitter:data1\" content=\"4 minutes\" \/>\n<script type=\"application\/ld+json\" class=\"yoast-schema-graph\">{\"@context\":\"https:\/\/schema.org\",\"@graph\":[{\"@type\":\"WebPage\",\"@id\":\"https:\/\/www.physipro.com\/fr\/produit\/coussin-siliko-fr\/\",\"url\":\"https:\/\/www.physipro.com\/fr\/produit\/coussin-siliko-fr\/\",\"name\":\"Coussin Siliko - Physipro inc.\",\"isPartOf\":{\"@id\":\"https:\/\/www.physipro.com\/#website\"},\"primaryImageOfPage\":{\"@id\":\"https:\/\/www.physipro.com\/fr\/produit\/coussin-siliko-fr\/#primaryimage\"},\"image\":{\"@id\":\"https:\/\/www.physipro.com\/fr\/produit\/coussin-siliko-fr\/#primaryimage\"},\"thumbnailUrl\":\"https:\/\/www.physipro.com\/wp-content\/uploads\/Siliko_web-2.png\",\"datePublished\":\"2019-03-11T13:16:48+00:00\",\"dateModified\":\"2026-03-10T14:55:08+00:00\",\"breadcrumb\":{\"@id\":\"https:\/\/www.physipro.com\/fr\/produit\/coussin-siliko-fr\/#breadcrumb\"},\"inLanguage\":\"fr-FR\",\"potentialAction\":[{\"@type\":\"ReadAction\",\"target\":[\"https:\/\/www.physipro.com\/fr\/produit\/coussin-siliko-fr\/\"]}]},{\"@type\":\"ImageObject\",\"inLanguage\":\"fr-FR\",\"@id\":\"https:\/\/www.physipro.com\/fr\/produit\/coussin-siliko-fr\/#primaryimage\",\"url\":\"https:\/\/www.physipro.com\/wp-content\/uploads\/Siliko_web-2.png\",\"contentUrl\":\"https:\/\/www.physipro.com\/wp-content\/uploads\/Siliko_web-2.png\",\"width\":600,\"height\":600},{\"@type\":\"BreadcrumbList\",\"@id\":\"https:\/\/www.physipro.com\/fr\/produit\/coussin-siliko-fr\/#breadcrumb\",\"itemListElement\":[{\"@type\":\"ListItem\",\"position\":1,\"name\":\"Accueil\",\"item\":\"https:\/\/www.physipro.com\/fr\/\"},{\"@type\":\"ListItem\",\"position\":2,\"name\":\"Boutique\",\"item\":\"https:\/\/www.physipro.com\/fr\/boutique\/\"},{\"@type\":\"ListItem\",\"position\":3,\"name\":\"Coussin Siliko\"}]},{\"@type\":\"WebSite\",\"@id\":\"https:\/\/www.physipro.com\/#website\",\"url\":\"https:\/\/www.physipro.com\/\",\"name\":\"Physipro inc.\",\"description\":\"Un site utilisant WordPress\",\"potentialAction\":[{\"@type\":\"SearchAction\",\"target\":{\"@type\":\"EntryPoint\",\"urlTemplate\":\"https:\/\/www.physipro.com\/?s={search_term_string}\"},\"query-input\":\"required name=search_term_string\"}],\"inLanguage\":\"fr-FR\"}]}<\/script>\n<!-- \/ Yoast SEO plugin. -->","yoast_head_json":{"title":"Coussin Siliko - Physipro inc.","robots":{"index":"index","follow":"follow","max-snippet":"max-snippet:-1","max-image-preview":"max-image-preview:large","max-video-preview":"max-video-preview:-1"},"canonical":"https:\/\/www.physipro.com\/fr\/produit\/coussin-siliko-fr\/","og_locale":"fr_FR","og_type":"article","og_title":"Coussin Siliko - Physipro inc.","og_description":"[vc_row full_width=&#8221;stretch_row_content&#8221; el_class=&#8221;btn-group-anchor&#8221;][vc_column width=&#8221;1\/2&#8243;][\/vc_column][vc_column width=&#8221;1\/2&#8243;][\/vc_column][\/vc_row][vc_row][vc_column width=&#8221;2\/3&#8243;][vc_gallery interval=&#8221;3&#8243; images=&#8221;17746,17748,17747&#8243; img_size=&#8221;full&#8221;][\/vc_column][vc_column width=&#8221;1\/3&#8243;][vc_column_text] &nbsp; Le Siliko est un coussin de confort hypoallerg\u00e8ne con\u00e7u pour prot\u00e9ger les usagers \u00e0 risques d\u2019escarres. Applications cliniques : R\u00e9partition de la\u00a0charge et de la pression; Protection contre les frictions et le cisaillement; Pr\u00e9vention des plaies; Absorption des chocs...","og_url":"https:\/\/www.physipro.com\/fr\/produit\/coussin-siliko-fr\/","og_site_name":"Physipro inc.","article_modified_time":"2026-03-10T14:55:08+00:00","og_image":[{"width":600,"height":600,"url":"https:\/\/www.physipro.com\/wp-content\/uploads\/Siliko_web-2.png","type":"image\/png"}],"twitter_misc":{"Dur\u00e9e de lecture estim\u00e9e":"4 minutes"},"schema":{"@context":"https:\/\/schema.org","@graph":[{"@type":"WebPage","@id":"https:\/\/www.physipro.com\/fr\/produit\/coussin-siliko-fr\/","url":"https:\/\/www.physipro.com\/fr\/produit\/coussin-siliko-fr\/","name":"Coussin Siliko - Physipro inc.","isPartOf":{"@id":"https:\/\/www.physipro.com\/#website"},"primaryImageOfPage":{"@id":"https:\/\/www.physipro.com\/fr\/produit\/coussin-siliko-fr\/#primaryimage"},"image":{"@id":"https:\/\/www.physipro.com\/fr\/produit\/coussin-siliko-fr\/#primaryimage"},"thumbnailUrl":"https:\/\/www.physipro.com\/wp-content\/uploads\/Siliko_web-2.png","datePublished":"2019-03-11T13:16:48+00:00","dateModified":"2026-03-10T14:55:08+00:00","breadcrumb":{"@id":"https:\/\/www.physipro.com\/fr\/produit\/coussin-siliko-fr\/#breadcrumb"},"inLanguage":"fr-FR","potentialAction":[{"@type":"ReadAction","target":["https:\/\/www.physipro.com\/fr\/produit\/coussin-siliko-fr\/"]}]},{"@type":"ImageObject","inLanguage":"fr-FR","@id":"https:\/\/www.physipro.com\/fr\/produit\/coussin-siliko-fr\/#primaryimage","url":"https:\/\/www.physipro.com\/wp-content\/uploads\/Siliko_web-2.png","contentUrl":"https:\/\/www.physipro.com\/wp-content\/uploads\/Siliko_web-2.png","width":600,"height":600},{"@type":"BreadcrumbList","@id":"https:\/\/www.physipro.com\/fr\/produit\/coussin-siliko-fr\/#breadcrumb","itemListElement":[{"@type":"ListItem","position":1,"name":"Accueil","item":"https:\/\/www.physipro.com\/fr\/"},{"@type":"ListItem","position":2,"name":"Boutique","item":"https:\/\/www.physipro.com\/fr\/boutique\/"},{"@type":"ListItem","position":3,"name":"Coussin Siliko"}]},{"@type":"WebSite","@id":"https:\/\/www.physipro.com\/#website","url":"https:\/\/www.physipro.com\/","name":"Physipro inc.","description":"Un site utilisant WordPress","potentialAction":[{"@type":"SearchAction","target":{"@type":"EntryPoint","urlTemplate":"https:\/\/www.physipro.com\/?s={search_term_string}"},"query-input":"required name=search_term_string"}],"inLanguage":"fr-FR"}]}},"_links":{"self":[{"href":"https:\/\/www.physipro.com\/fr\/wp-json\/wp\/v2\/product\/17744","targetHints":{"allow":["GET"]}}],"collection":[{"href":"https:\/\/www.physipro.com\/fr\/wp-json\/wp\/v2\/product"}],"about":[{"href":"https:\/\/www.physipro.com\/fr\/wp-json\/wp\/v2\/types\/product"}],"replies":[{"embeddable":true,"href":"https:\/\/www.physipro.com\/fr\/wp-json\/wp\/v2\/comments?post=17744"}],"wp:featuredmedia":[{"embeddable":true,"href":"https:\/\/www.physipro.com\/fr\/wp-json\/wp\/v2\/media\/17746"}],"wp:attachment":[{"href":"https:\/\/www.physipro.com\/fr\/wp-json\/wp\/v2\/media?parent=17744"}],"wp:term":[{"taxonomy":"product_cat","embeddable":true,"href":"https:\/\/www.physipro.com\/fr\/wp-json\/wp\/v2\/product_cat?post=17744"},{"taxonomy":"product_tag","embeddable":true,"href":"https:\/\/www.physipro.com\/fr\/wp-json\/wp\/v2\/product_tag?post=17744"}],"curies":[{"name":"wp","href":"https:\/\/api.w.org\/{rel}","templated":true}]}}