{"id":18506,"date":"2019-03-26T13:46:36","date_gmt":"2019-03-26T13:46:36","guid":{"rendered":"https:\/\/www.physipro.com\/?post_type=product&#038;p=18506"},"modified":"2024-03-20T15:33:26","modified_gmt":"2024-03-20T15:33:26","slug":"dossier-valdis","status":"publish","type":"product","link":"https:\/\/www.physipro.com\/fr\/produit\/dossier-valdis\/","title":{"rendered":"Dossier Valdis"},"content":{"rendered":"<div class=\"wpb-content-wrapper\"><p>[vc_row full_width=&#8221;stretch_row_content&#8221; el_class=&#8221;btn-group-anchor&#8221;][vc_column width=&#8221;1\/2&#8243;]<a href=\"#specifications\" class=\"btn btn-default\"> <span>Sp\u00e9cifications<\/span><\/a>[\/vc_column][vc_column width=&#8221;1\/2&#8243;]<a href=\"#video\" class=\"btn btn-default\"> <span>Documentations<\/span><\/a>[\/vc_column][\/vc_row][vc_row][vc_column width=&#8221;2\/3&#8243;][vc_gallery interval=&#8221;3&#8243; images=&#8221;18508&#8243; img_size=&#8221;full&#8221;][\/vc_column][vc_column width=&#8221;1\/3&#8243;][vc_column_text]<a href=\"https:\/\/www.physipro.com\/wp-content\/uploads\/2016\/11\/Logo_Valdis.png\" rel=\"attachment wp-att-14346\"><img loading=\"lazy\" decoding=\"async\" class=\"alignnone size-medium wp-image-14346\" src=\"https:\/\/www.physipro.com\/wp-content\/uploads\/2016\/11\/Logo_Valdis-300x128.png\" alt=\"logo_valdis\" width=\"300\" height=\"128\" srcset=\"https:\/\/www.physipro.com\/wp-content\/uploads\/2016\/11\/Logo_Valdis-300x128.png 300w, https:\/\/www.physipro.com\/wp-content\/uploads\/2016\/11\/Logo_Valdis-600x257.png 600w, https:\/\/www.physipro.com\/wp-content\/uploads\/2016\/11\/Logo_Valdis-768x328.png 768w, https:\/\/www.physipro.com\/wp-content\/uploads\/2016\/11\/Logo_Valdis-1024x438.png 1024w, https:\/\/www.physipro.com\/wp-content\/uploads\/2016\/11\/Logo_Valdis.png 1726w\" sizes=\"auto, (max-width: 300px) 100vw, 300px\" \/><\/a><\/p>\n<p>Le Valdis est un dossier souple \u00e0 tension r\u00e9glable fabriqu\u00e9 d&#8217;une membrane \u00e9lastique qui permet le contour d&#8217;une hypercyphose.<\/p>\n<p>L&#8217;ajout d&#8217;appuis-thoraciques plac\u00e9s sur les montants du dossier permet le support lat\u00e9ral recherch\u00e9.[\/vc_column_text][\/vc_column][\/vc_row][vc_row id_attribute=&#8221;specifications&#8221;][vc_column el_id=&#8221;#specifications&#8221;][vc_column_text]<\/p>\n<h2>Sp\u00e9cifications<\/h2>\n<p>[\/vc_column_text][vc_column_text el_class=&#8221;specification-table&#8221;]<\/p>\n<table>\n<tbody>\n<tr>\n<td><strong>Largeurs\u00a0<\/strong><\/td>\n<td>36 cm \u00e0 61 cm<\/td>\n<\/tr>\n<tr>\n<td><strong>Hauteurs\u00a0<\/strong><\/td>\n<td>36 cm \u00e0 61 cm<\/td>\n<\/tr>\n<tr>\n<td><strong>Hauteur des appuis-thoraciques<\/strong><\/td>\n<td>10 cm, 15 cm, 18 cm, 20 cm et 25 cm<\/td>\n<\/tr>\n<tr>\n<td><strong>Garantie<\/strong><\/td>\n<td>2 ans<\/td>\n<\/tr>\n<\/tbody>\n<\/table>\n<p>[\/vc_column_text][\/vc_column][\/vc_row][vc_row id_attribute=&#8221;video&#8221; el_class=&#8221;btn-file-group&#8221;][vc_column el_class=&#8221;btn-file-group&#8221;][vc_column_text]<\/p>\n<h2>Documentations<\/h2>\n<p>[\/vc_column_text]<a href=\"https:\/\/www.physipro.com\/wp-content\/uploads\/Manuel_Utilisation_Valdis-2023-1.pdf\" target=\"_blank\"class=\"btn btn-default btn-sm\"><i class=\"fa fa-\"><\/i> <span>Manuel d'utilisation<\/span><\/a><a href=\"https:\/\/www.physipro.com\/wp-content\/uploads\/Flyer_Valdis_FRANCE.pdf\" target=\"_blank\"class=\"btn btn-default btn-lg\"><i class=\"fa fa- fa-lg\"><\/i> <span>Brochure<\/span><\/a>[\/vc_column][\/vc_row]<\/p>\n<\/div>","protected":false},"excerpt":{"rendered":"<p>[vc_row full_width=&#8221;stretch_row_content&#8221; el_class=&#8221;btn-group-anchor&#8221;][vc_column width=&#8221;1\/2&#8243;][\/vc_column][vc_column width=&#8221;1\/2&#8243;][\/vc_column][\/vc_row][vc_row][vc_column width=&#8221;2\/3&#8243;][vc_gallery interval=&#8221;3&#8243; images=&#8221;18508&#8243; img_size=&#8221;full&#8221;][\/vc_column][vc_column width=&#8221;1\/3&#8243;][vc_column_text] Le Valdis est un dossier souple \u00e0 tension r\u00e9glable fabriqu\u00e9 d&#8217;une membrane \u00e9lastique qui permet le contour d&#8217;une hypercyphose. L&#8217;ajout d&#8217;appuis-thoraciques plac\u00e9s sur les montants du dossier permet le support lat\u00e9ral recherch\u00e9.[\/vc_column_text][\/vc_column][\/vc_row][vc_row id_attribute=&#8221;specifications&#8221;][vc_column el_id=&#8221;#specifications&#8221;][vc_column_text] Sp\u00e9cifications [\/vc_column_text][vc_column_text el_class=&#8221;specification-table&#8221;] Largeurs\u00a0 36 cm&#8230;<\/p>\n <p><a class=\"read-more btn btn-primary btn-lg\" href=\"https:\/\/www.physipro.com\/fr\/produit\/dossier-valdis\/\">Lire la suite<\/a><\/p>","protected":false},"featured_media":22693,"comment_status":"open","ping_status":"closed","template":"","meta":{"_acf_changed":false},"product_cat":[36,39],"product_tag":[],"class_list":{"0":"post-18506","1":"product","2":"type-product","3":"status-publish","4":"has-post-thumbnail","6":"product_cat-assises-et-positionnement-fr","7":"product_cat-dossiers-fr","9":"first","10":"instock","11":"shipping-taxable","12":"product-type-simple"},"acf":[],"yoast_head":"<!-- This site is optimized with the Yoast SEO plugin v22.3 - https:\/\/yoast.com\/wordpress\/plugins\/seo\/ -->\n<title>Dossier Valdis - Physipro inc.<\/title>\n<meta name=\"robots\" content=\"index, follow, max-snippet:-1, max-image-preview:large, max-video-preview:-1\" \/>\n<link rel=\"canonical\" href=\"https:\/\/www.physipro.com\/fr\/produit\/dossier-valdis\/\" \/>\n<meta property=\"og:locale\" content=\"fr_FR\" \/>\n<meta property=\"og:type\" content=\"article\" \/>\n<meta property=\"og:title\" content=\"Dossier Valdis - Physipro inc.\" \/>\n<meta property=\"og:description\" content=\"[vc_row full_width=&#8221;stretch_row_content&#8221; el_class=&#8221;btn-group-anchor&#8221;][vc_column width=&#8221;1\/2&#8243;][\/vc_column][vc_column width=&#8221;1\/2&#8243;][\/vc_column][\/vc_row][vc_row][vc_column width=&#8221;2\/3&#8243;][vc_gallery interval=&#8221;3&#8243; images=&#8221;18508&#8243; img_size=&#8221;full&#8221;][\/vc_column][vc_column width=&#8221;1\/3&#8243;][vc_column_text] Le Valdis est un dossier souple \u00e0 tension r\u00e9glable fabriqu\u00e9 d&#8217;une membrane \u00e9lastique qui permet le contour d&#8217;une hypercyphose. L&#8217;ajout d&#8217;appuis-thoraciques plac\u00e9s sur les montants du dossier permet le support lat\u00e9ral recherch\u00e9.[\/vc_column_text][\/vc_column][\/vc_row][vc_row id_attribute=&#8221;specifications&#8221;][vc_column el_id=&#8221;#specifications&#8221;][vc_column_text] Sp\u00e9cifications [\/vc_column_text][vc_column_text el_class=&#8221;specification-table&#8221;] Largeurs\u00a0 36 cm...\" \/>\n<meta property=\"og:url\" content=\"https:\/\/www.physipro.com\/fr\/produit\/dossier-valdis\/\" \/>\n<meta property=\"og:site_name\" content=\"Physipro inc.\" \/>\n<meta property=\"article:modified_time\" content=\"2024-03-20T15:33:26+00:00\" \/>\n<meta property=\"og:image\" content=\"https:\/\/www.physipro.com\/wp-content\/uploads\/valdis_600x600.png\" \/>\n\t<meta property=\"og:image:width\" content=\"600\" \/>\n\t<meta property=\"og:image:height\" content=\"600\" \/>\n\t<meta property=\"og:image:type\" content=\"image\/png\" \/>\n<meta name=\"twitter:label1\" content=\"Dur\u00e9e de lecture estim\u00e9e\" \/>\n\t<meta name=\"twitter:data1\" content=\"2 minutes\" \/>\n<script type=\"application\/ld+json\" class=\"yoast-schema-graph\">{\"@context\":\"https:\/\/schema.org\",\"@graph\":[{\"@type\":\"WebPage\",\"@id\":\"https:\/\/www.physipro.com\/fr\/produit\/dossier-valdis\/\",\"url\":\"https:\/\/www.physipro.com\/fr\/produit\/dossier-valdis\/\",\"name\":\"Dossier Valdis - Physipro inc.\",\"isPartOf\":{\"@id\":\"https:\/\/www.physipro.com\/#website\"},\"primaryImageOfPage\":{\"@id\":\"https:\/\/www.physipro.com\/fr\/produit\/dossier-valdis\/#primaryimage\"},\"image\":{\"@id\":\"https:\/\/www.physipro.com\/fr\/produit\/dossier-valdis\/#primaryimage\"},\"thumbnailUrl\":\"https:\/\/www.physipro.com\/wp-content\/uploads\/valdis_600x600.png\",\"datePublished\":\"2019-03-26T13:46:36+00:00\",\"dateModified\":\"2024-03-20T15:33:26+00:00\",\"breadcrumb\":{\"@id\":\"https:\/\/www.physipro.com\/fr\/produit\/dossier-valdis\/#breadcrumb\"},\"inLanguage\":\"fr-FR\",\"potentialAction\":[{\"@type\":\"ReadAction\",\"target\":[\"https:\/\/www.physipro.com\/fr\/produit\/dossier-valdis\/\"]}]},{\"@type\":\"ImageObject\",\"inLanguage\":\"fr-FR\",\"@id\":\"https:\/\/www.physipro.com\/fr\/produit\/dossier-valdis\/#primaryimage\",\"url\":\"https:\/\/www.physipro.com\/wp-content\/uploads\/valdis_600x600.png\",\"contentUrl\":\"https:\/\/www.physipro.com\/wp-content\/uploads\/valdis_600x600.png\",\"width\":600,\"height\":600},{\"@type\":\"BreadcrumbList\",\"@id\":\"https:\/\/www.physipro.com\/fr\/produit\/dossier-valdis\/#breadcrumb\",\"itemListElement\":[{\"@type\":\"ListItem\",\"position\":1,\"name\":\"Accueil\",\"item\":\"https:\/\/www.physipro.com\/fr\/\"},{\"@type\":\"ListItem\",\"position\":2,\"name\":\"Boutique\",\"item\":\"https:\/\/www.physipro.com\/fr\/boutique\/\"},{\"@type\":\"ListItem\",\"position\":3,\"name\":\"Dossier Valdis\"}]},{\"@type\":\"WebSite\",\"@id\":\"https:\/\/www.physipro.com\/#website\",\"url\":\"https:\/\/www.physipro.com\/\",\"name\":\"Physipro inc.\",\"description\":\"Un site utilisant WordPress\",\"potentialAction\":[{\"@type\":\"SearchAction\",\"target\":{\"@type\":\"EntryPoint\",\"urlTemplate\":\"https:\/\/www.physipro.com\/?s={search_term_string}\"},\"query-input\":\"required name=search_term_string\"}],\"inLanguage\":\"fr-FR\"}]}<\/script>\n<!-- \/ Yoast SEO plugin. -->","yoast_head_json":{"title":"Dossier Valdis - Physipro inc.","robots":{"index":"index","follow":"follow","max-snippet":"max-snippet:-1","max-image-preview":"max-image-preview:large","max-video-preview":"max-video-preview:-1"},"canonical":"https:\/\/www.physipro.com\/fr\/produit\/dossier-valdis\/","og_locale":"fr_FR","og_type":"article","og_title":"Dossier Valdis - Physipro inc.","og_description":"[vc_row full_width=&#8221;stretch_row_content&#8221; el_class=&#8221;btn-group-anchor&#8221;][vc_column width=&#8221;1\/2&#8243;][\/vc_column][vc_column width=&#8221;1\/2&#8243;][\/vc_column][\/vc_row][vc_row][vc_column width=&#8221;2\/3&#8243;][vc_gallery interval=&#8221;3&#8243; images=&#8221;18508&#8243; img_size=&#8221;full&#8221;][\/vc_column][vc_column width=&#8221;1\/3&#8243;][vc_column_text] Le Valdis est un dossier souple \u00e0 tension r\u00e9glable fabriqu\u00e9 d&#8217;une membrane \u00e9lastique qui permet le contour d&#8217;une hypercyphose. L&#8217;ajout d&#8217;appuis-thoraciques plac\u00e9s sur les montants du dossier permet le support lat\u00e9ral recherch\u00e9.[\/vc_column_text][\/vc_column][\/vc_row][vc_row id_attribute=&#8221;specifications&#8221;][vc_column el_id=&#8221;#specifications&#8221;][vc_column_text] Sp\u00e9cifications [\/vc_column_text][vc_column_text el_class=&#8221;specification-table&#8221;] Largeurs\u00a0 36 cm...","og_url":"https:\/\/www.physipro.com\/fr\/produit\/dossier-valdis\/","og_site_name":"Physipro inc.","article_modified_time":"2024-03-20T15:33:26+00:00","og_image":[{"width":600,"height":600,"url":"https:\/\/www.physipro.com\/wp-content\/uploads\/valdis_600x600.png","type":"image\/png"}],"twitter_misc":{"Dur\u00e9e de lecture estim\u00e9e":"2 minutes"},"schema":{"@context":"https:\/\/schema.org","@graph":[{"@type":"WebPage","@id":"https:\/\/www.physipro.com\/fr\/produit\/dossier-valdis\/","url":"https:\/\/www.physipro.com\/fr\/produit\/dossier-valdis\/","name":"Dossier Valdis - Physipro inc.","isPartOf":{"@id":"https:\/\/www.physipro.com\/#website"},"primaryImageOfPage":{"@id":"https:\/\/www.physipro.com\/fr\/produit\/dossier-valdis\/#primaryimage"},"image":{"@id":"https:\/\/www.physipro.com\/fr\/produit\/dossier-valdis\/#primaryimage"},"thumbnailUrl":"https:\/\/www.physipro.com\/wp-content\/uploads\/valdis_600x600.png","datePublished":"2019-03-26T13:46:36+00:00","dateModified":"2024-03-20T15:33:26+00:00","breadcrumb":{"@id":"https:\/\/www.physipro.com\/fr\/produit\/dossier-valdis\/#breadcrumb"},"inLanguage":"fr-FR","potentialAction":[{"@type":"ReadAction","target":["https:\/\/www.physipro.com\/fr\/produit\/dossier-valdis\/"]}]},{"@type":"ImageObject","inLanguage":"fr-FR","@id":"https:\/\/www.physipro.com\/fr\/produit\/dossier-valdis\/#primaryimage","url":"https:\/\/www.physipro.com\/wp-content\/uploads\/valdis_600x600.png","contentUrl":"https:\/\/www.physipro.com\/wp-content\/uploads\/valdis_600x600.png","width":600,"height":600},{"@type":"BreadcrumbList","@id":"https:\/\/www.physipro.com\/fr\/produit\/dossier-valdis\/#breadcrumb","itemListElement":[{"@type":"ListItem","position":1,"name":"Accueil","item":"https:\/\/www.physipro.com\/fr\/"},{"@type":"ListItem","position":2,"name":"Boutique","item":"https:\/\/www.physipro.com\/fr\/boutique\/"},{"@type":"ListItem","position":3,"name":"Dossier Valdis"}]},{"@type":"WebSite","@id":"https:\/\/www.physipro.com\/#website","url":"https:\/\/www.physipro.com\/","name":"Physipro inc.","description":"Un site utilisant WordPress","potentialAction":[{"@type":"SearchAction","target":{"@type":"EntryPoint","urlTemplate":"https:\/\/www.physipro.com\/?s={search_term_string}"},"query-input":"required name=search_term_string"}],"inLanguage":"fr-FR"}]}},"_links":{"self":[{"href":"https:\/\/www.physipro.com\/fr\/wp-json\/wp\/v2\/product\/18506","targetHints":{"allow":["GET"]}}],"collection":[{"href":"https:\/\/www.physipro.com\/fr\/wp-json\/wp\/v2\/product"}],"about":[{"href":"https:\/\/www.physipro.com\/fr\/wp-json\/wp\/v2\/types\/product"}],"replies":[{"embeddable":true,"href":"https:\/\/www.physipro.com\/fr\/wp-json\/wp\/v2\/comments?post=18506"}],"wp:featuredmedia":[{"embeddable":true,"href":"https:\/\/www.physipro.com\/fr\/wp-json\/wp\/v2\/media\/22693"}],"wp:attachment":[{"href":"https:\/\/www.physipro.com\/fr\/wp-json\/wp\/v2\/media?parent=18506"}],"wp:term":[{"taxonomy":"product_cat","embeddable":true,"href":"https:\/\/www.physipro.com\/fr\/wp-json\/wp\/v2\/product_cat?post=18506"},{"taxonomy":"product_tag","embeddable":true,"href":"https:\/\/www.physipro.com\/fr\/wp-json\/wp\/v2\/product_tag?post=18506"}],"curies":[{"name":"wp","href":"https:\/\/api.w.org\/{rel}","templated":true}]}}