{"id":1855,"date":"2015-03-11T18:23:44","date_gmt":"2015-03-11T18:23:44","guid":{"rendered":"https:\/\/www.physipro.com\/?post_type=product&#038;p=1855"},"modified":"2022-03-14T15:12:56","modified_gmt":"2022-03-14T15:12:56","slug":"coussin-contour","status":"publish","type":"product","link":"https:\/\/www.physipro.com\/fr\/produit\/coussin-contour\/","title":{"rendered":"Coussin Stimulite\u00ae Contour"},"content":{"rendered":"<div class=\"wpb-content-wrapper\"><p>[vc_row full_width=&#8221;stretch_row_content&#8221; el_class=&#8221;btn-group-anchor&#8221;][vc_column]<a href=\"#video\" class=\"btn btn-default\"> <span>Documentations<\/span><\/a>[\/vc_column][\/vc_row][vc_row][vc_column width=&#8221;1\/2&#8243; css=&#8221;.vc_custom_1427487258773{padding-top: 30px !important;}&#8221;][vc_single_image image=&#8221;9951&#8243; alignment=&#8221;center&#8221;][\/vc_column][vc_column width=&#8221;1\/2&#8243;][vc_column_text]<\/p>\n<h2>Coussin Contour<\/h2>\n<p>[\/vc_column_text][vc_column_text]Le coussin Stimulite Contour est con\u00e7u pour les personnes n\u00e9cessitant un soulagement complet de la pression. Il est constitu\u00e9 de plusieurs couches de nids d\u2019abeilles Stimulite formant des parties souples et d\u2019autres plus fermes pour un meilleur soutien.<\/p>\n<p>\u00c9galement disponible\u00a0: le Contour XS sp\u00e9cialement d\u00e9velopp\u00e9 pour les personnes \u00e0 peau sensible.[\/vc_column_text][vc_column_text]<\/p>\n<h3>Caract\u00e9ristiques<\/h3>\n<ul>\n<li>8,2 cm d&#8217;\u00e9paisseur<\/li>\n<li>1,4 kg<\/li>\n<li>Lavable et s\u00e9chable en machine<\/li>\n<li>coupe plat ou coupe canevas<\/li>\n<li>Rev\u00eatement disponible en polyester ou en peau de mouton<\/li>\n<\/ul>\n<p>[\/vc_column_text][\/vc_column][\/vc_row][vc_row id_attribute=&#8221;video&#8221; el_class=&#8221;btn-file-group&#8221;][vc_column][vc_column_text]<\/p>\n<h2>Documentations<\/h2>\n<p>[\/vc_column_text]<a href=\"https:\/\/www.physipro.com\/wp-content\/uploads\/2015\/04\/Descriptif_specification_technique_Supracor.pdf\" target=\"_blank\"class=\"btn btn-default btn-lg\"><i class=\"fa fa-file-pdf-o fa-lg\"><\/i> <span>Sp\u00e9cifications Technique Coussin Stimulite<\/span><\/a><a href=\"https:\/\/www.physipro.com\/wp-content\/uploads\/AME-SOUPLE-SUPRACOR-2025.pdf\" target=\"_blank\"class=\"btn btn-default btn-lg\"><i class=\"fa fa- fa-lg\"><\/i> <span>Bon de commande AME Souple<\/span><\/a><a href=\"https:\/\/www.physipro.com\/wp-content\/uploads\/AME-RIGIE-SUPRACOR-2025.pdf\" target=\"_blank\"class=\"btn btn-default btn-lg\"><i class=\"fa fa- fa-lg\"><\/i> <span>Bon de commande AME Rigide<\/span><\/a><a href=\"https:\/\/www.physipro.com\/wp-content\/uploads\/BDC-coussin-SUPRACOR.pdf\" target=\"_blank\"class=\"btn btn-default btn-lg\"><i class=\"fa fa- fa-lg\"><\/i> <span>Bon de commande Coussins Stimulite Supracor Seuls<\/span><\/a>[\/vc_column][\/vc_row]<\/p>\n<\/div>","protected":false},"excerpt":{"rendered":"<p>[vc_row full_width=&#8221;stretch_row_content&#8221; el_class=&#8221;btn-group-anchor&#8221;][vc_column][\/vc_column][\/vc_row][vc_row][vc_column width=&#8221;1\/2&#8243; css=&#8221;.vc_custom_1427487258773{padding-top: 30px !important;}&#8221;][vc_single_image image=&#8221;9951&#8243; alignment=&#8221;center&#8221;][\/vc_column][vc_column width=&#8221;1\/2&#8243;][vc_column_text] Coussin Contour [\/vc_column_text][vc_column_text]Le coussin Stimulite Contour est con\u00e7u pour les personnes n\u00e9cessitant un soulagement complet de la pression. Il est constitu\u00e9 de plusieurs couches de nids d\u2019abeilles Stimulite formant des parties souples et d\u2019autres plus fermes pour un meilleur soutien&#8230;.<\/p>\n <p><a class=\"read-more btn btn-primary btn-lg\" href=\"https:\/\/www.physipro.com\/fr\/produit\/coussin-contour\/\">Lire la suite<\/a><\/p>","protected":false},"featured_media":22668,"comment_status":"open","ping_status":"closed","template":"","meta":{"_acf_changed":false},"product_cat":[561],"product_tag":[],"class_list":{"0":"post-1855","1":"product","2":"type-product","3":"status-publish","4":"has-post-thumbnail","6":"product_cat-uncategorized-en-ca","8":"first","9":"instock","10":"shipping-taxable","11":"product-type-simple"},"acf":[],"yoast_head":"<!-- This site is optimized with the Yoast SEO plugin v22.3 - https:\/\/yoast.com\/wordpress\/plugins\/seo\/ -->\n<title>Coussin Stimulite\u00ae Contour - Physipro inc.<\/title>\n<meta name=\"robots\" content=\"index, follow, max-snippet:-1, max-image-preview:large, max-video-preview:-1\" \/>\n<link rel=\"canonical\" href=\"https:\/\/www.physipro.com\/fr\/produit\/coussin-contour\/\" \/>\n<meta property=\"og:locale\" content=\"fr_FR\" \/>\n<meta property=\"og:type\" content=\"article\" \/>\n<meta property=\"og:title\" content=\"Coussin Stimulite\u00ae Contour - Physipro inc.\" \/>\n<meta property=\"og:description\" content=\"[vc_row full_width=&#8221;stretch_row_content&#8221; el_class=&#8221;btn-group-anchor&#8221;][vc_column][\/vc_column][\/vc_row][vc_row][vc_column width=&#8221;1\/2&#8243; css=&#8221;.vc_custom_1427487258773{padding-top: 30px !important;}&#8221;][vc_single_image image=&#8221;9951&#8243; alignment=&#8221;center&#8221;][\/vc_column][vc_column width=&#8221;1\/2&#8243;][vc_column_text] Coussin Contour [\/vc_column_text][vc_column_text]Le coussin Stimulite Contour est con\u00e7u pour les personnes n\u00e9cessitant un soulagement complet de la pression. Il est constitu\u00e9 de plusieurs couches de nids d\u2019abeilles Stimulite formant des parties souples et d\u2019autres plus fermes pour un meilleur soutien....\" \/>\n<meta property=\"og:url\" content=\"https:\/\/www.physipro.com\/fr\/produit\/coussin-contour\/\" \/>\n<meta property=\"og:site_name\" content=\"Physipro inc.\" \/>\n<meta property=\"article:modified_time\" content=\"2022-03-14T15:12:56+00:00\" \/>\n<meta property=\"og:image\" content=\"https:\/\/www.physipro.com\/wp-content\/uploads\/contour_400x400.png\" \/>\n\t<meta property=\"og:image:width\" content=\"400\" \/>\n\t<meta property=\"og:image:height\" content=\"400\" \/>\n\t<meta property=\"og:image:type\" content=\"image\/png\" \/>\n<meta name=\"twitter:label1\" content=\"Dur\u00e9e de lecture estim\u00e9e\" \/>\n\t<meta name=\"twitter:data1\" content=\"2 minutes\" \/>\n<script type=\"application\/ld+json\" class=\"yoast-schema-graph\">{\"@context\":\"https:\/\/schema.org\",\"@graph\":[{\"@type\":\"WebPage\",\"@id\":\"https:\/\/www.physipro.com\/fr\/produit\/coussin-contour\/\",\"url\":\"https:\/\/www.physipro.com\/fr\/produit\/coussin-contour\/\",\"name\":\"Coussin Stimulite\u00ae Contour - Physipro inc.\",\"isPartOf\":{\"@id\":\"https:\/\/www.physipro.com\/#website\"},\"primaryImageOfPage\":{\"@id\":\"https:\/\/www.physipro.com\/fr\/produit\/coussin-contour\/#primaryimage\"},\"image\":{\"@id\":\"https:\/\/www.physipro.com\/fr\/produit\/coussin-contour\/#primaryimage\"},\"thumbnailUrl\":\"https:\/\/www.physipro.com\/wp-content\/uploads\/contour_400x400.png\",\"datePublished\":\"2015-03-11T18:23:44+00:00\",\"dateModified\":\"2022-03-14T15:12:56+00:00\",\"breadcrumb\":{\"@id\":\"https:\/\/www.physipro.com\/fr\/produit\/coussin-contour\/#breadcrumb\"},\"inLanguage\":\"fr-FR\",\"potentialAction\":[{\"@type\":\"ReadAction\",\"target\":[\"https:\/\/www.physipro.com\/fr\/produit\/coussin-contour\/\"]}]},{\"@type\":\"ImageObject\",\"inLanguage\":\"fr-FR\",\"@id\":\"https:\/\/www.physipro.com\/fr\/produit\/coussin-contour\/#primaryimage\",\"url\":\"https:\/\/www.physipro.com\/wp-content\/uploads\/contour_400x400.png\",\"contentUrl\":\"https:\/\/www.physipro.com\/wp-content\/uploads\/contour_400x400.png\",\"width\":400,\"height\":400},{\"@type\":\"BreadcrumbList\",\"@id\":\"https:\/\/www.physipro.com\/fr\/produit\/coussin-contour\/#breadcrumb\",\"itemListElement\":[{\"@type\":\"ListItem\",\"position\":1,\"name\":\"Accueil\",\"item\":\"https:\/\/www.physipro.com\/fr\/\"},{\"@type\":\"ListItem\",\"position\":2,\"name\":\"Boutique\",\"item\":\"https:\/\/www.physipro.com\/fr\/boutique\/\"},{\"@type\":\"ListItem\",\"position\":3,\"name\":\"Coussin Stimulite\u00ae Contour\"}]},{\"@type\":\"WebSite\",\"@id\":\"https:\/\/www.physipro.com\/#website\",\"url\":\"https:\/\/www.physipro.com\/\",\"name\":\"Physipro inc.\",\"description\":\"Un site utilisant WordPress\",\"potentialAction\":[{\"@type\":\"SearchAction\",\"target\":{\"@type\":\"EntryPoint\",\"urlTemplate\":\"https:\/\/www.physipro.com\/?s={search_term_string}\"},\"query-input\":\"required name=search_term_string\"}],\"inLanguage\":\"fr-FR\"}]}<\/script>\n<!-- \/ Yoast SEO plugin. -->","yoast_head_json":{"title":"Coussin Stimulite\u00ae Contour - Physipro inc.","robots":{"index":"index","follow":"follow","max-snippet":"max-snippet:-1","max-image-preview":"max-image-preview:large","max-video-preview":"max-video-preview:-1"},"canonical":"https:\/\/www.physipro.com\/fr\/produit\/coussin-contour\/","og_locale":"fr_FR","og_type":"article","og_title":"Coussin Stimulite\u00ae Contour - Physipro inc.","og_description":"[vc_row full_width=&#8221;stretch_row_content&#8221; el_class=&#8221;btn-group-anchor&#8221;][vc_column][\/vc_column][\/vc_row][vc_row][vc_column width=&#8221;1\/2&#8243; css=&#8221;.vc_custom_1427487258773{padding-top: 30px !important;}&#8221;][vc_single_image image=&#8221;9951&#8243; alignment=&#8221;center&#8221;][\/vc_column][vc_column width=&#8221;1\/2&#8243;][vc_column_text] Coussin Contour [\/vc_column_text][vc_column_text]Le coussin Stimulite Contour est con\u00e7u pour les personnes n\u00e9cessitant un soulagement complet de la pression. Il est constitu\u00e9 de plusieurs couches de nids d\u2019abeilles Stimulite formant des parties souples et d\u2019autres plus fermes pour un meilleur soutien....","og_url":"https:\/\/www.physipro.com\/fr\/produit\/coussin-contour\/","og_site_name":"Physipro inc.","article_modified_time":"2022-03-14T15:12:56+00:00","og_image":[{"width":400,"height":400,"url":"https:\/\/www.physipro.com\/wp-content\/uploads\/contour_400x400.png","type":"image\/png"}],"twitter_misc":{"Dur\u00e9e de lecture estim\u00e9e":"2 minutes"},"schema":{"@context":"https:\/\/schema.org","@graph":[{"@type":"WebPage","@id":"https:\/\/www.physipro.com\/fr\/produit\/coussin-contour\/","url":"https:\/\/www.physipro.com\/fr\/produit\/coussin-contour\/","name":"Coussin Stimulite\u00ae Contour - Physipro inc.","isPartOf":{"@id":"https:\/\/www.physipro.com\/#website"},"primaryImageOfPage":{"@id":"https:\/\/www.physipro.com\/fr\/produit\/coussin-contour\/#primaryimage"},"image":{"@id":"https:\/\/www.physipro.com\/fr\/produit\/coussin-contour\/#primaryimage"},"thumbnailUrl":"https:\/\/www.physipro.com\/wp-content\/uploads\/contour_400x400.png","datePublished":"2015-03-11T18:23:44+00:00","dateModified":"2022-03-14T15:12:56+00:00","breadcrumb":{"@id":"https:\/\/www.physipro.com\/fr\/produit\/coussin-contour\/#breadcrumb"},"inLanguage":"fr-FR","potentialAction":[{"@type":"ReadAction","target":["https:\/\/www.physipro.com\/fr\/produit\/coussin-contour\/"]}]},{"@type":"ImageObject","inLanguage":"fr-FR","@id":"https:\/\/www.physipro.com\/fr\/produit\/coussin-contour\/#primaryimage","url":"https:\/\/www.physipro.com\/wp-content\/uploads\/contour_400x400.png","contentUrl":"https:\/\/www.physipro.com\/wp-content\/uploads\/contour_400x400.png","width":400,"height":400},{"@type":"BreadcrumbList","@id":"https:\/\/www.physipro.com\/fr\/produit\/coussin-contour\/#breadcrumb","itemListElement":[{"@type":"ListItem","position":1,"name":"Accueil","item":"https:\/\/www.physipro.com\/fr\/"},{"@type":"ListItem","position":2,"name":"Boutique","item":"https:\/\/www.physipro.com\/fr\/boutique\/"},{"@type":"ListItem","position":3,"name":"Coussin Stimulite\u00ae Contour"}]},{"@type":"WebSite","@id":"https:\/\/www.physipro.com\/#website","url":"https:\/\/www.physipro.com\/","name":"Physipro inc.","description":"Un site utilisant WordPress","potentialAction":[{"@type":"SearchAction","target":{"@type":"EntryPoint","urlTemplate":"https:\/\/www.physipro.com\/?s={search_term_string}"},"query-input":"required name=search_term_string"}],"inLanguage":"fr-FR"}]}},"_links":{"self":[{"href":"https:\/\/www.physipro.com\/fr\/wp-json\/wp\/v2\/product\/1855","targetHints":{"allow":["GET"]}}],"collection":[{"href":"https:\/\/www.physipro.com\/fr\/wp-json\/wp\/v2\/product"}],"about":[{"href":"https:\/\/www.physipro.com\/fr\/wp-json\/wp\/v2\/types\/product"}],"replies":[{"embeddable":true,"href":"https:\/\/www.physipro.com\/fr\/wp-json\/wp\/v2\/comments?post=1855"}],"wp:featuredmedia":[{"embeddable":true,"href":"https:\/\/www.physipro.com\/fr\/wp-json\/wp\/v2\/media\/22668"}],"wp:attachment":[{"href":"https:\/\/www.physipro.com\/fr\/wp-json\/wp\/v2\/media?parent=1855"}],"wp:term":[{"taxonomy":"product_cat","embeddable":true,"href":"https:\/\/www.physipro.com\/fr\/wp-json\/wp\/v2\/product_cat?post=1855"},{"taxonomy":"product_tag","embeddable":true,"href":"https:\/\/www.physipro.com\/fr\/wp-json\/wp\/v2\/product_tag?post=1855"}],"curies":[{"name":"wp","href":"https:\/\/api.w.org\/{rel}","templated":true}]}}