{"id":1994,"date":"2015-03-12T11:32:02","date_gmt":"2015-03-12T11:39:36","guid":{"rendered":"https:\/\/www.physipro.com\/?post_type=product&#038;p=1994"},"modified":"2025-01-23T15:50:13","modified_gmt":"2025-01-23T15:50:13","slug":"coussin-stimulite-sport","status":"publish","type":"product","link":"https:\/\/www.physipro.com\/fr\/produit\/coussin-stimulite-sport\/","title":{"rendered":"Coussin Stimulite\u00ae Sport"},"content":{"rendered":"<div class=\"wpb-content-wrapper\"><p>[vc_row full_width=&#8221;stretch_row_content&#8221; el_class=&#8221;btn-group-anchor&#8221;][vc_column]<a href=\"#video\" class=\"btn btn-default\"> <span>Documentations<\/span><\/a>[\/vc_column][\/vc_row][vc_row][vc_column width=&#8221;1\/2&#8243; css=&#8221;.vc_custom_1427487258773{padding-top: 30px !important;}&#8221;][vc_single_image image=&#8221;10016&#8243; alignment=&#8221;center&#8221;][\/vc_column][vc_column width=&#8221;1\/2&#8243;][vc_column_text]<\/p>\n<h2>Coussin Sport<\/h2>\n<p>[\/vc_column_text][vc_column_text]Profil\u00e9 bas et de conception plane pour les fauteuils roulants sport et les personnes actives, le coussin Stimulite Sport est ultral\u00e9ger.[\/vc_column_text][vc_column_text]<\/p>\n<h3>Caract\u00e9ristiques<\/h3>\n<ul>\n<li>5\u00a0cm d&#8217;\u00e9paisseur<\/li>\n<li>0,90 kg<\/li>\n<li>lavable et s\u00e9chable \u00e0 la machine<\/li>\n<li>coupe plat<\/li>\n<li>Rev\u00eatement disponible en polyester ou en peau de mouton<\/li>\n<\/ul>\n<p>[\/vc_column_text][\/vc_column][\/vc_row][vc_row id_attribute=&#8221;video&#8221; el_class=&#8221;btn-file-group&#8221;][vc_column][vc_column_text]<\/p>\n<h2>Documentations<\/h2>\n<p>[\/vc_column_text]<a href=\"https:\/\/www.physipro.com\/wp-content\/uploads\/AME-SOUPLE-SUPRACOR-2025.pdf\" target=\"_blank\"class=\"btn btn-default btn-lg\"><i class=\"fa fa- fa-lg\"><\/i> <span>Bon de commande AME Souple<\/span><\/a><a href=\"https:\/\/www.physipro.com\/wp-content\/uploads\/AME-RIGIE-SUPRACOR-2025.pdf\" target=\"_blank\"class=\"btn btn-default btn-lg\"><i class=\"fa fa- fa-lg\"><\/i> <span>Bon de commande AME Rigide<\/span><\/a><a href=\"https:\/\/www.physipro.com\/wp-content\/uploads\/BDC-coussin-SUPRACOR.pdf\" target=\"_blank\"class=\"btn btn-default btn-lg\"><i class=\"fa fa- fa-lg\"><\/i> <span>Bon de commande coussins Stimulite Supracor seuls<\/span><\/a><a href=\"https:\/\/www.physipro.com\/wp-content\/uploads\/2015\/04\/Descriptif_specification_technique_Supracor.pdf\" target=\"_blank\"class=\"btn btn-default btn-lg\"><i class=\"fa fa-file-pdf-o fa-lg\"><\/i> <span>Sp\u00e9cifications Technique Coussin Stimulite<\/span><\/a>[\/vc_column][\/vc_row]<\/p>\n<\/div>","protected":false},"excerpt":{"rendered":"<p>[vc_row full_width=&#8221;stretch_row_content&#8221; el_class=&#8221;btn-group-anchor&#8221;][vc_column][\/vc_column][\/vc_row][vc_row][vc_column width=&#8221;1\/2&#8243; css=&#8221;.vc_custom_1427487258773{padding-top: 30px !important;}&#8221;][vc_single_image image=&#8221;10016&#8243; alignment=&#8221;center&#8221;][\/vc_column][vc_column width=&#8221;1\/2&#8243;][vc_column_text] Coussin Sport [\/vc_column_text][vc_column_text]Profil\u00e9 bas et de conception plane pour les fauteuils roulants sport et les personnes actives, le coussin Stimulite Sport est ultral\u00e9ger.[\/vc_column_text][vc_column_text] Caract\u00e9ristiques 5\u00a0cm d&#8217;\u00e9paisseur 0,90 kg lavable et s\u00e9chable \u00e0 la machine coupe plat Rev\u00eatement disponible en polyester&#8230;<\/p>\n <p><a class=\"read-more btn btn-primary btn-lg\" href=\"https:\/\/www.physipro.com\/fr\/produit\/coussin-stimulite-sport\/\">Lire la suite<\/a><\/p>","protected":false},"featured_media":23041,"comment_status":"open","ping_status":"closed","template":"","meta":{"_acf_changed":false},"product_cat":[561],"product_tag":[],"class_list":{"0":"post-1994","1":"product","2":"type-product","3":"status-publish","4":"has-post-thumbnail","6":"product_cat-uncategorized-en-ca","8":"first","9":"instock","10":"shipping-taxable","11":"product-type-simple"},"acf":[],"yoast_head":"<!-- This site is optimized with the Yoast SEO plugin v22.3 - https:\/\/yoast.com\/wordpress\/plugins\/seo\/ -->\n<title>Coussin Stimulite\u00ae Sport - Physipro inc.<\/title>\n<meta name=\"robots\" content=\"index, follow, max-snippet:-1, max-image-preview:large, max-video-preview:-1\" \/>\n<link rel=\"canonical\" href=\"https:\/\/www.physipro.com\/fr\/produit\/coussin-stimulite-sport\/\" \/>\n<meta property=\"og:locale\" content=\"fr_FR\" \/>\n<meta property=\"og:type\" content=\"article\" \/>\n<meta property=\"og:title\" content=\"Coussin Stimulite\u00ae Sport - Physipro inc.\" \/>\n<meta property=\"og:description\" content=\"[vc_row full_width=&#8221;stretch_row_content&#8221; el_class=&#8221;btn-group-anchor&#8221;][vc_column][\/vc_column][\/vc_row][vc_row][vc_column width=&#8221;1\/2&#8243; css=&#8221;.vc_custom_1427487258773{padding-top: 30px !important;}&#8221;][vc_single_image image=&#8221;10016&#8243; alignment=&#8221;center&#8221;][\/vc_column][vc_column width=&#8221;1\/2&#8243;][vc_column_text] Coussin Sport [\/vc_column_text][vc_column_text]Profil\u00e9 bas et de conception plane pour les fauteuils roulants sport et les personnes actives, le coussin Stimulite Sport est ultral\u00e9ger.[\/vc_column_text][vc_column_text] Caract\u00e9ristiques 5\u00a0cm d&#8217;\u00e9paisseur 0,90 kg lavable et s\u00e9chable \u00e0 la machine coupe plat Rev\u00eatement disponible en polyester...\" \/>\n<meta property=\"og:url\" content=\"https:\/\/www.physipro.com\/fr\/produit\/coussin-stimulite-sport\/\" \/>\n<meta property=\"og:site_name\" content=\"Physipro inc.\" \/>\n<meta property=\"article:modified_time\" content=\"2025-01-23T15:50:13+00:00\" \/>\n<meta property=\"og:image\" content=\"https:\/\/www.physipro.com\/wp-content\/uploads\/Sport-600px.png\" \/>\n\t<meta property=\"og:image:width\" content=\"600\" \/>\n\t<meta property=\"og:image:height\" content=\"600\" \/>\n\t<meta property=\"og:image:type\" content=\"image\/png\" \/>\n<meta name=\"twitter:label1\" content=\"Dur\u00e9e de lecture estim\u00e9e\" \/>\n\t<meta name=\"twitter:data1\" content=\"1 minute\" \/>\n<script type=\"application\/ld+json\" class=\"yoast-schema-graph\">{\"@context\":\"https:\/\/schema.org\",\"@graph\":[{\"@type\":\"WebPage\",\"@id\":\"https:\/\/www.physipro.com\/fr\/produit\/coussin-stimulite-sport\/\",\"url\":\"https:\/\/www.physipro.com\/fr\/produit\/coussin-stimulite-sport\/\",\"name\":\"Coussin Stimulite\u00ae Sport - Physipro inc.\",\"isPartOf\":{\"@id\":\"https:\/\/www.physipro.com\/#website\"},\"primaryImageOfPage\":{\"@id\":\"https:\/\/www.physipro.com\/fr\/produit\/coussin-stimulite-sport\/#primaryimage\"},\"image\":{\"@id\":\"https:\/\/www.physipro.com\/fr\/produit\/coussin-stimulite-sport\/#primaryimage\"},\"thumbnailUrl\":\"https:\/\/www.physipro.com\/wp-content\/uploads\/Sport-600px.png\",\"datePublished\":\"2015-03-12T11:39:36+00:00\",\"dateModified\":\"2025-01-23T15:50:13+00:00\",\"breadcrumb\":{\"@id\":\"https:\/\/www.physipro.com\/fr\/produit\/coussin-stimulite-sport\/#breadcrumb\"},\"inLanguage\":\"fr-FR\",\"potentialAction\":[{\"@type\":\"ReadAction\",\"target\":[\"https:\/\/www.physipro.com\/fr\/produit\/coussin-stimulite-sport\/\"]}]},{\"@type\":\"ImageObject\",\"inLanguage\":\"fr-FR\",\"@id\":\"https:\/\/www.physipro.com\/fr\/produit\/coussin-stimulite-sport\/#primaryimage\",\"url\":\"https:\/\/www.physipro.com\/wp-content\/uploads\/Sport-600px.png\",\"contentUrl\":\"https:\/\/www.physipro.com\/wp-content\/uploads\/Sport-600px.png\",\"width\":600,\"height\":600},{\"@type\":\"BreadcrumbList\",\"@id\":\"https:\/\/www.physipro.com\/fr\/produit\/coussin-stimulite-sport\/#breadcrumb\",\"itemListElement\":[{\"@type\":\"ListItem\",\"position\":1,\"name\":\"Accueil\",\"item\":\"https:\/\/www.physipro.com\/fr\/\"},{\"@type\":\"ListItem\",\"position\":2,\"name\":\"Boutique\",\"item\":\"https:\/\/www.physipro.com\/fr\/boutique\/\"},{\"@type\":\"ListItem\",\"position\":3,\"name\":\"Coussin Stimulite\u00ae Sport\"}]},{\"@type\":\"WebSite\",\"@id\":\"https:\/\/www.physipro.com\/#website\",\"url\":\"https:\/\/www.physipro.com\/\",\"name\":\"Physipro inc.\",\"description\":\"Un site utilisant WordPress\",\"potentialAction\":[{\"@type\":\"SearchAction\",\"target\":{\"@type\":\"EntryPoint\",\"urlTemplate\":\"https:\/\/www.physipro.com\/?s={search_term_string}\"},\"query-input\":\"required name=search_term_string\"}],\"inLanguage\":\"fr-FR\"}]}<\/script>\n<!-- \/ Yoast SEO plugin. -->","yoast_head_json":{"title":"Coussin Stimulite\u00ae Sport - Physipro inc.","robots":{"index":"index","follow":"follow","max-snippet":"max-snippet:-1","max-image-preview":"max-image-preview:large","max-video-preview":"max-video-preview:-1"},"canonical":"https:\/\/www.physipro.com\/fr\/produit\/coussin-stimulite-sport\/","og_locale":"fr_FR","og_type":"article","og_title":"Coussin Stimulite\u00ae Sport - Physipro inc.","og_description":"[vc_row full_width=&#8221;stretch_row_content&#8221; el_class=&#8221;btn-group-anchor&#8221;][vc_column][\/vc_column][\/vc_row][vc_row][vc_column width=&#8221;1\/2&#8243; css=&#8221;.vc_custom_1427487258773{padding-top: 30px !important;}&#8221;][vc_single_image image=&#8221;10016&#8243; alignment=&#8221;center&#8221;][\/vc_column][vc_column width=&#8221;1\/2&#8243;][vc_column_text] Coussin Sport [\/vc_column_text][vc_column_text]Profil\u00e9 bas et de conception plane pour les fauteuils roulants sport et les personnes actives, le coussin Stimulite Sport est ultral\u00e9ger.[\/vc_column_text][vc_column_text] Caract\u00e9ristiques 5\u00a0cm d&#8217;\u00e9paisseur 0,90 kg lavable et s\u00e9chable \u00e0 la machine coupe plat Rev\u00eatement disponible en polyester...","og_url":"https:\/\/www.physipro.com\/fr\/produit\/coussin-stimulite-sport\/","og_site_name":"Physipro inc.","article_modified_time":"2025-01-23T15:50:13+00:00","og_image":[{"width":600,"height":600,"url":"https:\/\/www.physipro.com\/wp-content\/uploads\/Sport-600px.png","type":"image\/png"}],"twitter_misc":{"Dur\u00e9e de lecture estim\u00e9e":"1 minute"},"schema":{"@context":"https:\/\/schema.org","@graph":[{"@type":"WebPage","@id":"https:\/\/www.physipro.com\/fr\/produit\/coussin-stimulite-sport\/","url":"https:\/\/www.physipro.com\/fr\/produit\/coussin-stimulite-sport\/","name":"Coussin Stimulite\u00ae Sport - Physipro inc.","isPartOf":{"@id":"https:\/\/www.physipro.com\/#website"},"primaryImageOfPage":{"@id":"https:\/\/www.physipro.com\/fr\/produit\/coussin-stimulite-sport\/#primaryimage"},"image":{"@id":"https:\/\/www.physipro.com\/fr\/produit\/coussin-stimulite-sport\/#primaryimage"},"thumbnailUrl":"https:\/\/www.physipro.com\/wp-content\/uploads\/Sport-600px.png","datePublished":"2015-03-12T11:39:36+00:00","dateModified":"2025-01-23T15:50:13+00:00","breadcrumb":{"@id":"https:\/\/www.physipro.com\/fr\/produit\/coussin-stimulite-sport\/#breadcrumb"},"inLanguage":"fr-FR","potentialAction":[{"@type":"ReadAction","target":["https:\/\/www.physipro.com\/fr\/produit\/coussin-stimulite-sport\/"]}]},{"@type":"ImageObject","inLanguage":"fr-FR","@id":"https:\/\/www.physipro.com\/fr\/produit\/coussin-stimulite-sport\/#primaryimage","url":"https:\/\/www.physipro.com\/wp-content\/uploads\/Sport-600px.png","contentUrl":"https:\/\/www.physipro.com\/wp-content\/uploads\/Sport-600px.png","width":600,"height":600},{"@type":"BreadcrumbList","@id":"https:\/\/www.physipro.com\/fr\/produit\/coussin-stimulite-sport\/#breadcrumb","itemListElement":[{"@type":"ListItem","position":1,"name":"Accueil","item":"https:\/\/www.physipro.com\/fr\/"},{"@type":"ListItem","position":2,"name":"Boutique","item":"https:\/\/www.physipro.com\/fr\/boutique\/"},{"@type":"ListItem","position":3,"name":"Coussin Stimulite\u00ae Sport"}]},{"@type":"WebSite","@id":"https:\/\/www.physipro.com\/#website","url":"https:\/\/www.physipro.com\/","name":"Physipro inc.","description":"Un site utilisant WordPress","potentialAction":[{"@type":"SearchAction","target":{"@type":"EntryPoint","urlTemplate":"https:\/\/www.physipro.com\/?s={search_term_string}"},"query-input":"required name=search_term_string"}],"inLanguage":"fr-FR"}]}},"_links":{"self":[{"href":"https:\/\/www.physipro.com\/fr\/wp-json\/wp\/v2\/product\/1994","targetHints":{"allow":["GET"]}}],"collection":[{"href":"https:\/\/www.physipro.com\/fr\/wp-json\/wp\/v2\/product"}],"about":[{"href":"https:\/\/www.physipro.com\/fr\/wp-json\/wp\/v2\/types\/product"}],"replies":[{"embeddable":true,"href":"https:\/\/www.physipro.com\/fr\/wp-json\/wp\/v2\/comments?post=1994"}],"wp:featuredmedia":[{"embeddable":true,"href":"https:\/\/www.physipro.com\/fr\/wp-json\/wp\/v2\/media\/23041"}],"wp:attachment":[{"href":"https:\/\/www.physipro.com\/fr\/wp-json\/wp\/v2\/media?parent=1994"}],"wp:term":[{"taxonomy":"product_cat","embeddable":true,"href":"https:\/\/www.physipro.com\/fr\/wp-json\/wp\/v2\/product_cat?post=1994"},{"taxonomy":"product_tag","embeddable":true,"href":"https:\/\/www.physipro.com\/fr\/wp-json\/wp\/v2\/product_tag?post=1994"}],"curies":[{"name":"wp","href":"https:\/\/api.w.org\/{rel}","templated":true}]}}