{"id":2056,"date":"2015-03-12T16:03:07","date_gmt":"2015-03-12T16:05:08","guid":{"rendered":"https:\/\/www.physipro.com\/?post_type=product&#038;p=2056"},"modified":"2025-01-23T15:48:51","modified_gmt":"2025-01-23T15:48:51","slug":"stimulitebariatrique","status":"publish","type":"product","link":"https:\/\/www.physipro.com\/fr\/produit\/stimulitebariatrique\/","title":{"rendered":"Coussin Stimulite\u00ae Bariatrique"},"content":{"rendered":"<div class=\"wpb-content-wrapper\"><p>[vc_row full_width=&#8221;stretch_row_content&#8221; el_class=&#8221;btn-group-anchor&#8221;][vc_column]<a href=\"#video\" class=\"btn btn-default\"> <span>Documentations<\/span><\/a>[\/vc_column][\/vc_row][vc_row][vc_column width=&#8221;1\/2&#8243; css=&#8221;.vc_custom_1427487258773{padding-top: 30px !important;}&#8221;][vc_single_image image=&#8221;10041&#8243; alignment=&#8221;center&#8221;][\/vc_column][vc_column width=&#8221;1\/2&#8243;][vc_column_text]<\/p>\n<h2>Coussin Bariatrique<\/h2>\n<p>[\/vc_column_text][vc_column_text]Compos\u00e9 de deux couches de nids d\u2019abeilles flexibles fusionn\u00e9es \u00e0 une couche de fond robuste, le coussin Stimulite bariatrique haute performance procure un soulagement maximal de la pression, de la stabilit\u00e9 et de l\u2019a\u00e9ration.<\/p>\n<p>Peut supporter un poids allant jusqu\u2019\u00e0 650 livres.[\/vc_column_text][vc_column_text]<\/p>\n<h3>Caract\u00e9ristiques<\/h3>\n<ul>\n<li>7,5 cm d&#8217;\u00e9paisseur<\/li>\n<li>3,2 kg \u00e0 3,6 kg<\/li>\n<li>Lavable<\/li>\n<li>Un tampon d\u2019incontinence s\u2019ins\u00e9rant entre la couche sup\u00e9rieure et inf\u00e9rieure du coussin peut \u00eatre command\u00e9 en option.<\/li>\n<li>Coupe plat seulement<\/li>\n<li>Rev\u00eatement disponible en polyester ou en peau de mouton<\/li>\n<\/ul>\n<p>[\/vc_column_text][\/vc_column][\/vc_row][vc_row id_attribute=&#8221;video&#8221; el_class=&#8221;btn-file-group&#8221;][vc_column][vc_column_text]<\/p>\n<h2>Documentations<\/h2>\n<p>[\/vc_column_text]<a href=\"https:\/\/www.physipro.com\/wp-content\/uploads\/AME-SOUPLE-SUPRACOR-2025.pdf\" target=\"_blank\"class=\"btn btn-default btn-lg\"><i class=\"fa fa- fa-lg\"><\/i> <span>Bon de commande AME Souple<\/span><\/a><a href=\"https:\/\/www.physipro.com\/wp-content\/uploads\/AME-RIGIE-SUPRACOR-2025.pdf\" target=\"_blank\"class=\"btn btn-default btn-lg\"><i class=\"fa fa- fa-lg\"><\/i> <span>Bon de commande AME Rigide<\/span><\/a><a href=\"https:\/\/www.physipro.com\/wp-content\/uploads\/BDC-coussin-SUPRACOR.pdf\" target=\"_blank\"class=\"btn btn-default btn-lg\"><i class=\"fa fa- fa-lg\"><\/i> <span>Bon de commande coussin Stimulite Supracor seuls<\/span><\/a><a href=\"https:\/\/www.physipro.com\/wp-content\/uploads\/2015\/04\/Descriptif_specification_technique_Supracor.pdf\" target=\"_blank\"class=\"btn btn-default btn-lg\"><i class=\"fa fa-file-pdf-o fa-lg\"><\/i> <span>Sp\u00e9cifications Technique Coussin Stimulite<\/span><\/a>[\/vc_column][\/vc_row]<\/p>\n<\/div>","protected":false},"excerpt":{"rendered":"<p>[vc_row full_width=&#8221;stretch_row_content&#8221; el_class=&#8221;btn-group-anchor&#8221;][vc_column][\/vc_column][\/vc_row][vc_row][vc_column width=&#8221;1\/2&#8243; css=&#8221;.vc_custom_1427487258773{padding-top: 30px !important;}&#8221;][vc_single_image image=&#8221;10041&#8243; alignment=&#8221;center&#8221;][\/vc_column][vc_column width=&#8221;1\/2&#8243;][vc_column_text] Coussin Bariatrique [\/vc_column_text][vc_column_text]Compos\u00e9 de deux couches de nids d\u2019abeilles flexibles fusionn\u00e9es \u00e0 une couche de fond robuste, le coussin Stimulite bariatrique haute performance procure un soulagement maximal de la pression, de la stabilit\u00e9 et de l\u2019a\u00e9ration. Peut supporter un poids&#8230;<\/p>\n <p><a class=\"read-more btn btn-primary btn-lg\" href=\"https:\/\/www.physipro.com\/fr\/produit\/stimulitebariatrique\/\">Lire la suite<\/a><\/p>","protected":false},"featured_media":22658,"comment_status":"open","ping_status":"closed","template":"","meta":{"_acf_changed":false},"product_cat":[561],"product_tag":[],"class_list":{"0":"post-2056","1":"product","2":"type-product","3":"status-publish","4":"has-post-thumbnail","6":"product_cat-uncategorized-en-ca","8":"first","9":"instock","10":"shipping-taxable","11":"product-type-simple"},"acf":[],"yoast_head":"<!-- This site is optimized with the Yoast SEO plugin v22.3 - https:\/\/yoast.com\/wordpress\/plugins\/seo\/ -->\n<title>Coussin Stimulite\u00ae Bariatrique - Physipro inc.<\/title>\n<meta name=\"robots\" content=\"index, follow, max-snippet:-1, max-image-preview:large, max-video-preview:-1\" \/>\n<link rel=\"canonical\" href=\"https:\/\/www.physipro.com\/fr\/produit\/stimulitebariatrique\/\" \/>\n<meta property=\"og:locale\" content=\"fr_FR\" \/>\n<meta property=\"og:type\" content=\"article\" \/>\n<meta property=\"og:title\" content=\"Coussin Stimulite\u00ae Bariatrique - Physipro inc.\" \/>\n<meta property=\"og:description\" content=\"[vc_row full_width=&#8221;stretch_row_content&#8221; el_class=&#8221;btn-group-anchor&#8221;][vc_column][\/vc_column][\/vc_row][vc_row][vc_column width=&#8221;1\/2&#8243; css=&#8221;.vc_custom_1427487258773{padding-top: 30px !important;}&#8221;][vc_single_image image=&#8221;10041&#8243; alignment=&#8221;center&#8221;][\/vc_column][vc_column width=&#8221;1\/2&#8243;][vc_column_text] Coussin Bariatrique [\/vc_column_text][vc_column_text]Compos\u00e9 de deux couches de nids d\u2019abeilles flexibles fusionn\u00e9es \u00e0 une couche de fond robuste, le coussin Stimulite bariatrique haute performance procure un soulagement maximal de la pression, de la stabilit\u00e9 et de l\u2019a\u00e9ration. Peut supporter un poids...\" \/>\n<meta property=\"og:url\" content=\"https:\/\/www.physipro.com\/fr\/produit\/stimulitebariatrique\/\" \/>\n<meta property=\"og:site_name\" content=\"Physipro inc.\" \/>\n<meta property=\"article:modified_time\" content=\"2025-01-23T15:48:51+00:00\" \/>\n<meta property=\"og:image\" content=\"https:\/\/www.physipro.com\/wp-content\/uploads\/Bariatric-Cushion_600x600.png\" \/>\n\t<meta property=\"og:image:width\" content=\"600\" \/>\n\t<meta property=\"og:image:height\" content=\"600\" \/>\n\t<meta property=\"og:image:type\" content=\"image\/png\" \/>\n<meta name=\"twitter:label1\" content=\"Dur\u00e9e de lecture estim\u00e9e\" \/>\n\t<meta name=\"twitter:data1\" content=\"2 minutes\" \/>\n<script type=\"application\/ld+json\" class=\"yoast-schema-graph\">{\"@context\":\"https:\/\/schema.org\",\"@graph\":[{\"@type\":\"WebPage\",\"@id\":\"https:\/\/www.physipro.com\/fr\/produit\/stimulitebariatrique\/\",\"url\":\"https:\/\/www.physipro.com\/fr\/produit\/stimulitebariatrique\/\",\"name\":\"Coussin Stimulite\u00ae Bariatrique - Physipro inc.\",\"isPartOf\":{\"@id\":\"https:\/\/www.physipro.com\/#website\"},\"primaryImageOfPage\":{\"@id\":\"https:\/\/www.physipro.com\/fr\/produit\/stimulitebariatrique\/#primaryimage\"},\"image\":{\"@id\":\"https:\/\/www.physipro.com\/fr\/produit\/stimulitebariatrique\/#primaryimage\"},\"thumbnailUrl\":\"https:\/\/www.physipro.com\/wp-content\/uploads\/Bariatric-Cushion_600x600.png\",\"datePublished\":\"2015-03-12T16:05:08+00:00\",\"dateModified\":\"2025-01-23T15:48:51+00:00\",\"breadcrumb\":{\"@id\":\"https:\/\/www.physipro.com\/fr\/produit\/stimulitebariatrique\/#breadcrumb\"},\"inLanguage\":\"fr-FR\",\"potentialAction\":[{\"@type\":\"ReadAction\",\"target\":[\"https:\/\/www.physipro.com\/fr\/produit\/stimulitebariatrique\/\"]}]},{\"@type\":\"ImageObject\",\"inLanguage\":\"fr-FR\",\"@id\":\"https:\/\/www.physipro.com\/fr\/produit\/stimulitebariatrique\/#primaryimage\",\"url\":\"https:\/\/www.physipro.com\/wp-content\/uploads\/Bariatric-Cushion_600x600.png\",\"contentUrl\":\"https:\/\/www.physipro.com\/wp-content\/uploads\/Bariatric-Cushion_600x600.png\",\"width\":600,\"height\":600},{\"@type\":\"BreadcrumbList\",\"@id\":\"https:\/\/www.physipro.com\/fr\/produit\/stimulitebariatrique\/#breadcrumb\",\"itemListElement\":[{\"@type\":\"ListItem\",\"position\":1,\"name\":\"Accueil\",\"item\":\"https:\/\/www.physipro.com\/fr\/\"},{\"@type\":\"ListItem\",\"position\":2,\"name\":\"Boutique\",\"item\":\"https:\/\/www.physipro.com\/fr\/boutique\/\"},{\"@type\":\"ListItem\",\"position\":3,\"name\":\"Coussin Stimulite\u00ae Bariatrique\"}]},{\"@type\":\"WebSite\",\"@id\":\"https:\/\/www.physipro.com\/#website\",\"url\":\"https:\/\/www.physipro.com\/\",\"name\":\"Physipro inc.\",\"description\":\"Un site utilisant WordPress\",\"potentialAction\":[{\"@type\":\"SearchAction\",\"target\":{\"@type\":\"EntryPoint\",\"urlTemplate\":\"https:\/\/www.physipro.com\/?s={search_term_string}\"},\"query-input\":\"required name=search_term_string\"}],\"inLanguage\":\"fr-FR\"}]}<\/script>\n<!-- \/ Yoast SEO plugin. -->","yoast_head_json":{"title":"Coussin Stimulite\u00ae Bariatrique - Physipro inc.","robots":{"index":"index","follow":"follow","max-snippet":"max-snippet:-1","max-image-preview":"max-image-preview:large","max-video-preview":"max-video-preview:-1"},"canonical":"https:\/\/www.physipro.com\/fr\/produit\/stimulitebariatrique\/","og_locale":"fr_FR","og_type":"article","og_title":"Coussin Stimulite\u00ae Bariatrique - Physipro inc.","og_description":"[vc_row full_width=&#8221;stretch_row_content&#8221; el_class=&#8221;btn-group-anchor&#8221;][vc_column][\/vc_column][\/vc_row][vc_row][vc_column width=&#8221;1\/2&#8243; css=&#8221;.vc_custom_1427487258773{padding-top: 30px !important;}&#8221;][vc_single_image image=&#8221;10041&#8243; alignment=&#8221;center&#8221;][\/vc_column][vc_column width=&#8221;1\/2&#8243;][vc_column_text] Coussin Bariatrique [\/vc_column_text][vc_column_text]Compos\u00e9 de deux couches de nids d\u2019abeilles flexibles fusionn\u00e9es \u00e0 une couche de fond robuste, le coussin Stimulite bariatrique haute performance procure un soulagement maximal de la pression, de la stabilit\u00e9 et de l\u2019a\u00e9ration. Peut supporter un poids...","og_url":"https:\/\/www.physipro.com\/fr\/produit\/stimulitebariatrique\/","og_site_name":"Physipro inc.","article_modified_time":"2025-01-23T15:48:51+00:00","og_image":[{"width":600,"height":600,"url":"https:\/\/www.physipro.com\/wp-content\/uploads\/Bariatric-Cushion_600x600.png","type":"image\/png"}],"twitter_misc":{"Dur\u00e9e de lecture estim\u00e9e":"2 minutes"},"schema":{"@context":"https:\/\/schema.org","@graph":[{"@type":"WebPage","@id":"https:\/\/www.physipro.com\/fr\/produit\/stimulitebariatrique\/","url":"https:\/\/www.physipro.com\/fr\/produit\/stimulitebariatrique\/","name":"Coussin Stimulite\u00ae Bariatrique - Physipro inc.","isPartOf":{"@id":"https:\/\/www.physipro.com\/#website"},"primaryImageOfPage":{"@id":"https:\/\/www.physipro.com\/fr\/produit\/stimulitebariatrique\/#primaryimage"},"image":{"@id":"https:\/\/www.physipro.com\/fr\/produit\/stimulitebariatrique\/#primaryimage"},"thumbnailUrl":"https:\/\/www.physipro.com\/wp-content\/uploads\/Bariatric-Cushion_600x600.png","datePublished":"2015-03-12T16:05:08+00:00","dateModified":"2025-01-23T15:48:51+00:00","breadcrumb":{"@id":"https:\/\/www.physipro.com\/fr\/produit\/stimulitebariatrique\/#breadcrumb"},"inLanguage":"fr-FR","potentialAction":[{"@type":"ReadAction","target":["https:\/\/www.physipro.com\/fr\/produit\/stimulitebariatrique\/"]}]},{"@type":"ImageObject","inLanguage":"fr-FR","@id":"https:\/\/www.physipro.com\/fr\/produit\/stimulitebariatrique\/#primaryimage","url":"https:\/\/www.physipro.com\/wp-content\/uploads\/Bariatric-Cushion_600x600.png","contentUrl":"https:\/\/www.physipro.com\/wp-content\/uploads\/Bariatric-Cushion_600x600.png","width":600,"height":600},{"@type":"BreadcrumbList","@id":"https:\/\/www.physipro.com\/fr\/produit\/stimulitebariatrique\/#breadcrumb","itemListElement":[{"@type":"ListItem","position":1,"name":"Accueil","item":"https:\/\/www.physipro.com\/fr\/"},{"@type":"ListItem","position":2,"name":"Boutique","item":"https:\/\/www.physipro.com\/fr\/boutique\/"},{"@type":"ListItem","position":3,"name":"Coussin Stimulite\u00ae Bariatrique"}]},{"@type":"WebSite","@id":"https:\/\/www.physipro.com\/#website","url":"https:\/\/www.physipro.com\/","name":"Physipro inc.","description":"Un site utilisant WordPress","potentialAction":[{"@type":"SearchAction","target":{"@type":"EntryPoint","urlTemplate":"https:\/\/www.physipro.com\/?s={search_term_string}"},"query-input":"required name=search_term_string"}],"inLanguage":"fr-FR"}]}},"_links":{"self":[{"href":"https:\/\/www.physipro.com\/fr\/wp-json\/wp\/v2\/product\/2056","targetHints":{"allow":["GET"]}}],"collection":[{"href":"https:\/\/www.physipro.com\/fr\/wp-json\/wp\/v2\/product"}],"about":[{"href":"https:\/\/www.physipro.com\/fr\/wp-json\/wp\/v2\/types\/product"}],"replies":[{"embeddable":true,"href":"https:\/\/www.physipro.com\/fr\/wp-json\/wp\/v2\/comments?post=2056"}],"wp:featuredmedia":[{"embeddable":true,"href":"https:\/\/www.physipro.com\/fr\/wp-json\/wp\/v2\/media\/22658"}],"wp:attachment":[{"href":"https:\/\/www.physipro.com\/fr\/wp-json\/wp\/v2\/media?parent=2056"}],"wp:term":[{"taxonomy":"product_cat","embeddable":true,"href":"https:\/\/www.physipro.com\/fr\/wp-json\/wp\/v2\/product_cat?post=2056"},{"taxonomy":"product_tag","embeddable":true,"href":"https:\/\/www.physipro.com\/fr\/wp-json\/wp\/v2\/product_tag?post=2056"}],"curies":[{"name":"wp","href":"https:\/\/api.w.org\/{rel}","templated":true}]}}