{"id":2333,"date":"2015-03-12T20:37:50","date_gmt":"2015-03-12T20:40:19","guid":{"rendered":"https:\/\/www.physipro.com\/?post_type=product&#038;p=2333"},"modified":"2022-03-14T18:52:14","modified_gmt":"2022-03-14T18:52:14","slug":"ceinture-stabilisatrice-coussinee","status":"publish","type":"product","link":"https:\/\/www.physipro.com\/fr\/produit\/ceinture-stabilisatrice-coussinee\/","title":{"rendered":"Ceinture Stabilisatrice Coussin\u00e9e"},"content":{"rendered":"<div class=\"wpb-content-wrapper\"><p>[vc_row full_width=&#8221;stretch_row_content&#8221; el_class=&#8221;btn-group-anchor&#8221;][vc_column]<a href=\"#video\" class=\"btn btn-default\"> <span>Documentations<\/span><\/a>[\/vc_column][\/vc_row][vc_row][vc_column width=&#8221;1\/2&#8243;][vc_gallery interval=&#8221;3&#8243; images=&#8221;10847,10852,12464&#8243; img_size=&#8221;full&#8221;][\/vc_column][vc_column width=&#8221;1\/2&#8243;][vc_column_text]<\/p>\n<h2>Ceinture Stabilisatrice Coussin\u00e9e<\/h2>\n<p>[\/vc_column_text][vc_column_text]Accompagn\u00e9e de plastrons en N\u00e9opr\u00e8ne, cette courroie\u00a0quatre pointes permet d\u2019obtenir un meilleur support du bassin au niveau des cr\u00eates iliaques et au niveau crural ; contr\u00f4lant ainsi le champ de spasticit\u00e9. La deuxi\u00e8me courroie, install\u00e9e en crural, retient la premi\u00e8re pour permettre \u00e0 chacune de garder leur direction respective. Disponible pour enfant et pour adulte.[\/vc_column_text][\/vc_column][\/vc_row][vc_row id_attribute=&#8221;video&#8221; el_class=&#8221;btn-file-group&#8221;][vc_column][vc_column_text]<\/p>\n<h2>Documentations<\/h2>\n<p>[\/vc_column_text]<a href=\"https:\/\/www.physipro.com\/wp-content\/uploads\/Manuel_Utilisation_Ceinture_coussinee_4_points.pdf\" target=\"_blank\"class=\"btn btn-default btn-lg\"><i class=\"fa fa- fa-lg\"><\/i> <span>Manuel d'utilisation<\/span><\/a><a href=\"https:\/\/www.physipro.com\/wp-content\/uploads\/2015\/04\/BDC-2026-Ceintures-Plastron-Harnais-clic.pdf\" target=\"_blank\"class=\"btn btn-default btn-lg\"><i class=\"fa fa- fa-lg\"><\/i> <span>Bon de commande<\/span><\/a>[\/vc_column][\/vc_row]<\/p>\n<\/div>","protected":false},"excerpt":{"rendered":"<p>[vc_row full_width=&#8221;stretch_row_content&#8221; el_class=&#8221;btn-group-anchor&#8221;][vc_column][\/vc_column][\/vc_row][vc_row][vc_column width=&#8221;1\/2&#8243;][vc_gallery interval=&#8221;3&#8243; images=&#8221;10847,10852,12464&#8243; img_size=&#8221;full&#8221;][\/vc_column][vc_column width=&#8221;1\/2&#8243;][vc_column_text] Ceinture Stabilisatrice Coussin\u00e9e [\/vc_column_text][vc_column_text]Accompagn\u00e9e de plastrons en N\u00e9opr\u00e8ne, cette courroie\u00a0quatre pointes permet d\u2019obtenir un meilleur support du bassin au niveau des cr\u00eates iliaques et au niveau crural ; contr\u00f4lant ainsi le champ de spasticit\u00e9. La deuxi\u00e8me courroie, install\u00e9e en crural, retient la&#8230;<\/p>\n <p><a class=\"read-more btn btn-primary btn-lg\" href=\"https:\/\/www.physipro.com\/fr\/produit\/ceinture-stabilisatrice-coussinee\/\">Lire la suite<\/a><\/p>","protected":false},"featured_media":23097,"comment_status":"open","ping_status":"closed","template":"","meta":{"_acf_changed":false},"product_cat":[44,45],"product_tag":[],"class_list":{"0":"post-2333","1":"product","2":"type-product","3":"status-publish","4":"has-post-thumbnail","6":"product_cat-positionnement-et-systemes-stabilisateurs-fr","7":"product_cat-positionnement-pelvien-fr","9":"first","10":"instock","11":"shipping-taxable","12":"product-type-simple"},"acf":[],"yoast_head":"<!-- This site is optimized with the Yoast SEO plugin v22.3 - https:\/\/yoast.com\/wordpress\/plugins\/seo\/ -->\n<title>Ceinture Stabilisatrice Coussin\u00e9e - Physipro inc.<\/title>\n<meta name=\"robots\" content=\"index, follow, max-snippet:-1, max-image-preview:large, max-video-preview:-1\" \/>\n<link rel=\"canonical\" href=\"https:\/\/www.physipro.com\/fr\/produit\/ceinture-stabilisatrice-coussinee\/\" \/>\n<meta property=\"og:locale\" content=\"fr_FR\" \/>\n<meta property=\"og:type\" content=\"article\" \/>\n<meta property=\"og:title\" content=\"Ceinture Stabilisatrice Coussin\u00e9e - Physipro inc.\" \/>\n<meta property=\"og:description\" content=\"[vc_row full_width=&#8221;stretch_row_content&#8221; el_class=&#8221;btn-group-anchor&#8221;][vc_column][\/vc_column][\/vc_row][vc_row][vc_column width=&#8221;1\/2&#8243;][vc_gallery interval=&#8221;3&#8243; images=&#8221;10847,10852,12464&#8243; img_size=&#8221;full&#8221;][\/vc_column][vc_column width=&#8221;1\/2&#8243;][vc_column_text] Ceinture Stabilisatrice Coussin\u00e9e [\/vc_column_text][vc_column_text]Accompagn\u00e9e de plastrons en N\u00e9opr\u00e8ne, cette courroie\u00a0quatre pointes permet d\u2019obtenir un meilleur support du bassin au niveau des cr\u00eates iliaques et au niveau crural ; contr\u00f4lant ainsi le champ de spasticit\u00e9. La deuxi\u00e8me courroie, install\u00e9e en crural, retient la...\" \/>\n<meta property=\"og:url\" content=\"https:\/\/www.physipro.com\/fr\/produit\/ceinture-stabilisatrice-coussinee\/\" \/>\n<meta property=\"og:site_name\" content=\"Physipro inc.\" \/>\n<meta property=\"article:modified_time\" content=\"2022-03-14T18:52:14+00:00\" \/>\n<meta property=\"og:image\" content=\"https:\/\/www.physipro.com\/wp-content\/uploads\/ceinture_4_pts_adulte-600x600.png\" \/>\n\t<meta property=\"og:image:width\" content=\"800\" \/>\n\t<meta property=\"og:image:height\" content=\"800\" \/>\n\t<meta property=\"og:image:type\" content=\"image\/png\" \/>\n<meta name=\"twitter:label1\" content=\"Dur\u00e9e de lecture estim\u00e9e\" \/>\n\t<meta name=\"twitter:data1\" content=\"1 minute\" \/>\n<script type=\"application\/ld+json\" class=\"yoast-schema-graph\">{\"@context\":\"https:\/\/schema.org\",\"@graph\":[{\"@type\":\"WebPage\",\"@id\":\"https:\/\/www.physipro.com\/fr\/produit\/ceinture-stabilisatrice-coussinee\/\",\"url\":\"https:\/\/www.physipro.com\/fr\/produit\/ceinture-stabilisatrice-coussinee\/\",\"name\":\"Ceinture Stabilisatrice Coussin\u00e9e - Physipro inc.\",\"isPartOf\":{\"@id\":\"https:\/\/www.physipro.com\/#website\"},\"primaryImageOfPage\":{\"@id\":\"https:\/\/www.physipro.com\/fr\/produit\/ceinture-stabilisatrice-coussinee\/#primaryimage\"},\"image\":{\"@id\":\"https:\/\/www.physipro.com\/fr\/produit\/ceinture-stabilisatrice-coussinee\/#primaryimage\"},\"thumbnailUrl\":\"https:\/\/www.physipro.com\/wp-content\/uploads\/ceinture_4_pts_adulte-600x600.png\",\"datePublished\":\"2015-03-12T20:40:19+00:00\",\"dateModified\":\"2022-03-14T18:52:14+00:00\",\"breadcrumb\":{\"@id\":\"https:\/\/www.physipro.com\/fr\/produit\/ceinture-stabilisatrice-coussinee\/#breadcrumb\"},\"inLanguage\":\"fr-FR\",\"potentialAction\":[{\"@type\":\"ReadAction\",\"target\":[\"https:\/\/www.physipro.com\/fr\/produit\/ceinture-stabilisatrice-coussinee\/\"]}]},{\"@type\":\"ImageObject\",\"inLanguage\":\"fr-FR\",\"@id\":\"https:\/\/www.physipro.com\/fr\/produit\/ceinture-stabilisatrice-coussinee\/#primaryimage\",\"url\":\"https:\/\/www.physipro.com\/wp-content\/uploads\/ceinture_4_pts_adulte-600x600.png\",\"contentUrl\":\"https:\/\/www.physipro.com\/wp-content\/uploads\/ceinture_4_pts_adulte-600x600.png\",\"width\":800,\"height\":800},{\"@type\":\"BreadcrumbList\",\"@id\":\"https:\/\/www.physipro.com\/fr\/produit\/ceinture-stabilisatrice-coussinee\/#breadcrumb\",\"itemListElement\":[{\"@type\":\"ListItem\",\"position\":1,\"name\":\"Accueil\",\"item\":\"https:\/\/www.physipro.com\/fr\/\"},{\"@type\":\"ListItem\",\"position\":2,\"name\":\"Boutique\",\"item\":\"https:\/\/www.physipro.com\/fr\/boutique\/\"},{\"@type\":\"ListItem\",\"position\":3,\"name\":\"Ceinture Stabilisatrice Coussin\u00e9e\"}]},{\"@type\":\"WebSite\",\"@id\":\"https:\/\/www.physipro.com\/#website\",\"url\":\"https:\/\/www.physipro.com\/\",\"name\":\"Physipro inc.\",\"description\":\"Un site utilisant WordPress\",\"potentialAction\":[{\"@type\":\"SearchAction\",\"target\":{\"@type\":\"EntryPoint\",\"urlTemplate\":\"https:\/\/www.physipro.com\/?s={search_term_string}\"},\"query-input\":\"required name=search_term_string\"}],\"inLanguage\":\"fr-FR\"}]}<\/script>\n<!-- \/ Yoast SEO plugin. -->","yoast_head_json":{"title":"Ceinture Stabilisatrice Coussin\u00e9e - Physipro inc.","robots":{"index":"index","follow":"follow","max-snippet":"max-snippet:-1","max-image-preview":"max-image-preview:large","max-video-preview":"max-video-preview:-1"},"canonical":"https:\/\/www.physipro.com\/fr\/produit\/ceinture-stabilisatrice-coussinee\/","og_locale":"fr_FR","og_type":"article","og_title":"Ceinture Stabilisatrice Coussin\u00e9e - Physipro inc.","og_description":"[vc_row full_width=&#8221;stretch_row_content&#8221; el_class=&#8221;btn-group-anchor&#8221;][vc_column][\/vc_column][\/vc_row][vc_row][vc_column width=&#8221;1\/2&#8243;][vc_gallery interval=&#8221;3&#8243; images=&#8221;10847,10852,12464&#8243; img_size=&#8221;full&#8221;][\/vc_column][vc_column width=&#8221;1\/2&#8243;][vc_column_text] Ceinture Stabilisatrice Coussin\u00e9e [\/vc_column_text][vc_column_text]Accompagn\u00e9e de plastrons en N\u00e9opr\u00e8ne, cette courroie\u00a0quatre pointes permet d\u2019obtenir un meilleur support du bassin au niveau des cr\u00eates iliaques et au niveau crural ; contr\u00f4lant ainsi le champ de spasticit\u00e9. La deuxi\u00e8me courroie, install\u00e9e en crural, retient la...","og_url":"https:\/\/www.physipro.com\/fr\/produit\/ceinture-stabilisatrice-coussinee\/","og_site_name":"Physipro inc.","article_modified_time":"2022-03-14T18:52:14+00:00","og_image":[{"width":800,"height":800,"url":"https:\/\/www.physipro.com\/wp-content\/uploads\/ceinture_4_pts_adulte-600x600.png","type":"image\/png"}],"twitter_misc":{"Dur\u00e9e de lecture estim\u00e9e":"1 minute"},"schema":{"@context":"https:\/\/schema.org","@graph":[{"@type":"WebPage","@id":"https:\/\/www.physipro.com\/fr\/produit\/ceinture-stabilisatrice-coussinee\/","url":"https:\/\/www.physipro.com\/fr\/produit\/ceinture-stabilisatrice-coussinee\/","name":"Ceinture Stabilisatrice Coussin\u00e9e - Physipro inc.","isPartOf":{"@id":"https:\/\/www.physipro.com\/#website"},"primaryImageOfPage":{"@id":"https:\/\/www.physipro.com\/fr\/produit\/ceinture-stabilisatrice-coussinee\/#primaryimage"},"image":{"@id":"https:\/\/www.physipro.com\/fr\/produit\/ceinture-stabilisatrice-coussinee\/#primaryimage"},"thumbnailUrl":"https:\/\/www.physipro.com\/wp-content\/uploads\/ceinture_4_pts_adulte-600x600.png","datePublished":"2015-03-12T20:40:19+00:00","dateModified":"2022-03-14T18:52:14+00:00","breadcrumb":{"@id":"https:\/\/www.physipro.com\/fr\/produit\/ceinture-stabilisatrice-coussinee\/#breadcrumb"},"inLanguage":"fr-FR","potentialAction":[{"@type":"ReadAction","target":["https:\/\/www.physipro.com\/fr\/produit\/ceinture-stabilisatrice-coussinee\/"]}]},{"@type":"ImageObject","inLanguage":"fr-FR","@id":"https:\/\/www.physipro.com\/fr\/produit\/ceinture-stabilisatrice-coussinee\/#primaryimage","url":"https:\/\/www.physipro.com\/wp-content\/uploads\/ceinture_4_pts_adulte-600x600.png","contentUrl":"https:\/\/www.physipro.com\/wp-content\/uploads\/ceinture_4_pts_adulte-600x600.png","width":800,"height":800},{"@type":"BreadcrumbList","@id":"https:\/\/www.physipro.com\/fr\/produit\/ceinture-stabilisatrice-coussinee\/#breadcrumb","itemListElement":[{"@type":"ListItem","position":1,"name":"Accueil","item":"https:\/\/www.physipro.com\/fr\/"},{"@type":"ListItem","position":2,"name":"Boutique","item":"https:\/\/www.physipro.com\/fr\/boutique\/"},{"@type":"ListItem","position":3,"name":"Ceinture Stabilisatrice Coussin\u00e9e"}]},{"@type":"WebSite","@id":"https:\/\/www.physipro.com\/#website","url":"https:\/\/www.physipro.com\/","name":"Physipro inc.","description":"Un site utilisant WordPress","potentialAction":[{"@type":"SearchAction","target":{"@type":"EntryPoint","urlTemplate":"https:\/\/www.physipro.com\/?s={search_term_string}"},"query-input":"required name=search_term_string"}],"inLanguage":"fr-FR"}]}},"_links":{"self":[{"href":"https:\/\/www.physipro.com\/fr\/wp-json\/wp\/v2\/product\/2333","targetHints":{"allow":["GET"]}}],"collection":[{"href":"https:\/\/www.physipro.com\/fr\/wp-json\/wp\/v2\/product"}],"about":[{"href":"https:\/\/www.physipro.com\/fr\/wp-json\/wp\/v2\/types\/product"}],"replies":[{"embeddable":true,"href":"https:\/\/www.physipro.com\/fr\/wp-json\/wp\/v2\/comments?post=2333"}],"wp:featuredmedia":[{"embeddable":true,"href":"https:\/\/www.physipro.com\/fr\/wp-json\/wp\/v2\/media\/23097"}],"wp:attachment":[{"href":"https:\/\/www.physipro.com\/fr\/wp-json\/wp\/v2\/media?parent=2333"}],"wp:term":[{"taxonomy":"product_cat","embeddable":true,"href":"https:\/\/www.physipro.com\/fr\/wp-json\/wp\/v2\/product_cat?post=2333"},{"taxonomy":"product_tag","embeddable":true,"href":"https:\/\/www.physipro.com\/fr\/wp-json\/wp\/v2\/product_tag?post=2333"}],"curies":[{"name":"wp","href":"https:\/\/api.w.org\/{rel}","templated":true}]}}