{"id":2348,"date":"2015-03-12T22:47:52","date_gmt":"2015-03-12T22:53:24","guid":{"rendered":"https:\/\/www.physipro.com\/?post_type=product&#038;p=2348"},"modified":"2022-03-14T17:42:47","modified_gmt":"2022-03-14T17:42:47","slug":"ceinturemetal","status":"publish","type":"product","link":"https:\/\/www.physipro.com\/fr\/produit\/ceinturemetal\/","title":{"rendered":"Ceinture avec boucle de m\u00e9tal"},"content":{"rendered":"<div class=\"wpb-content-wrapper\"><p>[vc_row css=&#8221;.vc_custom_1428343327976{padding-top: 100px !important;}&#8221;][vc_column width=&#8221;1\/2&#8243;][vc_single_image image=&#8221;10816&#8243; alignment=&#8221;center&#8221;][\/vc_column][vc_column width=&#8221;1\/2&#8243;][vc_column_text]<\/p>\n<h2>Ceinture avec boucle de m\u00e9tal<\/h2>\n<p>[\/vc_column_text][vc_column_text]Tr\u00e8s s\u00e9curitaire, gr\u00e2ce \u00e0 sa boucle de m\u00e9tal type auto, cette courroie \u00e0 double ajustement est obligatoire dans les transports adapt\u00e9s.[\/vc_column_text][\/vc_column][\/vc_row][vc_row el_class=&#8221;btn-file-group&#8221; id_attribute=&#8221;video&#8221;][vc_column][vc_column_text]<\/p>\n<h2>Documentations<\/h2>\n<p>[\/vc_column_text]<a href=\"https:\/\/www.physipro.com\/wp-content\/uploads\/Manuel_Utilisation_Ceinture_a_double_ajustement.pdf\" target=\"_blank\"class=\"btn btn-default btn-lg\"><i class=\"fa fa- fa-lg\"><\/i> <span>Manuel d'utilisation<\/span><\/a><a href=\"https:\/\/www.physipro.com\/wp-content\/uploads\/2015\/04\/BDC-2026-Ceintures-Plastron-Harnais-clic.pdf\" target=\"_blank\"class=\"btn btn-default btn-lg\"><i class=\"fa fa- fa-lg\"><\/i> <span>Bon de commande<\/span><\/a>[\/vc_column][\/vc_row]<\/p>\n<\/div>","protected":false},"excerpt":{"rendered":"<p>[vc_row css=&#8221;.vc_custom_1428343327976{padding-top: 100px !important;}&#8221;][vc_column width=&#8221;1\/2&#8243;][vc_single_image image=&#8221;10816&#8243; alignment=&#8221;center&#8221;][\/vc_column][vc_column width=&#8221;1\/2&#8243;][vc_column_text] Ceinture avec boucle de m\u00e9tal [\/vc_column_text][vc_column_text]Tr\u00e8s s\u00e9curitaire, gr\u00e2ce \u00e0 sa boucle de m\u00e9tal type auto, cette courroie \u00e0 double ajustement est obligatoire dans les transports adapt\u00e9s.[\/vc_column_text][\/vc_column][\/vc_row][vc_row el_class=&#8221;btn-file-group&#8221; id_attribute=&#8221;video&#8221;][vc_column][vc_column_text] Documentations [\/vc_column_text][\/vc_column][\/vc_row]<\/p>\n <p><a class=\"read-more btn btn-primary btn-lg\" href=\"https:\/\/www.physipro.com\/fr\/produit\/ceinturemetal\/\">Lire la suite<\/a><\/p>","protected":false},"featured_media":23082,"comment_status":"open","ping_status":"closed","template":"","meta":{"_acf_changed":false},"product_cat":[45],"product_tag":[],"class_list":{"0":"post-2348","1":"product","2":"type-product","3":"status-publish","4":"has-post-thumbnail","6":"product_cat-positionnement-pelvien-fr","8":"first","9":"instock","10":"shipping-taxable","11":"product-type-simple"},"acf":[],"yoast_head":"<!-- This site is optimized with the Yoast SEO plugin v22.3 - https:\/\/yoast.com\/wordpress\/plugins\/seo\/ -->\n<title>Ceinture avec boucle de m\u00e9tal - Physipro inc.<\/title>\n<meta name=\"robots\" content=\"index, follow, max-snippet:-1, max-image-preview:large, max-video-preview:-1\" \/>\n<link rel=\"canonical\" href=\"https:\/\/www.physipro.com\/fr\/produit\/ceinturemetal\/\" \/>\n<meta property=\"og:locale\" content=\"fr_FR\" \/>\n<meta property=\"og:type\" content=\"article\" \/>\n<meta property=\"og:title\" content=\"Ceinture avec boucle de m\u00e9tal - Physipro inc.\" \/>\n<meta property=\"og:description\" content=\"[vc_row css=&#8221;.vc_custom_1428343327976{padding-top: 100px !important;}&#8221;][vc_column width=&#8221;1\/2&#8243;][vc_single_image image=&#8221;10816&#8243; alignment=&#8221;center&#8221;][\/vc_column][vc_column width=&#8221;1\/2&#8243;][vc_column_text] Ceinture avec boucle de m\u00e9tal [\/vc_column_text][vc_column_text]Tr\u00e8s s\u00e9curitaire, gr\u00e2ce \u00e0 sa boucle de m\u00e9tal type auto, cette courroie \u00e0 double ajustement est obligatoire dans les transports adapt\u00e9s.[\/vc_column_text][\/vc_column][\/vc_row][vc_row el_class=&#8221;btn-file-group&#8221; id_attribute=&#8221;video&#8221;][vc_column][vc_column_text] Documentations [\/vc_column_text][\/vc_column][\/vc_row]\" \/>\n<meta property=\"og:url\" content=\"https:\/\/www.physipro.com\/fr\/produit\/ceinturemetal\/\" \/>\n<meta property=\"og:site_name\" content=\"Physipro inc.\" \/>\n<meta property=\"article:modified_time\" content=\"2022-03-14T17:42:47+00:00\" \/>\n<meta property=\"og:image\" content=\"https:\/\/www.physipro.com\/wp-content\/uploads\/Boucle_Auto_2-600x600.png\" \/>\n\t<meta property=\"og:image:width\" content=\"3204\" \/>\n\t<meta property=\"og:image:height\" content=\"3204\" \/>\n\t<meta property=\"og:image:type\" content=\"image\/png\" \/>\n<meta name=\"twitter:label1\" content=\"Dur\u00e9e de lecture estim\u00e9e\" \/>\n\t<meta name=\"twitter:data1\" content=\"1 minute\" \/>\n<script type=\"application\/ld+json\" class=\"yoast-schema-graph\">{\"@context\":\"https:\/\/schema.org\",\"@graph\":[{\"@type\":\"WebPage\",\"@id\":\"https:\/\/www.physipro.com\/fr\/produit\/ceinturemetal\/\",\"url\":\"https:\/\/www.physipro.com\/fr\/produit\/ceinturemetal\/\",\"name\":\"Ceinture avec boucle de m\u00e9tal - Physipro inc.\",\"isPartOf\":{\"@id\":\"https:\/\/www.physipro.com\/#website\"},\"primaryImageOfPage\":{\"@id\":\"https:\/\/www.physipro.com\/fr\/produit\/ceinturemetal\/#primaryimage\"},\"image\":{\"@id\":\"https:\/\/www.physipro.com\/fr\/produit\/ceinturemetal\/#primaryimage\"},\"thumbnailUrl\":\"https:\/\/www.physipro.com\/wp-content\/uploads\/Boucle_Auto_2-600x600.png\",\"datePublished\":\"2015-03-12T22:53:24+00:00\",\"dateModified\":\"2022-03-14T17:42:47+00:00\",\"breadcrumb\":{\"@id\":\"https:\/\/www.physipro.com\/fr\/produit\/ceinturemetal\/#breadcrumb\"},\"inLanguage\":\"fr-FR\",\"potentialAction\":[{\"@type\":\"ReadAction\",\"target\":[\"https:\/\/www.physipro.com\/fr\/produit\/ceinturemetal\/\"]}]},{\"@type\":\"ImageObject\",\"inLanguage\":\"fr-FR\",\"@id\":\"https:\/\/www.physipro.com\/fr\/produit\/ceinturemetal\/#primaryimage\",\"url\":\"https:\/\/www.physipro.com\/wp-content\/uploads\/Boucle_Auto_2-600x600.png\",\"contentUrl\":\"https:\/\/www.physipro.com\/wp-content\/uploads\/Boucle_Auto_2-600x600.png\",\"width\":3204,\"height\":3204},{\"@type\":\"BreadcrumbList\",\"@id\":\"https:\/\/www.physipro.com\/fr\/produit\/ceinturemetal\/#breadcrumb\",\"itemListElement\":[{\"@type\":\"ListItem\",\"position\":1,\"name\":\"Accueil\",\"item\":\"https:\/\/www.physipro.com\/fr\/\"},{\"@type\":\"ListItem\",\"position\":2,\"name\":\"Boutique\",\"item\":\"https:\/\/www.physipro.com\/fr\/boutique\/\"},{\"@type\":\"ListItem\",\"position\":3,\"name\":\"Ceinture avec boucle de m\u00e9tal\"}]},{\"@type\":\"WebSite\",\"@id\":\"https:\/\/www.physipro.com\/#website\",\"url\":\"https:\/\/www.physipro.com\/\",\"name\":\"Physipro inc.\",\"description\":\"Un site utilisant WordPress\",\"potentialAction\":[{\"@type\":\"SearchAction\",\"target\":{\"@type\":\"EntryPoint\",\"urlTemplate\":\"https:\/\/www.physipro.com\/?s={search_term_string}\"},\"query-input\":\"required name=search_term_string\"}],\"inLanguage\":\"fr-FR\"}]}<\/script>\n<!-- \/ Yoast SEO plugin. -->","yoast_head_json":{"title":"Ceinture avec boucle de m\u00e9tal - Physipro inc.","robots":{"index":"index","follow":"follow","max-snippet":"max-snippet:-1","max-image-preview":"max-image-preview:large","max-video-preview":"max-video-preview:-1"},"canonical":"https:\/\/www.physipro.com\/fr\/produit\/ceinturemetal\/","og_locale":"fr_FR","og_type":"article","og_title":"Ceinture avec boucle de m\u00e9tal - Physipro inc.","og_description":"[vc_row css=&#8221;.vc_custom_1428343327976{padding-top: 100px !important;}&#8221;][vc_column width=&#8221;1\/2&#8243;][vc_single_image image=&#8221;10816&#8243; alignment=&#8221;center&#8221;][\/vc_column][vc_column width=&#8221;1\/2&#8243;][vc_column_text] Ceinture avec boucle de m\u00e9tal [\/vc_column_text][vc_column_text]Tr\u00e8s s\u00e9curitaire, gr\u00e2ce \u00e0 sa boucle de m\u00e9tal type auto, cette courroie \u00e0 double ajustement est obligatoire dans les transports adapt\u00e9s.[\/vc_column_text][\/vc_column][\/vc_row][vc_row el_class=&#8221;btn-file-group&#8221; id_attribute=&#8221;video&#8221;][vc_column][vc_column_text] Documentations [\/vc_column_text][\/vc_column][\/vc_row]","og_url":"https:\/\/www.physipro.com\/fr\/produit\/ceinturemetal\/","og_site_name":"Physipro inc.","article_modified_time":"2022-03-14T17:42:47+00:00","og_image":[{"width":3204,"height":3204,"url":"https:\/\/www.physipro.com\/wp-content\/uploads\/Boucle_Auto_2-600x600.png","type":"image\/png"}],"twitter_misc":{"Dur\u00e9e de lecture estim\u00e9e":"1 minute"},"schema":{"@context":"https:\/\/schema.org","@graph":[{"@type":"WebPage","@id":"https:\/\/www.physipro.com\/fr\/produit\/ceinturemetal\/","url":"https:\/\/www.physipro.com\/fr\/produit\/ceinturemetal\/","name":"Ceinture avec boucle de m\u00e9tal - Physipro inc.","isPartOf":{"@id":"https:\/\/www.physipro.com\/#website"},"primaryImageOfPage":{"@id":"https:\/\/www.physipro.com\/fr\/produit\/ceinturemetal\/#primaryimage"},"image":{"@id":"https:\/\/www.physipro.com\/fr\/produit\/ceinturemetal\/#primaryimage"},"thumbnailUrl":"https:\/\/www.physipro.com\/wp-content\/uploads\/Boucle_Auto_2-600x600.png","datePublished":"2015-03-12T22:53:24+00:00","dateModified":"2022-03-14T17:42:47+00:00","breadcrumb":{"@id":"https:\/\/www.physipro.com\/fr\/produit\/ceinturemetal\/#breadcrumb"},"inLanguage":"fr-FR","potentialAction":[{"@type":"ReadAction","target":["https:\/\/www.physipro.com\/fr\/produit\/ceinturemetal\/"]}]},{"@type":"ImageObject","inLanguage":"fr-FR","@id":"https:\/\/www.physipro.com\/fr\/produit\/ceinturemetal\/#primaryimage","url":"https:\/\/www.physipro.com\/wp-content\/uploads\/Boucle_Auto_2-600x600.png","contentUrl":"https:\/\/www.physipro.com\/wp-content\/uploads\/Boucle_Auto_2-600x600.png","width":3204,"height":3204},{"@type":"BreadcrumbList","@id":"https:\/\/www.physipro.com\/fr\/produit\/ceinturemetal\/#breadcrumb","itemListElement":[{"@type":"ListItem","position":1,"name":"Accueil","item":"https:\/\/www.physipro.com\/fr\/"},{"@type":"ListItem","position":2,"name":"Boutique","item":"https:\/\/www.physipro.com\/fr\/boutique\/"},{"@type":"ListItem","position":3,"name":"Ceinture avec boucle de m\u00e9tal"}]},{"@type":"WebSite","@id":"https:\/\/www.physipro.com\/#website","url":"https:\/\/www.physipro.com\/","name":"Physipro inc.","description":"Un site utilisant WordPress","potentialAction":[{"@type":"SearchAction","target":{"@type":"EntryPoint","urlTemplate":"https:\/\/www.physipro.com\/?s={search_term_string}"},"query-input":"required name=search_term_string"}],"inLanguage":"fr-FR"}]}},"_links":{"self":[{"href":"https:\/\/www.physipro.com\/fr\/wp-json\/wp\/v2\/product\/2348","targetHints":{"allow":["GET"]}}],"collection":[{"href":"https:\/\/www.physipro.com\/fr\/wp-json\/wp\/v2\/product"}],"about":[{"href":"https:\/\/www.physipro.com\/fr\/wp-json\/wp\/v2\/types\/product"}],"replies":[{"embeddable":true,"href":"https:\/\/www.physipro.com\/fr\/wp-json\/wp\/v2\/comments?post=2348"}],"wp:featuredmedia":[{"embeddable":true,"href":"https:\/\/www.physipro.com\/fr\/wp-json\/wp\/v2\/media\/23082"}],"wp:attachment":[{"href":"https:\/\/www.physipro.com\/fr\/wp-json\/wp\/v2\/media?parent=2348"}],"wp:term":[{"taxonomy":"product_cat","embeddable":true,"href":"https:\/\/www.physipro.com\/fr\/wp-json\/wp\/v2\/product_cat?post=2348"},{"taxonomy":"product_tag","embeddable":true,"href":"https:\/\/www.physipro.com\/fr\/wp-json\/wp\/v2\/product_tag?post=2348"}],"curies":[{"name":"wp","href":"https:\/\/api.w.org\/{rel}","templated":true}]}}