{"id":2389,"date":"2015-03-13T12:06:37","date_gmt":"2015-03-13T12:07:34","guid":{"rendered":"https:\/\/www.physipro.com\/?post_type=product&#038;p=2389"},"modified":"2022-03-14T18:46:10","modified_gmt":"2022-03-14T18:46:10","slug":"ceinture-coussinee-2","status":"publish","type":"product","link":"https:\/\/www.physipro.com\/fr\/produit\/ceinture-coussinee-2\/","title":{"rendered":"Ceinture coussin\u00e9e"},"content":{"rendered":"<div class=\"wpb-content-wrapper\"><p>[vc_row css=&#8221;.vc_custom_1428346061325{padding-top: 100px !important;}&#8221;][vc_column width=&#8221;1\/2&#8243;][vc_gallery interval=&#8221;3&#8243; images=&#8221;10862,12458&#8243; img_size=&#8221;full&#8221;][\/vc_column][vc_column width=&#8221;1\/2&#8243;][vc_column_text]<\/p>\n<h2>Ceinture coussin\u00e9e<\/h2>\n<p>[\/vc_column_text][vc_column_text]Cette courroie permet un bon alignement du bassin. Elle est munie d\u2019un plastron de N\u00e9opr\u00e8ne qui assure une bonne r\u00e9partition de la pression exerc\u00e9e. Disponible pour enfants et adulte.[\/vc_column_text][\/vc_column][\/vc_row][vc_row el_class=&#8221;btn-file-group&#8221; id_attribute=&#8221;video&#8221;][vc_column][vc_column_text]<\/p>\n<h2>Documentation<\/h2>\n<p>[\/vc_column_text]<a href=\"https:\/\/www.physipro.com\/wp-content\/uploads\/Manuel_Utilisation_Ceinture_Coussinee.pdf\" target=\"_blank\"class=\"btn btn-default btn-lg\"><i class=\"fa fa- fa-lg\"><\/i> <span>Manuel d'utilisation<\/span><\/a><a href=\"https:\/\/www.physipro.com\/wp-content\/uploads\/2015\/04\/BDC-2026-Ceintures-Plastron-Harnais-clic.pdf\" target=\"_blank\"class=\"btn btn-default btn-lg\"><i class=\"fa fa- fa-lg\"><\/i> <span>Bon de commande<\/span><\/a>[\/vc_column][\/vc_row]<\/p>\n<\/div>","protected":false},"excerpt":{"rendered":"<p>[vc_row css=&#8221;.vc_custom_1428346061325{padding-top: 100px !important;}&#8221;][vc_column width=&#8221;1\/2&#8243;][vc_gallery interval=&#8221;3&#8243; images=&#8221;10862,12458&#8243; img_size=&#8221;full&#8221;][\/vc_column][vc_column width=&#8221;1\/2&#8243;][vc_column_text] Ceinture coussin\u00e9e [\/vc_column_text][vc_column_text]Cette courroie permet un bon alignement du bassin. Elle est munie d\u2019un plastron de N\u00e9opr\u00e8ne qui assure une bonne r\u00e9partition de la pression exerc\u00e9e. Disponible pour enfants et adulte.[\/vc_column_text][\/vc_column][\/vc_row][vc_row el_class=&#8221;btn-file-group&#8221; id_attribute=&#8221;video&#8221;][vc_column][vc_column_text] Documentation [\/vc_column_text][\/vc_column][\/vc_row]<\/p>\n <p><a class=\"read-more btn btn-primary btn-lg\" href=\"https:\/\/www.physipro.com\/fr\/produit\/ceinture-coussinee-2\/\">Lire la suite<\/a><\/p>","protected":false},"featured_media":23133,"comment_status":"open","ping_status":"closed","template":"","meta":{"_acf_changed":false},"product_cat":[45],"product_tag":[],"class_list":{"0":"post-2389","1":"product","2":"type-product","3":"status-publish","4":"has-post-thumbnail","6":"product_cat-positionnement-pelvien-fr","8":"first","9":"instock","10":"shipping-taxable","11":"product-type-simple"},"acf":[],"yoast_head":"<!-- This site is optimized with the Yoast SEO plugin v22.3 - https:\/\/yoast.com\/wordpress\/plugins\/seo\/ -->\n<title>Ceinture coussin\u00e9e - Physipro inc.<\/title>\n<meta name=\"robots\" content=\"index, follow, max-snippet:-1, max-image-preview:large, max-video-preview:-1\" \/>\n<link rel=\"canonical\" href=\"https:\/\/www.physipro.com\/fr\/produit\/ceinture-coussinee-2\/\" \/>\n<meta property=\"og:locale\" content=\"fr_FR\" \/>\n<meta property=\"og:type\" content=\"article\" \/>\n<meta property=\"og:title\" content=\"Ceinture coussin\u00e9e - Physipro inc.\" \/>\n<meta property=\"og:description\" content=\"[vc_row css=&#8221;.vc_custom_1428346061325{padding-top: 100px !important;}&#8221;][vc_column width=&#8221;1\/2&#8243;][vc_gallery interval=&#8221;3&#8243; images=&#8221;10862,12458&#8243; img_size=&#8221;full&#8221;][\/vc_column][vc_column width=&#8221;1\/2&#8243;][vc_column_text] Ceinture coussin\u00e9e [\/vc_column_text][vc_column_text]Cette courroie permet un bon alignement du bassin. Elle est munie d\u2019un plastron de N\u00e9opr\u00e8ne qui assure une bonne r\u00e9partition de la pression exerc\u00e9e. Disponible pour enfants et adulte.[\/vc_column_text][\/vc_column][\/vc_row][vc_row el_class=&#8221;btn-file-group&#8221; id_attribute=&#8221;video&#8221;][vc_column][vc_column_text] Documentation [\/vc_column_text][\/vc_column][\/vc_row]\" \/>\n<meta property=\"og:url\" content=\"https:\/\/www.physipro.com\/fr\/produit\/ceinture-coussinee-2\/\" \/>\n<meta property=\"og:site_name\" content=\"Physipro inc.\" \/>\n<meta property=\"article:modified_time\" content=\"2022-03-14T18:46:10+00:00\" \/>\n<meta property=\"og:image\" content=\"https:\/\/www.physipro.com\/wp-content\/uploads\/coussinee_adulte_WEB-600x600-1024x1024.png\" \/>\n\t<meta property=\"og:image:width\" content=\"1024\" \/>\n\t<meta property=\"og:image:height\" content=\"1024\" \/>\n\t<meta property=\"og:image:type\" content=\"image\/png\" \/>\n<meta name=\"twitter:label1\" content=\"Dur\u00e9e de lecture estim\u00e9e\" \/>\n\t<meta name=\"twitter:data1\" content=\"1 minute\" \/>\n<script type=\"application\/ld+json\" class=\"yoast-schema-graph\">{\"@context\":\"https:\/\/schema.org\",\"@graph\":[{\"@type\":\"WebPage\",\"@id\":\"https:\/\/www.physipro.com\/fr\/produit\/ceinture-coussinee-2\/\",\"url\":\"https:\/\/www.physipro.com\/fr\/produit\/ceinture-coussinee-2\/\",\"name\":\"Ceinture coussin\u00e9e - Physipro inc.\",\"isPartOf\":{\"@id\":\"https:\/\/www.physipro.com\/#website\"},\"primaryImageOfPage\":{\"@id\":\"https:\/\/www.physipro.com\/fr\/produit\/ceinture-coussinee-2\/#primaryimage\"},\"image\":{\"@id\":\"https:\/\/www.physipro.com\/fr\/produit\/ceinture-coussinee-2\/#primaryimage\"},\"thumbnailUrl\":\"https:\/\/www.physipro.com\/wp-content\/uploads\/coussinee_adulte_WEB-600x600.png\",\"datePublished\":\"2015-03-13T12:07:34+00:00\",\"dateModified\":\"2022-03-14T18:46:10+00:00\",\"breadcrumb\":{\"@id\":\"https:\/\/www.physipro.com\/fr\/produit\/ceinture-coussinee-2\/#breadcrumb\"},\"inLanguage\":\"fr-FR\",\"potentialAction\":[{\"@type\":\"ReadAction\",\"target\":[\"https:\/\/www.physipro.com\/fr\/produit\/ceinture-coussinee-2\/\"]}]},{\"@type\":\"ImageObject\",\"inLanguage\":\"fr-FR\",\"@id\":\"https:\/\/www.physipro.com\/fr\/produit\/ceinture-coussinee-2\/#primaryimage\",\"url\":\"https:\/\/www.physipro.com\/wp-content\/uploads\/coussinee_adulte_WEB-600x600.png\",\"contentUrl\":\"https:\/\/www.physipro.com\/wp-content\/uploads\/coussinee_adulte_WEB-600x600.png\",\"width\":3912,\"height\":3912},{\"@type\":\"BreadcrumbList\",\"@id\":\"https:\/\/www.physipro.com\/fr\/produit\/ceinture-coussinee-2\/#breadcrumb\",\"itemListElement\":[{\"@type\":\"ListItem\",\"position\":1,\"name\":\"Accueil\",\"item\":\"https:\/\/www.physipro.com\/fr\/\"},{\"@type\":\"ListItem\",\"position\":2,\"name\":\"Boutique\",\"item\":\"https:\/\/www.physipro.com\/fr\/boutique\/\"},{\"@type\":\"ListItem\",\"position\":3,\"name\":\"Ceinture coussin\u00e9e\"}]},{\"@type\":\"WebSite\",\"@id\":\"https:\/\/www.physipro.com\/#website\",\"url\":\"https:\/\/www.physipro.com\/\",\"name\":\"Physipro inc.\",\"description\":\"Un site utilisant WordPress\",\"potentialAction\":[{\"@type\":\"SearchAction\",\"target\":{\"@type\":\"EntryPoint\",\"urlTemplate\":\"https:\/\/www.physipro.com\/?s={search_term_string}\"},\"query-input\":\"required name=search_term_string\"}],\"inLanguage\":\"fr-FR\"}]}<\/script>\n<!-- \/ Yoast SEO plugin. -->","yoast_head_json":{"title":"Ceinture coussin\u00e9e - Physipro inc.","robots":{"index":"index","follow":"follow","max-snippet":"max-snippet:-1","max-image-preview":"max-image-preview:large","max-video-preview":"max-video-preview:-1"},"canonical":"https:\/\/www.physipro.com\/fr\/produit\/ceinture-coussinee-2\/","og_locale":"fr_FR","og_type":"article","og_title":"Ceinture coussin\u00e9e - Physipro inc.","og_description":"[vc_row css=&#8221;.vc_custom_1428346061325{padding-top: 100px !important;}&#8221;][vc_column width=&#8221;1\/2&#8243;][vc_gallery interval=&#8221;3&#8243; images=&#8221;10862,12458&#8243; img_size=&#8221;full&#8221;][\/vc_column][vc_column width=&#8221;1\/2&#8243;][vc_column_text] Ceinture coussin\u00e9e [\/vc_column_text][vc_column_text]Cette courroie permet un bon alignement du bassin. Elle est munie d\u2019un plastron de N\u00e9opr\u00e8ne qui assure une bonne r\u00e9partition de la pression exerc\u00e9e. Disponible pour enfants et adulte.[\/vc_column_text][\/vc_column][\/vc_row][vc_row el_class=&#8221;btn-file-group&#8221; id_attribute=&#8221;video&#8221;][vc_column][vc_column_text] Documentation [\/vc_column_text][\/vc_column][\/vc_row]","og_url":"https:\/\/www.physipro.com\/fr\/produit\/ceinture-coussinee-2\/","og_site_name":"Physipro inc.","article_modified_time":"2022-03-14T18:46:10+00:00","og_image":[{"width":1024,"height":1024,"url":"https:\/\/www.physipro.com\/wp-content\/uploads\/coussinee_adulte_WEB-600x600-1024x1024.png","type":"image\/png"}],"twitter_misc":{"Dur\u00e9e de lecture estim\u00e9e":"1 minute"},"schema":{"@context":"https:\/\/schema.org","@graph":[{"@type":"WebPage","@id":"https:\/\/www.physipro.com\/fr\/produit\/ceinture-coussinee-2\/","url":"https:\/\/www.physipro.com\/fr\/produit\/ceinture-coussinee-2\/","name":"Ceinture coussin\u00e9e - Physipro inc.","isPartOf":{"@id":"https:\/\/www.physipro.com\/#website"},"primaryImageOfPage":{"@id":"https:\/\/www.physipro.com\/fr\/produit\/ceinture-coussinee-2\/#primaryimage"},"image":{"@id":"https:\/\/www.physipro.com\/fr\/produit\/ceinture-coussinee-2\/#primaryimage"},"thumbnailUrl":"https:\/\/www.physipro.com\/wp-content\/uploads\/coussinee_adulte_WEB-600x600.png","datePublished":"2015-03-13T12:07:34+00:00","dateModified":"2022-03-14T18:46:10+00:00","breadcrumb":{"@id":"https:\/\/www.physipro.com\/fr\/produit\/ceinture-coussinee-2\/#breadcrumb"},"inLanguage":"fr-FR","potentialAction":[{"@type":"ReadAction","target":["https:\/\/www.physipro.com\/fr\/produit\/ceinture-coussinee-2\/"]}]},{"@type":"ImageObject","inLanguage":"fr-FR","@id":"https:\/\/www.physipro.com\/fr\/produit\/ceinture-coussinee-2\/#primaryimage","url":"https:\/\/www.physipro.com\/wp-content\/uploads\/coussinee_adulte_WEB-600x600.png","contentUrl":"https:\/\/www.physipro.com\/wp-content\/uploads\/coussinee_adulte_WEB-600x600.png","width":3912,"height":3912},{"@type":"BreadcrumbList","@id":"https:\/\/www.physipro.com\/fr\/produit\/ceinture-coussinee-2\/#breadcrumb","itemListElement":[{"@type":"ListItem","position":1,"name":"Accueil","item":"https:\/\/www.physipro.com\/fr\/"},{"@type":"ListItem","position":2,"name":"Boutique","item":"https:\/\/www.physipro.com\/fr\/boutique\/"},{"@type":"ListItem","position":3,"name":"Ceinture coussin\u00e9e"}]},{"@type":"WebSite","@id":"https:\/\/www.physipro.com\/#website","url":"https:\/\/www.physipro.com\/","name":"Physipro inc.","description":"Un site utilisant WordPress","potentialAction":[{"@type":"SearchAction","target":{"@type":"EntryPoint","urlTemplate":"https:\/\/www.physipro.com\/?s={search_term_string}"},"query-input":"required name=search_term_string"}],"inLanguage":"fr-FR"}]}},"_links":{"self":[{"href":"https:\/\/www.physipro.com\/fr\/wp-json\/wp\/v2\/product\/2389","targetHints":{"allow":["GET"]}}],"collection":[{"href":"https:\/\/www.physipro.com\/fr\/wp-json\/wp\/v2\/product"}],"about":[{"href":"https:\/\/www.physipro.com\/fr\/wp-json\/wp\/v2\/types\/product"}],"replies":[{"embeddable":true,"href":"https:\/\/www.physipro.com\/fr\/wp-json\/wp\/v2\/comments?post=2389"}],"wp:featuredmedia":[{"embeddable":true,"href":"https:\/\/www.physipro.com\/fr\/wp-json\/wp\/v2\/media\/23133"}],"wp:attachment":[{"href":"https:\/\/www.physipro.com\/fr\/wp-json\/wp\/v2\/media?parent=2389"}],"wp:term":[{"taxonomy":"product_cat","embeddable":true,"href":"https:\/\/www.physipro.com\/fr\/wp-json\/wp\/v2\/product_cat?post=2389"},{"taxonomy":"product_tag","embeddable":true,"href":"https:\/\/www.physipro.com\/fr\/wp-json\/wp\/v2\/product_tag?post=2389"}],"curies":[{"name":"wp","href":"https:\/\/api.w.org\/{rel}","templated":true}]}}