{"id":2425,"date":"2015-03-13T12:39:50","date_gmt":"2015-03-13T12:45:21","guid":{"rendered":"https:\/\/www.physipro.com\/?post_type=product&#038;p=2425"},"modified":"2022-03-14T18:54:18","modified_gmt":"2022-03-14T18:54:18","slug":"courroie-velcro-metal-barette-metal-fr","status":"publish","type":"product","link":"https:\/\/www.physipro.com\/fr\/produit\/courroie-velcro-metal-barette-metal-fr\/","title":{"rendered":"Courroie avec attache velcro et barrette de m\u00e9tal"},"content":{"rendered":"<div class=\"wpb-content-wrapper\"><p>[vc_row css=&#8221;.vc_custom_1428347039651{padding-top: 100px !important;}&#8221;][vc_column width=&#8221;1\/2&#8243;][vc_single_image image=&#8221;10884&#8243; alignment=&#8221;center&#8221;][\/vc_column][vc_column width=&#8221;1\/2&#8243;][vc_column_text]<\/p>\n<h2>Courroie avec attache velcro et barrette de m\u00e9tal<\/h2>\n<p>[\/vc_column_text][vc_column_text]Cette courroie de velcro est tr\u00e8s efficace pour corriger une rotation du bassin. Par exemple, lors d\u2019une rotation vers la droite, la partie se terminant par la barrette de m\u00e9tal sera plus courte et plac\u00e9e du c\u00f4t\u00e9 gauche, et un plastron sera n\u00e9cessaire pour bien r\u00e9partir la pression.[\/vc_column_text][\/vc_column][\/vc_row][vc_row el_class=&#8221;btn-file-group&#8221; id_attribute=&#8221;video&#8221;][vc_column]<a href=\"https:\/\/www.physipro.com\/wp-content\/uploads\/2015\/04\/BDC-2026-Ceintures-Plastron-Harnais-clic.pdf\" target=\"_blank\"class=\"btn btn-default btn-lg\"><i class=\"fa fa- fa-lg\"><\/i> <span>Bon de commande<\/span><\/a>[\/vc_column][\/vc_row]<\/p>\n<\/div>","protected":false},"excerpt":{"rendered":"<p>[vc_row css=&#8221;.vc_custom_1428347039651{padding-top: 100px !important;}&#8221;][vc_column width=&#8221;1\/2&#8243;][vc_single_image image=&#8221;10884&#8243; alignment=&#8221;center&#8221;][\/vc_column][vc_column width=&#8221;1\/2&#8243;][vc_column_text] Courroie avec attache velcro et barrette de m\u00e9tal [\/vc_column_text][vc_column_text]Cette courroie de velcro est tr\u00e8s efficace pour corriger une rotation du bassin. Par exemple, lors d\u2019une rotation vers la droite, la partie se terminant par la barrette de m\u00e9tal sera plus courte et&#8230;<\/p>\n <p><a class=\"read-more btn btn-primary btn-lg\" href=\"https:\/\/www.physipro.com\/fr\/produit\/courroie-velcro-metal-barette-metal-fr\/\">Lire la suite<\/a><\/p>","protected":false},"featured_media":2414,"comment_status":"open","ping_status":"closed","template":"","meta":{"_acf_changed":false},"product_cat":[45],"product_tag":[],"class_list":{"0":"post-2425","1":"product","2":"type-product","3":"status-publish","4":"has-post-thumbnail","6":"product_cat-positionnement-pelvien-fr","8":"first","9":"instock","10":"shipping-taxable","11":"product-type-simple"},"acf":[],"yoast_head":"<!-- This site is optimized with the Yoast SEO plugin v22.3 - https:\/\/yoast.com\/wordpress\/plugins\/seo\/ -->\n<title>Courroie avec attache velcro et barrette de m\u00e9tal - Physipro inc.<\/title>\n<meta name=\"robots\" content=\"index, follow, max-snippet:-1, max-image-preview:large, max-video-preview:-1\" \/>\n<link rel=\"canonical\" href=\"https:\/\/www.physipro.com\/fr\/produit\/courroie-velcro-metal-barette-metal-fr\/\" \/>\n<meta property=\"og:locale\" content=\"fr_FR\" \/>\n<meta property=\"og:type\" content=\"article\" \/>\n<meta property=\"og:title\" content=\"Courroie avec attache velcro et barrette de m\u00e9tal - Physipro inc.\" \/>\n<meta property=\"og:description\" content=\"[vc_row css=&#8221;.vc_custom_1428347039651{padding-top: 100px !important;}&#8221;][vc_column width=&#8221;1\/2&#8243;][vc_single_image image=&#8221;10884&#8243; alignment=&#8221;center&#8221;][\/vc_column][vc_column width=&#8221;1\/2&#8243;][vc_column_text] Courroie avec attache velcro et barrette de m\u00e9tal [\/vc_column_text][vc_column_text]Cette courroie de velcro est tr\u00e8s efficace pour corriger une rotation du bassin. Par exemple, lors d\u2019une rotation vers la droite, la partie se terminant par la barrette de m\u00e9tal sera plus courte et...\" \/>\n<meta property=\"og:url\" content=\"https:\/\/www.physipro.com\/fr\/produit\/courroie-velcro-metal-barette-metal-fr\/\" \/>\n<meta property=\"og:site_name\" content=\"Physipro inc.\" \/>\n<meta property=\"article:modified_time\" content=\"2022-03-14T18:54:18+00:00\" \/>\n<meta property=\"og:image\" content=\"https:\/\/www.physipro.com\/wp-content\/uploads\/2015\/03\/courroievelcrometal.png\" \/>\n\t<meta property=\"og:image:width\" content=\"300\" \/>\n\t<meta property=\"og:image:height\" content=\"174\" \/>\n\t<meta property=\"og:image:type\" content=\"image\/png\" \/>\n<meta name=\"twitter:label1\" content=\"Dur\u00e9e de lecture estim\u00e9e\" \/>\n\t<meta name=\"twitter:data1\" content=\"1 minute\" \/>\n<script type=\"application\/ld+json\" class=\"yoast-schema-graph\">{\"@context\":\"https:\/\/schema.org\",\"@graph\":[{\"@type\":\"WebPage\",\"@id\":\"https:\/\/www.physipro.com\/fr\/produit\/courroie-velcro-metal-barette-metal-fr\/\",\"url\":\"https:\/\/www.physipro.com\/fr\/produit\/courroie-velcro-metal-barette-metal-fr\/\",\"name\":\"Courroie avec attache velcro et barrette de m\u00e9tal - Physipro inc.\",\"isPartOf\":{\"@id\":\"https:\/\/www.physipro.com\/#website\"},\"primaryImageOfPage\":{\"@id\":\"https:\/\/www.physipro.com\/fr\/produit\/courroie-velcro-metal-barette-metal-fr\/#primaryimage\"},\"image\":{\"@id\":\"https:\/\/www.physipro.com\/fr\/produit\/courroie-velcro-metal-barette-metal-fr\/#primaryimage\"},\"thumbnailUrl\":\"https:\/\/www.physipro.com\/wp-content\/uploads\/2015\/03\/courroievelcrometal.png\",\"datePublished\":\"2015-03-13T12:45:21+00:00\",\"dateModified\":\"2022-03-14T18:54:18+00:00\",\"breadcrumb\":{\"@id\":\"https:\/\/www.physipro.com\/fr\/produit\/courroie-velcro-metal-barette-metal-fr\/#breadcrumb\"},\"inLanguage\":\"fr-FR\",\"potentialAction\":[{\"@type\":\"ReadAction\",\"target\":[\"https:\/\/www.physipro.com\/fr\/produit\/courroie-velcro-metal-barette-metal-fr\/\"]}]},{\"@type\":\"ImageObject\",\"inLanguage\":\"fr-FR\",\"@id\":\"https:\/\/www.physipro.com\/fr\/produit\/courroie-velcro-metal-barette-metal-fr\/#primaryimage\",\"url\":\"https:\/\/www.physipro.com\/wp-content\/uploads\/2015\/03\/courroievelcrometal.png\",\"contentUrl\":\"https:\/\/www.physipro.com\/wp-content\/uploads\/2015\/03\/courroievelcrometal.png\",\"width\":300,\"height\":174},{\"@type\":\"BreadcrumbList\",\"@id\":\"https:\/\/www.physipro.com\/fr\/produit\/courroie-velcro-metal-barette-metal-fr\/#breadcrumb\",\"itemListElement\":[{\"@type\":\"ListItem\",\"position\":1,\"name\":\"Accueil\",\"item\":\"https:\/\/www.physipro.com\/fr\/\"},{\"@type\":\"ListItem\",\"position\":2,\"name\":\"Boutique\",\"item\":\"https:\/\/www.physipro.com\/fr\/boutique\/\"},{\"@type\":\"ListItem\",\"position\":3,\"name\":\"Courroie avec attache velcro et barrette de m\u00e9tal\"}]},{\"@type\":\"WebSite\",\"@id\":\"https:\/\/www.physipro.com\/#website\",\"url\":\"https:\/\/www.physipro.com\/\",\"name\":\"Physipro inc.\",\"description\":\"Un site utilisant WordPress\",\"potentialAction\":[{\"@type\":\"SearchAction\",\"target\":{\"@type\":\"EntryPoint\",\"urlTemplate\":\"https:\/\/www.physipro.com\/?s={search_term_string}\"},\"query-input\":\"required name=search_term_string\"}],\"inLanguage\":\"fr-FR\"}]}<\/script>\n<!-- \/ Yoast SEO plugin. -->","yoast_head_json":{"title":"Courroie avec attache velcro et barrette de m\u00e9tal - Physipro inc.","robots":{"index":"index","follow":"follow","max-snippet":"max-snippet:-1","max-image-preview":"max-image-preview:large","max-video-preview":"max-video-preview:-1"},"canonical":"https:\/\/www.physipro.com\/fr\/produit\/courroie-velcro-metal-barette-metal-fr\/","og_locale":"fr_FR","og_type":"article","og_title":"Courroie avec attache velcro et barrette de m\u00e9tal - Physipro inc.","og_description":"[vc_row css=&#8221;.vc_custom_1428347039651{padding-top: 100px !important;}&#8221;][vc_column width=&#8221;1\/2&#8243;][vc_single_image image=&#8221;10884&#8243; alignment=&#8221;center&#8221;][\/vc_column][vc_column width=&#8221;1\/2&#8243;][vc_column_text] Courroie avec attache velcro et barrette de m\u00e9tal [\/vc_column_text][vc_column_text]Cette courroie de velcro est tr\u00e8s efficace pour corriger une rotation du bassin. Par exemple, lors d\u2019une rotation vers la droite, la partie se terminant par la barrette de m\u00e9tal sera plus courte et...","og_url":"https:\/\/www.physipro.com\/fr\/produit\/courroie-velcro-metal-barette-metal-fr\/","og_site_name":"Physipro inc.","article_modified_time":"2022-03-14T18:54:18+00:00","og_image":[{"width":300,"height":174,"url":"https:\/\/www.physipro.com\/wp-content\/uploads\/2015\/03\/courroievelcrometal.png","type":"image\/png"}],"twitter_misc":{"Dur\u00e9e de lecture estim\u00e9e":"1 minute"},"schema":{"@context":"https:\/\/schema.org","@graph":[{"@type":"WebPage","@id":"https:\/\/www.physipro.com\/fr\/produit\/courroie-velcro-metal-barette-metal-fr\/","url":"https:\/\/www.physipro.com\/fr\/produit\/courroie-velcro-metal-barette-metal-fr\/","name":"Courroie avec attache velcro et barrette de m\u00e9tal - Physipro inc.","isPartOf":{"@id":"https:\/\/www.physipro.com\/#website"},"primaryImageOfPage":{"@id":"https:\/\/www.physipro.com\/fr\/produit\/courroie-velcro-metal-barette-metal-fr\/#primaryimage"},"image":{"@id":"https:\/\/www.physipro.com\/fr\/produit\/courroie-velcro-metal-barette-metal-fr\/#primaryimage"},"thumbnailUrl":"https:\/\/www.physipro.com\/wp-content\/uploads\/2015\/03\/courroievelcrometal.png","datePublished":"2015-03-13T12:45:21+00:00","dateModified":"2022-03-14T18:54:18+00:00","breadcrumb":{"@id":"https:\/\/www.physipro.com\/fr\/produit\/courroie-velcro-metal-barette-metal-fr\/#breadcrumb"},"inLanguage":"fr-FR","potentialAction":[{"@type":"ReadAction","target":["https:\/\/www.physipro.com\/fr\/produit\/courroie-velcro-metal-barette-metal-fr\/"]}]},{"@type":"ImageObject","inLanguage":"fr-FR","@id":"https:\/\/www.physipro.com\/fr\/produit\/courroie-velcro-metal-barette-metal-fr\/#primaryimage","url":"https:\/\/www.physipro.com\/wp-content\/uploads\/2015\/03\/courroievelcrometal.png","contentUrl":"https:\/\/www.physipro.com\/wp-content\/uploads\/2015\/03\/courroievelcrometal.png","width":300,"height":174},{"@type":"BreadcrumbList","@id":"https:\/\/www.physipro.com\/fr\/produit\/courroie-velcro-metal-barette-metal-fr\/#breadcrumb","itemListElement":[{"@type":"ListItem","position":1,"name":"Accueil","item":"https:\/\/www.physipro.com\/fr\/"},{"@type":"ListItem","position":2,"name":"Boutique","item":"https:\/\/www.physipro.com\/fr\/boutique\/"},{"@type":"ListItem","position":3,"name":"Courroie avec attache velcro et barrette de m\u00e9tal"}]},{"@type":"WebSite","@id":"https:\/\/www.physipro.com\/#website","url":"https:\/\/www.physipro.com\/","name":"Physipro inc.","description":"Un site utilisant WordPress","potentialAction":[{"@type":"SearchAction","target":{"@type":"EntryPoint","urlTemplate":"https:\/\/www.physipro.com\/?s={search_term_string}"},"query-input":"required name=search_term_string"}],"inLanguage":"fr-FR"}]}},"_links":{"self":[{"href":"https:\/\/www.physipro.com\/fr\/wp-json\/wp\/v2\/product\/2425","targetHints":{"allow":["GET"]}}],"collection":[{"href":"https:\/\/www.physipro.com\/fr\/wp-json\/wp\/v2\/product"}],"about":[{"href":"https:\/\/www.physipro.com\/fr\/wp-json\/wp\/v2\/types\/product"}],"replies":[{"embeddable":true,"href":"https:\/\/www.physipro.com\/fr\/wp-json\/wp\/v2\/comments?post=2425"}],"wp:featuredmedia":[{"embeddable":true,"href":"https:\/\/www.physipro.com\/fr\/wp-json\/wp\/v2\/media\/2414"}],"wp:attachment":[{"href":"https:\/\/www.physipro.com\/fr\/wp-json\/wp\/v2\/media?parent=2425"}],"wp:term":[{"taxonomy":"product_cat","embeddable":true,"href":"https:\/\/www.physipro.com\/fr\/wp-json\/wp\/v2\/product_cat?post=2425"},{"taxonomy":"product_tag","embeddable":true,"href":"https:\/\/www.physipro.com\/fr\/wp-json\/wp\/v2\/product_tag?post=2425"}],"curies":[{"name":"wp","href":"https:\/\/api.w.org\/{rel}","templated":true}]}}