{"id":2562,"date":"2015-03-13T13:41:25","date_gmt":"2015-03-13T13:44:17","guid":{"rendered":"https:\/\/www.physipro.com\/?post_type=product&#038;p=2562"},"modified":"2021-05-21T15:28:39","modified_gmt":"2021-05-21T15:28:39","slug":"supportsymbio","status":"publish","type":"product","link":"https:\/\/www.physipro.com\/fr\/produit\/supportsymbio\/","title":{"rendered":"Support d&#8217;appui-t\u00eate Symbio"},"content":{"rendered":"<div class=\"wpb-content-wrapper\"><p>[vc_row full_width=&#8221;stretch_row_content&#8221; el_class=&#8221;btn-group-anchor&#8221;][vc_column]<a href=\"#video\" class=\"btn btn-default\"> <span>Documentations<\/span><\/a>[\/vc_column][\/vc_row][vc_row][vc_column width=&#8221;2\/3&#8243;][vc_gallery interval=&#8221;3&#8243; images=&#8221;2520,2510,2515&#8243; img_size=&#8221;full&#8221;][\/vc_column][vc_column width=&#8221;1\/3&#8243;][vc_single_image image=&#8221;14011&#8243;][vc_column_text]Fabriqu\u00e9 d\u2019aluminium, ce support d\u2019appui-t\u00eate offre l\u00e9g\u00e8ret\u00e9 et s\u00e9curit\u00e9, tout en permettant un r\u00e9glage de l\u2019appui dans une multitude de positions. Gr\u00e2ce \u00e0 un r\u00e9glage continu, il peut \u00eatre d\u00e9port\u00e9 en profondeur.<\/p>\n<p><strong>Ancrages<\/strong><\/p>\n<ul>\n<li>Durable<\/li>\n<li>Design esth\u00e9tique<\/li>\n<\/ul>\n<p><strong>Ancrage de fixation d\u2019appui-t\u00eate<\/strong><\/p>\n<ul>\n<li>Ajustement horizontal de 3\u00a0cm vers l\u2019avant et vers l\u2019arri\u00e8re<\/li>\n<li>Ajustement vertical de 16.50 cm<\/li>\n<li>Ajustement en axe 45 degr\u00e9s<\/li>\n<\/ul>\n<p><strong>Options d\u2019appui-t\u00eate<\/strong><\/p>\n<ul>\n<li>Durable<\/li>\n<li>Design esth\u00e9tique<\/li>\n<\/ul>\n<p><strong>Ancrage de fixation d\u2019appui-t\u00eate<\/strong><\/p>\n<ul>\n<li>Interne<\/li>\n<\/ul>\n<p>Ce syst\u00e8me rabattable et r\u00e9tractable permet de donner plus de rigidit\u00e9 aux dossiers souples des fauteuils en permettant aux tubes de dossier de conserver leur position initiale. Il s\u2019ins\u00e8re dans les tubes des poign\u00e9es du dossier.<\/p>\n<ul>\n<li>R\u00e9glable en continu de 33\u00a0cm \u00e0 51\u00a0cm<\/li>\n<li>Externe<\/li>\n<\/ul>\n<p>Simple d\u2019installation et d\u2019ajustement, ce syst\u00e8me facilement r\u00e9tractable re\u00e7oit l\u2019ancrage d\u2019un support d\u2019appui-t\u00eate sur dossier souple en permettant aux tubes du dossier de garder leur position initiale.<\/p>\n<p>R\u00e9glable en continu de 32,5\u00a0cm \u00e0 45,7\u00a0cm.[\/vc_column_text][\/vc_column][\/vc_row][vc_row id_attribute=&#8221;video&#8221; el_class=&#8221;btn-file-group&#8221;][vc_column][vc_column_text]<\/p>\n<h2>Documentations<\/h2>\n<p>[\/vc_column_text]<a href=\"https:\/\/www.physipro.com\/wp-content\/uploads\/2015\/03\/Brochure_Symbio.pdf\" target=\"_blank\"class=\"btn btn-default btn-lg\"><i class=\"fa fa-file-pdf-o fa-lg\"><\/i> <span>Brochure<\/span><\/a><a href=\"https:\/\/www.physipro.com\/wp-content\/uploads\/Manuel_Utilisation_Symbio_2022-1.pdf\" target=\"_blank\"class=\"btn btn-default btn-lg\"><i class=\"fa fa- fa-lg\"><\/i> <span>Manuel d'utilisation<\/span><\/a><a href=\"https:\/\/www.physipro.com\/wp-content\/uploads\/2015\/04\/BDC-2026-Appui-tete-Supports-clic-1.pdf\" target=\"_blank\"class=\"btn btn-default btn-lg\"><i class=\"fa fa-file-pdf-o fa-lg\"><\/i> <span>Bon de commande<\/span><\/a>[\/vc_column][\/vc_row]<\/p>\n<\/div>","protected":false},"excerpt":{"rendered":"<p>[vc_row full_width=&#8221;stretch_row_content&#8221; el_class=&#8221;btn-group-anchor&#8221;][vc_column][\/vc_column][\/vc_row][vc_row][vc_column width=&#8221;2\/3&#8243;][vc_gallery interval=&#8221;3&#8243; images=&#8221;2520,2510,2515&#8243; img_size=&#8221;full&#8221;][\/vc_column][vc_column width=&#8221;1\/3&#8243;][vc_single_image image=&#8221;14011&#8243;][vc_column_text]Fabriqu\u00e9 d\u2019aluminium, ce support d\u2019appui-t\u00eate offre l\u00e9g\u00e8ret\u00e9 et s\u00e9curit\u00e9, tout en permettant un r\u00e9glage de l\u2019appui dans une multitude de positions. Gr\u00e2ce \u00e0 un r\u00e9glage continu, il peut \u00eatre d\u00e9port\u00e9 en profondeur. Ancrages Durable Design esth\u00e9tique Ancrage de fixation d\u2019appui-t\u00eate Ajustement horizontal&#8230;<\/p>\n <p><a class=\"read-more btn btn-primary btn-lg\" href=\"https:\/\/www.physipro.com\/fr\/produit\/supportsymbio\/\">Lire la suite<\/a><\/p>","protected":false},"featured_media":22643,"comment_status":"open","ping_status":"closed","template":"","meta":{"_acf_changed":false},"product_cat":[47],"product_tag":[],"class_list":{"0":"post-2562","1":"product","2":"type-product","3":"status-publish","4":"has-post-thumbnail","6":"product_cat-positionnement-appui-tete-fr","8":"first","9":"instock","10":"shipping-taxable","11":"product-type-simple"},"acf":[],"yoast_head":"<!-- This site is optimized with the Yoast SEO plugin v22.3 - https:\/\/yoast.com\/wordpress\/plugins\/seo\/ -->\n<title>Support d&#039;appui-t\u00eate Symbio - Physipro inc.<\/title>\n<meta name=\"robots\" content=\"index, follow, max-snippet:-1, max-image-preview:large, max-video-preview:-1\" \/>\n<link rel=\"canonical\" href=\"https:\/\/www.physipro.com\/fr\/product\/supportsymbio\/\" \/>\n<meta property=\"og:locale\" content=\"fr_FR\" \/>\n<meta property=\"og:type\" content=\"article\" \/>\n<meta property=\"og:title\" content=\"Support d&#039;appui-t\u00eate Symbio - Physipro inc.\" \/>\n<meta property=\"og:description\" content=\"[vc_row full_width=&#8221;stretch_row_content&#8221; el_class=&#8221;btn-group-anchor&#8221;][vc_column][\/vc_column][\/vc_row][vc_row][vc_column width=&#8221;2\/3&#8243;][vc_gallery interval=&#8221;3&#8243; images=&#8221;2520,2510,2515&#8243; img_size=&#8221;full&#8221;][\/vc_column][vc_column width=&#8221;1\/3&#8243;][vc_single_image image=&#8221;14011&#8243;][vc_column_text]Fabriqu\u00e9 d\u2019aluminium, ce support d\u2019appui-t\u00eate offre l\u00e9g\u00e8ret\u00e9 et s\u00e9curit\u00e9, tout en permettant un r\u00e9glage de l\u2019appui dans une multitude de positions. Gr\u00e2ce \u00e0 un r\u00e9glage continu, il peut \u00eatre d\u00e9port\u00e9 en profondeur. Ancrages Durable Design esth\u00e9tique Ancrage de fixation d\u2019appui-t\u00eate Ajustement horizontal...\" \/>\n<meta property=\"og:url\" content=\"https:\/\/www.physipro.com\/fr\/product\/supportsymbio\/\" \/>\n<meta property=\"og:site_name\" content=\"Physipro inc.\" \/>\n<meta property=\"article:modified_time\" content=\"2021-05-21T15:28:39+00:00\" \/>\n<meta property=\"og:image\" content=\"https:\/\/www.physipro.com\/wp-content\/uploads\/symbio_600x600.png\" \/>\n\t<meta property=\"og:image:width\" content=\"600\" \/>\n\t<meta property=\"og:image:height\" content=\"600\" \/>\n\t<meta property=\"og:image:type\" content=\"image\/png\" \/>\n<meta name=\"twitter:label1\" content=\"Dur\u00e9e de lecture estim\u00e9e\" \/>\n\t<meta name=\"twitter:data1\" content=\"1 minute\" \/>\n<script type=\"application\/ld+json\" class=\"yoast-schema-graph\">{\"@context\":\"https:\/\/schema.org\",\"@graph\":[{\"@type\":\"WebPage\",\"@id\":\"https:\/\/www.physipro.com\/fr\/product\/supportsymbio\/\",\"url\":\"https:\/\/www.physipro.com\/fr\/product\/supportsymbio\/\",\"name\":\"Support d'appui-t\u00eate Symbio - Physipro inc.\",\"isPartOf\":{\"@id\":\"https:\/\/www.physipro.com\/#website\"},\"primaryImageOfPage\":{\"@id\":\"https:\/\/www.physipro.com\/fr\/product\/supportsymbio\/#primaryimage\"},\"image\":{\"@id\":\"https:\/\/www.physipro.com\/fr\/product\/supportsymbio\/#primaryimage\"},\"thumbnailUrl\":\"https:\/\/www.physipro.com\/wp-content\/uploads\/symbio_600x600.png\",\"datePublished\":\"2015-03-13T13:44:17+00:00\",\"dateModified\":\"2021-05-21T15:28:39+00:00\",\"breadcrumb\":{\"@id\":\"https:\/\/www.physipro.com\/fr\/product\/supportsymbio\/#breadcrumb\"},\"inLanguage\":\"fr-FR\",\"potentialAction\":[{\"@type\":\"ReadAction\",\"target\":[\"https:\/\/www.physipro.com\/fr\/product\/supportsymbio\/\"]}]},{\"@type\":\"ImageObject\",\"inLanguage\":\"fr-FR\",\"@id\":\"https:\/\/www.physipro.com\/fr\/product\/supportsymbio\/#primaryimage\",\"url\":\"https:\/\/www.physipro.com\/wp-content\/uploads\/symbio_600x600.png\",\"contentUrl\":\"https:\/\/www.physipro.com\/wp-content\/uploads\/symbio_600x600.png\",\"width\":600,\"height\":600},{\"@type\":\"BreadcrumbList\",\"@id\":\"https:\/\/www.physipro.com\/fr\/product\/supportsymbio\/#breadcrumb\",\"itemListElement\":[{\"@type\":\"ListItem\",\"position\":1,\"name\":\"Accueil\",\"item\":\"https:\/\/www.physipro.com\/fr\/\"},{\"@type\":\"ListItem\",\"position\":2,\"name\":\"Boutique\",\"item\":\"https:\/\/www.physipro.com\/fr\/boutique\/\"},{\"@type\":\"ListItem\",\"position\":3,\"name\":\"Support d&#8217;appui-t\u00eate Symbio\"}]},{\"@type\":\"WebSite\",\"@id\":\"https:\/\/www.physipro.com\/#website\",\"url\":\"https:\/\/www.physipro.com\/\",\"name\":\"Physipro inc.\",\"description\":\"Un site utilisant WordPress\",\"potentialAction\":[{\"@type\":\"SearchAction\",\"target\":{\"@type\":\"EntryPoint\",\"urlTemplate\":\"https:\/\/www.physipro.com\/?s={search_term_string}\"},\"query-input\":\"required name=search_term_string\"}],\"inLanguage\":\"fr-FR\"}]}<\/script>\n<!-- \/ Yoast SEO plugin. -->","yoast_head_json":{"title":"Support d'appui-t\u00eate Symbio - Physipro inc.","robots":{"index":"index","follow":"follow","max-snippet":"max-snippet:-1","max-image-preview":"max-image-preview:large","max-video-preview":"max-video-preview:-1"},"canonical":"https:\/\/www.physipro.com\/fr\/product\/supportsymbio\/","og_locale":"fr_FR","og_type":"article","og_title":"Support d'appui-t\u00eate Symbio - Physipro inc.","og_description":"[vc_row full_width=&#8221;stretch_row_content&#8221; el_class=&#8221;btn-group-anchor&#8221;][vc_column][\/vc_column][\/vc_row][vc_row][vc_column width=&#8221;2\/3&#8243;][vc_gallery interval=&#8221;3&#8243; images=&#8221;2520,2510,2515&#8243; img_size=&#8221;full&#8221;][\/vc_column][vc_column width=&#8221;1\/3&#8243;][vc_single_image image=&#8221;14011&#8243;][vc_column_text]Fabriqu\u00e9 d\u2019aluminium, ce support d\u2019appui-t\u00eate offre l\u00e9g\u00e8ret\u00e9 et s\u00e9curit\u00e9, tout en permettant un r\u00e9glage de l\u2019appui dans une multitude de positions. Gr\u00e2ce \u00e0 un r\u00e9glage continu, il peut \u00eatre d\u00e9port\u00e9 en profondeur. Ancrages Durable Design esth\u00e9tique Ancrage de fixation d\u2019appui-t\u00eate Ajustement horizontal...","og_url":"https:\/\/www.physipro.com\/fr\/product\/supportsymbio\/","og_site_name":"Physipro inc.","article_modified_time":"2021-05-21T15:28:39+00:00","og_image":[{"width":600,"height":600,"url":"https:\/\/www.physipro.com\/wp-content\/uploads\/symbio_600x600.png","type":"image\/png"}],"twitter_misc":{"Dur\u00e9e de lecture estim\u00e9e":"1 minute"},"schema":{"@context":"https:\/\/schema.org","@graph":[{"@type":"WebPage","@id":"https:\/\/www.physipro.com\/fr\/product\/supportsymbio\/","url":"https:\/\/www.physipro.com\/fr\/product\/supportsymbio\/","name":"Support d'appui-t\u00eate Symbio - Physipro inc.","isPartOf":{"@id":"https:\/\/www.physipro.com\/#website"},"primaryImageOfPage":{"@id":"https:\/\/www.physipro.com\/fr\/product\/supportsymbio\/#primaryimage"},"image":{"@id":"https:\/\/www.physipro.com\/fr\/product\/supportsymbio\/#primaryimage"},"thumbnailUrl":"https:\/\/www.physipro.com\/wp-content\/uploads\/symbio_600x600.png","datePublished":"2015-03-13T13:44:17+00:00","dateModified":"2021-05-21T15:28:39+00:00","breadcrumb":{"@id":"https:\/\/www.physipro.com\/fr\/product\/supportsymbio\/#breadcrumb"},"inLanguage":"fr-FR","potentialAction":[{"@type":"ReadAction","target":["https:\/\/www.physipro.com\/fr\/product\/supportsymbio\/"]}]},{"@type":"ImageObject","inLanguage":"fr-FR","@id":"https:\/\/www.physipro.com\/fr\/product\/supportsymbio\/#primaryimage","url":"https:\/\/www.physipro.com\/wp-content\/uploads\/symbio_600x600.png","contentUrl":"https:\/\/www.physipro.com\/wp-content\/uploads\/symbio_600x600.png","width":600,"height":600},{"@type":"BreadcrumbList","@id":"https:\/\/www.physipro.com\/fr\/product\/supportsymbio\/#breadcrumb","itemListElement":[{"@type":"ListItem","position":1,"name":"Accueil","item":"https:\/\/www.physipro.com\/fr\/"},{"@type":"ListItem","position":2,"name":"Boutique","item":"https:\/\/www.physipro.com\/fr\/boutique\/"},{"@type":"ListItem","position":3,"name":"Support d&#8217;appui-t\u00eate Symbio"}]},{"@type":"WebSite","@id":"https:\/\/www.physipro.com\/#website","url":"https:\/\/www.physipro.com\/","name":"Physipro inc.","description":"Un site utilisant WordPress","potentialAction":[{"@type":"SearchAction","target":{"@type":"EntryPoint","urlTemplate":"https:\/\/www.physipro.com\/?s={search_term_string}"},"query-input":"required name=search_term_string"}],"inLanguage":"fr-FR"}]}},"_links":{"self":[{"href":"https:\/\/www.physipro.com\/fr\/wp-json\/wp\/v2\/product\/2562","targetHints":{"allow":["GET"]}}],"collection":[{"href":"https:\/\/www.physipro.com\/fr\/wp-json\/wp\/v2\/product"}],"about":[{"href":"https:\/\/www.physipro.com\/fr\/wp-json\/wp\/v2\/types\/product"}],"replies":[{"embeddable":true,"href":"https:\/\/www.physipro.com\/fr\/wp-json\/wp\/v2\/comments?post=2562"}],"wp:featuredmedia":[{"embeddable":true,"href":"https:\/\/www.physipro.com\/fr\/wp-json\/wp\/v2\/media\/22643"}],"wp:attachment":[{"href":"https:\/\/www.physipro.com\/fr\/wp-json\/wp\/v2\/media?parent=2562"}],"wp:term":[{"taxonomy":"product_cat","embeddable":true,"href":"https:\/\/www.physipro.com\/fr\/wp-json\/wp\/v2\/product_cat?post=2562"},{"taxonomy":"product_tag","embeddable":true,"href":"https:\/\/www.physipro.com\/fr\/wp-json\/wp\/v2\/product_tag?post=2562"}],"curies":[{"name":"wp","href":"https:\/\/api.w.org\/{rel}","templated":true}]}}