{"id":2605,"date":"2015-03-13T14:02:49","date_gmt":"2015-03-13T14:04:22","guid":{"rendered":"https:\/\/www.physipro.com\/?post_type=product&#038;p=2605"},"modified":"2021-05-21T15:39:11","modified_gmt":"2021-05-21T15:39:11","slug":"support-dappui-tete-droit-multireglable","status":"publish","type":"product","link":"https:\/\/www.physipro.com\/fr\/produit\/support-dappui-tete-droit-multireglable\/","title":{"rendered":"Support d\u2019appui-t\u00eate droit multir\u00e9glable"},"content":{"rendered":"<div class=\"wpb-content-wrapper\"><p>[vc_row full_width=&#8221;stretch_row_content&#8221; el_class=&#8221;btn-group-anchor&#8221;][vc_column]<a href=\"#video\" class=\"btn btn-default\"> <span>Documentations<\/span><\/a>[\/vc_column][\/vc_row][vc_row][vc_column width=&#8221;1\/2&#8243;][vc_single_image image=&#8221;12687&#8243; img_size=&#8221;300&#215;375&#8243; alignment=&#8221;center&#8221;][\/vc_column][vc_column width=&#8221;1\/2&#8243;][vc_column_text]<\/p>\n<h2>Support d\u2019appui-t\u00eate droit multir\u00e9glable<\/h2>\n<p>[\/vc_column_text][vc_column_text]Con\u00e7u d\u2019aluminium, ce m\u00e9canisme permet l\u2019ajustement de l\u2019appui-t\u00eate en hauteur et \u00e0 angle multiple. Une poign\u00e9e de serrage en \u00ab T \u00bb permet un r\u00e9glage rapide de la profondeur.<\/p>\n<p>&nbsp;<\/p>\n<p>&nbsp;<\/p>\n<p>&nbsp;<\/p>\n<p>&nbsp;<\/p>\n<p>&nbsp;<\/p>\n<p>[\/vc_column_text][\/vc_column][\/vc_row][vc_row id_attribute=&#8221;video&#8221; el_class=&#8221;btn-file-group&#8221;][vc_column][vc_column_text]<\/p>\n<h2>Documentations<\/h2>\n<p>[\/vc_column_text]<a href=\"https:\/\/www.physipro.com\/wp-content\/uploads\/Manuel_Utilisation_Support_dappui_tete_multireglable.pdf\" target=\"_blank\"class=\"btn btn-default btn-lg\"><i class=\"fa fa- fa-lg\"><\/i> <span>Manuel d'utilisation<\/span><\/a><a href=\"https:\/\/www.physipro.com\/wp-content\/uploads\/2015\/04\/BDC-2026-Appui-tete-Supports-clic-1.pdf\" target=\"_blank\"class=\"btn btn-default btn-lg\"><i class=\"fa fa-file-pdf-o fa-lg\"><\/i> <span>Bon de commande<\/span><\/a>[\/vc_column][\/vc_row]<\/p>\n<\/div>","protected":false},"excerpt":{"rendered":"<p>[vc_row full_width=&#8221;stretch_row_content&#8221; el_class=&#8221;btn-group-anchor&#8221;][vc_column][\/vc_column][\/vc_row][vc_row][vc_column width=&#8221;1\/2&#8243;][vc_single_image image=&#8221;12687&#8243; img_size=&#8221;300&#215;375&#8243; alignment=&#8221;center&#8221;][\/vc_column][vc_column width=&#8221;1\/2&#8243;][vc_column_text] Support d\u2019appui-t\u00eate droit multir\u00e9glable [\/vc_column_text][vc_column_text]Con\u00e7u d\u2019aluminium, ce m\u00e9canisme permet l\u2019ajustement de l\u2019appui-t\u00eate en hauteur et \u00e0 angle multiple. Une poign\u00e9e de serrage en \u00ab T \u00bb permet un r\u00e9glage rapide de la profondeur. &nbsp; &nbsp; &nbsp; &nbsp; &nbsp; [\/vc_column_text][\/vc_column][\/vc_row][vc_row id_attribute=&#8221;video&#8221; el_class=&#8221;btn-file-group&#8221;][vc_column][vc_column_text] Documentations&#8230;<\/p>\n <p><a class=\"read-more btn btn-primary btn-lg\" href=\"https:\/\/www.physipro.com\/fr\/produit\/support-dappui-tete-droit-multireglable\/\">Lire la suite<\/a><\/p>","protected":false},"featured_media":22648,"comment_status":"open","ping_status":"closed","template":"","meta":{"_acf_changed":false},"product_cat":[47],"product_tag":[],"class_list":{"0":"post-2605","1":"product","2":"type-product","3":"status-publish","4":"has-post-thumbnail","6":"product_cat-positionnement-appui-tete-fr","8":"first","9":"instock","10":"shipping-taxable","11":"product-type-simple"},"acf":[],"yoast_head":"<!-- This site is optimized with the Yoast SEO plugin v22.3 - https:\/\/yoast.com\/wordpress\/plugins\/seo\/ -->\n<title>Support d\u2019appui-t\u00eate droit multir\u00e9glable - Physipro inc.<\/title>\n<meta name=\"robots\" content=\"index, follow, max-snippet:-1, max-image-preview:large, max-video-preview:-1\" \/>\n<link rel=\"canonical\" href=\"https:\/\/www.physipro.com\/fr\/product\/support-dappui-tete-droit-multireglable\/\" \/>\n<meta property=\"og:locale\" content=\"fr_FR\" \/>\n<meta property=\"og:type\" content=\"article\" \/>\n<meta property=\"og:title\" content=\"Support d\u2019appui-t\u00eate droit multir\u00e9glable - Physipro inc.\" \/>\n<meta property=\"og:description\" content=\"[vc_row full_width=&#8221;stretch_row_content&#8221; el_class=&#8221;btn-group-anchor&#8221;][vc_column][\/vc_column][\/vc_row][vc_row][vc_column width=&#8221;1\/2&#8243;][vc_single_image image=&#8221;12687&#8243; img_size=&#8221;300&#215;375&#8243; alignment=&#8221;center&#8221;][\/vc_column][vc_column width=&#8221;1\/2&#8243;][vc_column_text] Support d\u2019appui-t\u00eate droit multir\u00e9glable [\/vc_column_text][vc_column_text]Con\u00e7u d\u2019aluminium, ce m\u00e9canisme permet l\u2019ajustement de l\u2019appui-t\u00eate en hauteur et \u00e0 angle multiple. Une poign\u00e9e de serrage en \u00ab T \u00bb permet un r\u00e9glage rapide de la profondeur. &nbsp; &nbsp; &nbsp; &nbsp; &nbsp; [\/vc_column_text][\/vc_column][\/vc_row][vc_row id_attribute=&#8221;video&#8221; el_class=&#8221;btn-file-group&#8221;][vc_column][vc_column_text] Documentations...\" \/>\n<meta property=\"og:url\" content=\"https:\/\/www.physipro.com\/fr\/product\/support-dappui-tete-droit-multireglable\/\" \/>\n<meta property=\"og:site_name\" content=\"Physipro inc.\" \/>\n<meta property=\"article:modified_time\" content=\"2021-05-21T15:39:11+00:00\" \/>\n<meta property=\"og:image\" content=\"https:\/\/www.physipro.com\/wp-content\/uploads\/SUPPORT_multi_droit_600x600.png\" \/>\n\t<meta property=\"og:image:width\" content=\"600\" \/>\n\t<meta property=\"og:image:height\" content=\"600\" \/>\n\t<meta property=\"og:image:type\" content=\"image\/png\" \/>\n<meta name=\"twitter:label1\" content=\"Dur\u00e9e de lecture estim\u00e9e\" \/>\n\t<meta name=\"twitter:data1\" content=\"1 minute\" \/>\n<script type=\"application\/ld+json\" class=\"yoast-schema-graph\">{\"@context\":\"https:\/\/schema.org\",\"@graph\":[{\"@type\":\"WebPage\",\"@id\":\"https:\/\/www.physipro.com\/fr\/product\/support-dappui-tete-droit-multireglable\/\",\"url\":\"https:\/\/www.physipro.com\/fr\/product\/support-dappui-tete-droit-multireglable\/\",\"name\":\"Support d\u2019appui-t\u00eate droit multir\u00e9glable - Physipro inc.\",\"isPartOf\":{\"@id\":\"https:\/\/www.physipro.com\/#website\"},\"primaryImageOfPage\":{\"@id\":\"https:\/\/www.physipro.com\/fr\/product\/support-dappui-tete-droit-multireglable\/#primaryimage\"},\"image\":{\"@id\":\"https:\/\/www.physipro.com\/fr\/product\/support-dappui-tete-droit-multireglable\/#primaryimage\"},\"thumbnailUrl\":\"https:\/\/www.physipro.com\/wp-content\/uploads\/SUPPORT_multi_droit_600x600.png\",\"datePublished\":\"2015-03-13T14:04:22+00:00\",\"dateModified\":\"2021-05-21T15:39:11+00:00\",\"breadcrumb\":{\"@id\":\"https:\/\/www.physipro.com\/fr\/product\/support-dappui-tete-droit-multireglable\/#breadcrumb\"},\"inLanguage\":\"fr-FR\",\"potentialAction\":[{\"@type\":\"ReadAction\",\"target\":[\"https:\/\/www.physipro.com\/fr\/product\/support-dappui-tete-droit-multireglable\/\"]}]},{\"@type\":\"ImageObject\",\"inLanguage\":\"fr-FR\",\"@id\":\"https:\/\/www.physipro.com\/fr\/product\/support-dappui-tete-droit-multireglable\/#primaryimage\",\"url\":\"https:\/\/www.physipro.com\/wp-content\/uploads\/SUPPORT_multi_droit_600x600.png\",\"contentUrl\":\"https:\/\/www.physipro.com\/wp-content\/uploads\/SUPPORT_multi_droit_600x600.png\",\"width\":600,\"height\":600},{\"@type\":\"BreadcrumbList\",\"@id\":\"https:\/\/www.physipro.com\/fr\/product\/support-dappui-tete-droit-multireglable\/#breadcrumb\",\"itemListElement\":[{\"@type\":\"ListItem\",\"position\":1,\"name\":\"Accueil\",\"item\":\"https:\/\/www.physipro.com\/fr\/\"},{\"@type\":\"ListItem\",\"position\":2,\"name\":\"Boutique\",\"item\":\"https:\/\/www.physipro.com\/fr\/boutique\/\"},{\"@type\":\"ListItem\",\"position\":3,\"name\":\"Support d\u2019appui-t\u00eate droit multir\u00e9glable\"}]},{\"@type\":\"WebSite\",\"@id\":\"https:\/\/www.physipro.com\/#website\",\"url\":\"https:\/\/www.physipro.com\/\",\"name\":\"Physipro inc.\",\"description\":\"Un site utilisant WordPress\",\"potentialAction\":[{\"@type\":\"SearchAction\",\"target\":{\"@type\":\"EntryPoint\",\"urlTemplate\":\"https:\/\/www.physipro.com\/?s={search_term_string}\"},\"query-input\":\"required name=search_term_string\"}],\"inLanguage\":\"fr-FR\"}]}<\/script>\n<!-- \/ Yoast SEO plugin. -->","yoast_head_json":{"title":"Support d\u2019appui-t\u00eate droit multir\u00e9glable - Physipro inc.","robots":{"index":"index","follow":"follow","max-snippet":"max-snippet:-1","max-image-preview":"max-image-preview:large","max-video-preview":"max-video-preview:-1"},"canonical":"https:\/\/www.physipro.com\/fr\/product\/support-dappui-tete-droit-multireglable\/","og_locale":"fr_FR","og_type":"article","og_title":"Support d\u2019appui-t\u00eate droit multir\u00e9glable - Physipro inc.","og_description":"[vc_row full_width=&#8221;stretch_row_content&#8221; el_class=&#8221;btn-group-anchor&#8221;][vc_column][\/vc_column][\/vc_row][vc_row][vc_column width=&#8221;1\/2&#8243;][vc_single_image image=&#8221;12687&#8243; img_size=&#8221;300&#215;375&#8243; alignment=&#8221;center&#8221;][\/vc_column][vc_column width=&#8221;1\/2&#8243;][vc_column_text] Support d\u2019appui-t\u00eate droit multir\u00e9glable [\/vc_column_text][vc_column_text]Con\u00e7u d\u2019aluminium, ce m\u00e9canisme permet l\u2019ajustement de l\u2019appui-t\u00eate en hauteur et \u00e0 angle multiple. Une poign\u00e9e de serrage en \u00ab T \u00bb permet un r\u00e9glage rapide de la profondeur. &nbsp; &nbsp; &nbsp; &nbsp; &nbsp; [\/vc_column_text][\/vc_column][\/vc_row][vc_row id_attribute=&#8221;video&#8221; el_class=&#8221;btn-file-group&#8221;][vc_column][vc_column_text] Documentations...","og_url":"https:\/\/www.physipro.com\/fr\/product\/support-dappui-tete-droit-multireglable\/","og_site_name":"Physipro inc.","article_modified_time":"2021-05-21T15:39:11+00:00","og_image":[{"width":600,"height":600,"url":"https:\/\/www.physipro.com\/wp-content\/uploads\/SUPPORT_multi_droit_600x600.png","type":"image\/png"}],"twitter_misc":{"Dur\u00e9e de lecture estim\u00e9e":"1 minute"},"schema":{"@context":"https:\/\/schema.org","@graph":[{"@type":"WebPage","@id":"https:\/\/www.physipro.com\/fr\/product\/support-dappui-tete-droit-multireglable\/","url":"https:\/\/www.physipro.com\/fr\/product\/support-dappui-tete-droit-multireglable\/","name":"Support d\u2019appui-t\u00eate droit multir\u00e9glable - Physipro inc.","isPartOf":{"@id":"https:\/\/www.physipro.com\/#website"},"primaryImageOfPage":{"@id":"https:\/\/www.physipro.com\/fr\/product\/support-dappui-tete-droit-multireglable\/#primaryimage"},"image":{"@id":"https:\/\/www.physipro.com\/fr\/product\/support-dappui-tete-droit-multireglable\/#primaryimage"},"thumbnailUrl":"https:\/\/www.physipro.com\/wp-content\/uploads\/SUPPORT_multi_droit_600x600.png","datePublished":"2015-03-13T14:04:22+00:00","dateModified":"2021-05-21T15:39:11+00:00","breadcrumb":{"@id":"https:\/\/www.physipro.com\/fr\/product\/support-dappui-tete-droit-multireglable\/#breadcrumb"},"inLanguage":"fr-FR","potentialAction":[{"@type":"ReadAction","target":["https:\/\/www.physipro.com\/fr\/product\/support-dappui-tete-droit-multireglable\/"]}]},{"@type":"ImageObject","inLanguage":"fr-FR","@id":"https:\/\/www.physipro.com\/fr\/product\/support-dappui-tete-droit-multireglable\/#primaryimage","url":"https:\/\/www.physipro.com\/wp-content\/uploads\/SUPPORT_multi_droit_600x600.png","contentUrl":"https:\/\/www.physipro.com\/wp-content\/uploads\/SUPPORT_multi_droit_600x600.png","width":600,"height":600},{"@type":"BreadcrumbList","@id":"https:\/\/www.physipro.com\/fr\/product\/support-dappui-tete-droit-multireglable\/#breadcrumb","itemListElement":[{"@type":"ListItem","position":1,"name":"Accueil","item":"https:\/\/www.physipro.com\/fr\/"},{"@type":"ListItem","position":2,"name":"Boutique","item":"https:\/\/www.physipro.com\/fr\/boutique\/"},{"@type":"ListItem","position":3,"name":"Support d\u2019appui-t\u00eate droit multir\u00e9glable"}]},{"@type":"WebSite","@id":"https:\/\/www.physipro.com\/#website","url":"https:\/\/www.physipro.com\/","name":"Physipro inc.","description":"Un site utilisant WordPress","potentialAction":[{"@type":"SearchAction","target":{"@type":"EntryPoint","urlTemplate":"https:\/\/www.physipro.com\/?s={search_term_string}"},"query-input":"required name=search_term_string"}],"inLanguage":"fr-FR"}]}},"_links":{"self":[{"href":"https:\/\/www.physipro.com\/fr\/wp-json\/wp\/v2\/product\/2605","targetHints":{"allow":["GET"]}}],"collection":[{"href":"https:\/\/www.physipro.com\/fr\/wp-json\/wp\/v2\/product"}],"about":[{"href":"https:\/\/www.physipro.com\/fr\/wp-json\/wp\/v2\/types\/product"}],"replies":[{"embeddable":true,"href":"https:\/\/www.physipro.com\/fr\/wp-json\/wp\/v2\/comments?post=2605"}],"wp:featuredmedia":[{"embeddable":true,"href":"https:\/\/www.physipro.com\/fr\/wp-json\/wp\/v2\/media\/22648"}],"wp:attachment":[{"href":"https:\/\/www.physipro.com\/fr\/wp-json\/wp\/v2\/media?parent=2605"}],"wp:term":[{"taxonomy":"product_cat","embeddable":true,"href":"https:\/\/www.physipro.com\/fr\/wp-json\/wp\/v2\/product_cat?post=2605"},{"taxonomy":"product_tag","embeddable":true,"href":"https:\/\/www.physipro.com\/fr\/wp-json\/wp\/v2\/product_tag?post=2605"}],"curies":[{"name":"wp","href":"https:\/\/api.w.org\/{rel}","templated":true}]}}